{"id":1372,"date":"2024-12-23T02:18:57","date_gmt":"2024-12-23T02:18:57","guid":{"rendered":"https:\/\/fmp-components.com\/product\/customized-double-acting-cylinder-truck-hydraulic-cylinder-for-trailer\/"},"modified":"2025-03-18T00:55:48","modified_gmt":"2025-03-18T00:55:48","slug":"customized-double-acting-cylinder-truck-hydraulic-cylinder-for-trailer","status":"publish","type":"product","link":"https:\/\/fmp-components.com\/sk\/product\/customized-double-acting-cylinder-truck-hydraulic-cylinder-for-trailer\/","title":{"rendered":"Prisp\u00f4soben\u00fd dvoj\u010dinn\u00fd hydraulick\u00fd valec pre n\u00e1kladn\u00e9 vozidl\u00e1"},"content":{"rendered":"<h2>Predstavujeme prisp\u00f4soben\u00fd dvoj\u010dinn\u00fd hydraulick\u00fd valec pre n\u00e1kladn\u00e9 vozidl\u00e1<\/h2>\n<p>Prisp\u00f4soben\u00fd dvoj\u010dinn\u00fd hydraulick\u00fd valec pre n\u00e1kladn\u00e9 vozidl\u00e1 je \u0161pi\u010dkov\u00fd produkt navrhnut\u00fd tak, aby sp\u013a\u0148al v\u0161etky va\u0161e potreby v oblasti hydraulick\u00fdch valcov. Tento valec je \u0161peci\u00e1lne prisp\u00f4soben\u00fd na pou\u017eitie na pr\u00edvesoch a poskytuje bezkonkuren\u010dn\u00fd v\u00fdkon a odolnos\u0165.<\/p>\n<p>Tento hydraulick\u00fd valec, vyroben\u00fd z vysoko kvalitn\u00fdch materi\u00e1lov a s d\u00f4razom na odborn\u00e9 spracovanie, je navrhnut\u00fd tak, aby odolal aj t\u00fdm naj\u0165a\u017e\u0161\u00edm podmienkam. M\u00f4\u017ee sa pochv\u00e1li\u0165 dvoj\u010dinnou kon\u0161trukciou, \u010do znamen\u00e1, \u017ee m\u00f4\u017ee fungova\u0165 v oboch smeroch, v\u010faka \u010domu je neuverite\u013ene v\u0161estrann\u00fd.<\/p>\n<p><img loading=\"lazy\" decoding=\"async\" class=\"alignnone size-full wp-image-1334\" src=\"https:\/\/fmp-components.com\/wp-content\/uploads\/2024\/12\/Adjustable-Clevis-Type-Cylinders-4.webp\" alt=\"Nastavite\u013en\u00e9 valce s vidlicov\u00fdm z\u00e1vesom\" width=\"800\" height=\"800\" title=\"\" srcset=\"https:\/\/fmp-components.com\/wp-content\/uploads\/2024\/12\/Adjustable-Clevis-Type-Cylinders-4.webp 800w, https:\/\/fmp-components.com\/wp-content\/uploads\/2024\/12\/Adjustable-Clevis-Type-Cylinders-4-480x480.webp 480w\" sizes=\"(min-width: 0px) and (max-width: 480px) 480px, (min-width: 481px) 800px, 100vw\" \/><\/p>\n<p>Prisp\u00f4sobite\u013en\u00fd dvoj\u010dinn\u00fd hydraulick\u00fd valec pre n\u00e1kladn\u00e9 vozidl\u00e1 je tie\u017e vysoko prisp\u00f4sobite\u013en\u00fd. V\u010faka mo\u017enostiam ve\u013ekosti otvoru, d\u013a\u017eky zdvihu a sp\u00f4sobu mont\u00e1\u017ee si m\u00f4\u017eete tento valec prisp\u00f4sobi\u0165 svojim \u0161pecifick\u00fdm potreb\u00e1m. Navy\u0161e, v\u010faka \u0161irokej \u0161k\u00e1le dostupn\u00fdch mo\u017enost\u00ed tesnenia si m\u00f4\u017eete by\u0165 ist\u00ed, \u017ee v\u00e1\u0161 valec bude fungova\u0165 bezchybne.<\/p>\n<p>\u010ci u\u017e prepravujete \u0165a\u017ek\u00e9 n\u00e1klady alebo potrebujete valec na priemyseln\u00e9 pou\u017eitie, prisp\u00f4soben\u00fd dvoj\u010dinn\u00fd hydraulick\u00fd valec pre n\u00e1kladn\u00e9 vozidl\u00e1 je perfektn\u00fdm rie\u0161en\u00edm. Investujte do tohto vysoko kvalitn\u00e9ho hydraulick\u00e9ho valca e\u0161te dnes a za\u017eite rozdiel, ktor\u00fd m\u00f4\u017ee prinies\u0165 pre va\u0161e oper\u00e1cie.<\/p>\n<h2>V\u00fdhody nastavite\u013en\u00fdch valcov s vidlicov\u00fdm uchyten\u00edm<\/h2>\n<ol>\n<li style=\"list-style-type: none;\">\n<ol>\n<li><strong>Prisp\u00f4sobenie:<\/strong> Jednou z najv\u00e4\u010d\u0161\u00edch v\u00fdhod nastavite\u013en\u00fdch valcov s vidlicov\u00fdm uchyten\u00edm je, \u017ee ich mo\u017eno prisp\u00f4sobi\u0165 \u0161pecifick\u00fdm potreb\u00e1m aplik\u00e1cie. To znamen\u00e1, \u017ee d\u013a\u017eku, zdvih, ve\u013ekos\u0165 otvoru a mo\u017enosti mont\u00e1\u017ee je mo\u017en\u00e9 prisp\u00f4sobi\u0165 po\u017eiadavk\u00e1m danej pr\u00e1ce. T\u00e1to \u00farove\u0148 prisp\u00f4sobenia zabezpe\u010duje optim\u00e1lny v\u00fdkon valca, \u010do m\u00f4\u017ee vies\u0165 k zv\u00fd\u0161eniu efektivity a produktivity.<\/li>\n<\/ol>\n<\/li>\n<\/ol>\n<p>Napr\u00edklad, <em>Prisp\u00f4soben\u00fd dvoj\u010dinn\u00fd hydraulick\u00fd valec pre n\u00e1kladn\u00e9 vozidl\u00e1<\/em> je nastavite\u013en\u00fd valec s vidlicovou vidlicou, ktor\u00fd je \u0161peci\u00e1lne navrhnut\u00fd na pou\u017eitie v pr\u00edvesoch. Valec je prisp\u00f4sobite\u013en\u00fd z h\u013eadiska ve\u013ekosti otvoru, d\u013a\u017eky a mo\u017enost\u00ed mont\u00e1\u017ee. To umo\u017e\u0148uje jeho optimaliz\u00e1ciu pre r\u00f4zne typy pr\u00edvesov a zais\u0165uje jeho maxim\u00e1lnu \u00fa\u010dinnos\u0165.<\/p>\n<ol>\n<li style=\"list-style-type: none;\">\n<ol>\n<li><strong>Nastavite\u013enos\u0165:<\/strong> \u010eal\u0161ou v\u00fdhodou nastavite\u013en\u00fdch valcov s vidlicov\u00fdm uchyten\u00edm je ich nastavite\u013enos\u0165. Tieto valce maj\u00fa vidlicov\u00fd uchytenie, ktor\u00e9 je mo\u017en\u00e9 nastavi\u0165 do r\u00f4znych pol\u00f4h, \u010do umo\u017e\u0148uje v\u00e4\u010d\u0161iu flexibilitu pri mont\u00e1\u017ei a in\u0161tal\u00e1cii. T\u00e1to nastavite\u013enos\u0165 tie\u017e znamen\u00e1, \u017ee valec je mo\u017en\u00e9 v pr\u00edpade potreby \u013eahko premiestni\u0165, \u010do m\u00f4\u017ee by\u0165 u\u017eito\u010dn\u00e9 v situ\u00e1ci\u00e1ch, ke\u010f sa po\u017eiadavky aplik\u00e1cie \u010dasom menia.<\/li>\n<\/ol>\n<\/li>\n<\/ol>\n<p>Nastavite\u013enos\u0165 nastavite\u013en\u00fdch valcov s vidlicov\u00fdm z\u00e1vesom je obzvl\u00e1\u0161\u0165 u\u017eito\u010dn\u00e1 v situ\u00e1ci\u00e1ch, ke\u010f je priestor obmedzen\u00fd alebo ke\u010f aplik\u00e1cia vy\u017eaduje \u0161pecifick\u00fa mont\u00e1\u017enu konfigur\u00e1ciu. Napr\u00edklad v pr\u00edpade pr\u00edvesu, kde je priestor obmedzen\u00fd, umo\u017e\u0148uje nastavite\u013enos\u0165 vidlicov\u00e9ho z\u00e1vesu mont\u00e1\u017e valca sp\u00f4sobom, ktor\u00fd maximalizuje vyu\u017eitie dostupn\u00e9ho priestoru.<\/p>\n<ol>\n<li style=\"list-style-type: none;\">\n<ol>\n<li><strong>Vysok\u00e1 nosnos\u0165:<\/strong> Nastavite\u013en\u00e9 valce s vidlicov\u00fdm z\u00e1vesom s\u00fa tie\u017e zn\u00e1me svojou vysokou nosnos\u0165ou. Tieto valce s\u00fa navrhnut\u00e9 tak, aby zvl\u00e1dli \u0165a\u017ek\u00e9 bremen\u00e1 a odol\u00e1vaj\u00fa vysok\u00fdm tlakom bez zlyhania. V\u010faka tomu s\u00fa ide\u00e1lne na pou\u017eitie v aplik\u00e1ci\u00e1ch, kde je potrebn\u00e9 premiest\u0148ova\u0165 alebo zdv\u00edha\u0165 \u0165a\u017ek\u00e9 bremen\u00e1.<\/li>\n<\/ol>\n<\/li>\n<\/ol>\n<p>Ten\/T\u00e1\/To <em>Prisp\u00f4soben\u00fd dvoj\u010dinn\u00fd hydraulick\u00fd valec pre n\u00e1kladn\u00e9 vozidl\u00e1<\/em> je dobr\u00fdm pr\u00edkladom nastavite\u013en\u00e9ho valca s vidlicov\u00fdm z\u00e1vesom, ktor\u00fd m\u00e1 vysok\u00fa nosnos\u0165. Tento valec je navrhnut\u00fd na manipul\u00e1ciu s n\u00e1kladmi do 20 ton a m\u00f4\u017ee pracova\u0165 pri tlaku a\u017e 250 barov. V\u010faka tomu je vhodn\u00fd na pou\u017eitie v \u0161irokej \u0161k\u00e1le aplik\u00e1ci\u00ed pr\u00edvesov, kde je potrebn\u00e9 premiest\u0148ova\u0165 alebo zdv\u00edha\u0165 \u0165a\u017ek\u00e9 bremen\u00e1.<\/p>\n<ol>\n<li style=\"list-style-type: none;\">\n<ol>\n<li><strong>Trvanlivos\u0165:<\/strong> Nastavite\u013en\u00e9 valce s vidlicov\u00fdm uchyten\u00edm s\u00fa zn\u00e1me svojou odolnos\u0165ou a dlhou \u017eivotnos\u0165ou. Tieto valce s\u00fa zvy\u010dajne vyroben\u00e9 z vysoko kvalitn\u00fdch materi\u00e1lov, ktor\u00e9 s\u00fa navrhnut\u00e9 tak, aby odolali n\u00e1ro\u010dn\u00fdm prev\u00e1dzkov\u00fdm podmienkam a \u010dast\u00e9mu pou\u017e\u00edvaniu. To znamen\u00e1, \u017ee vy\u017eaduj\u00fa minim\u00e1lnu \u00fadr\u017ebu a m\u00f4\u017eu poskytova\u0165 spo\u013eahliv\u00fd v\u00fdkon po mnoho rokov.<\/li>\n<\/ol>\n<\/li>\n<\/ol>\n<p>Ten\/T\u00e1\/To <em>Prisp\u00f4soben\u00fd dvoj\u010dinn\u00fd hydraulick\u00fd valec pre n\u00e1kladn\u00e9 vozidl\u00e1<\/em> je navrhnut\u00fd tak, aby bol vysoko odoln\u00fd a dlhotrvaj\u00faci. Je vyroben\u00fd z vysoko kvalitn\u00fdch materi\u00e1lov, ktor\u00e9 s\u00fa odoln\u00e9 vo\u010di opotrebovaniu, kor\u00f3zii a in\u00fdm form\u00e1m po\u0161kodenia. To zais\u0165uje, \u017ee valec dok\u00e1\u017ee poskytova\u0165 spo\u013eahliv\u00fd v\u00fdkon aj v t\u00fdch najn\u00e1ro\u010dnej\u0161\u00edch aplik\u00e1ci\u00e1ch s pr\u00edvesmi.<\/p>\n<p><img decoding=\"async\" src=\"https:\/\/fmp-components.com\/wp-content\/uploads\/2024\/12\/Adjustable-Clevis-Type-Cylinders5.webp\" alt=\"Nastavite\u013en\u00fd valec typu Clevis\" width=\"800\" title=\"\"><\/p>\n<h2>Pou\u017eitie nastavite\u013en\u00fdch valcov s vidlicov\u00fdm uchyten\u00edm<\/h2>\n<p>Nastavite\u013en\u00e9 valce s vidlicov\u00fdm uchyten\u00edm s\u00fa z\u00e1kladnou s\u00fa\u010das\u0165ou mnoh\u00fdch hydraulick\u00fdch syst\u00e9mov. S\u00fa zn\u00e1me svojou v\u0161estrannos\u0165ou, odolnos\u0165ou a presnos\u0165ou. V tomto \u010dl\u00e1nku sa budeme venova\u0165 r\u00f4znym aplik\u00e1ci\u00e1m nastavite\u013en\u00fdch valcov s vidlicov\u00fdm uchyten\u00edm a zd\u00f4razn\u00edme ich v\u00fdhody.<\/p>\n<p>1. Prisp\u00f4soben\u00fd dvoj\u010dinn\u00fd valec<\/p>\n<p>Jednou z hlavn\u00fdch aplik\u00e1ci\u00ed nastavite\u013en\u00fdch valcov s vidlicovou vidlicou je v\u00fdroba dvoj\u010dinn\u00fdch valcov na mieru. Tieto valce sa pou\u017e\u00edvaj\u00fa v \u0161irokej \u0161k\u00e1le odvetv\u00ed vr\u00e1tane stavebn\u00edctva, po\u013enohospod\u00e1rstva, ban\u00edctva a dopravy. Aspekt prisp\u00f4sobenia t\u00fdchto valcov zabezpe\u010duje, \u017ee sp\u013a\u0148aj\u00fa \u0161pecifick\u00e9 potreby a po\u017eiadavky ka\u017ed\u00e9ho odvetvia.<\/p>\n<p>Dvoj\u010dinn\u00fd valec na mieru je navrhnut\u00fd s nastavite\u013enou vidlicovou vidlicou, ktor\u00e1 umo\u017e\u0148uje jednoduch\u00fa mont\u00e1\u017e a demont\u00e1\u017e piestnej ty\u010de. T\u00e1to funkcia je nevyhnutn\u00e1, preto\u017ee umo\u017e\u0148uje r\u00fdchlu \u00fadr\u017ebu a v\u00fdmenu opotrebovan\u00fdch komponentov, \u010d\u00edm sa skracuj\u00fa prestoje.<\/p>\n<p>2. Hydraulick\u00fd valec pre pr\u00edves<\/p>\n<p>\u010eal\u0161\u00edm uplatnen\u00edm nastavite\u013en\u00fdch valcov s vidlicovou vidlicou je v\u00fdroba hydraulick\u00fdch valcov pre pr\u00edvesy n\u00e1kladn\u00fdch vozidiel. Tieto valce sa pou\u017e\u00edvaj\u00fa pri zdv\u00edhan\u00ed a sp\u00fa\u0161\u0165an\u00ed \u0165a\u017ek\u00fdch bremien, ako s\u00fa kontajnery, na pr\u00edvesoch. Nastavite\u013en\u00e1 vidlica umo\u017e\u0148uje jednoduch\u00e9 pripevnenie a odpojenie valca z pr\u00edvesu, \u010do u\u013eah\u010duje jeho pou\u017e\u00edvanie.<\/p>\n<p>Hydraulick\u00fd valec pre pr\u00edvesy je navrhnut\u00fd z vysokopevnostn\u00fdch materi\u00e1lov, ktor\u00e9 odol\u00e1vaj\u00fa \u0165a\u017ek\u00fdm n\u00e1kladom a n\u00e1ro\u010dn\u00fdm prev\u00e1dzkov\u00fdm podmienkam. Valec je tie\u017e navrhnut\u00fd tak, aby bol bez \u00faniku, \u010do zabezpe\u010duje jeho efekt\u00edvnu a \u00fa\u010dinn\u00fa prev\u00e1dzku.<\/p>\n<p>3. Po\u013enohospod\u00e1rske stroje<\/p>\n<p>Nastavite\u013en\u00e9 valce s vidlicov\u00fdm uchyten\u00edm maj\u00fa tie\u017e v\u00fdznamn\u00e9 uplatnenie v po\u013enohospod\u00e1rstve. Pou\u017e\u00edvaj\u00fa sa pri v\u00fdrobe r\u00f4znych po\u013enohospod\u00e1rskych strojov, ako s\u00fa pluhy, kultiv\u00e1tory a seja\u010dky. Valce sa pou\u017e\u00edvaj\u00fa na ovl\u00e1danie pohybu strojov a zabezpe\u010duj\u00fa ich efekt\u00edvnu prev\u00e1dzku.<\/p>\n<p>Nastavite\u013en\u00e1 vidlicov\u00e1 vidlica t\u00fdchto valcov u\u013eah\u010duje ich pripojenie k zariadeniu, \u010do u\u013eah\u010duje v\u00fdmenu opotrebovan\u00fdch komponentov. Vysokopevnostn\u00e9 materi\u00e1ly pou\u017eit\u00e9 pri ich v\u00fdrobe zabezpe\u010duj\u00fa, \u017ee odol\u00e1vaj\u00fa n\u00e1ro\u010dn\u00fdm prev\u00e1dzkov\u00fdm podmienkam v po\u013enohospod\u00e1rskom priemysle.<\/p>\n<p>Z\u00e1verom mo\u017eno poveda\u0165, \u017ee nastavite\u013en\u00e9 valce s vidlicov\u00fdm uchyten\u00edm maj\u00fa mno\u017estvo aplik\u00e1ci\u00ed v r\u00f4znych odvetviach. Dvoj\u010dinn\u00e9 valce na mieru, hydraulick\u00e9 valce pre n\u00e1kladn\u00e9 vozidl\u00e1 a pr\u00edvesy a po\u013enohospod\u00e1rske stroje s\u00fa len niektor\u00e9 z mnoh\u00fdch aplik\u00e1ci\u00ed t\u00fdchto valcov. Pon\u00fakaj\u00fa presnos\u0165, odolnos\u0165 a v\u0161estrannos\u0165, v\u010faka \u010domu s\u00fa nevyhnutnou s\u00fa\u010das\u0165ou hydraulick\u00fdch syst\u00e9mov.<img decoding=\"async\" src=\"https:\/\/fmp-components.com\/wp-content\/uploads\/2024\/12\/Application-of-Adjustable-Clevis-Type-Cylinders.webp\" alt=\"Nastavite\u013en\u00fd valec typu Clevis\" width=\"800\" title=\"\"><\/p>\n<h3>O FMP<\/h3>\n<p>FMP je popredn\u00e1 spolo\u010dnos\u0165 v Taliansku, ktor\u00e1 sa \u0161pecializuje na predaj a servis dielov a kompletn\u00fdch strojov pre stavebn\u00e9 stroje. V\u010faka dlhoro\u010dn\u00fdm sk\u00fasenostiam v tomto odvetv\u00ed a t\u00edmu profesion\u00e1lov pon\u00fakame na\u0161im z\u00e1kazn\u00edkom vysoko kvalitn\u00e9 a spo\u013eahliv\u00e9 rie\u0161enia.<\/p>\n<h3>Hydraulick\u00fd valec<\/h3>\n<p>Jedn\u00fdm z na\u0161ich hlavn\u00fdch produktov je hydraulick\u00fd valec. Na\u0161e valce s\u00fa vyroben\u00e9 z vysoko kvalitn\u00fdch materi\u00e1lov a s\u00fa navrhnut\u00e9 tak, aby odolali extr\u00e9mnemu tlaku a vysok\u00e9mu za\u0165a\u017eeniu. Tu je p\u00e4\u0165 d\u00f4vodov, pre\u010do by ste si mali vybra\u0165 hydraulick\u00fd valec FMP:<\/p>\n<ol>\n<li><strong>Vysokokvalitn\u00e9 materi\u00e1ly:<\/strong> Na\u0161e hydraulick\u00e9 valce s\u00fa vyroben\u00e9 z vysoko kvalitn\u00fdch materi\u00e1lov, ktor\u00e9 zaru\u010duj\u00fa odolnos\u0165 a dlhotrvaj\u00faci v\u00fdkon. Pou\u017e\u00edvame len tie najlep\u0161ie materi\u00e1ly, aby sme zabezpe\u010dili, \u017ee na\u0161e valce odol\u00e1vaj\u00fa aj t\u00fdm naj\u0165a\u017e\u0161\u00edm podmienkam.<\/li>\n<li><strong>Prisp\u00f4sobite\u013en\u00e9:<\/strong> Pon\u00fakame \u0161irok\u00fd sortiment hydraulick\u00fdch valcov, ktor\u00e9 je mo\u017en\u00e9 prisp\u00f4sobi\u0165 va\u0161im \u0161pecifick\u00fdm potreb\u00e1m. Na\u0161e valce s\u00fa dostupn\u00e9 v r\u00f4znych ve\u013ekostiach, tvaroch a prevedeniach a my v\u00e1m pom\u00f4\u017eeme vybra\u0165 ten prav\u00fd pre va\u0161u aplik\u00e1ciu.<\/li>\n<li><strong>Spo\u013eahlivos\u0165:<\/strong> Na\u0161e hydraulick\u00e9 valce s\u00fa navrhnut\u00e9 tak, aby poskytovali spo\u013eahliv\u00fd v\u00fdkon aj v t\u00fdch naj\u0165a\u017e\u0161\u00edch podmienkach. Ch\u00e1peme d\u00f4le\u017eitos\u0165 spo\u013eahlivosti a prij\u00edmame v\u0161etky potrebn\u00e9 opatrenia, aby sme zabezpe\u010dili, \u017ee na\u0161e valce sp\u013a\u0148aj\u00fa dan\u00fa \u00falohu.<\/li>\n<li><strong>Konzult\u00e1cia s odborn\u00edkom:<\/strong> N\u00e1\u0161 obchodn\u00fd t\u00edm sa sklad\u00e1 z odborn\u00edkov v odvetv\u00ed stavebn\u00fdch strojov. S\u00fa obozn\u00e1men\u00ed s najnov\u0161\u00edmi trendmi a m\u00f4\u017eu v\u00e1m poskytn\u00fa\u0165 odborn\u00e9 poradenstvo o tom, ktor\u00fd hydraulick\u00fd valec je pre v\u00e1s ten prav\u00fd.<\/li>\n<li><strong>Efekt\u00edvna logistika:<\/strong> M\u00e1me efekt\u00edvny logistick\u00fd distribu\u010dn\u00fd syst\u00e9m, ktor\u00fd zabezpe\u010duje, \u017ee v\u00e1\u0161 hydraulick\u00fd valec dostanete v\u010das a presne. Ch\u00e1peme d\u00f4le\u017eitos\u0165 v\u010dasn\u00e9ho doru\u010denia a podnik\u00e1me v\u0161etky potrebn\u00e9 opatrenia, aby sme zabezpe\u010dili v\u010dasn\u00e9 doru\u010denie va\u0161ej objedn\u00e1vky.<\/li>\n<\/ol>\n<p>Ak h\u013ead\u00e1te spo\u013eahliv\u00fd a kvalitn\u00fd hydraulick\u00fd valec, FMP je to prav\u00e9 rie\u0161enie. M\u00e1me sk\u00fasenosti a odborn\u00e9 znalosti, aby sme v\u00e1m poskytli dokonal\u00e9 rie\u0161enie pre va\u0161e potreby.<\/p>\n<p><img decoding=\"async\" src=\"https:\/\/fmp-components.com\/wp-content\/uploads\/2024\/12\/Adjustable-Clevis-Type-Cylinders-6.webp\" alt=\"Nastavite\u013en\u00fd valec typu Clevis\" width=\"834\" title=\"\"><\/p>\n<h2>\u010casto kladen\u00e9 ot\u00e1zky<\/h2>\n<p><strong>Ot\u00e1zka: V ak\u00fdch odvetviach je tento hydraulick\u00fd valec vhodn\u00fd?<\/strong><br \/>\nA: Tento valec je ide\u00e1lny pre opravovne strojov, farmy, energetiku a ban\u00edctvo a v\u00fdrobu strojov.<\/p>\n<p><strong>Ot\u00e1zka: Ak\u00e1 je z\u00e1ru\u010dn\u00e1 doba na tento hydraulick\u00fd valec?<\/strong><br \/>\nA: Tento hydraulick\u00fd valec sa dod\u00e1va s 1-ro\u010dnou z\u00e1rukou.<\/p>\n<p><img decoding=\"async\" src=\"https:\/\/img.jiansujichilun.com\/img\/hydrauliccylinders\/B_hydrauliccylinders-2.webp\" alt=\"hydraulick\u00fd valec\" width=\"800\" title=\"\"><\/p>\n<p>Autor\uff1a CX<\/p>","protected":false},"excerpt":{"rendered":"<p>Introducing Customized Double Acting Cylinder Truck Hydraulic Cylinder For Trailer The Customized Double Acting Cylinder Truck Hydraulic Cylinder For Trailer is a top-of-the-line product designed to meet all your hydraulic cylinder needs. This cylinder is specifically tailored for use on trailers, providing unmatched performance and durability. Constructed with high-quality materials and expert craftsmanship, this hydraulic [&hellip;]<\/p>","protected":false},"featured_media":1338,"comment_status":"closed","ping_status":"closed","template":"","meta":{"_et_pb_use_builder":"","_et_pb_old_content":"","_et_gb_content_width":""},"product_brand":[],"product_cat":[39],"product_tag":[41,34],"class_list":{"0":"post-1372","1":"product","2":"type-product","3":"status-publish","4":"has-post-thumbnail","6":"product_cat-adjustable-clevis-type-cylinders","7":"product_tag-adjustable-clevis-type-cylinders","8":"product_tag-hydraulic-cylinder","10":"first","11":"instock","12":"product-type-simple"},"_links":{"self":[{"href":"https:\/\/fmp-components.com\/sk\/wp-json\/wp\/v2\/product\/1372","targetHints":{"allow":["GET"]}}],"collection":[{"href":"https:\/\/fmp-components.com\/sk\/wp-json\/wp\/v2\/product"}],"about":[{"href":"https:\/\/fmp-components.com\/sk\/wp-json\/wp\/v2\/types\/product"}],"replies":[{"embeddable":true,"href":"https:\/\/fmp-components.com\/sk\/wp-json\/wp\/v2\/comments?post=1372"}],"wp:featuredmedia":[{"embeddable":true,"href":"https:\/\/fmp-components.com\/sk\/wp-json\/wp\/v2\/media\/1338"}],"wp:attachment":[{"href":"https:\/\/fmp-components.com\/sk\/wp-json\/wp\/v2\/media?parent=1372"}],"wp:term":[{"taxonomy":"product_brand","embeddable":true,"href":"https:\/\/fmp-components.com\/sk\/wp-json\/wp\/v2\/product_brand?post=1372"},{"taxonomy":"product_cat","embeddable":true,"href":"https:\/\/fmp-components.com\/sk\/wp-json\/wp\/v2\/product_cat?post=1372"},{"taxonomy":"product_tag","embeddable":true,"href":"https:\/\/fmp-components.com\/sk\/wp-json\/wp\/v2\/product_tag?post=1372"}],"curies":[{"name":"pracovn\u00fd list","href":"https:\/\/api.w.org\/{rel}","templated":true}]}}