{"id":1371,"date":"2024-12-23T02:18:57","date_gmt":"2024-12-23T02:18:57","guid":{"rendered":"https:\/\/fmp-components.com\/product\/cheap-small-double-acting-welded-trailer-hydraulic-cylinder\/"},"modified":"2024-12-23T03:24:49","modified_gmt":"2024-12-23T03:24:49","slug":"cheap-small-double-acting-welded-trailer-hydraulic-cylinder","status":"publish","type":"product","link":"https:\/\/fmp-components.com\/sk\/product\/cheap-small-double-acting-welded-trailer-hydraulic-cylinder\/","title":{"rendered":"Lacn\u00fd mal\u00fd dvoj\u010dinn\u00fd zv\u00e1ran\u00fd hydraulick\u00fd valec pre pr\u00edvesy"},"content":{"rendered":"<p>Lacn\u00fd mal\u00fd dvoj\u010dinn\u00fd zv\u00e1ran\u00fd hydraulick\u00fd valec pre pr\u00edvesy je v\u00fdkonn\u00fd a spo\u013eahliv\u00fd stroj, ktor\u00fd je nevyhnutn\u00fd pre ak\u00fako\u013evek priemyseln\u00fa alebo po\u013enohospod\u00e1rsku prev\u00e1dzku. Tento hydraulick\u00fd valec je navrhnut\u00fd tak, aby poskytoval dvoj\u010dinn\u00fa silu a zabezpe\u010doval maxim\u00e1lnu \u00fa\u010dinnos\u0165 v ka\u017edej aplik\u00e1cii.<\/p>\n<p>Jednou z k\u013e\u00fa\u010dov\u00fdch vlastnost\u00ed tohto hydraulick\u00e9ho valca je jeho zv\u00e1ran\u00e1 kon\u0161trukcia, ktor\u00e1 poskytuje vynikaj\u00facu odolnos\u0165 a v\u00fdkon z dlhodob\u00e9ho h\u013eadiska. T\u00e1to kon\u0161trukcia zais\u0165uje, \u017ee valec je schopn\u00fd odola\u0165 aj t\u00fdm naj\u0165a\u017e\u0161\u00edm podmienkam vr\u00e1tane intenz\u00edvneho pou\u017e\u00edvania a vystavenia poveternostn\u00fdm vplyvom.<\/p>\n<p>Okrem robustnej kon\u0161trukcie sa lacn\u00fd mal\u00fd dvoj\u010dinn\u00fd zv\u00e1ran\u00fd hydraulick\u00fd valec pre pr\u00edvesy tie\u017e neuverite\u013ene \u013eahko in\u0161taluje a udr\u017eiava. V\u010faka tomu je ide\u00e1lnou vo\u013ebou pre ka\u017ed\u00e9ho, kto potrebuje spo\u013eahliv\u00fd a efekt\u00edvny hydraulick\u00fd valec, ktor\u00fd sa d\u00e1 r\u00fdchlo a jednoducho integrova\u0165 do ich existuj\u00faceho zariadenia.<\/p>\n<p><img loading=\"lazy\" decoding=\"async\" class=\"alignnone size-full wp-image-1334\" src=\"https:\/\/fmp-components.com\/wp-content\/uploads\/2024\/12\/Adjustable-Clevis-Type-Cylinders-4.webp\" alt=\"Nastavite\u013en\u00e9 valce s vidlicov\u00fdm z\u00e1vesom\" width=\"800\" height=\"800\" title=\"\" srcset=\"https:\/\/fmp-components.com\/wp-content\/uploads\/2024\/12\/Adjustable-Clevis-Type-Cylinders-4.webp 800w, https:\/\/fmp-components.com\/wp-content\/uploads\/2024\/12\/Adjustable-Clevis-Type-Cylinders-4-480x480.webp 480w\" sizes=\"(min-width: 0px) and (max-width: 480px) 480px, (min-width: 481px) 800px, 100vw\" \/><\/p>\n<p>Celkovo je lacn\u00fd mal\u00fd dvoj\u010dinn\u00fd zv\u00e1ran\u00fd hydraulick\u00fd valec pre pr\u00edvesy vynikaj\u00facou vo\u013ebou pre ka\u017ed\u00e9ho, kto potrebuje vysoko kvalitn\u00fd hydraulick\u00fd valec, ktor\u00fd poskytuje konzistentn\u00fd v\u00fdkon a spo\u013eahliv\u00fa prev\u00e1dzku. \u010ci u\u017e pracujete v stavebn\u00edctve, po\u013enohospod\u00e1rstve alebo akomko\u013evek inom odvetv\u00ed, ktor\u00e9 sa spolieha na hydraulick\u00e9 syst\u00e9my, tento valec ur\u010dite spln\u00ed va\u0161e potreby a prekon\u00e1 va\u0161e o\u010dak\u00e1vania.<\/p>\n<h2>V\u00fdhody nastavite\u013en\u00fdch valcov s vidlicov\u00fdm uchyten\u00edm<\/h2>\n<p>Nastavite\u013en\u00e9 valce s vidlicov\u00fdm uchyten\u00edm s\u00fa v\u0161estrann\u00e9 hydraulick\u00e9 komponenty, ktor\u00e9 pon\u00fakaj\u00fa mno\u017estvo v\u00fdhod v r\u00f4znych aplik\u00e1ci\u00e1ch. Tieto valce s\u00fa navrhnut\u00e9 s jedine\u010dn\u00fdm nastavite\u013en\u00fdm uchyten\u00edm s vidlicov\u00fdm uchyten\u00edm, ktor\u00e9 poskytuje flexibilitu a pohodlie v r\u00f4znych prev\u00e1dzkov\u00fdch podmienkach. V tomto \u010dl\u00e1nku podrobne presk\u00famame v\u00fdhody nastavite\u013en\u00fdch valcov s vidlicov\u00fdm uchyten\u00edm a zd\u00f4razn\u00edme ich k\u013e\u00fa\u010dov\u00e9 vlastnosti a v\u00fdhody.<\/p>\n<h3>Vylep\u0161en\u00e1 nastavite\u013enos\u0165<\/h3>\n<p>Jednou z hlavn\u00fdch v\u00fdhod nastavite\u013en\u00fdch valcov s vidlicov\u00fdm uchyten\u00edm je ich vylep\u0161en\u00e1 nastavite\u013enos\u0165. Uchytenie vidlicov\u00fdm uchyten\u00edm umo\u017e\u0148uje jednoduch\u00e9 a presn\u00e9 polohovanie valca, v\u010faka \u010domu je vhodn\u00fd pre aplik\u00e1cie, kde je presn\u00e9 zarovnanie k\u013e\u00fa\u010dov\u00e9. T\u00e1to funkcia zais\u0165uje optim\u00e1lny v\u00fdkon a zni\u017euje riziko nespr\u00e1vneho zarovnania alebo nespr\u00e1vnej in\u0161tal\u00e1cie.<\/p>\n<p>Okrem toho, nastavite\u013en\u00e9 valce s vidlicov\u00fdm uchyten\u00edm pon\u00fakaj\u00fa r\u00f4zne mo\u017enosti mont\u00e1\u017ee, \u010do poskytuje flexibilitu pri sp\u013a\u0148an\u00ed r\u00f4znych po\u017eiadaviek na in\u0161tal\u00e1ciu. \u010ci u\u017e horizont\u00e1lne, vertik\u00e1lne alebo pod uhlom, tieto valce sa daj\u00fa \u013eahko nastavi\u0165 tak, aby sa prisp\u00f4sobili po\u017eadovanej mont\u00e1\u017enej polohe.<\/p>\n<h3>Optimalizovan\u00fd v\u00fdkon<\/h3>\n<p>Nastavite\u013en\u00e9 valce s vidlicov\u00fdm z\u00e1vitom s\u00fa navrhnut\u00e9 tak, aby poskytovali optimalizovan\u00fd v\u00fdkon v hydraulick\u00fdch syst\u00e9moch. Valce s\u00fa vyroben\u00e9 z vysoko kvalitn\u00fdch materi\u00e1lov a pokro\u010dil\u00fdch technick\u00fdch techn\u00edk, \u010do zaru\u010duje odolnos\u0165 a spo\u013eahlivos\u0165 v n\u00e1ro\u010dn\u00fdch aplik\u00e1ci\u00e1ch.<\/p>\n<p>V\u010faka svojej robustnej kon\u0161trukcii tieto valce odol\u00e1vaj\u00fa vysok\u00e9mu tlaku a ve\u013ek\u00e9mu za\u0165a\u017eeniu, \u010d\u00edm pon\u00fakaj\u00fa vynikaj\u00faci v\u00fdkon a dlh\u00fa \u017eivotnos\u0165. S\u00fa tie\u017e navrhnut\u00e9 tak, aby minimalizovali vn\u00fatorn\u00e9 \u00faniky a zabezpe\u010dili presn\u00e9 ovl\u00e1danie hydraulick\u00fdch s\u00edl, \u010do vedie k plynul\u00e9mu a efekt\u00edvnemu chodu.<\/p>\n<h3>\u0160irok\u00fd rozsah aplik\u00e1ci\u00ed<\/h3>\n<p>V\u010faka svojej v\u0161estrannosti nach\u00e1dzaj\u00fa nastavite\u013en\u00e9 valce s vidlicov\u00fdm uchyten\u00edm uplatnenie v r\u00f4znych odvetviach a sektoroch. Be\u017ene sa pou\u017e\u00edvaj\u00fa v po\u013enohospod\u00e1rskych strojoch, stavebn\u00fdch zariadeniach, syst\u00e9moch manipul\u00e1cie s materi\u00e1lom a priemyselnej automatiz\u00e1cii.<\/p>\n<p>Tieto valce s\u00fa obzvl\u00e1\u0161\u0165 vhodn\u00e9 pre aplik\u00e1cie, ktor\u00e9 vy\u017eaduj\u00fa presn\u00e9 ovl\u00e1danie a nastavenie, ako s\u00fa polohovacie syst\u00e9my, zdv\u00edhacie mechanizmy a stabiliz\u00e1cia z\u00e1\u0165a\u017ee. V\u010faka svojej prisp\u00f4sobivosti a nastavite\u013enosti s\u00fa preferovanou vo\u013ebou mnoh\u00fdch kon\u0161trukt\u00e9rov a in\u017einierov hydraulick\u00fdch syst\u00e9mov.<\/p>\n<h3>Cenovo v\u00fdhodn\u00e9 rie\u0161enie<\/h3>\n<p>\u010eal\u0161ou v\u00fdhodou nastavite\u013en\u00fdch valcov s vidlicov\u00fdm uchyten\u00edm je ich n\u00e1kladov\u00e1 efekt\u00edvnos\u0165. V porovnan\u00ed s in\u00fdmi typmi valcov pon\u00fakaj\u00fa tieto valce cenovo dostupnej\u0161ie rie\u0161enie bez kompromisov v oblasti v\u00fdkonu alebo kvality.<\/p>\n<p>Ich nastavite\u013en\u00e1 kon\u0161trukcia eliminuje potrebu dodato\u010dn\u00fdch mont\u00e1\u017enych konzol alebo \u00faprav na mieru, \u010d\u00edm sa skracuje \u010das a n\u00e1klady na in\u0161tal\u00e1ciu. Okrem toho, odolnos\u0165 a spo\u013eahlivos\u0165 t\u00fdchto valcov minimalizuj\u00fa n\u00e1klady na \u00fadr\u017ebu a v\u00fdmenu, v\u010faka \u010domu s\u00fa z dlhodob\u00e9ho h\u013eadiska cenovo v\u00fdhodnou vo\u013ebou.<\/p>\n<p>Nastavite\u013en\u00e9 valce s vidlicov\u00fdm uchyten\u00edm poskytuj\u00fa mno\u017estvo v\u00fdhod v aplik\u00e1ci\u00e1ch hydraulick\u00fdch syst\u00e9mov. V\u010faka vylep\u0161enej nastavite\u013enosti, optimalizovan\u00e9mu v\u00fdkonu, \u0161irokej \u0161k\u00e1le aplik\u00e1ci\u00ed a n\u00e1kladovej efekt\u00edvnosti pon\u00fakaj\u00fa tieto valce spo\u013eahliv\u00e9 a efekt\u00edvne rie\u0161enie pre r\u00f4zne odvetvia. \u010ci u\u017e ide o presn\u00e9 polohovanie, stabiliz\u00e1ciu z\u00e1\u0165a\u017ee alebo v\u0161estrann\u00fa in\u0161tal\u00e1ciu, nastavite\u013en\u00e9 valce s vidlicov\u00fdm uchyten\u00edm vynikaj\u00fa v sp\u013a\u0148an\u00ed po\u017eiadaviek modern\u00fdch hydraulick\u00fdch syst\u00e9mov.<\/p>\n<p><img decoding=\"async\" src=\"https:\/\/fmp-components.com\/wp-content\/uploads\/2024\/12\/Adjustable-Clevis-Type-Cylinders5.webp\" alt=\"Nastavite\u013en\u00fd valec typu Clevis\" width=\"800\" title=\"\"><\/p>\n<h2>Pou\u017eitie nastavite\u013en\u00fdch valcov s vidlicov\u00fdm uchyten\u00edm<\/h2>\n<p>Nastavite\u013en\u00e9 valce s vidlicov\u00fdm uchyten\u00edm s\u00fa hydraulick\u00e9 valce s vidlicov\u00fdmi koncami, ktor\u00e9 je mo\u017en\u00e9 nastavi\u0165 tak, aby vyhovovali r\u00f4znym mont\u00e1\u017enym poloh\u00e1m. Tieto valce sa \u0161iroko pou\u017e\u00edvaj\u00fa v r\u00f4znych priemyseln\u00fdch aplik\u00e1ci\u00e1ch, kde sa vy\u017eaduje presn\u00fd a spo\u013eahliv\u00fd line\u00e1rny pohyb. Ni\u017e\u0161ie s\u00fa uveden\u00e9 niektor\u00e9 be\u017en\u00e9 aplik\u00e1cie nastavite\u013en\u00fdch valcov s vidlicov\u00fdm uchyten\u00edm:<\/p>\n<ol>\n<li><strong>Stavebn\u00e9 vybavenie:<\/strong> Nastavite\u013en\u00e9 valce s vidlicov\u00fdm uchyten\u00edm sa hojne pou\u017e\u00edvaj\u00fa v stavebn\u00fdch strojoch, ako s\u00fa bagre, buldoz\u00e9ry, naklada\u010de a r\u00fdpadl\u00e1-naklada\u010de. Tieto valce poskytuj\u00fa potrebn\u00fa silu na \u013eahk\u00e9 zdv\u00edhanie a premiest\u0148ovanie \u0165a\u017ek\u00fdch bremien. Ich nastavite\u013en\u00e9 konce s vidlicov\u00fdm uchyten\u00edm umo\u017e\u0148uj\u00fa jednoduch\u00fa in\u0161tal\u00e1ciu a zarovnanie, v\u010faka \u010domu s\u00fa ob\u013e\u00fabenou vo\u013ebou medzi v\u00fdrobcami stavebn\u00fdch strojov. V stavebn\u00fdch strojoch je lacn\u00fd mal\u00fd dvoj\u010dinn\u00fd zv\u00e1ran\u00fd hydraulick\u00fd valec pre pr\u00edvesy ob\u013e\u00fabenou vo\u013ebou v\u010faka svojej n\u00e1kladovej efekt\u00edvnosti a spo\u013eahlivosti. Tieto valce s\u00fa navrhnut\u00e9 tak, aby odolali n\u00e1ro\u010dn\u00fdm pracovn\u00fdm podmienkam a poskytovali konzistentn\u00fd v\u00fdkon.<\/li>\n<li><strong>Po\u013enohospod\u00e1rske stroje:<\/strong> \u010eal\u0161\u00edm be\u017en\u00fdm pou\u017eit\u00edm nastavite\u013en\u00fdch hydraulick\u00fdch valcov s vidlicov\u00fdm z\u00e1vesom je v po\u013enohospod\u00e1rskych strojoch, ako s\u00fa traktory, kombajny a postrekova\u010de. Tieto valce sa pou\u017e\u00edvaj\u00fa na ovl\u00e1danie pohybu r\u00f4znych n\u00e1strojov, ako s\u00fa pluhy, kultiv\u00e1tory a seja\u010dky. Nastavite\u013en\u00e9 konce vidlicov\u00e9ho z\u00e1vesu umo\u017e\u0148uj\u00fa jednoduch\u00e9 pripevnenie a nastavenie t\u00fdchto n\u00e1strojov, v\u010faka \u010domu s\u00fa ide\u00e1lne na pou\u017eitie v r\u00f4znych po\u013enohospod\u00e1rskych oper\u00e1ci\u00e1ch. Lacn\u00fd mal\u00fd dvoj\u010dinn\u00fd zv\u00e1ran\u00fd hydraulick\u00fd valec pre pr\u00edvesy sa tie\u017e \u0161iroko pou\u017e\u00edva v po\u013enohospod\u00e1rskych strojoch v\u010faka svojej odolnosti a n\u00edzkym n\u00e1rokom na \u00fadr\u017ebu. Tieto valce dok\u00e1\u017eu odola\u0165 ne\u010distot\u00e1m, prachu a in\u00fdm environment\u00e1lnym faktorom, ktor\u00e9 sa be\u017ene vyskytuj\u00fa v po\u013enohospod\u00e1rskych oper\u00e1ci\u00e1ch.<\/li>\n<li><strong>Manipul\u00e1cia s materi\u00e1lom:<\/strong> Nastavite\u013en\u00e9 valce s vidlicov\u00fdm uchyten\u00edm sa pou\u017e\u00edvaj\u00fa aj v aplik\u00e1ci\u00e1ch manipul\u00e1cie s materi\u00e1lom, ako s\u00fa dopravn\u00edkov\u00e9 syst\u00e9my, zdv\u00edhacie zariadenia a automatiz\u00e1cia skladov. Tieto valce poskytuj\u00fa potrebn\u00fa silu na premiest\u0148ovanie \u0165a\u017ek\u00fdch bremien, nastavovanie v\u00fd\u0161ky dopravn\u00edkov a ovl\u00e1danie pohybu r\u00f4znych zdv\u00edhac\u00edch zariaden\u00ed. Lacn\u00fd mal\u00fd dvoj\u010dinn\u00fd zv\u00e1ran\u00fd hydraulick\u00fd valec pre pr\u00edvesy je ob\u013e\u00fabenou vo\u013ebou v aplik\u00e1ci\u00e1ch manipul\u00e1cie s materi\u00e1lom v\u010faka svojej kompaktnej ve\u013ekosti a vysok\u00e9mu v\u00fdkonu. Tieto valce sa daj\u00fa \u013eahko integrova\u0165 do existuj\u00facich syst\u00e9mov a poskytuj\u00fa plynul\u00fd a presn\u00fd line\u00e1rny pohyb.<\/li>\n<li><strong>Priemyseln\u00e9 stroje:<\/strong> Nastavite\u013en\u00e9 valce s vidlicov\u00fdm uz\u00e1verom sa pou\u017e\u00edvaj\u00fa aj v r\u00f4znych priemyseln\u00fdch strojoch, ako s\u00fa lisy, raznice a vstrekovacie lisy. Tieto valce poskytuj\u00fa potrebn\u00fa silu na ovl\u00e1danie pohybu r\u00f4znych komponentov a zabezpe\u010duj\u00fa presn\u00fa a spo\u013eahliv\u00fa prev\u00e1dzku. Lacn\u00fd mal\u00fd dvoj\u010dinn\u00fd zv\u00e1ran\u00fd hydraulick\u00fd valec pre pr\u00edvesy je preferovanou vo\u013ebou v priemyseln\u00fdch strojoch v\u010faka svojej vysokej silovej kapacite a r\u00fdchlej reak\u010dnej dobe. Tieto valce je mo\u017en\u00e9 prisp\u00f4sobi\u0165 tak, aby sp\u013a\u0148ali \u0161pecifick\u00e9 po\u017eiadavky aplik\u00e1cie a poskytovali konzistentn\u00fd v\u00fdkon aj pri vysokom za\u0165a\u017een\u00ed a tlaku.<\/li>\n<\/ol>\n<p>Z\u00e1verom mo\u017eno poveda\u0165, \u017ee nastavite\u013en\u00e9 hydraulick\u00e9 valce s vidlicov\u00fdm uchyten\u00edm s\u00fa v\u0161estrann\u00e9 hydraulick\u00e9 valce, ktor\u00e9 nach\u00e1dzaj\u00fa uplatnenie v r\u00f4znych odvetviach. Ich nastavite\u013en\u00e9 koncov\u00e9 uchytenie, kompaktn\u00e1 ve\u013ekos\u0165 a vysok\u00fd v\u00fdkon z nich robia ob\u013e\u00faben\u00fa vo\u013ebu medzi v\u00fdrobcami zariaden\u00ed aj koncov\u00fdmi pou\u017e\u00edvate\u013emi. V\u010faka dostupnosti lacn\u00fdch mal\u00fdch dvoj\u010dinn\u00fdch zv\u00e1ran\u00fdch hydraulick\u00fdch valcov pre pr\u00edvesy je teraz mo\u017en\u00e9 dosiahnu\u0165 spo\u013eahliv\u00fd a presn\u00fd line\u00e1rny pohyb cenovo dostupn\u00fdm sp\u00f4sobom.<img decoding=\"async\" src=\"https:\/\/fmp-components.com\/wp-content\/uploads\/2024\/12\/Application-of-Adjustable-Clevis-Type-Cylinders.webp\" alt=\"Nastavite\u013en\u00fd valec typu Clevis\" width=\"800\" title=\"\"><\/p>\n<h3>O spolo\u010dnosti FMP \u2013 profesion\u00e1lny v\u00fdrobca a predajca hydraulick\u00fdch valcov<\/h3>\n<p>H\u013ead\u00e1te spo\u013eahliv\u00fd a kvalitn\u00fd hydraulick\u00fd valec pre va\u0161e stavebn\u00e9 stroje? Neh\u013eadajte \u010falej ako FMP! Ako profesion\u00e1lny v\u00fdrobca a predajca dielov a kompletn\u00fdch strojov pre stavebn\u00e9 stroje pon\u00fakame \u0161irok\u00fd sortiment hydraulick\u00fdch valcov navrhnut\u00fdch tak, aby sp\u013a\u0148ali potreby r\u00f4znych aplik\u00e1ci\u00ed.<\/p>\n<p>Tu je nieko\u013eko d\u00f4vodov, pre\u010do by ste si mali vybra\u0165 hydraulick\u00e9 valce FMP:<\/p>\n<p>1. Vysokokvalitn\u00e9 materi\u00e1ly \u2013 Na\u0161e hydraulick\u00e9 valce s\u00fa vyroben\u00e9 z najkvalitnej\u0161\u00edch materi\u00e1lov, aby bola zaru\u010den\u00e1 ich odolnos\u0165, spo\u013eahlivos\u0165 a dlh\u00e1 \u017eivotnos\u0165. Materi\u00e1ly z\u00edskavame od vysokokvalitn\u00fdch dod\u00e1vate\u013eov doma aj v zahrani\u010d\u00ed a podrobujeme ich pr\u00edsnym \u0161tandardom kontroly kvality.<\/p>\n<p>2. Prisp\u00f4sobite\u013en\u00e9 prevedenia \u2013 Pon\u00fakame \u0161irok\u00fa \u0161k\u00e1lu preveden\u00ed hydraulick\u00fdch valcov a vieme ich tie\u017e prisp\u00f4sobi\u0165 pod\u013ea potrieb a \u0161pecifik\u00e1ci\u00ed z\u00e1kazn\u00edka. \u010ci u\u017e potrebujete \u0161tandardn\u00fd valec alebo rie\u0161enie na mieru, pom\u00f4\u017eeme v\u00e1m n\u00e1js\u0165 ten spr\u00e1vny produkt.<\/p>\n<p>3. \u0160irok\u00fd rozsah pou\u017eitia \u2013 Na\u0161e hydraulick\u00e9 valce s\u00fa vhodn\u00e9 pre r\u00f4zne stavebn\u00e9 stroje vr\u00e1tane po\u013enohospod\u00e1rskych strojov, priemyseln\u00fdch zariaden\u00ed a \u010fal\u0161\u00edch. Od valcov seja\u010diek a\u017e po valce r\u00fdpadiel, m\u00e1me ten spr\u00e1vny produkt pre va\u0161e potreby.<\/p>\n<p>4. Profesion\u00e1lne poradenstvo \u2013 N\u00e1\u0161 sk\u00fasen\u00fd obchodn\u00fd t\u00edm je v\u00e1m v\u017edy k dispoz\u00edcii, aby v\u00e1m poskytol profesion\u00e1lne poradenstvo oh\u013eadom produktov a inteligentn\u00e9 n\u00e1vrhy na n\u00e1kup. Sledujeme najnov\u0161ie trendy a potreby z\u00e1kazn\u00edkov v odvetv\u00ed stavebn\u00fdch strojov, aby sme na\u0161im z\u00e1kazn\u00edkom mohli poskytova\u0165 tie najlep\u0161ie slu\u017eby.<\/p>\n<p>5. Efekt\u00edvna logistika \u2013 M\u00e1me efekt\u00edvny logistick\u00fd distribu\u010dn\u00fd syst\u00e9m, ktor\u00fd zabezpe\u010duje, aby z\u00e1kazn\u00edci dostali po\u017eadovan\u00e9 diely v\u010das a presne. Ch\u00e1peme d\u00f4le\u017eitos\u0165 minimaliz\u00e1cie prestojov a udr\u017eiavania bezprobl\u00e9movej prev\u00e1dzky va\u0161ich strojov.<\/p>\n<p>S hydraulick\u00fdmi valcami FMP si m\u00f4\u017eete by\u0165 ist\u00ed kvalitou a spo\u013eahlivos\u0165ou va\u0161ich stavebn\u00fdch strojov. Kontaktujte n\u00e1s e\u0161te dnes a dozviete sa viac o na\u0161ich produktoch a o tom, ako v\u00e1m m\u00f4\u017eeme pom\u00f4c\u0165 n\u00e1js\u0165 to spr\u00e1vne rie\u0161enie pre va\u0161e potreby.<\/p>\n<p><img decoding=\"async\" src=\"https:\/\/fmp-components.com\/wp-content\/uploads\/2024\/12\/Adjustable-Clevis-Type-Cylinders-6.webp\" alt=\"Nastavite\u013en\u00fd valec typu Clevis\" width=\"833\" title=\"\"><\/p>\n<h4>\u010casto kladen\u00e9 ot\u00e1zky<\/h4>\n<p><b>Ot\u00e1zka:<\/b> Ak\u00fa maxim\u00e1lnu \u0165ahov\u00fa silu dok\u00e1\u017ee tento hydraulick\u00fd valec zvl\u00e1dnu\u0165?<br \/>\n<b>A:<\/b> Tento hydraulick\u00fd valec zvl\u00e1dne maxim\u00e1lny \u0165ah 20 ton.<br \/>\n<b>Ot\u00e1zka:<\/b> Ak\u00fd je rozsah ve\u013ekost\u00ed otvoru tohto hydraulick\u00e9ho valca?<br \/>\n<b>A:<\/b> Priemer otvoru tohto hydraulick\u00e9ho valca sa pohybuje od 2 do 6 palcov.<br \/>\n<b>Ot\u00e1zka:<\/b> Je tento hydraulick\u00fd valec vhodn\u00fd pre n\u00e1ro\u010dn\u00e9 priemyseln\u00e9 aplik\u00e1cie?<br \/>\n<b>A:<\/b> \u00c1no, s \u0165ahom 3000 a maxim\u00e1lnym \u0165ahom 20 ton je tento hydraulick\u00fd valec ide\u00e1lny pre n\u00e1ro\u010dn\u00e9 priemyseln\u00e9 aplik\u00e1cie.<\/p>\n<p><img decoding=\"async\" src=\"https:\/\/img.jiansujichilun.com\/img\/hydrauliccylinders\/C_hydrauliccylinders-5.webp\" alt=\"hydraulick\u00fd valec\" width=\"800\" title=\"\"><\/p>\n<p>Autor\uff1a CX<\/p>","protected":false},"excerpt":{"rendered":"<p>The Cheap Small Double Acting Welded Trailer Hydraulic Cylinder is a powerful and reliable piece of machinery that is essential for any industrial or agricultural operation. This hydraulic cylinder is designed to provide double-acting force, ensuring maximum efficiency in every application. One of the key features of this hydraulic cylinder is its welded design, which [&hellip;]<\/p>","protected":false},"featured_media":1336,"comment_status":"closed","ping_status":"closed","template":"","meta":{"_et_pb_use_builder":"","_et_pb_old_content":"","_et_gb_content_width":""},"product_brand":[],"product_cat":[39],"product_tag":[41,34],"class_list":{"0":"post-1371","1":"product","2":"type-product","3":"status-publish","4":"has-post-thumbnail","6":"product_cat-adjustable-clevis-type-cylinders","7":"product_tag-adjustable-clevis-type-cylinders","8":"product_tag-hydraulic-cylinder","10":"first","11":"instock","12":"product-type-simple"},"_links":{"self":[{"href":"https:\/\/fmp-components.com\/sk\/wp-json\/wp\/v2\/product\/1371","targetHints":{"allow":["GET"]}}],"collection":[{"href":"https:\/\/fmp-components.com\/sk\/wp-json\/wp\/v2\/product"}],"about":[{"href":"https:\/\/fmp-components.com\/sk\/wp-json\/wp\/v2\/types\/product"}],"replies":[{"embeddable":true,"href":"https:\/\/fmp-components.com\/sk\/wp-json\/wp\/v2\/comments?post=1371"}],"wp:featuredmedia":[{"embeddable":true,"href":"https:\/\/fmp-components.com\/sk\/wp-json\/wp\/v2\/media\/1336"}],"wp:attachment":[{"href":"https:\/\/fmp-components.com\/sk\/wp-json\/wp\/v2\/media?parent=1371"}],"wp:term":[{"taxonomy":"product_brand","embeddable":true,"href":"https:\/\/fmp-components.com\/sk\/wp-json\/wp\/v2\/product_brand?post=1371"},{"taxonomy":"product_cat","embeddable":true,"href":"https:\/\/fmp-components.com\/sk\/wp-json\/wp\/v2\/product_cat?post=1371"},{"taxonomy":"product_tag","embeddable":true,"href":"https:\/\/fmp-components.com\/sk\/wp-json\/wp\/v2\/product_tag?post=1371"}],"curies":[{"name":"pracovn\u00fd list","href":"https:\/\/api.w.org\/{rel}","templated":true}]}}