{"id":1367,"date":"2024-12-23T02:18:57","date_gmt":"2024-12-23T02:18:57","guid":{"rendered":"https:\/\/fmp-components.com\/product\/factory-direct-sale-double-acting-hydraulic-cylinder-for-subsoiler\/"},"modified":"2024-12-23T03:02:13","modified_gmt":"2024-12-23T03:02:13","slug":"factory-direct-sale-double-acting-hydraulic-cylinder-for-subsoiler","status":"publish","type":"product","link":"https:\/\/fmp-components.com\/sk\/product\/factory-direct-sale-double-acting-hydraulic-cylinder-for-subsoiler\/","title":{"rendered":"Dvoj\u010dinn\u00fd hydraulick\u00fd valec pre hlbok\u00fd kypri\u010d z priameho predaja z tov\u00e1rne"},"content":{"rendered":"<p>Dvoj\u010dinn\u00fd hydraulick\u00fd valec pre podr\u00fdva\u010de, ktor\u00fd je priamo predan\u00fd z v\u00fdroby, je vysoko kvalitn\u00fd hydraulick\u00fd valec \u0161peci\u00e1lne navrhnut\u00fd pre \u00falohy podr\u00fdvania. V\u010faka dvoj\u010dinn\u00e9mu mechanizmu zais\u0165uje tento hydraulick\u00fd valec efekt\u00edvny a spo\u013eahliv\u00fd v\u00fdkon v ter\u00e9ne.<\/p>\n<p>Valec je vyroben\u00fd z odoln\u00fdch materi\u00e1lov, \u010do zaru\u010duje jeho dlh\u00fa \u017eivotnos\u0165 a schopnos\u0165 odol\u00e1va\u0165 n\u00e1ro\u010dn\u00e9mu pou\u017e\u00edvaniu. Jeho robustn\u00e1 kon\u0161trukcia mu umo\u017e\u0148uje zvl\u00e1da\u0165 intenz\u00edvne sily p\u00f4sobiace pri kypren\u00ed podlo\u017eia, v\u010faka \u010domu je spo\u013eahlivou vo\u013ebou pre po\u013enohospod\u00e1rske aplik\u00e1cie.<\/p>\n<p>Dvoj\u010dinn\u00e1 kon\u0161trukcia tohto hydraulick\u00e9ho valca umo\u017e\u0148uje vyv\u00edja\u0165 silu v oboch smeroch, v\u010faka \u010domu je ve\u013emi v\u0161estrann\u00fd a prisp\u00f4sobiv\u00fd r\u00f4znym \u00faloh\u00e1m. \u010ci u\u017e ide o rozb\u00edjanie zhutnenej p\u00f4dy alebo zlep\u0161enie odvodnenia, tento hydraulick\u00fd valec si s touto \u00falohou porad\u00ed s \u013eahkos\u0165ou.<\/p>\n<p>Okrem toho, dvoj\u010dinn\u00fd hydraulick\u00fd valec pre podr\u00fdva\u010d priamo z v\u00fdroby pon\u00faka presn\u00e9 ovl\u00e1danie a plynul\u00fd chod, \u010do zabezpe\u010duje, \u017ee va\u0161e \u00falohy podr\u00fdvania sa vykon\u00e1vaj\u00fa presne a efekt\u00edvne. Je navrhnut\u00fd tak, aby sa bezprobl\u00e9movo integroval s podr\u00fdva\u010dmi, \u010do umo\u017e\u0148uje jednoduch\u00fa in\u0161tal\u00e1ciu a kompatibilitu.<\/p>\n<p><img loading=\"lazy\" decoding=\"async\" class=\"alignnone size-full wp-image-1334\" src=\"https:\/\/fmp-components.com\/wp-content\/uploads\/2024\/12\/Adjustable-Clevis-Type-Cylinders-4.webp\" alt=\"Nastavite\u013en\u00e9 valce s vidlicov\u00fdm z\u00e1vesom\" width=\"800\" height=\"800\" title=\"\" srcset=\"https:\/\/fmp-components.com\/wp-content\/uploads\/2024\/12\/Adjustable-Clevis-Type-Cylinders-4.webp 800w, https:\/\/fmp-components.com\/wp-content\/uploads\/2024\/12\/Adjustable-Clevis-Type-Cylinders-4-480x480.webp 480w\" sizes=\"(min-width: 0px) and (max-width: 480px) 480px, (min-width: 481px) 800px, 100vw\" \/><\/p>\n<p>Z\u00e1verom mo\u017eno poveda\u0165, \u017ee dvoj\u010dinn\u00fd hydraulick\u00fd valec pre podr\u00fdva\u010de, ktor\u00fd je priamo pred\u00e1van\u00fd z v\u00fdroby, je \u0161pi\u010dkov\u00fd hydraulick\u00fd valec, ktor\u00fd kombinuje odolnos\u0165, v\u0161estrannos\u0165 a v\u00fdkon. V\u010faka svojej robustnej kon\u0161trukcii a dvoj\u010dinn\u00e9mu mechanizmu je vynikaj\u00facou vo\u013ebou pre ka\u017ed\u00e9ho, kto potrebuje spo\u013eahliv\u00fd hydraulick\u00fd valec na podr\u00fdvacie pr\u00e1ce.<\/p>\n<p><img decoding=\"async\" src=\"https:\/\/img.jiansujichilun.com\/img\/hydrauliccylinders\/C_hydrauliccylinders-3.webp\" alt=\"hydraulick\u00fd valec\" width=\"800\" title=\"\"><\/p>\n<h2>V\u00fdhody nastavite\u013en\u00fdch valcov s vidlicov\u00fdm uchyten\u00edm<\/h2>\n<p>Nastavite\u013en\u00e9 valce s vidlicov\u00fdm uchyten\u00edm, ako napr\u00edklad dvoj\u010dinn\u00fd hydraulick\u00fd valec pre podr\u00fdv\u00e1ky priamo z v\u00fdroby, pon\u00fakaj\u00fa v r\u00f4znych aplik\u00e1ci\u00e1ch nieko\u013eko v\u00fdhod. Tieto valce s\u00fa navrhnut\u00e9 s presnos\u0165ou a inov\u00e1ciou, aby sa zabezpe\u010dil optim\u00e1lny v\u00fdkon a odolnos\u0165. V tomto \u010dl\u00e1nku podrobne presk\u00famame v\u00fdhody nastavite\u013en\u00fdch valcov s vidlicov\u00fdm uchyten\u00edm.<\/p>\n<h3>Zv\u00fd\u0161en\u00e1 flexibilita a prisp\u00f4sobivos\u0165<\/h3>\n<p>Jednou z v\u00fdznamn\u00fdch v\u00fdhod nastavite\u013en\u00fdch valcov s vidlicov\u00fdm uchyten\u00edm je ich zv\u00fd\u0161en\u00e1 flexibilita a prisp\u00f4sobivos\u0165. Tieto valce s\u00fa navrhnut\u00e9 tak, aby sa prisp\u00f4sobili r\u00f4znym mont\u00e1\u017enym poloh\u00e1m a uhlom, \u010do umo\u017e\u0148uje jednoduch\u00e9 nastavenie a prisp\u00f4sobenie. Funkcia nastavite\u013en\u00e9ho uchytenia umo\u017e\u0148uje obsluhe jemne doladi\u0165 d\u013a\u017eku zdvihu valca tak, aby sp\u013a\u0148ala \u0161pecifick\u00e9 po\u017eiadavky konkr\u00e9tnej aplik\u00e1cie. T\u00e1to flexibilita zais\u0165uje optim\u00e1lny v\u00fdkon a \u00fa\u010dinnos\u0165.<\/p>\n<h3>Zlep\u0161en\u00e1 nosnos\u0165<\/h3>\n<p>Nastavite\u013en\u00e9 valce s vidlicovou vidlicou s\u00fa skon\u0161truovan\u00e9 tak, aby s \u013eahkos\u0165ou zvl\u00e1dali \u0165a\u017ek\u00e9 bremen\u00e1. V\u010faka svojej robustnej kon\u0161trukcii a pokro\u010dilej hydraulickej technol\u00f3gii pon\u00fakaj\u00fa tieto valce v\u00fdnimo\u010dn\u00fa nosnos\u0165. Dvoj\u010dinn\u00e1 kon\u0161trukcia umo\u017e\u0148uje siln\u00e9 vys\u00favanie a zas\u00favanie, \u010do umo\u017e\u0148uje efekt\u00edvne a presn\u00e9 ovl\u00e1danie pri n\u00e1ro\u010dn\u00fdch aplik\u00e1ci\u00e1ch. \u010ci u\u017e ide o po\u013enohospod\u00e1rske stroje alebo priemyseln\u00e9 zariadenia, tieto valce poskytuj\u00fa spo\u013eahliv\u00fd a v\u00fdkonn\u00fd v\u00fdkon.<\/p>\n<h3>Zv\u00fd\u0161en\u00e1 stabilita a presnos\u0165<\/h3>\n<p>\u010eal\u0161ou v\u00fdhodou nastavite\u013en\u00fdch valcov s vidlicov\u00fdm uchyten\u00edm je ich schopnos\u0165 zabezpe\u010di\u0165 zv\u00fd\u0161en\u00fa stabilitu a presnos\u0165. Inovat\u00edvny dizajn a kon\u0161trukcia t\u00fdchto valcov zabezpe\u010duj\u00fa minim\u00e1lne vych\u00fdlenie po\u010das prev\u00e1dzky, \u010do vedie k zlep\u0161enej stabilite a presnosti. T\u00e1to \u00farove\u0148 stability je k\u013e\u00fa\u010dov\u00e1 v aplik\u00e1ci\u00e1ch, kde sa vy\u017eaduje presn\u00e9 polohovanie a kontrolovan\u00e9 pohyby, ako napr\u00edklad v stavebn\u00fdch zariadeniach alebo strojoch na manipul\u00e1ciu s materi\u00e1lom.<\/p>\n<h3>Zv\u00fd\u0161en\u00e1 efektivita a produktivita<\/h3>\n<p>Zabudovan\u00edm nastavite\u013en\u00fdch valcov s vidlicov\u00fdm uchyten\u00edm do v\u00e1\u0161ho zariadenia m\u00f4\u017eete v\u00fdrazne zv\u00fd\u0161i\u0165 efektivitu a produktivitu. Tieto valce pon\u00fakaj\u00fa r\u00fdchle a spo\u013eahliv\u00e9 hydraulick\u00e9 ovl\u00e1danie, \u010do umo\u017e\u0148uje r\u00fdchlej\u0161ie cykly a skr\u00e1tenie prestojov. V\u010faka svojim vysok\u00fdm v\u00fdkonom prispievaj\u00fa k vy\u0161\u0161ej \u00farovni produktivity, \u010do v kone\u010dnom d\u00f4sledku vedie k zlep\u0161eniu celkovej prev\u00e1dzkovej efektivity.<\/p>\n<h3>Zv\u00fd\u0161en\u00e1 odolnos\u0165 a dlh\u00e1 \u017eivotnos\u0165<\/h3>\n<p>Nastavite\u013en\u00e9 valce s vidlicov\u00fdm uz\u00e1verom s\u00fa navrhnut\u00e9 tak, aby odolali naj\u0165a\u017e\u0161\u00edm pracovn\u00fdm podmienkam. Tieto valce s\u00fa vyroben\u00e9 z vysoko kvalitn\u00fdch materi\u00e1lov a pokro\u010dil\u00fdch v\u00fdrobn\u00fdch techn\u00edk, v\u010faka \u010domu sa vyzna\u010duj\u00fa v\u00fdnimo\u010dnou odolnos\u0165ou a dlhou \u017eivotnos\u0165ou. Znes\u00fa \u0165a\u017ek\u00e9 za\u0165a\u017eenie, drsn\u00e9 prostredie a \u010dast\u00e9 pou\u017e\u00edvanie bez toho, aby to ohrozilo ich v\u00fdkon. T\u00e1to odolnos\u0165 zais\u0165uje dlh\u0161iu \u017eivotnos\u0165 a zni\u017euje potrebu \u010dast\u00fdch v\u00fdmen, \u010do vedie k \u00faspore n\u00e1kladov pre majite\u013eov zariaden\u00ed.<\/p>\n<h3>Z\u00e1ver<\/h3>\n<p>Z\u00e1verom mo\u017eno poveda\u0165, \u017ee nastavite\u013en\u00e9 valce s vidlicov\u00fdm z\u00e1vitom, ako napr\u00edklad dvoj\u010dinn\u00fd hydraulick\u00fd valec pre hlbokokypriace r\u00fdpadl\u00e1, ktor\u00fd sa pred\u00e1va priamo z v\u00fdroby, pon\u00fakaj\u00fa mno\u017estvo v\u00fdhod v r\u00f4znych aplik\u00e1ci\u00e1ch. Ich flexibilita, nosnos\u0165, stabilita, \u00fa\u010dinnos\u0165 a odolnos\u0165 z nich robia vynikaj\u00facu vo\u013ebu pre \u0161irok\u00fa \u0161k\u00e1lu hydraulick\u00fdch syst\u00e9mov. Zabudovan\u00edm t\u00fdchto valcov do v\u00e1\u0161ho zariadenia m\u00f4\u017eete zv\u00fd\u0161i\u0165 v\u00fdkon, zv\u00fd\u0161i\u0165 produktivitu a dosiahnu\u0165 optim\u00e1lne v\u00fdsledky vo va\u0161ej prev\u00e1dzke.<\/p>\n<p><img decoding=\"async\" src=\"https:\/\/fmp-components.com\/wp-content\/uploads\/2024\/12\/Adjustable-Clevis-Type-Cylinders5.webp\" alt=\"Nastavite\u013en\u00fd valec typu Clevis\" width=\"800\" title=\"\"><\/p>\n<h2>Pou\u017eitie nastavite\u013en\u00fdch valcov s vidlicov\u00fdm uchyten\u00edm<\/h2>\n<p>Nastavite\u013en\u00e9 valce s vidlicov\u00fdm uchyten\u00edm, ako napr\u00edklad dvoj\u010dinn\u00fd hydraulick\u00fd valec pre podr\u00fdv\u00e1ky, ktor\u00fd sa pred\u00e1va priamo z v\u00fdroby, pon\u00fakaj\u00fa \u0161irok\u00fa \u0161k\u00e1lu aplik\u00e1ci\u00ed v r\u00f4znych odvetviach. Tieto valce s\u00fa navrhnut\u00e9 s jedine\u010dn\u00fdm nastavite\u013en\u00fdm uchyten\u00edm s vidlicov\u00fdm uchyten\u00edm, ktor\u00e9 poskytuje flexibilitu a v\u0161estrannos\u0165 pre r\u00f4zne \u00fa\u010dely. V tomto \u010dl\u00e1nku presk\u00famame k\u013e\u00fa\u010dov\u00e9 aplik\u00e1cie nastavite\u013en\u00fdch valcov s vidlicov\u00fdm uchyten\u00edm a podrobne rozoberieme ich v\u00fdhody.<\/p>\n<h3>1. Po\u013enohospod\u00e1rske stroje<\/h3>\n<p>Nastavite\u013en\u00e9 valce s vidlicov\u00fdm uz\u00e1verom zohr\u00e1vaj\u00fa d\u00f4le\u017eit\u00fa \u00falohu v po\u013enohospod\u00e1rskom sektore, najm\u00e4 pri prev\u00e1dzke podr\u00fdva\u010dov. Podryva\u010d je nevyhnutn\u00fd n\u00e1stroj pou\u017e\u00edvan\u00fd na rozb\u00edjanie zhutnen\u00fdch vrstiev p\u00f4dy pod povrchom, \u010d\u00edm sa zlep\u0161uje odvod\u0148ovanie p\u00f4dy a absorpcia \u017eiv\u00edn. Dvoj\u010dinn\u00fd hydraulick\u00fd valec s priamym predajom z v\u00fdroby je \u0161peci\u00e1lne navrhnut\u00fd pre podr\u00fdva\u010dov a pon\u00faka presn\u00e9 ovl\u00e1danie a v\u00fdkon na efekt\u00edvne prenikanie do n\u00e1ro\u010dn\u00fdch p\u00f4dnych podmienok.<\/p>\n<p>Tieto valce poskytuj\u00fa nastavite\u013en\u00e9 mo\u017enosti mont\u00e1\u017ee, \u010do umo\u017e\u0148uje po\u013enohospod\u00e1rom \u013eahko sa prisp\u00f4sobi\u0165 r\u00f4znym konfigur\u00e1ci\u00e1m podr\u00fdv\u00e1ka. Hydraulick\u00e9 p\u00f4sobenie valca zais\u0165uje konzistentn\u00fd a spo\u013eahliv\u00fd v\u00fdkon, \u010do umo\u017e\u0148uje efekt\u00edvne obr\u00e1banie p\u00f4dy a podporuje optim\u00e1lny rast plod\u00edn. Pou\u017eitie nastavite\u013en\u00fdch valcov s vidlicov\u00fdm uchyten\u00edm v po\u013enohospod\u00e1rskych strojoch zvy\u0161uje produktivitu a zni\u017euje n\u00e1ro\u010dnos\u0165 pr\u00e1ce.<\/p>\n<h3>2. Stavebn\u00e9 zariadenia<\/h3>\n<p>Nastavite\u013en\u00e9 valce s vidlicov\u00fdm z\u00e1vesom nach\u00e1dzaj\u00fa \u0161irok\u00e9 uplatnenie v stavebn\u00edctve, kde s\u00fa potrebn\u00e9 robustn\u00e9 a v\u0161estrann\u00e9 hydraulick\u00e9 rie\u0161enia. Tieto valce sa be\u017ene pou\u017e\u00edvaj\u00fa v r\u00f4znych stavebn\u00fdch strojoch, ako s\u00fa bagre, naklada\u010de a buldoz\u00e9ry, na vykon\u00e1vanie z\u00e1kladn\u00fdch \u00faloh, ako je zdv\u00edhanie, tla\u010denie a kopanie.<\/p>\n<p>Dvoj\u010dinn\u00fd hydraulick\u00fd valec, ktor\u00fd je priamo pred\u00e1van\u00fd z v\u00fdroby, pon\u00faka v\u00fdnimo\u010dn\u00fa pevnos\u0165 a odolnos\u0165, aby odolal \u0165a\u017ek\u00fdm za\u0165a\u017eeniam a n\u00e1ro\u010dn\u00fdm pracovn\u00fdm podmienkam. Jeho nastavite\u013en\u00e9 uchytenie vidlice umo\u017e\u0148uje jednoduch\u00fa integr\u00e1ciu do r\u00f4znych kon\u0161trukci\u00ed zariaden\u00ed, \u010d\u00edm zabezpe\u010duje optim\u00e1lny v\u00fdkon a \u00fa\u010dinnos\u0165. Presn\u00e9 ovl\u00e1danie a plynul\u00fd chod t\u00fdchto valcov prispievaj\u00fa k zlep\u0161eniu stavebn\u00fdch procesov a zv\u00fd\u0161eniu produktivity na stavenisku.<\/p>\n<h3>3. Syst\u00e9my manipul\u00e1cie s materi\u00e1lom<\/h3>\n<p>Nastavite\u013en\u00e9 valce s vidlicov\u00fdm uz\u00e1verom sa \u0161iroko pou\u017e\u00edvaj\u00fa v syst\u00e9moch manipul\u00e1cie s materi\u00e1lom na u\u013eah\u010denie plynul\u00e9ho a kontrolovan\u00e9ho pohybu. Medzi tieto syst\u00e9my patria dopravn\u00edkov\u00e9 p\u00e1sy, zdv\u00edhacie plo\u0161iny a automatizovan\u00e9 v\u00fdrobn\u00e9 linky, kde je presn\u00e9 polohovanie a spo\u013eahliv\u00e1 prev\u00e1dzka k\u013e\u00fa\u010dov\u00e9.<\/p>\n<p>Dvoj\u010dinn\u00fd hydraulick\u00fd valec s priamym predajom z v\u00fdroby zohr\u00e1va v\u00fdznamn\u00fa \u00falohu v aplik\u00e1ci\u00e1ch manipul\u00e1cie s materi\u00e1lom t\u00fdm, \u017ee poskytuje potrebn\u00fa silu a stabilitu. Jeho nastavite\u013en\u00e9 uchytenie vidlice umo\u017e\u0148uje jednoduch\u00fa in\u0161tal\u00e1ciu a zarovnanie v r\u00e1mci syst\u00e9mu, \u010d\u00edm zabezpe\u010duje presn\u00fd a efekt\u00edvny pohyb tovaru. Pokro\u010dil\u00e1 hydraulick\u00e1 technol\u00f3gia t\u00fdchto valcov umo\u017e\u0148uje presn\u00e9 riadenie r\u00fdchlosti a za\u0165a\u017eenia, minimalizuje riziko po\u0161kodenia a optimalizuje celkov\u00fa produktivitu pri manipul\u00e1cii s materi\u00e1lom.<\/p>\n<p>Nastavite\u013en\u00e9 valce s vidlicov\u00fdm z\u00e1vitom, ktor\u00fdch pr\u00edkladom je dvoj\u010dinn\u00fd hydraulick\u00fd valec pre podr\u00fdv\u00e1k priamo z v\u00fdroby, pon\u00faka rozmanit\u00e9 uplatnenie v r\u00f4znych odvetviach. Od po\u013enohospod\u00e1rskych strojov a\u017e po stavebn\u00e9 zariadenia a syst\u00e9my manipul\u00e1cie s materi\u00e1lom, tieto valce poskytuj\u00fa potrebn\u00fd v\u00fdkon, ovl\u00e1danie a prisp\u00f4sobivos\u0165 na splnenie r\u00f4znych prev\u00e1dzkov\u00fdch po\u017eiadaviek.<\/p>\n<p>Nastavite\u013en\u00e9 uchytenie vidlice zvy\u0161uje v\u0161estrannos\u0165 t\u00fdchto valcov, \u010do umo\u017e\u0148uje jednoduch\u00fa integr\u00e1ciu a presn\u00e9 nastavenie v r\u00f4znych aplik\u00e1ci\u00e1ch. V\u010faka svojej robustnej kon\u0161trukcii, spo\u013eahliv\u00e9mu v\u00fdkonu a pokro\u010dil\u00fdm hydraulick\u00fdm funkci\u00e1m prispievaj\u00fa nastavite\u013en\u00e9 valce s vidlicov\u00fdm uchyten\u00edm k zlep\u0161eniu produktivity, efekt\u00edvnosti a celkov\u00e9ho v\u00fdkonu v \u0161irokej \u0161k\u00e1le odvetv\u00ed.<\/p>\n<p><img decoding=\"async\" src=\"https:\/\/fmp-components.com\/wp-content\/uploads\/2024\/12\/Application-of-Adjustable-Clevis-Type-Cylinders.webp\" alt=\"Nastavite\u013en\u00fd valec typu Clevis\" width=\"800\" title=\"\"><\/p>\n<h3>O hydraulickom valci FMP<\/h3>\n<p>FMP je spolo\u010dnos\u0165, ktor\u00e1 z\u00e1kazn\u00edkom poskytuje vysoko kvalitn\u00e9 a spo\u013eahliv\u00e9 hydraulick\u00e9 valce a kompletn\u00e9 strojn\u00e9 rie\u0161enia. Na\u0161e hydraulick\u00e9 valce sa \u0161iroko pou\u017e\u00edvaj\u00fa v r\u00f4znych typoch stavebn\u00fdch strojov vr\u00e1tane prevodoviek po\u013enohospod\u00e1rskych strojov, plan\u00e9tov\u00fdch prevodoviek, priemyseln\u00fdch prevodoviek a s\u00fa\u010diastok po\u013enohospod\u00e1rskych strojov. Tu je 5 d\u00f4vodov, pre\u010do by ste si mali vybra\u0165 FMP:<\/p>\n<p>1. Vysok\u00e9 \u0161tandardy kvality: V spolo\u010dnosti FMP budujeme dlhodob\u00e9 a stabiln\u00e9 partnersk\u00e9 vz\u0165ahy s mnoh\u00fdmi kvalitn\u00fdmi dod\u00e1vate\u013emi doma aj v zahrani\u010d\u00ed, \u010d\u00edm zabezpe\u010dujeme, aby v\u0161etky dod\u00e1van\u00e9 hydraulick\u00e9 valce sp\u013a\u0148ali pr\u00edsne \u0161tandardy kvality. Na\u0161e hydraulick\u00e9 valce s\u00fa odoln\u00e9, efekt\u00edvne a maj\u00fa dlh\u00fa \u017eivotnos\u0165, \u010do m\u00f4\u017ee z\u00e1kazn\u00edkom u\u0161etri\u0165 n\u00e1klady na \u00fadr\u017ebu a opravy.<\/p>\n<p>2. Profesion\u00e1lny t\u00edm: FMP m\u00e1 sk\u00fasen\u00fd a kvalifikovan\u00fd obchodn\u00fd t\u00edm, ktor\u00fd je obozn\u00e1men\u00fd s v\u00fdvojov\u00fdmi trendmi a potrebami z\u00e1kazn\u00edkov v odvetv\u00ed stavebn\u00fdch strojov. Dok\u00e1\u017ee poskytn\u00fa\u0165 profesion\u00e1lne poradenstvo oh\u013eadom produktov a inteligentn\u00e9 n\u00e1vrhy na n\u00e1kup, \u010d\u00edm z\u00e1kazn\u00edkom pom\u00f4\u017ee vybra\u0165 si najvhodnej\u0161ie hydraulick\u00e9 valce pre ich stroje.<\/p>\n<p>3. \u0160irok\u00fd sortiment produktov: Sortiment produktov spolo\u010dnosti FMP je \u0161irok\u00fd a zah\u0155\u0148a r\u00f4zne typy hydraulick\u00fdch valcov, ako s\u00fa nastavite\u013en\u00e9 valce s vidlicov\u00fdm z\u00e1vesom, teleskopick\u00e9 valce a zv\u00e1ran\u00e9 hydraulick\u00e9 valce. Pon\u00fakame tie\u017e rad \u0161pi\u010dkov\u00e9ho pr\u00edslu\u0161enstva, ktor\u00e9 k nim zodpoved\u00e1, ako s\u00fa hydraulick\u00e9 \u010derpadl\u00e1, ventily a filtre, aby sme splnili r\u00f4zne potreby z\u00e1kazn\u00edkov.<\/p>\n<p>4. Efekt\u00edvna logistick\u00e1 distrib\u00facia: FMP m\u00e1 efekt\u00edvny logistick\u00fd distribu\u010dn\u00fd syst\u00e9m, ktor\u00fd zabezpe\u010duje, aby z\u00e1kazn\u00edci dostali potrebn\u00e9 hydraulick\u00e9 valce v\u010das a presne. Poskytujeme r\u00fdchle a spo\u013eahliv\u00e9 prepravn\u00e9 slu\u017eby, aby sme z\u00e1kazn\u00edkom \u0161etrili \u010das a predi\u0161li strat\u00e1m sp\u00f4soben\u00fdm me\u0161kan\u00edm.<\/p>\n<p>5. Profesion\u00e1lny popredajn\u00fd servis: Spolo\u010dnos\u0165 FMP sa zav\u00e4zuje poskytova\u0165 z\u00e1kazn\u00edkom profesion\u00e1lny popredajn\u00fd servis. Ak maj\u00fa z\u00e1kazn\u00edci ak\u00e9ko\u013evek ot\u00e1zky alebo probl\u00e9my po\u010das pou\u017e\u00edvania na\u0161ich hydraulick\u00fdch valcov, n\u00e1\u0161 popredajn\u00fd t\u00edm poskytne v\u010dasn\u00e9 a efekt\u00edvne rie\u0161enia, aby sa zabezpe\u010dila bezprobl\u00e9mov\u00e1 prev\u00e1dzka strojov z\u00e1kazn\u00edkov.<\/p>\n<p><img decoding=\"async\" src=\"https:\/\/fmp-components.com\/wp-content\/uploads\/2024\/12\/Adjustable-Clevis-Type-Cylinders-6.webp\" alt=\"Nastavite\u013en\u00fd valec typu Clevis\" width=\"829\" title=\"\"><\/p>\n<p>Zvo\u013ete si FMP, vyberte si kvalitn\u00e9 a spo\u013eahliv\u00e9 hydraulick\u00e9 valce pre va\u0161e stavebn\u00e9 stroje.<\/p>\n<p>Autor\uff1a CX<\/p>","protected":false},"excerpt":{"rendered":"<p>Factory Direct Sale Double Acting Hydraulic Cylinder For Subsoiler is a high-quality hydraulic cylinder specifically designed for subsoiling tasks. With its double-acting mechanism, this hydraulic cylinder ensures efficient and reliable performance in the field. The cylinder is crafted using durable materials, guaranteeing its longevity and ability to withstand heavy-duty use. Its robust construction allows it [&hellip;]<\/p>","protected":false},"featured_media":1340,"comment_status":"closed","ping_status":"closed","template":"","meta":{"_et_pb_use_builder":"","_et_pb_old_content":"","_et_gb_content_width":""},"product_brand":[],"product_cat":[39],"product_tag":[41,34],"class_list":{"0":"post-1367","1":"product","2":"type-product","3":"status-publish","4":"has-post-thumbnail","6":"product_cat-adjustable-clevis-type-cylinders","7":"product_tag-adjustable-clevis-type-cylinders","8":"product_tag-hydraulic-cylinder","10":"first","11":"instock","12":"product-type-simple"},"_links":{"self":[{"href":"https:\/\/fmp-components.com\/sk\/wp-json\/wp\/v2\/product\/1367","targetHints":{"allow":["GET"]}}],"collection":[{"href":"https:\/\/fmp-components.com\/sk\/wp-json\/wp\/v2\/product"}],"about":[{"href":"https:\/\/fmp-components.com\/sk\/wp-json\/wp\/v2\/types\/product"}],"replies":[{"embeddable":true,"href":"https:\/\/fmp-components.com\/sk\/wp-json\/wp\/v2\/comments?post=1367"}],"wp:featuredmedia":[{"embeddable":true,"href":"https:\/\/fmp-components.com\/sk\/wp-json\/wp\/v2\/media\/1340"}],"wp:attachment":[{"href":"https:\/\/fmp-components.com\/sk\/wp-json\/wp\/v2\/media?parent=1367"}],"wp:term":[{"taxonomy":"product_brand","embeddable":true,"href":"https:\/\/fmp-components.com\/sk\/wp-json\/wp\/v2\/product_brand?post=1367"},{"taxonomy":"product_cat","embeddable":true,"href":"https:\/\/fmp-components.com\/sk\/wp-json\/wp\/v2\/product_cat?post=1367"},{"taxonomy":"product_tag","embeddable":true,"href":"https:\/\/fmp-components.com\/sk\/wp-json\/wp\/v2\/product_tag?post=1367"}],"curies":[{"name":"pracovn\u00fd list","href":"https:\/\/api.w.org\/{rel}","templated":true}]}}