{"id":1366,"date":"2024-12-23T02:18:57","date_gmt":"2024-12-23T02:18:57","guid":{"rendered":"https:\/\/fmp-components.com\/product\/premium-quality-double-acting-tow-truck-hydraulic-cylinder-for-trailer\/"},"modified":"2024-12-23T03:02:08","modified_gmt":"2024-12-23T03:02:08","slug":"premium-quality-double-acting-tow-truck-hydraulic-cylinder-for-trailer","status":"publish","type":"product","link":"https:\/\/fmp-components.com\/sk\/product\/premium-quality-double-acting-tow-truck-hydraulic-cylinder-for-trailer\/","title":{"rendered":"Hydraulick\u00fd valec pr\u00e9miovej kvality s dvoj\u010dinn\u00fdm \u00fa\u010dinkom pre od\u0165ahov\u00e9 vozidlo"},"content":{"rendered":"<p>Predstavujeme v\u00e1m pr\u00e9miov\u00fd dvoj\u010dinn\u00fd hydraulick\u00fd valec pre od\u0165ahovacie vozidl\u00e1! Tento \u0161pi\u010dkov\u00fd produkt je navrhnut\u00fd tak, aby poskytoval maxim\u00e1lnu pevnos\u0165 a odolnos\u0165 pre v\u0161etky va\u0161e potreby v oblasti \u0165ahania.<\/p>\n<p>Tento hydraulick\u00fd valec, vyroben\u00fd s presnos\u0165ou a starostlivos\u0165ou, je skon\u0161truovan\u00fd tak, aby vydr\u017eal. Jeho dvoj\u010dinn\u00e1 kon\u0161trukcia umo\u017e\u0148uje zv\u00fd\u0161en\u00fd v\u00fdkon a \u00fa\u010dinnos\u0165, \u010d\u00edm zabezpe\u010duje, \u017ee pr\u00e1cu zvl\u00e1dnete r\u00fdchlo a efekt\u00edvne. S maxim\u00e1lnym tlakom 3000 PSI a maxim\u00e1lnym zdvihom 48 palcov je tento valec schopn\u00fd zvl\u00e1dnu\u0165 aj tie naj\u0165a\u017e\u0161ie \u0165a\u017en\u00e9 pr\u00e1ce.<\/p>\n<p>Tento hydraulick\u00fd valec je vyroben\u00fd z vysoko kvalitn\u00fdch materi\u00e1lov vr\u00e1tane tvrdo chr\u00f3movanej piestnej ty\u010de, tak\u017ee je odoln\u00fd vo\u010di kor\u00f3zii a opotrebovaniu, \u010do zaru\u010duje, \u017ee zostane v perfektnom stave po mnoho rokov. Jeho robustn\u00e1 kon\u0161trukcia tie\u017e znamen\u00e1, \u017ee odol\u00e1 \u0165a\u017ek\u00fdm n\u00e1kladom a n\u00e1ro\u010dn\u00e9mu ter\u00e9nu, v\u010faka \u010domu je ide\u00e1lnou vo\u013ebou pre v\u0161etky va\u0161e potreby v oblasti \u0165ahania.<\/p>\n<p><img loading=\"lazy\" decoding=\"async\" class=\"alignnone size-full wp-image-1334\" src=\"https:\/\/fmp-components.com\/wp-content\/uploads\/2024\/12\/Adjustable-Clevis-Type-Cylinders-4.webp\" alt=\"Nastavite\u013en\u00e9 valce s vidlicov\u00fdm z\u00e1vesom\" width=\"800\" height=\"800\" title=\"\" srcset=\"https:\/\/fmp-components.com\/wp-content\/uploads\/2024\/12\/Adjustable-Clevis-Type-Cylinders-4.webp 800w, https:\/\/fmp-components.com\/wp-content\/uploads\/2024\/12\/Adjustable-Clevis-Type-Cylinders-4-480x480.webp 480w\" sizes=\"(min-width: 0px) and (max-width: 480px) 480px, (min-width: 481px) 800px, 100vw\" \/><\/p>\n<p>Ak teda h\u013ead\u00e1te spo\u013eahliv\u00fd a vysoko v\u00fdkonn\u00fd hydraulick\u00fd valec pre v\u00e1\u0161 pr\u00edves, neh\u013eadajte \u010falej ako prvotriedny dvoj\u010dinn\u00fd hydraulick\u00fd valec pre od\u0165ahov\u00e9 vozidl\u00e1. V\u010faka svojej vynikaj\u00facej pevnosti a odolnosti tento produkt ur\u010dite prekon\u00e1 va\u0161e o\u010dak\u00e1vania a poskytne v\u00e1m v\u00fdkon, ktor\u00fd potrebujete na spr\u00e1vne vykonanie pr\u00e1ce.<\/p>\n<table style=\"width: 100%;\" border=\"1\" width=\"100%\" cellspacing=\"0\" cellpadding=\"0\">\n<tbody>\n<tr>\n<th>Stav<\/th>\n<td>Nov\u00e9<\/td>\n<\/tr>\n<tr>\n<th>Z\u00e1ruka<\/th>\n<td>1 rok<\/td>\n<\/tr>\n<tr>\n<th>Pou\u017eite\u013en\u00e9 odvetvia<\/th>\n<td>Opravovne strojov, Farmy, Energia a ban\u00edctvo, V\u00fdroba strojov, Stroj\u00e1rensk\u00fd z\u00e1vod<\/td>\n<\/tr>\n<tr>\n<th>Hmotnos\u0165 (kg)<\/th>\n<td>70<\/td>\n<\/tr>\n<tr>\n<th>V\u00fdstupn\u00e1 videoin\u0161pekcia<\/th>\n<td>Poskytnut\u00e9<\/td>\n<\/tr>\n<tr>\n<th>Spr\u00e1va o sk\u00fa\u0161ke strojov<\/th>\n<td>Poskytnut\u00e9<\/td>\n<\/tr>\n<tr>\n<th>Typ marketingu<\/th>\n<td>Nov\u00fd produkt 2023<\/td>\n<\/tr>\n<tr>\n<th>Z\u00e1ruka na z\u00e1kladn\u00e9 komponenty<\/th>\n<td>1 rok<\/td>\n<\/tr>\n<tr>\n<th>Z\u00e1kladn\u00e9 komponenty<\/th>\n<td>Lo\u017eisko, hydraulick\u00fd valec<\/td>\n<\/tr>\n<tr>\n<th>\u0160tandardn\u00e9 alebo ne\u0161tandardn\u00e9<\/th>\n<td>\u0160tandard<\/td>\n<\/tr>\n<tr>\n<th>\u0160trukt\u00fara<\/th>\n<td>Piestov\u00fd valec<\/td>\n<\/tr>\n<tr>\n<th>V\u00fdkon<\/th>\n<td>Hydraulick\u00e9<\/td>\n<\/tr>\n<tr>\n<th>Materi\u00e1l tela<\/th>\n<td>Oce\u013e<\/td>\n<\/tr>\n<tr>\n<th>Maxim\u00e1lny \u0165ah<\/th>\n<td>3000<\/td>\n<\/tr>\n<tr>\n<th>Typ<\/th>\n<td>Nastavite\u013en\u00e9 valce s vidlicov\u00fdm uz\u00e1verom<\/td>\n<\/tr>\n<tr>\n<th>Porty<\/th>\n<td>G\/SAE\/NPT\/M<\/td>\n<\/tr>\n<tr>\n<th>Maxim\u00e1lny \u0165ah<\/th>\n<td>20 ton<\/td>\n<\/tr>\n<tr>\n<th>Certifik\u00e1cia<\/th>\n<td>ISO9001:2000<\/td>\n<\/tr>\n<tr>\n<th>Ve\u013ekos\u0165 otvoru<\/th>\n<td>2-6 palcov<\/td>\n<\/tr>\n<tr>\n<th>Ve\u013ekos\u0165 ty\u010de<\/th>\n<td>1,125-4 palca<\/td>\n<\/tr>\n<tr>\n<th>Ve\u013ekos\u0165 \u0165ahu<\/th>\n<td>4-100 palcov<\/td>\n<\/tr>\n<tr>\n<th>Ve\u013ekos\u0165 \u010dapu<\/th>\n<td>0,5-2 palce<\/td>\n<\/tr>\n<tr>\n<th>Farba<\/th>\n<td>\u010cierna<\/td>\n<\/tr>\n<tr>\n<th>Detaily balenia<\/th>\n<td>\u017delezn\u00e9 puzdro, preglejkov\u00e9 puzdro alebo kart\u00f3nov\u00e1 krabica<\/td>\n<\/tr>\n<\/tbody>\n<\/table>\n<h2>V\u00fdhody nastavite\u013en\u00fdch valcov s vidlicov\u00fdm uchyten\u00edm<\/h2>\n<p>Pokia\u013e ide o hydraulick\u00e9 valce pre pr\u00edvesy, nastavite\u013en\u00e9 valce s vidlicov\u00fdm uchyten\u00edm vynikaj\u00fa svojou prvotriednou kvalitou a dvoj\u010dinnou funkciou. Tieto valce pon\u00fakaj\u00fa oproti in\u00fdm typom nieko\u013eko v\u00fdhod, v\u010faka \u010domu s\u00fa v tomto odvetv\u00ed ob\u013e\u00fabenou vo\u013ebou. V tomto \u010dl\u00e1nku sa podrobne venujeme v\u00fdhod\u00e1m nastavite\u013en\u00fdch valcov s vidlicov\u00fdm uchyten\u00edm.<\/p>\n<h3>1. Zv\u00fd\u0161en\u00e1 flexibilita a prisp\u00f4sobenie<\/h3>\n<p>Jednou z k\u013e\u00fa\u010dov\u00fdch v\u00fdhod nastavite\u013en\u00fdch valcov s vidlicov\u00fdm uchyten\u00edm je ich schopnos\u0165 poskytn\u00fa\u0165 zv\u00fd\u0161en\u00fa flexibilitu a prisp\u00f4sobenie. Tieto valce sa dod\u00e1vaj\u00fa s nastavite\u013en\u00fdmi uchyteniami s vidlicov\u00fdm uchyten\u00edm, ktor\u00e9 umo\u017e\u0148uj\u00fa jednoduch\u00e9 prisp\u00f4sobenie r\u00f4znym aplik\u00e1ci\u00e1m a mont\u00e1\u017enym poloh\u00e1m. Nastavite\u013en\u00e1 funkcia umo\u017e\u0148uje presn\u00e9 polohovanie a zais\u0165uje optim\u00e1lny v\u00fdkon v r\u00f4znych scen\u00e1roch. \u010ci u\u017e ide o od\u0165ahov\u00e9 vozidlo, pr\u00edves alebo ak\u00fdko\u013evek in\u00fd hydraulick\u00fd syst\u00e9m, tieto valce pon\u00fakaj\u00fa v\u0161estrannos\u0165 potrebn\u00fa na splnenie \u0161pecifick\u00fdch po\u017eiadaviek.<\/p>\n<h3>2. Vynikaj\u00faca schopnos\u0165 manipul\u00e1cie s n\u00e1kladom<\/h3>\n<p>Nastavite\u013en\u00e9 valce s vidlicov\u00fdm z\u00e1vesom vynikaj\u00fa svojou nosnos\u0165ou, v\u010faka \u010domu s\u00fa ide\u00e1lne pre n\u00e1ro\u010dn\u00e9 aplik\u00e1cie. V\u010faka svojej prvotriednej kon\u0161trukcii a robustn\u00e9mu dizajnu tieto valce odol\u00e1vaj\u00fa vysok\u00e9mu tlaku a \u0165a\u017ek\u00fdm za\u0165a\u017eeniam. V\u010faka tomu s\u00fa spo\u013eahlivou vo\u013ebou pre n\u00e1ro\u010dn\u00e9 \u00falohy, ako je \u0165ahanie \u0165a\u017ek\u00fdch pr\u00edvesov alebo zdv\u00edhanie zna\u010dn\u00fdch hmotnost\u00ed. Dvoj\u010dinn\u00e1 funkcia \u010falej zvy\u0161uje ich nosnos\u0165 t\u00fdm, \u017ee poskytuje silu v oboch smeroch, \u010d\u00edm zvy\u0161uje \u00fa\u010dinnos\u0165 a produktivitu.<\/p>\n<h3>3. Zv\u00fd\u0161en\u00e1 odolnos\u0165 a dlh\u00e1 \u017eivotnos\u0165<\/h3>\n<p>\u010eal\u0161ou pozoruhodnou v\u00fdhodou nastavite\u013en\u00fdch valcov s vidlicov\u00fdm uchyten\u00edm je ich v\u00fdnimo\u010dn\u00e1 odolnos\u0165 a dlh\u00e1 \u017eivotnos\u0165. Tieto valce s\u00fa vyroben\u00e9 z vysoko kvalitn\u00fdch materi\u00e1lov a prech\u00e1dzaj\u00fa pr\u00edsnymi v\u00fdrobn\u00fdmi procesmi, aby sa zabezpe\u010dila spo\u013eahlivos\u0165 a dlh\u00e1 \u017eivotnos\u0165. Pou\u017eitie pr\u00e9miov\u00fdch komponentov, ako s\u00fa tesnenia a ty\u010de, minimalizuje riziko \u00faniku a zlep\u0161uje celkov\u00fd v\u00fdkon. T\u00e1to odolnos\u0165 sa premieta do zn\u00ed\u017een\u00fdch po\u017eiadaviek na \u00fadr\u017ebu a zv\u00fd\u0161enej prev\u00e1dzkovej efekt\u00edvnosti, \u010do z dlhodob\u00e9ho h\u013eadiska \u0161etr\u00ed \u010das aj peniaze.<\/p>\n<h3>4. Vylep\u0161en\u00e9 bezpe\u010dnostn\u00e9 prvky<\/h3>\n<p>Nastavite\u013en\u00e9 valce s vidlicov\u00fdm uchyten\u00edm s\u00fa vybaven\u00e9 r\u00f4znymi bezpe\u010dnostn\u00fdmi prvkami, ktor\u00e9 prispievaj\u00fa k ich v\u00fdhode oproti in\u00fdm alternat\u00edvam. Medzi tieto bezpe\u010dnostn\u00e9 prvky patria integrovan\u00e9 mechanizmy ochrany proti pre\u0165a\u017eeniu, pretlakov\u00e9 ventily a pokro\u010dil\u00e9 riadiace syst\u00e9my. Tieto funkcie nielen chr\u00e1nia valec pred nadmern\u00fdm tlakom alebo pre\u0165a\u017een\u00edm, ale zais\u0165uj\u00fa aj bezpe\u010dnos\u0165 cel\u00e9ho hydraulick\u00e9ho syst\u00e9mu. V\u010faka tomu s\u00fa nastavite\u013en\u00e9 valce s vidlicov\u00fdm uchyten\u00edm spo\u013eahlivou vo\u013ebou pre aplik\u00e1cie, kde je bezpe\u010dnos\u0165 najvy\u0161\u0161ou prioritou.<\/p>\n<h3>5. Efekt\u00edvne vyu\u017e\u00edvanie energie<\/h3>\n<p>\u00da\u010dinnos\u0165 je k\u013e\u00fa\u010dov\u00fdm aspektom ka\u017ed\u00e9ho hydraulick\u00e9ho syst\u00e9mu a nastavite\u013en\u00e9 valce s vidlicov\u00fdm uz\u00e1verom v tomto oh\u013eade vynikaj\u00fa. Tieto valce s\u00fa navrhnut\u00e9 tak, aby optimalizovali vyu\u017eitie energie zabezpe\u010den\u00edm minim\u00e1lnych energetick\u00fdch str\u00e1t po\u010das prev\u00e1dzky. Dvoj\u010dinn\u00e1 funkcia umo\u017e\u0148uje efekt\u00edvny prenos energie v oboch smeroch, maximalizuje produktivitu a zni\u017euje spotrebu energie. T\u00e1to energetick\u00e1 \u00fa\u010dinnos\u0165 nielen \u0161etr\u00ed n\u00e1klady, ale prispieva aj k udr\u017eate\u013enej\u0161ej a ekologickej\u0161ej prev\u00e1dzke.<\/p>\n<p>Z\u00e1verom mo\u017eno poveda\u0165, \u017ee v\u00fdhody nastavite\u013en\u00fdch valcov s vidlicov\u00fdm uchyten\u00edm z nich robia ob\u013e\u00faben\u00fa vo\u013ebu pre r\u00f4zne hydraulick\u00e9 aplik\u00e1cie. Ich flexibilita, nosnos\u0165, odolnos\u0165, bezpe\u010dnostn\u00e9 prvky a energetick\u00e1 \u00fa\u010dinnos\u0165 ich odli\u0161uj\u00fa od in\u00fdch alternat\u00edv. Pokia\u013e ide o vysoko kvalitn\u00e9 dvoj\u010dinn\u00e9 hydraulick\u00e9 valce pre od\u0165ahov\u00e9 vozidl\u00e1 s pr\u00edvesmi, nastavite\u013en\u00e9 valce s vidlicov\u00fdm uchyten\u00edm sa ukazuj\u00fa ako vynikaj\u00faca invest\u00edcia do spo\u013eahliv\u00fdch a vysoko v\u00fdkonn\u00fdch hydraulick\u00fdch syst\u00e9mov.<\/p>\n<p><img decoding=\"async\" src=\"https:\/\/fmp-components.com\/wp-content\/uploads\/2024\/12\/Adjustable-Clevis-Type-Cylinders5.webp\" alt=\"Nastavite\u013en\u00fd valec typu Clevis\" width=\"800\" title=\"\"><\/p>\n<h2>Pou\u017eitie nastavite\u013en\u00fdch valcov s vidlicov\u00fdm uchyten\u00edm<\/h2>\n<p>Nastavite\u013en\u00e9 valce s vidlicov\u00fdm uchyten\u00edm s\u00fa hydraulick\u00e9 valce, ktor\u00e9 sa na pripevnenie k stroju alebo zariadeniu pou\u017e\u00edvaj\u00fa pomocou vidlicov\u00e9ho uchytenia. Tieto valce sa dod\u00e1vaj\u00fa s vidlicov\u00fdm uchyten\u00edm, ktor\u00e9 umo\u017e\u0148uje ot\u00e1\u010danie valca, v\u010faka \u010domu s\u00fa ide\u00e1lne pre aplik\u00e1cie, ktor\u00e9 vy\u017eaduj\u00fa v\u00e4\u010d\u0161\u00ed rozsah pohybu. Nasleduje nieko\u013eko pou\u017eit\u00ed nastavite\u013en\u00fdch valcov s vidlicov\u00fdm uchyten\u00edm a sp\u00f4sob ich pou\u017eitia v ka\u017edej aplik\u00e1cii.<\/p>\n<h3>1. Po\u013enohospod\u00e1rstvo<\/h3>\n<p>V po\u013enohospod\u00e1rstve sa nastavite\u013en\u00e9 valce s vidlicov\u00fdm uz\u00e1verom pou\u017e\u00edvaj\u00fa v r\u00f4znych aplik\u00e1ci\u00e1ch, ako s\u00fa napr\u00edklad kombajny a traktory. Jedn\u00fdm z najbe\u017enej\u0161\u00edch pou\u017eit\u00ed t\u00fdchto valcov je zdv\u00edhanie a sp\u00fa\u0161\u0165anie po\u013enohospod\u00e1rskych strojov. Na tento \u00fa\u010del sa \u010dasto pou\u017e\u00edva vysoko kvalitn\u00fd dvoj\u010dinn\u00fd hydraulick\u00fd valec pre \u0165aha\u010de pr\u00edvesov, preto\u017ee je navrhnut\u00fd tak, aby odolal \u0165a\u017ek\u00fdm n\u00e1kladom a poskytoval spo\u013eahliv\u00fd v\u00fdkon. Tieto valce tie\u017e poskytuj\u00fa presn\u00e9 ovl\u00e1danie zariadenia, \u010do umo\u017e\u0148uje po\u013enohospod\u00e1rom nastavi\u0165 v\u00fd\u0161ku zariadenia pod\u013ea ich potrieb.<\/p>\n<h3>2. V\u00fdstavba<\/h3>\n<p>Nastavite\u013en\u00e9 valce s vidlicov\u00fdm uchyten\u00edm sa pou\u017e\u00edvaj\u00fa aj v stavebn\u00edctve pre r\u00f4zne aplik\u00e1cie, ako s\u00fa r\u00fdpadl\u00e1-naklada\u010de, bagre a naklada\u010de. Tieto valce sa pou\u017e\u00edvaj\u00fa na zdv\u00edhanie, tla\u010denie a \u0165ahanie \u0165a\u017ek\u00fdch bremien, v\u010faka \u010domu s\u00fa nevyhnutnou s\u00fa\u010das\u0165ou stavebn\u00fdch zariaden\u00ed. Vysokokvalitn\u00fd dvoj\u010dinn\u00fd hydraulick\u00fd valec pre od\u0165ahov\u00e9 vozidl\u00e1 je ob\u013e\u00fabenou vo\u013ebou pre tieto aplik\u00e1cie, preto\u017ee je navrhnut\u00fd tak, aby odolal n\u00e1ro\u010dn\u00fdm stavebn\u00fdm pr\u00e1cam.<\/p>\n<h3>3. V\u00fdroba<\/h3>\n<p>Vo v\u00fdrobe sa nastavite\u013en\u00e9 valce s vidlicov\u00fdm uz\u00e1verom pou\u017e\u00edvaj\u00fa v r\u00f4znych aplik\u00e1ci\u00e1ch, ako s\u00fa mont\u00e1\u017ene linky a robotika. Tieto valce sa pou\u017e\u00edvaj\u00fa na riadenie pohybu strojov a zariaden\u00ed, \u010d\u00edm sa zabezpe\u010duje presnos\u0165 a spr\u00e1vnos\u0165 v\u00fdrobn\u00e9ho procesu. V t\u00fdchto aplik\u00e1ci\u00e1ch sa \u010dasto pou\u017e\u00edva vysoko kvalitn\u00fd dvoj\u010dinn\u00fd hydraulick\u00fd valec pre od\u0165ahov\u00e9 vozidl\u00e1, preto\u017ee poskytuje presn\u00e9 ovl\u00e1danie a spo\u013eahliv\u00fd v\u00fdkon.<\/p>\n<h3>4. \u0164a\u017eba<\/h3>\n<p>V \u0165a\u017eobnom priemysle sa nastavite\u013en\u00e9 valce s vidlicov\u00fdm uchyten\u00edm pou\u017e\u00edvaj\u00fa v n\u00e1ro\u010dn\u00fdch aplik\u00e1ci\u00e1ch, ako s\u00fa vrtn\u00e9 zariadenia, bagre a naklada\u010de. Tieto valce sa pou\u017e\u00edvaj\u00fa na zdv\u00edhanie \u0165a\u017ek\u00fdch bremien a premiest\u0148ovanie zariaden\u00ed, v\u010faka \u010domu s\u00fa nevyhnutn\u00fdmi s\u00fa\u010das\u0165ami v bansk\u00fdch oper\u00e1ci\u00e1ch. V t\u00fdchto aplik\u00e1ci\u00e1ch sa be\u017ene pou\u017e\u00edva vysoko kvalitn\u00fd dvoj\u010dinn\u00fd hydraulick\u00fd valec pre od\u0165ahov\u00e9 vozidl\u00e1 v\u010faka svojej pevnosti a odolnosti.<\/p>\n<h3>5. Doprava<\/h3>\n<p>Nastavite\u013en\u00e9 valce s vidlicov\u00fdm z\u00e1vesom sa pou\u017e\u00edvaj\u00fa v dopravnom priemysle pre r\u00f4zne aplik\u00e1cie, ako s\u00fa n\u00e1kladn\u00e9 vozidl\u00e1 a pr\u00edvesy. Tieto valce sa pou\u017e\u00edvaj\u00fa na zdv\u00edhanie a sp\u00fa\u0161\u0165anie korby pr\u00edvesu, \u010do u\u013eah\u010duje nakladanie a vykladanie n\u00e1kladu. Vysokokvalitn\u00fd dvoj\u010dinn\u00fd hydraulick\u00fd valec pre od\u0165ahov\u00e9 vozidl\u00e1 je ob\u013e\u00fabenou vo\u013ebou pre tieto aplik\u00e1cie, preto\u017ee je navrhnut\u00fd tak, aby odolal n\u00e1ro\u010dn\u00fdm pr\u00e1cam pri \u0165a\u017ekej preprave.<\/p>\n<p>Z\u00e1verom mo\u017eno poveda\u0165, \u017ee nastavite\u013en\u00e9 valce s vidlicov\u00fdm uz\u00e1verom s\u00fa z\u00e1kladn\u00fdmi s\u00fa\u010das\u0165ami v r\u00f4znych odvetviach a ich vyu\u017eitie je po\u010detn\u00e9. \u010ci u\u017e ide o po\u013enohospod\u00e1rstvo, stavebn\u00edctvo, ban\u00edctvo, v\u00fdrobu alebo dopravu, tieto valce poskytuj\u00fa spo\u013eahliv\u00fd v\u00fdkon, presn\u00e9 ovl\u00e1danie a odolnos\u0165. Vysokokvalitn\u00fd dvoj\u010dinn\u00fd hydraulick\u00fd valec pre od\u0165ahov\u00e9 vozidl\u00e1 je v\u010faka svojej pevnosti a v\u0161estrannosti ob\u013e\u00fabenou vo\u013ebou v mnoh\u00fdch z t\u00fdchto aplik\u00e1ci\u00ed.<img decoding=\"async\" src=\"https:\/\/fmp-components.com\/wp-content\/uploads\/2024\/12\/Application-of-Adjustable-Clevis-Type-Cylinders.webp\" alt=\"Nastavite\u013en\u00fd valec typu Clevis\" width=\"800\" title=\"\"><\/p>\n<h3>O spolo\u010dnosti FMP \u2013 Profesion\u00e1lny predaj a servis hydraulick\u00fdch valcov<\/h3>\n<p>FMP je dobre zaveden\u00e1 spolo\u010dnos\u0165 so s\u00eddlom v Taliansku, ktor\u00e1 sa \u0161pecializuje na predaj a servis dielov a kompletn\u00fdch strojov pre stavebn\u00e9 stroje. V\u010faka dlhoro\u010dn\u00fdm sk\u00fasenostiam v tomto odvetv\u00ed a t\u00edmu kvalifikovan\u00fdch odborn\u00edkov poskytujeme na\u0161im z\u00e1kazn\u00edkom vysoko kvalitn\u00e9 a spo\u013eahliv\u00e9 hydraulick\u00e9 valce a kompletn\u00e9 strojn\u00e9 rie\u0161enia.<\/p>\n<p>Tu je p\u00e4\u0165 d\u00f4vodov, pre\u010do by ste si mali pre svoje potreby v oblasti hydraulick\u00fdch valcov vybra\u0165 FMP:<\/p>\n<p>1. \u0160irok\u00fd sortiment produktov: FMP pon\u00faka \u0161irok\u00fd sortiment hydraulick\u00fdch valcov vr\u00e1tane nastavite\u013en\u00fdch valcov s vidlicov\u00fdm uchyten\u00edm, ako napr\u00edklad <img decoding=\"async\" src=\"https:\/\/fmp-components.com\/wp-content\/uploads\/2024\/12\/Adjustable-Clevis-Type-Cylinders-6.webp\" alt=\"Nastavite\u013en\u00fd valec typu Clevis\" width=\"828\" title=\"\">, ako aj \u0165ahadl\u00e1 a zv\u00e1ran\u00e9 valce. Poskytujeme tie\u017e slu\u017eby prisp\u00f4sobenia pod\u013ea \u0161pecifick\u00fdch potrieb z\u00e1kazn\u00edkov.<\/p>\n<p>2. Najkvalitnej\u0161ie diely: Vybudovali sme dlhodob\u00e9 a stabiln\u00e9 partnersk\u00e9 vz\u0165ahy s mnoh\u00fdmi vysokokvalitn\u00fdmi dod\u00e1vate\u013emi na dom\u00e1com aj medzin\u00e1rodnom trhu, \u010d\u00edm zabezpe\u010dujeme, \u017ee v\u0161etky dod\u00e1van\u00e9 diely sp\u013a\u0148aj\u00fa pr\u00edsne normy kvality.<\/p>\n<p>3. Sk\u00fasen\u00fd obchodn\u00fd t\u00edm: N\u00e1\u0161 obchodn\u00fd t\u00edm m\u00e1 znalosti o v\u00fdvojov\u00fdch trendoch a potreb\u00e1ch z\u00e1kazn\u00edkov v odvetv\u00ed stavebn\u00fdch strojov. M\u00f4\u017ee v\u00e1m poskytn\u00fa\u0165 profesion\u00e1lne poradenstvo oh\u013eadom produktov a inteligentn\u00e9 n\u00e1vrhy na n\u00e1kup, aby v\u00e1m pomohol urobi\u0165 najlep\u0161iu vo\u013ebu.<\/p>\n<p>4. Efekt\u00edvna logistick\u00e1 distrib\u00facia: M\u00e1me efekt\u00edvny logistick\u00fd distribu\u010dn\u00fd syst\u00e9m, ktor\u00fd zabezpe\u010duje, \u017ee z\u00e1kazn\u00edci dostan\u00fa po\u017eadovan\u00e9 diely v\u010das a presne.<\/p>\n<p>5. Profesion\u00e1lny popredajn\u00fd servis: Spolo\u010dnos\u0165 FMP poskytuje profesion\u00e1lny popredajn\u00fd servis, aby zabezpe\u010dila, \u017ee na\u0161i z\u00e1kazn\u00edci bud\u00fa ma\u0165 s na\u0161imi produktmi bezstarostn\u00fd z\u00e1\u017eitok.<\/p>\n<p>V\u00fdberom spolo\u010dnosti FMP ako dod\u00e1vate\u013ea hydraulick\u00fdch valcov si m\u00f4\u017eete by\u0165 ist\u00ed kvalitn\u00fdmi produktmi, profesion\u00e1lnym servisom a spo\u013eahliv\u00fdm partnerom pre v\u00e1\u0161 \u00faspech. Kontaktujte n\u00e1s e\u0161te dnes a dozviete sa viac o tom, ako v\u00e1m m\u00f4\u017eeme pom\u00f4c\u0165 splni\u0165 va\u0161e potreby v oblasti hydraulick\u00fdch valcov.<\/p>\n<p><img decoding=\"async\" src=\"https:\/\/img.jiansujichilun.com\/img\/hydrauliccylinders\/B_hydrauliccylinders-3.webp\" alt=\"hydraulick\u00fd valec\" width=\"800\" title=\"\"><\/p>\n<h2>\u010casto kladen\u00e9 ot\u00e1zky<\/h2>\n<p><b>Ot\u00e1zka: Ak\u00e1 je z\u00e1ru\u010dn\u00e1 doba na hydraulick\u00fd valec?<\/b><br \/>\nA: Na hlavn\u00e9 komponenty hydraulick\u00e9ho valca poskytujeme 1-ro\u010dn\u00fa z\u00e1ruku.<\/p>\n<p><b>Ot\u00e1zka: V ak\u00fdch odvetviach sa d\u00e1 tento hydraulick\u00fd valec pou\u017ei\u0165?<\/b><br \/>\nA: Hydraulick\u00fd valec je vhodn\u00fd pre opravovne strojov, farmy, energetiku a ban\u00edctvo, v\u00fdrobu strojov a stroj\u00e1rne.<\/p>\n<p><b>Ot\u00e1zka: Ak\u00fd je maxim\u00e1lny tlak a \u0165ah hydraulick\u00e9ho valca?<\/b><br \/>\nA: Hydraulick\u00fd valec m\u00e1 maxim\u00e1lny \u0165ah 3000 a maxim\u00e1lny \u0165ah 20 ton.<\/p>\n<p>Autor\uff1a CX<\/p>","protected":false},"excerpt":{"rendered":"<p>Introducing the Premium Quality Double Acting Tow Truck Hydraulic Cylinder for Trailer! This top-of-the-line product is designed to provide maximum strength and durability for all your towing needs. Crafted with precision and care, this hydraulic cylinder is built to last. Its double acting design allows for increased performance and efficiency, ensuring that you can get [&hellip;]<\/p>","protected":false},"featured_media":1338,"comment_status":"closed","ping_status":"closed","template":"","meta":{"_et_pb_use_builder":"","_et_pb_old_content":"","_et_gb_content_width":""},"product_brand":[],"product_cat":[39],"product_tag":[41,34],"class_list":{"0":"post-1366","1":"product","2":"type-product","3":"status-publish","4":"has-post-thumbnail","6":"product_cat-adjustable-clevis-type-cylinders","7":"product_tag-adjustable-clevis-type-cylinders","8":"product_tag-hydraulic-cylinder","10":"first","11":"instock","12":"product-type-simple"},"_links":{"self":[{"href":"https:\/\/fmp-components.com\/sk\/wp-json\/wp\/v2\/product\/1366","targetHints":{"allow":["GET"]}}],"collection":[{"href":"https:\/\/fmp-components.com\/sk\/wp-json\/wp\/v2\/product"}],"about":[{"href":"https:\/\/fmp-components.com\/sk\/wp-json\/wp\/v2\/types\/product"}],"replies":[{"embeddable":true,"href":"https:\/\/fmp-components.com\/sk\/wp-json\/wp\/v2\/comments?post=1366"}],"wp:featuredmedia":[{"embeddable":true,"href":"https:\/\/fmp-components.com\/sk\/wp-json\/wp\/v2\/media\/1338"}],"wp:attachment":[{"href":"https:\/\/fmp-components.com\/sk\/wp-json\/wp\/v2\/media?parent=1366"}],"wp:term":[{"taxonomy":"product_brand","embeddable":true,"href":"https:\/\/fmp-components.com\/sk\/wp-json\/wp\/v2\/product_brand?post=1366"},{"taxonomy":"product_cat","embeddable":true,"href":"https:\/\/fmp-components.com\/sk\/wp-json\/wp\/v2\/product_cat?post=1366"},{"taxonomy":"product_tag","embeddable":true,"href":"https:\/\/fmp-components.com\/sk\/wp-json\/wp\/v2\/product_tag?post=1366"}],"curies":[{"name":"pracovn\u00fd list","href":"https:\/\/api.w.org\/{rel}","templated":true}]}}