{"id":1363,"date":"2024-12-23T02:18:57","date_gmt":"2024-12-23T02:18:57","guid":{"rendered":"https:\/\/fmp-components.com\/product\/factory-direct-sale-20-ton-hydraulic-cylinder-long-stroke-hydraulic-cylinder\/"},"modified":"2024-12-23T03:02:33","modified_gmt":"2024-12-23T03:02:33","slug":"factory-direct-sale-20-ton-hydraulic-cylinder-long-stroke-hydraulic-cylinder","status":"publish","type":"product","link":"https:\/\/fmp-components.com\/sk\/product\/factory-direct-sale-20-ton-hydraulic-cylinder-long-stroke-hydraulic-cylinder\/","title":{"rendered":"Priamy predaj z tov\u00e1rne 20-tonov\u00fd hydraulick\u00fd valec s dlh\u00fdm zdvihom hydraulick\u00fd valec"},"content":{"rendered":"<p>Priamy predaj 20-tonov\u00e9ho hydraulick\u00e9ho valca s dlh\u00fdm zdvihom je v\u00fdkonn\u00fd a spo\u013eahliv\u00fd hydraulick\u00fd valec ur\u010den\u00fd pre n\u00e1ro\u010dn\u00e9 aplik\u00e1cie. S maxim\u00e1lnou kapacitou 20 ton a dlh\u00fdm zdvihom je tento valec ide\u00e1lny na pou\u017eitie v odvetviach, ako je stavebn\u00edctvo, v\u00fdroba a doprava.<\/p>\n<p>Valec je vyroben\u00fd z vysoko kvalitn\u00fdch materi\u00e1lov, \u010do zaru\u010duje odolnos\u0165 a pevnos\u0165. Jeho dlh\u00fd zdvih umo\u017e\u0148uje v\u00e4\u010d\u0161iu flexibilitu a presnos\u0165 pri prev\u00e1dzke, v\u010faka \u010domu je ide\u00e1lny na pou\u017eitie v \u0161irokej \u0161k\u00e1le aplik\u00e1ci\u00ed. Jeho kompaktn\u00fd dizajn navy\u0161e u\u013eah\u010duje in\u0161tal\u00e1ciu a \u00fadr\u017ebu, \u010d\u00edm sa skracuj\u00fa prestoje a zvy\u0161uje sa \u00fa\u010dinnos\u0165.<\/p>\n<p><img loading=\"lazy\" decoding=\"async\" class=\"alignnone size-full wp-image-1334\" src=\"https:\/\/fmp-components.com\/wp-content\/uploads\/2024\/12\/Adjustable-Clevis-Type-Cylinders-4.webp\" alt=\"Nastavite\u013en\u00e9 valce s vidlicov\u00fdm z\u00e1vesom\" width=\"800\" height=\"800\" title=\"\" srcset=\"https:\/\/fmp-components.com\/wp-content\/uploads\/2024\/12\/Adjustable-Clevis-Type-Cylinders-4.webp 800w, https:\/\/fmp-components.com\/wp-content\/uploads\/2024\/12\/Adjustable-Clevis-Type-Cylinders-4-480x480.webp 480w\" sizes=\"(min-width: 0px) and (max-width: 480px) 480px, (min-width: 481px) 800px, 100vw\" \/><\/p>\n<table style=\"width: 100%;\" border=\"1\" width=\"100%\" cellspacing=\"0\" cellpadding=\"0\">\n<tbody>\n<tr>\n<th>Stav<\/th>\n<td>Nov\u00e9<\/td>\n<\/tr>\n<tr>\n<th>Z\u00e1ruka<\/th>\n<td>1 rok<\/td>\n<\/tr>\n<tr>\n<th>Pou\u017eite\u013en\u00e9 odvetvia<\/th>\n<td>Opravovne strojov, Farmy, Energia a ban\u00edctvo, V\u00fdroba strojov, Stroj\u00e1rensk\u00fd z\u00e1vod<\/td>\n<\/tr>\n<tr>\n<th>Hmotnos\u0165 (kg)<\/th>\n<td>70<\/td>\n<\/tr>\n<tr>\n<th>V\u00fdstupn\u00e1 videoin\u0161pekcia<\/th>\n<td>Poskytnut\u00e9<\/td>\n<\/tr>\n<tr>\n<th>Spr\u00e1va o sk\u00fa\u0161ke strojov<\/th>\n<td>Poskytnut\u00e9<\/td>\n<\/tr>\n<tr>\n<th>Typ marketingu<\/th>\n<td>Nov\u00fd produkt 2023<\/td>\n<\/tr>\n<tr>\n<th>Z\u00e1ruka na z\u00e1kladn\u00e9 komponenty<\/th>\n<td>1 rok<\/td>\n<\/tr>\n<tr>\n<th>Z\u00e1kladn\u00e9 komponenty<\/th>\n<td>Lo\u017eisko, hydraulick\u00fd valec<\/td>\n<\/tr>\n<tr>\n<th>\u0160tandardn\u00e9 alebo ne\u0161tandardn\u00e9<\/th>\n<td>\u0160tandard<\/td>\n<\/tr>\n<tr>\n<th>\u0160trukt\u00fara<\/th>\n<td>Piestov\u00fd valec<\/td>\n<\/tr>\n<tr>\n<th>V\u00fdkon<\/th>\n<td>Hydraulick\u00e9<\/td>\n<\/tr>\n<tr>\n<th>Materi\u00e1l tela<\/th>\n<td>Oce\u013e<\/td>\n<\/tr>\n<tr>\n<th>Maxim\u00e1lny \u0165ah<\/th>\n<td>3000<\/td>\n<\/tr>\n<tr>\n<th>Typ<\/th>\n<td>Nastavite\u013en\u00e9 valce s vidlicov\u00fdm uz\u00e1verom<\/td>\n<\/tr>\n<tr>\n<th>Porty<\/th>\n<td>G\/SAE\/NPT\/M<\/td>\n<\/tr>\n<tr>\n<th>Maxim\u00e1lny \u0165ah<\/th>\n<td>20 ton<\/td>\n<\/tr>\n<tr>\n<th>Certifik\u00e1cia<\/th>\n<td>ISO9001:2000<\/td>\n<\/tr>\n<tr>\n<th>Ve\u013ekos\u0165 otvoru<\/th>\n<td>2 \u2013 6 palcov<\/td>\n<\/tr>\n<tr>\n<th>Ve\u013ekos\u0165 ty\u010de<\/th>\n<td>1,125 \u2013 4 palce<\/td>\n<\/tr>\n<tr>\n<th>Ve\u013ekos\u0165 \u0165ahu<\/th>\n<td>4 \u2013 100 palcov<\/td>\n<\/tr>\n<tr>\n<th>Ve\u013ekos\u0165 \u010dapu<\/th>\n<td>0,5 \u2013 2 palce<\/td>\n<\/tr>\n<tr>\n<th>Farba<\/th>\n<td>\u010cierna<\/td>\n<\/tr>\n<tr>\n<th>Detaily balenia<\/th>\n<td>\u017delezn\u00e9 puzdro, preglejkov\u00e9 puzdro alebo kart\u00f3nov\u00e1 krabica<\/td>\n<\/tr>\n<\/tbody>\n<\/table>\n<h2>V\u00fdhody nastavite\u013en\u00fdch valcov s vidlicov\u00fdm uchyten\u00edm<\/h2>\n<p>Nastavite\u013en\u00e9 valce s vidlicov\u00fdm z\u00e1vesom, zn\u00e1me aj ako hydraulick\u00e9 valce, sa v r\u00f4znych odvetviach \u0161iroko pou\u017e\u00edvaj\u00fa v\u010faka svojej v\u0161estrannosti a \u00fa\u010dinnosti. Tieto valce pon\u00fakaj\u00fa oproti in\u00fdm typom valcov nieko\u013eko v\u00fdhod, v\u010faka \u010domu s\u00fa preferovanou vo\u013ebou pre mnoh\u00e9 aplik\u00e1cie. V tomto \u010dl\u00e1nku presk\u00famame v\u00fdhody nastavite\u013en\u00fdch valcov s vidlicov\u00fdm z\u00e1vesom a pre\u010do s\u00fa skvelou vo\u013ebou pre v\u00e1\u0161 hydraulick\u00fd syst\u00e9m.<\/p>\n<h3>1. Zv\u00fd\u0161en\u00e1 flexibilita a nastavite\u013enos\u0165<\/h3>\n<p>Jednou z hlavn\u00fdch v\u00fdhod nastavite\u013en\u00fdch valcov s vidlicov\u00fdm z\u00e1vesom je ich zv\u00fd\u0161en\u00e1 flexibilita a nastavite\u013enos\u0165. Tieto valce umo\u017e\u0148uj\u00fa jednoduch\u00e9 nastavenie vidlicov\u00e9ho z\u00e1vesu, ktor\u00fd je spojovac\u00edm bodom medzi valcom a bremenom. T\u00e1to nastavite\u013enos\u0165 umo\u017e\u0148uje presn\u00e9 polohovanie a vyrovnanie bremena, \u010d\u00edm sa zabezpe\u010duje optim\u00e1lny v\u00fdkon a \u00fa\u010dinnos\u0165. \u010ci u\u017e potrebujete nastavi\u0165 d\u013a\u017eku, uhol alebo polohu valca, nastavite\u013en\u00fd valec s vidlicov\u00fdm z\u00e1vesom pon\u00faka flexibilitu, ktor\u00e1 spln\u00ed va\u0161e \u0161pecifick\u00e9 po\u017eiadavky.<\/p>\n<h3>2. Zlep\u0161en\u00e1 nosnos\u0165<\/h3>\n<p>\u010eal\u0161ou v\u00fdznamnou v\u00fdhodou nastavite\u013en\u00fdch vidlicov\u00fdch valcov je ich vylep\u0161en\u00e1 nosnos\u0165. Tieto valce s\u00fa navrhnut\u00e9 tak, aby odolali \u0165a\u017ek\u00fdm n\u00e1kladom a poskytovali spo\u013eahliv\u00fd a konzistentn\u00fd v\u00fdkon. S nosnos\u0165ou a\u017e 20 ton s\u00fa nastavite\u013en\u00e9 vidlicov\u00e9 valce ide\u00e1lne pre aplik\u00e1cie, ktor\u00e9 vy\u017eaduj\u00fa vysok\u00fa silu a zdv\u00edhacie schopnosti. \u010ci u\u017e zdv\u00edhate \u0165a\u017ek\u00e9 stroje, stavebn\u00e9 materi\u00e1ly alebo in\u00e9 \u0165a\u017ek\u00e9 predmety, tieto valce si s touto \u00falohou poradia s \u013eahkos\u0165ou a zabezpe\u010dia bezpe\u010dn\u00fa a efekt\u00edvnu prev\u00e1dzku.<\/p>\n<h3>3. Schopnos\u0165 dlh\u00e9ho zdvihu<\/h3>\n<p>Nastavite\u013en\u00e9 valce s vidlicovou vidlicou s\u00fa zn\u00e1me svojou schopnos\u0165ou dlh\u00e9ho zdvihu, \u010do je maxim\u00e1lna vzdialenos\u0165, o ktor\u00fa sa valec m\u00f4\u017ee vysun\u00fa\u0165 alebo zasun\u00fa\u0165. S hydraulick\u00fdm valcom s dlh\u00fdm zdvihom m\u00f4\u017eete dosiahnu\u0165 v\u00e4\u010d\u0161\u00ed rozsah pohybu, \u010do u\u013eah\u010duje dosah a manipul\u00e1ciu s objektmi v r\u00f4znych poloh\u00e1ch. T\u00e1to schopnos\u0165 dlh\u00e9ho zdvihu je obzvl\u00e1\u0161\u0165 v\u00fdhodn\u00e1 v aplik\u00e1ci\u00e1ch, kde je potrebn\u00fd dlh\u00fd dosah alebo hlbok\u00fd prienik. \u010ci u\u017e pracujete v stiesnen\u00fdch priestoroch alebo vykon\u00e1vate \u00falohy, ktor\u00e9 vy\u017eaduj\u00fa dlh\u0161\u00ed dosah, schopnos\u0165 dlh\u00e9ho zdvihu nastavite\u013en\u00fdch valcov s vidlicovou vidlicou zais\u0165uje maxim\u00e1lnu \u00fa\u010dinnos\u0165 a produktivitu.<\/p>\n<h3>4. Priamy predaj z tov\u00e1rne<\/h3>\n<p>Jednou z v\u00fdznamn\u00fdch v\u00fdhod nastavite\u013en\u00fdch valcov s vidlicovou vidlicou je, \u017ee s\u00fa dostupn\u00e9 na priamy predaj z v\u00fdroby. To znamen\u00e1, \u017ee si tieto valce m\u00f4\u017eete k\u00fapi\u0165 priamo od v\u00fdrobcu, \u010d\u00edm eliminujete potrebu sprostredkovate\u013eov a zn\u00ed\u017eite n\u00e1klady. Priamy predaj z v\u00fdroby zaru\u010duje, \u017ee z\u00edskate valce najvy\u0161\u0161ej kvality za konkurencieschopn\u00e9 ceny bez kompromisov v oblasti v\u00fdkonu alebo spo\u013eahlivosti. V\u00fdberom priameho predaja z v\u00fdroby m\u00f4\u017eete tie\u017e vyu\u017e\u00edva\u0165 personalizovan\u00fd z\u00e1kazn\u00edcky servis a technick\u00fa podporu, \u010do zabezpe\u010d\u00ed hladk\u00fd a bezprobl\u00e9mov\u00fd n\u00e1kup.<\/p>\n<p>Z\u00e1verom mo\u017eno poveda\u0165, \u017ee nastavite\u013en\u00e9 valce s vidlicov\u00fdm uchyten\u00edm pon\u00fakaj\u00fa nieko\u013eko v\u00fdhod, v\u010faka ktor\u00fdm s\u00fa preferovanou vo\u013ebou pre hydraulick\u00e9 syst\u00e9my. V\u010faka zv\u00fd\u0161enej flexibilite a nastavite\u013enosti, lep\u0161ej nosnosti, dlh\u00e9mu zdvihu a mo\u017enosti priameho predaja z v\u00fdroby poskytuj\u00fa tieto valce optim\u00e1lny v\u00fdkon, \u00fa\u010dinnos\u0165 a n\u00e1kladov\u00fa efekt\u00edvnos\u0165. \u010ci u\u017e p\u00f4sob\u00edte v stavebn\u00edctve, v\u00fdrobe alebo akomko\u013evek inom odvetv\u00ed, ktor\u00e9 vy\u017eaduje hydraulick\u00e9 syst\u00e9my, nastavite\u013en\u00e9 valce s vidlicov\u00fdm uchyten\u00edm s\u00fa spo\u013eahliv\u00fdm a v\u0161estrann\u00fdm rie\u0161en\u00edm.<\/p>\n<p><img decoding=\"async\" src=\"https:\/\/fmp-components.com\/wp-content\/uploads\/2024\/12\/Adjustable-Clevis-Type-Cylinders5.webp\" alt=\"Nastavite\u013en\u00fd valec typu Clevis\" width=\"800\" title=\"\"><\/p>\n<h2>Pou\u017eitie nastavite\u013en\u00fdch valcov s vidlicov\u00fdm uchyten\u00edm<\/h2>\n<p>Nastavite\u013en\u00e9 valce s vidlicov\u00fdm uchyten\u00edm s\u00fa hydraulick\u00e9 zariadenia, ktor\u00e9 sa \u0161iroko pou\u017e\u00edvaj\u00fa v r\u00f4znych priemyseln\u00fdch aplik\u00e1ci\u00e1ch. Tieto valce pon\u00fakaj\u00fa mno\u017estvo v\u00fdhod a s\u00fa ve\u013emi v\u0161estrann\u00e9 vo svojej funk\u010dnosti. V tomto blogovom pr\u00edspevku presk\u00famame r\u00f4zne aplik\u00e1cie nastavite\u013en\u00fdch valcov s vidlicov\u00fdm uchyten\u00edm a ponor\u00edme sa do d\u00f4vodov, pre\u010do s\u00fa v t\u00fdchto odvetviach uprednost\u0148ovan\u00e9.<\/p>\n<h3>1. Stavebn\u00edctvo<\/h3>\n<p>Stavebn\u00fd priemysel sa vo ve\u013ekej miere spolieha na nastavite\u013en\u00e9 valce s vidlicov\u00fdm uchyten\u00edm kv\u00f4li ich schopnosti poskytova\u0165 presn\u00fd a kontrolovan\u00fd line\u00e1rny pohyb. Tieto valce zohr\u00e1vaj\u00fa d\u00f4le\u017eit\u00fa \u00falohu v \u0165a\u017ek\u00fdch strojoch, ako s\u00fa bagre, r\u00fdpadl\u00e1 a \u017eeriavy. V\u010faka svojej vynikaj\u00facej pevnosti a odolnosti s\u00fa ide\u00e1lne na \u013eahk\u00e9 zdv\u00edhanie a premiest\u0148ovanie \u0165a\u017ek\u00fdch bremien. 20-tonov\u00e9 hydraulick\u00e9 valce, ktor\u00e9 sa pred\u00e1vaj\u00fa priamo z v\u00fdroby, sa be\u017ene pou\u017e\u00edvaj\u00fa v stavebn\u00fdch projektoch na zabezpe\u010denie efekt\u00edvnej a spo\u013eahlivej prev\u00e1dzky.<\/p>\n<h3>2. V\u00fdroba a mont\u00e1\u017e<\/h3>\n<p>Nastavite\u013en\u00e9 valce s vidlicov\u00fdm uchyten\u00edm nach\u00e1dzaj\u00fa \u0161irok\u00e9 uplatnenie vo v\u00fdrobn\u00fdch a mont\u00e1\u017enych procesoch v r\u00f4znych odvetviach. Tieto valce sa pou\u017e\u00edvaj\u00fa v robotick\u00fdch syst\u00e9moch a automatizovan\u00fdch strojoch na umo\u017enenie presn\u00fdch pohybov a polohovania. Ich schopnos\u0165 zabezpe\u010di\u0165 hydraulick\u00fd valec s dlh\u00fdm zdvihom umo\u017e\u0148uje plynul\u00e9 a presn\u00e9 riadenie pohybu, \u010d\u00edm zabezpe\u010duje efekt\u00edvnu v\u00fdrobu a lep\u0161iu kvalitu v\u00fdrobkov.<\/p>\n<h3>3. Manipul\u00e1cia s materi\u00e1lom<\/h3>\n<p>Sektor manipul\u00e1cie s materi\u00e1lom sa vo ve\u013ekej miere spolieha na nastavite\u013en\u00e9 valce s vidlicov\u00fdm z\u00e1vesom pre plynul\u00fd a efekt\u00edvny pohyb tovaru. Tieto valce sa pou\u017e\u00edvaj\u00fa vo vysokozdvi\u017en\u00fdch voz\u00edkoch, dopravn\u00edkov\u00fdch syst\u00e9moch a zdv\u00edhac\u00edch zariadeniach na bezpe\u010dn\u00fa prepravu \u0165a\u017ek\u00fdch bremien. Dlh\u00fd zdvih valcov umo\u017e\u0148uje efekt\u00edvne zdv\u00edhanie a sp\u00fa\u0161\u0165anie, \u010d\u00edm sa zabezpe\u010duje presn\u00e9 ovl\u00e1danie po\u010das manipul\u00e1cie s materi\u00e1lom.<\/p>\n<h3>4. Po\u013enohospod\u00e1rstvo<\/h3>\n<p>Nastavite\u013en\u00e9 valce s vidlicov\u00fdm uchyten\u00edm zohr\u00e1vaj\u00fa k\u013e\u00fa\u010dov\u00fa \u00falohu v po\u013enohospod\u00e1rstve. Pou\u017e\u00edvaj\u00fa sa v po\u013enohospod\u00e1rskych strojoch, ako s\u00fa traktory a kombajny, na zabezpe\u010denie potrebn\u00e9ho v\u00fdkonu pre r\u00f4zne \u00falohy. \u010ci u\u017e ide o orbu pol\u00ed, siatie semien alebo zber \u00farody, tieto valce pon\u00fakaj\u00fa pevnos\u0165 a kontrolu potrebn\u00fa pre efekt\u00edvne po\u013enohospod\u00e1rske oper\u00e1cie. 20-tonov\u00e9 hydraulick\u00e9 valce, ktor\u00e9 sa pred\u00e1vaj\u00fa priamo z v\u00fdroby, sa v po\u013enohospod\u00e1rskom sektore be\u017ene pou\u017e\u00edvaj\u00fa v\u010faka svojej vysokej nosnosti a spo\u013eahlivosti.<\/p>\n<h3>5. Nakladanie s odpadom<\/h3>\n<p>Nastavite\u013en\u00e9 valce s vidlicov\u00fdm uz\u00e1verom sa tie\u017e \u0161iroko pou\u017e\u00edvaj\u00fa v syst\u00e9moch odpadov\u00e9ho hospod\u00e1rstva, najm\u00e4 v smetiarskych aut\u00e1ch a zhut\u0148ova\u010doch. Tieto valce u\u013eah\u010duj\u00fa zhut\u0148ovanie a zadr\u017eiavanie odpadov\u00fdch materi\u00e1lov, \u010d\u00edm zabezpe\u010duj\u00fa maxim\u00e1lnu \u00fa\u010dinnos\u0165 zberu a likvid\u00e1cie odpadu. Hydraulick\u00e9 valce s dlh\u00fdm zdvihom umo\u017e\u0148uj\u00fa zhut\u0148ova\u010dom manipulova\u0165 s ve\u013ek\u00fdmi objemami odpadu, \u010d\u00edm sa zni\u017euje frekvencia j\u00e1zd na skl\u00e1dky.<\/p>\n<p>Z\u00e1verom mo\u017eno poveda\u0165, \u017ee nastavite\u013en\u00e9 valce s vidlicov\u00fdm z\u00e1vitom nach\u00e1dzaj\u00fa rozmanit\u00e9 uplatnenie v r\u00f4znych odvetviach vr\u00e1tane stavebn\u00edctva, v\u00fdroby, manipul\u00e1cie s materi\u00e1lom, po\u013enohospod\u00e1rstva a nakladania s odpadom. Ich dlh\u00fd zdvih hydraulick\u00fdch valcov v kombin\u00e1cii s ich odolnos\u0165ou a spo\u013eahlivos\u0165ou ich rob\u00ed nevyhnutn\u00fdmi na dosiahnutie presn\u00e9ho ovl\u00e1dania a efekt\u00edvnej prev\u00e1dzky. 20-tonov\u00e9 hydraulick\u00e9 valce priamo z v\u00fdroby pon\u00fakaj\u00fa cenovo v\u00fdhodn\u00e9 rie\u0161enie pre odvetvia, ktor\u00e9 h\u013eadaj\u00fa vysokov\u00fdkonn\u00e9 hydraulick\u00e9 zariadenia. Za\u010dlenenie t\u00fdchto valcov do priemyseln\u00fdch procesov m\u00f4\u017ee v\u00fdrazne zv\u00fd\u0161i\u0165 produktivitu, bezpe\u010dnos\u0165 a celkov\u00fa prev\u00e1dzkov\u00fa efektivitu.<\/p>\n<p><img decoding=\"async\" src=\"https:\/\/fmp-components.com\/wp-content\/uploads\/2024\/12\/Application-of-Adjustable-Clevis-Type-Cylinders.webp\" alt=\"Nastavite\u013en\u00fd valec typu Clevis\" width=\"800\" title=\"\"><\/p>\n<h3>O FMP<\/h3>\n<p>FMP je popredn\u00e1 spolo\u010dnos\u0165 \u0161pecializuj\u00faca sa na v\u00fdrobu a predaj hydraulick\u00fdch valcov. S na\u0161\u00edm s\u00eddlom v Taliansku sa venujeme poskytovaniu vysoko kvalitn\u00fdch a spo\u013eahliv\u00fdch hydraulick\u00fdch valcov z\u00e1kazn\u00edkom, opieraj\u00fac sa o na\u0161e dlhoro\u010dn\u00e9 sk\u00fasenosti v odbore a profesion\u00e1lny t\u00edm.<\/p>\n<p><img decoding=\"async\" src=\"https:\/\/fmp-components.com\/wp-content\/uploads\/2024\/12\/Adjustable-Clevis-Type-Cylinders-6.webp\" alt=\"Nastavite\u013en\u00fd valec typu Clevis\" width=\"825\" title=\"\"><\/p>\n<p>Sme hrd\u00ed na to, \u017ee pon\u00fakame \u0161irok\u00fd sortiment vynikaj\u00facich hydraulick\u00fdch valcov a s\u00favisiaceho pr\u00edslu\u0161enstva, ktor\u00e9 uspokoja r\u00f4zne potreby v odvetv\u00ed stavebn\u00fdch strojov. Tu je p\u00e4\u0165 k\u013e\u00fa\u010dov\u00fdch v\u00fdhod a vlastnost\u00ed na\u0161ich produktov a spolo\u010dnosti:<\/p>\n<ol>\n<li>V\u00fdnimo\u010dn\u00e1 kvalita: Na\u0161e hydraulick\u00e9 valce s\u00fa vyroben\u00e9 s presnos\u0165ou z najkvalitnej\u0161\u00edch materi\u00e1lov, aby sa zabezpe\u010dila ich odolnos\u0165 a v\u00fdkon.<\/li>\n<li>Rozsiahly sortiment produktov: Pon\u00fakame komplexn\u00fd v\u00fdber hydraulick\u00fdch valcov vr\u00e1tane nastavite\u013en\u00fdch valcov s vidlicov\u00fdm uchyten\u00edm, valcov s \u0165ahadlou, teleskopick\u00fdch valcov a \u010fal\u0161\u00edch, ktor\u00e9 poskytuj\u00fa rie\u0161enia pre r\u00f4zne aplik\u00e1cie.<\/li>\n<li>Spo\u013eahliv\u00e1 dod\u00e1vate\u013esk\u00e1 sie\u0165: V\u010faka dlhodob\u00fdm partnerstv\u00e1m s renomovan\u00fdmi dod\u00e1vate\u013emi na dom\u00e1com aj medzin\u00e1rodnom trhu garantujeme z\u00edskavanie \u0161pi\u010dkov\u00fdch komponentov, ktor\u00e9 sp\u013a\u0148aj\u00fa pr\u00edsne \u0161tandardy kvality.<\/li>\n<li>Odborn\u00fd obchodn\u00fd t\u00edm: N\u00e1\u0161 sk\u00fasen\u00fd obchodn\u00fd t\u00edm m\u00e1 hlbok\u00e9 znalosti odvetvia stavebn\u00fdch strojov, \u010do mu umo\u017e\u0148uje poskytova\u0165 profesion\u00e1lne konzult\u00e1cie o produktoch a cenn\u00e9 odpor\u00fa\u010dania pri n\u00e1kupe prisp\u00f4soben\u00e9 \u0161pecifick\u00fdm po\u017eiadavk\u00e1m na\u0161ich z\u00e1kazn\u00edkov.<\/li>\n<li>Efekt\u00edvna logistika: Zaviedli sme efekt\u00edvny logistick\u00fd distribu\u010dn\u00fd syst\u00e9m, aby sme zabezpe\u010dili r\u00fdchle a presn\u00e9 dodanie po\u017eadovan\u00fdch hydraulick\u00fdch valcov priamo na\u0161im z\u00e1kazn\u00edkom, minimalizovali prestoje a maximalizovali produktivitu.<\/li>\n<\/ol>\n<p>Vyberte si FMP ako svojho d\u00f4veryhodn\u00e9ho partnera pre v\u0161etky va\u0161e potreby v oblasti hydraulick\u00fdch valcov. Kontaktujte n\u00e1s e\u0161te dnes a preberte s nami, ako v\u00e1m m\u00f4\u017eeme pom\u00f4c\u0165 pri va\u0161ich projektoch v oblasti stavebn\u00fdch strojov.<\/p>\n<p>Autor\uff1a CX<\/p>","protected":false},"excerpt":{"rendered":"<p>Factory Direct Sale 20 Ton Hydraulic Cylinder Long Stroke Hydraulic Cylinder is a powerful and reliable hydraulic cylinder designed for heavy-duty applications. With a maximum capacity of 20 tons and a long stroke, this cylinder is ideal for use in industries such as construction, manufacturing, and transportation. The cylinder is made from high-quality materials, ensuring [&hellip;]<\/p>","protected":false},"featured_media":1338,"comment_status":"closed","ping_status":"closed","template":"","meta":{"_et_pb_use_builder":"","_et_pb_old_content":"","_et_gb_content_width":""},"product_brand":[],"product_cat":[39],"product_tag":[41,34],"class_list":{"0":"post-1363","1":"product","2":"type-product","3":"status-publish","4":"has-post-thumbnail","6":"product_cat-adjustable-clevis-type-cylinders","7":"product_tag-adjustable-clevis-type-cylinders","8":"product_tag-hydraulic-cylinder","10":"first","11":"instock","12":"product-type-simple"},"_links":{"self":[{"href":"https:\/\/fmp-components.com\/sk\/wp-json\/wp\/v2\/product\/1363","targetHints":{"allow":["GET"]}}],"collection":[{"href":"https:\/\/fmp-components.com\/sk\/wp-json\/wp\/v2\/product"}],"about":[{"href":"https:\/\/fmp-components.com\/sk\/wp-json\/wp\/v2\/types\/product"}],"replies":[{"embeddable":true,"href":"https:\/\/fmp-components.com\/sk\/wp-json\/wp\/v2\/comments?post=1363"}],"wp:featuredmedia":[{"embeddable":true,"href":"https:\/\/fmp-components.com\/sk\/wp-json\/wp\/v2\/media\/1338"}],"wp:attachment":[{"href":"https:\/\/fmp-components.com\/sk\/wp-json\/wp\/v2\/media?parent=1363"}],"wp:term":[{"taxonomy":"product_brand","embeddable":true,"href":"https:\/\/fmp-components.com\/sk\/wp-json\/wp\/v2\/product_brand?post=1363"},{"taxonomy":"product_cat","embeddable":true,"href":"https:\/\/fmp-components.com\/sk\/wp-json\/wp\/v2\/product_cat?post=1363"},{"taxonomy":"product_tag","embeddable":true,"href":"https:\/\/fmp-components.com\/sk\/wp-json\/wp\/v2\/product_tag?post=1363"}],"curies":[{"name":"pracovn\u00fd list","href":"https:\/\/api.w.org\/{rel}","templated":true}]}}