{"id":1361,"date":"2024-12-23T02:18:57","date_gmt":"2024-12-23T02:18:57","guid":{"rendered":"https:\/\/fmp-components.com\/product\/manufacturer-supplier-adjustable-double-acting-cylinder-hydraulic-cylinder\/"},"modified":"2024-12-23T08:54:44","modified_gmt":"2024-12-23T08:54:44","slug":"manufacturer-supplier-adjustable-double-acting-cylinder-hydraulic-cylinder","status":"publish","type":"product","link":"https:\/\/fmp-components.com\/sk\/product\/manufacturer-supplier-adjustable-double-acting-cylinder-hydraulic-cylinder\/","title":{"rendered":"V\u00fdrobca Dod\u00e1vate\u013e Nastavite\u013en\u00fd dvoj\u010dinn\u00fd hydraulick\u00fd valec"},"content":{"rendered":"<h2>V\u00fdrobca Dod\u00e1vate\u013e Nastavite\u013en\u00fd dvoj\u010dinn\u00fd hydraulick\u00fd valec<\/h2>\n<p>Nastavite\u013en\u00fd dvoj\u010dinn\u00fd hydraulick\u00fd valec od v\u00fdrobcu a dod\u00e1vate\u013ea je vysoko kvalitn\u00fd hydraulick\u00fd valec ur\u010den\u00fd pre r\u00f4zne priemyseln\u00e9 aplik\u00e1cie. V\u010faka svojej nastavite\u013enej funkcii pon\u00faka tento valec v\u0161estrannos\u0165 a prisp\u00f4sobivos\u0165 r\u00f4znym po\u017eiadavk\u00e1m.<\/p>\n<p>Tento hydraulick\u00fd valec s dvoj\u010dinnou kon\u0161trukciou poskytuje presn\u00fa a efekt\u00edvnu prev\u00e1dzku v oboch smeroch. To zais\u0165uje optim\u00e1lny v\u00fdkon a konzistentn\u00e9 v\u00fdsledky, v\u010faka \u010domu je vhodn\u00fd pre n\u00e1ro\u010dn\u00e9 \u00falohy.<\/p>\n<p>Tento valec, vyroben\u00fd d\u00f4veryhodn\u00fdm dod\u00e1vate\u013eom, je skon\u0161truovan\u00fd tak, aby odolal n\u00e1ro\u010dn\u00e9mu pou\u017e\u00edvaniu a drsn\u00fdm pracovn\u00fdm podmienkam. Jeho odoln\u00e1 kon\u0161trukcia a vysoko kvalitn\u00e9 materi\u00e1ly zaru\u010duj\u00fa dlhotrvaj\u00facu spo\u013eahlivos\u0165 a odolnos\u0165.<\/p>\n<p>V\u010faka nastavite\u013enej funkcii si pou\u017e\u00edvatelia m\u00f4\u017eu jednoducho prisp\u00f4sobi\u0165 d\u013a\u017eku a polohu zdvihu svojim \u0161pecifick\u00fdm potreb\u00e1m. T\u00e1to flexibilita umo\u017e\u0148uje lep\u0161iu kontrolu a presnos\u0165 v r\u00f4znych aplik\u00e1ci\u00e1ch, v\u010faka \u010domu je ide\u00e1lnou vo\u013ebou pre odvetvia ako v\u00fdroba, stavebn\u00edctvo a po\u013enohospod\u00e1rstvo.<\/p>\n<p><img loading=\"lazy\" decoding=\"async\" class=\"alignnone size-full wp-image-1334\" src=\"https:\/\/fmp-components.com\/wp-content\/uploads\/2024\/12\/Adjustable-Clevis-Type-Cylinders-4.webp\" alt=\"Nastavite\u013en\u00e9 valce s vidlicov\u00fdm z\u00e1vesom\" width=\"800\" height=\"800\" title=\"\" srcset=\"https:\/\/fmp-components.com\/wp-content\/uploads\/2024\/12\/Adjustable-Clevis-Type-Cylinders-4.webp 800w, https:\/\/fmp-components.com\/wp-content\/uploads\/2024\/12\/Adjustable-Clevis-Type-Cylinders-4-480x480.webp 480w\" sizes=\"(min-width: 0px) and (max-width: 480px) 480px, (min-width: 481px) 800px, 100vw\" \/><\/p>\n<p>Nastavite\u013en\u00fd dvoj\u010dinn\u00fd hydraulick\u00fd valec od v\u00fdrobcu a dod\u00e1vate\u013ea je navrhnut\u00fd tak, aby poskytoval v\u00fdnimo\u010dn\u00fd v\u00fdkon a spo\u013eahlivos\u0165. Jeho pokro\u010dil\u00fd hydraulick\u00fd syst\u00e9m zais\u0165uje plynul\u00fd a efekt\u00edvny pohyb, \u010do umo\u017e\u0148uje bezprobl\u00e9mov\u00fa prev\u00e1dzku a zv\u00fd\u0161en\u00fa produktivitu.<\/p>\n<p>Z\u00e1verom mo\u017eno poveda\u0165, \u017ee nastavite\u013en\u00fd dvoj\u010dinn\u00fd hydraulick\u00fd valec od v\u00fdrobcu a dod\u00e1vate\u013ea je v\u0161estrann\u00fd a spo\u013eahliv\u00fd hydraulick\u00fd valec, ktor\u00fd pon\u00faka nastavite\u013en\u00e9 funkcie pre lep\u0161iu kontrolu a presnos\u0165. V\u010faka svojej odolnej kon\u0161trukcii a vysoko kvalitn\u00fdm materi\u00e1lom je tento valec vyroben\u00fd tak, aby odolal n\u00e1ro\u010dn\u00fdm priemyseln\u00fdm aplik\u00e1ci\u00e1m. Vyberte si tento valec pre v\u00fdnimo\u010dn\u00fd v\u00fdkon a spo\u013eahliv\u00fa prev\u00e1dzku vo va\u0161ich hydraulick\u00fdch syst\u00e9moch.<\/p>\n<h2>V\u00fdhody nastavite\u013en\u00fdch valcov s vidlicov\u00fdm uchyten\u00edm<\/h2>\n<p>Nastavite\u013en\u00e9 valce s vidlicov\u00fdm uchyten\u00edm, zn\u00e1me aj ako nastavite\u013en\u00e9 dvoj\u010dinn\u00e9 hydraulick\u00e9 valce, pon\u00fakaj\u00fa v r\u00f4znych aplik\u00e1ci\u00e1ch nieko\u013eko v\u00fdhod. Tieto valce sa be\u017ene pou\u017e\u00edvaj\u00fa v odvetviach, ako je v\u00fdroba, stavebn\u00edctvo a automobilov\u00fd priemysel. V tomto blogovom pr\u00edspevku presk\u00famame v\u00fdhody pou\u017e\u00edvania nastavite\u013en\u00fdch valcov s vidlicov\u00fdm uchyten\u00edm a pre\u010do ich uprednost\u0148uje mnoho odborn\u00edkov v tomto odvetv\u00ed.<\/p>\n<h3>1. Presn\u00e1 nastavite\u013enos\u0165<\/h3>\n<p>Jednou z v\u00fdznamn\u00fdch v\u00fdhod nastavite\u013en\u00fdch valcov s vidlicov\u00fdm uz\u00e1verom je ich presn\u00e1 nastavite\u013enos\u0165. Tieto valce umo\u017e\u0148uj\u00fa jemn\u00e9 doladenie d\u013a\u017eky zdvihu, \u010do je k\u013e\u00fa\u010dov\u00e9 v aplik\u00e1ci\u00e1ch, kde je potrebn\u00e9 presn\u00e9 polohovanie. Mo\u017enos\u0165 nastavenia d\u013a\u017eky zdvihu umo\u017e\u0148uje obsluhe optimalizova\u0165 v\u00fdkon valca a dosiahnu\u0165 po\u017eadovan\u00e9 v\u00fdsledky.<\/p>\n<h3>2. Zv\u00fd\u0161en\u00e1 flexibilita<\/h3>\n<p>Nastavite\u013en\u00e9 valce s vidlicov\u00fdm uchyten\u00edm pon\u00fakaj\u00fa v porovnan\u00ed so \u0161tandardn\u00fdmi valcami zv\u00fd\u0161en\u00fa flexibilitu. Ich kon\u0161trukcia umo\u017e\u0148uje jednoduch\u00e9 pripevnenie a odpojenie mont\u00e1\u017eneho materi\u00e1lu, v\u010faka \u010domu s\u00fa vhodn\u00e9 pre r\u00f4zne konfigur\u00e1cie zariaden\u00ed. \u010ci u\u017e ide o zlo\u017eit\u00fd priemyseln\u00fd stroj alebo jednoduch\u00fa mechanick\u00fa zostavu, nastavite\u013en\u00e9 valce s vidlicov\u00fdm uchyten\u00edm sa dok\u00e1\u017eu prisp\u00f4sobi\u0165 r\u00f4znym mont\u00e1\u017enym po\u017eiadavk\u00e1m.<\/p>\n<h3>3. Zv\u00fd\u0161en\u00e1 efektivita<\/h3>\n<p>Tieto valce prispievaj\u00fa k zlep\u0161eniu \u00fa\u010dinnosti hydraulick\u00fdch syst\u00e9mov. Presn\u00fdm nastaven\u00edm d\u013a\u017eky zdvihu m\u00f4\u017eu oper\u00e1tori optimalizova\u0165 v\u00fdstupn\u00fa silu valca a minimalizova\u0165 plytvanie energiou. V\u00fdsledkom je lep\u0161ia celkov\u00e1 \u00fa\u010dinnos\u0165 syst\u00e9mu, zn\u00ed\u017een\u00e9 prev\u00e1dzkov\u00e9 n\u00e1klady a zv\u00fd\u0161en\u00e1 produktivita.<\/p>\n<h3>4. V\u0161estrannos\u0165 aplik\u00e1ci\u00ed<\/h3>\n<p>V\u010faka svojej nastavite\u013enej povahe pon\u00fakaj\u00fa tieto valce v\u0161estrannos\u0165 v \u0161irokej \u0161k\u00e1le aplik\u00e1ci\u00ed. Od zdv\u00edhania \u0165a\u017ek\u00fdch bremien a\u017e po presn\u00e9 polohovanie, nastavite\u013en\u00e9 valce s vidlicov\u00fdm uchyten\u00edm dok\u00e1\u017eu zvl\u00e1dnu\u0165 r\u00f4zne \u00falohy. Z prisp\u00f4sobivosti a v\u0161estrannosti, ktor\u00fa tieto valce poskytuj\u00fa, profituj\u00fa odvetvia ako manipul\u00e1cia s materi\u00e1lom, stavebn\u00edctvo a po\u013enohospod\u00e1rstvo.<\/p>\n<h3>5. Spo\u013eahliv\u00fd v\u00fdkon<\/h3>\n<p>V\u00fdrobcovia a dod\u00e1vatelia nastavite\u013en\u00fdch vidlicov\u00fdch valcov zaru\u010duj\u00fa vysoko kvalitn\u00fa kon\u0161trukciu a spo\u013eahliv\u00fd v\u00fdkon. Tieto valce s\u00fa navrhnut\u00e9 tak, aby odolali n\u00e1ro\u010dn\u00fdm prev\u00e1dzkov\u00fdm podmienkam a poskytovali dlhotrvaj\u00facu \u017eivotnos\u0165. Pri spr\u00e1vnej \u00fadr\u017ebe a starostlivosti m\u00f4\u017eu nastavite\u013en\u00e9 vidlicov\u00e9 valce poskytova\u0165 konzistentn\u00fd a spo\u013eahliv\u00fd v\u00fdkon po dlh\u0161iu dobu.<\/p>\n<p>Nastavite\u013en\u00e9 valce s vidlicov\u00fdm uchyten\u00edm pon\u00fakaj\u00fa mno\u017estvo v\u00fdhod, pokia\u013e ide o nastavite\u013enos\u0165, flexibilitu, \u00fa\u010dinnos\u0165, v\u0161estrannos\u0165 a v\u00fdkon. Ich presn\u00e1 nastavite\u013enos\u0165, zv\u00fd\u0161en\u00e1 flexibilita a zv\u00fd\u0161en\u00e1 \u00fa\u010dinnos\u0165 z nich robia vynikaj\u00facu vo\u013ebu pre profesion\u00e1lov v r\u00f4znych odvetviach. \u010ci u\u017e potrebujete presn\u00e9 polohovanie alebo prisp\u00f4sobivos\u0165 pri mont\u00e1\u017ei, nastavite\u013en\u00e9 valce s vidlicov\u00fdm uchyten\u00edm sa ukazuj\u00fa ako spo\u013eahliv\u00e9 a efekt\u00edvne hydraulick\u00e9 komponenty.<\/p>\n<p>Ak h\u013ead\u00e1te d\u00f4veryhodn\u00e9ho v\u00fdrobcu a dod\u00e1vate\u013ea nastavite\u013en\u00fdch dvoj\u010dinn\u00fdch valcov alebo hydraulick\u00fdch valcov, nev\u00e1hajte n\u00e1s kontaktova\u0165. Pon\u00fakame vysoko kvalitn\u00e9 valce, ktor\u00e9 sp\u013a\u0148aj\u00fa priemyseln\u00e9 \u0161tandardy a pon\u00fakaj\u00fa v\u00fdnimo\u010dn\u00fd v\u00fdkon. Kontaktujte n\u00e1s e\u0161te dnes a preberte s nami va\u0161e \u0161pecifick\u00e9 po\u017eiadavky.<\/p>\n<p><img decoding=\"async\" src=\"https:\/\/fmp-components.com\/wp-content\/uploads\/2024\/12\/Adjustable-Clevis-Type-Cylinders5.webp\" alt=\"Nastavite\u013en\u00fd valec typu Clevis\" width=\"800\" title=\"\"><\/p>\n<h2>Pou\u017eitie nastavite\u013en\u00fdch valcov s vidlicov\u00fdm uchyten\u00edm<\/h2>\n<p>Nastavite\u013en\u00e9 valce s vidlicov\u00fdm uchyten\u00edm s\u00fa v\u0161estrann\u00e9 hydraulick\u00e9 valce, ktor\u00e9 nach\u00e1dzaj\u00fa mno\u017estvo uplatnen\u00ed v r\u00f4znych odvetviach. Tieto valce, vyr\u00e1ban\u00e9 a dod\u00e1van\u00e9 renomovan\u00fdmi spolo\u010dnos\u0165ami v tomto odvetv\u00ed, pon\u00fakaj\u00fa v\u00fdnimo\u010dn\u00fd v\u00fdkon a spo\u013eahlivos\u0165. V tomto \u010dl\u00e1nku presk\u00famame r\u00f4zne aplik\u00e1cie nastavite\u013en\u00fdch valcov s vidlicov\u00fdm uchyten\u00edm a podrobne rozoberieme ich v\u00fdhody.<\/p>\n<p>1. Priemyseln\u00e9 stroje:<br \/>\nNastavite\u013en\u00e9 valce s vidlicov\u00fdm z\u00e1vitom sa vo ve\u013ekej miere pou\u017e\u00edvaj\u00fa v priemyseln\u00fdch strojoch na presn\u00fd a kontrolovan\u00fd pohyb. Tieto valce sa be\u017ene pou\u017e\u00edvaj\u00fa v dopravn\u00edkov\u00fdch syst\u00e9moch, zariadeniach na manipul\u00e1ciu s materi\u00e1lom a robotick\u00fdch aplik\u00e1ci\u00e1ch. Mo\u017enos\u0165 nastavenia d\u013a\u017eky zdvihu valca ho rob\u00ed ide\u00e1lnym pre r\u00f4zne prev\u00e1dzkov\u00e9 po\u017eiadavky. \u010ci u\u017e ide o zdv\u00edhanie \u0165a\u017ek\u00fdch bremien alebo zabezpe\u010denie presn\u00e9ho polohovania, tieto valce pon\u00fakaj\u00fa optim\u00e1lny v\u00fdkon.<\/p>\n<p>2. Stavebn\u00e9 zariadenia:<br \/>\nV stavebn\u00edctve zohr\u00e1vaj\u00fa nastavite\u013en\u00e9 valce s vidlicov\u00fdm uchyten\u00edm k\u013e\u00fa\u010dov\u00fa \u00falohu v r\u00f4znych aplik\u00e1ci\u00e1ch. Od r\u00fdpadiel a naklada\u010dov a\u017e po \u017eeriavy a buldoz\u00e9ry sa tieto valce pou\u017e\u00edvaj\u00fa na \u00falohy, ako je zdv\u00edhanie, tla\u010denie a \u0165ahanie \u0165a\u017ek\u00fdch predmetov. Nastavite\u013en\u00e1 funkcia umo\u017e\u0148uje obsluhe jemne doladi\u0165 d\u013a\u017eku valca, aby sa prisp\u00f4sobila r\u00f4znym stavebn\u00fdm scen\u00e1rom a zabezpe\u010dila efekt\u00edvna prev\u00e1dzka.<\/p>\n<p>3. Po\u013enohospod\u00e1rske stroje:<br \/>\nNastavite\u013en\u00e9 valce s vidlicov\u00fdm uchyten\u00edm sa v po\u013enohospod\u00e1rskych strojoch \u0161iroko pou\u017e\u00edvaj\u00fa na \u00falohy, ako je orba, obr\u00e1banie p\u00f4dy a zber \u00farody. Tieto valce poskytuj\u00fa potrebn\u00fa silu na efekt\u00edvne vykon\u00e1vanie t\u00fdchto oper\u00e1ci\u00ed. V\u010faka mo\u017enosti nastavenia zdvihu valca m\u00f4\u017eu po\u013enohospod\u00e1ri optimalizova\u0165 svoje zariadenia pre r\u00f4zne p\u00f4dne podmienky a typy plod\u00edn, \u010do vedie k zv\u00fd\u0161eniu produktivity a skr\u00e1teniu prestojov.<\/p>\n<p>4. Automobilov\u00fd priemysel:<br \/>\nV automobilovom priemysle nach\u00e1dzaj\u00fa nastavite\u013en\u00e9 vidlicov\u00e9 valce uplatnenie v r\u00f4znych procesoch, ako s\u00fa mont\u00e1\u017ene linky, zdv\u00edhacie syst\u00e9my vozidiel a nastavovanie geometrie podvozkov. Tieto valce zohr\u00e1vaj\u00fa k\u013e\u00fa\u010dov\u00fa \u00falohu pri zabezpe\u010dovan\u00ed presn\u00e9ho a efekt\u00edvneho pohybu po\u010das v\u00fdroby a \u00fadr\u017eby. Funkcia nastavite\u013enosti umo\u017e\u0148uje v\u00fdrobcom automobilov prisp\u00f4sobi\u0165 sa r\u00f4znym modelom a ve\u013ekostiam vozidiel, \u010d\u00edm sa zvy\u0161uje flexibilita a produktivita.<\/p>\n<p>5. Manipul\u00e1cia s materi\u00e1lom:<br \/>\nNastavite\u013en\u00e9 valce s vidlicov\u00fdm uz\u00e1verom sa \u0161iroko pou\u017e\u00edvaj\u00fa v manipula\u010dn\u00fdch zariadeniach s materi\u00e1lom, ako s\u00fa vysokozdvi\u017en\u00e9 voz\u00edky, no\u017enicov\u00e9 zdvih\u00e1ky a paletiz\u00e1tory. Tieto valce poskytuj\u00fa potrebn\u00fd v\u00fdkon a ovl\u00e1danie na zdv\u00edhanie, sp\u00fa\u0161\u0165anie a nakl\u00e1\u0148anie \u0165a\u017ek\u00fdch bremien. Nastavite\u013en\u00e1 d\u013a\u017eka zdvihu umo\u017e\u0148uje obsluhe prisp\u00f4sobi\u0165 sa r\u00f4znym ve\u013ekostiam a v\u00fd\u0161kam bremien, \u010d\u00edm sa zabezpe\u010duje bezpe\u010dn\u00e1 a efekt\u00edvna manipul\u00e1cia s materi\u00e1lom.<\/p>\n<p>Z\u00e1verom mo\u017eno poveda\u0165, \u017ee pou\u017eitie nastavite\u013en\u00fdch valcov s vidlicov\u00fdm uchyten\u00edm sa rozprestiera v r\u00f4znych odvetviach vr\u00e1tane priemyseln\u00fdch strojov, stavebn\u00edctva, po\u013enohospod\u00e1rstva, automobilov\u00e9ho priemyslu a manipul\u00e1cie s materi\u00e1lom. Mo\u017enos\u0165 nastavenia d\u013a\u017eky zdvihu valca poskytuje flexibilitu a presnos\u0165 v r\u00f4znych prev\u00e1dzkov\u00fdch scen\u00e1roch. V\u00fdrobcovia a dod\u00e1vatelia nastavite\u013en\u00fdch valcov s vidlicov\u00fdm uchyten\u00edm zohr\u00e1vaj\u00fa k\u013e\u00fa\u010dov\u00fa \u00falohu pri uspokojovan\u00ed r\u00f4znorod\u00fdch potrieb t\u00fdchto odvetv\u00ed. Poskytovan\u00edm spo\u013eahliv\u00fdch a vysoko v\u00fdkonn\u00fdch hydraulick\u00fdch valcov prispievaj\u00fa k celkovej \u00fa\u010dinnosti a produktivite zariaden\u00ed a strojov, v ktor\u00fdch sa pou\u017e\u00edvaj\u00fa.<img decoding=\"async\" src=\"https:\/\/fmp-components.com\/wp-content\/uploads\/2024\/12\/Application-of-Adjustable-Clevis-Type-Cylinders.webp\" alt=\"Nastavite\u013en\u00fd valec typu Clevis\" width=\"800\" title=\"\"><\/p>\n<h3>O hydraulickom valci FMP<\/h3>\n<p>FMP je popredn\u00e1 spolo\u010dnos\u0165 v Taliansku, ktor\u00e1 sa \u0161pecializuje na predaj a servis dielov a kompletn\u00fdch strojov pre stavebn\u00e9 stroje. N\u00e1\u0161 hydraulick\u00fd valec je jedn\u00fdm z na\u0161ich najpred\u00e1vanej\u0161\u00edch produktov a sme hrd\u00ed na jeho vynikaj\u00facu kvalitu a funk\u010dnos\u0165. Tu je p\u00e4\u0165 d\u00f4vodov, pre\u010do by ste si mali vybra\u0165 hydraulick\u00fd valec FMP:<\/p>\n<ol>\n<li><strong>Pr\u00e9miov\u00e1 kvalita:<\/strong> Hydraulick\u00fd valec FMP je vyroben\u00fd z vysoko kvalitn\u00fdch materi\u00e1lov, ktor\u00e9 zaru\u010duj\u00fa odolnos\u0165 a spo\u013eahlivos\u0165. Materi\u00e1ly z\u00edskavame od d\u00f4veryhodn\u00fdch dod\u00e1vate\u013eov, ktor\u00ed sp\u013a\u0148aj\u00fa na\u0161e pr\u00edsne \u0161tandardy kvality, \u010d\u00edm zabezpe\u010dujeme, \u017ee na\u0161e v\u00fdrobky s\u00fa najvy\u0161\u0161ej kvality.<\/li>\n<li><strong>R\u00f4zne \u0161pecifik\u00e1cie:<\/strong> Na\u0161e hydraulick\u00e9 valce sa dod\u00e1vaj\u00fa v r\u00f4znych ve\u013ekostiach a \u0161pecifik\u00e1ci\u00e1ch, aby vyhovovali va\u0161im \u0161pecifick\u00fdm potreb\u00e1m. Pon\u00fakame \u0161irok\u00fd sortiment produktov vr\u00e1tane nastavite\u013en\u00fdch valcov s vidlicov\u00fdm uchyten\u00edm, \u0165ahadiel a zv\u00e1ran\u00fdch hydraulick\u00fdch valcov.<\/li>\n<li><strong>Odborn\u00e1 konzult\u00e1cia:<\/strong> N\u00e1\u0161 sk\u00fasen\u00fd obchodn\u00fd t\u00edm m\u00e1 znalosti o stavebn\u00fdch strojoch a m\u00f4\u017ee v\u00e1m poskytn\u00fa\u0165 profesion\u00e1lne poradenstvo oh\u013eadom produktov. Pom\u00f4\u017eeme v\u00e1m ur\u010di\u0165, ktor\u00fd hydraulick\u00fd valec je vhodn\u00fd pre v\u00e1\u0161 projekt, a zabezpe\u010d\u00edme tak va\u0161e informovan\u00e9 rozhodnutie.<\/li>\n<li><strong>Efekt\u00edvna logistika:<\/strong> Ch\u00e1peme, \u017ee \u010das je k\u013e\u00fa\u010dov\u00fd, a preto m\u00e1me zaveden\u00fd efekt\u00edvny logistick\u00fd distribu\u010dn\u00fd syst\u00e9m. Zabezpe\u010d\u00edme, aby v\u00e1m bol v\u00e1\u0161 hydraulick\u00fd valec doru\u010den\u00fd v\u010das a presne.<\/li>\n<li><strong>Vynikaj\u00faci z\u00e1kazn\u00edcky servis:<\/strong> V spolo\u010dnosti FMP si v\u00e1\u017eime na\u0161ich z\u00e1kazn\u00edkov a sna\u017e\u00edme sa poskytova\u0165 vynikaj\u00face slu\u017eby z\u00e1kazn\u00edkom. Zaviazali sme sa k splneniu a prekonaniu va\u0161ich o\u010dak\u00e1van\u00ed a sme v\u017edy pripraven\u00ed pom\u00f4c\u0165 v\u00e1m s ak\u00fdmiko\u013evek ot\u00e1zkami alebo obavami, ktor\u00e9 by ste mohli ma\u0165.<\/li>\n<\/ol>\n<p>V spolo\u010dnosti FMP sme hrd\u00ed na to, \u017ee na\u0161im z\u00e1kazn\u00edkom poskytujeme vysoko kvalitn\u00e9 a spo\u013eahliv\u00e9 rie\u0161enia v oblasti hydraulick\u00fdch valcov. Na\u0161e produkty a slu\u017eby s\u00fa podlo\u017een\u00e9 dlhoro\u010dn\u00fdmi sk\u00fasenos\u0165ami v odvetv\u00ed a profesion\u00e1lnym t\u00edmom. Vyberte si hydraulick\u00fd valec FMP pre svoj \u010fal\u0161\u00ed projekt a za\u017eite rozdiel.<\/p>\n<p><img decoding=\"async\" src=\"https:\/\/fmp-components.com\/wp-content\/uploads\/2024\/12\/Adjustable-Clevis-Type-Cylinders-6.webp\" alt=\"Nastavite\u013en\u00fd valec typu Clevis\" width=\"823\" title=\"\"><\/p>\n<p><img decoding=\"async\" src=\"https:\/\/img.jiansujichilun.com\/img\/hydrauliccylinders\/T_hydrauliccylinders-3.webp\" alt=\"hydraulick\u00fd valec\" width=\"800\" title=\"\"><\/p>\n<h2>\u010casto kladen\u00e9 ot\u00e1zky o nastavite\u013enom dvoj\u010dinnom hydraulickom valci FMP<\/h2>\n<p><strong>Ot\u00e1zka: Ak\u00e9 typy hydraulick\u00fdch valcov pon\u00faka spolo\u010dnos\u0165 FMP?<\/strong><br \/>\nA: FMP pon\u00faka \u0161irok\u00fd sortiment hydraulick\u00fdch valcov vr\u00e1tane valcov s \u0165aha\u010dovou ty\u010dou, zv\u00e1ran\u00fdch, teleskopick\u00fdch, jedno\u010dinn\u00fdch alebo dvoj\u010dinn\u00fdch.<\/p>\n<p><strong>Ot\u00e1zka: M\u00f4\u017eem si necha\u0165 vyrobi\u0165 hydraulick\u00fd valec prisp\u00f4soben\u00fd mojim \u0161pecifick\u00fdm po\u017eiadavk\u00e1m?<\/strong><br \/>\nA: \u00c1no, FMP poskytuje mo\u017enosti prisp\u00f4sobenia svojich hydraulick\u00fdch valcov. M\u00f4\u017eete si necha\u0165 valec prisp\u00f4sobi\u0165 va\u0161im \u0161pecifick\u00fdm potreb\u00e1m.<\/p>\n<p><strong>Ot\u00e1zka: Ako si udr\u017e\u00edm dlh\u00fa \u017eivotnos\u0165 a optim\u00e1lny v\u00fdkon m\u00f4jho hydraulick\u00e9ho valca?<\/strong><br \/>\nA: Spolo\u010dnos\u0165 FMP poskytuje pokyny k postupom in\u0161tal\u00e1cie, tipy na \u00fadr\u017ebu a osved\u010den\u00e9 postupy na zabezpe\u010denie dlhej \u017eivotnosti a optim\u00e1lneho v\u00fdkonu svojich valcov.<\/p>\n<p>Autor\uff1a CX<\/p>","protected":false},"excerpt":{"rendered":"<p>Manufacturer Supplier Adjustable Double Acting Cylinder Hydraulic Cylinder The Manufacturer Supplier Adjustable Double Acting Cylinder Hydraulic Cylinder is a high-quality hydraulic cylinder designed for various industrial applications. With its adjustable feature, this cylinder offers versatility and adaptability to meet different requirements. Featuring a double-acting design, this hydraulic cylinder provides precise and efficient operation in both [&hellip;]<\/p>","protected":false},"featured_media":1340,"comment_status":"closed","ping_status":"closed","template":"","meta":{"_et_pb_use_builder":"","_et_pb_old_content":"","_et_gb_content_width":""},"product_brand":[],"product_cat":[39],"product_tag":[41,34],"class_list":{"0":"post-1361","1":"product","2":"type-product","3":"status-publish","4":"has-post-thumbnail","6":"product_cat-adjustable-clevis-type-cylinders","7":"product_tag-adjustable-clevis-type-cylinders","8":"product_tag-hydraulic-cylinder","10":"first","11":"instock","12":"product-type-simple"},"_links":{"self":[{"href":"https:\/\/fmp-components.com\/sk\/wp-json\/wp\/v2\/product\/1361","targetHints":{"allow":["GET"]}}],"collection":[{"href":"https:\/\/fmp-components.com\/sk\/wp-json\/wp\/v2\/product"}],"about":[{"href":"https:\/\/fmp-components.com\/sk\/wp-json\/wp\/v2\/types\/product"}],"replies":[{"embeddable":true,"href":"https:\/\/fmp-components.com\/sk\/wp-json\/wp\/v2\/comments?post=1361"}],"wp:featuredmedia":[{"embeddable":true,"href":"https:\/\/fmp-components.com\/sk\/wp-json\/wp\/v2\/media\/1340"}],"wp:attachment":[{"href":"https:\/\/fmp-components.com\/sk\/wp-json\/wp\/v2\/media?parent=1361"}],"wp:term":[{"taxonomy":"product_brand","embeddable":true,"href":"https:\/\/fmp-components.com\/sk\/wp-json\/wp\/v2\/product_brand?post=1361"},{"taxonomy":"product_cat","embeddable":true,"href":"https:\/\/fmp-components.com\/sk\/wp-json\/wp\/v2\/product_cat?post=1361"},{"taxonomy":"product_tag","embeddable":true,"href":"https:\/\/fmp-components.com\/sk\/wp-json\/wp\/v2\/product_tag?post=1361"}],"curies":[{"name":"pracovn\u00fd list","href":"https:\/\/api.w.org\/{rel}","templated":true}]}}