{"id":1359,"date":"2024-12-23T02:18:57","date_gmt":"2024-12-23T02:18:57","guid":{"rendered":"https:\/\/fmp-components.com\/product\/wholesale-customized-double-acting-welded-hydraulic-cylinder-for-tractor\/"},"modified":"2025-03-18T00:55:35","modified_gmt":"2025-03-18T00:55:35","slug":"wholesale-customized-double-acting-welded-hydraulic-cylinder-for-tractor","status":"publish","type":"product","link":"https:\/\/fmp-components.com\/sk\/product\/wholesale-customized-double-acting-welded-hydraulic-cylinder-for-tractor\/","title":{"rendered":"Ve\u013ekoobchodn\u00fd dvoj\u010dinn\u00fd zv\u00e1ran\u00fd hydraulick\u00fd valec na mieru pre traktor"},"content":{"rendered":"<p>Ve\u013ekoobchodn\u00fd dvoj\u010dinn\u00fd zv\u00e1ran\u00fd hydraulick\u00fd valec pre traktor na mieru je vysoko kvalitn\u00fd produkt, ktor\u00fd je navrhnut\u00fd tak, aby sp\u013a\u0148al \u0161pecifick\u00e9 potreby traktorov. Tento hydraulick\u00fd valec je vyroben\u00fd s oh\u013eadom na presnos\u0165 a odolnos\u0165, \u010do zaru\u010duje jeho spo\u013eahliv\u00fd v\u00fdkon aj v n\u00e1ro\u010dn\u00fdch podmienkach.<\/p>\n<p>Jednou z k\u013e\u00fa\u010dov\u00fdch vlastnost\u00ed tohto hydraulick\u00e9ho valca je jeho dvoj\u010dinnos\u0165. To znamen\u00e1, \u017ee dok\u00e1\u017ee generova\u0165 silu v oboch smeroch, \u010do umo\u017e\u0148uje efekt\u00edvnu a v\u0161estrann\u00fa prev\u00e1dzku. \u010ci u\u017e ide o zdv\u00edhanie \u0165a\u017ek\u00fdch bremien alebo vykon\u00e1vanie r\u00f4znych \u00faloh na poli, tento hydraulick\u00fd valec je skon\u0161truovan\u00fd tak, aby poskytoval optim\u00e1lny v\u00fdkon.<\/p>\n<p>Zv\u00e1ran\u00e1 kon\u0161trukcia tohto hydraulick\u00e9ho valca zais\u0165uje jeho pevnos\u0165 a dlh\u00fa \u017eivotnos\u0165. Je navrhnut\u00fd tak, aby odolal vysok\u00e9mu za\u0165a\u017eeniu a extr\u00e9mnemu tlaku, v\u010faka \u010domu je vhodn\u00fd na pou\u017eitie v n\u00e1ro\u010dn\u00fdch po\u013enohospod\u00e1rskych prostrediach. Robustn\u00e1 kon\u0161trukcia tie\u017e pom\u00e1ha minimalizova\u0165 riziko \u00faniku, \u010d\u00edm zabezpe\u010duje plynul\u00fd a efekt\u00edvny chod hydraulick\u00e9ho valca.<\/p>\n<p>V\u010faka prisp\u00f4soben\u00e9mu dizajnu je mo\u017en\u00e9 tento hydraulick\u00fd valec prisp\u00f4sobi\u0165 \u0161pecifick\u00fdm po\u017eiadavk\u00e1m r\u00f4znych modelov traktorov. To zais\u0165uje perfektn\u00e9 ulo\u017eenie a optim\u00e1lny v\u00fdkon, \u010do vedie k zv\u00fd\u0161enej produktivite a efektivite.<\/p>\n<p><img loading=\"lazy\" decoding=\"async\" class=\"alignnone size-full wp-image-1334\" src=\"https:\/\/fmp-components.com\/wp-content\/uploads\/2024\/12\/Adjustable-Clevis-Type-Cylinders-4.webp\" alt=\"Nastavite\u013en\u00e9 valce s vidlicov\u00fdm z\u00e1vesom\" width=\"800\" height=\"800\" title=\"\" srcset=\"https:\/\/fmp-components.com\/wp-content\/uploads\/2024\/12\/Adjustable-Clevis-Type-Cylinders-4.webp 800w, https:\/\/fmp-components.com\/wp-content\/uploads\/2024\/12\/Adjustable-Clevis-Type-Cylinders-4-480x480.webp 480w\" sizes=\"(min-width: 0px) and (max-width: 480px) 480px, (min-width: 481px) 800px, 100vw\" \/><\/p>\n<table style=\"width: 100%;\" border=\"1\" width=\"100%\" cellspacing=\"0\" cellpadding=\"0\">\n<tbody>\n<tr>\n<th>N\u00e1zov produktu<\/th>\n<td>Ve\u013ekoobchodn\u00fd dvoj\u010dinn\u00fd zv\u00e1ran\u00fd hydraulick\u00fd valec na mieru pre traktor<\/td>\n<\/tr>\n<tr>\n<th>Stav<\/th>\n<td>\u00daplne nov\u00fd<\/td>\n<\/tr>\n<tr>\n<th>Z\u00e1ruka<\/th>\n<td>1 rok<\/td>\n<\/tr>\n<tr>\n<th>Pou\u017eite\u013en\u00e9 odvetvia<\/th>\n<td>Opravovne strojov, Farmy, Energia a ban\u00edctvo, V\u00fdroba strojov, Stroj\u00e1rensk\u00fd z\u00e1vod<\/td>\n<\/tr>\n<tr>\n<th>Hmotnos\u0165 (kg)<\/th>\n<td>85<\/td>\n<\/tr>\n<tr>\n<th>Materi\u00e1l tela<\/th>\n<td>Vysokokvalitn\u00e1 oce\u013e<\/td>\n<\/tr>\n<tr>\n<th>Maxim\u00e1lny \u0165ah<\/th>\n<td>3000<\/td>\n<\/tr>\n<tr>\n<th>Typ<\/th>\n<td>\u0160tandardn\u00fd piestov\u00fd valec<\/td>\n<\/tr>\n<tr>\n<th>V\u00fdkon<\/th>\n<td>Hydraulick\u00e9<\/td>\n<\/tr>\n<tr>\n<th>Nastavite\u013en\u00fd typ<\/th>\n<td>Typ s vidlicou<\/td>\n<\/tr>\n<tr>\n<th>Porty<\/th>\n<td>G\/SAE\/NPT\/M<\/td>\n<\/tr>\n<tr>\n<th>Maxim\u00e1lna \u0165ahov\u00e1 kapacita<\/th>\n<td>20 ton<\/td>\n<\/tr>\n<tr>\n<th>Certifik\u00e1cia<\/th>\n<td>ISO9001:2000<\/td>\n<\/tr>\n<tr>\n<th>Ve\u013ekos\u0165 otvoru<\/th>\n<td>2 \u2013 6 palcov<\/td>\n<\/tr>\n<tr>\n<th>Ve\u013ekos\u0165 ty\u010de<\/th>\n<td>1,125 \u2013 4 palce<\/td>\n<\/tr>\n<tr>\n<th>Ve\u013ekos\u0165 \u0165ahu<\/th>\n<td>4 \u2013 100 palcov<\/td>\n<\/tr>\n<tr>\n<th>Ve\u013ekos\u0165 \u010dapu<\/th>\n<td>0,5 \u2013 2 palce<\/td>\n<\/tr>\n<tr>\n<th>Farba<\/th>\n<td>\u010cierna<\/td>\n<\/tr>\n<tr>\n<th>Detaily balenia<\/th>\n<td>\u017delezn\u00e9 puzdro, preglejkov\u00e9 puzdro alebo kart\u00f3nov\u00e1 krabica<\/td>\n<\/tr>\n<tr>\n<th><\/th>\n<td><\/td>\n<\/tr>\n<\/tbody>\n<\/table>\n<h2>V\u00fdhody nastavite\u013en\u00fdch valcov s vidlicov\u00fdm uchyten\u00edm<\/h2>\n<p>Nastavite\u013en\u00e9 valce s vidlicov\u00fdm uchyten\u00edm, ako napr\u00edklad ve\u013ekoobchodne vyr\u00e1ban\u00e9 dvoj\u010dinn\u00e9 zv\u00e1ran\u00e9 hydraulick\u00e9 valce pre traktory, pon\u00fakaj\u00fa v r\u00f4znych aplik\u00e1ci\u00e1ch nieko\u013eko v\u00fdhod. Tieto valce s\u00fa navrhnut\u00e9 s uchyten\u00edm pomocou vidlicov\u00e9ho uchytenia, \u010do umo\u017e\u0148uje jednoduch\u00e9 nastavenie a prisp\u00f4sobenie. Ni\u017e\u0161ie s\u00fa uveden\u00e9 k\u013e\u00fa\u010dov\u00e9 v\u00fdhody pou\u017eitia nastavite\u013en\u00fdch valcov s vidlicov\u00fdm uchyten\u00edm:<\/p>\n<p>1. Zv\u00fd\u0161en\u00e1 flexibilita: Nastavite\u013en\u00e1 vidlicov\u00e1 vidlica t\u00fdchto valcov umo\u017e\u0148uje jednoduch\u00e9 prisp\u00f4sobenie a adaptabilitu r\u00f4znym mont\u00e1\u017enym poloh\u00e1m a uhlom. T\u00e1to flexibilita zais\u0165uje optim\u00e1lny v\u00fdkon a \u00fa\u010dinnos\u0165 v r\u00f4znych aplik\u00e1ci\u00e1ch vr\u00e1tane po\u013enohospod\u00e1rskych strojov, ako s\u00fa traktory. Mo\u017enos\u0165 presn\u00e9ho nastavenia umo\u017e\u0148uje presn\u00e9 ovl\u00e1danie a prev\u00e1dzku.<\/p>\n<p>2. Zv\u00fd\u0161en\u00e1 odolnos\u0165: Ve\u013ekoobchodne vyroben\u00fd dvoj\u010dinn\u00fd zv\u00e1ran\u00fd hydraulick\u00fd valec pre traktory je navrhnut\u00fd tak, aby poskytoval v\u00fdnimo\u010dn\u00fa odolnos\u0165 a dlh\u00fa \u017eivotnos\u0165. Tieto valce s\u00fa vyroben\u00e9 z vysoko kvalitn\u00fdch materi\u00e1lov a prech\u00e1dzaj\u00fa pr\u00edsnymi testami, aby sa zabezpe\u010dilo, \u017ee odol\u00e1vaj\u00fa n\u00e1ro\u010dn\u00fdm podmienkam. Zv\u00e1ran\u00e1 kon\u0161trukcia zvy\u0161uje pevnos\u0165 a odolnos\u0165 vo\u010di vysok\u00e9mu za\u0165a\u017eeniu, vibr\u00e1ci\u00e1m a environment\u00e1lnym faktorom, \u010d\u00edm maximalizuje ich \u017eivotnos\u0165.<\/p>\n<p>3. Zv\u00fd\u0161en\u00e1 \u00fa\u010dinnos\u0165: Pou\u017eit\u00edm nastavite\u013en\u00fdch valcov s vidlicov\u00fdm uchyten\u00edm m\u00f4\u017eu oper\u00e1tori optimalizova\u0165 v\u00fdkon a \u00fa\u010dinnos\u0165 svojho zariadenia. Presn\u00e9 nastavenie umo\u017e\u0148uje jemn\u00e9 doladenie na dosiahnutie po\u017eadovanej sily, r\u00fdchlosti a d\u013a\u017eky zdvihu. T\u00e1to \u00farove\u0148 ovl\u00e1dania pom\u00e1ha minimalizova\u0165 spotrebu energie, zni\u017eova\u0165 opotrebovanie a zvy\u0161ova\u0165 celkov\u00fa produktivitu.<\/p>\n<p>4. Jednoduch\u00e1 in\u0161tal\u00e1cia a \u00fadr\u017eba: Kon\u0161trukcia upevnenia t\u00fdchto valcov pomocou vidlice zjednodu\u0161uje proces in\u0161tal\u00e1cie, preto\u017ee umo\u017e\u0148uje r\u00fdchle a jednoduch\u00e9 pripojenie k r\u00f4znym zariadeniam. Okrem toho s\u00fa v\u010faka pr\u00edstupnej kon\u0161trukcii u\u013eah\u010den\u00e9 aj \u00fadr\u017eb\u00e1rske postupy, ako je kontrola a v\u00fdmena tesnen\u00ed alebo in\u00fdch komponentov. To skracuje prestoje a zais\u0165uje plynul\u00fa prev\u00e1dzku.<\/p>\n<p>5. V\u0161estrann\u00e9 pou\u017eitie: Nastavite\u013en\u00e9 valce s vidlicov\u00fdm uchyten\u00edm nach\u00e1dzaj\u00fa uplatnenie v \u0161irokej \u0161k\u00e1le odvetv\u00ed vr\u00e1tane po\u013enohospod\u00e1rstva, stavebn\u00edctva a v\u00fdroby. V po\u013enohospod\u00e1rskom sektore sa tieto valce be\u017ene pou\u017e\u00edvaj\u00fa v traktoroch, naklada\u010doch a in\u00fdch po\u013enohospod\u00e1rskych strojoch na \u00falohy, ako je zdv\u00edhanie, tla\u010denie a \u0165ahanie \u0165a\u017ek\u00fdch bremien. V\u010faka svojej v\u0161estrannosti s\u00fa vhodn\u00e9 pre r\u00f4zne hydraulick\u00e9 syst\u00e9my a zariadenia.<\/p>\n<p>Celkovo ve\u013ekoobchodn\u00fd dvoj\u010dinn\u00fd zv\u00e1ran\u00fd hydraulick\u00fd valec pre traktor na mieru s nastavite\u013enou vidlicovou funkciou pon\u00faka mno\u017estvo v\u00fdhod, pokia\u013e ide o flexibilitu, odolnos\u0165, \u00fa\u010dinnos\u0165, jednoduch\u00fa in\u0161tal\u00e1ciu a \u00fadr\u017ebu a v\u0161estrann\u00e9 pou\u017eitie. Tieto valce poskytuj\u00fa potrebn\u00fa spo\u013eahlivos\u0165 a v\u00fdkon, ktor\u00e9 sp\u013a\u0148aj\u00fa po\u017eiadavky modern\u00fdch hydraulick\u00fdch syst\u00e9mov v po\u013enohospod\u00e1rskom priemysle a in\u00fdch odvetviach.<\/p>\n<p><img decoding=\"async\" src=\"https:\/\/fmp-components.com\/wp-content\/uploads\/2024\/12\/Adjustable-Clevis-Type-Cylinders5.webp\" alt=\"Nastavite\u013en\u00fd valec typu Clevis\" width=\"800\" title=\"\"><\/p>\n<h2>Pou\u017eitie nastavite\u013en\u00fdch valcov s vidlicov\u00fdm uchyten\u00edm<\/h2>\n<p>Nastavite\u013en\u00e9 valce s vidlicov\u00fdm z\u00e1vitom, ako napr\u00edklad ve\u013ekoobchodne vyr\u00e1ban\u00e9 dvoj\u010dinn\u00e9 zv\u00e1ran\u00e9 hydraulick\u00e9 valce pre traktory, s\u00fa v\u0161estrann\u00e9 hydraulick\u00e9 zariadenia, ktor\u00e9 nach\u00e1dzaj\u00fa \u0161irok\u00e9 uplatnenie v r\u00f4znych odvetviach. Tieto valce s\u00fa \u0161peci\u00e1lne navrhnut\u00e9 tak, aby poskytovali presn\u00e9 a spo\u013eahliv\u00e9 line\u00e1rne riadenie pohybu, v\u010faka \u010domu s\u00fa nevyhnutn\u00e9 v mnoh\u00fdch priemyseln\u00fdch procesoch. V tomto \u010dl\u00e1nku presk\u00famame r\u00f4zne aplik\u00e1cie nastavite\u013en\u00fdch valcov s vidlicov\u00fdm z\u00e1vitom a zd\u00f4razn\u00edme ich v\u00fdhody a prednosti.<\/p>\n<h3>1. Priemyseln\u00e9 stroje<\/h3>\n<p>Nastavite\u013en\u00e9 valce s vidlicov\u00fdm z\u00e1vitom sa vo ve\u013ekej miere pou\u017e\u00edvaj\u00fa v priemyseln\u00fdch strojoch na presn\u00e9 polohovanie a riadenie pohybu. Tieto valce s\u00fa schopn\u00e9 vyvin\u00fa\u0165 vysok\u00e9 sily a zabezpe\u010di\u0165 plynul\u00fd, riaden\u00fd line\u00e1rny pohyb, v\u010faka \u010domu s\u00fa ide\u00e1lne pre aplik\u00e1cie, ako je manipul\u00e1cia s materi\u00e1lom, mont\u00e1\u017ene linky a automatizovan\u00e9 stroje. Najm\u00e4 ve\u013ekoobchodn\u00fd dvoj\u010dinn\u00fd zv\u00e1ran\u00fd hydraulick\u00fd valec pre traktory na mieru je navrhnut\u00fd tak, aby odolal vysok\u00fdm za\u0165a\u017eeniam a drsn\u00fdm prev\u00e1dzkov\u00fdm podmienkam, \u010d\u00edm zabezpe\u010duje spo\u013eahliv\u00fd v\u00fdkon v n\u00e1ro\u010dn\u00fdch priemyseln\u00fdch prostrediach.<\/p>\n<h3>2. Stavebn\u00e9 zariadenia<\/h3>\n<p>Nastavite\u013en\u00e9 vidlicov\u00e9 valce sa \u0161iroko pou\u017e\u00edvaj\u00fa v stavebn\u00fdch strojoch na r\u00f4zne \u00falohy, ktor\u00e9 vy\u017eaduj\u00fa presn\u00fd a v\u00fdkonn\u00fd line\u00e1rny pohyb. Od r\u00fdpadiel a\u017e po \u017eeriavy, tieto valce zohr\u00e1vaj\u00fa k\u013e\u00fa\u010dov\u00fa \u00falohu pri riaden\u00ed pohybu v\u00fdlo\u017en\u00edkov, vedier a in\u00fdch hydraulick\u00fdch pr\u00edslu\u0161enstiev. V\u010faka nastavite\u013en\u00fdm vidlicov\u00fdm koncom pon\u00fakaj\u00fa tieto valce flexibilitu pri in\u0161tal\u00e1cii a umo\u017e\u0148uj\u00fa jednoduch\u00e9 prisp\u00f4sobenie pod\u013ea \u0161pecifick\u00fdch po\u017eiadaviek zariadenia. T\u00e1to prisp\u00f4sobivos\u0165 zais\u0165uje optim\u00e1lny v\u00fdkon a zvy\u0161uje celkov\u00fa \u00fa\u010dinnos\u0165 stavebn\u00fdch strojov.<\/p>\n<h3>3. Po\u013enohospod\u00e1rske stroje<\/h3>\n<p>Po\u013enohospod\u00e1rsky sektor v\u00fdrazne profituje z pou\u017e\u00edvania nastavite\u013en\u00fdch valcov s vidlicov\u00fdm uz\u00e1verom, ako napr\u00edklad ve\u013ekoobchodne vyr\u00e1ban\u00fd dvoj\u010dinn\u00fd zv\u00e1ran\u00fd hydraulick\u00fd valec pre traktory. Tieto valce sa be\u017ene pou\u017e\u00edvaj\u00fa v po\u013enohospod\u00e1rskych strojoch, ako s\u00fa traktory a kombajny, na ovl\u00e1danie r\u00f4znych hydraulick\u00fdch funkci\u00ed. Od nastavenia v\u00fd\u0161ky n\u00e1radia a\u017e po ovl\u00e1danie pohybu pr\u00edslu\u0161enstva, tieto valce umo\u017e\u0148uj\u00fa presn\u00fa a efekt\u00edvnu prev\u00e1dzku na poli. Okrem toho, ich robustn\u00e1 kon\u0161trukcia a odolnos\u0165 vo\u010di drsn\u00fdm podmienkam prostredia ich robia vhodn\u00fdmi pre n\u00e1ro\u010dn\u00e9 po\u017eiadavky po\u013enohospod\u00e1rskych aplik\u00e1ci\u00ed.<\/p>\n<h3>4. Manipul\u00e1cia s materi\u00e1lom<\/h3>\n<p>Nastavite\u013en\u00e9 valce s vidlicov\u00fdm z\u00e1vitom zohr\u00e1vaj\u00fa d\u00f4le\u017eit\u00fa \u00falohu v aplik\u00e1ci\u00e1ch manipul\u00e1cie s materi\u00e1lom, kde je nevyhnutn\u00e9 presn\u00e9 ovl\u00e1danie a spo\u013eahliv\u00fd v\u00fdkon. Tieto valce sa be\u017ene pou\u017e\u00edvaj\u00fa v dopravn\u00edkov\u00fdch syst\u00e9moch, zdv\u00edhac\u00edch zariadeniach a automatizovan\u00fdch skladoch na u\u013eah\u010denie pohybu tovaru a materi\u00e1lov. Ve\u013ekoobchodn\u00fd dvoj\u010dinn\u00fd zv\u00e1ran\u00fd hydraulick\u00fd valec pre traktor na mieru s dvoj\u010dinnou kon\u0161trukciou umo\u017e\u0148uje obojsmern\u00fd pohyb, v\u010faka \u010domu je vhodn\u00fd na tla\u010denie aj \u0165ahanie. T\u00e1to v\u0161estrannos\u0165 zais\u0165uje efekt\u00edvnu manipul\u00e1ciu s materi\u00e1lom a prispieva k zv\u00fd\u0161eniu produktivity v r\u00f4znych odvetviach.<\/p>\n<h3>5. Mobiln\u00e9 vybavenie<\/h3>\n<p>Nastavite\u013en\u00e9 valce s vidlicov\u00fdm uz\u00e1verom sa nach\u00e1dzaj\u00fa aj v r\u00f4znych mobiln\u00fdch zariadeniach vr\u00e1tane n\u00e1kladn\u00fdch automobilov, pr\u00edvesov a po\u013enohospod\u00e1rskych vozidiel. Tieto valce zabezpe\u010duj\u00fa spo\u013eahliv\u00fd a kontrolovan\u00fd pohyb pre funkcie, ako je nakl\u00e1\u0148anie korieb, zdv\u00edhanie a sp\u00fa\u0161\u0165anie plo\u0161\u00edn a nastavovanie mechanizmov riadenia. Ich robustn\u00e1 kon\u0161trukcia a schopnos\u0165 odol\u00e1va\u0165 \u0165a\u017ek\u00fdm n\u00e1kladom ich robia nevyhnutn\u00fdmi v mobiln\u00fdch aplik\u00e1ci\u00e1ch, kde s\u00fa prvorad\u00e9 odolnos\u0165 a bezpe\u010dnos\u0165.<\/p>\n<p>Z\u00e1verom mo\u017eno poveda\u0165, \u017ee ve\u013ekoobchodn\u00fd dvoj\u010dinn\u00fd zv\u00e1ran\u00fd hydraulick\u00fd valec pre traktory, nastavite\u013en\u00fd valec s vidlicov\u00fdm z\u00e1vesom, nach\u00e1dza \u0161irok\u00e9 uplatnenie v \u0161irokej \u0161k\u00e1le odvetv\u00ed. \u010ci u\u017e ide o priemyseln\u00e9 strojov\u00e9 zariadenia, stavebn\u00e9 zariadenia, po\u013enohospod\u00e1rske stroje, manipul\u00e1ciu s materi\u00e1lom alebo mobiln\u00e9 zariadenia, tieto valce pon\u00fakaj\u00fa presn\u00e9 ovl\u00e1danie, spo\u013eahlivos\u0165 a odolnos\u0165. Za\u010dlenen\u00edm ve\u013ekoobchodn\u00e9ho dvoj\u010dinn\u00e9ho zv\u00e1ran\u00e9ho hydraulick\u00e9ho valca pre traktory do r\u00f4znych hydraulick\u00fdch syst\u00e9mov m\u00f4\u017eu priemyseln\u00e9 odvetvia zv\u00fd\u0161i\u0165 efektivitu, produktivitu a celkov\u00fd v\u00fdkon.<\/p>\n<p><img decoding=\"async\" src=\"https:\/\/fmp-components.com\/wp-content\/uploads\/2024\/12\/Application-of-Adjustable-Clevis-Type-Cylinders.webp\" alt=\"Nastavite\u013en\u00fd valec typu Clevis\" width=\"800\" title=\"\"><\/p>\n<h3>O FMP<\/h3>\n<p>FMP je va\u0161\u00edm d\u00f4veryhodn\u00fdm zdrojom vysokokvalitn\u00fdch hydraulick\u00fdch valcov v odvetv\u00ed stavebn\u00fdch strojov. V\u010faka dlhoro\u010dn\u00fdm sk\u00fasenostiam v tomto odvetv\u00ed a profesion\u00e1lnemu t\u00edmu sa venujeme poskytovaniu \u0161pi\u010dkov\u00fdch dielov pre stavebn\u00e9 stroje a kompletn\u00fdch strojn\u00fdch rie\u0161en\u00ed na\u0161im v\u00e1\u017een\u00fdm z\u00e1kazn\u00edkom.<\/p>\n<p>Tu je p\u00e4\u0165 d\u00f4vodov, pre\u010do by ste si mali pre svoje potreby v oblasti hydraulick\u00fdch valcov vybra\u0165 FMP:<\/p>\n<ol>\n<li><strong>\u0160irok\u00e1 \u0161k\u00e1la mo\u017enost\u00ed:<\/strong> N\u00e1\u0161 sortiment zah\u0155\u0148a r\u00f4zne hydraulick\u00e9 valce vhodn\u00e9 pre r\u00f4zne typy stavebn\u00fdch strojov. \u010ci u\u017e potrebujete jedno\u010dinn\u00e9 alebo dvoj\u010dinn\u00e9 valce, teleskopick\u00e9 alebo valce s ojnicou, m\u00e1me pre v\u00e1s to spr\u00e1vne rie\u0161enie.<\/li>\n<li><strong>Vynikaj\u00faca kvalita:<\/strong> Vybudovali sme si dlhodob\u00e9 a stabiln\u00e9 vz\u0165ahy s vysokokvalitn\u00fdmi dod\u00e1vate\u013emi, a to ako na dom\u00e1com, tak aj na medzin\u00e1rodnom trhu. To zaru\u010duje, \u017ee v\u0161etky na\u0161e hydraulick\u00e9 valce sp\u013a\u0148aj\u00fa pr\u00edsne normy kvality a poskytuj\u00fa v\u00e1m spo\u013eahliv\u00e9 a odoln\u00e9 komponenty, ktor\u00e9 odolaj\u00fa n\u00e1rokom va\u0161ich projektov.<\/li>\n<li><strong>Odborn\u00fd obchodn\u00fd t\u00edm:<\/strong> N\u00e1\u0161 sk\u00fasen\u00fd a informovan\u00fd obchodn\u00fd t\u00edm je dobre obozn\u00e1men\u00fd s najnov\u0161\u00edmi trendmi a potrebami z\u00e1kazn\u00edkov v odvetv\u00ed stavebn\u00fdch strojov. Je pripraven\u00fd poskytn\u00fa\u0165 v\u00e1m profesion\u00e1lne poradenstvo oh\u013eadom produktov a inteligentn\u00e9 n\u00e1vrhy na n\u00e1kup, \u010d\u00edm v\u00e1m pom\u00f4\u017ee pri informovan\u00fdch rozhodnutiach.<\/li>\n<li><strong>Efekt\u00edvna logistika:<\/strong> Ch\u00e1peme d\u00f4le\u017eitos\u0165 v\u010dasn\u00e9ho dodania. V\u010faka n\u00e1\u0161mu efekt\u00edvnemu logistick\u00e9mu distribu\u010dn\u00e9mu syst\u00e9mu zabezpe\u010dujeme, \u017ee dostanete po\u017eadovan\u00e9 hydraulick\u00e9 valce v\u010das a presne. M\u00f4\u017eete sa na n\u00e1s spo\u013eahn\u00fa\u0165, \u017ee va\u0161e projekty bud\u00fa dokon\u010den\u00e9 v\u010das.<\/li>\n<li><strong>V\u00fdnimo\u010dn\u00fd z\u00e1kazn\u00edcky servis:<\/strong> V spolo\u010dnosti FMP si v\u00e1\u017eime na\u0161ich z\u00e1kazn\u00edkov a sna\u017e\u00edme sa poskytova\u0165 v\u00fdnimo\u010dn\u00e9 slu\u017eby. N\u00e1\u0161 \u0161pecializovan\u00fd t\u00edm sa zav\u00e4zuje promptne rie\u0161i\u0165 va\u0161e ot\u00e1zky a obavy a zabezpe\u010di\u0165 tak hladk\u00fd a spokojn\u00fd z\u00e1\u017eitok po\u010das celej va\u0161ej spolupr\u00e1ce s nami.<\/li>\n<\/ol>\n<p>Pozrite sa bli\u017e\u0161ie na n\u00e1\u0161 nastavite\u013en\u00fd valec s vidlicov\u00fdm uchyten\u00edm ni\u017e\u0161ie:<\/p>\n<p><img decoding=\"async\" src=\"https:\/\/fmp-components.com\/wp-content\/uploads\/2024\/12\/Adjustable-Clevis-Type-Cylinders-6.webp\" alt=\"Nastavite\u013en\u00fd valec typu Clevis\" width=\"821\" title=\"\"><\/p>\n<h2>\u010casto kladen\u00e9 ot\u00e1zky<\/h2>\n<p><b>Ot\u00e1zka: Ak\u00e9 r\u00f4zne typy hydraulick\u00fdch valcov pon\u00fakate?<\/b><br \/>\nA: Pon\u00fakame valce s \u0165aha\u010dom, zv\u00e1ran\u00e9, teleskopick\u00e9, jedno\u010dinn\u00e9 a dvoj\u010dinn\u00e9.<\/p>\n<p><b>Ot\u00e1zka: Ak\u00e1 je nosnos\u0165 hydraulick\u00e9ho valca?<\/b><br \/>\nA: N\u00e1\u0161 hydraulick\u00fd valec m\u00e1 maxim\u00e1lnu nosnos\u0165 20 ton.<\/p>\n<p><b>Ot\u00e1zka: Pon\u00fakate mo\u017enosti prisp\u00f4sobenia hydraulick\u00e9ho valca?<\/b><br \/>\nA: \u00c1no, vieme. Valce vieme prisp\u00f4sobi\u0165 va\u0161im \u0161pecifick\u00fdm po\u017eiadavk\u00e1m.<\/p>\n<p><img decoding=\"async\" src=\"https:\/\/img.jiansujichilun.com\/img\/hydrauliccylinders\/B_hydrauliccylinders-5.webp\" alt=\"hydraulick\u00fd valec\" width=\"800\" title=\"\"><\/p>\n<p>Autor\uff1a CX<\/p>","protected":false},"excerpt":{"rendered":"<p>Ve\u013ekoobchodn\u00fd dvoj\u010dinn\u00fd zv\u00e1ran\u00fd hydraulick\u00fd valec pre traktory na mieru je vysoko kvalitn\u00fd produkt, ktor\u00fd je navrhnut\u00fd tak, aby sp\u013a\u0148al \u0161pecifick\u00e9 potreby traktorov. Tento hydraulick\u00fd valec je vyroben\u00fd s oh\u013eadom na presnos\u0165 a odolnos\u0165, \u010do zais\u0165uje jeho spo\u013eahliv\u00fd v\u00fdkon aj v n\u00e1ro\u010dn\u00fdch podmienkach. Jednou z k\u013e\u00fa\u010dov\u00fdch vlastnost\u00ed tohto hydraulick\u00e9ho valca je jeho dvoj\u010dinn\u00fd [\u2026]<\/p>","protected":false},"featured_media":1336,"comment_status":"closed","ping_status":"closed","template":"","meta":{"_et_pb_use_builder":"","_et_pb_old_content":"","_et_gb_content_width":""},"product_brand":[],"product_cat":[39],"product_tag":[41,34],"class_list":{"0":"post-1359","1":"product","2":"type-product","3":"status-publish","4":"has-post-thumbnail","6":"product_cat-adjustable-clevis-type-cylinders","7":"product_tag-adjustable-clevis-type-cylinders","8":"product_tag-hydraulic-cylinder","10":"first","11":"instock","12":"product-type-simple"},"_links":{"self":[{"href":"https:\/\/fmp-components.com\/sk\/wp-json\/wp\/v2\/product\/1359","targetHints":{"allow":["GET"]}}],"collection":[{"href":"https:\/\/fmp-components.com\/sk\/wp-json\/wp\/v2\/product"}],"about":[{"href":"https:\/\/fmp-components.com\/sk\/wp-json\/wp\/v2\/types\/product"}],"replies":[{"embeddable":true,"href":"https:\/\/fmp-components.com\/sk\/wp-json\/wp\/v2\/comments?post=1359"}],"wp:featuredmedia":[{"embeddable":true,"href":"https:\/\/fmp-components.com\/sk\/wp-json\/wp\/v2\/media\/1336"}],"wp:attachment":[{"href":"https:\/\/fmp-components.com\/sk\/wp-json\/wp\/v2\/media?parent=1359"}],"wp:term":[{"taxonomy":"product_brand","embeddable":true,"href":"https:\/\/fmp-components.com\/sk\/wp-json\/wp\/v2\/product_brand?post=1359"},{"taxonomy":"product_cat","embeddable":true,"href":"https:\/\/fmp-components.com\/sk\/wp-json\/wp\/v2\/product_cat?post=1359"},{"taxonomy":"product_tag","embeddable":true,"href":"https:\/\/fmp-components.com\/sk\/wp-json\/wp\/v2\/product_tag?post=1359"}],"curies":[{"name":"pracovn\u00fd list","href":"https:\/\/api.w.org\/{rel}","templated":true}]}}