{"id":1358,"date":"2024-12-23T02:18:57","date_gmt":"2024-12-23T02:18:57","guid":{"rendered":"https:\/\/fmp-components.com\/product\/factory-provide-adjustable-welded-hydraulic-cylinder-for-trailer\/"},"modified":"2024-12-23T03:02:20","modified_gmt":"2024-12-23T03:02:20","slug":"factory-provide-adjustable-welded-hydraulic-cylinder-for-trailer","status":"publish","type":"product","link":"https:\/\/fmp-components.com\/sk\/product\/factory-provide-adjustable-welded-hydraulic-cylinder-for-trailer\/","title":{"rendered":"Tov\u00e1re\u0148 poskytuje nastavite\u013en\u00fd zv\u00e1ran\u00fd hydraulick\u00fd valec pre pr\u00edves"},"content":{"rendered":"<h2>Tov\u00e1re\u0148 poskytuje nastavite\u013en\u00fd zv\u00e1ran\u00fd hydraulick\u00fd valec pre pr\u00edves:<\/h2>\n<p>Nastavite\u013en\u00fd zv\u00e1ran\u00fd hydraulick\u00fd valec pre pr\u00edvesy dod\u00e1van\u00fd z v\u00fdroby je produkt navrhnut\u00fd tak, aby poskytoval pevnos\u0165 a stabilitu pr\u00edvesom. V\u010faka svojej zv\u00e1ranej kon\u0161trukcii je schopn\u00fd odol\u00e1va\u0165 vysok\u00e9mu tlaku a \u0165a\u017ek\u00fdm za\u0165a\u017eeniam, v\u010faka \u010domu je spo\u013eahlivou vo\u013ebou pre t\u00fdch, ktor\u00ed potrebuj\u00fa odoln\u00fd hydraulick\u00fd valec.<\/p>\n<p>Tento hydraulick\u00fd valec je nastavite\u013en\u00fd, \u010do znamen\u00e1, \u017ee sa d\u00e1 \u013eahko prisp\u00f4sobi\u0165 r\u00f4znym pr\u00edvesom a ich \u0161pecifick\u00fdm potreb\u00e1m. Jeho hydraulick\u00fd syst\u00e9m zais\u0165uje plynul\u00fd a efekt\u00edvny chod, v\u010faka \u010domu sa \u013eahko pou\u017e\u00edva v \u0161irokej \u0161k\u00e1le aplik\u00e1ci\u00ed.<\/p>\n<p>Nastavite\u013en\u00fd zv\u00e1ran\u00fd hydraulick\u00fd valec pre pr\u00edvesy od v\u00fdrobcu je vyroben\u00fd pre dlh\u00fa \u017eivotnos\u0165 z vysoko kvalitn\u00fdch materi\u00e1lov odoln\u00fdch vo\u010di opotrebovaniu. Jeho pokro\u010dil\u00e1 kon\u0161trukcia zaru\u010duje, \u017ee je schopn\u00fd odola\u0165 aj t\u00fdm naj\u0165a\u017e\u0161\u00edm podmienkam, v\u010faka \u010domu je ob\u013e\u00fabenou vo\u013ebou pre pracovn\u00edkov v stavebn\u00edctve a po\u013enohospod\u00e1rstve.<\/p>\n<p><img loading=\"lazy\" decoding=\"async\" class=\"alignnone size-full wp-image-1334\" src=\"https:\/\/fmp-components.com\/wp-content\/uploads\/2024\/12\/Adjustable-Clevis-Type-Cylinders-4.webp\" alt=\"Nastavite\u013en\u00e9 valce s vidlicov\u00fdm z\u00e1vesom\" width=\"800\" height=\"800\" title=\"\" srcset=\"https:\/\/fmp-components.com\/wp-content\/uploads\/2024\/12\/Adjustable-Clevis-Type-Cylinders-4.webp 800w, https:\/\/fmp-components.com\/wp-content\/uploads\/2024\/12\/Adjustable-Clevis-Type-Cylinders-4-480x480.webp 480w\" sizes=\"(min-width: 0px) and (max-width: 480px) 480px, (min-width: 481px) 800px, 100vw\" \/><\/p>\n<p>Celkovo je nastavite\u013en\u00fd zv\u00e1ran\u00fd hydraulick\u00fd valec pre pr\u00edves od v\u00fdrobcu vysoko kvalitn\u00fd produkt, ktor\u00fd poskytuje spo\u013eahliv\u00fd a efekt\u00edvny v\u00fdkon. Jeho pevnos\u0165 a odolnos\u0165 z neho robia cenovo v\u00fdhodn\u00fa vo\u013ebu pre t\u00fdch, ktor\u00ed potrebuj\u00fa dlhotrvaj\u00faci hydraulick\u00fd valec pre svoj pr\u00edves.<\/p>\n<table style=\"width: 100%;\" border=\"1\" width=\"100%\" cellspacing=\"0\" cellpadding=\"0\">\n<tbody>\n<tr>\n<th>N\u00e1zov produktu<\/th>\n<td>Nastavite\u013en\u00fd zv\u00e1ran\u00fd hydraulick\u00fd valec pre pr\u00edves<\/td>\n<\/tr>\n<tr>\n<th>Zna\u010dka<\/th>\n<td>Tov\u00e1re\u0148 poskytuje<\/td>\n<\/tr>\n<tr>\n<th>Z\u00e1ruka<\/th>\n<td>1 rok<\/td>\n<\/tr>\n<tr>\n<th>Pou\u017eite\u013en\u00e9 odvetvia<\/th>\n<td>Opravovne strojov, Farmy, Energia a ban\u00edctvo, V\u00fdroba strojov, Stroj\u00e1rensk\u00fd z\u00e1vod<\/td>\n<\/tr>\n<tr>\n<th>Hmotnos\u0165 (kg)<\/th>\n<td>85<\/td>\n<\/tr>\n<tr>\n<th>V\u00fdstupn\u00e1 videoin\u0161pekcia<\/th>\n<td>Poskytnut\u00e9<\/td>\n<\/tr>\n<tr>\n<th>Spr\u00e1va o sk\u00fa\u0161ke strojov<\/th>\n<td>Poskytnut\u00e9<\/td>\n<\/tr>\n<tr>\n<th>Typ marketingu<\/th>\n<td>Nov\u00fd produkt 2023<\/td>\n<\/tr>\n<tr>\n<th>Z\u00e1kladn\u00e9 komponenty<\/th>\n<td>Lo\u017eisko, hydraulick\u00fd valec<\/td>\n<\/tr>\n<tr>\n<th>Materi\u00e1l tela<\/th>\n<td>Oce\u013e<\/td>\n<\/tr>\n<tr>\n<th>Maxim\u00e1lny \u0165ah<\/th>\n<td>3000<\/td>\n<\/tr>\n<tr>\n<th>Typ<\/th>\n<td>Nastavite\u013en\u00fd typ s vidlicou<\/td>\n<\/tr>\n<tr>\n<th>Porty<\/th>\n<td>G\/SAE\/NPT\/M<\/td>\n<\/tr>\n<tr>\n<th>Maxim\u00e1lny \u0165ah<\/th>\n<td>20 ton<\/td>\n<\/tr>\n<tr>\n<th>Certifik\u00e1cia<\/th>\n<td>ISO9001:2000<\/td>\n<\/tr>\n<tr>\n<th>Ve\u013ekos\u0165 otvoru<\/th>\n<td>2-6 palcov<\/td>\n<\/tr>\n<tr>\n<th>Ve\u013ekos\u0165 ty\u010de<\/th>\n<td>1,125-4 palce<\/td>\n<\/tr>\n<tr>\n<th>Ve\u013ekos\u0165 \u0165ahu<\/th>\n<td>4-100 palcov<\/td>\n<\/tr>\n<tr>\n<th>Ve\u013ekos\u0165 \u010dapu<\/th>\n<td>0,5-2 palce<\/td>\n<\/tr>\n<\/tbody>\n<\/table>\n<h2>V\u00fdhody nastavite\u013en\u00fdch valcov s vidlicov\u00fdm uchyten\u00edm<\/h2>\n<p>Nastavite\u013en\u00e9 valce s vidlicov\u00fdm uz\u00e1verom, ako napr\u00edklad nastavite\u013en\u00fd zv\u00e1ran\u00fd hydraulick\u00fd valec pre pr\u00edvesy dod\u00e1van\u00fd z v\u00fdroby, pon\u00fakaj\u00fa mno\u017estvo v\u00fdhod, v\u010faka ktor\u00fdm s\u00fa cennou vo\u013ebou pre r\u00f4zne aplik\u00e1cie. V tomto \u010dl\u00e1nku podrobne presk\u00famame v\u00fdhody t\u00fdchto valcov:<\/p>\n<p>1. Zv\u00fd\u0161en\u00e1 flexibilita: Jednou z k\u013e\u00fa\u010dov\u00fdch v\u00fdhod nastavite\u013en\u00fdch valcov s vidlicov\u00fdm uchyten\u00edm je ich schopnos\u0165 poskytova\u0165 zv\u00fd\u0161en\u00fa flexibilitu v hydraulick\u00fdch syst\u00e9moch. Nastavite\u013en\u00e9 vidlicov\u00e9 uchytenie umo\u017e\u0148uje jednoduch\u00e9 a presn\u00e9 nastavenie mont\u00e1\u017enej polohy valca, \u010do m\u00f4\u017ee by\u0165 k\u013e\u00fa\u010dov\u00e9 v situ\u00e1ci\u00e1ch, ke\u010f je potrebn\u00e9 prisp\u00f4sobi\u0165 sa \u0161pecifick\u00fdm rozmerom alebo uhlom. T\u00e1to flexibilita zais\u0165uje optim\u00e1lny v\u00fdkon a vhodnos\u0165 do \u0161irokej \u0161k\u00e1ly aplik\u00e1ci\u00ed.<\/p>\n<p>2. Zv\u00fd\u0161en\u00e1 odolnos\u0165: Nastavite\u013en\u00e9 valce s vidlicov\u00fdm uz\u00e1verom s\u00fa navrhnut\u00e9 tak, aby odolali vysok\u00e9mu za\u0165a\u017eeniu a n\u00e1ro\u010dn\u00fdm prev\u00e1dzkov\u00fdm podmienkam. Tieto valce s\u00fa vyroben\u00e9 z vysoko kvalitn\u00fdch materi\u00e1lov, ako je kalen\u00e1 oce\u013e, \u010do zvy\u0161uje ich pevnos\u0165 a odolnos\u0165. Robustn\u00e1 kon\u0161trukcia zais\u0165uje, \u017ee valce odol\u00e1vaj\u00fa n\u00e1ro\u010dn\u00fdm prev\u00e1dzkov\u00fdm podmienkam bez toho, aby to ohrozilo ich v\u00fdkon alebo \u0161truktur\u00e1lnu integritu.<\/p>\n<p>3. Jednoduch\u00e1 in\u0161tal\u00e1cia a \u00fadr\u017eba: \u010eal\u0161ou v\u00fdhodou nastavite\u013en\u00fdch vidlicov\u00fdch valcov je ich jednoduch\u00e1 in\u0161tal\u00e1cia a \u00fadr\u017eba. Kon\u0161trukcia nastavite\u013enej vidlice zjednodu\u0161uje proces in\u0161tal\u00e1cie a umo\u017e\u0148uje r\u00fdchlu a bezprobl\u00e9mov\u00fa mont\u00e1\u017e. Okrem toho je pravideln\u00e1 \u00fadr\u017eba a kontrola jednoduch\u0161ia, preto\u017ee nastavite\u013en\u00e1 vidlica umo\u017e\u0148uje jednoduch\u00fd pr\u00edstup ku komponentom valca, \u010d\u00edm sa zabezpe\u010duje efekt\u00edvny servis a minimalizuj\u00fa sa prestoje.<\/p>\n<p>4. V\u0161estrann\u00e9 pou\u017eitie: Nastavite\u013en\u00e9 valce s vidlicov\u00fdm uchyten\u00edm nach\u00e1dzaj\u00fa uplatnenie v \u0161irokej \u0161k\u00e1le odvetv\u00ed a syst\u00e9mov. V\u010faka svojej v\u0161estrannosti s\u00fa vhodn\u00e9 pre r\u00f4zne stroje a zariadenia vr\u00e1tane pr\u00edvesov, po\u013enohospod\u00e1rskych strojov, stavebn\u00fdch zariaden\u00ed a \u010fal\u0161\u00edch. Nastavite\u013en\u00e1 povaha vidlicov\u00e9ho uchytenia umo\u017e\u0148uje prisp\u00f4sobenie a adapt\u00e1ciu r\u00f4znym po\u017eiadavk\u00e1m, v\u010faka \u010domu s\u00fa tieto valce vysoko prisp\u00f4sobite\u013en\u00e9 r\u00f4znym aplik\u00e1ci\u00e1m.<\/p>\n<p>5. Presn\u00e9 polohovanie: Nastavite\u013en\u00e1 vidlicov\u00e1 funkcia t\u00fdchto valcov umo\u017e\u0148uje presn\u00e9 polohovanie hydraulick\u00e9ho mechanizmu. T\u00e1to presnos\u0165 je k\u013e\u00fa\u010dov\u00e1 v aplik\u00e1ci\u00e1ch, kde je potrebn\u00e9 presn\u00e9 zarovnanie a ovl\u00e1danie, napr\u00edklad v syst\u00e9moch manipul\u00e1cie s materi\u00e1lom alebo zariadeniach, ktor\u00e9 vy\u017eaduj\u00fa \u0161pecifick\u00e9 polohovanie pre efekt\u00edvnu prev\u00e1dzku. Mo\u017enos\u0165 jemn\u00e9ho doladenia mont\u00e1\u017enej polohy valca zais\u0165uje optim\u00e1lny v\u00fdkon a prev\u00e1dzkov\u00fa \u00fa\u010dinnos\u0165.<\/p>\n<p>Z\u00e1verom mo\u017eno poveda\u0165, \u017ee nastavite\u013en\u00e9 valce s vidlicov\u00fdm z\u00e1vesom, ktor\u00fdch pr\u00edkladom je nastavite\u013en\u00fd zv\u00e1ran\u00fd hydraulick\u00fd valec pre pr\u00edvesy, pon\u00fakaj\u00fa mno\u017estvo v\u00fdhod, pokia\u013e ide o flexibilitu, odolnos\u0165, jednoduch\u00fa in\u0161tal\u00e1ciu a \u00fadr\u017ebu, v\u0161estrannos\u0165 a presn\u00e9 polohovanie. Tieto valce poskytuj\u00fa spo\u013eahliv\u00e9 a efekt\u00edvne rie\u0161enie pre r\u00f4zne hydraulick\u00e9 syst\u00e9my a aplik\u00e1cie, v\u010faka \u010domu s\u00fa v tomto odvetv\u00ed ob\u013e\u00fabenou vo\u013ebou.<img decoding=\"async\" src=\"https:\/\/fmp-components.com\/wp-content\/uploads\/2024\/12\/Adjustable-Clevis-Type-Cylinders5.webp\" alt=\"Nastavite\u013en\u00fd valec typu Clevis\" width=\"800\" title=\"\"><\/p>\n<h2>Pou\u017eitie nastavite\u013en\u00fdch valcov s vidlicov\u00fdm uchyten\u00edm<\/h2>\n<p>Nastavite\u013en\u00e9 hydraulick\u00e9 valce s vidlicov\u00fdm uchyten\u00edm, ako napr\u00edklad nastavite\u013en\u00e9 zv\u00e1ran\u00e9 hydraulick\u00e9 valce pre pr\u00edvesy dod\u00e1van\u00e9 z v\u00fdroby, zohr\u00e1vaj\u00fa k\u013e\u00fa\u010dov\u00fa \u00falohu v r\u00f4znych odvetviach v\u010faka svojej v\u0161estrannosti a prisp\u00f4sobivosti. Tieto \u0161pecializovan\u00e9 hydraulick\u00e9 valce s\u00fa navrhnut\u00e9 tak, aby poskytovali presn\u00fd a kontrolovan\u00fd line\u00e1rny pohyb, v\u010faka \u010domu s\u00fa ide\u00e1lne pre \u0161irok\u00fa \u0161k\u00e1lu aplik\u00e1ci\u00ed. V tomto blogovom pr\u00edspevku presk\u00famame k\u013e\u00fa\u010dov\u00e9 aplik\u00e1cie nastavite\u013en\u00fdch valcov s vidlicov\u00fdm uchyten\u00edm a podrobne rozoberieme ich v\u00fdhody.<\/p>\n<h3>1. Priemyseln\u00e1 automatiz\u00e1cia<\/h3>\n<p>Nastavite\u013en\u00e9 valce s vidlicov\u00fdm z\u00e1vitom sa hojne pou\u017e\u00edvaj\u00fa v priemyseln\u00fdch automatiza\u010dn\u00fdch syst\u00e9moch, kde je potrebn\u00fd presn\u00fd a kontrolovan\u00fd pohyb. Tieto valce sa daj\u00fa \u013eahko nastavi\u0165 na dosiahnutie po\u017eadovanej d\u013a\u017eky zdvihu, v\u010faka \u010domu s\u00fa ide\u00e1lne pre aplik\u00e1cie, ako s\u00fa dopravn\u00edkov\u00e9 syst\u00e9my, mont\u00e1\u017ene linky a robotick\u00e9 ramen\u00e1. Nastavite\u013en\u00fd zv\u00e1ran\u00fd hydraulick\u00fd valec pre pr\u00edvesy dod\u00e1van\u00fd z v\u00fdroby s vysokou nosnos\u0165ou a nastavite\u013en\u00fdmi funkciami zais\u0165uje efekt\u00edvnu a spo\u013eahliv\u00fa prev\u00e1dzku v priemyselnej automatiz\u00e1cii.<\/p>\n<h3>2. Po\u013enohospod\u00e1rske stroje<\/h3>\n<p>V po\u013enohospod\u00e1rskom sektore nach\u00e1dzaj\u00fa nastavite\u013en\u00e9 valce s vidlicov\u00fdm uchyten\u00edm \u0161irok\u00e9 uplatnenie v po\u013enohospod\u00e1rskych strojoch. Tieto valce sa be\u017ene pou\u017e\u00edvaj\u00fa v po\u013enohospod\u00e1rskych strojoch, ako s\u00fa kombajny, pluhy a zavla\u017eovacie syst\u00e9my. Mo\u017enos\u0165 nastavenia d\u013a\u017eky zdvihu valca umo\u017e\u0148uje presn\u00e9 ovl\u00e1danie pohybu t\u00fdchto po\u013enohospod\u00e1rskych strojov. Nastavite\u013en\u00fd zv\u00e1ran\u00fd hydraulick\u00fd valec pre pr\u00edvesy dod\u00e1van\u00fd z v\u00fdroby s robustnou kon\u0161trukciou a odolnos\u0165ou vo\u010di kor\u00f3zii zais\u0165uje optim\u00e1lny v\u00fdkon aj v n\u00e1ro\u010dn\u00fdch po\u013enohospod\u00e1rskych podmienkach.<\/p>\n<h3>3. Stavebn\u00e9 zariadenia<\/h3>\n<p>Nastavite\u013en\u00e9 valce s vidlicov\u00fdm uz\u00e1verom sa tie\u017e hojne pou\u017e\u00edvaj\u00fa v stavebn\u00edctve. Tieto valce sa \u010dasto nach\u00e1dzaj\u00fa v stavebn\u00fdch strojoch, ako s\u00fa bagre, naklada\u010de a \u017eeriavy. Nastavite\u013enos\u0165 t\u00fdchto valcov umo\u017e\u0148uje presn\u00e9 polohovanie a zdv\u00edhanie \u0165a\u017ek\u00fdch bremien. Nastavite\u013en\u00fd zv\u00e1ran\u00fd hydraulick\u00fd valec pre pr\u00edvesy dod\u00e1van\u00fd z v\u00fdroby s odolnou kon\u0161trukciou a schopnos\u0165ou odol\u00e1va\u0165 vysok\u00e9mu tlaku zais\u0165uje spo\u013eahlivos\u0165 a bezpe\u010dnos\u0165 na n\u00e1ro\u010dn\u00fdch stavenisk\u00e1ch.<\/p>\n<h3>4. Manipul\u00e1cia s materi\u00e1lom<\/h3>\n<p>Nastavite\u013en\u00e9 valce s vidlicov\u00fdm z\u00e1vitom sa \u0161iroko pou\u017e\u00edvaj\u00fa v aplik\u00e1ci\u00e1ch manipul\u00e1cie s materi\u00e1lom. Tieto valce sa pou\u017e\u00edvaj\u00fa v zariadeniach, ako s\u00fa vysokozdvi\u017en\u00e9 voz\u00edky, zdv\u00edhacie stoly a dopravn\u00edkov\u00e9 syst\u00e9my. Nastavite\u013en\u00e1 d\u013a\u017eka zdvihu valcov umo\u017e\u0148uje efekt\u00edvny a kontrolovan\u00fd pohyb materi\u00e1lov, \u010do prispieva k zlep\u0161eniu produktivity a bezpe\u010dnosti pri manipul\u00e1cii s materi\u00e1lom. Nastavite\u013en\u00fd zv\u00e1ran\u00fd hydraulick\u00fd valec pre pr\u00edvesy dod\u00e1van\u00fd z v\u00fdroby s vynikaj\u00facou nosnos\u0165ou a nastavite\u013en\u00fdmi funkciami zvy\u0161uje efektivitu \u00faloh manipul\u00e1cie s materi\u00e1lom.<\/p>\n<h3>5. Mobiln\u00e9 stroje<\/h3>\n<p>Nastavite\u013en\u00e9 valce s vidlicov\u00fdm uchyten\u00edm sa be\u017ene pou\u017e\u00edvaj\u00fa v r\u00f4znych typoch mobiln\u00fdch strojov. Tieto valce sa nach\u00e1dzaj\u00fa v aplik\u00e1ci\u00e1ch, ako s\u00fa mobiln\u00e9 \u017eeriavy, skl\u00e1pa\u010de a po\u013enohospod\u00e1rske vozidl\u00e1. Nastavite\u013en\u00e1 funkcia t\u00fdchto valcov umo\u017e\u0148uje flexibiln\u00e9 polohovanie a nastavenie pod\u013ea r\u00f4znych prev\u00e1dzkov\u00fdch po\u017eiadaviek. Nastavite\u013en\u00fd zv\u00e1ran\u00fd hydraulick\u00fd valec pre pr\u00edvesy dod\u00e1van\u00fd z v\u00fdroby s robustnou kon\u0161trukciou a mo\u017enos\u0165ami prisp\u00f4sobenia zais\u0165uje optim\u00e1lny v\u00fdkon a dlh\u00fa \u017eivotnos\u0165 v aplik\u00e1ci\u00e1ch mobiln\u00fdch strojov.<\/p>\n<p>Z\u00e1verom mo\u017eno poveda\u0165, \u017ee nastavite\u013en\u00e9 valce s vidlicov\u00fdm z\u00e1vitom, vr\u00e1tane nastavite\u013en\u00e9ho zv\u00e1ran\u00e9ho hydraulick\u00e9ho valca pre pr\u00edvesy dod\u00e1van\u00e9ho z v\u00fdroby, s\u00fa vysoko v\u0161estrann\u00e9 a nach\u00e1dzaj\u00fa \u0161irok\u00e9 uplatnenie v r\u00f4znych odvetviach. Ich nastavite\u013en\u00e9 vlastnosti v kombin\u00e1cii s robustnou kon\u0161trukciou a presn\u00fdm ovl\u00e1dan\u00edm ich robia nevyhnutn\u00fdmi v priemyselnej automatiz\u00e1cii, po\u013enohospod\u00e1rskych strojoch, stavebn\u00fdch zariadeniach, manipul\u00e1cii s materi\u00e1lom a mobiln\u00fdch strojoch. Poskytovan\u00edm spo\u013eahliv\u00e9ho a efekt\u00edvneho line\u00e1rneho pohybu tieto valce prispievaj\u00fa k celkovej produktivite a bezpe\u010dnosti r\u00f4znych aplik\u00e1ci\u00ed.<\/p>\n<p><img decoding=\"async\" src=\"https:\/\/fmp-components.com\/wp-content\/uploads\/2024\/12\/Application-of-Adjustable-Clevis-Type-Cylinders.webp\" alt=\"Nastavite\u013en\u00fd valec typu Clevis\" width=\"800\" title=\"\"><\/p>\n<h3>O FMP \u2013 hydraulickom valci<\/h3>\n<p>FMP je popredn\u00e1 spolo\u010dnos\u0165 \u0161pecializuj\u00faca sa na predaj a servis dielov a kompletn\u00fdch strojov pre stavebn\u00e9 stroje. Poskytujeme vysoko kvalitn\u00e9 a spo\u013eahliv\u00e9 diely pre stavebn\u00e9 stroje a kompletn\u00e9 strojov\u00e9 rie\u0161enia s dlhoro\u010dn\u00fdmi sk\u00fasenos\u0165ami v tomto odvetv\u00ed a profesion\u00e1lnym t\u00edmom so s\u00eddlom v Taliansku. Na\u0161a spolo\u010dnos\u0165 pon\u00faka \u0161irok\u00fd sortiment produktov vr\u00e1tane prevodoviek pre po\u013enohospod\u00e1rske stroje, plan\u00e9tov\u00fdch prevodoviek, priemyseln\u00fdch prevodoviek a r\u00f4znych typov dielov pre stavebn\u00e9 stroje.<\/p>\n<p>Tu s\u00fa niektor\u00e9 v\u00fdhody a vlastnosti n\u00e1\u0161ho hydraulick\u00e9ho valca:<\/p>\n<p>1. Vysokokvalitn\u00e9 materi\u00e1ly: Na\u0161e hydraulick\u00e9 valce s\u00fa vyroben\u00e9 z vysokokvalitn\u00fdch materi\u00e1lov, ktor\u00e9 s\u00fa pevn\u00e9, odoln\u00e9 a maj\u00fa dlh\u00fa \u017eivotnos\u0165. Zabezpe\u010dujeme, aby na\u0161e v\u00fdrobky sp\u013a\u0148ali pr\u00edsne normy kvality a boli navrhnut\u00e9 tak, aby z\u00e1kazn\u00edkom poskytovali optim\u00e1lny v\u00fdkon.<\/p>\n<p>2. Prisp\u00f4sobite\u013en\u00e9: Pon\u00fakame prisp\u00f4sobite\u013en\u00e9 hydraulick\u00e9 valce, ktor\u00e9 je mo\u017en\u00e9 prisp\u00f4sobi\u0165 \u0161pecifick\u00fdm potreb\u00e1m na\u0161ich z\u00e1kazn\u00edkov. M\u00f4\u017eete si vybra\u0165 spr\u00e1vnu ve\u013ekos\u0165, zdvih a priemer v\u0155tania pre va\u0161u aplik\u00e1ciu.<\/p>\n<p>3. \u0160irok\u00fd rozsah pou\u017eitia: N\u00e1\u0161 hydraulick\u00fd valec sa d\u00e1 pou\u017ei\u0165 v r\u00f4znych aplik\u00e1ci\u00e1ch vr\u00e1tane po\u013enohospod\u00e1rskych strojov, stavebn\u00fdch strojov a priemyseln\u00fdch strojov.<\/p>\n<p>4. Inteligentn\u00e9 n\u00e1vrhy na n\u00e1kup: N\u00e1\u0161 sk\u00fasen\u00fd obchodn\u00fd t\u00edm pozn\u00e1 v\u00fdvojov\u00e9 trendy a potreby z\u00e1kazn\u00edkov v odvetv\u00ed stavebn\u00fdch strojov. M\u00f4\u017ee poskytn\u00fa\u0165 profesion\u00e1lne poradenstvo oh\u013eadom produktov a inteligentn\u00e9 n\u00e1vrhy na n\u00e1kup.<\/p>\n<p>5. Efekt\u00edvna logistika: M\u00e1me efekt\u00edvny logistick\u00fd distribu\u010dn\u00fd syst\u00e9m, ktor\u00fd zabezpe\u010duje, \u017ee z\u00e1kazn\u00edci dostan\u00fa po\u017eadovan\u00e9 diely v\u010das a presne.<\/p>\n<p>V spolo\u010dnosti FMP sa zav\u00e4zujeme poskytova\u0165 vysoko kvalitn\u00e9, spo\u013eahliv\u00e9 a prisp\u00f4soben\u00e9 hydraulick\u00e9 valce, ktor\u00e9 sp\u013a\u0148aj\u00fa \u0161pecifick\u00e9 potreby na\u0161ich z\u00e1kazn\u00edkov. N\u00e1\u0161 t\u00edm je v\u017edy pripraven\u00fd poskytn\u00fa\u0165 v\u00e1m profesion\u00e1lne a efekt\u00edvne slu\u017eby. Vyberte si FMP ako svojho dod\u00e1vate\u013ea hydraulick\u00fdch valcov a my v\u00e1m poskytneme tie najlep\u0161ie produkty a slu\u017eby.<\/p>\n<p><img decoding=\"async\" src=\"https:\/\/fmp-components.com\/wp-content\/uploads\/2024\/12\/Adjustable-Clevis-Type-Cylinders-6.webp\" alt=\"Nastavite\u013en\u00fd valec typu Clevis\" width=\"820\" title=\"\"><\/p>\n<h2>\u010casto kladen\u00e9 ot\u00e1zky<\/h2>\n<p><strong>Ot\u00e1zka: Ste obchodn\u00e1 spolo\u010dnos\u0165 alebo v\u00fdrobca?<\/strong><br \/>\nA: Sme v\u00fdrobca, ktor\u00fd vyr\u00e1ba vysoko kvalitn\u00e9 hydraulick\u00e9 valce.<\/p>\n<p><strong>Ot\u00e1zka: Ak\u00e1 je va\u0161a dodacia lehota?<\/strong><br \/>\nA: V\u0161eobecn\u00e1 dodacia lehota je 25-35 dn\u00ed.<\/p>\n<p><strong>Ot\u00e1zka: Poskytujete vzorky? Je to zadarmo alebo navy\u0161e?<\/strong><br \/>\nA: Poskytujeme vzorky, ale nie s\u00fa bezplatn\u00e9.<\/p>\n<p><img decoding=\"async\" src=\"https:\/\/img.jiansujichilun.com\/img\/hydrauliccylinders\/T_hydrauliccylinders-4.webp\" alt=\"hydraulick\u00fd valec\" width=\"800\" title=\"\"><\/p>\n<p>Autor\uff1a CX<\/p>","protected":false},"excerpt":{"rendered":"<p>Factory Provide Adjustable Welded Hydraulic Cylinder For Trailer: The Factory Provide Adjustable Welded Hydraulic Cylinder For Trailer is a product designed to provide strength and stability to trailers. With its welded design, it is capable of withstanding high pressure and heavy loads, making it a reliable choice for those in need of a durable hydraulic [&hellip;]<\/p>","protected":false},"featured_media":1340,"comment_status":"closed","ping_status":"closed","template":"","meta":{"_et_pb_use_builder":"","_et_pb_old_content":"","_et_gb_content_width":""},"product_brand":[],"product_cat":[39],"product_tag":[41,34],"class_list":{"0":"post-1358","1":"product","2":"type-product","3":"status-publish","4":"has-post-thumbnail","6":"product_cat-adjustable-clevis-type-cylinders","7":"product_tag-adjustable-clevis-type-cylinders","8":"product_tag-hydraulic-cylinder","10":"first","11":"instock","12":"product-type-simple"},"_links":{"self":[{"href":"https:\/\/fmp-components.com\/sk\/wp-json\/wp\/v2\/product\/1358","targetHints":{"allow":["GET"]}}],"collection":[{"href":"https:\/\/fmp-components.com\/sk\/wp-json\/wp\/v2\/product"}],"about":[{"href":"https:\/\/fmp-components.com\/sk\/wp-json\/wp\/v2\/types\/product"}],"replies":[{"embeddable":true,"href":"https:\/\/fmp-components.com\/sk\/wp-json\/wp\/v2\/comments?post=1358"}],"wp:featuredmedia":[{"embeddable":true,"href":"https:\/\/fmp-components.com\/sk\/wp-json\/wp\/v2\/media\/1340"}],"wp:attachment":[{"href":"https:\/\/fmp-components.com\/sk\/wp-json\/wp\/v2\/media?parent=1358"}],"wp:term":[{"taxonomy":"product_brand","embeddable":true,"href":"https:\/\/fmp-components.com\/sk\/wp-json\/wp\/v2\/product_brand?post=1358"},{"taxonomy":"product_cat","embeddable":true,"href":"https:\/\/fmp-components.com\/sk\/wp-json\/wp\/v2\/product_cat?post=1358"},{"taxonomy":"product_tag","embeddable":true,"href":"https:\/\/fmp-components.com\/sk\/wp-json\/wp\/v2\/product_tag?post=1358"}],"curies":[{"name":"pracovn\u00fd list","href":"https:\/\/api.w.org\/{rel}","templated":true}]}}