{"id":1355,"date":"2024-12-23T02:18:07","date_gmt":"2024-12-23T02:18:07","guid":{"rendered":"https:\/\/fmp-components.com\/product\/factory-direct-sale-hydraulic-cylinder-small-trailer-hydraulic-cylinder-for-sale\/"},"modified":"2024-12-23T03:39:26","modified_gmt":"2024-12-23T03:39:26","slug":"factory-direct-sale-hydraulic-cylinder-small-trailer-hydraulic-cylinder-for-sale","status":"publish","type":"product","link":"https:\/\/fmp-components.com\/sk\/product\/factory-direct-sale-hydraulic-cylinder-small-trailer-hydraulic-cylinder-for-sale\/","title":{"rendered":"Hydraulick\u00fd valec priamo z tov\u00e1rne na predaj pre mal\u00e9 pr\u00edvesy"},"content":{"rendered":"<p>Hydraulick\u00fd valec z priameho predaja z tov\u00e1rne je vysoko kvalitn\u00fd hydraulick\u00fd valec navrhnut\u00fd \u0161peci\u00e1lne pre mal\u00e9 pr\u00edvesy. V\u010faka svojej odolnej kon\u0161trukcii a spo\u013eahliv\u00e9mu v\u00fdkonu je tento hydraulick\u00fd valec ide\u00e1lny pre r\u00f4zne aplik\u00e1cie v priemyselnom a komer\u010dnom sektore.<\/p>\n<p>Jednou z k\u013e\u00fa\u010dov\u00fdch vlastnost\u00ed tohto hydraulick\u00e9ho valca je jeho p\u00f4sobiv\u00e1 nosnos\u0165. Je schopn\u00fd vygenerova\u0165 zna\u010dn\u00e9 mno\u017estvo sily, \u010do mu umo\u017e\u0148uje \u013eahko zdv\u00edha\u0165 a premiest\u0148ova\u0165 \u0165a\u017ek\u00e9 bremen\u00e1. \u010ci u\u017e potrebujete zdv\u00edha\u0165 stavebn\u00e9 materi\u00e1ly, priemyseln\u00e9 zariadenia alebo po\u013enohospod\u00e1rske stroje, tento hydraulick\u00fd valec si s touto \u00falohou porad\u00ed efekt\u00edvne.<\/p>\n<p>\u010eal\u0161\u00edm pozoruhodn\u00fdm aspektom tohto hydraulick\u00e9ho valca s\u00fa jeho kompaktn\u00e9 rozmery. Napriek mal\u00fdm rozmerom poskytuje v\u00fdnimo\u010dn\u00fd v\u00fdkon a v\u00fdkon. V\u010faka tomu je ide\u00e1lnou vo\u013ebou pre aplik\u00e1cie, kde je obmedzen\u00fd priestor, ale je nevyhnutn\u00e1 spo\u013eahliv\u00e1 hydraulick\u00e1 sila.<\/p>\n<p><img loading=\"lazy\" decoding=\"async\" class=\"alignnone size-full wp-image-1334\" src=\"https:\/\/fmp-components.com\/wp-content\/uploads\/2024\/12\/Adjustable-Clevis-Type-Cylinders-4.webp\" alt=\"Nastavite\u013en\u00e9 valce s vidlicov\u00fdm z\u00e1vesom\" width=\"800\" height=\"800\" title=\"\" srcset=\"https:\/\/fmp-components.com\/wp-content\/uploads\/2024\/12\/Adjustable-Clevis-Type-Cylinders-4.webp 800w, https:\/\/fmp-components.com\/wp-content\/uploads\/2024\/12\/Adjustable-Clevis-Type-Cylinders-4-480x480.webp 480w\" sizes=\"(min-width: 0px) and (max-width: 480px) 480px, (min-width: 481px) 800px, 100vw\" \/><\/p>\n<p>Hydraulick\u00fd valec ur\u010den\u00fd priamo z v\u00fdroby je navrhnut\u00fd tak, aby poskytoval plynul\u00e9 a presn\u00e9 pohyby. Vyu\u017e\u00edva pokro\u010dil\u00fa hydraulick\u00fa technol\u00f3giu, ktor\u00e1 zabezpe\u010duje, \u017ee procesy zdv\u00edhania a sp\u00fa\u0161\u0165ania sa vykon\u00e1vaj\u00fa s maxim\u00e1lnou presnos\u0165ou. To nielen zvy\u0161uje efektivitu, ale tie\u017e zni\u017euje riziko neh\u00f4d a po\u0161kodenia premiest\u0148ovan\u00e9ho bremena alebo zariadenia.<\/p>\n<p>Okrem toho je tento hydraulick\u00fd valec navrhnut\u00fd pre odolnos\u0165 a dlh\u00fa \u017eivotnos\u0165. Je vyroben\u00fd z vysoko kvalitn\u00fdch materi\u00e1lov, ktor\u00e9 odol\u00e1vaj\u00fa intenz\u00edvnemu pou\u017e\u00edvaniu a drsn\u00fdm podmienkam prostredia. To zais\u0165uje, \u017ee valec zostane spo\u013eahliv\u00fd a funk\u010dn\u00fd po dlh\u00fa dobu, \u010d\u00edm sa minimalizuj\u00fa n\u00e1klady na \u00fadr\u017ebu a v\u00fdmenu.<\/p>\n<p>Z\u00e1verom mo\u017eno poveda\u0165, \u017ee hydraulick\u00fd valec z priameho predaja z v\u00fdroby je \u0161pi\u010dkov\u00fd hydraulick\u00fd valec, ktor\u00fd pon\u00faka vynikaj\u00facu nosnos\u0165, kompaktn\u00e9 rozmery, plynul\u00fd pohyb a odolnos\u0165. \u010ci u\u017e p\u00f4sob\u00edte v stavebn\u00edctve, priemysle alebo po\u013enohospod\u00e1rstve, tento hydraulick\u00fd valec je spo\u013eahlivou vo\u013ebou, ktor\u00e1 efekt\u00edvne uspokoj\u00ed va\u0161e potreby v oblasti hydraulick\u00e9ho v\u00fdkonu.<\/p>\n<table style=\"width: 100%;\" border=\"1\" width=\"100%\" cellspacing=\"0\" cellpadding=\"0\">\n<tbody>\n<tr>\n<th>Stav<\/th>\n<td>Nov\u00e9<\/td>\n<\/tr>\n<tr>\n<th>Z\u00e1ruka<\/th>\n<td>1 rok<\/td>\n<\/tr>\n<tr>\n<th>Pou\u017eite\u013en\u00e9 odvetvia<\/th>\n<td>Opravovne strojov, Farmy, Energia a ban\u00edctvo, V\u00fdroba strojov, Stroj\u00e1rensk\u00fd z\u00e1vod<\/td>\n<\/tr>\n<tr>\n<th>Hmotnos\u0165 (kg)<\/th>\n<td>85<\/td>\n<\/tr>\n<tr>\n<th>V\u00fdstupn\u00e1 videoin\u0161pekcia<\/th>\n<td>Poskytnut\u00e9<\/td>\n<\/tr>\n<tr>\n<th>Spr\u00e1va o sk\u00fa\u0161ke strojov<\/th>\n<td>Poskytnut\u00e9<\/td>\n<\/tr>\n<tr>\n<th>Typ marketingu<\/th>\n<td>Nov\u00fd produkt 2023<\/td>\n<\/tr>\n<tr>\n<th>Z\u00e1ruka na z\u00e1kladn\u00e9 komponenty<\/th>\n<td>1 rok<\/td>\n<\/tr>\n<tr>\n<th>Z\u00e1kladn\u00e9 komponenty<\/th>\n<td>Lo\u017eisko, hydraulick\u00fd valec<\/td>\n<\/tr>\n<tr>\n<th>\u0160tandardn\u00e9 alebo ne\u0161tandardn\u00e9<\/th>\n<td>\u0160tandard<\/td>\n<\/tr>\n<tr>\n<th>\u0160trukt\u00fara<\/th>\n<td>Piestov\u00fd valec<\/td>\n<\/tr>\n<tr>\n<th>V\u00fdkon<\/th>\n<td>Hydraulick\u00e9<\/td>\n<\/tr>\n<tr>\n<th>Materi\u00e1l tela<\/th>\n<td>Oce\u013e<\/td>\n<\/tr>\n<tr>\n<th>Maxim\u00e1lny \u0165ah<\/th>\n<td>3000<\/td>\n<\/tr>\n<tr>\n<th>Typ<\/th>\n<td>Nastavite\u013en\u00e9 valce s vidlicov\u00fdm uz\u00e1verom<\/td>\n<\/tr>\n<tr>\n<th>Porty<\/th>\n<td>G\/SAE\/NPT\/M<\/td>\n<\/tr>\n<tr>\n<th>Maxim\u00e1lny \u0165ah<\/th>\n<td>20 ton<\/td>\n<\/tr>\n<tr>\n<th>Certifik\u00e1cia<\/th>\n<td>ISO 9001:2000<\/td>\n<\/tr>\n<tr>\n<th>Ve\u013ekos\u0165 otvoru<\/th>\n<td>2 \u2013 6 palcov<\/td>\n<\/tr>\n<tr>\n<th>Ve\u013ekos\u0165 ty\u010de<\/th>\n<td>1,125 \u2013 4 palce<\/td>\n<\/tr>\n<tr>\n<th>Ve\u013ekos\u0165 \u0165ahu<\/th>\n<td>4 \u2013 100 palcov<\/td>\n<\/tr>\n<tr>\n<th>Ve\u013ekos\u0165 \u010dapu<\/th>\n<td>0,5 \u2013 2 palce<\/td>\n<\/tr>\n<tr>\n<th>Farba<\/th>\n<td>\u010cierna<\/td>\n<\/tr>\n<tr>\n<th>Detaily balenia<\/th>\n<td>\u017delezn\u00e9 puzdro, preglejkov\u00e9 puzdro alebo kart\u00f3nov\u00e1 krabica<\/td>\n<\/tr>\n<\/tbody>\n<\/table>\n<p>&nbsp;<\/p>\n<h2>V\u00fdhody nastavite\u013en\u00fdch valcov s vidlicov\u00fdm uchyten\u00edm<\/h2>\n<p>Nastavite\u013en\u00e9 valce s vidlicov\u00fdm uchyten\u00edm sa v\u010faka svojej flexibilite a odolnosti \u0161iroko pou\u017e\u00edvaj\u00fa v r\u00f4znych odvetviach. Tieto valce maj\u00fa oproti in\u00fdm typom valcov \u0161irok\u00fa \u0161k\u00e1lu v\u00fdhod. V tomto \u010dl\u00e1nku presk\u00famame v\u00fdhody nastavite\u013en\u00fdch valcov s vidlicov\u00fdm uchyten\u00edm a pre\u010do s\u00fa ob\u013e\u00fabenou vo\u013ebou pre mnoh\u00e9 aplik\u00e1cie.<\/p>\n<h3>1. V\u0161estrannos\u0165<\/h3>\n<p>Jednou z k\u013e\u00fa\u010dov\u00fdch v\u00fdhod nastavite\u013en\u00fdch hydraulick\u00fdch valcov s vidlicov\u00fdm z\u00e1vitom je ich v\u0161estrannos\u0165. Tieto valce sa daj\u00fa pou\u017ei\u0165 v r\u00f4znych aplik\u00e1ci\u00e1ch, od mal\u00fdch hydraulick\u00fdch valcov pr\u00edvesov a\u017e po ve\u013ek\u00e9 priemyseln\u00e9 stroje. S\u00fa vhodn\u00e9 pre \u0161irok\u00fa \u0161k\u00e1lu prev\u00e1dzkov\u00fdch podmienok vr\u00e1tane vysok\u00fdch tepl\u00f4t a extr\u00e9mneho tlaku.<\/p>\n<h3>2. Prisp\u00f4sobite\u013enos\u0165<\/h3>\n<p>\u010eal\u0161ou v\u00fdhodou nastavite\u013en\u00fdch valcov s vidlicov\u00fdm uchyten\u00edm je ich prisp\u00f4sobite\u013enos\u0165. Tieto valce je mo\u017en\u00e9 prisp\u00f4sobi\u0165 \u0161pecifick\u00fdm potreb\u00e1m r\u00f4znych aplik\u00e1ci\u00ed. V\u00fdrobcovia pon\u00fakaj\u00fa \u0161irok\u00fa \u0161k\u00e1lu mo\u017enost\u00ed vr\u00e1tane r\u00f4znych ve\u013ekost\u00ed otvorov, d\u013a\u017eok zdvihu a sp\u00f4sobov mont\u00e1\u017ee. To umo\u017e\u0148uje pou\u017e\u00edvate\u013eom vybra\u0165 si ide\u00e1lny valec pre ich aplik\u00e1ciu.<\/p>\n<h3>3. Trvanlivos\u0165<\/h3>\n<p>Nastavite\u013en\u00e9 valce s vidlicov\u00fdm uz\u00e1verom s\u00fa zn\u00e1me svojou odolnos\u0165ou. S\u00fa navrhnut\u00e9 tak, aby odolali n\u00e1ro\u010dn\u00fdm prev\u00e1dzkov\u00fdm podmienkam vr\u00e1tane vysok\u00fdch tepl\u00f4t, extr\u00e9mneho tlaku a ve\u013ek\u00e9ho za\u0165a\u017eenia. Tieto valce s\u00fa vyroben\u00e9 z vysoko kvalitn\u00fdch materi\u00e1lov, ako je oce\u013e, ktor\u00e9 s\u00fa odoln\u00e9 vo\u010di opotrebovaniu. V\u010faka tomu maj\u00fa dlh\u00fa \u017eivotnos\u0165 a vy\u017eaduj\u00fa si minim\u00e1lnu \u00fadr\u017ebu.<\/p>\n<h3>4. Efekt\u00edvna prev\u00e1dzka<\/h3>\n<p>Nastavite\u013en\u00e9 valce s vidlicov\u00fdm uz\u00e1verom s\u00fa tie\u017e zn\u00e1me svojou \u00fa\u010dinnos\u0165ou. Tieto valce s\u00fa navrhnut\u00e9 tak, aby poskytovali plynul\u00fd a presn\u00fd chod. S\u00fa vybaven\u00e9 pokro\u010dil\u00fdmi funkciami, ako je nastavite\u013en\u00e9 tlmenie, ktor\u00e9 umo\u017e\u0148uje presn\u00e9 ovl\u00e1danie pohybu valca. V\u00fdsledkom je zv\u00fd\u0161en\u00e1 \u00fa\u010dinnos\u0165 a zn\u00ed\u017een\u00e1 spotreba energie.<\/p>\n<h3>5. N\u00e1kladovo efekt\u00edvne<\/h3>\n<p>Nakoniec, nastavite\u013en\u00e9 valce s vidlicov\u00fdm z\u00e1vitom s\u00fa n\u00e1kladovo efekt\u00edvne. S\u00fa dostupn\u00e9 za ceny priamo od v\u00fdrobcu, \u010do z nich rob\u00ed prijate\u013en\u00fa vo\u013ebu pre mnoho aplik\u00e1ci\u00ed. Navy\u0161e, ich dlh\u00e1 \u017eivotnos\u0165 a n\u00edzke n\u00e1roky na \u00fadr\u017ebu z nich robia z dlhodob\u00e9ho h\u013eadiska n\u00e1kladovo efekt\u00edvnu invest\u00edciu.<\/p>\n<p>Z\u00e1verom mo\u017eno poveda\u0165, \u017ee nastavite\u013en\u00e9 valce s vidlicov\u00fdm uchyten\u00edm s\u00fa v\u0161estrannou, prisp\u00f4sobite\u013enou, odolnou, efekt\u00edvnou a cenovo dostupnou vo\u013ebou pre mnoho aplik\u00e1ci\u00ed. \u010ci u\u017e potrebujete mal\u00fd hydraulick\u00fd valec pre pr\u00edves alebo ve\u013ek\u00fd valec pre priemyseln\u00fd stroj, nastavite\u013en\u00e9 valce s vidlicov\u00fdm uchyten\u00edm s\u00fa spo\u013eahliv\u00fdm a efekt\u00edvnym rie\u0161en\u00edm.<img decoding=\"async\" src=\"https:\/\/fmp-components.com\/wp-content\/uploads\/2024\/12\/Adjustable-Clevis-Type-Cylinders5.webp\" alt=\"Nastavite\u013en\u00fd valec typu Clevis\" width=\"800\" title=\"\"><\/p>\n<h2>Pou\u017eitie nastavite\u013en\u00fdch valcov s vidlicov\u00fdm uchyten\u00edm<\/h2>\n<p>Nastavite\u013en\u00e9 valce s vidlicov\u00fdm z\u00e1vesom, ako napr\u00edklad hydraulick\u00fd valec priamo z v\u00fdroby a hydraulick\u00fd valec pre mal\u00e9 pr\u00edvesy, s\u00fa v\u0161estrann\u00e9 hydraulick\u00e9 zariadenia, ktor\u00e9 nach\u00e1dzaj\u00fa r\u00f4zne uplatnenie v r\u00f4znych odvetviach. Tieto \u0161peci\u00e1lne navrhnut\u00e9 valce pon\u00fakaj\u00fa jedine\u010dn\u00e9 vlastnosti a v\u00fdhody, v\u010faka ktor\u00fdm s\u00fa ide\u00e1lnou vo\u013ebou pre \u0161pecifick\u00e9 \u00falohy. Pozrime sa na niektor\u00e9 k\u013e\u00fa\u010dov\u00e9 aplik\u00e1cie nastavite\u013en\u00fdch valcov s vidlicov\u00fdm z\u00e1vesom:<\/p>\n<h3>1. Priemyseln\u00e1 automatiz\u00e1cia<\/h3>\n<p>V procesoch priemyselnej automatiz\u00e1cie zohr\u00e1vaj\u00fa nastavite\u013en\u00e9 valce s vidlicov\u00fdm uchyten\u00edm k\u013e\u00fa\u010dov\u00fa \u00falohu pri zabezpe\u010dovan\u00ed presn\u00e9ho a riaden\u00e9ho line\u00e1rneho pohybu. Tieto valce sa be\u017ene pou\u017e\u00edvaj\u00fa v robotick\u00fdch syst\u00e9moch, mont\u00e1\u017enych link\u00e1ch a zariadeniach na manipul\u00e1ciu s materi\u00e1lom. Jedine\u010dn\u00e1 kon\u0161trukcia nastavite\u013en\u00e9ho vidlicov\u00e9ho uchytenia umo\u017e\u0148uje jednoduch\u00fa in\u0161tal\u00e1ciu a nastavenie, v\u010faka \u010domu je vhodn\u00e1 na integr\u00e1ciu do automatizovan\u00fdch syst\u00e9mov.<\/p>\n<p>Napr\u00edklad pri robotickom zv\u00e1ran\u00ed zais\u0165uje nastavite\u013en\u00fd valec s vidlicov\u00fdm uchyten\u00edm presn\u00e9 polohovanie zv\u00e1racieho n\u00e1stroja, \u010do umo\u017e\u0148uje presn\u00e9 a konzistentn\u00e9 zvary. Schopnos\u0165 valca nastavi\u0165 polohu vidlicov\u00e9ho uchytenia umo\u017e\u0148uje flexibilitu pri prisp\u00f4sobovan\u00ed sa r\u00f4znym rozmerom a tvarom obrobkov.<\/p>\n<h3>2. Stavebn\u00edctvo a \u0165a\u017ek\u00e9 stroje<\/h3>\n<p>Nastavite\u013en\u00e9 valce s vidlicov\u00fdm uchyten\u00edm sa \u0161iroko pou\u017e\u00edvaj\u00fa v stavebn\u00edctve a \u0165a\u017ekom stroj\u00e1rstve, kde prispievaj\u00fa k efekt\u00edvnej prev\u00e1dzke zariaden\u00ed. Tieto valce sa \u010dasto pou\u017e\u00edvaj\u00fa v bagroch, naklada\u010doch a buldoz\u00e9roch na ovl\u00e1danie pohybov v\u00fdlo\u017en\u00edka, nakl\u00e1\u0148ania ly\u017eice a in\u00fdch aplik\u00e1ci\u00ed, ktor\u00e9 vy\u017eaduj\u00fa siln\u00fd a presn\u00fd line\u00e1rny pohyb.<\/p>\n<p>Napr\u00edklad v hydraulickom r\u00fdpadle sa nastavite\u013en\u00fd valec s vidlicov\u00fdm z\u00e1vesom pou\u017e\u00edva na ovl\u00e1danie vys\u00favania a zas\u00favania ramena, ako aj otv\u00e1rania a zatv\u00e1rania ly\u017eice. Schopnos\u0165 valca nastavi\u0165 d\u013a\u017eku vidlicov\u00e9ho z\u00e1vesu umo\u017e\u0148uje jemn\u00e9 doladenie h\u013abky kopania a optimaliz\u00e1ciu v\u00fdkonu stroja.<\/p>\n<h3>3. Po\u013enohospod\u00e1rske stroje<\/h3>\n<p>Po\u013enohospod\u00e1rsky sektor vyu\u017e\u00edva nastavite\u013en\u00e9 vidlicov\u00e9 valce v r\u00f4znych po\u013enohospod\u00e1rskych oper\u00e1ci\u00e1ch. Tieto valce sa be\u017ene nach\u00e1dzaj\u00fa v po\u013enohospod\u00e1rskych strojoch, ako s\u00fa traktory, pluhy a kombajny, kde prispievaj\u00fa k \u00faloh\u00e1m, ako je ovl\u00e1danie v\u00fd\u0161ky n\u00e1radia, nastavovanie h\u013abky orby alebo otv\u00e1ranie a zatv\u00e1ranie z\u00e1sobn\u00edkov osiva.<\/p>\n<p>Napr\u00edklad v seja\u010dke semien sa nastavite\u013en\u00fd valec s vidlicov\u00fdm z\u00e1vitom pou\u017e\u00edva na regul\u00e1ciu h\u013abky, do ktorej sa semen\u00e1 zasiaj\u00fa do p\u00f4dy. To umo\u017e\u0148uje po\u013enohospod\u00e1rom upravi\u0165 h\u013abku sejby pod\u013ea p\u00f4dnych podmienok, \u010d\u00edm sa optimalizuje kl\u00ed\u010denie semien a v\u00fdnos plodiny.<\/p>\n<h3>4. Mobiln\u00e9 vybavenie<\/h3>\n<p>Nastavite\u013en\u00e9 valce s vidlicov\u00fdm z\u00e1vesom sa pou\u017e\u00edvaj\u00fa aj v mobiln\u00fdch zariadeniach vr\u00e1tane pr\u00edvesov, skl\u00e1pa\u010dov a zdv\u00edhac\u00edch plo\u0161\u00edn. Tieto valce poskytuj\u00fa spo\u013eahliv\u00e9 a presn\u00e9 zdv\u00edhanie, nakl\u00e1\u0148anie a vys\u00favanie, \u010d\u00edm zvy\u0161uj\u00fa celkov\u00fa funk\u010dnos\u0165 a bezpe\u010dnos\u0165 zariadenia.<\/p>\n<p>Napr\u00edklad v malom hydraulickom syst\u00e9me pr\u00edvesu sa na ovl\u00e1danie zdv\u00edhania a sp\u00fa\u0161\u0165ania korby pr\u00edvesu pou\u017e\u00edva nastavite\u013en\u00fd valec s vidlicov\u00fdm z\u00e1vesom. To umo\u017e\u0148uje efekt\u00edvne nakladanie a vykladanie n\u00e1kladu, \u010do pou\u017e\u00edvate\u013eom poskytuje pohodlie a \u00fasporu \u010dasu.<\/p>\n<p>Z\u00e1verom mo\u017eno poveda\u0165, \u017ee nastavite\u013en\u00e9 valce s vidlicov\u00fdm uchyten\u00edm, ako napr\u00edklad hydraulick\u00fd valec priamo z v\u00fdroby a hydraulick\u00fd valec pre mal\u00e9 pr\u00edvesy, maj\u00fa \u0161irok\u00fa \u0161k\u00e1lu aplik\u00e1ci\u00ed v r\u00f4znych odvetviach. Ich schopnos\u0165 poskytova\u0165 presn\u00fd a kontrolovan\u00fd line\u00e1rny pohyb v spojen\u00ed s pohodlnou nastavite\u013enos\u0165ou ich rob\u00ed neocenite\u013en\u00fdmi v priemyselnej automatiz\u00e1cii, stavebn\u00edctve, po\u013enohospod\u00e1rstve a mobiln\u00fdch zariadeniach. V\u010faka svojmu vynikaj\u00facemu v\u00fdkonu a v\u0161estrannosti tieto valce prispievaj\u00fa k efekt\u00edvnosti, spo\u013eahlivosti a bezpe\u010dnosti mnoh\u00fdch procesov a oper\u00e1ci\u00ed.<\/p>\n<p><img decoding=\"async\" src=\"https:\/\/fmp-components.com\/wp-content\/uploads\/2024\/12\/Application-of-Adjustable-Clevis-Type-Cylinders.webp\" alt=\"Nastavite\u013en\u00fd valec typu Clevis\" width=\"800\" title=\"\"><\/p>\n<h3>O FMP<\/h3>\n<p>FMP je spolo\u010dnos\u0165, ktor\u00e1 sa \u0161pecializuje na v\u00fdrobu a predaj hydraulick\u00fdch valcov. So s\u00eddlom v Taliansku pon\u00fakame vysoko kvalitn\u00e9 a spo\u013eahliv\u00e9 hydraulick\u00e9 valce s dlhoro\u010dn\u00fdmi sk\u00fasenos\u0165ami v odbore a profesion\u00e1lnym t\u00edmom.<\/p>\n<p><img decoding=\"async\" src=\"https:\/\/fmp-components.com\/wp-content\/uploads\/2024\/12\/Adjustable-Clevis-Type-Cylinders-6.webp\" alt=\"Nastavite\u013en\u00fd valec typu Clevis\" width=\"817\" title=\"\"><\/p>\n<ol>\n<li>\u0160irok\u00fd sortiment produktov: Pon\u00fakame \u0161irok\u00fd sortiment hydraulick\u00fdch valcov vhodn\u00fdch pre r\u00f4zne aplik\u00e1cie v priemysle stavebn\u00fdch strojov.<\/li>\n<li>Vynikaj\u00faca kvalita: V\u0161etky na\u0161e hydraulick\u00e9 valce s\u00fa vyroben\u00e9 z najkvalitnej\u0161\u00edch materi\u00e1lov a prech\u00e1dzaj\u00fa pr\u00edsnymi kontrolami kvality, aby sa zabezpe\u010dila ich odolnos\u0165 a v\u00fdkon.<\/li>\n<li>Mo\u017enosti prisp\u00f4sobenia: Pon\u00fakame slu\u017eby prisp\u00f4sobenia, aby sme splnili \u0161pecifick\u00e9 po\u017eiadavky na\u0161ich z\u00e1kazn\u00edkov a poskytli rie\u0161enia na mieru ich potreb\u00e1m v oblasti stavebn\u00fdch strojov.<\/li>\n<li>Odborn\u00fd obchodn\u00fd t\u00edm: N\u00e1\u0161 sk\u00fasen\u00fd obchodn\u00fd t\u00edm m\u00e1 hlbok\u00e9 znalosti o odvetv\u00ed stavebn\u00fdch strojov a m\u00f4\u017ee poskytn\u00fa\u0165 profesion\u00e1lne konzult\u00e1cie o produktoch, aby pomohol z\u00e1kazn\u00edkom pri informovan\u00fdch rozhodnutiach o k\u00fape.<\/li>\n<li>Efekt\u00edvna logistika: V\u010faka n\u00e1\u0161mu efekt\u00edvnemu distribu\u010dn\u00e9mu syst\u00e9mu logistiky garantujeme v\u010dasn\u00e9 a presn\u00e9 dodanie hydraulick\u00fdch valcov na\u0161im z\u00e1kazn\u00edkom, \u010d\u00edm zabezpe\u010dujeme hladk\u00fd priebeh ich projektov bez ome\u0161kan\u00ed.<\/li>\n<\/ol>\n<p>Spojte sa s FMP pre v\u0161etky va\u0161e potreby v oblasti hydraulick\u00fdch valcov a za\u017eite spo\u013eahlivos\u0165, kvalitu a profesionalitu, ktor\u00e9 n\u00e1s odli\u0161uj\u00fa v odvetv\u00ed stavebn\u00fdch strojov.<\/p>\n<p>Autor\uff1a CX<\/p>","protected":false},"excerpt":{"rendered":"<p>The Factory Direct Sale Hydraulic Cylinder is a high-quality hydraulic cylinder designed specifically for small trailers. With its durable construction and reliable performance, this hydraulic cylinder is perfect for various applications in the industrial and commercial sectors. One of the key features of this hydraulic cylinder is its impressive lifting capacity. It is capable of [&hellip;]<\/p>","protected":false},"featured_media":1340,"comment_status":"closed","ping_status":"closed","template":"","meta":{"_et_pb_use_builder":"","_et_pb_old_content":"","_et_gb_content_width":""},"product_brand":[],"product_cat":[39],"product_tag":[41,34],"class_list":{"0":"post-1355","1":"product","2":"type-product","3":"status-publish","4":"has-post-thumbnail","6":"product_cat-adjustable-clevis-type-cylinders","7":"product_tag-adjustable-clevis-type-cylinders","8":"product_tag-hydraulic-cylinder","10":"first","11":"instock","12":"product-type-simple"},"_links":{"self":[{"href":"https:\/\/fmp-components.com\/sk\/wp-json\/wp\/v2\/product\/1355","targetHints":{"allow":["GET"]}}],"collection":[{"href":"https:\/\/fmp-components.com\/sk\/wp-json\/wp\/v2\/product"}],"about":[{"href":"https:\/\/fmp-components.com\/sk\/wp-json\/wp\/v2\/types\/product"}],"replies":[{"embeddable":true,"href":"https:\/\/fmp-components.com\/sk\/wp-json\/wp\/v2\/comments?post=1355"}],"wp:featuredmedia":[{"embeddable":true,"href":"https:\/\/fmp-components.com\/sk\/wp-json\/wp\/v2\/media\/1340"}],"wp:attachment":[{"href":"https:\/\/fmp-components.com\/sk\/wp-json\/wp\/v2\/media?parent=1355"}],"wp:term":[{"taxonomy":"product_brand","embeddable":true,"href":"https:\/\/fmp-components.com\/sk\/wp-json\/wp\/v2\/product_brand?post=1355"},{"taxonomy":"product_cat","embeddable":true,"href":"https:\/\/fmp-components.com\/sk\/wp-json\/wp\/v2\/product_cat?post=1355"},{"taxonomy":"product_tag","embeddable":true,"href":"https:\/\/fmp-components.com\/sk\/wp-json\/wp\/v2\/product_tag?post=1355"}],"curies":[{"name":"pracovn\u00fd list","href":"https:\/\/api.w.org\/{rel}","templated":true}]}}