{"id":1354,"date":"2024-12-23T02:18:07","date_gmt":"2024-12-23T02:18:07","guid":{"rendered":"https:\/\/fmp-components.com\/product\/hot-sale-double-acting-20-ton-hydraulic-cylinder-welded-hydraulic-cylinder\/"},"modified":"2025-03-18T00:57:00","modified_gmt":"2025-03-18T00:57:00","slug":"hot-sale-double-acting-20-ton-hydraulic-cylinder-welded-hydraulic-cylinder","status":"publish","type":"product","link":"https:\/\/fmp-components.com\/sk\/product\/hot-sale-double-acting-20-ton-hydraulic-cylinder-welded-hydraulic-cylinder\/","title":{"rendered":"Hor\u00faci v\u00fdpredaj Dvoj\u010dinn\u00fd 20-tonov\u00fd hydraulick\u00fd valec Zv\u00e1ran\u00fd hydraulick\u00fd valec"},"content":{"rendered":"<h2>Predstavujeme hor\u00faci v\u00fdpredaj dvoj\u010dinn\u00e9ho 20-tonov\u00e9ho hydraulick\u00e9ho valca zv\u00e1ran\u00e9ho hydraulick\u00e9ho valca:<\/h2>\n<p>Zv\u00e1ran\u00fd hydraulick\u00fd valec s dvoj\u010dinn\u00fdm 20-tonov\u00fdm hydraulick\u00fdm valcom je vysoko kvalitn\u00fd produkt ur\u010den\u00fd pre n\u00e1ro\u010dn\u00e9 aplik\u00e1cie. V\u010faka dvoj\u010dinnej kon\u0161trukcii pon\u00faka efekt\u00edvnu a spo\u013eahliv\u00fa prev\u00e1dzku pri vys\u00favan\u00ed aj zas\u00favan\u00ed.<\/p>\n<p>Tento hydraulick\u00fd valec je skon\u0161truovan\u00fd tak, aby odolal n\u00e1ro\u010dn\u00fdm podmienkam a poskytoval v\u00fdnimo\u010dn\u00fd v\u00fdkon. Jeho robustn\u00e1 kon\u0161trukcia zah\u0155\u0148a zv\u00e1ran\u00e9 telo valca, ktor\u00e9 zais\u0165uje odolnos\u0165 a odolnos\u0165 vo\u010di vysok\u00e9mu tlaku. Valec je schopn\u00fd vyvin\u00fa\u0165 maxim\u00e1lnu silu 20 ton, v\u010faka \u010domu je vhodn\u00fd pre r\u00f4zne priemyseln\u00e9 \u00falohy.<\/p>\n<p>Zv\u00e1ran\u00fd hydraulick\u00fd valec s dvoj\u010dinn\u00fdm 20-tonov\u00fdm hydraulick\u00fdm valcom je navrhnut\u00fd pre jednoduch\u00fa in\u0161tal\u00e1ciu a pou\u017eitie. Vyzna\u010duje sa v\u0161estrann\u00fdm sp\u00f4sobom mont\u00e1\u017ee, ktor\u00fd umo\u017e\u0148uje flexibiln\u00fa integr\u00e1ciu do r\u00f4znych syst\u00e9mov. Valec sa dod\u00e1va aj s radom mo\u017enost\u00ed pre koncovky ty\u010d\u00ed a mont\u00e1\u017ene pr\u00edslu\u0161enstvo, \u010do zais\u0165uje kompatibilitu s r\u00f4znymi aplik\u00e1ciami.<\/p>\n<p>Z h\u013eadiska bezpe\u010dnosti a \u00fa\u010dinnosti je tento hydraulick\u00fd valec vybaven\u00fd vysoko kvalitn\u00fdmi tesneniami a presn\u00fdmi komponentmi. Zais\u0165uje minim\u00e1lne \u00faniky a plynul\u00fd chod, optimalizuje v\u00fdkon a zni\u017euje po\u017eiadavky na \u00fadr\u017ebu.<\/p>\n<p>\u010ci u\u017e sa pou\u017e\u00edva v stavebn\u00edctve, po\u013enohospod\u00e1rstve alebo inom \u0165a\u017ekom priemysle, hor\u00faco predajn\u00fd dvoj\u010dinn\u00fd 20-tonov\u00fd hydraulick\u00fd valec sa ukazuje ako spo\u013eahliv\u00e9 a efekt\u00edvne rie\u0161enie. Jeho pevn\u00e1 kon\u0161trukcia, v\u0161estrann\u00fd dizajn a vynikaj\u00faci v\u00fdkon z neho robia vynikaj\u00facu vo\u013ebu pre ak\u00fdko\u013evek hydraulick\u00fd syst\u00e9m.<\/p>\n<p><img loading=\"lazy\" decoding=\"async\" class=\"alignnone size-full wp-image-1334\" src=\"https:\/\/fmp-components.com\/wp-content\/uploads\/2024\/12\/Adjustable-Clevis-Type-Cylinders-4.webp\" alt=\"Nastavite\u013en\u00e9 valce s vidlicov\u00fdm z\u00e1vesom\" width=\"800\" height=\"800\" title=\"\" srcset=\"https:\/\/fmp-components.com\/wp-content\/uploads\/2024\/12\/Adjustable-Clevis-Type-Cylinders-4.webp 800w, https:\/\/fmp-components.com\/wp-content\/uploads\/2024\/12\/Adjustable-Clevis-Type-Cylinders-4-480x480.webp 480w\" sizes=\"(min-width: 0px) and (max-width: 480px) 480px, (min-width: 481px) 800px, 100vw\" \/><\/p>\n<p>Vyberte si hor\u00faco zv\u00e1ran\u00fd dvoj\u010dinn\u00fd hydraulick\u00fd valec s nosnos\u0165ou 20 ton a za\u017eite v\u00fdkon a odolnos\u0165, ktor\u00fa pon\u00faka.<\/p>\n<p>Predstavujeme v\u00e1m novo uveden\u00fd dvoj\u010dinn\u00fd 20-tonov\u00fd hydraulick\u00fd valec, ktor\u00fd je teraz k dispoz\u00edcii na zak\u00fapenie. Tento zv\u00e1ran\u00fd valec je vyroben\u00fd pre vynikaj\u00facu odolnos\u0165 a pevnos\u0165 s robustnou kon\u0161trukciou z vysoko kvalitnej ocele. Jeho priemer otvoru sa pohybuje od 2 do 6 palcov, priemer ty\u010de od 1,125 do 4 palcov a ve\u013ekos\u0165 zdvihu od 4 do 100 palcov, v\u010faka \u010domu je vhodn\u00fd pre r\u00f4zne aplik\u00e1cie v odvetviach, ako s\u00fa opravovne strojov, farmy, energetika a ban\u00edctvo, v\u00fdroba strojov a stroj\u00e1rne. S maxim\u00e1lnym \u0165ahom 3000 a maxim\u00e1lnym \u0165ahom 20 ton pon\u00faka tento hydraulick\u00fd valec vysok\u00fd v\u00fdkon.<\/p>\n<p>N\u00e1\u0161 produkt je s\u00fa\u010das\u0165ou pr\u00e9miov\u00e9ho sortimentu produktov vyr\u00e1ban\u00fdch spolo\u010dnos\u0165ou FMP Hydraulic Machinery, popredn\u00fdm hr\u00e1\u010dom v tomto odvetv\u00ed od roku 2002. \u0160pecializujeme sa na v\u00fdrobu a export hydraulick\u00fdch valcov a vybudovali sme si vynikaj\u00facu reput\u00e1ciu v\u010faka kvalitn\u00fdm produktom a z\u00e1kazn\u00edckemu servisu. N\u00e1\u0161 dvoj\u010dinn\u00fd 20-tonov\u00fd hydraulick\u00fd valec nie je v\u00fdnimkou a je d\u00f4kazom n\u00e1\u0161ho z\u00e1v\u00e4zku dod\u00e1va\u0165 to najlep\u0161ie z hydraulick\u00fdch zariaden\u00ed. Dod\u00e1va sa s ro\u010dnou z\u00e1rukou na z\u00e1kladn\u00e9 komponenty vr\u00e1tane lo\u017eiska a hydraulick\u00e9ho valca, tak\u017ee si m\u00f4\u017eete by\u0165 ist\u00ed jeho kvalitou a spo\u013eahlivos\u0165ou.<\/p>\n<p>Pre zaistenie spokojnosti z\u00e1kazn\u00edkov poskytujeme ku ka\u017ed\u00e9mu produktu videoz\u00e1znam o v\u00fdstupnej kontrole a spr\u00e1vu o sk\u00fa\u0161ke strojov. Valec je k dispoz\u00edcii v elegantnej \u010diernej farbe a je balen\u00fd v \u017eeleznej debne, preglejkovej debne alebo kart\u00f3novej krabici.<\/p>\n<h2>V\u00fdhody nastavite\u013en\u00fdch valcov s vidlicov\u00fdm uchyten\u00edm<\/h2>\n<p>Nastavite\u013en\u00e9 valce s vidlicov\u00fdm uz\u00e1verom, ako napr\u00edklad vysoko kvalitn\u00e9 dvoj\u010dinn\u00e9 20-tonov\u00e9 hydraulick\u00e9 valce a zv\u00e1ran\u00e9 hydraulick\u00e9 valce, pon\u00fakaj\u00fa v r\u00f4znych priemyseln\u00fdch aplik\u00e1ci\u00e1ch nieko\u013eko v\u00fdhod. Tieto valce s\u00fa navrhnut\u00e9 tak, aby poskytovali presn\u00e9 ovl\u00e1danie a spo\u013eahliv\u00fd v\u00fdkon, v\u010faka \u010domu s\u00fa vynikaj\u00facou vo\u013ebou pre mnoh\u00e9 hydraulick\u00e9 syst\u00e9my.<\/p>\n<ol>\n<li><strong>Zv\u00fd\u0161en\u00e1 flexibilita:<\/strong> Jednou z k\u013e\u00fa\u010dov\u00fdch v\u00fdhod nastavite\u013en\u00fdch valcov s vidlicov\u00fdm uchyten\u00edm je ich schopnos\u0165 pon\u00faknu\u0165 zv\u00fd\u0161en\u00fa flexibilitu v hydraulick\u00fdch syst\u00e9moch. V\u010faka funkcii nastavite\u013en\u00e9ho uchytenia sa tieto valce dok\u00e1\u017eu \u013eahko prisp\u00f4sobi\u0165 r\u00f4znym mont\u00e1\u017enym poloh\u00e1m a orient\u00e1ci\u00e1m, \u010do umo\u017e\u0148uje v\u00e4\u010d\u0161iu v\u0161estrannos\u0165 v r\u00f4znych aplik\u00e1ci\u00e1ch.<\/li>\n<li><strong>Optim\u00e1lny v\u00fdkon:<\/strong> Nastavite\u013en\u00e9 valce s vidlicov\u00fdm z\u00e1vitom s\u00fa \u0161peci\u00e1lne navrhnut\u00e9 tak, aby poskytovali optim\u00e1lny v\u00fdkon. Pokro\u010dil\u00fd dizajn a kon\u0161trukcia t\u00fdchto valcov zais\u0165uj\u00fa plynul\u00fa a efekt\u00edvnu prev\u00e1dzku, \u010do vedie k zv\u00fd\u0161enej produktivite a skr\u00e1teniu prestojov. Pou\u017eitie vysokokvalitn\u00fdch materi\u00e1lov a presn\u00fdch v\u00fdrobn\u00fdch techn\u00edk \u010falej zvy\u0161uje ich v\u00fdkon a spo\u013eahlivos\u0165.<\/li>\n<li><strong>Presn\u00e9 ur\u010dovanie polohy:<\/strong> Tieto valce s\u00fa zn\u00e1me svojou presnou regul\u00e1ciou a presn\u00fdm polohovan\u00edm. Nastavite\u013en\u00e1 kon\u0161trukcia vidlicov\u00e9ho k\u013abu umo\u017e\u0148uje jemn\u00e9 doladenie zdvihu valca a mont\u00e1\u017enej polohy, \u010do umo\u017e\u0148uje presn\u00e9 ovl\u00e1danie pohybu a polohovania bremien. T\u00e1to \u00farove\u0148 ovl\u00e1dania je nevyhnutn\u00e1 v aplik\u00e1ci\u00e1ch, kde je presnos\u0165 k\u013e\u00fa\u010dov\u00e1, napr\u00edklad v priemyselnej automatiz\u00e1cii a syst\u00e9moch manipul\u00e1cie s materi\u00e1lom.<\/li>\n<li><strong>Odoln\u00e1 kon\u0161trukcia:<\/strong> Nastavite\u013en\u00e9 valce s vidlicov\u00fdm uchyten\u00edm s\u00fa skon\u0161truovan\u00e9 tak, aby odolali n\u00e1ro\u010dn\u00fdm prev\u00e1dzkov\u00fdm podmienkam. \u010casto s\u00fa vyroben\u00e9 z robustn\u00fdch materi\u00e1lov, ako je vysokopevnostn\u00e1 oce\u013e, \u010do zaru\u010duje ich odolnos\u0165 a dlh\u00fa \u017eivotnos\u0165. Zv\u00e1ran\u00fd hydraulick\u00fd valec pon\u00faka najm\u00e4 vynikaj\u00facu \u0161truktur\u00e1lnu integritu a odolnos\u0165 vo\u010di opotrebovaniu, v\u010faka \u010domu je vhodn\u00fd pre n\u00e1ro\u010dn\u00e9 aplik\u00e1cie.<\/li>\n<li><strong>Jednoduch\u00e1 \u00fadr\u017eba:<\/strong> Tieto valce s\u00fa navrhnut\u00e9 s oh\u013eadom na jednoduch\u00fa \u00fadr\u017ebu. \u010casto maj\u00fa modul\u00e1rny dizajn, ktor\u00fd umo\u017e\u0148uje jednoduch\u00fa demont\u00e1\u017e a op\u00e4tovn\u00fa mont\u00e1\u017e po\u010das \u00fadr\u017eby alebo opr\u00e1v. Okrem toho ich robustn\u00e1 kon\u0161trukcia minimalizuje riziko po\u0161kodenia a predl\u017euje intervaly medzi cyklami \u00fadr\u017eby, \u010do vedie k ni\u017e\u0161\u00edm celkov\u00fdm n\u00e1kladom na \u00fadr\u017ebu.<\/li>\n<\/ol>\n<p>Celkovo pon\u00fakaj\u00fa nastavite\u013en\u00e9 hydraulick\u00e9 valce s vidlicovou vidlicou, vr\u00e1tane be\u017ene pred\u00e1van\u00e9ho dvoj\u010dinn\u00e9ho 20-tonov\u00e9ho hydraulick\u00e9ho valca a zv\u00e1ran\u00e9ho hydraulick\u00e9ho valca, mno\u017estvo v\u00fdhod, pokia\u013e ide o flexibilitu, v\u00fdkon, presnos\u0165 polohovania, odolnos\u0165 a jednoduch\u00fa \u00fadr\u017ebu. Tieto valce zohr\u00e1vaj\u00fa d\u00f4le\u017eit\u00fa \u00falohu v r\u00f4znych odvetviach a poskytuj\u00fa spo\u013eahliv\u00fd a efekt\u00edvny hydraulick\u00fd v\u00fdkon pre \u0161irok\u00fa \u0161k\u00e1lu aplik\u00e1ci\u00ed.<\/p>\n<p><img decoding=\"async\" src=\"https:\/\/fmp-components.com\/wp-content\/uploads\/2024\/12\/Adjustable-Clevis-Type-Cylinders5.webp\" alt=\"Nastavite\u013en\u00fd valec typu Clevis\" width=\"800\" title=\"\"><\/p>\n<h2>Pou\u017eitie nastavite\u013en\u00fdch valcov s vidlicov\u00fdm uchyten\u00edm<\/h2>\n<p>Nastavite\u013en\u00e9 valce s vidlicov\u00fdm uchyten\u00edm s\u00fa v\u0161estrann\u00e9 hydraulick\u00e9 zariadenia, ktor\u00e9 nach\u00e1dzaj\u00fa \u0161irok\u00e9 uplatnenie v r\u00f4znych odvetviach. Tieto valce pon\u00fakaj\u00fa v\u00fdnimo\u010dn\u00fd v\u00fdkon a daj\u00fa sa nastavi\u0165 tak, aby sp\u013a\u0148ali \u0161pecifick\u00e9 po\u017eiadavky. V tomto blogovom pr\u00edspevku presk\u00famame r\u00f4zne aplik\u00e1cie nastavite\u013en\u00fdch valcov s vidlicov\u00fdm uchyten\u00edm a ponor\u00edme sa do ich jedine\u010dn\u00fdch vlastnost\u00ed a v\u00fdhod.<\/p>\n<h3>1. Priemyseln\u00e1 automatiz\u00e1cia a stroje<\/h3>\n<p>Jednou z hlavn\u00fdch aplik\u00e1ci\u00ed nastavite\u013en\u00fdch valcov s vidlicov\u00fdm uchyten\u00edm je priemyseln\u00e1 automatiz\u00e1cia a stroj\u00e1rstvo. Tieto valce zohr\u00e1vaj\u00fa k\u013e\u00fa\u010dov\u00fa \u00falohu pri riaden\u00ed pohybu r\u00f4znych mechanick\u00fdch komponentov, ako s\u00fa dopravn\u00edkov\u00e9 p\u00e1sy, robotick\u00e9 ramen\u00e1 a zariadenia mont\u00e1\u017enych liniek. V\u010faka svojej presnej nastavite\u013enosti tieto valce zabezpe\u010duj\u00fa plynul\u00e9 a presn\u00e9 oper\u00e1cie, \u010do prispieva k zv\u00fd\u0161eniu produktivity a efekt\u00edvnosti.<\/p>\n<h3>2. Stavebn\u00edctvo a stavebn\u00fd priemysel<\/h3>\n<p>Stavebn\u00edctvo sa tie\u017e vo ve\u013ekej miere spolieha na nastavite\u013en\u00e9 valce s vidlicov\u00fdm uchyten\u00edm. Tieto valce sa pou\u017e\u00edvaj\u00fa v \u0161irokej \u0161k\u00e1le aplik\u00e1ci\u00ed vr\u00e1tane \u0165a\u017ek\u00fdch zariaden\u00ed, ako s\u00fa \u017eeriavy, bagre a naklada\u010de. Nastavite\u013en\u00e1 funkcia umo\u017e\u0148uje presn\u00e9 polohovanie, v\u010faka \u010domu s\u00fa ide\u00e1lne pre \u00falohy, ktor\u00e9 vy\u017eaduj\u00fa kontrolovan\u00e9 zdv\u00edhanie, tla\u010denie alebo \u0165ahanie. Ich robustn\u00e1 kon\u0161trukcia zais\u0165uje odolnos\u0165 aj v n\u00e1ro\u010dn\u00fdch stavebn\u00fdch prostrediach.<\/p>\n<h3>3. Po\u013enohospod\u00e1rske stroje<\/h3>\n<p>Po\u013enohospod\u00e1rske stroje \u010dasto vy\u017eaduj\u00fa hydraulick\u00fa energiu na efekt\u00edvne vykon\u00e1vanie r\u00f4znych \u00faloh. Nastavite\u013en\u00e9 valce s vidlicov\u00fdm uz\u00e1verom sa be\u017ene pou\u017e\u00edvaj\u00fa v po\u013enohospod\u00e1rskych strojoch, ako s\u00fa traktory, kombajny a postrekova\u010de. Tieto valce prispievaj\u00fa k plynul\u00e9mu a kontrolovan\u00e9mu pohybu, \u010do umo\u017e\u0148uje po\u013enohospod\u00e1rom vykon\u00e1va\u0165 \u00falohy s presnos\u0165ou, ako je nastavovanie no\u017eov, ovl\u00e1danie uhla pr\u00edslu\u0161enstva a zdv\u00edhanie alebo sp\u00fa\u0161\u0165anie n\u00e1strojov.<\/p>\n<h3>4. Manipul\u00e1cia s materi\u00e1lom a logistika<\/h3>\n<p>Odvetvie manipul\u00e1cie s materi\u00e1lom a logistiky sa vo ve\u013ekej miere spolieha na nastavite\u013en\u00e9 valce s vidlicov\u00fdm uchyten\u00edm pre svoje zdv\u00edhacie a manipula\u010dn\u00e9 zariadenia. Tieto valce sa pou\u017e\u00edvaj\u00fa vo vysokozdvi\u017en\u00fdch voz\u00edkoch, paletov\u00fdch voz\u00edkoch a dopravn\u00edkov\u00fdch syst\u00e9moch na ovl\u00e1danie zdv\u00edhania a polohovania tovaru. Mo\u017enos\u0165 nastavenia d\u013a\u017eky valca u\u013eah\u010duje prisp\u00f4sobenie sa r\u00f4znym ve\u013ekostiam a v\u00fd\u0161kam n\u00e1kladu, \u010d\u00edm sa zvy\u0161uje celkov\u00e1 efektivita procesu manipul\u00e1cie s materi\u00e1lom.<\/p>\n<h3>5. Automobilov\u00fd priemysel a doprava<\/h3>\n<p>Nastavite\u013en\u00e9 valce s vidlicov\u00fdm z\u00e1vesom sa tie\u017e \u0161iroko pou\u017e\u00edvaj\u00fa v automobilovom a dopravnom priemysle. Tieto valce zohr\u00e1vaj\u00fa d\u00f4le\u017eit\u00fa \u00falohu v syst\u00e9moch zavesenia kolies vozidiel a zabezpe\u010duj\u00fa plynul\u00fa a pohodln\u00fa jazdu. Okrem toho sa pou\u017e\u00edvaj\u00fa v r\u00f4znych komponentoch vozidiel, ako s\u00fa syst\u00e9my riadenia, brzdy a hydraulick\u00e9 zdvih\u00e1ky. V\u010faka svojej prisp\u00f4sobivosti a spo\u013eahlivosti s\u00fa nevyhnutn\u00e9 pre udr\u017eanie optim\u00e1lneho v\u00fdkonu a bezpe\u010dnosti v automobilov\u00fdch aplik\u00e1ci\u00e1ch.<\/p>\n<p>Celkovo sa pou\u017eitie nastavite\u013en\u00fdch valcov s vidlicov\u00fdm uz\u00e1verom rozprestiera v nieko\u013ek\u00fdch odvetviach, \u010do prispieva k zlep\u0161eniu \u00fa\u010dinnosti, presnosti a bezpe\u010dnosti. Ich jedine\u010dn\u00e1 nastavite\u013enos\u0165 v kombin\u00e1cii s odolnou kon\u0161trukciou z nich rob\u00ed preferovan\u00fa vo\u013ebu pre mno\u017estvo hydraulick\u00fdch aplik\u00e1ci\u00ed.<\/p>\n<p>K\u013e\u00fa\u010dov\u00e9 slov\u00e1: Dvoj\u010dinn\u00fd 20-tonov\u00fd hydraulick\u00fd valec, zv\u00e1ran\u00fd hydraulick\u00fd valec<\/p>\n<p><img decoding=\"async\" src=\"https:\/\/fmp-components.com\/wp-content\/uploads\/2024\/12\/Application-of-Adjustable-Clevis-Type-Cylinders.webp\" alt=\"Nastavite\u013en\u00fd valec typu Clevis\" width=\"800\" title=\"\"><\/p>\n<h3>O FMP<\/h3>\n<p>FMP je spolo\u010dnos\u0165, ktor\u00e1 sa \u0161pecializuje na v\u00fdrobu a predaj hydraulick\u00fdch valcov. V\u010faka na\u0161im dlhoro\u010dn\u00fdm sk\u00fasenostiam v odbore a profesion\u00e1lnemu t\u00edmu poskytujeme z\u00e1kazn\u00edkom vysoko kvalitn\u00e9 a spo\u013eahliv\u00e9 hydraulick\u00e9 valce pre stavebn\u00e9 stroje.<\/p>\n<p><img decoding=\"async\" src=\"https:\/\/fmp-components.com\/wp-content\/uploads\/2024\/12\/Adjustable-Clevis-Type-Cylinders-6.webp\" alt=\"Nastavite\u013en\u00fd valec typu Clevis\" width=\"816\" title=\"\"><\/p>\n<p>Tu je p\u00e4\u0165 d\u00f4vodov, pre\u010do by ste si mali vybra\u0165 na\u0161e hydraulick\u00e9 valce:<\/p>\n<ol>\n<li>\u0160irok\u00e1 \u0161k\u00e1la mo\u017enost\u00ed: Pon\u00fakame komplexn\u00fd sortiment hydraulick\u00fdch valcov vr\u00e1tane nastavite\u013en\u00fdch valcov s vidlicov\u00fdm z\u00e1vitom, valcov s \u0165ahadlou, zv\u00e1ran\u00fdch valcov, teleskopick\u00fdch valcov a kompaktn\u00fdch valcov. Nech u\u017e va\u0161e stavebn\u00e9 stroje potrebuj\u00fa \u010doko\u013evek, m\u00e1me pre v\u00e1s ten prav\u00fd valec.<\/li>\n<li>Vynikaj\u00faca kvalita: V\u0161etky na\u0161e hydraulick\u00e9 valce s\u00fa vyroben\u00e9 z vysoko kvalitn\u00fdch materi\u00e1lov a prech\u00e1dzaj\u00fa pr\u00edsnymi kontrolami kvality. Zabezpe\u010dujeme, aby ka\u017ed\u00fd valec sp\u013a\u0148al pr\u00edsne priemyseln\u00e9 normy, a t\u00fdm v\u00e1m poskytoval spo\u013eahliv\u00fd a odoln\u00fd v\u00fdkon.<\/li>\n<li>Prisp\u00f4sobenie: Ch\u00e1peme, \u017ee ka\u017ed\u00fd stavebn\u00fd projekt m\u00e1 jedine\u010dn\u00e9 po\u017eiadavky. Preto pon\u00fakame mo\u017enosti prisp\u00f4sobenia na\u0161ich hydraulick\u00fdch valcov. \u010ci u\u017e ide o ve\u013ekos\u0165, sp\u00f4sob mont\u00e1\u017ee alebo menovit\u00fd tlak, valec dok\u00e1\u017eeme prisp\u00f4sobi\u0165 va\u0161im \u0161pecifick\u00fdm potreb\u00e1m.<\/li>\n<li>Odborn\u00e9 poradenstvo: N\u00e1\u0161 sk\u00fasen\u00fd obchodn\u00fd t\u00edm m\u00e1 bohat\u00e9 sk\u00fasenosti s odvetv\u00edm stavebn\u00fdch strojov. Poskytne v\u00e1m odborn\u00e9 poradenstvo oh\u013eadom produktov a pom\u00f4\u017ee v\u00e1m vybra\u0165 si ten spr\u00e1vny hydraulick\u00fd valec pre va\u0161e zariadenie. Zaviazali sme sa n\u00e1js\u0165 pre na\u0161ich z\u00e1kazn\u00edkov tie najlep\u0161ie rie\u0161enia.<\/li>\n<li>Efekt\u00edvna distrib\u00facia: M\u00e1me zaveden\u00fd efekt\u00edvny logistick\u00fd distribu\u010dn\u00fd syst\u00e9m, ktor\u00fd zabezpe\u010duje, \u017ee va\u0161e hydraulick\u00e9 valce dostanete v\u010das a presne. M\u00f4\u017eete sa na n\u00e1s spo\u013eahn\u00fa\u0165, \u017ee v\u00e1m doru\u010d\u00edme potrebn\u00e9 diely vtedy, ke\u010f ich potrebujete, \u010d\u00edm sa minimalizuj\u00fa prestoje va\u0161ich strojov.<\/li>\n<\/ol>\n<p>Vyberte si FMP pre va\u0161e potreby hydraulick\u00e9ho valca a za\u017eite rozdiel. Kontaktujte n\u00e1s e\u0161te dnes a preberte s nami, ako m\u00f4\u017eeme splni\u0165 va\u0161e po\u017eiadavky na stavebn\u00e9 stroje.<\/p>\n<h3>\u010casto kladen\u00e9 ot\u00e1zky<\/h3>\n<p><b>Ot\u00e1zka: Ak\u00e1 je dodacia lehota pre dvoj\u010dinn\u00fd 20-tonov\u00fd hydraulick\u00fd valec? <\/b><br \/>\nA: Typick\u00e1 dodacia lehota je 25-35 dn\u00ed.<\/p>\n<p><b>Ot\u00e1zka: S\u00fa k dispoz\u00edcii vzorky dvoj\u010dinn\u00e9ho 20-tonov\u00e9ho hydraulick\u00e9ho valca? <\/b><br \/>\nA: \u00c1no, poskytujeme vzorky, ale nie s\u00fa bezplatn\u00e9.<\/p>\n<p><b>Ot\u00e1zka: Dok\u00e1\u017ee spolo\u010dnos\u0165 FMP vyrobi\u0165 hydraulick\u00e9 valce na mieru? <\/b><br \/>\nA: Samozrejme, vieme vyrobi\u0165 valce pod\u013ea va\u0161ich vzoriek alebo technick\u00fdch v\u00fdkresov. Vieme vytvori\u0165 formy a pr\u00edpravky prisp\u00f4soben\u00e9 va\u0161im \u0161pecifik\u00e1ci\u00e1m.<\/p>\n<p>Autor\uff1a CX<\/p>","protected":false},"excerpt":{"rendered":"<p>Introducing the Hot Sale Double Acting 20 Ton Hydraulic Cylinder Welded Hydraulic Cylinder: The Hot Sale Double Acting 20 Ton Hydraulic Cylinder Welded Hydraulic Cylinder is a high-quality product designed for heavy-duty applications. With its double-acting design, it offers efficient and reliable operation in both extending and retracting movements. This hydraulic cylinder is built to [&hellip;]<\/p>","protected":false},"featured_media":1338,"comment_status":"closed","ping_status":"closed","template":"","meta":{"_et_pb_use_builder":"","_et_pb_old_content":"","_et_gb_content_width":""},"product_brand":[],"product_cat":[39],"product_tag":[41,34],"class_list":{"0":"post-1354","1":"product","2":"type-product","3":"status-publish","4":"has-post-thumbnail","6":"product_cat-adjustable-clevis-type-cylinders","7":"product_tag-adjustable-clevis-type-cylinders","8":"product_tag-hydraulic-cylinder","10":"first","11":"instock","12":"product-type-simple"},"_links":{"self":[{"href":"https:\/\/fmp-components.com\/sk\/wp-json\/wp\/v2\/product\/1354","targetHints":{"allow":["GET"]}}],"collection":[{"href":"https:\/\/fmp-components.com\/sk\/wp-json\/wp\/v2\/product"}],"about":[{"href":"https:\/\/fmp-components.com\/sk\/wp-json\/wp\/v2\/types\/product"}],"replies":[{"embeddable":true,"href":"https:\/\/fmp-components.com\/sk\/wp-json\/wp\/v2\/comments?post=1354"}],"wp:featuredmedia":[{"embeddable":true,"href":"https:\/\/fmp-components.com\/sk\/wp-json\/wp\/v2\/media\/1338"}],"wp:attachment":[{"href":"https:\/\/fmp-components.com\/sk\/wp-json\/wp\/v2\/media?parent=1354"}],"wp:term":[{"taxonomy":"product_brand","embeddable":true,"href":"https:\/\/fmp-components.com\/sk\/wp-json\/wp\/v2\/product_brand?post=1354"},{"taxonomy":"product_cat","embeddable":true,"href":"https:\/\/fmp-components.com\/sk\/wp-json\/wp\/v2\/product_cat?post=1354"},{"taxonomy":"product_tag","embeddable":true,"href":"https:\/\/fmp-components.com\/sk\/wp-json\/wp\/v2\/product_tag?post=1354"}],"curies":[{"name":"pracovn\u00fd list","href":"https:\/\/api.w.org\/{rel}","templated":true}]}}