{"id":1353,"date":"2024-12-23T02:18:07","date_gmt":"2024-12-23T02:18:07","guid":{"rendered":"https:\/\/fmp-components.com\/product\/professional-adjustable-agriculture-hydraulic-cylinder-for-trailer\/"},"modified":"2024-12-23T03:39:14","modified_gmt":"2024-12-23T03:39:14","slug":"professional-adjustable-agriculture-hydraulic-cylinder-for-trailer","status":"publish","type":"product","link":"https:\/\/fmp-components.com\/sk\/product\/professional-adjustable-agriculture-hydraulic-cylinder-for-trailer\/","title":{"rendered":"Profesion\u00e1lny nastavite\u013en\u00fd po\u013enohospod\u00e1rsky hydraulick\u00fd valec pre pr\u00edves"},"content":{"rendered":"<h2>Predstavujeme profesion\u00e1lny nastavite\u013en\u00fd po\u013enohospod\u00e1rsky hydraulick\u00fd valec pre pr\u00edves:<\/h2>\n<p>Profesion\u00e1lny nastavite\u013en\u00fd po\u013enohospod\u00e1rsky hydraulick\u00fd valec pre pr\u00edves je vysoko kvalitn\u00fd produkt navrhnut\u00fd \u0161peci\u00e1lne pre po\u013enohospod\u00e1rske \u00fa\u010dely. Tento hydraulick\u00fd valec je navrhnut\u00fd tak, aby poskytoval optim\u00e1lny v\u00fdkon a \u00fa\u010dinnos\u0165 v r\u00f4znych aplik\u00e1ci\u00e1ch s pr\u00edvesmi.<\/p>\n<p>V\u010faka nastavite\u013enej funkcii pon\u00faka tento valec ve\u013ek\u00fa v\u0161estrannos\u0165, ktor\u00e1 umo\u017e\u0148uje pou\u017e\u00edvate\u013eom prisp\u00f4sobi\u0165 si d\u013a\u017eku a zdvih pod\u013ea svojich \u0161pecifick\u00fdch potrieb. To zais\u0165uje presn\u00e9 ulo\u017eenie a vylep\u0161en\u00fa funk\u010dnos\u0165, v\u010faka \u010domu je ide\u00e1lnou vo\u013ebou pre farm\u00e1rov a po\u013enohospod\u00e1rskych profesion\u00e1lov.<\/p>\n<p>Hydraulick\u00fd valec je vyroben\u00fd z odoln\u00fdch materi\u00e1lov, ktor\u00e9 s\u00fa navrhnut\u00e9 tak, aby odolali n\u00e1rokom n\u00e1ro\u010dn\u00e9ho pou\u017e\u00edvania v ter\u00e9ne. Jeho robustn\u00e1 kon\u0161trukcia zais\u0165uje maxim\u00e1lnu pevnos\u0165 a dlh\u00fa \u017eivotnos\u0165 a poskytuje spo\u013eahliv\u00fd v\u00fdkon aj v n\u00e1ro\u010dn\u00fdch podmienkach.<\/p>\n<p>Profesion\u00e1lny nastavite\u013en\u00fd po\u013enohospod\u00e1rsky hydraulick\u00fd valec pre pr\u00edves sa m\u00f4\u017ee pochv\u00e1li\u0165 pokro\u010dilou hydraulickou technol\u00f3giou, ktor\u00e1 zais\u0165uje plynul\u00fd a konzistentn\u00fd chod. Jeho presn\u00e9 ovl\u00e1danie umo\u017e\u0148uje jednoduch\u00e9 a efekt\u00edvne zdv\u00edhanie a sp\u00fa\u0161\u0165anie pr\u00edslu\u0161enstva pr\u00edvesu, \u010d\u00edm sa zabezpe\u010duje bezprobl\u00e9mov\u00e1 prev\u00e1dzka po\u010das nakladania a vykladania.<\/p>\n<p><img loading=\"lazy\" decoding=\"async\" class=\"alignnone size-full wp-image-1334\" src=\"https:\/\/fmp-components.com\/wp-content\/uploads\/2024\/12\/Adjustable-Clevis-Type-Cylinders-4.webp\" alt=\"Nastavite\u013en\u00e9 valce s vidlicov\u00fdm z\u00e1vesom\" width=\"800\" height=\"800\" title=\"\" srcset=\"https:\/\/fmp-components.com\/wp-content\/uploads\/2024\/12\/Adjustable-Clevis-Type-Cylinders-4.webp 800w, https:\/\/fmp-components.com\/wp-content\/uploads\/2024\/12\/Adjustable-Clevis-Type-Cylinders-4-480x480.webp 480w\" sizes=\"(min-width: 0px) and (max-width: 480px) 480px, (min-width: 481px) 800px, 100vw\" \/><\/p>\n<p>Tento hydraulick\u00fd valec pon\u00faka v\u00fdnimo\u010dn\u00fa spo\u013eahlivos\u0165 a bezpe\u010dnostn\u00e9 prvky vr\u00e1tane zabudovanej ochrany proti pre\u0165a\u017eeniu a povrchovej \u00fapravy odolnej vo\u010di kor\u00f3zii. Tieto dodato\u010dn\u00e9 opatrenia zaru\u010duj\u00fa dlh\u00fa \u017eivotnos\u0165 valca a zais\u0165uj\u00fa bezpe\u010dnos\u0165 obsluhy aj zariadenia.<\/p>\n<p>Z\u00e1verom mo\u017eno poveda\u0165, \u017ee profesion\u00e1lny nastavite\u013en\u00fd po\u013enohospod\u00e1rsky hydraulick\u00fd valec pre pr\u00edves je \u0161pi\u010dkov\u00fd produkt, ktor\u00fd kombinuje odolnos\u0165, v\u0161estrannos\u0165 a pokro\u010dil\u00fa hydraulick\u00fa technol\u00f3giu. Jeho robustn\u00e1 kon\u0161trukcia, nastavite\u013en\u00e9 funkcie a spo\u013eahliv\u00fd v\u00fdkon z neho robia neocenite\u013en\u00e9ho n\u00e1stroja pre po\u013enohospod\u00e1rske aplik\u00e1cie. \u010ci u\u017e ste farm\u00e1r alebo profesion\u00e1l v po\u013enohospod\u00e1rskom priemysle, tento hydraulick\u00fd valec je nevyhnutnos\u0165ou pre va\u0161e pr\u00edvesn\u00e9 zariadenie.<\/p>\n<p>N\u00e1\u0161 profesion\u00e1lny nastavite\u013en\u00fd po\u013enohospod\u00e1rsky hydraulick\u00fd valec je \u0161pi\u010dkov\u00fd produkt s ro\u010dnou z\u00e1rukou. Je vhodn\u00fd pre \u0161irok\u00fa \u0161k\u00e1lu odvetv\u00ed vr\u00e1tane opravovn\u00ed strojov, fariem, energetiky a ban\u00edctva, v\u00fdroby strojov a stroj\u00e1rskych z\u00e1vodov. Tento hydraulick\u00fd valec v\u00e1\u017ei 104 kg a je navrhnut\u00fd s k\u013e\u00fa\u010dov\u00fdmi komponentmi, ako s\u00fa lo\u017eisko a hydraulick\u00fd valec. Pracuje na hydraulickej energii a jeho telo je vyroben\u00e9 z robustnej ocele.<\/p>\n<table style=\"width: 100%;\" border=\"1\" width=\"100%\" cellspacing=\"0\" cellpadding=\"0\">\n<tbody>\n<tr>\n<th>Typ produktu<\/th>\n<td>Nastavite\u013en\u00fd valec typu Clevis<\/td>\n<\/tr>\n<tr>\n<th>Maxim\u00e1lny \u0165ah<\/th>\n<td>3000<\/td>\n<\/tr>\n<tr>\n<th>Maxim\u00e1lny \u0165ah<\/th>\n<td>20 ton<\/td>\n<\/tr>\n<tr>\n<th>Porty<\/th>\n<td>G\/SAE\/NPT\/M<\/td>\n<\/tr>\n<tr>\n<th>Certifik\u00e1cia<\/th>\n<td>ISO 9001:2000<\/td>\n<\/tr>\n<tr>\n<th>Ve\u013ekos\u0165 otvoru<\/th>\n<td>2 \u2013 6 palcov<\/td>\n<\/tr>\n<tr>\n<th>Ve\u013ekos\u0165 ty\u010de<\/th>\n<td>1,125 \u2013 4 palce<\/td>\n<\/tr>\n<tr>\n<th>Ve\u013ekos\u0165 \u0165ahu<\/th>\n<td>4 \u2013 100 palcov<\/td>\n<\/tr>\n<tr>\n<th>Ve\u013ekos\u0165 \u010dapu<\/th>\n<td>0,5 \u2013 2 palce<\/td>\n<\/tr>\n<tr>\n<th>Farba<\/th>\n<td>\u010cierna<\/td>\n<\/tr>\n<\/tbody>\n<\/table>\n<p>&nbsp;<\/p>\n<h2>V\u00fdhody nastavite\u013en\u00fdch valcov s vidlicov\u00fdm uchyten\u00edm<\/h2>\n<p>Nastavite\u013en\u00e9 valce s vidlicov\u00fdm z\u00e1vitom, ako napr\u00edklad profesion\u00e1lny nastavite\u013en\u00fd po\u013enohospod\u00e1rsky hydraulick\u00fd valec pre pr\u00edvesy, pon\u00fakaj\u00fa mno\u017estvo v\u00fdhod, v\u010faka ktor\u00fdm s\u00fa vynikaj\u00facou vo\u013ebou pre r\u00f4zne aplik\u00e1cie. V tomto \u010dl\u00e1nku sa podrobne pozrieme na v\u00fdhody t\u00fdchto hydraulick\u00fdch valcov.<\/p>\n<h3>Zv\u00fd\u0161en\u00e1 flexibilita a v\u0161estrannos\u0165<\/h3>\n<p>Jednou z k\u013e\u00fa\u010dov\u00fdch v\u00fdhod nastavite\u013en\u00fdch valcov s vidlicov\u00fdm uchyten\u00edm je ich schopnos\u0165 poskytn\u00fa\u0165 zv\u00fd\u0161en\u00fa flexibilitu a v\u0161estrannos\u0165 v r\u00f4znych hydraulick\u00fdch syst\u00e9moch. Tieto valce umo\u017e\u0148uj\u00fa jednoduch\u00e9 nastavenie polohy \u010dapu vidlicov\u00e9ho uchytenia, \u010do obsluhe umo\u017e\u0148uje prisp\u00f4sobi\u0165 d\u013a\u017eku zdvihu valca a mo\u017enosti mont\u00e1\u017ee pre optim\u00e1lny v\u00fdkon.<\/p>\n<p>Nastaven\u00edm polohy \u010dapu vidlice je mo\u017en\u00e9 valec prisp\u00f4sobi\u0165 \u0161pecifick\u00fdm prev\u00e1dzkov\u00fdm po\u017eiadavk\u00e1m, \u010d\u00edm sa zabezpe\u010d\u00ed efekt\u00edvnej\u0161ia a presnej\u0161ia prev\u00e1dzka. V\u010faka tejto flexibilite s\u00fa nastavite\u013en\u00e9 valce s vidlicov\u00fdm uz\u00e1verom vhodn\u00e9 pre \u0161irok\u00fa \u0161k\u00e1lu aplik\u00e1ci\u00ed vr\u00e1tane po\u013enohospod\u00e1rstva, stavebn\u00edctva a priemyseln\u00fdch strojov.<\/p>\n<h3>Zlep\u0161en\u00fd v\u00fdkon a efektivita<\/h3>\n<p>\u010eal\u0161ou v\u00fdznamnou v\u00fdhodou nastavite\u013en\u00fdch valcov s vidlicov\u00fdm z\u00e1vitom je ich schopnos\u0165 zlep\u0161i\u0165 v\u00fdkon a \u00fa\u010dinnos\u0165. Tieto valce s\u00fa navrhnut\u00e9 tak, aby poskytovali siln\u00fa a konzistentn\u00fa silu v celej d\u013a\u017eke zdvihu, \u010do umo\u017e\u0148uje plynul\u00fa a spo\u013eahliv\u00fa prev\u00e1dzku v n\u00e1ro\u010dn\u00fdch podmienkach.<\/p>\n<p>Nastavite\u013en\u00e1 funkcia t\u00fdchto valcov tie\u017e umo\u017e\u0148uje oper\u00e1torom optimalizova\u0165 v\u00fdkon valca \u00fapravou mont\u00e1\u017enej polohy. Toto nastavenie m\u00f4\u017ee pom\u00f4c\u0165 minimalizova\u0165 nam\u00e1hanie syst\u00e9mu, zn\u00ed\u017ei\u0165 opotrebenie a zv\u00fd\u0161i\u0165 celkov\u00fa \u00fa\u010dinnos\u0165. V\u010faka tomu nastavite\u013en\u00e9 valce s vidlicov\u00fdm uchyten\u00edm prispievaj\u00fa k zv\u00fd\u0161eniu produktivity a zn\u00ed\u017eeniu prev\u00e1dzkov\u00fdch n\u00e1kladov.<\/p>\n<h3>Zv\u00fd\u0161en\u00e1 bezpe\u010dnos\u0165 a odolnos\u0165<\/h3>\n<p>Nastavite\u013en\u00e9 valce s vidlicov\u00fdm uz\u00e1verom s\u00fa navrhnut\u00e9 s oh\u013eadom na bezpe\u010dnos\u0165 a odolnos\u0165. Tieto valce s\u00fa vyroben\u00e9 z vysoko kvalitn\u00fdch materi\u00e1lov a prech\u00e1dzaj\u00fa pr\u00edsnymi testami, aby sa zabezpe\u010dila ich spo\u013eahlivos\u0165 a dlh\u00e1 \u017eivotnos\u0165.<\/p>\n<p>Kon\u0161trukcia nastavite\u013en\u00e9ho \u010dapu vidlice poskytuje bezpe\u010dn\u00e9 spojenie medzi valcom a aplik\u00e1ciou, \u010d\u00edm minimalizuje riziko odpojenia alebo poruchy. Nastavite\u013en\u00e1 funkcia navy\u0161e umo\u017e\u0148uje presn\u00e9 zarovnanie a spr\u00e1vne rozlo\u017eenie za\u0165a\u017eenia, \u010d\u00edm sa zni\u017euje riziko pred\u010dasn\u00e9ho opotrebenia alebo po\u0161kodenia valca a in\u00fdch komponentov.<\/p>\n<h3>Jednoduch\u00e1 in\u0161tal\u00e1cia a \u00fadr\u017eba<\/h3>\n<p>Nastavite\u013en\u00e9 valce s vidlicov\u00fdm uz\u00e1verom pon\u00fakaj\u00fa jednoduch\u00fa in\u0161tal\u00e1ciu a \u00fadr\u017ebu, v\u010faka \u010domu s\u00fa praktickou vo\u013ebou pre r\u00f4zne odvetvia. Nastavite\u013en\u00e1 kon\u0161trukcia umo\u017e\u0148uje jednoduch\u00fa in\u0161tal\u00e1ciu a nastavenie mont\u00e1\u017enej polohy valca, \u010d\u00edm sa \u0161etr\u00ed drahocenn\u00fd \u010das a \u00fasilie po\u010das procesu nastavovania.<\/p>\n<p>Okrem toho tieto valce vy\u017eaduj\u00fa minim\u00e1lnu \u00fadr\u017ebu v\u010faka svojej robustnej kon\u0161trukcii a vysoko kvalitn\u00fdm komponentom. Pravideln\u00e1 kontrola a mazanie zvy\u010dajne posta\u010duj\u00fa na udr\u017eanie ich v optim\u00e1lnom prev\u00e1dzkovom stave, \u010d\u00edm sa zni\u017euj\u00fa prestoje a n\u00e1klady na \u00fadr\u017ebu.<\/p>\n<p>Z\u00e1verom mo\u017eno poveda\u0165, \u017ee profesion\u00e1lny nastavite\u013en\u00fd po\u013enohospod\u00e1rsky hydraulick\u00fd valec pre pr\u00edves a in\u00e9 nastavite\u013en\u00e9 valce s vidlicov\u00fdm z\u00e1vesom poskytuj\u00fa v\u00fdznamn\u00e9 v\u00fdhody z h\u013eadiska flexibility, v\u00fdkonu, bezpe\u010dnosti a jednoduch\u00e9ho pou\u017eitia. Ich jedine\u010dn\u00e1 nastavite\u013en\u00e1 funkcia umo\u017e\u0148uje prisp\u00f4sobenie, zvy\u0161uje ich v\u0161estrannos\u0165 a rob\u00ed ich vhodn\u00fdmi pre r\u00f4zne aplik\u00e1cie. V\u010faka svojej schopnosti zlep\u0161i\u0165 \u00fa\u010dinnos\u0165 a odolnos\u0165 s\u00fa nastavite\u013en\u00e9 valce s vidlicov\u00fdm z\u00e1vesom cenn\u00fdm pr\u00ednosom v hydraulick\u00fdch syst\u00e9moch modern\u00e9ho priemyslu.<\/p>\n<p><img decoding=\"async\" src=\"https:\/\/fmp-components.com\/wp-content\/uploads\/2024\/12\/Adjustable-Clevis-Type-Cylinders5.webp\" alt=\"Nastavite\u013en\u00fd valec typu Clevis\" width=\"800\" title=\"\"><\/p>\n<h2>Pou\u017eitie nastavite\u013en\u00fdch valcov s vidlicov\u00fdm uchyten\u00edm<\/h2>\n<p>Nastavite\u013en\u00e9 valce s vidlicov\u00fdm uchyten\u00edm, ako napr\u00edklad profesion\u00e1lne nastavite\u013en\u00e9 po\u013enohospod\u00e1rske hydraulick\u00e9 valce pre pr\u00edvesy, s\u00fa v\u0161estrann\u00e9 hydraulick\u00e9 zariadenia be\u017ene pou\u017e\u00edvan\u00e9 v r\u00f4znych odvetviach. Tieto valce pon\u00fakaj\u00fa mno\u017estvo v\u00fdhod a s\u00fa \u0161iroko pou\u017e\u00edvan\u00e9 v r\u00f4znych aplik\u00e1ci\u00e1ch. V tomto \u010dl\u00e1nku presk\u00famame niektor\u00e9 k\u013e\u00fa\u010dov\u00e9 aplik\u00e1cie nastavite\u013en\u00fdch valcov s vidlicov\u00fdm uchyten\u00edm a ich v\u00fdznam pri zlep\u0161ovan\u00ed prev\u00e1dzkovej efekt\u00edvnosti a produktivity.<\/p>\n<h3>1. Priemyseln\u00e1 automatiz\u00e1cia<\/h3>\n<p>Nastavite\u013en\u00e9 valce s vidlicov\u00fdm uchyten\u00edm zohr\u00e1vaj\u00fa k\u013e\u00fa\u010dov\u00fa \u00falohu v procesoch priemyselnej automatiz\u00e1cie. V\u010faka svojej schopnosti poskytova\u0165 presn\u00fd a kontrolovan\u00fd line\u00e1rny pohyb sa tieto valce pou\u017e\u00edvaj\u00fa v automatizovan\u00fdch strojoch na vykon\u00e1vanie \u00faloh, ako je manipul\u00e1cia s materi\u00e1lom, prev\u00e1dzka mont\u00e1\u017enych liniek a robotick\u00e9 aplik\u00e1cie. Nastavite\u013en\u00e1 funkcia t\u00fdchto valcov umo\u017e\u0148uje flexibilitu pri nastavovan\u00ed d\u013a\u017eky zdvihu tak, aby sp\u013a\u0148ala \u0161pecifick\u00e9 po\u017eiadavky automatiz\u00e1cie, a zabezpe\u010duje tak optim\u00e1lny v\u00fdkon.<\/p>\n<h3>2. Stavebn\u00e9 zariadenia<\/h3>\n<p>V stavebn\u00edctve sa nastavite\u013en\u00e9 valce s vidlicov\u00fdm uz\u00e1verom \u0161iroko pou\u017e\u00edvaj\u00fa v r\u00f4znych zariadeniach na zlep\u0161enie ich funk\u010dnosti. Tieto valce sa be\u017ene integruj\u00fa do stavebn\u00fdch strojov, ako s\u00fa bagre, naklada\u010de a buldoz\u00e9ry, aby poskytovali spo\u013eahliv\u00fa a siln\u00fa hydraulick\u00fa silu. Mo\u017enos\u0165 nastavenia valcov umo\u017e\u0148uje presn\u00e9 ovl\u00e1danie pohybov zariaden\u00ed, \u010d\u00edm sa zvy\u0161uje efektivita a bezpe\u010dnos\u0165 po\u010das stavebn\u00fdch pr\u00e1c.<\/p>\n<h3>3. Po\u013enohospod\u00e1rske stroje<\/h3>\n<p>Po\u013enohospod\u00e1rsky sektor v\u00fdrazne profituje z pou\u017e\u00edvania nastavite\u013en\u00fdch valcov s vidlicov\u00fdm uz\u00e1verom. Tieto valce sa hojne pou\u017e\u00edvaj\u00fa v po\u013enohospod\u00e1rskych strojoch vr\u00e1tane traktorov, kombajnov a zavla\u017eovac\u00edch syst\u00e9mov. V\u010faka nastavite\u013enej d\u013a\u017eke zdvihu umo\u017e\u0148uj\u00fa tieto valce po\u013enohospod\u00e1rom prisp\u00f4sobi\u0165 v\u00fdkon zariadenia r\u00f4znym po\u013enohospod\u00e1rskym \u00faloh\u00e1m. \u010ci u\u017e ide o nastavenie v\u00fd\u0161ky pluhu alebo ovl\u00e1danie pohybu kombajnu, v\u0161estrannos\u0165 t\u00fdchto valcov zvy\u0161uje produktivitu a zabezpe\u010duje optim\u00e1lne po\u013enohospod\u00e1rske v\u00fdsledky.<\/p>\n<h3>4. Manipul\u00e1cia s materi\u00e1lom<\/h3>\n<p>Nastavite\u013en\u00e9 valce s vidlicov\u00fdm uchyten\u00edm nach\u00e1dzaj\u00fa v\u00fdznamn\u00e9 uplatnenie v zariadeniach na manipul\u00e1ciu s materi\u00e1lom, ako s\u00fa vysokozdvi\u017en\u00e9 voz\u00edky, \u017eeriavy a dopravn\u00edkov\u00e9 syst\u00e9my. Tieto valce poskytuj\u00fa presn\u00e9 ovl\u00e1danie zdv\u00edhania, sp\u00fa\u0161\u0165ania a polohovania \u0165a\u017ek\u00fdch bremien. Nastaven\u00edm d\u013a\u017eky zdvihu valca m\u00f4\u017eu oper\u00e1tori prisp\u00f4sobi\u0165 zariadenie na manipul\u00e1ciu s bremenami r\u00f4znych ve\u013ekost\u00ed, tvarov a hmotnost\u00ed. T\u00e1to flexibilita zvy\u0161uje prev\u00e1dzkov\u00fa efektivitu, zni\u017euje riziko po\u0161kodenia tovaru a zlep\u0161uje celkov\u00fa bezpe\u010dnos\u0165 na pracovisku.<\/p>\n<h3>5. N\u00e1morn\u00fd a pobre\u017en\u00fd priemysel<\/h3>\n<p>V n\u00e1mornom a pobre\u017enom priemysle sa nastavite\u013en\u00e9 valce s vidlicov\u00fdm uz\u00e1verom pou\u017e\u00edvaj\u00fa v r\u00f4znych aplik\u00e1ci\u00e1ch. Od stavby lod\u00ed a pobre\u017en\u00fdch vrtov a\u017e po podvodn\u00e9 oper\u00e1cie zohr\u00e1vaj\u00fa tieto valce d\u00f4le\u017eit\u00fa \u00falohu v hydraulick\u00fdch syst\u00e9moch. Ich nastavite\u013enos\u0165 umo\u017e\u0148uje presn\u00e9 ovl\u00e1danie pohybov v n\u00e1ro\u010dn\u00fdch morsk\u00fdch prostrediach. \u010ci u\u017e ide o nastavenie uhla kormidla lode alebo ovl\u00e1danie polohy pobre\u017en\u00e9ho vrtn\u00e9ho zariadenia, tieto valce zabezpe\u010duj\u00fa plynul\u00fa prev\u00e1dzku a bezpe\u010dnos\u0165 v n\u00e1ro\u010dn\u00fdch morsk\u00fdch podmienkach.<\/p>\n<p>Celkovo sa pou\u017eitie nastavite\u013en\u00fdch valcov s vidlicov\u00fdm z\u00e1vesom, ako napr\u00edklad profesion\u00e1lnych nastavite\u013en\u00fdch po\u013enohospod\u00e1rskych hydraulick\u00fdch valcov pre pr\u00edvesy, rozprestiera v r\u00f4znych odvetviach a zohr\u00e1va k\u013e\u00fa\u010dov\u00fa \u00falohu pri zvy\u0161ovan\u00ed prev\u00e1dzkovej efekt\u00edvnosti a produktivity. V\u0161estrannos\u0165 a nastavite\u013enos\u0165 t\u00fdchto valcov ich rob\u00ed nevyhnutn\u00fdmi v r\u00f4znych aplik\u00e1ci\u00e1ch, poskytuj\u00fa presn\u00e9 ovl\u00e1danie a spo\u013eahliv\u00fd v\u00fdkon. V\u010faka svojej schopnosti prisp\u00f4sobi\u0165 sa \u0161pecifick\u00fdm po\u017eiadavk\u00e1m tieto valce prispievaj\u00fa k celkov\u00e9mu \u00faspechu priemyseln\u00fdch procesov, stavebn\u00fdch projektov, po\u013enohospod\u00e1rskych postupov, manipul\u00e1cie s materi\u00e1lom a n\u00e1morn\u00fdch aktiv\u00edt.<\/p>\n<p><img decoding=\"async\" src=\"https:\/\/fmp-components.com\/wp-content\/uploads\/2024\/12\/Application-of-Adjustable-Clevis-Type-Cylinders.webp\" alt=\"Nastavite\u013en\u00fd valec typu Clevis\" width=\"800\" title=\"\"><\/p>\n<h3>O FMP<\/h3>\n<p>FMP je popredn\u00e1 spolo\u010dnos\u0165 \u0161pecializuj\u00faca sa na v\u00fdrobu a predaj hydraulick\u00fdch valcov. So s\u00eddlom v Taliansku pon\u00fakame z\u00e1kazn\u00edkom \u0161irok\u00fa \u0161k\u00e1lu vysoko kvalitn\u00fdch a spo\u013eahliv\u00fdch rie\u0161en\u00ed v oblasti hydraulick\u00fdch valcov, ktor\u00e9 s\u00fa podporen\u00e9 na\u0161imi rozsiahlymi sk\u00fasenos\u0165ami v odvetv\u00ed a profesion\u00e1lnym t\u00edmom.<\/p>\n<p><strong>1. Rozmanit\u00fd sortiment produktov:<\/strong> N\u00e1\u0161 sortiment zah\u0155\u0148a r\u00f4zne hydraulick\u00e9 valce ur\u010den\u00e9 pre r\u00f4zne aplik\u00e1cie, \u010d\u00edm zabezpe\u010dujeme, \u017ee dok\u00e1\u017eeme splni\u0165 \u0161pecifick\u00e9 potreby na\u0161ich z\u00e1kazn\u00edkov.<\/p>\n<p><strong>2. Vynikaj\u00faca kvalita:<\/strong> V spolo\u010dnosti FMP kladieme d\u00f4raz na kvalitu a zabezpe\u010dujeme, aby v\u0161etky na\u0161e hydraulick\u00e9 valce sp\u013a\u0148ali pr\u00edsne normy kvality. Vybudovali sme si dlhodob\u00e9 a stabiln\u00e9 vz\u0165ahy s vysokokvalitn\u00fdmi dod\u00e1vate\u013emi, dom\u00e1cimi aj medzin\u00e1rodn\u00fdmi, aby sme zaru\u010dili excelentnos\u0165 na\u0161ich produktov.<\/p>\n<p><strong>3. Odborn\u00fd obchodn\u00fd t\u00edm:<\/strong> N\u00e1\u0161 sk\u00fasen\u00fd a kvalifikovan\u00fd obchodn\u00fd t\u00edm m\u00e1 hlbok\u00e9 znalosti o odvetv\u00ed stavebn\u00fdch strojov. Sleduje najnov\u0161ie trendy a rozumie potreb\u00e1m z\u00e1kazn\u00edkov, \u010do im umo\u017e\u0148uje poskytova\u0165 profesion\u00e1lne poradenstvo oh\u013eadom produktov a inteligentn\u00e9 n\u00e1vrhy na n\u00e1kup.<\/p>\n<p><strong>4. Efekt\u00edvna logistick\u00e1 distrib\u00facia:<\/strong> Zaviedli sme efekt\u00edvny logistick\u00fd distribu\u010dn\u00fd syst\u00e9m, aby sme zabezpe\u010dili v\u010dasn\u00e9 a presn\u00e9 dodanie po\u017eadovan\u00fdch hydraulick\u00fdch valcov na\u0161im z\u00e1kazn\u00edkom, \u010d\u00edm sa skr\u00e1tia prestoje a zv\u00fd\u0161i produktivita.<\/p>\n<p><strong>5. Z\u00e1v\u00e4zok k spokojnosti z\u00e1kazn\u00edkov:<\/strong> V spolo\u010dnosti FMP kladieme d\u00f4raz na spokojnos\u0165 z\u00e1kazn\u00edkov. Sna\u017e\u00edme sa budova\u0165 dlhodob\u00e9 vz\u0165ahy s na\u0161imi klientmi dod\u00e1van\u00edm v\u00fdnimo\u010dn\u00fdch produktov a poskytovan\u00edm vynikaj\u00facej popredajnej podpory.<\/p>\n<p><img decoding=\"async\" src=\"https:\/\/fmp-components.com\/wp-content\/uploads\/2024\/12\/Adjustable-Clevis-Type-Cylinders-6.webp\" alt=\"Nastavite\u013en\u00fd valec typu Clevis\" width=\"815\" title=\"\"><\/p>\n<h2>\u010casto kladen\u00e9 ot\u00e1zky<\/h2>\n<p><strong>Ot\u00e1zka: Pre ktor\u00e9 odvetvia je vhodn\u00fd nastavite\u013en\u00fd po\u013enohospod\u00e1rsky hydraulick\u00fd valec?<\/strong><br \/>\nA: Je vhodn\u00fd pre r\u00f4zne odvetvia vr\u00e1tane opravovn\u00ed strojov, fariem, energetiky a ban\u00edctva, v\u00fdroby strojov a stroj\u00e1rskych z\u00e1vodov.<\/p>\n<p><strong>Ot\u00e1zka: Ak\u00fd je maxim\u00e1lny \u0165ah a \u0165ah nastavite\u013en\u00e9ho po\u013enohospod\u00e1rskeho hydraulick\u00e9ho valca?<\/strong><br \/>\nA: Maxim\u00e1lny \u0165ah je 3000 a maxim\u00e1lny \u0165ah je 20 ton.<\/p>\n<p><strong>Ot\u00e1zka: D\u00e1 sa prisp\u00f4sobi\u0165 nastavite\u013en\u00fd po\u013enohospod\u00e1rsky hydraulick\u00fd valec?<\/strong><br \/>\nA: \u00c1no, poskytujeme mo\u017enosti prisp\u00f4sobenia, aby sme splnili \u0161pecifick\u00e9 po\u017eiadavky.<\/p>\n<p><img decoding=\"async\" src=\"https:\/\/img.jiansujichilun.com\/img\/hydrauliccylinders\/B_hydrauliccylinders-2.webp\" alt=\"hydraulick\u00fd valec\" width=\"800\" title=\"\"><\/p>\n<p>Autor\uff1a CX<\/p>","protected":false},"excerpt":{"rendered":"<p>Introducing the Professional Adjustable Agriculture Hydraulic Cylinder for Trailer: The Professional Adjustable Agriculture Hydraulic Cylinder for Trailer is a high-quality product designed specifically for agricultural purposes. This hydraulic cylinder is engineered to provide optimal performance and efficiency in various trailer applications. With its adjustable feature, this cylinder offers great versatility, allowing users to customize the [&hellip;]<\/p>","protected":false},"featured_media":1336,"comment_status":"closed","ping_status":"closed","template":"","meta":{"_et_pb_use_builder":"","_et_pb_old_content":"","_et_gb_content_width":""},"product_brand":[],"product_cat":[39],"product_tag":[41,34],"class_list":{"0":"post-1353","1":"product","2":"type-product","3":"status-publish","4":"has-post-thumbnail","6":"product_cat-adjustable-clevis-type-cylinders","7":"product_tag-adjustable-clevis-type-cylinders","8":"product_tag-hydraulic-cylinder","10":"first","11":"instock","12":"product-type-simple"},"_links":{"self":[{"href":"https:\/\/fmp-components.com\/sk\/wp-json\/wp\/v2\/product\/1353","targetHints":{"allow":["GET"]}}],"collection":[{"href":"https:\/\/fmp-components.com\/sk\/wp-json\/wp\/v2\/product"}],"about":[{"href":"https:\/\/fmp-components.com\/sk\/wp-json\/wp\/v2\/types\/product"}],"replies":[{"embeddable":true,"href":"https:\/\/fmp-components.com\/sk\/wp-json\/wp\/v2\/comments?post=1353"}],"wp:featuredmedia":[{"embeddable":true,"href":"https:\/\/fmp-components.com\/sk\/wp-json\/wp\/v2\/media\/1336"}],"wp:attachment":[{"href":"https:\/\/fmp-components.com\/sk\/wp-json\/wp\/v2\/media?parent=1353"}],"wp:term":[{"taxonomy":"product_brand","embeddable":true,"href":"https:\/\/fmp-components.com\/sk\/wp-json\/wp\/v2\/product_brand?post=1353"},{"taxonomy":"product_cat","embeddable":true,"href":"https:\/\/fmp-components.com\/sk\/wp-json\/wp\/v2\/product_cat?post=1353"},{"taxonomy":"product_tag","embeddable":true,"href":"https:\/\/fmp-components.com\/sk\/wp-json\/wp\/v2\/product_tag?post=1353"}],"curies":[{"name":"pracovn\u00fd list","href":"https:\/\/api.w.org\/{rel}","templated":true}]}}