{"id":1352,"date":"2024-12-23T02:18:07","date_gmt":"2024-12-23T02:18:07","guid":{"rendered":"https:\/\/fmp-components.com\/product\/quality-assurance-trailer-tractor-welded-hydraulic-cylinder-for-agricultural-machinery\/"},"modified":"2024-12-23T03:39:05","modified_gmt":"2024-12-23T03:39:05","slug":"quality-assurance-trailer-tractor-welded-hydraulic-cylinder-for-agricultural-machinery","status":"publish","type":"product","link":"https:\/\/fmp-components.com\/sk\/product\/quality-assurance-trailer-tractor-welded-hydraulic-cylinder-for-agricultural-machinery\/","title":{"rendered":"Zv\u00e1ran\u00fd hydraulick\u00fd valec pre po\u013enohospod\u00e1rske stroje s zabezpe\u010den\u00edm kvality"},"content":{"rendered":"<p>Zv\u00e1ran\u00fd hydraulick\u00fd valec pre po\u013enohospod\u00e1rske stroje s certifik\u00e1ciou Quality Assurance je vysoko v\u00fdkonn\u00fd a spo\u013eahliv\u00fd hydraulick\u00fd valec \u0161peci\u00e1lne navrhnut\u00fd na pou\u017eitie v po\u013enohospod\u00e1rskych strojoch. V\u010faka svojej robustnej kon\u0161trukcii a pokro\u010dil\u00fdm funkci\u00e1m zais\u0165uje tento hydraulick\u00fd valec plynul\u00fd a efekt\u00edvny chod v r\u00f4znych po\u013enohospod\u00e1rskych aplik\u00e1ci\u00e1ch.<\/p>\n<p>K\u013e\u00fa\u010dov\u00e9 vlastnosti:<br \/>\n1. Robustn\u00e1 kon\u0161trukcia: Hydraulick\u00fd valec je vyroben\u00fd z vysoko kvalitn\u00fdch materi\u00e1lov, v\u010faka \u010domu je odoln\u00fd a schopn\u00fd odol\u00e1va\u0165 vysok\u00e9mu tlaku a \u0165a\u017ek\u00fdm za\u0165a\u017eeniam.<br \/>\n2. Presn\u00e9 in\u017einierstvo: Valec je navrhnut\u00fd s presnos\u0165ou, aby zabezpe\u010dil presn\u00fd a spo\u013eahliv\u00fd v\u00fdkon, \u010do umo\u017e\u0148uje presn\u00e9 ovl\u00e1danie a plynul\u00fd chod.<br \/>\n3. Vysokokvalitn\u00e9 tesnenia: Tento hydraulick\u00fd valec je vybaven\u00fd vysokokvalitn\u00fdmi tesneniami, v\u010faka \u010domu \u00fa\u010dinne zabra\u0148uje \u00faniku a zais\u0165uje dlhotrvaj\u00faci v\u00fdkon.<br \/>\n4. Jednoduch\u00e1 in\u0161tal\u00e1cia: Valec je navrhnut\u00fd pre jednoduch\u00fa in\u0161tal\u00e1ciu, \u010do umo\u017e\u0148uje r\u00fdchlu a bezprobl\u00e9mov\u00fa integr\u00e1ciu do po\u013enohospod\u00e1rskych strojov.<br \/>\n5. V\u0161estrann\u00e9 pou\u017eitie: Tento hydraulick\u00fd valec je vhodn\u00fd pre \u0161irok\u00fa \u0161k\u00e1lu po\u013enohospod\u00e1rskych strojov vr\u00e1tane pr\u00edvesov, traktorov a in\u00fdch po\u013enohospod\u00e1rskych zariaden\u00ed.<\/p>\n<p><img loading=\"lazy\" decoding=\"async\" class=\"alignnone size-full wp-image-1334\" src=\"https:\/\/fmp-components.com\/wp-content\/uploads\/2024\/12\/Adjustable-Clevis-Type-Cylinders-4.webp\" alt=\"Nastavite\u013en\u00e9 valce s vidlicov\u00fdm z\u00e1vesom\" width=\"800\" height=\"800\" title=\"\" srcset=\"https:\/\/fmp-components.com\/wp-content\/uploads\/2024\/12\/Adjustable-Clevis-Type-Cylinders-4.webp 800w, https:\/\/fmp-components.com\/wp-content\/uploads\/2024\/12\/Adjustable-Clevis-Type-Cylinders-4-480x480.webp 480w\" sizes=\"(min-width: 0px) and (max-width: 480px) 480px, (min-width: 481px) 800px, 100vw\" \/><\/p>\n<p>V\u00fdhody:<br \/>\n1. Zv\u00fd\u0161en\u00e1 produktivita: Efekt\u00edvny v\u00fdkon hydraulick\u00e9ho valca pom\u00e1ha optimalizova\u0165 prev\u00e1dzku po\u013enohospod\u00e1rskych strojov, \u010do vedie k zv\u00fd\u0161enej produktivite a zlep\u0161enej \u00fa\u010dinnosti.<br \/>\n2. Zlep\u0161en\u00e1 stabilita: V\u010faka pokro\u010dilej kon\u0161trukcii tento hydraulick\u00fd valec poskytuje zv\u00fd\u0161en\u00fa stabilitu a ovl\u00e1danie, \u010do umo\u017e\u0148uje presn\u00fa a bezpe\u010dn\u00fa prev\u00e1dzku pri r\u00f4znych po\u013enohospod\u00e1rskych \u00faloh\u00e1ch.<br \/>\n3. Dlh\u00e1 \u017eivotnos\u0165: Vysokokvalitn\u00e1 kon\u0161trukcia a komponenty zabezpe\u010duj\u00fa dlh\u00fa \u017eivotnos\u0165 hydraulick\u00e9ho valca, \u010d\u00edm sa zni\u017euje potreba \u010dast\u00fdch v\u00fdmen a \u00fadr\u017eby, a t\u00fdm sa \u0161etr\u00ed \u010das a n\u00e1klady.<br \/>\n4. Spo\u013eahliv\u00fd v\u00fdkon: Valec prech\u00e1dza pr\u00edsnymi postupmi zabezpe\u010denia kvality, aby sa zaru\u010dil spo\u013eahliv\u00fd v\u00fdkon a aby sp\u013a\u0148al n\u00e1ro\u010dn\u00e9 po\u017eiadavky po\u013enohospod\u00e1rskych aplik\u00e1ci\u00ed.<\/p>\n<p>Z\u00e1verom mo\u017eno poveda\u0165, \u017ee zv\u00e1ran\u00fd hydraulick\u00fd valec pre po\u013enohospod\u00e1rske stroje s certifik\u00e1ciou Quality Assurance je v\u00fdnimo\u010dn\u00fd hydraulick\u00fd valec, ktor\u00fd pon\u00faka spo\u013eahliv\u00fd a efekt\u00edvny v\u00fdkon v po\u013enohospod\u00e1rskych strojoch. V\u010faka svojej robustnej kon\u0161trukcii, presn\u00e9mu in\u017einierstvu a v\u0161estrann\u00e9mu pou\u017eitiu je tento hydraulick\u00fd valec ide\u00e1lnou vo\u013ebou pre optimaliz\u00e1ciu po\u013enohospod\u00e1rskych oper\u00e1ci\u00ed.<\/p>\n<p>Na\u0161a spolo\u010dnos\u0165 predstavuje zv\u00e1ran\u00fd hydraulick\u00fd valec pre \u0165aha\u010de s certifik\u00e1ciou kvality, ktor\u00fd je navrhnut\u00fd \u0161peci\u00e1lne pre po\u013enohospod\u00e1rske stroje. Tento hydraulick\u00fd valec je \u00faplne nov\u00fd a dod\u00e1va sa s ro\u010dnou z\u00e1rukou. Je nevyhnutn\u00fd pre opravovne strojov, farmy, energetick\u00fd a bansk\u00fd sektor, v\u00fdrobu strojov a stroj\u00e1rne. Hydraulick\u00fd valec je zn\u00e1my svojou hmotnos\u0165ou 104 kg a je to \u0161tandardn\u00fd piestov\u00fd valec poh\u00e1\u0148an\u00fd hydraulickou energiou. M\u00e1 robustn\u00e9 oce\u013eov\u00e9 telo a dok\u00e1\u017ee doda\u0165 maxim\u00e1lny \u0165ah 3000 a \u0165aha\u0165 a\u017e 20 ton. Valec je nastavite\u013en\u00fd a dod\u00e1va sa v elegantnej \u010diernej farbe, starostlivo zabalen\u00fd v \u017eeleznom puzdre, preglejkovom puzdre alebo kart\u00f3novej krabici.<\/p>\n<h2>V\u00fdhody nastavite\u013en\u00fdch valcov s vidlicov\u00fdm uchyten\u00edm<\/h2>\n<p>Nastavite\u013en\u00e9 valce s vidlicov\u00fdm uchyten\u00edm s\u00fa d\u00f4le\u017eitou s\u00fa\u010das\u0165ou hydraulick\u00fdch syst\u00e9mov v po\u013enohospod\u00e1rskych strojoch vr\u00e1tane traktorov a pr\u00edvesov. Tieto valce maj\u00fa oproti in\u00fdm typom valcov nieko\u013eko v\u00fdhod, vr\u00e1tane ich nastavite\u013enosti, odolnosti a jednoduchej \u00fadr\u017eby. V tomto \u010dl\u00e1nku sa podrobne budeme venova\u0165 r\u00f4znym v\u00fdhod\u00e1m nastavite\u013en\u00fdch valcov s vidlicov\u00fdm uchyten\u00edm.<\/p>\n<h3>1. Nastavite\u013en\u00e1 d\u013a\u017eka<\/h3>\n<p>Jednou z hlavn\u00fdch v\u00fdhod nastavite\u013en\u00fdch valcov s vidlicov\u00fdm uchyten\u00edm je ich mo\u017enos\u0165 nastavenia na r\u00f4zne d\u013a\u017eky. T\u00e1to nastavite\u013enos\u0165 ich rob\u00ed ide\u00e1lnymi na pou\u017eitie v po\u013enohospod\u00e1rskych strojoch, kde je potrebn\u00e9 meni\u0165 d\u013a\u017eku valca, aby sa prisp\u00f4sobil r\u00f4znym \u00faloh\u00e1m. Napr\u00edklad, valec m\u00f4\u017ee by\u0165 potrebn\u00e9 pred\u013a\u017ei\u0165 na zdvihnutie \u0165a\u017ek\u00e9ho predmetu alebo zasun\u00fa\u0165 na presun predmetu na in\u00e9 miesto. Mo\u017enos\u0165 nastavenia d\u013a\u017eky valca umo\u017e\u0148uje stroju vykon\u00e1va\u0165 \u0161irok\u00fa \u0161k\u00e1lu \u00faloh, v\u010faka \u010domu je v\u0161estrannej\u0161\u00ed a efekt\u00edvnej\u0161\u00ed.<\/p>\n<h3>2. Trvanlivos\u0165<\/h3>\n<p>\u010eal\u0161ou v\u00fdhodou nastavite\u013en\u00fdch valcov s vidlicov\u00fdm uchyten\u00edm je ich odolnos\u0165. Tieto valce s\u00fa zvy\u010dajne vyroben\u00e9 z vysoko kvalitn\u00fdch materi\u00e1lov, ako je oce\u013e alebo hlin\u00edk, v\u010faka \u010domu s\u00fa pevn\u00e9 a odoln\u00e9 vo\u010di opotrebovaniu. Zv\u00e1ran\u00e1 kon\u0161trukcia t\u00fdchto valcov navy\u0161e zais\u0165uje, \u017ee s\u00fa schopn\u00e9 odola\u0165 vysok\u00fdm tlakom a sil\u00e1m, s ktor\u00fdmi sa \u010dasto stret\u00e1vame v po\u013enohospod\u00e1rskych strojoch. V\u010faka tomu maj\u00fa nastavite\u013en\u00e9 valce s vidlicov\u00fdm uchyten\u00edm dlh\u0161iu \u017eivotnos\u0165 ako in\u00e9 typy valcov, \u010do zni\u017euje n\u00e1klady na \u00fadr\u017ebu a prestoje.<\/p>\n<h3>3. Jednoduch\u00e1 \u00fadr\u017eba<\/h3>\n<p>Nastavite\u013en\u00e9 valce s vidlicov\u00fdm uz\u00e1verom sa tie\u017e \u013eahko udr\u017eiavaj\u00fa. Ke\u010f\u017ee s\u00fa navrhnut\u00e9 tak, aby boli nastavite\u013en\u00e9, zvy\u010dajne sa \u013eah\u0161ie rozoberaj\u00fa a op\u00e4tovne montuj\u00fa ako in\u00e9 typy valcov. Okrem toho, kon\u0161trukcia t\u00fdchto valcov umo\u017e\u0148uje jednoduch\u00fd pr\u00edstup k vn\u00fatorn\u00fdm komponentom, \u010do u\u013eah\u010duje diagnostiku a opravu ak\u00fdchko\u013evek probl\u00e9mov, ktor\u00e9 m\u00f4\u017eu vznikn\u00fa\u0165. T\u00e1to jednoduch\u00e1 \u00fadr\u017eba zabezpe\u010duje, \u017ee strojov\u00e9 zariadenie zostane v dobrom prev\u00e1dzkovom stave a minimalizuje prestoje.<\/p>\n<h3>4. Zabezpe\u010denie kvality<\/h3>\n<p>Pri v\u00fdbere hydraulick\u00fdch valcov pre po\u013enohospod\u00e1rske stroje je d\u00f4le\u017eit\u00e9 vybra\u0165 si valce, ktor\u00e9 boli vyroben\u00e9 pod\u013ea vysok\u00fdch \u0161tandardov kvality. Nastavite\u013en\u00e9 valce s vidlicov\u00fdm uchyten\u00edm sa \u010dasto vyr\u00e1baj\u00fa pod\u013ea pr\u00edsnych noriem kontroly kvality, \u010do zabezpe\u010duje, \u017ee sp\u013a\u0148aj\u00fa potrebn\u00e9 \u0161pecifik\u00e1cie a s\u00fa schopn\u00e9 spo\u013eahlivo fungova\u0165 v ter\u00e9ne. Toto zabezpe\u010denie kvality je obzvl\u00e1\u0161\u0165 d\u00f4le\u017eit\u00e9 v po\u013enohospod\u00e1rskych strojoch, kde prestoje strojov m\u00f4\u017eu ma\u0165 v\u00fdznamn\u00fd vplyv na produktivitu a ziskovos\u0165.<\/p>\n<h3>Z\u00e1ver<\/h3>\n<p>Z\u00e1verom mo\u017eno poveda\u0165, \u017ee nastavite\u013en\u00e9 valce s vidlicov\u00fdm uchyten\u00edm pon\u00fakaj\u00fa oproti in\u00fdm typom valcov v po\u013enohospod\u00e1rskych strojoch nieko\u013eko v\u00fdhod. Ich nastavite\u013enos\u0165, odolnos\u0165, jednoduch\u00e1 \u00fadr\u017eba a zabezpe\u010denie kvality z nich robia ide\u00e1lnu vo\u013ebu pre pou\u017eitie v traktoroch, pr\u00edvesoch a in\u00fdch po\u013enohospod\u00e1rskych strojoch. Ak h\u013ead\u00e1te hydraulick\u00e9 valce pre svoje po\u013enohospod\u00e1rske stroje, ur\u010dite zv\u00e1\u017ete nastavite\u013en\u00e9 valce s vidlicov\u00fdm uchyten\u00edm, aby ste zabezpe\u010dili spo\u013eahliv\u00fd a efekt\u00edvny v\u00fdkon v\u00e1\u0161ho stroja.<img decoding=\"async\" src=\"https:\/\/fmp-components.com\/wp-content\/uploads\/2024\/12\/Adjustable-Clevis-Type-Cylinders5.webp\" alt=\"Nastavite\u013en\u00fd valec typu Clevis\" width=\"800\" title=\"\"><\/p>\n<h2>Pou\u017eitie nastavite\u013en\u00fdch valcov s vidlicov\u00fdm uchyten\u00edm<\/h2>\n<p>Nastavite\u013en\u00e9 valce s vidlicov\u00fdm uchyten\u00edm s\u00fa ve\u013emi v\u0161estrann\u00e9 a maj\u00fa viacero pou\u017eit\u00ed v r\u00f4znych odvetviach. Tu s\u00fa niektor\u00e9 z najbe\u017enej\u0161\u00edch pou\u017eit\u00ed nastavite\u013en\u00fdch valcov s vidlicov\u00fdm uchyten\u00edm:<\/p>\n<h3>1. Po\u013enohospod\u00e1rske stroje<\/h3>\n<p>Nastavite\u013en\u00e9 valce s vidlicov\u00fdm z\u00e1vitom sa \u0161iroko pou\u017e\u00edvaj\u00fa v po\u013enohospod\u00e1rskych strojoch. Zv\u00e1ran\u00fd hydraulick\u00fd valec pre po\u013enohospod\u00e1rske stroje so zabezpe\u010den\u00edm kvality je navrhnut\u00fd tak, aby poskytoval vysok\u00fd v\u00fdkon a dlhotrvaj\u00facu slu\u017ebu v n\u00e1ro\u010dn\u00fdch a drsn\u00fdch podmienkach. Tieto valce s\u00fa schopn\u00e9 zvl\u00e1dnu\u0165 \u0165a\u017ek\u00e9 bremen\u00e1 a je mo\u017en\u00e9 ich prisp\u00f4sobi\u0165 \u0161pecifick\u00fdm po\u017eiadavk\u00e1m r\u00f4znych po\u013enohospod\u00e1rskych aplik\u00e1ci\u00ed.<\/p>\n<h4>1.1 Traktory<\/h4>\n<p>Traktory s\u00fa neoddelite\u013enou s\u00fa\u010das\u0165ou modern\u00e9ho po\u013enohospod\u00e1rstva. Pou\u017e\u00edvaj\u00fa sa na orbu, sadenie a zber plod\u00edn. Nastavite\u013en\u00e9 vidlicov\u00e9 valce sa v traktoroch pou\u017e\u00edvaj\u00fa na presn\u00e9 ovl\u00e1danie pripojen\u00e9ho n\u00e1radia. Tieto valce sa pou\u017e\u00edvaj\u00fa na zdv\u00edhanie a sp\u00fa\u0161\u0165anie n\u00e1radia, nastavenie jeho uhla a ovl\u00e1danie h\u013abky.<\/p>\n<h4>1.2 Zberov\u00e9 zariadenia<\/h4>\n<p>Zberacie zariadenia, ako s\u00fa kombajny a zbera\u010de, vy\u017eaduj\u00fa presn\u00e9 ovl\u00e1danie svojich rezac\u00edch hl\u00e1v. V t\u00fdchto strojoch sa pou\u017e\u00edvaj\u00fa nastavite\u013en\u00e9 valce s vidlicov\u00fdm uhlom na ovl\u00e1danie v\u00fd\u0161ky a uhla rezac\u00edch hl\u00e1v. Tieto valce sa tie\u017e pou\u017e\u00edvaj\u00fa na nastavenie r\u00fdchlosti rezac\u00edch hl\u00e1v s cie\u013eom optimalizova\u0165 proces zberu.<\/p>\n<h3>2. Stavebn\u00e9 stroje<\/h3>\n<p>Nastavite\u013en\u00e9 valce s vidlicov\u00fdm uz\u00e1verom sa tie\u017e be\u017ene pou\u017e\u00edvaj\u00fa v stavebn\u00fdch strojoch. Tieto valce s\u00fa navrhnut\u00e9 tak, aby poskytovali vysok\u00fa silu a presn\u00e9 ovl\u00e1danie v n\u00e1ro\u010dn\u00fdch stavebn\u00fdch prostrediach.<\/p>\n<h4>2.1 R\u00fdpadl\u00e1<\/h4>\n<p>R\u00fdpadl\u00e1 sa pou\u017e\u00edvaj\u00fa na kopanie, b\u00faranie a zemn\u00e9 pr\u00e1ce. Nastavite\u013en\u00e9 valce s vidlicov\u00fdm uchyten\u00edm sa v r\u00fdpadl\u00e1ch pou\u017e\u00edvaj\u00fa na ovl\u00e1danie pohybov v\u00fdlo\u017en\u00edka, ramena a ly\u017eice. Tieto valce s\u00fa navrhnut\u00e9 tak, aby zvl\u00e1dali \u0165a\u017ek\u00e9 bremen\u00e1 a poskytovali presn\u00fa kontrolu nad pohybmi r\u00fdpadla.<\/p>\n<h4>2.2 \u017deriavy<\/h4>\n<p>\u017deriavy sa pou\u017e\u00edvaj\u00fa na zdv\u00edhanie \u0165a\u017ek\u00fdch bremien na stavenisk\u00e1ch. V \u017eeriavoch sa na ovl\u00e1danie pohybov v\u00fdlo\u017en\u00edka pou\u017e\u00edvaj\u00fa nastavite\u013en\u00e9 valce s vidlicov\u00fdm uchyten\u00edm. Tieto valce s\u00fa navrhnut\u00e9 tak, aby poskytovali vysok\u00fa silu a presn\u00e9 ovl\u00e1danie pohybov \u017eeriavu.<\/p>\n<h3>3. Priemyseln\u00e9 stroje<\/h3>\n<p>Nastavite\u013en\u00e9 valce s vidlicov\u00fdm uchyten\u00edm sa pou\u017e\u00edvaj\u00fa aj v r\u00f4znych priemyseln\u00fdch aplik\u00e1ci\u00e1ch. Tieto valce s\u00fa navrhnut\u00e9 tak, aby poskytovali presn\u00e9 ovl\u00e1danie pohybov strojov a zabezpe\u010dovali vysok\u00fd v\u00fdkon a \u00fa\u010dinnos\u0165.<\/p>\n<h4>3.1 V\u00fdrobn\u00e9 zariadenia<\/h4>\n<p>V\u00fdrobn\u00e9 zariadenia, ako s\u00fa lisy a raznice, vy\u017eaduj\u00fa presn\u00fa kontrolu nad svojimi pohybmi. V t\u00fdchto strojoch sa pou\u017e\u00edvaj\u00fa nastavite\u013en\u00e9 valce s vidlicov\u00fdm uchyten\u00edm, ktor\u00e9 zabezpe\u010duj\u00fa presn\u00fa kontrolu nad ich pohybmi. Tieto valce sa tie\u017e pou\u017e\u00edvaj\u00fa na vyv\u00edjanie vysokej sily na v\u00fdrobn\u00fd proces, \u010d\u00edm sa zabezpe\u010duj\u00fa vysoko kvalitn\u00e9 v\u00fdrobky.<\/p>\n<h4>3.2 Baliace zariadenia<\/h4>\n<p>Baliace zariadenia, ako s\u00fa plniace stroje a baliace stroje, vy\u017eaduj\u00fa presn\u00fa kontrolu nad svojimi pohybmi. V t\u00fdchto strojoch sa pou\u017e\u00edvaj\u00fa nastavite\u013en\u00e9 valce s vidlicov\u00fdm uchyten\u00edm, ktor\u00e9 zabezpe\u010duj\u00fa presn\u00fa kontrolu nad ich pohybmi. Tieto valce sa tie\u017e pou\u017e\u00edvaj\u00fa na vyv\u00edjanie vysokej sily na baliaci proces, \u010d\u00edm sa zabezpe\u010duje vysok\u00e1 kvalita balenia.<\/p>\n<p>Z\u00e1verom mo\u017eno poveda\u0165, \u017ee nastavite\u013en\u00e9 valce s vidlicov\u00fdm uchyten\u00edm maj\u00fa mnohostrann\u00e9 uplatnenie v r\u00f4znych odvetviach. Tieto valce s\u00fa navrhnut\u00e9 tak, aby poskytovali vysok\u00fd v\u00fdkon, presn\u00e9 ovl\u00e1danie a dlhotrvaj\u00facu slu\u017ebu v n\u00e1ro\u010dn\u00fdch a n\u00e1ro\u010dn\u00fdch prostrediach. Zabezpe\u010denie kvality Zv\u00e1ran\u00fd hydraulick\u00fd valec pre po\u013enohospod\u00e1rske stroje s pr\u00edvesom a traktorom je jedn\u00fdm z najbe\u017enej\u0161ie pou\u017e\u00edvan\u00fdch nastavite\u013en\u00fdch valcov s vidlicov\u00fdm uchyten\u00edm v po\u013enohospod\u00e1rskych strojoch a poskytuje vysok\u00fd v\u00fdkon a dlhotrvaj\u00facu slu\u017ebu.<img decoding=\"async\" src=\"https:\/\/fmp-components.com\/wp-content\/uploads\/2024\/12\/Application-of-Adjustable-Clevis-Type-Cylinders.webp\" alt=\"Nastavite\u013en\u00fd valec typu Clevis\" width=\"800\" title=\"\"><\/p>\n<h3>O hydraulickom valci FMP<\/h3>\n<p>FMP je d\u00f4veryhodn\u00e1 spolo\u010dnos\u0165, ktor\u00e1 sa \u0161pecializuje na predaj a servis dielov a kompletn\u00fdch strojov pre stavebn\u00e9 stroje. Na\u0161e hydraulick\u00e9 valce s\u00fa navrhnut\u00e9 a vyroben\u00e9 tak, aby sp\u013a\u0148ali vysok\u00e9 po\u017eiadavky stavebn\u00e9ho priemyslu. Pon\u00fakame \u0161irok\u00fd sortiment produktov, ktor\u00fd zah\u0155\u0148a r\u00f4zne typy hydraulick\u00fdch valcov, ako s\u00fa nastavite\u013en\u00e9 valce s vidlicov\u00fdm uchyten\u00edm, zv\u00e1ran\u00e9 valce, teleskopick\u00e9 valce a mnoho \u010fal\u0161\u00edch.<\/p>\n<p>Tu je nieko\u013eko d\u00f4vodov, pre\u010do by ste si mali vybra\u0165 hydraulick\u00fd valec FMP:<\/p>\n<ol>\n<li><strong>Vysokokvalitn\u00e9 komponenty:<\/strong> Na\u0161e hydraulick\u00e9 valce s\u00fa vyroben\u00e9 z prvotriednych komponentov, ktor\u00e9 sp\u013a\u0148aj\u00fa pr\u00edsne normy kvality. Materi\u00e1ly z\u00edskavame od spo\u013eahliv\u00fdch dod\u00e1vate\u013eov doma aj v zahrani\u010d\u00ed, aby sme zabezpe\u010dili najvy\u0161\u0161iu kvalitu na\u0161ich v\u00fdrobkov.<\/li>\n<li><strong>Spo\u013eahliv\u00fd v\u00fdkon:<\/strong> Pou\u017e\u00edvame pokro\u010dil\u00e9 v\u00fdrobn\u00e9 techniky a technol\u00f3gie, aby sme zabezpe\u010dili spo\u013eahliv\u00fd v\u00fdkon na\u0161ich hydraulick\u00fdch valcov aj v t\u00fdch najn\u00e1ro\u010dnej\u0161\u00edch prostrediach.<\/li>\n<li><strong>Prisp\u00f4sobenie:<\/strong> Pon\u00fakame slu\u017eby prisp\u00f4sobenia, aby sme splnili \u0161pecifick\u00e9 potreby na\u0161ich z\u00e1kazn\u00edkov. N\u00e1\u0161 t\u00edm sk\u00fasen\u00fdch in\u017einierov dok\u00e1\u017ee navrhn\u00fa\u0165 a vyrobi\u0165 hydraulick\u00e9 valce, ktor\u00e9 presne sp\u013a\u0148aj\u00fa va\u0161e po\u017eiadavky.<\/li>\n<li><strong>Konkuren\u010dn\u00e9 ceny:<\/strong> Na\u0161e produkty pon\u00fakame za konkurencieschopn\u00e9 ceny bez kompromisov v kvalite. Na\u0161\u00edm cie\u013eom je poskytova\u0165 na\u0161im z\u00e1kazn\u00edkom cenovo v\u00fdhodn\u00e9 rie\u0161enia.<\/li>\n<li><strong>Vynikaj\u00faci z\u00e1kazn\u00edcky servis:<\/strong> N\u00e1\u0161 obchodn\u00fd t\u00edm m\u00e1 znalosti a sk\u00fasenosti v odvetv\u00ed stavebn\u00fdch strojov. M\u00f4\u017ee poskytn\u00fa\u0165 profesion\u00e1lne poradenstvo oh\u013eadom produktov a inteligentn\u00e9 n\u00e1vrhy na n\u00e1kup. M\u00e1me tie\u017e efekt\u00edvny logistick\u00fd distribu\u010dn\u00fd syst\u00e9m, ktor\u00fd zabezpe\u010duje, \u017ee z\u00e1kazn\u00edci dostan\u00fa po\u017eadovan\u00e9 diely v\u010das a presne.<\/li>\n<\/ol>\n<p>Kontaktujte n\u00e1s a dozviete sa viac o na\u0161ich hydraulick\u00fdch valcoch a o tom, ako v\u00e1m m\u00f4\u017eeme pom\u00f4c\u0165 s va\u0161imi potrebami v oblasti stavebn\u00fdch strojov.<\/p>\n<p><img decoding=\"async\" src=\"https:\/\/fmp-components.com\/wp-content\/uploads\/2024\/12\/Adjustable-Clevis-Type-Cylinders-6.webp\" alt=\"Nastavite\u013en\u00fd valec typu Clevis\" width=\"814\" title=\"\"><\/p>\n<h3>O hydraulickom valci FMP<\/h3>\n<p>FMP je d\u00f4veryhodn\u00e1 spolo\u010dnos\u0165, ktor\u00e1 sa \u0161pecializuje na predaj a servis dielov a kompletn\u00fdch strojov pre stavebn\u00e9 stroje. Na\u0161e hydraulick\u00e9 valce s\u00fa navrhnut\u00e9 a vyroben\u00e9 tak, aby sp\u013a\u0148ali vysok\u00e9 po\u017eiadavky stavebn\u00e9ho priemyslu. Pon\u00fakame \u0161irok\u00fd sortiment produktov, ktor\u00fd zah\u0155\u0148a r\u00f4zne typy hydraulick\u00fdch valcov, ako s\u00fa nastavite\u013en\u00e9 valce s vidlicov\u00fdm uchyten\u00edm, zv\u00e1ran\u00e9 valce, teleskopick\u00e9 valce a mnoho \u010fal\u0161\u00edch.<\/p>\n<p>Tu je nieko\u013eko d\u00f4vodov, pre\u010do by ste si mali vybra\u0165 hydraulick\u00fd valec FMP:<\/p>\n<ol>\n<li><strong>Vysokokvalitn\u00e9 komponenty:<\/strong> Na\u0161e hydraulick\u00e9 valce s\u00fa vyroben\u00e9 z prvotriednych komponentov, ktor\u00e9 sp\u013a\u0148aj\u00fa pr\u00edsne normy kvality. Materi\u00e1ly z\u00edskavame od spo\u013eahliv\u00fdch dod\u00e1vate\u013eov doma aj v zahrani\u010d\u00ed, aby sme zabezpe\u010dili najvy\u0161\u0161iu kvalitu na\u0161ich v\u00fdrobkov.<\/li>\n<li><strong>Spo\u013eahliv\u00fd v\u00fdkon:<\/strong> Pou\u017e\u00edvame pokro\u010dil\u00e9 v\u00fdrobn\u00e9 techniky a technol\u00f3gie, aby sme zabezpe\u010dili spo\u013eahliv\u00fd v\u00fdkon na\u0161ich hydraulick\u00fdch valcov aj v t\u00fdch najn\u00e1ro\u010dnej\u0161\u00edch prostrediach.<\/li>\n<li><strong>Prisp\u00f4sobenie:<\/strong> Pon\u00fakame slu\u017eby prisp\u00f4sobenia, aby sme splnili \u0161pecifick\u00e9 potreby na\u0161ich z\u00e1kazn\u00edkov. N\u00e1\u0161 t\u00edm sk\u00fasen\u00fdch in\u017einierov dok\u00e1\u017ee navrhn\u00fa\u0165 a vyrobi\u0165 hydraulick\u00e9 valce, ktor\u00e9 presne sp\u013a\u0148aj\u00fa va\u0161e po\u017eiadavky.<\/li>\n<li><strong>Konkuren\u010dn\u00e9 ceny:<\/strong> Na\u0161e produkty pon\u00fakame za konkurencieschopn\u00e9 ceny bez kompromisov v kvalite. Na\u0161\u00edm cie\u013eom je poskytova\u0165 na\u0161im z\u00e1kazn\u00edkom cenovo v\u00fdhodn\u00e9 rie\u0161enia.<\/li>\n<li><strong>Vynikaj\u00faci z\u00e1kazn\u00edcky servis:<\/strong> N\u00e1\u0161 obchodn\u00fd t\u00edm m\u00e1 znalosti a sk\u00fasenosti v odvetv\u00ed stavebn\u00fdch strojov. M\u00f4\u017ee poskytn\u00fa\u0165 profesion\u00e1lne poradenstvo oh\u013eadom produktov a inteligentn\u00e9 n\u00e1vrhy na n\u00e1kup. M\u00e1me tie\u017e efekt\u00edvny logistick\u00fd distribu\u010dn\u00fd syst\u00e9m, ktor\u00fd zabezpe\u010duje, \u017ee z\u00e1kazn\u00edci dostan\u00fa po\u017eadovan\u00e9 diely v\u010das a presne.<\/li>\n<\/ol>\n<p>Kontaktujte n\u00e1s a dozviete sa viac o na\u0161ich hydraulick\u00fdch valcoch a o tom, ako v\u00e1m m\u00f4\u017eeme pom\u00f4c\u0165 s va\u0161imi potrebami v oblasti stavebn\u00fdch strojov.<\/p>\n<p><img decoding=\"async\" src=\"https:\/\/fmp-components.com\/wp-content\/uploads\/2024\/12\/Adjustable-Clevis-Type-Cylinders-6.webp\" alt=\"Nastavite\u013en\u00fd valec typu Clevis\" width=\"814\" title=\"\"><\/p>\n<p>Autor\uff1a CX<\/p>","protected":false},"excerpt":{"rendered":"<p>The Quality Assurance Trailer Tractor Welded Hydraulic Cylinder for Agricultural Machinery is a high-performance and reliable hydraulic cylinder specifically designed for use in agricultural machinery. With its robust construction and advanced features, this hydraulic cylinder ensures smooth and efficient operation in various agricultural applications. Key Features: 1. Robust Construction: The hydraulic cylinder is built with [&hellip;]<\/p>","protected":false},"featured_media":1340,"comment_status":"closed","ping_status":"closed","template":"","meta":{"_et_pb_use_builder":"","_et_pb_old_content":"","_et_gb_content_width":""},"product_brand":[],"product_cat":[39],"product_tag":[41,34],"class_list":{"0":"post-1352","1":"product","2":"type-product","3":"status-publish","4":"has-post-thumbnail","6":"product_cat-adjustable-clevis-type-cylinders","7":"product_tag-adjustable-clevis-type-cylinders","8":"product_tag-hydraulic-cylinder","10":"first","11":"instock","12":"product-type-simple"},"_links":{"self":[{"href":"https:\/\/fmp-components.com\/sk\/wp-json\/wp\/v2\/product\/1352","targetHints":{"allow":["GET"]}}],"collection":[{"href":"https:\/\/fmp-components.com\/sk\/wp-json\/wp\/v2\/product"}],"about":[{"href":"https:\/\/fmp-components.com\/sk\/wp-json\/wp\/v2\/types\/product"}],"replies":[{"embeddable":true,"href":"https:\/\/fmp-components.com\/sk\/wp-json\/wp\/v2\/comments?post=1352"}],"wp:featuredmedia":[{"embeddable":true,"href":"https:\/\/fmp-components.com\/sk\/wp-json\/wp\/v2\/media\/1340"}],"wp:attachment":[{"href":"https:\/\/fmp-components.com\/sk\/wp-json\/wp\/v2\/media?parent=1352"}],"wp:term":[{"taxonomy":"product_brand","embeddable":true,"href":"https:\/\/fmp-components.com\/sk\/wp-json\/wp\/v2\/product_brand?post=1352"},{"taxonomy":"product_cat","embeddable":true,"href":"https:\/\/fmp-components.com\/sk\/wp-json\/wp\/v2\/product_cat?post=1352"},{"taxonomy":"product_tag","embeddable":true,"href":"https:\/\/fmp-components.com\/sk\/wp-json\/wp\/v2\/product_tag?post=1352"}],"curies":[{"name":"pracovn\u00fd list","href":"https:\/\/api.w.org\/{rel}","templated":true}]}}