{"id":1348,"date":"2024-12-23T02:18:07","date_gmt":"2024-12-23T02:18:07","guid":{"rendered":"https:\/\/fmp-components.com\/product\/professional-adjustable-double-acting-cylinder-tractor-hydraulic-cylinder\/"},"modified":"2024-12-23T03:50:01","modified_gmt":"2024-12-23T03:50:01","slug":"professional-adjustable-double-acting-cylinder-tractor-hydraulic-cylinder","status":"publish","type":"product","link":"https:\/\/fmp-components.com\/sk\/product\/professional-adjustable-double-acting-cylinder-tractor-hydraulic-cylinder\/","title":{"rendered":"Profesion\u00e1lny nastavite\u013en\u00fd dvoj\u010dinn\u00fd hydraulick\u00fd valec traktora"},"content":{"rendered":"<p>Profesion\u00e1lny nastavite\u013en\u00fd dvoj\u010dinn\u00fd hydraulick\u00fd valec pre traktory je vysoko kvalitn\u00fd hydraulick\u00fd valec navrhnut\u00fd tak, aby sp\u013a\u0148al po\u017eiadavky modernej po\u013enohospod\u00e1rskej techniky. Tento valec je vybaven\u00fd dvoj\u010dinnou technol\u00f3giou, ktor\u00e1 umo\u017e\u0148uje plynul\u00fd a spo\u013eahliv\u00fd chod aj v t\u00fdch naj\u0165a\u017e\u0161\u00edch podmienkach.<\/p>\n<p>Tento hydraulick\u00fd valec je vyroben\u00fd z vysoko kvalitn\u00fdch materi\u00e1lov a je navrhnut\u00fd tak, aby vydr\u017eal roky intenz\u00edvneho pou\u017e\u00edvania. M\u00e1 nastavite\u013en\u00fa kon\u0161trukciu, ktor\u00e1 umo\u017e\u0148uje prisp\u00f4sobenie \u0161pecifick\u00fdm potreb\u00e1m v\u00e1\u0161ho zariadenia, a jeho kompaktn\u00e9 rozmery u\u013eah\u010duj\u00fa in\u0161tal\u00e1ciu a \u00fadr\u017ebu.<\/p>\n<p>\u010ci u\u017e pracujete na poli alebo v dielni, profesion\u00e1lny nastavite\u013en\u00fd dvoj\u010dinn\u00fd hydraulick\u00fd valec pre traktor je perfektnou vo\u013ebou pre ak\u00e9ko\u013evek po\u013enohospod\u00e1rske pou\u017eitie. Ak teda h\u013ead\u00e1te spo\u013eahliv\u00fd a vysoko v\u00fdkonn\u00fd hydraulick\u00fd valec pre svoje zariadenie, tento \u0161pi\u010dkov\u00fd produkt je pre v\u00e1s tou spr\u00e1vnou vo\u013ebou.<\/p>\n<p><img loading=\"lazy\" decoding=\"async\" class=\"alignnone size-full wp-image-1334\" src=\"https:\/\/fmp-components.com\/wp-content\/uploads\/2024\/12\/Adjustable-Clevis-Type-Cylinders-4.webp\" alt=\"Nastavite\u013en\u00e9 valce s vidlicov\u00fdm z\u00e1vesom\" width=\"800\" height=\"800\" title=\"\" srcset=\"https:\/\/fmp-components.com\/wp-content\/uploads\/2024\/12\/Adjustable-Clevis-Type-Cylinders-4.webp 800w, https:\/\/fmp-components.com\/wp-content\/uploads\/2024\/12\/Adjustable-Clevis-Type-Cylinders-4-480x480.webp 480w\" sizes=\"(min-width: 0px) and (max-width: 480px) 480px, (min-width: 481px) 800px, 100vw\" \/><\/p>\n<p>Predstavujeme najnov\u0161\u00ed profesion\u00e1lny nastavite\u013en\u00fd dvoj\u010dinn\u00fd hydraulick\u00fd valec pre traktory, ktor\u00fd je ide\u00e1lny pre r\u00f4zne odvetvia vr\u00e1tane opravovn\u00ed strojov, fariem, energetiky a ban\u00edctva, v\u00fdroby strojov a tov\u00e1rn\u00ed. Tento \u0161pi\u010dkov\u00fd hydraulick\u00fd valec je vyroben\u00fd z vysoko kvalitnej ocele a m\u00e1 maxim\u00e1lny tlak 3000, v\u010faka \u010domu je vhodn\u00fd pre n\u00e1ro\u010dn\u00e9 prev\u00e1dzky. Ide o \u0161tandardn\u00fd piestov\u00fd valec, ovl\u00e1dan\u00fd hydraulicky, a dod\u00e1va sa v elegantnej \u010diernej farbe.<\/p>\n<table style=\"width: 100%;\" border=\"1\" width=\"100%\" cellspacing=\"0\" cellpadding=\"0\">\n<tbody>\n<tr>\n<th>N\u00e1zov produktu<\/th>\n<td>Zv\u00e1ran\u00fd hydraulick\u00fd valec s priechodn\u00fdm otvorom<\/td>\n<\/tr>\n<tr>\n<th>Stav<\/th>\n<td>Nov\u00e9<\/td>\n<\/tr>\n<tr>\n<th>Rok<\/th>\n<td>2023<\/td>\n<\/tr>\n<tr>\n<th>Hmotnos\u0165 (kg)<\/th>\n<td>104<\/td>\n<\/tr>\n<tr>\n<th>Typ<\/th>\n<td>Zv\u00e1ran\u00fd valec s priechodn\u00fdm otvorom<\/td>\n<\/tr>\n<tr>\n<th>Porty<\/th>\n<td>G\/SAE\/NPT\/M<\/td>\n<\/tr>\n<tr>\n<th>Maxim\u00e1lny \u0165ah<\/th>\n<td>20 ton<\/td>\n<\/tr>\n<tr>\n<th>Certifik\u00e1cia<\/th>\n<td>ISO 9001:2000<\/td>\n<\/tr>\n<tr>\n<th>Zabezpe\u010denie kvality<\/th>\n<td>V\u00fdstupn\u00e1 videoin\u0161pekcia, spr\u00e1va o sk\u00fa\u0161ke strojov<\/td>\n<\/tr>\n<tr>\n<th>Ve\u013ekos\u0165 otvoru<\/th>\n<td>2 \u2013 6 palcov<\/td>\n<\/tr>\n<tr>\n<th>Ve\u013ekos\u0165 ty\u010de<\/th>\n<td>1,125 \u2013 4 palce<\/td>\n<\/tr>\n<tr>\n<th>Ve\u013ekos\u0165 \u0165ahu<\/th>\n<td>4 \u2013 100 palcov<\/td>\n<\/tr>\n<tr>\n<th>Ve\u013ekos\u0165 \u010dapu<\/th>\n<td>0,5 \u2013 2 palce<\/td>\n<\/tr>\n<tr>\n<th>Z\u00e1kladn\u00e9 komponenty<\/th>\n<td>Lo\u017eisko, hydraulick\u00fd valec<\/td>\n<\/tr>\n<tr>\n<th>Z\u00e1ruka na z\u00e1kladn\u00e9 komponenty<\/th>\n<td>1 rok<\/td>\n<\/tr>\n<\/tbody>\n<\/table>\n<p>&nbsp;<\/p>\n<h2>V\u00fdhody nastavite\u013en\u00fdch valcov s vidlicov\u00fdm uchyten\u00edm<\/h2>\n<p>Nastavite\u013en\u00e9 valce s vidlicov\u00fdm uchyten\u00edm, zn\u00e1me aj ako traktorov\u00e9 hydraulick\u00e9 valce alebo profesion\u00e1lne nastavite\u013en\u00e9 dvoj\u010dinn\u00e9 valce, pon\u00fakaj\u00fa v r\u00f4znych aplik\u00e1ci\u00e1ch nieko\u013eko v\u00fdhod. Tieto valce s\u00fa navrhnut\u00e9 s jedine\u010dn\u00fdm uchyten\u00edm s vidlicov\u00fdm uchyten\u00edm, ktor\u00e9 umo\u017e\u0148uje flexibilitu a nastavite\u013enos\u0165 pod\u013ea \u0161pecifick\u00fdch po\u017eiadaviek. V tomto \u010dl\u00e1nku presk\u00famame v\u00fdhody nastavite\u013en\u00fdch valcov s vidlicov\u00fdm uchyten\u00edm a ich v\u00fdznam v r\u00f4znych odvetviach.<\/p>\n<p><strong>1. Zlep\u0161en\u00e1 prisp\u00f4sobivos\u0165:<\/strong> Nastavite\u013en\u00e9 uchytenie vidlicov\u00e9ho svorn\u00edka t\u00fdchto valcov poskytuje zv\u00fd\u0161en\u00fa prisp\u00f4sobivos\u0165, \u010do umo\u017e\u0148uje ich jednoduch\u00fa mont\u00e1\u017e a nastavenie tak, aby vyhovovali r\u00f4znym hydraulick\u00fdm syst\u00e9mom. T\u00e1to flexibilita umo\u017e\u0148uje pou\u017eitie valcov v \u0161irokej \u0161k\u00e1le aplik\u00e1ci\u00ed vr\u00e1tane po\u013enohospod\u00e1rskych strojov, stavebn\u00fdch zariaden\u00ed a priemyseln\u00fdch syst\u00e9mov.<\/p>\n<p><strong>2. Zlep\u0161en\u00fd v\u00fdkon:<\/strong> Nastavite\u013en\u00e9 valce s vidlicov\u00fdm uchyten\u00edm s\u00fa navrhnut\u00e9 tak, aby optimalizovali v\u00fdkon. V\u010faka nastavite\u013en\u00e9mu uchyteniu ich mo\u017eno jemne doladi\u0165, aby sa dosiahla po\u017eadovan\u00e1 d\u013a\u017eka zdvihu, sila a r\u00fdchlos\u0165. T\u00e1to schopnos\u0165 nastavi\u0165 polohu a uhol valca zais\u0165uje optim\u00e1lny v\u00fdkon a \u00fa\u010dinnos\u0165 pri r\u00f4znych \u00faloh\u00e1ch.<\/p>\n<p><strong>3. V\u0161estrannos\u0165 mo\u017enost\u00ed mont\u00e1\u017ee:<\/strong> Tieto valce pon\u00fakaj\u00fa v\u0161estrann\u00e9 mo\u017enosti mont\u00e1\u017ee, preto\u017ee ich mo\u017eno in\u0161talova\u0165 v r\u00f4znych orient\u00e1ci\u00e1ch a poloh\u00e1ch. Nastavite\u013en\u00e9 uchytenie vidlicov\u00fdm k\u013e\u00fa\u010dom umo\u017e\u0148uje jednoduch\u00fa in\u0161tal\u00e1ciu a pripojenie k in\u00fdm komponentom, ako s\u00fa hydraulick\u00e9 \u010derpadl\u00e1 alebo ventily. T\u00e1to v\u0161estrannos\u0165 umo\u017e\u0148uje prisp\u00f4sobi\u0165 sa valcom r\u00f4znym konfigur\u00e1ci\u00e1m syst\u00e9mu a maximalizova\u0165 ich pou\u017eite\u013enos\u0165.<\/p>\n<p><strong>4. Zv\u00fd\u0161en\u00e1 odolnos\u0165:<\/strong> Nastavite\u013en\u00e9 valce s vidlicov\u00fdm uchyten\u00edm s\u00fa skon\u0161truovan\u00e9 tak, aby odolali n\u00e1ro\u010dn\u00fdm aplik\u00e1ci\u00e1m. S\u00fa vyroben\u00e9 z vysoko kvalitn\u00fdch materi\u00e1lov, ako je kalen\u00e1 oce\u013e, \u010do zaru\u010duje ich odolnos\u0165 a dlh\u00fa \u017eivotnos\u0165. Okrem toho tieto valce prech\u00e1dzaj\u00fa pr\u00edsnymi testami, aby sa zabezpe\u010dila ich spo\u013eahlivos\u0165 a odolnos\u0165 vo\u010di opotrebovaniu, v\u010faka \u010domu s\u00fa vhodn\u00e9 do n\u00e1ro\u010dn\u00fdch prostred\u00ed.<\/p>\n<p><strong>5. Zv\u00fd\u0161en\u00e1 bezpe\u010dnos\u0165:<\/strong> Nastavite\u013en\u00e9 uchytenie vidlicov\u00fdm z\u00e1vesom poskytuje dodato\u010dn\u00e9 bezpe\u010dnostn\u00e9 prvky. Umo\u017e\u0148uje presn\u00e9 nastavenie a zarovnanie, \u010d\u00edm zni\u017euje riziko nespr\u00e1vneho zarovnania alebo poruchy po\u010das prev\u00e1dzky. To zais\u0165uje bezpe\u010dnos\u0165 zariadenia a obsluhy a minimalizuje mo\u017enos\u0165 neh\u00f4d alebo po\u0161kodenia.<\/p>\n<p><strong>6. Cenovo v\u00fdhodn\u00e9 rie\u0161enie:<\/strong> Nastavite\u013en\u00e9 valce s vidlicov\u00fdm uchyten\u00edm pon\u00fakaj\u00fa cenovo v\u00fdhodn\u00e9 rie\u0161enie pre r\u00f4zne odvetvia. Ich prisp\u00f4sobivos\u0165 a v\u0161estrannos\u0165 eliminuj\u00fa potrebu viacer\u00fdch typov valcov, \u010d\u00edm sa zni\u017euj\u00fa n\u00e1klady na skladovanie. Okrem toho ich dlh\u00e1 \u017eivotnos\u0165 a odolnos\u0165 ved\u00fa k ni\u017e\u0161\u00edm n\u00e1kladom na \u00fadr\u017ebu a v\u00fdmenu, v\u010faka \u010domu s\u00fa z dlhodob\u00e9ho h\u013eadiska ekonomickou vo\u013ebou.<\/p>\n<p>Celkovo vzat\u00e9, nastavite\u013en\u00e9 valce s vidlicov\u00fdm uz\u00e1verom, zn\u00e1me aj ako traktorov\u00e9 hydraulick\u00e9 valce alebo profesion\u00e1lne nastavite\u013en\u00e9 dvoj\u010dinn\u00e9 valce, poskytuj\u00fa mno\u017estvo v\u00fdhod, pokia\u013e ide o prisp\u00f4sobivos\u0165, v\u00fdkon, v\u0161estrannos\u0165, odolnos\u0165, bezpe\u010dnos\u0165 a n\u00e1kladov\u00fa efekt\u00edvnos\u0165. Ich jedine\u010dn\u00fd dizajn a nastavite\u013enos\u0165 z nich robia ide\u00e1lnu vo\u013ebu pre \u0161irok\u00fa \u0161k\u00e1lu aplik\u00e1ci\u00ed a zabezpe\u010duj\u00fa optim\u00e1lny v\u00fdkon a \u00fa\u010dinnos\u0165 hydraulick\u00fdch syst\u00e9mov.<\/p>\n<p><img decoding=\"async\" src=\"https:\/\/fmp-components.com\/wp-content\/uploads\/2024\/12\/Adjustable-Clevis-Type-Cylinders5.webp\" alt=\"Nastavite\u013en\u00fd valec typu Clevis\" width=\"800\" title=\"\"><\/p>\n<h2>Pou\u017eitie nastavite\u013en\u00fdch valcov s vidlicov\u00fdm uchyten\u00edm<\/h2>\n<p>Nastavite\u013en\u00e9 valce s vidlicov\u00fdm uchyten\u00edm, zn\u00e1me aj ako profesion\u00e1lne nastavite\u013en\u00e9 dvoj\u010dinn\u00e9 valce alebo traktorov\u00e9 hydraulick\u00e9 valce, s\u00fa v\u0161estrann\u00e9 hydraulick\u00e9 komponenty pou\u017e\u00edvan\u00e9 v \u0161irokej \u0161k\u00e1le aplik\u00e1ci\u00ed. V tomto \u010dl\u00e1nku presk\u00famame r\u00f4zne aplik\u00e1cie nastavite\u013en\u00fdch valcov s vidlicov\u00fdm uchyten\u00edm a ich v\u00fdhody.<\/p>\n<h3>1. Po\u013enohospod\u00e1rstvo a chov<\/h3>\n<p>Hydraulick\u00e9 valce traktorov sa \u0161iroko pou\u017e\u00edvaj\u00fa v po\u013enohospod\u00e1rstve a farm\u00e1rskych aplik\u00e1ci\u00e1ch. Pou\u017e\u00edvaj\u00fa sa na r\u00f4zne \u00falohy, ako je zdv\u00edhanie a sp\u00fa\u0161\u0165anie \u0165a\u017ek\u00fdch zariaden\u00ed, ovl\u00e1danie pohybu pluhov a in\u00e9ho po\u013enohospod\u00e1rskeho n\u00e1radia a pohon hydraulick\u00fdch motorov. Nastavite\u013en\u00fd valec s vidlicov\u00fdm z\u00e1vesom je pre tieto aplik\u00e1cie ob\u013e\u00fabenou vo\u013ebou, preto\u017ee umo\u017e\u0148uje jednoduch\u00e9 nastavenie d\u013a\u017eky zdvihu, \u010do je nevyhnutn\u00e9 pre presn\u00e9 ovl\u00e1danie hydraulick\u00e9ho syst\u00e9mu.<\/p>\n<h3>2. V\u00fdstavba<\/h3>\n<p>Nastavite\u013en\u00e9 valce s vidlicov\u00fdm z\u00e1vesom sa be\u017ene pou\u017e\u00edvaj\u00fa aj v stavebn\u00edctve. Pou\u017e\u00edvaj\u00fa sa na r\u00f4zne \u00falohy, ako je zdv\u00edhanie a sp\u00fa\u0161\u0165anie \u0165a\u017ek\u00fdch bremien, ovl\u00e1danie pohybu stavebn\u00fdch zariaden\u00ed a pohon hydraulick\u00fdch motorov. Nastavite\u013en\u00e1 d\u013a\u017eka zdvihu valca umo\u017e\u0148uje presn\u00e9 ovl\u00e1danie hydraulick\u00e9ho syst\u00e9mu, \u010do je nevyhnutn\u00e9 pre bezpe\u010dn\u00fa a efekt\u00edvnu prev\u00e1dzku stavebn\u00fdch zariaden\u00ed.<\/p>\n<h3>3. V\u00fdroba<\/h3>\n<p>V\u00fdrobn\u00e9 zariadenia sa \u010dasto spoliehaj\u00fa na hydraulick\u00e9 syst\u00e9my na pohon strojov a zariaden\u00ed. Nastavite\u013en\u00e9 valce s vidlicov\u00fdm uchyten\u00edm sa be\u017ene pou\u017e\u00edvaj\u00fa vo v\u00fdrobn\u00fdch aplik\u00e1ci\u00e1ch, ako je riadenie pohybu dopravn\u00edkov\u00fdch syst\u00e9mov, pohon mont\u00e1\u017enych liniek a zdv\u00edhanie a sp\u00fa\u0161\u0165anie \u0165a\u017ek\u00fdch bremien. Presn\u00e9 ovl\u00e1danie, ktor\u00e9 pon\u00fakaj\u00fa nastavite\u013en\u00e9 valce s vidlicov\u00fdm uchyten\u00edm, je nevyhnutn\u00e9 pre udr\u017eanie \u00fa\u010dinnosti a bezpe\u010dnosti t\u00fdchto syst\u00e9mov.<\/p>\n<h3>4. Automobilov\u00fd priemysel a doprava<\/h3>\n<p>Nastavite\u013en\u00e9 valce s vidlicov\u00fdm z\u00e1vesom sa pou\u017e\u00edvaj\u00fa aj v automobilovom a dopravnom priemysle. Pou\u017e\u00edvaj\u00fa sa na r\u00f4zne \u00falohy, ako je ovl\u00e1danie pohybu hydraulick\u00fdch b\u0155zd, pohon hydraulick\u00fdch zdvih\u00e1kov pre autobusy a in\u00e9 ve\u013ek\u00e9 vozidl\u00e1 a ovl\u00e1danie pohybu syst\u00e9mov riadenia. Nastavite\u013en\u00e1 d\u013a\u017eka zdvihu valca umo\u017e\u0148uje presn\u00e9 ovl\u00e1danie t\u00fdchto syst\u00e9mov a zais\u0165uje bezpe\u010dn\u00fa a efekt\u00edvnu prev\u00e1dzku.<\/p>\n<p>Z\u00e1verom mo\u017eno poveda\u0165, \u017ee nastavite\u013en\u00e9 valce s vidlicov\u00fdm uchyten\u00edm, zn\u00e1me aj ako profesion\u00e1lne nastavite\u013en\u00e9 dvoj\u010dinn\u00e9 valce alebo traktorov\u00e9 hydraulick\u00e9 valce, s\u00fa v\u0161estrann\u00e9 hydraulick\u00e9 komponenty pou\u017e\u00edvan\u00e9 v \u0161irokej \u0161k\u00e1le aplik\u00e1ci\u00ed. Ich nastavite\u013en\u00e1 d\u013a\u017eka zdvihu umo\u017e\u0148uje presn\u00e9 ovl\u00e1danie hydraulick\u00fdch syst\u00e9mov, v\u010faka \u010domu s\u00fa nevyhnutn\u00fdmi s\u00fa\u010das\u0165ami v mnoh\u00fdch odvetviach vr\u00e1tane po\u013enohospod\u00e1rstva, stavebn\u00edctva, v\u00fdroby, automobilov\u00e9ho priemyslu a dopravy.<img decoding=\"async\" src=\"https:\/\/fmp-components.com\/wp-content\/uploads\/2024\/12\/Application-of-Adjustable-Clevis-Type-Cylinders.webp\" alt=\"Nastavite\u013en\u00fd valec typu Clevis\" width=\"800\" title=\"\"><\/p>\n<h3>O spolo\u010dnosti FMP \u2013 Vysokokvalitn\u00e9 hydraulick\u00e9 valce pre stavebn\u00e9 stroje<\/h3>\n<p>H\u013ead\u00e1te vysokokvalitn\u00e9 hydraulick\u00e9 valce pre va\u0161e stavebn\u00e9 stroje? Neh\u013eadajte \u010falej ako FMP, popredn\u00e1 spolo\u010dnos\u0165 so s\u00eddlom v Taliansku, ktor\u00e1 sa \u0161pecializuje na predaj a servis dielov a kompletn\u00fdch strojov pre stavebn\u00e9 stroje.<\/p>\n<p>V spolo\u010dnosti FMP sa zav\u00e4zujeme poskytova\u0165 na\u0161im z\u00e1kazn\u00edkom spo\u013eahliv\u00e9 a efekt\u00edvne rie\u0161enia pre ich potreby v oblasti stavebn\u00fdch strojov. N\u00e1\u0161 sortiment zah\u0155\u0148a \u0161irok\u00fa \u0161k\u00e1lu stavebn\u00fdch strojov, prevodoviek pre po\u013enohospod\u00e1rske stroje, plan\u00e9tov\u00fdch prevodoviek, priemyseln\u00fdch prevodoviek a \u0161pi\u010dkov\u00e9ho pr\u00edslu\u0161enstva, ktor\u00e9 k nim zodpoved\u00e1.<\/p>\n<p>Tu s\u00fa niektor\u00e9 z v\u00fdhod v\u00fdberu FMP pre va\u0161e potreby hydraulick\u00e9ho valca:<\/p>\n<p>1. Vysokokvalitn\u00e9 produkty: V\u0161etky na\u0161e produkty poch\u00e1dzaj\u00fa od vysokokvalitn\u00fdch dod\u00e1vate\u013eov, \u010d\u00edm zabezpe\u010dujeme, \u017ee na\u0161i klienti dost\u00e1vaj\u00fa iba tie najkvalitnej\u0161ie produkty, ktor\u00e9 sp\u013a\u0148aj\u00fa pr\u00edsne normy kvality.<\/p>\n<p>2. Profesion\u00e1lny t\u00edm: N\u00e1\u0161 sk\u00fasen\u00fd a profesion\u00e1lny obchodn\u00fd t\u00edm je obozn\u00e1men\u00fd s v\u00fdvojov\u00fdmi trendmi a potrebami z\u00e1kazn\u00edkov v odvetv\u00ed stavebn\u00fdch strojov a m\u00f4\u017ee poskytn\u00fa\u0165 komplexn\u00e9 poradenstvo o produktoch a inteligentn\u00e9 n\u00e1vrhy na n\u00e1kup.<\/p>\n<p>3. Efekt\u00edvny logistick\u00fd distribu\u010dn\u00fd syst\u00e9m: M\u00e1me efekt\u00edvny logistick\u00fd distribu\u010dn\u00fd syst\u00e9m, ktor\u00fd zabezpe\u010duje v\u010dasn\u00e9 a presn\u00e9 dodanie produktov na\u0161im z\u00e1kazn\u00edkom.<\/p>\n<p>4. Konkuren\u010dn\u00e9 ceny: Pon\u00fakame konkurencieschopn\u00e9 ceny na\u0161ich produktov bez kompromisov v kvalite.<\/p>\n<p>5. Prisp\u00f4sobenie: Pon\u00fakame mo\u017enosti prisp\u00f4sobenia na\u0161ich hydraulick\u00fdch valcov, aby sme splnili jedine\u010dn\u00e9 potreby na\u0161ich z\u00e1kazn\u00edkov.<\/p>\n<p>Na\u0161e hydraulick\u00e9 valce, ako napr\u00edklad nastavite\u013en\u00fd vidlicov\u00fd valec (na obr\u00e1zku ni\u017e\u0161ie), s\u00fa ide\u00e1lne pre \u0161irok\u00fa \u0161k\u00e1lu aplik\u00e1ci\u00ed v stavebn\u00fdch strojoch. V\u010faka n\u00e1\u0161mu z\u00e1v\u00e4zku ku kvalite a spokojnosti z\u00e1kazn\u00edkov sa m\u00f4\u017eete spo\u013eahn\u00fa\u0165 na spolo\u010dnos\u0165 FMP, pokia\u013e ide o v\u0161etky va\u0161e potreby t\u00fdkaj\u00face sa hydraulick\u00fdch valcov.<\/p>\n<p><img decoding=\"async\" src=\"https:\/\/fmp-components.com\/wp-content\/uploads\/2024\/12\/Adjustable-Clevis-Type-Cylinders-6.webp\" alt=\"Nastavite\u013en\u00fd valec typu Clevis\" width=\"810\" title=\"\"><\/p>\n<h2>\u010casto kladen\u00e9 ot\u00e1zky<\/h2>\n<p><strong>Ot\u00e1zka: Ak\u00e1 je hmotnos\u0165 hydraulick\u00e9ho valca?<\/strong><br \/>\nA: Hydraulick\u00fd valec v\u00e1\u017ei 104 kg.<\/p>\n<p><strong>Ot\u00e1zka: Ak\u00e1 je z\u00e1ru\u010dn\u00e1 doba na z\u00e1kladn\u00e9 komponenty valca?<\/strong><br \/>\nA: Na hlavn\u00e9 komponenty valca sa vz\u0165ahuje 1-ro\u010dn\u00e1 z\u00e1ruka.<\/p>\n<p><strong>Ot\u00e1zka: D\u00e1 sa hydraulick\u00fd valec prisp\u00f4sobi\u0165 \u0161pecifick\u00fdm po\u017eiadavk\u00e1m?<\/strong><br \/>\nA: \u00c1no, mo\u017enosti prisp\u00f4sobenia s\u00fa k dispoz\u00edcii. Pre viac inform\u00e1ci\u00ed n\u00e1s pros\u00edm kontaktujte.<\/p>\n<p><img decoding=\"async\" src=\"https:\/\/img.jiansujichilun.com\/img\/hydrauliccylinders\/B_hydrauliccylinders-4.webp\" alt=\"hydraulick\u00fd valec\" width=\"800\" title=\"\"><\/p>\n<p>Autor\uff1a CX<\/p>","protected":false},"excerpt":{"rendered":"<p>The Professional Adjustable Double Acting Cylinder Tractor Hydraulic Cylinder is a high-quality hydraulic cylinder designed to meet the demands of modern farming equipment. This cylinder features double-acting technology, which allows for smooth and reliable operation in even the toughest conditions. Built for durability and strength, this hydraulic cylinder is made from high-grade materials and is [&hellip;]<\/p>","protected":false},"featured_media":1338,"comment_status":"closed","ping_status":"closed","template":"","meta":{"_et_pb_use_builder":"","_et_pb_old_content":"","_et_gb_content_width":""},"product_brand":[],"product_cat":[39],"product_tag":[41,34],"class_list":{"0":"post-1348","1":"product","2":"type-product","3":"status-publish","4":"has-post-thumbnail","6":"product_cat-adjustable-clevis-type-cylinders","7":"product_tag-adjustable-clevis-type-cylinders","8":"product_tag-hydraulic-cylinder","10":"first","11":"instock","12":"product-type-simple"},"_links":{"self":[{"href":"https:\/\/fmp-components.com\/sk\/wp-json\/wp\/v2\/product\/1348","targetHints":{"allow":["GET"]}}],"collection":[{"href":"https:\/\/fmp-components.com\/sk\/wp-json\/wp\/v2\/product"}],"about":[{"href":"https:\/\/fmp-components.com\/sk\/wp-json\/wp\/v2\/types\/product"}],"replies":[{"embeddable":true,"href":"https:\/\/fmp-components.com\/sk\/wp-json\/wp\/v2\/comments?post=1348"}],"wp:featuredmedia":[{"embeddable":true,"href":"https:\/\/fmp-components.com\/sk\/wp-json\/wp\/v2\/media\/1338"}],"wp:attachment":[{"href":"https:\/\/fmp-components.com\/sk\/wp-json\/wp\/v2\/media?parent=1348"}],"wp:term":[{"taxonomy":"product_brand","embeddable":true,"href":"https:\/\/fmp-components.com\/sk\/wp-json\/wp\/v2\/product_brand?post=1348"},{"taxonomy":"product_cat","embeddable":true,"href":"https:\/\/fmp-components.com\/sk\/wp-json\/wp\/v2\/product_cat?post=1348"},{"taxonomy":"product_tag","embeddable":true,"href":"https:\/\/fmp-components.com\/sk\/wp-json\/wp\/v2\/product_tag?post=1348"}],"curies":[{"name":"pracovn\u00fd list","href":"https:\/\/api.w.org\/{rel}","templated":true}]}}