{"id":1347,"date":"2024-12-23T02:18:07","date_gmt":"2024-12-23T02:18:07","guid":{"rendered":"https:\/\/fmp-components.com\/product\/factory-direct-sale-agriculture-hydraulic-cylinder-adjustable-hydraulic-cylinder\/"},"modified":"2024-12-23T03:39:31","modified_gmt":"2024-12-23T03:39:31","slug":"factory-direct-sale-agriculture-hydraulic-cylinder-adjustable-hydraulic-cylinder","status":"publish","type":"product","link":"https:\/\/fmp-components.com\/sk\/product\/factory-direct-sale-agriculture-hydraulic-cylinder-adjustable-hydraulic-cylinder\/","title":{"rendered":"Priamy predaj z tov\u00e1rne Po\u013enohospod\u00e1rsky hydraulick\u00fd valec Nastavite\u013en\u00fd hydraulick\u00fd valec"},"content":{"rendered":"<h2>Priamy predaj z tov\u00e1rne Po\u013enohospod\u00e1rsky hydraulick\u00fd valec: Nastavite\u013en\u00fd hydraulick\u00fd valec<\/h2>\n<p>Po\u013enohospod\u00e1rsky hydraulick\u00fd valec s priamym predajom z v\u00fdroby je vysoko kvalitn\u00fd hydraulick\u00fd valec navrhnut\u00fd \u0161peci\u00e1lne na pou\u017eitie v po\u013enohospod\u00e1rskom priemysle. Tento nastavite\u013en\u00fd hydraulick\u00fd valec je skon\u0161truovan\u00fd tak, aby odolal n\u00e1ro\u010dn\u00fdm po\u013enohospod\u00e1rskym podmienkam a je schopn\u00fd poskytova\u0165 spo\u013eahliv\u00fd v\u00fdkon aj v t\u00fdch najdrsnej\u0161\u00edch prostrediach.<\/p>\n<p>Hydraulick\u00fd valec je nastavite\u013en\u00fd, \u010do znamen\u00e1, \u017ee ho mo\u017eno prisp\u00f4sobi\u0165 \u0161pecifick\u00fdm potreb\u00e1m va\u0161ej po\u013enohospod\u00e1rskej prev\u00e1dzky. To v\u00e1m umo\u017e\u0148uje optimalizova\u0165 v\u00fdkon va\u0161ich strojov a zariaden\u00ed a zabezpe\u010di\u0165, aby ste zo svojich invest\u00edci\u00ed vy\u0165a\u017eili maximum.<\/p>\n<p>Hydraulick\u00fd valec je vyroben\u00fd z vysoko kvalitn\u00fdch materi\u00e1lov a je navrhnut\u00fd tak, aby poskytoval dlhotrvaj\u00faci v\u00fdkon. Vyzna\u010duje sa pevnou a odolnou kon\u0161trukciou, ktor\u00e1 je schopn\u00e1 odola\u0165 n\u00e1ro\u010dn\u00e9mu pou\u017e\u00edvaniu a extr\u00e9mnym podmienkam. Valec sa tie\u017e \u013eahko in\u0161taluje a udr\u017eiava, v\u010faka \u010domu je cenovo v\u00fdhodn\u00fdm rie\u0161en\u00edm pre va\u0161e po\u013enohospod\u00e1rske potreby.<\/p>\n<p><img loading=\"lazy\" decoding=\"async\" class=\"alignnone size-full wp-image-1334\" src=\"https:\/\/fmp-components.com\/wp-content\/uploads\/2024\/12\/Adjustable-Clevis-Type-Cylinders-4.webp\" alt=\"Nastavite\u013en\u00e9 valce s vidlicov\u00fdm z\u00e1vesom\" width=\"800\" height=\"800\" title=\"\" srcset=\"https:\/\/fmp-components.com\/wp-content\/uploads\/2024\/12\/Adjustable-Clevis-Type-Cylinders-4.webp 800w, https:\/\/fmp-components.com\/wp-content\/uploads\/2024\/12\/Adjustable-Clevis-Type-Cylinders-4-480x480.webp 480w\" sizes=\"(min-width: 0px) and (max-width: 480px) 480px, (min-width: 481px) 800px, 100vw\" \/><\/p>\n<p>\u010ci u\u017e h\u013ead\u00e1te spo\u013eahliv\u00fd hydraulick\u00fd valec pre v\u00e1\u0161 traktor alebo in\u00e9 po\u013enohospod\u00e1rske stroje, po\u013enohospod\u00e1rsky hydraulick\u00fd valec s priamym predajom od v\u00fdrobcu je perfektnou vo\u013ebou. V\u010faka nastavite\u013en\u00e9mu dizajnu, odolnej kon\u0161trukcii a spo\u013eahliv\u00e9mu v\u00fdkonu tento hydraulick\u00fd valec ur\u010dite spln\u00ed v\u0161etky va\u0161e po\u013enohospod\u00e1rske potreby.<\/p>\n<table style=\"width: 100%;\" border=\"1\" width=\"100%\" cellspacing=\"0\" cellpadding=\"0\">\n<tbody>\n<tr>\n<th>Typ produktu<\/th>\n<td>Hydraulick\u00e9 valce vyroben\u00e9 priamo z tov\u00e1rne<\/td>\n<\/tr>\n<tr>\n<th>Pou\u017eite\u013en\u00e9 odvetvia<\/th>\n<td>Opravovne strojov, Farmy, Energia a ban\u00edctvo, V\u00fdroba strojov, Stroj\u00e1rne<\/td>\n<\/tr>\n<tr>\n<th>Hmotnos\u0165 (kg)<\/th>\n<td>104<\/td>\n<\/tr>\n<tr>\n<th>\u0160trukt\u00fara<\/th>\n<td>\u0160tandardn\u00fd piestov\u00fd valec<\/td>\n<\/tr>\n<tr>\n<th>Materi\u00e1l tela<\/th>\n<td>Vysokokvalitn\u00e1 oce\u013e<\/td>\n<\/tr>\n<tr>\n<th>Maxim\u00e1lny \u0165ah<\/th>\n<td>3000<\/td>\n<\/tr>\n<tr>\n<th>Maxim\u00e1lny \u0165ah<\/th>\n<td>20 ton<\/td>\n<\/tr>\n<tr>\n<th>Certifik\u00e1cia<\/th>\n<td>ISO 9001:2000<\/td>\n<\/tr>\n<tr>\n<th>Z\u00e1ruka na z\u00e1kladn\u00e9 komponenty<\/th>\n<td>1 rok<\/td>\n<\/tr>\n<tr>\n<th>Z\u00e1kladn\u00e9 komponenty<\/th>\n<td>Lo\u017eisko, hydraulick\u00fd valec<\/td>\n<\/tr>\n<tr>\n<th>Ve\u013ekos\u0165 otvoru<\/th>\n<td>2 \u2013 6 palcov<\/td>\n<\/tr>\n<tr>\n<th>Ve\u013ekos\u0165 ty\u010de<\/th>\n<td>1,125 \u2013 4 palce<\/td>\n<\/tr>\n<tr>\n<th>Ve\u013ekos\u0165 \u0165ahu<\/th>\n<td>4 \u2013 100 palcov<\/td>\n<\/tr>\n<tr>\n<th>Ve\u013ekos\u0165 \u010dapu<\/th>\n<td>0,5 \u2013 2 palce<\/td>\n<\/tr>\n<\/tbody>\n<\/table>\n<h2>V\u00fdhody nastavite\u013en\u00fdch valcov s vidlicov\u00fdm uchyten\u00edm<\/h2>\n<p>Nastavite\u013en\u00e9 valce s vidlicov\u00fdm uchyten\u00edm sa \u0161iroko pou\u017e\u00edvaj\u00fa v r\u00f4znych priemyseln\u00fdch aplik\u00e1ci\u00e1ch, najm\u00e4 v po\u013enohospod\u00e1rstve, kde sa pou\u017e\u00edvaj\u00fa v r\u00f4znych po\u013enohospod\u00e1rskych strojoch. Tieto valce maj\u00fa oproti in\u00fdm typom hydraulick\u00fdch valcov mno\u017estvo v\u00fdhod vr\u00e1tane ich schopnosti prisp\u00f4sobi\u0165 sa r\u00f4znym v\u00fdkonnostn\u00fdm po\u017eiadavk\u00e1m. V tomto \u010dl\u00e1nku sa podrobne budeme venova\u0165 niektor\u00fdm v\u00fdhod\u00e1m nastavite\u013en\u00fdch valcov s vidlicov\u00fdm uchyten\u00edm.<\/p>\n<h3>Nastavite\u013enos\u0165<\/h3>\n<p>Jednou z najv\u00fdznamnej\u0161\u00edch v\u00fdhod nastavite\u013en\u00fdch valcov s vidlicov\u00fdm uhlom je ich nastavite\u013enos\u0165. Tieto valce je mo\u017en\u00e9 nastavi\u0165 na r\u00f4zne d\u013a\u017eky a uhly, aby sp\u013a\u0148ali r\u00f4zne v\u00fdkonnostn\u00e9 po\u017eiadavky. V\u010faka tomu s\u00fa nastavite\u013en\u00e9 valce s vidlicov\u00fdm uhlom ve\u013emi v\u0161estrann\u00e9 a mo\u017eno ich pou\u017ei\u0165 v \u0161irokej \u0161k\u00e1le aplik\u00e1ci\u00ed. T\u00e1to nastavite\u013enos\u0165 umo\u017e\u0148uje farm\u00e1rom a in\u00fdm koncov\u00fdm pou\u017e\u00edvate\u013eom prisp\u00f4sobi\u0165 si svoje vybavenie svojim \u0161pecifick\u00fdm potreb\u00e1m.<\/p>\n<h3>Efekt\u00edvnos\u0165<\/h3>\n<p>Nastavite\u013en\u00e9 valce s vidlicov\u00fdm uchyten\u00edm s\u00fa v porovnan\u00ed s in\u00fdmi hydraulick\u00fdmi valcami vysoko \u00fa\u010dinn\u00e9. Tieto valce maj\u00fa men\u0161\u00ed priemer piestu, \u010do znamen\u00e1, \u017ee na prev\u00e1dzku potrebuj\u00fa menej oleja, \u010d\u00edm sa zni\u017euje spotreba energie a celkov\u00e9 prev\u00e1dzkov\u00e9 n\u00e1klady. Okrem toho m\u00f4\u017eu nastavite\u013en\u00e9 valce s vidlicov\u00fdm uchyten\u00edm pracova\u0165 pri vy\u0161\u0161\u00edch \u00farovniach tlaku, \u010do \u010falej zlep\u0161uje \u00fa\u010dinnos\u0165 a v\u00fdkon.<\/p>\n<h3>Trvanlivos\u0165<\/h3>\n<p>Nastavite\u013en\u00e9 valce s vidlicov\u00fdm uz\u00e1verom s\u00fa navrhnut\u00e9 tak, aby boli odoln\u00e9 a dlhotrvaj\u00face. Tieto valce s\u00fa vyroben\u00e9 z vysoko kvalitn\u00fdch materi\u00e1lov, ktor\u00e9 odol\u00e1vaj\u00fa drsn\u00fdm podmienkam prostredia a extr\u00e9mnym teplot\u00e1m. V\u010faka tomu s\u00fa ide\u00e1lne na pou\u017eitie v po\u013enohospod\u00e1rstve a in\u00fdch vonkaj\u0161\u00edch aplik\u00e1ci\u00e1ch, ktor\u00e9 vy\u017eaduj\u00fa spo\u013eahliv\u00e9 vybavenie.<\/p>\n<h3>Priamy predaj z tov\u00e1rne<\/h3>\n<p>Nastavite\u013en\u00e9 valce s vidlicov\u00fdm uz\u00e1verom s\u00fa k dispoz\u00edcii na priamy predaj z tov\u00e1rn\u00ed, \u010do umo\u017e\u0148uje koncov\u00fdm pou\u017e\u00edvate\u013eom nakupova\u0165 ich za ni\u017e\u0161ie ceny. Elimin\u00e1ciou sprostredkovate\u013eov m\u00f4\u017ee priamy predaj z tov\u00e1rn\u00ed prenies\u0165 \u00faspory na z\u00e1kazn\u00edkov, \u010d\u00edm sa st\u00e1va cenovo dostupnou mo\u017enos\u0165ou pre mnoh\u00fdch po\u013enohospod\u00e1rov a in\u00fdch koncov\u00fdch pou\u017e\u00edvate\u013eov.<\/p>\n<h3>Po\u013enohospod\u00e1rsky hydraulick\u00fd valec<\/h3>\n<p>Nastavite\u013en\u00e9 valce s vidlicov\u00fdm z\u00e1vitom sa \u0161iroko pou\u017e\u00edvaj\u00fa v po\u013enohospod\u00e1rskych strojoch. Tieto valce sa pou\u017e\u00edvaj\u00fa v r\u00f4znych aplik\u00e1ci\u00e1ch, ako s\u00fa pluhy, kultiv\u00e1tory a in\u00e9 po\u013enohospod\u00e1rske stroje. V\u010faka svojej nastavite\u013enosti a \u00fa\u010dinnosti s\u00fa ide\u00e1lnou vo\u013ebou pre po\u013enohospod\u00e1rov, ktor\u00ed potrebuj\u00fa spo\u013eahliv\u00e9 a v\u0161estrann\u00e9 vybavenie, ktor\u00e9 sp\u013a\u0148a ich \u0161pecifick\u00e9 potreby.<\/p>\n<h3>Nastavite\u013en\u00fd hydraulick\u00fd valec<\/h3>\n<p>Nastavite\u013en\u00e9 valce s vidlicov\u00fdm uhlom s\u00fa vysoko prisp\u00f4sobiv\u00e9 a daj\u00fa sa nastavi\u0165 na r\u00f4zne d\u013a\u017eky a uhly. T\u00e1to prisp\u00f4sobivos\u0165 z nich rob\u00ed ide\u00e1lnu vo\u013ebu pre r\u00f4zne aplik\u00e1cie vr\u00e1tane po\u013enohospod\u00e1rstva, stavebn\u00edctva a bansk\u00fdch zariaden\u00ed. Okrem toho tieto valce m\u00f4\u017eu pracova\u0165 pri vy\u0161\u0161\u00edch \u00farovniach tlaku, v\u010faka \u010domu s\u00fa pre koncov\u00fdch pou\u017e\u00edvate\u013eov efekt\u00edvnou a cenovo dostupnou mo\u017enos\u0165ou.<\/p>\n<p>Z\u00e1verom mo\u017eno poveda\u0165, \u017ee nastavite\u013en\u00e9 valce s vidlicov\u00fdm uchyten\u00edm maj\u00fa oproti in\u00fdm typom hydraulick\u00fdch valcov mno\u017estvo v\u00fdhod. Ich nastavite\u013enos\u0165, \u00fa\u010dinnos\u0165, odolnos\u0165, priamy predaj z v\u00fdroby a prisp\u00f4sobivos\u0165 z nich robia ide\u00e1lnu vo\u013ebu pre r\u00f4zne aplik\u00e1cie, najm\u00e4 v po\u013enohospod\u00e1rstve. V\u010faka svojej schopnosti prisp\u00f4sobi\u0165 zariadenie \u0161pecifick\u00fdm potreb\u00e1m s\u00fa nastavite\u013en\u00e9 valce s vidlicov\u00fdm uchyten\u00edm nevyhnutnou s\u00fa\u010das\u0165ou modern\u00fdch po\u013enohospod\u00e1rskych strojov.<img decoding=\"async\" src=\"https:\/\/fmp-components.com\/wp-content\/uploads\/2024\/12\/Adjustable-Clevis-Type-Cylinders5.webp\" alt=\"Nastavite\u013en\u00fd valec typu Clevis\" width=\"800\" title=\"\"><\/p>\n<h2>Pou\u017eitie nastavite\u013en\u00fdch valcov s vidlicov\u00fdm uchyten\u00edm<\/h2>\n<p>Nastavite\u013en\u00fd valec s vidlicov\u00fdm uchyten\u00edm je v\u0161estrann\u00e9 hydraulick\u00e9 zariadenie, ktor\u00e9 sa v\u010faka svojmu jedine\u010dn\u00e9mu dizajnu a funk\u010dnosti \u0161iroko pou\u017e\u00edva v r\u00f4znych odvetviach. Tento typ valca obsahuje mont\u00e1\u017enu konzolu s vidlicov\u00fdm uchyten\u00edm, ktor\u00e1 umo\u017e\u0148uje jednoduch\u00fa in\u0161tal\u00e1ciu a nastavenie, v\u010faka \u010domu je ide\u00e1lny pre aplik\u00e1cie, kde je potrebn\u00e9 presn\u00e9 polohovanie. V tomto \u010dl\u00e1nku presk\u00famame rozmanit\u00fa \u0161k\u00e1lu aplik\u00e1ci\u00ed, v ktor\u00fdch je mo\u017en\u00e9 pou\u017ei\u0165 nastavite\u013en\u00e9 valce s vidlicov\u00fdm uchyten\u00edm, a zd\u00f4razn\u00edme ich k\u013e\u00fa\u010dov\u00e9 vlastnosti a v\u00fdhody.<\/p>\n<h3>1. Priemyseln\u00e1 automatiz\u00e1cia<\/h3>\n<p>Jednou z hlavn\u00fdch aplik\u00e1ci\u00ed nastavite\u013en\u00fdch valcov s vidlicov\u00fdm uchyten\u00edm s\u00fa priemyseln\u00e9 automatiza\u010dn\u00e9 syst\u00e9my. Tieto valce zohr\u00e1vaj\u00fa k\u013e\u00fa\u010dov\u00fa \u00falohu pri riaden\u00ed pohybu r\u00f4znych komponentov, ako s\u00fa robotick\u00e9 ramen\u00e1, dopravn\u00e9 p\u00e1sy a zariadenia mont\u00e1\u017enych liniek. Mo\u017enos\u0165 nastavenia d\u013a\u017eky valca umo\u017e\u0148uje presn\u00e9 umiestnenie t\u00fdchto komponentov, \u010d\u00edm sa zabezpe\u010duje optim\u00e1lny v\u00fdkon a \u00fa\u010dinnos\u0165.<\/p>\n<h3>2. Po\u013enohospod\u00e1rske stroje<\/h3>\n<p>V po\u013enohospod\u00e1rstve nach\u00e1dzaj\u00fa nastavite\u013en\u00e9 valce s vidlicov\u00fdm uchyten\u00edm \u0161irok\u00e9 uplatnenie v r\u00f4znych po\u013enohospod\u00e1rskych strojoch. Tieto valce sa pou\u017e\u00edvaj\u00fa v n\u00e1strojoch, ako s\u00fa pluhy, br\u00e1ny a seja\u010dky, kde umo\u017e\u0148uj\u00fa nastavenie h\u013abky rezu, zarovn\u00e1vania a v\u00fdsevn\u00e9ho mno\u017estva. Robustn\u00e1 kon\u0161trukcia t\u00fdchto valcov zais\u0165uje spo\u013eahliv\u00fa prev\u00e1dzku aj v n\u00e1ro\u010dn\u00fdch po\u013enohospod\u00e1rskych podmienkach.<\/p>\n<h3>3. Stavebn\u00e9 zariadenia<\/h3>\n<p>Nastavite\u013en\u00e9 valce s vidlicov\u00fdm uchyten\u00edm sa v stavebn\u00edctve \u0161iroko pou\u017e\u00edvaj\u00fa pre zariadenia, ako s\u00fa bagre, naklada\u010de a buldoz\u00e9ry. Tieto valce umo\u017e\u0148uj\u00fa presn\u00e9 ovl\u00e1danie kopania, zdv\u00edhania a tla\u010denia t\u00fdchto strojov. Mo\u017enos\u0165 nastavenia d\u013a\u017eky valca umo\u017e\u0148uje v\u00e4\u010d\u0161iu v\u0161estrannos\u0165 a u\u013eah\u010duje prisp\u00f4sobenie sa r\u00f4znym po\u017eiadavk\u00e1m pr\u00e1ce.<\/p>\n<h3>4. Manipul\u00e1cia s materi\u00e1lom<\/h3>\n<p>\u010eal\u0161\u00edm v\u00fdznamn\u00fdm vyu\u017eit\u00edm nastavite\u013en\u00fdch valcov s vidlicov\u00fdm uchyten\u00edm je manipul\u00e1cia s materi\u00e1lom. Tieto valce sa be\u017ene nach\u00e1dzaj\u00fa vo vysokozdvi\u017en\u00fdch voz\u00edkoch, \u017eeriavoch a zdv\u00edhac\u00edch plo\u0161in\u00e1ch, kde poskytuj\u00fa presn\u00fa kontrolu nad polohovan\u00edm n\u00e1kladu a zdv\u00edhac\u00edmi oper\u00e1ciami. Nastavite\u013enos\u0165 t\u00fdchto valcov umo\u017e\u0148uje bezprobl\u00e9mov\u00e9 prisp\u00f4sobenie sa r\u00f4znym ve\u013ekostiam a hmotnostiam n\u00e1kladu, \u010d\u00edm sa zabezpe\u010duje efekt\u00edvna a bezpe\u010dn\u00e1 manipul\u00e1cia s materi\u00e1lom.<\/p>\n<h3>5. N\u00e1morn\u00fd a pobre\u017en\u00fd priemysel<\/h3>\n<p>Nastavite\u013en\u00e9 valce s vidlicov\u00fdm uchyten\u00edm zohr\u00e1vaj\u00fa d\u00f4le\u017eit\u00fa \u00falohu v n\u00e1mornom a pobre\u017enom priemysle. Tieto valce sa pou\u017e\u00edvaj\u00fa v r\u00f4znych aplik\u00e1ci\u00e1ch vr\u00e1tane syst\u00e9mov riadenia lod\u00ed, krytov poklopov a hydraulick\u00fdch zdvih\u00e1kov. Mo\u017enos\u0165 nastavenia d\u013a\u017eky valca je v t\u00fdchto aplik\u00e1ci\u00e1ch obzvl\u00e1\u0161\u0165 d\u00f4le\u017eit\u00e1, preto\u017ee umo\u017e\u0148uje presn\u00e9 zarovnanie a zais\u0165uje spo\u013eahliv\u00fa a plynul\u00fa prev\u00e1dzku aj v n\u00e1ro\u010dn\u00fdch n\u00e1morn\u00fdch podmienkach.<\/p>\n<p>Z\u00e1verom mo\u017eno poveda\u0165, \u017ee nastavite\u013en\u00e9 valce s vidlicov\u00fdm uchyten\u00edm pon\u00fakaj\u00fa \u0161irok\u00fa \u0161k\u00e1lu aplik\u00e1ci\u00ed v r\u00f4znych odvetviach. V\u010faka ich jedine\u010dn\u00e9mu dizajnu a nastavite\u013en\u00fdm vlastnostiam s\u00fa nenahradite\u013en\u00e9 v priemyselnej automatiz\u00e1cii, po\u013enohospod\u00e1rstve, stavebn\u00edctve, manipul\u00e1cii s materi\u00e1lom a n\u00e1morn\u00fdch aplik\u00e1ci\u00e1ch. V\u010faka svojej schopnosti presne ovl\u00e1da\u0165 a prisp\u00f4sobi\u0165 sa tieto valce prispievaj\u00fa k zv\u00fd\u0161eniu efektivity, produktivity a bezpe\u010dnosti v r\u00f4znych prev\u00e1dzkov\u00fdch prostrediach.<\/p>\n<p><img decoding=\"async\" src=\"https:\/\/fmp-components.com\/wp-content\/uploads\/2024\/12\/Application-of-Adjustable-Clevis-Type-Cylinders.webp\" alt=\"Nastavite\u013en\u00fd valec typu Clevis\" width=\"800\" title=\"\"><\/p>\n<h3>O spolo\u010dnosti FMP \u2013 Profesion\u00e1lny predaj a servis dielov a kompletn\u00fdch strojov pre stavebn\u00e9 stroje<\/h3>\n<p>FMP je popredn\u00e1 spolo\u010dnos\u0165 so s\u00eddlom v Taliansku, ktor\u00e1 sa \u0161pecializuje na predaj a servis dielov a kompletn\u00fdch strojov pre stavebn\u00e9 stroje. V\u010faka dlhoro\u010dn\u00fdm sk\u00fasenostiam v odbore a profesion\u00e1lnemu t\u00edmu poskytujeme z\u00e1kazn\u00edkom vysoko kvalitn\u00e9 a spo\u013eahliv\u00e9 rie\u0161enia.<\/p>\n<h3>Hydraulick\u00fd valec \u2013 n\u00e1\u0161 produkt najvy\u0161\u0161ej kvality<\/h3>\n<p>Jedn\u00fdm z na\u0161ich najkvalitnej\u0161\u00edch produktov je hydraulick\u00fd valec. Tu je nieko\u013eko d\u00f4vodov, pre\u010do by ste si mali pre svoje potreby v oblasti hydraulick\u00e9ho valca vybra\u0165 FMP:<\/p>\n<ol>\n<li><strong>Vysokokvalitn\u00e9 materi\u00e1ly<\/strong>Na\u0161e hydraulick\u00e9 valce s\u00fa vyroben\u00e9 z najkvalitnej\u0161\u00edch materi\u00e1lov, aby bola zaru\u010den\u00e1 ich odolnos\u0165 a spo\u013eahlivos\u0165.<\/li>\n<li><strong>Prisp\u00f4sobite\u013en\u00e9 mo\u017enosti<\/strong>Pon\u00fakame \u0161irok\u00fa \u0161k\u00e1lu prisp\u00f4sobite\u013en\u00fdch mo\u017enost\u00ed, ktor\u00e9 vyhovej\u00fa va\u0161im \u0161pecifick\u00fdm potreb\u00e1m, vr\u00e1tane nastavite\u013en\u00fdch valcov s vidlicov\u00fdm uz\u00e1verom, ako je uveden\u00e9 ni\u017e\u0161ie.<\/li>\n<li><strong>Konzult\u00e1cia s odborn\u00edkom<\/strong>N\u00e1\u0161 sk\u00fasen\u00fd obchodn\u00fd t\u00edm pozn\u00e1 v\u00fdvojov\u00e9 trendy a potreby z\u00e1kazn\u00edkov v odvetv\u00ed stavebn\u00fdch strojov. M\u00f4\u017ee poskytn\u00fa\u0165 profesion\u00e1lne poradenstvo oh\u013eadom produktov a inteligentn\u00e9 n\u00e1vrhy na n\u00e1kup.<\/li>\n<li><strong>Efekt\u00edvny logistick\u00fd distribu\u010dn\u00fd syst\u00e9m<\/strong>M\u00e1me efekt\u00edvny logistick\u00fd distribu\u010dn\u00fd syst\u00e9m, ktor\u00fd zabezpe\u010duje, aby z\u00e1kazn\u00edci dostali po\u017eadovan\u00e9 diely v\u010das a presne.<\/li>\n<li><strong>Pr\u00edsne \u0161tandardy kvality<\/strong>Vytv\u00e1ran\u00edm dlhodob\u00fdch a stabiln\u00fdch kooperat\u00edvnych vz\u0165ahov s mnoh\u00fdmi kvalitn\u00fdmi dod\u00e1vate\u013emi doma aj v zahrani\u010d\u00ed zabezpe\u010dujeme, aby v\u0161etky dod\u00e1van\u00e9 diely sp\u013a\u0148ali pr\u00edsne \u0161tandardy kvality.<\/li>\n<\/ol>\n<p>Vyberte si FMP pre va\u0161e potreby hydraulick\u00e9ho valca a za\u017eite rozdiel v kvalite a slu\u017eb\u00e1ch.<\/p>\n<p><img decoding=\"async\" src=\"https:\/\/fmp-components.com\/wp-content\/uploads\/2024\/12\/Adjustable-Clevis-Type-Cylinders-6.webp\" alt=\"Nastavite\u013en\u00fd valec typu Clevis\" width=\"809\" title=\"\"><\/p>\n<h2>\u010casto kladen\u00e9 ot\u00e1zky<\/h2>\n<p><strong>Ot\u00e1zka: Ak\u00e9 s\u00fa hlavn\u00e9 komponenty va\u0161ich hydraulick\u00fdch valcov?<\/strong><br \/>\nA: Hlavn\u00fdmi komponentmi na\u0161ich hydraulick\u00fdch valcov s\u00fa lo\u017eisko a samotn\u00fd hydraulick\u00fd valec, na ktor\u00e9 sa vz\u0165ahuje 1-ro\u010dn\u00e1 z\u00e1ruka.<\/p>\n<p><strong>Ot\u00e1zka: Ak\u00fd je maxim\u00e1lny tlak a \u0165ah va\u0161ich hydraulick\u00fdch valcov?<\/strong><br \/>\nA: Na\u0161e hydraulick\u00e9 valce maj\u00fa maxim\u00e1lny \u0165ah 3000 a maxim\u00e1lny \u0165ah 20 ton.<\/p>\n<p><strong>Ot\u00e1zka: M\u00f4\u017eu sa tieto hydraulick\u00e9 valce pou\u017ei\u0165 vo v\u00fdrobe strojov?<\/strong><br \/>\nA: \u00c1no, na\u0161e hydraulick\u00e9 valce s\u00fa ide\u00e1lne pre v\u00fdrobu strojov a pon\u00fakaj\u00fa robustn\u00fd v\u00fdkon pre priemyseln\u00e9 aplik\u00e1cie.<\/p>\n<p><img decoding=\"async\" src=\"https:\/\/img.jiansujichilun.com\/img\/hydrauliccylinders\/B_hydrauliccylinders-4.webp\" alt=\"hydraulick\u00fd valec\" width=\"800\" title=\"\"><\/p>\n<p>Autor\uff1a CX<\/p>","protected":false},"excerpt":{"rendered":"<p>Factory Direct Sale Agriculture Hydraulic Cylinder: Adjustable Hydraulic Cylinder Factory Direct Sale Agriculture Hydraulic Cylinder is a high-quality hydraulic cylinder designed specifically for use in the agricultural industry. This adjustable hydraulic cylinder is built to withstand the tough conditions of farming and is capable of providing reliable performance even in the harshest environments. The hydraulic [&hellip;]<\/p>","protected":false},"featured_media":1336,"comment_status":"closed","ping_status":"closed","template":"","meta":{"_et_pb_use_builder":"","_et_pb_old_content":"","_et_gb_content_width":""},"product_brand":[],"product_cat":[39],"product_tag":[41,34],"class_list":{"0":"post-1347","1":"product","2":"type-product","3":"status-publish","4":"has-post-thumbnail","6":"product_cat-adjustable-clevis-type-cylinders","7":"product_tag-adjustable-clevis-type-cylinders","8":"product_tag-hydraulic-cylinder","10":"first","11":"instock","12":"product-type-simple"},"_links":{"self":[{"href":"https:\/\/fmp-components.com\/sk\/wp-json\/wp\/v2\/product\/1347","targetHints":{"allow":["GET"]}}],"collection":[{"href":"https:\/\/fmp-components.com\/sk\/wp-json\/wp\/v2\/product"}],"about":[{"href":"https:\/\/fmp-components.com\/sk\/wp-json\/wp\/v2\/types\/product"}],"replies":[{"embeddable":true,"href":"https:\/\/fmp-components.com\/sk\/wp-json\/wp\/v2\/comments?post=1347"}],"wp:featuredmedia":[{"embeddable":true,"href":"https:\/\/fmp-components.com\/sk\/wp-json\/wp\/v2\/media\/1336"}],"wp:attachment":[{"href":"https:\/\/fmp-components.com\/sk\/wp-json\/wp\/v2\/media?parent=1347"}],"wp:term":[{"taxonomy":"product_brand","embeddable":true,"href":"https:\/\/fmp-components.com\/sk\/wp-json\/wp\/v2\/product_brand?post=1347"},{"taxonomy":"product_cat","embeddable":true,"href":"https:\/\/fmp-components.com\/sk\/wp-json\/wp\/v2\/product_cat?post=1347"},{"taxonomy":"product_tag","embeddable":true,"href":"https:\/\/fmp-components.com\/sk\/wp-json\/wp\/v2\/product_tag?post=1347"}],"curies":[{"name":"pracovn\u00fd list","href":"https:\/\/api.w.org\/{rel}","templated":true}]}}