{"id":1346,"date":"2024-12-23T02:18:07","date_gmt":"2024-12-23T02:18:07","guid":{"rendered":"https:\/\/fmp-components.com\/product\/customized-10-ton-hydraulic-cylinder-mini-hydraulic-cylinder\/"},"modified":"2024-12-23T03:49:56","modified_gmt":"2024-12-23T03:49:56","slug":"customized-10-ton-hydraulic-cylinder-mini-hydraulic-cylinder","status":"publish","type":"product","link":"https:\/\/fmp-components.com\/sk\/product\/customized-10-ton-hydraulic-cylinder-mini-hydraulic-cylinder\/","title":{"rendered":"Prisp\u00f4soben\u00fd 10-tonov\u00fd hydraulick\u00fd valec Mini hydraulick\u00fd valec"},"content":{"rendered":"<h2>Predstavenie produktu: Prisp\u00f4soben\u00fd 10-tonov\u00fd hydraulick\u00fd valec Mini hydraulick\u00fd valec<\/h2>\n<p>Mini hydraulick\u00fd valec s nosnos\u0165ou 10 ton na mieru je vysoko \u00fa\u010dinn\u00fd a odoln\u00fd hydraulick\u00fd valec ur\u010den\u00fd pre r\u00f4zne priemyseln\u00e9 aplik\u00e1cie. V\u010faka kompaktn\u00e9mu dizajnu a vysok\u00e9mu v\u00fdkonu je tento hydraulick\u00fd valec ide\u00e1lnou vo\u013ebou pre \u00falohy, ktor\u00e9 vy\u017eaduj\u00fa presn\u00e9 ovl\u00e1danie a zdv\u00edhanie \u0165a\u017ek\u00fdch bremien.<\/p>\n<p>K\u013e\u00fa\u010dov\u00e9 vlastnosti:<br \/>\n1. Prisp\u00f4sobite\u013en\u00fd dizajn: Prisp\u00f4soben\u00fd 10-tonov\u00fd hydraulick\u00fd valec Mini hydraulick\u00fd valec je mo\u017en\u00e9 prisp\u00f4sobi\u0165 \u0161pecifick\u00fdm po\u017eiadavk\u00e1m, \u010d\u00edm sa zabezpe\u010d\u00ed optim\u00e1lny v\u00fdkon a kompatibilita s r\u00f4znymi strojmi a zariadeniami.<\/p>\n<p>2. Robustn\u00e1 kon\u0161trukcia: Tento hydraulick\u00fd valec je vyroben\u00fd z vysoko kvalitn\u00fdch materi\u00e1lov a je navrhnut\u00fd tak, aby odolal vysok\u00e9mu za\u0165a\u017eeniu a neust\u00e1lemu pou\u017e\u00edvaniu. Pon\u00faka v\u00fdnimo\u010dn\u00fa odolnos\u0165 a dlh\u00fa \u017eivotnos\u0165, \u010d\u00edm zni\u017euje n\u00e1klady na \u00fadr\u017ebu a zvy\u0161uje celkov\u00fa produktivitu.<\/p>\n<p>3. Spo\u013eahliv\u00fd v\u00fdkon: Prisp\u00f4soben\u00fd 10-tonov\u00fd hydraulick\u00fd valec Mini hydraulick\u00fd valec poskytuje konzistentn\u00fd a spo\u013eahliv\u00fd v\u00fdkon aj v najn\u00e1ro\u010dnej\u0161\u00edch pracovn\u00fdch podmienkach. Zais\u0165uje plynul\u00fd a presn\u00fd pohyb, \u010do umo\u017e\u0148uje efekt\u00edvnu a presn\u00fa prev\u00e1dzku.<\/p>\n<p>4. Jednoduch\u00e1 in\u0161tal\u00e1cia: Tento hydraulick\u00fd valec, navrhnut\u00fd pre pohodlie pou\u017e\u00edvate\u013ea, sa \u013eahko in\u0161taluje a integruje do existuj\u00facich syst\u00e9mov. Jeho kompaktn\u00e9 rozmery umo\u017e\u0148uj\u00fa bezprobl\u00e9mov\u00fa integr\u00e1ciu, \u0161etria cenn\u00fd priestor a zjednodu\u0161uj\u00fa procesy in\u0161tal\u00e1cie.<\/p>\n<p>5. V\u0161estrannos\u0165: Mini hydraulick\u00fd valec s nosnos\u0165ou 10 ton na mieru je vhodn\u00fd pre \u0161irok\u00fa \u0161k\u00e1lu aplik\u00e1ci\u00ed vr\u00e1tane stavebn\u00fdch strojov, po\u013enohospod\u00e1rskych zariaden\u00ed a priemyselnej automatiz\u00e1cie. Jeho v\u0161estrannos\u0165 z neho rob\u00ed vynikaj\u00facu vo\u013ebu pre r\u00f4zne odvetvia.<\/p>\n<p>6. Bezpe\u010dnostn\u00e9 prvky: Tento hydraulick\u00fd valec je vybaven\u00fd bezpe\u010dnostn\u00fdmi mechanizmami na zaistenie ochrany obsluhy a prevenciu neh\u00f4d. Medzi tieto funkcie patr\u00ed ochrana proti pre\u0165a\u017eeniu, pretlakov\u00e9 ventily a funkcie n\u00fadzov\u00e9ho zastavenia.<\/p>\n<p><img loading=\"lazy\" decoding=\"async\" class=\"alignnone size-full wp-image-1334\" src=\"https:\/\/fmp-components.com\/wp-content\/uploads\/2024\/12\/Adjustable-Clevis-Type-Cylinders-4.webp\" alt=\"Nastavite\u013en\u00e9 valce s vidlicov\u00fdm z\u00e1vesom\" width=\"800\" height=\"800\" title=\"\" srcset=\"https:\/\/fmp-components.com\/wp-content\/uploads\/2024\/12\/Adjustable-Clevis-Type-Cylinders-4.webp 800w, https:\/\/fmp-components.com\/wp-content\/uploads\/2024\/12\/Adjustable-Clevis-Type-Cylinders-4-480x480.webp 480w\" sizes=\"(min-width: 0px) and (max-width: 480px) 480px, (min-width: 481px) 800px, 100vw\" \/><\/p>\n<p>Z\u00e1verom mo\u017eno poveda\u0165, \u017ee mini hydraulick\u00fd valec s nosnos\u0165ou 10 ton na mieru je vysoko v\u00fdkonn\u00fd hydraulick\u00fd valec, ktor\u00fd pon\u00faka vynikaj\u00facu odolnos\u0165, spo\u013eahlivos\u0165 a v\u0161estrannos\u0165. Jeho prisp\u00f4sobite\u013en\u00fd dizajn, robustn\u00e1 kon\u0161trukcia a u\u017e\u00edvate\u013esky pr\u00edvetiv\u00e9 funkcie z neho robia ide\u00e1lnu vo\u013ebu pre priemyseln\u00e9 aplik\u00e1cie, kde sa vy\u017eaduje presn\u00e9 ovl\u00e1danie a zdv\u00edhanie \u0165a\u017ek\u00fdch bremien.<\/p>\n<p>Za\u017eite silu prisp\u00f4soben\u00e9ho 10-tonov\u00e9ho hydraulick\u00e9ho valca Mini Hydraulick\u00fd valec, ktor\u00fd je skvelou vo\u013ebou pre opravovne strojov, farmy, energetick\u00e9 a bansk\u00e9 prev\u00e1dzky a tov\u00e1rne na v\u00fdrobu strojov. Tento vysokov\u00fdkonn\u00fd hydraulick\u00fd valec je \u00faplne nov\u00fd, m\u00e1 jednoro\u010dn\u00fa z\u00e1ruku a je dod\u00e1van\u00fd s certifik\u00e1ciou ISO9001:2000. Ide o \u0161tandardn\u00fd piestov\u00fd valec s robustn\u00fdm oce\u013eov\u00fdm telom, ktor\u00fd pon\u00faka maxim\u00e1lny \u0165ah 3000 a maxim\u00e1lny \u0165ah 20 ton. Jeho nastavite\u013en\u00e1 kon\u0161trukcia s vidlicov\u00fdm uchyten\u00edm umo\u017e\u0148uje v\u0161estrann\u00e9 pou\u017eitie v r\u00f4znych aplik\u00e1ci\u00e1ch.<\/p>\n<h2>V\u00fdhody nastavite\u013en\u00fdch valcov s vidlicov\u00fdm uchyten\u00edm<\/h2>\n<p>Nastavite\u013en\u00e9 hydraulick\u00e9 valce s vidlicovou vidlicou, zn\u00e1me aj ako 10-tonov\u00e9 hydraulick\u00e9 valce na mieru alebo mini hydraulick\u00e9 valce, pon\u00fakaj\u00fa v r\u00f4znych aplik\u00e1ci\u00e1ch nieko\u013eko jedine\u010dn\u00fdch v\u00fdhod. Tieto valce s\u00fa navrhnut\u00e9 s presnos\u0165ou a v\u0161estrannos\u0165ou a poskytuj\u00fa efekt\u00edvny a spo\u013eahliv\u00fd v\u00fdkon. V tomto \u010dl\u00e1nku podrobne presk\u00famame v\u00fdhody t\u00fdchto valcov.<\/p>\n<p><strong>1. Zv\u00fd\u0161en\u00e1 flexibilita a prisp\u00f4sobenie:<\/strong> Nastavite\u013en\u00e9 valce s vidlicov\u00fdm uz\u00e1verom pon\u00fakaj\u00fa ve\u013ek\u00fa flexibilitu z h\u013eadiska prisp\u00f4sobenia. Daj\u00fa sa prisp\u00f4sobi\u0165 \u0161pecifick\u00fdm po\u017eiadavk\u00e1m, ako je d\u013a\u017eka zdvihu, mo\u017enosti mont\u00e1\u017ee a ve\u013ekosti otvorov. To umo\u017e\u0148uje bezprobl\u00e9mov\u00fa integr\u00e1ciu do r\u00f4znych syst\u00e9mov a zais\u0165uje optim\u00e1lny v\u00fdkon.<\/p>\n<p><strong>2. Vynikaj\u00faca nosnos\u0165:<\/strong> Tieto valce dok\u00e1\u017eu s \u013eahkos\u0165ou manipulova\u0165 s \u0165a\u017ek\u00fdmi bremenami. S nosnos\u0165ou 10 ton poskytuj\u00fa robustn\u00e9 zdv\u00edhacie a tla\u010dn\u00e9 schopnosti, v\u010faka \u010domu s\u00fa ide\u00e1lne pre aplik\u00e1cie, ktor\u00e9 vy\u017eaduj\u00fa vysok\u00fd v\u00fdkon.<\/p>\n<p><strong>3. Kompaktn\u00fd a priestorovo \u00fasporn\u00fd:<\/strong> Mini hydraulick\u00e1 kon\u0161trukcia t\u00fdchto valcov im umo\u017e\u0148uje umiestni\u0165 sa do stiesnen\u00fdch priestorov, kam v\u00e4\u010d\u0161ie valce nemusia by\u0165 vhodn\u00e9. Ich kompaktn\u00e1 ve\u013ekos\u0165 neohrozuje ich v\u00fdkon, v\u010faka \u010domu s\u00fa v\u0161estrann\u00e9 v r\u00f4znych odvetviach a aplik\u00e1ci\u00e1ch.<\/p>\n<p><strong>4. Presn\u00e9 polohovanie a ovl\u00e1danie:<\/strong> Nastavite\u013en\u00e9 valce s vidlicov\u00fdm uchyten\u00edm pon\u00fakaj\u00fa presn\u00e9 polohovanie a ovl\u00e1danie v\u010faka pokro\u010dil\u00fdm hydraulick\u00fdm syst\u00e9mom. To zais\u0165uje presn\u00e9 a opakovate\u013en\u00e9 pohyby, v\u010faka \u010domu s\u00fa ide\u00e1lne pre \u00falohy, ktor\u00e9 vy\u017eaduj\u00fa jemn\u00e9 nastavenie.<\/p>\n<p><strong>5. Trvanlivos\u0165 a spo\u013eahlivos\u0165:<\/strong> Tieto valce s\u00fa vyroben\u00e9 tak, aby odolali n\u00e1ro\u010dn\u00fdm podmienkam a intenz\u00edvnemu pou\u017e\u00edvaniu. S\u00fa vyroben\u00e9 z vysoko kvalitn\u00fdch materi\u00e1lov a prech\u00e1dzaj\u00fa pr\u00edsnymi testami, \u010do zaru\u010duje ich odolnos\u0165 a dlhodob\u00fa spo\u013eahlivos\u0165.<\/p>\n<p><strong>6. Jednoduch\u00e1 in\u0161tal\u00e1cia a \u00fadr\u017eba:<\/strong> Kon\u0161trukcia nastavite\u013en\u00fdch valcov s vidlicov\u00fdm uz\u00e1verom zjednodu\u0161uje proces in\u0161tal\u00e1cie, \u010d\u00edm \u0161etr\u00ed \u010das a n\u00e1mahu. Okrem toho vy\u017eaduj\u00fa minim\u00e1lnu \u00fadr\u017ebu, \u010d\u00edm sa zni\u017euj\u00fa prev\u00e1dzkov\u00e9 n\u00e1klady a prestoje.<\/p>\n<p><strong>7. \u0160irok\u00fd rozsah aplik\u00e1ci\u00ed:<\/strong> Z\u00e1kazkov\u00e9 10-tonov\u00e9 hydraulick\u00e9 valce nach\u00e1dzaj\u00fa uplatnenie v r\u00f4znych odvetviach vr\u00e1tane stavebn\u00edctva, v\u00fdroby, po\u013enohospod\u00e1rstva a \u010fal\u0161\u00edch. V\u010faka svojej v\u0161estrannosti s\u00fa vhodn\u00e9 na \u00falohy, ako je zdv\u00edhanie \u0165a\u017ek\u00fdch bremien, tla\u010denie alebo \u0165ahanie zariaden\u00ed a presn\u00e9 polohovanie v zlo\u017eit\u00fdch syst\u00e9moch.<\/p>\n<p>Z\u00e1verom mo\u017eno poveda\u0165, \u017ee nastavite\u013en\u00e9 valce s vidlicov\u00fdm uchyten\u00edm poskytuj\u00fa mno\u017estvo v\u00fdhod, pokia\u013e ide o flexibilitu, nosnos\u0165, priestorov\u00fa efektivitu, presn\u00e9 ovl\u00e1danie, odolnos\u0165, jednoduch\u00fa in\u0161tal\u00e1ciu a \u00fadr\u017ebu, ako aj \u0161irok\u00fa \u0161k\u00e1lu aplik\u00e1ci\u00ed. Ich jedine\u010dn\u00e9 vlastnosti z nich robia spo\u013eahliv\u00fa vo\u013ebu pre n\u00e1ro\u010dn\u00e9 hydraulick\u00e9 syst\u00e9my a zabezpe\u010duj\u00fa optim\u00e1lny v\u00fdkon a \u00fa\u010dinnos\u0165.<\/p>\n<p><img decoding=\"async\" src=\"https:\/\/fmp-components.com\/wp-content\/uploads\/2024\/12\/Adjustable-Clevis-Type-Cylinders5.webp\" alt=\"Nastavite\u013en\u00fd valec typu Clevis\" width=\"800\" title=\"\"><\/p>\n<h2>Pou\u017eitie nastavite\u013en\u00fdch valcov s vidlicov\u00fdm uchyten\u00edm<\/h2>\n<p>Nastavite\u013en\u00fd valec s vidlicov\u00fdm uchyten\u00edm je hydraulick\u00fd valec, ktor\u00fd m\u00e1 na jednom konci vidlicov\u00fd uchytenie, \u010do umo\u017e\u0148uje jednoduch\u00fa mont\u00e1\u017e a pripojenie k r\u00f4znym mechanick\u00fdm syst\u00e9mom. Tieto valce sa v\u010faka svojej v\u0161estrannosti a nastavite\u013enosti \u0161iroko pou\u017e\u00edvaj\u00fa v r\u00f4znych odvetviach. V tomto \u010dl\u00e1nku presk\u00famame pou\u017eitie nastavite\u013en\u00fdch valcov s vidlicov\u00fdm uchyten\u00edm a rozoberieme ich v\u00fdhody a prednosti.<\/p>\n<h3>1. Syst\u00e9my priemyselnej automatiz\u00e1cie<\/h3>\n<p>V priemyseln\u00fdch automatiza\u010dn\u00fdch syst\u00e9moch zohr\u00e1vaj\u00fa nastavite\u013en\u00e9 valce s vidlicov\u00fdm uchyten\u00edm k\u013e\u00fa\u010dov\u00fa \u00falohu pri riaden\u00ed pohybu r\u00f4znych komponentov. Be\u017ene sa pou\u017e\u00edvaj\u00fa v robotick\u00fdch ramen\u00e1ch, dopravn\u00edkov\u00fdch syst\u00e9moch a zariadeniach na manipul\u00e1ciu s materi\u00e1lom. Mo\u017enos\u0165 nastavenia d\u013a\u017eky valca u\u013eah\u010duje jemn\u00e9 doladenie polohy a pohybu t\u00fdchto syst\u00e9mov, \u010d\u00edm sa zabezpe\u010duje presn\u00e1 a efekt\u00edvna prev\u00e1dzka.<\/p>\n<h3>2. Stavebn\u00e9 stroje<\/h3>\n<p>Nastavite\u013en\u00e9 valce s vidlicov\u00fdm z\u00e1vitom sa hojne pou\u017e\u00edvaj\u00fa v stavebn\u00fdch strojoch, ako s\u00fa bagre, naklada\u010de a \u017eeriavy. Tieto valce poskytuj\u00fa potrebn\u00fa silu a ovl\u00e1danie pre r\u00f4zne funkcie vr\u00e1tane zdv\u00edhania, kopania a nakl\u00e1\u0148ania. Nastavite\u013en\u00e1 funkcia umo\u017e\u0148uje obsluhe prisp\u00f4sobi\u0165 d\u013a\u017eku valca pod\u013ea \u0161pecifick\u00fdch pracovn\u00fdch podmienok, \u010d\u00edm sa zlep\u0161uje celkov\u00fd v\u00fdkon a produktivita stroja.<\/p>\n<h3>3. Po\u013enohospod\u00e1rske stroje<\/h3>\n<p>V po\u013enohospod\u00e1rskom sektore nach\u00e1dzaj\u00fa nastavite\u013en\u00e9 valce s vidlicov\u00fdm uplatnenie v r\u00f4znych zariadeniach, ako s\u00fa traktory, pluhy a kombajny. Tieto valce sa pou\u017e\u00edvaj\u00fa na \u00falohy, ako je nastavovanie v\u00fd\u0161ky radlice, ovl\u00e1danie polohy pr\u00edslu\u0161enstva a poskytovanie hydraulick\u00e9ho v\u00fdkonu na zdv\u00edhanie \u0165a\u017ek\u00fdch bremien. Ich nastavite\u013enos\u0165 zais\u0165uje optim\u00e1lny v\u00fdkon a flexibilitu pri r\u00f4znych po\u013enohospod\u00e1rskych oper\u00e1ci\u00e1ch.<\/p>\n<h3>4. Automobilov\u00fd priemysel<\/h3>\n<p>Automobilov\u00fd priemysel vyu\u017e\u00edva nastavite\u013en\u00e9 valce s vidlicov\u00fdm z\u00e1vesom v r\u00f4znych aplik\u00e1ci\u00e1ch vr\u00e1tane zavesenia kolies, skl\u00e1pac\u00edch striech a nastavite\u013en\u00fdch sedadiel. Tieto valce poskytuj\u00fa potrebn\u00fa oporu a mo\u017enosti nastavenia na zv\u00fd\u0161enie celkov\u00e9ho pohodlia a funk\u010dnosti vozidiel. Mo\u017enos\u0165 prisp\u00f4sobi\u0165 d\u013a\u017eku valca zais\u0165uje pohodln\u00fd z\u00e1\u017eitok z jazdy pre pou\u017e\u00edvate\u013eov r\u00f4znych v\u00fd\u0161ok a preferenci\u00ed.<\/p>\n<h3>5. Rie\u0161enia na mieru<\/h3>\n<p>Jednou z hlavn\u00fdch v\u00fdhod nastavite\u013en\u00fdch valcov s vidlicovou vidlicou je ich mo\u017enos\u0165 prisp\u00f4sobenia pod\u013ea \u0161pecifick\u00fdch po\u017eiadaviek. V\u00fdrobcovia m\u00f4\u017eu navrhova\u0165 a vyr\u00e1ba\u0165 valce s r\u00f4znymi d\u013a\u017ekami zdvihu, mo\u017enos\u0165ami mont\u00e1\u017ee a tlakov\u00fdmi hodnotami, aby sp\u013a\u0148ali jedine\u010dn\u00e9 potreby ka\u017edej aplik\u00e1cie. Toto prisp\u00f4sobenie zais\u0165uje optim\u00e1lny v\u00fdkon a kompatibilitu, \u010do vedie k efekt\u00edvnej a spo\u013eahlivej prev\u00e1dzke.<\/p>\n<p>Nastavite\u013en\u00e9 valce s vidlicov\u00fdm uchyten\u00edm s\u00fa v\u0161estrann\u00e9 hydraulick\u00e9 komponenty, ktor\u00e9 nach\u00e1dzaj\u00fa uplatnenie v r\u00f4znych odvetviach. V\u010faka svojej nastavite\u013enosti a mo\u017enosti prisp\u00f4sobenia s\u00fa ide\u00e1lnou vo\u013ebou pre r\u00f4zne mechanick\u00e9 syst\u00e9my. \u010ci u\u017e ide o priemyseln\u00fa automatiz\u00e1ciu, stavebn\u00e9 stroje, po\u013enohospod\u00e1rstvo, automobilov\u00fd priemysel alebo in\u00e9 odvetvia, tieto valce poskytuj\u00fa potrebn\u00fa silu, ovl\u00e1danie a prisp\u00f4sobivos\u0165 na zabezpe\u010denie plynulej a efekt\u00edvnej prev\u00e1dzky.<\/p>\n<p><img decoding=\"async\" src=\"https:\/\/fmp-components.com\/wp-content\/uploads\/2024\/12\/Application-of-Adjustable-Clevis-Type-Cylinders.webp\" alt=\"Nastavite\u013en\u00fd valec typu Clevis\" width=\"800\" title=\"\"><\/p>\n<h3>O FMP<\/h3>\n<p><img decoding=\"async\" src=\"https:\/\/fmp-components.com\/wp-content\/uploads\/2024\/12\/Adjustable-Clevis-Type-Cylinders-6.webp\" alt=\"Nastavite\u013en\u00fd valec typu Clevis\" width=\"808\" title=\"\"><\/p>\n<p>FMP je popredn\u00e1 spolo\u010dnos\u0165 \u0161pecializuj\u00faca sa na v\u00fdrobu a predaj hydraulick\u00fdch valcov. V\u010faka na\u0161im dlhoro\u010dn\u00fdm sk\u00fasenostiam v odbore a profesion\u00e1lnemu t\u00edmu sa zav\u00e4zujeme poskytova\u0165 na\u0161im z\u00e1kazn\u00edkom vysoko kvalitn\u00e9 a spo\u013eahliv\u00e9 hydraulick\u00e9 valce pre r\u00f4zne aplik\u00e1cie v odvetv\u00ed stavebn\u00fdch strojov.<\/p>\n<p>1. \u0160irok\u00fd sortiment produktov: Pon\u00fakame \u0161irok\u00fd sortiment hydraulick\u00fdch valcov vr\u00e1tane nastavite\u013en\u00fdch valcov s vidlicov\u00fdm z\u00e1vesom, teleskopick\u00fdch valcov, zv\u00e1ran\u00fdch valcov, valcov s \u010dapom a \u010fal\u0161\u00edch. Nech s\u00fa va\u0161e \u0161pecifick\u00e9 potreby ak\u00e9ko\u013evek, m\u00e1me pre v\u00e1s to spr\u00e1vne rie\u0161enie hydraulick\u00e9ho valca.<\/p>\n<p>2. Vynikaj\u00faca kvalita: V spolo\u010dnosti FMP kladieme d\u00f4raz na kvalitu a zabezpe\u010dujeme, aby v\u0161etky na\u0161e hydraulick\u00e9 valce sp\u013a\u0148ali pr\u00edsne normy kvality. Vybudovali sme si dlhodob\u00e9 a stabiln\u00e9 vz\u0165ahy s vysokokvalitn\u00fdmi dod\u00e1vate\u013emi, a to na dom\u00e1com aj medzin\u00e1rodnom trhu, aby sme zaru\u010dili trvanlivos\u0165 a v\u00fdkonnos\u0165 na\u0161ich produktov.<\/p>\n<p>3. Odborn\u00fd obchodn\u00fd t\u00edm: N\u00e1\u0161 sk\u00fasen\u00fd a kvalifikovan\u00fd obchodn\u00fd t\u00edm je dobre obozn\u00e1men\u00fd s najnov\u0161\u00edmi trendmi v odvetv\u00ed a potrebami z\u00e1kazn\u00edkov. Je pripraven\u00fd poskytn\u00fa\u0165 profesion\u00e1lne poradenstvo v oblasti produktov a pon\u00faknu\u0165 inteligentn\u00e9 n\u00e1vrhy na n\u00e1kup, \u010d\u00edm zabezpe\u010d\u00ed, \u017ee si vyberiete to najlep\u0161ie rie\u0161enie pre va\u0161e stavebn\u00e9 stroje.<\/p>\n<p>4. Efekt\u00edvna logistick\u00e1 distrib\u00facia: Ch\u00e1peme d\u00f4le\u017eitos\u0165 v\u010dasn\u00e9ho dodania. V\u010faka n\u00e1\u0161mu efekt\u00edvnemu logistick\u00e9mu distribu\u010dn\u00e9mu syst\u00e9mu zabezpe\u010dujeme, aby z\u00e1kazn\u00edci dostali po\u017eadovan\u00e9 hydraulick\u00e9 valce v\u010das a presne. M\u00f4\u017eete sa na n\u00e1s spo\u013eahn\u00fa\u0165, \u017ee poskytneme r\u00fdchly a spo\u013eahliv\u00fd servis.<\/p>\n<p>5. Prisp\u00f4sobite\u013en\u00e9 rie\u0161enia: Ch\u00e1peme, \u017ee ka\u017ed\u00fd projekt stavebn\u00fdch strojov je jedine\u010dn\u00fd. Preto pon\u00fakame prisp\u00f4sobite\u013en\u00e9 rie\u0161enia hydraulick\u00fdch valcov, ktor\u00e9 sp\u013a\u0148aj\u00fa va\u0161e \u0161pecifick\u00e9 po\u017eiadavky. \u010ci u\u017e potrebujete valec so \u0161pecifickou d\u013a\u017ekou zdvihu, sp\u00f4sobom mont\u00e1\u017ee alebo ak\u00fdmko\u013evek in\u00fdm prisp\u00f4soben\u00edm, vieme v\u00e1m poskytn\u00fa\u0165 rie\u0161enia na mieru.<\/p>\n<p>Partnerstvo so spolo\u010dnos\u0165ou FMP znamen\u00e1 pr\u00edstup k vysokokvalitn\u00fdm hydraulick\u00fdm valcom, sk\u00fasen\u00e9mu obchodn\u00e9mu t\u00edmu, efekt\u00edvnej logistike a prisp\u00f4sobite\u013en\u00fdm rie\u0161eniam. D\u00f4verujte n\u00e1m, \u017ee v\u00e1m dod\u00e1me spo\u013eahliv\u00e9 a odoln\u00e9 hydraulick\u00e9 valce, ktor\u00e9 potrebujete pre svoje projekty stavebn\u00fdch strojov.<\/p>\n<h2>\u010casto kladen\u00e9 ot\u00e1zky<\/h2>\n<p><b>Ot\u00e1zka: Ak\u00e1 je dodacia lehota pre prisp\u00f4soben\u00fd 10-tonov\u00fd hydraulick\u00fd valec Mini hydraulick\u00fd valec?<\/b><\/p>\n<p>A: Dodacia lehota je zvy\u010dajne 25-35 dn\u00ed.<\/p>\n<p><b>Ot\u00e1zka: S\u00fa k dispoz\u00edcii vzorky mini hydraulick\u00e9ho valca s hmotnos\u0165ou 10 ton na mieru?<\/b><\/p>\n<p>A: \u00c1no, vzorky s\u00fa k dispoz\u00edcii, ale nie s\u00fa zadarmo.<\/p>\n<p><b>Ot\u00e1zka: D\u00e1 sa prisp\u00f4sobi\u0165 10-tonov\u00fd hydraulick\u00fd valec Mini Hydraulick\u00fd valec pod\u013ea \u0161pecifick\u00fdch po\u017eiadaviek?<\/b><\/p>\n<p>A: \u00c1no, hydraulick\u00fd valec vieme vyrobi\u0165 pod\u013ea va\u0161ich vzoriek alebo technick\u00fdch v\u00fdkresov. Formy a pr\u00edpravky vieme vyrobi\u0165 tak, aby sp\u013a\u0148ali va\u0161e \u0161pecifick\u00e9 potreby.<\/p>\n<p>Autor\uff1a CX<\/p>\n<p>&nbsp;<\/p>","protected":false},"excerpt":{"rendered":"<p>Product Introduction: Customized 10 Ton Hydraulic Cylinder Mini Hydraulic Cylinder The Customized 10 Ton Hydraulic Cylinder Mini Hydraulic Cylinder is a highly efficient and durable hydraulic cylinder designed for various industrial applications. With its compact design and powerful performance, this hydraulic cylinder is the ideal choice for tasks that require precise control and heavy lifting [&hellip;]<\/p>","protected":false},"featured_media":1340,"comment_status":"closed","ping_status":"closed","template":"","meta":{"_et_pb_use_builder":"","_et_pb_old_content":"","_et_gb_content_width":""},"product_brand":[],"product_cat":[39],"product_tag":[41,34],"class_list":{"0":"post-1346","1":"product","2":"type-product","3":"status-publish","4":"has-post-thumbnail","6":"product_cat-adjustable-clevis-type-cylinders","7":"product_tag-adjustable-clevis-type-cylinders","8":"product_tag-hydraulic-cylinder","10":"first","11":"instock","12":"product-type-simple"},"_links":{"self":[{"href":"https:\/\/fmp-components.com\/sk\/wp-json\/wp\/v2\/product\/1346","targetHints":{"allow":["GET"]}}],"collection":[{"href":"https:\/\/fmp-components.com\/sk\/wp-json\/wp\/v2\/product"}],"about":[{"href":"https:\/\/fmp-components.com\/sk\/wp-json\/wp\/v2\/types\/product"}],"replies":[{"embeddable":true,"href":"https:\/\/fmp-components.com\/sk\/wp-json\/wp\/v2\/comments?post=1346"}],"wp:featuredmedia":[{"embeddable":true,"href":"https:\/\/fmp-components.com\/sk\/wp-json\/wp\/v2\/media\/1340"}],"wp:attachment":[{"href":"https:\/\/fmp-components.com\/sk\/wp-json\/wp\/v2\/media?parent=1346"}],"wp:term":[{"taxonomy":"product_brand","embeddable":true,"href":"https:\/\/fmp-components.com\/sk\/wp-json\/wp\/v2\/product_brand?post=1346"},{"taxonomy":"product_cat","embeddable":true,"href":"https:\/\/fmp-components.com\/sk\/wp-json\/wp\/v2\/product_cat?post=1346"},{"taxonomy":"product_tag","embeddable":true,"href":"https:\/\/fmp-components.com\/sk\/wp-json\/wp\/v2\/product_tag?post=1346"}],"curies":[{"name":"pracovn\u00fd list","href":"https:\/\/api.w.org\/{rel}","templated":true}]}}