{"id":1343,"date":"2024-12-23T02:18:07","date_gmt":"2024-12-23T02:18:07","guid":{"rendered":"https:\/\/fmp-components.com\/product\/quality-assurance-small-10-ton-hydraulic-cylinder-for-sale\/"},"modified":"2024-12-23T03:39:35","modified_gmt":"2024-12-23T03:39:35","slug":"quality-assurance-small-10-ton-hydraulic-cylinder-for-sale","status":"publish","type":"product","link":"https:\/\/fmp-components.com\/sk\/product\/quality-assurance-small-10-ton-hydraulic-cylinder-for-sale\/","title":{"rendered":"Zabezpe\u010denie kvality Mal\u00fd 10-tonov\u00fd hydraulick\u00fd valec na predaj"},"content":{"rendered":"<h2>Predstavujeme mal\u00fd 10-tonov\u00fd hydraulick\u00fd valec na zabezpe\u010denie kvality na predaj<\/h2>\n<p>Ak potrebujete spo\u013eahliv\u00fd hydraulick\u00fd valec pre va\u0161e priemyseln\u00e9 alebo komer\u010dn\u00e9 aplik\u00e1cie, mal\u00fd 10-tonov\u00fd hydraulick\u00fd valec s certifik\u00e1tom Quality Assurance je tou spr\u00e1vnou vo\u013ebou. Tento vysoko kvalitn\u00fd produkt je navrhnut\u00fd tak, aby poskytoval vynikaj\u00faci v\u00fdkon a odolnos\u0165 a zabezpe\u010doval tak plynul\u00fd a efekt\u00edvny chod va\u0161ej prev\u00e1dzky.<\/p>\n<p>Tento hydraulick\u00fd valec je vyroben\u00fd z prvotriednych materi\u00e1lov a pokro\u010dil\u00fdch v\u00fdrobn\u00fdch techn\u00edk a je navrhnut\u00fd tak, aby vydr\u017eal. M\u00e1 kompaktn\u00fd a \u013eahk\u00fd dizajn, v\u010faka \u010domu sa \u013eahko prepravuje a in\u0161taluje v stiesnen\u00fdch priestoroch. Napriek svojej malej ve\u013ekosti dok\u00e1\u017ee tento valec unies\u0165 silu a\u017e 10 ton, \u010d\u00edm poskytuje konzistentn\u00e9 a presn\u00e9 v\u00fdsledky s minim\u00e1lnymi po\u017eiadavkami na \u00fadr\u017ebu.<\/p>\n<p>Jednou z k\u013e\u00fa\u010dov\u00fdch v\u00fdhod mal\u00e9ho 10-tonov\u00e9ho hydraulick\u00e9ho valca so syst\u00e9mom Quality Assurance je jeho spo\u013eahliv\u00e1 kvalita. Ka\u017ed\u00e1 jednotka prech\u00e1dza pr\u00edsnym testovan\u00edm a kontrolou, ktor\u00e9 zabezpe\u010duj\u00fa, \u017ee sp\u013a\u0148a priemyseln\u00e9 \u0161tandardy pre v\u00fdkon a bezpe\u010dnos\u0165. To znamen\u00e1, \u017ee sa m\u00f4\u017eete spo\u013eahn\u00fa\u0165, \u017ee tento produkt prinesie konzistentn\u00e9 a vysoko kvalitn\u00e9 v\u00fdsledky, a to aj v n\u00e1ro\u010dn\u00fdch alebo vysoko nam\u00e1han\u00fdch aplik\u00e1ci\u00e1ch.<\/p>\n<p><img loading=\"lazy\" decoding=\"async\" class=\"alignnone size-full wp-image-1334\" src=\"https:\/\/fmp-components.com\/wp-content\/uploads\/2024\/12\/Adjustable-Clevis-Type-Cylinders-4.webp\" alt=\"Nastavite\u013en\u00e9 valce s vidlicov\u00fdm z\u00e1vesom\" width=\"800\" height=\"800\" title=\"\" srcset=\"https:\/\/fmp-components.com\/wp-content\/uploads\/2024\/12\/Adjustable-Clevis-Type-Cylinders-4.webp 800w, https:\/\/fmp-components.com\/wp-content\/uploads\/2024\/12\/Adjustable-Clevis-Type-Cylinders-4-480x480.webp 480w\" sizes=\"(min-width: 0px) and (max-width: 480px) 480px, (min-width: 481px) 800px, 100vw\" \/><\/p>\n<p>\u010ci u\u017e h\u013ead\u00e1te v\u00fdmenu star\u00e9ho hydraulick\u00e9ho valca alebo moderniz\u00e1ciu na pokro\u010dilej\u0161\u00ed model, mal\u00fd 10-tonov\u00fd hydraulick\u00fd valec Quality Assurance je vynikaj\u00facou vo\u013ebou. V\u010faka svojmu vynikaj\u00facemu v\u00fdkonu, odolnej kon\u0161trukcii a spo\u013eahlivej kvalite tento produkt ur\u010dite prekon\u00e1 va\u0161e o\u010dak\u00e1vania a poskytne v\u00e1\u0161mu podnikaniu dlhodob\u00fa hodnotu.<\/p>\n<table style=\"width: 100%;\" border=\"1\" width=\"100%\" cellspacing=\"0\" cellpadding=\"0\">\n<tbody>\n<tr>\n<th>N\u00e1zov produktu<\/th>\n<td>Zabezpe\u010denie kvality Mal\u00fd 10-tonov\u00fd hydraulick\u00fd valec<\/td>\n<\/tr>\n<tr>\n<th>Stav<\/th>\n<td>Nov\u00e9<\/td>\n<\/tr>\n<tr>\n<th>Z\u00e1ruka<\/th>\n<td>1 rok<\/td>\n<\/tr>\n<tr>\n<th>Pou\u017eite\u013en\u00e9 odvetvia<\/th>\n<td>Opravovne strojov, Farmy, Energia a ban\u00edctvo, V\u00fdroba strojov, Stroj\u00e1rensk\u00fd z\u00e1vod<\/td>\n<\/tr>\n<tr>\n<th>Hmotnos\u0165 (kg)<\/th>\n<td>30<\/td>\n<\/tr>\n<tr>\n<th>V\u00fdstupn\u00e1 videoin\u0161pekcia<\/th>\n<td>Poskytnut\u00e9<\/td>\n<\/tr>\n<tr>\n<th>Spr\u00e1va o sk\u00fa\u0161ke strojov<\/th>\n<td>Poskytnut\u00e9<\/td>\n<\/tr>\n<tr>\n<th>Typ marketingu<\/th>\n<td>Nov\u00fd produkt 2023<\/td>\n<\/tr>\n<tr>\n<th>Z\u00e1ruka na z\u00e1kladn\u00e9 komponenty<\/th>\n<td>1 rok<\/td>\n<\/tr>\n<tr>\n<th>Z\u00e1kladn\u00e9 komponenty<\/th>\n<td>Lo\u017eisko, hydraulick\u00fd valec<\/td>\n<\/tr>\n<tr>\n<th>\u0160tandardn\u00e9 alebo ne\u0161tandardn\u00e9<\/th>\n<td>\u0160tandard<\/td>\n<\/tr>\n<tr>\n<th>\u0160trukt\u00fara<\/th>\n<td>Piestov\u00fd valec<\/td>\n<\/tr>\n<tr>\n<th>V\u00fdkon<\/th>\n<td>Hydraulick\u00e9<\/td>\n<\/tr>\n<tr>\n<th>Materi\u00e1l tela<\/th>\n<td>Oce\u013e<\/td>\n<\/tr>\n<tr>\n<th>Maxim\u00e1lny \u0165ah<\/th>\n<td>3000<\/td>\n<\/tr>\n<tr>\n<th>Typ<\/th>\n<td>Nastavite\u013en\u00e9 valce s vidlicov\u00fdm uz\u00e1verom<\/td>\n<\/tr>\n<tr>\n<th>Porty<\/th>\n<td>G\/SAE\/NPT\/M<\/td>\n<\/tr>\n<tr>\n<th>Maxim\u00e1lny \u0165ah<\/th>\n<td>20 ton<\/td>\n<\/tr>\n<tr>\n<th>Certifik\u00e1cia<\/th>\n<td>ISO 9001:2000<\/td>\n<\/tr>\n<tr>\n<th>Ve\u013ekos\u0165 otvoru<\/th>\n<td>2 \u2013 6 palcov<\/td>\n<\/tr>\n<tr>\n<th>Ve\u013ekos\u0165 ty\u010de<\/th>\n<td>1,125 \u2013 4 palce<\/td>\n<\/tr>\n<tr>\n<th>Ve\u013ekos\u0165 \u0165ahu<\/th>\n<td>4 \u2013 100 palcov<\/td>\n<\/tr>\n<tr>\n<th>Ve\u013ekos\u0165 \u010dapu<\/th>\n<td>0,5 \u2013 2 palce<\/td>\n<\/tr>\n<tr>\n<th>Farba<\/th>\n<td>\u010cierna<\/td>\n<\/tr>\n<\/tbody>\n<\/table>\n<h2>V\u00fdhody nastavite\u013en\u00fdch valcov s vidlicov\u00fdm uchyten\u00edm<\/h2>\n<ul>\n<li><strong>Zv\u00fd\u0161en\u00e1 flexibilita a v\u0161estrannos\u0165:<\/strong> V\u010faka nastavite\u013en\u00fdm valcom s vidlicov\u00fdm uchyten\u00edm je mo\u017en\u00e9 nastavi\u0165 polohu konca ty\u010de tak, aby vyhovovala \u0161ir\u0161ej \u0161k\u00e1le aplik\u00e1ci\u00ed. To znamen\u00e1, \u017ee valec je mo\u017en\u00e9 pou\u017ei\u0165 v r\u00f4znych situ\u00e1ci\u00e1ch bez nutnosti n\u00e1kupu viacer\u00fdch valcov. Skvel\u00fdm pr\u00edkladom tohto typu valca je mal\u00fd 10-tonov\u00fd hydraulick\u00fd valec na predaj so z\u00e1rukou kvality.<\/li>\n<li><strong>Lep\u0161ia kontrola zdvihu valca:<\/strong> Nastavite\u013en\u00fd valec s vidlicov\u00fdm z\u00e1vesom umo\u017e\u0148uje v\u00e4\u010d\u0161iu kontrolu nad zdvihom valca, \u010do znamen\u00e1, \u017ee pou\u017e\u00edvate\u013e m\u00f4\u017ee dosiahnu\u0165 presnej\u0161ie umiestnenie bremena. To je obzvl\u00e1\u0161\u0165 d\u00f4le\u017eit\u00e9 pri pr\u00e1ci s jemn\u00fdmi alebo krehk\u00fdmi materi\u00e1lmi, ktor\u00e9 vy\u017eaduj\u00fa jemn\u00fd dotyk.<\/li>\n<li><strong>Zlep\u0161en\u00e1 bezpe\u010dnos\u0165 a stabilita:<\/strong> Nastavite\u013en\u00e9 valce s vidlicov\u00fdm uchyten\u00edm mo\u017eno pou\u017ei\u0165 na vytvorenie stabilnej\u0161ieho a bezpe\u010dnej\u0161ieho pracovn\u00e9ho prostredia. Nastaven\u00edm polohy konca ty\u010de mo\u017eno valec pou\u017ei\u0165 na poskytnutie podpory a zabr\u00e1nenie prevr\u00e1teniu alebo p\u00e1du bremena. Toto je obzvl\u00e1\u0161\u0165 u\u017eito\u010dn\u00e9 v aplik\u00e1ci\u00e1ch, kde je bezpe\u010dnos\u0165 prvorad\u00fdm krit\u00e9riom.<\/li>\n<li><strong>Zv\u00fd\u0161en\u00e1 efektivita a produktivita:<\/strong> Nastavite\u013en\u00e9 valce s vidlicov\u00fdm uz\u00e1verom m\u00f4\u017eu pom\u00f4c\u0165 zv\u00fd\u0161i\u0165 efektivitu a produktivitu pracoviska. V\u010faka presnej\u0161ej kontrole zdvihu valca m\u00f4\u017eu pracovn\u00edci vykon\u00e1va\u0165 \u00falohy r\u00fdchlej\u0161ie a presnej\u0161ie. To m\u00f4\u017ee vies\u0165 k zv\u00fd\u0161eniu v\u00fdkonu a zlep\u0161eniu ziskovosti.<\/li>\n<li><strong>N\u00e1kladovo efekt\u00edvne:<\/strong> Nastavite\u013en\u00e9 valce s vidlicov\u00fdm uchyten\u00edm nielen\u017ee pon\u00fakaj\u00fa zv\u00fd\u0161en\u00fa flexibilitu a v\u0161estrannos\u0165, ale m\u00f4\u017eu by\u0165 aj n\u00e1kladovo efekt\u00edvnym rie\u0161en\u00edm. Elimin\u00e1ciou potreby n\u00e1kupu viacer\u00fdch valcov pre r\u00f4zne aplik\u00e1cie m\u00f4\u017eu firmy z dlhodob\u00e9ho h\u013eadiska u\u0161etri\u0165 peniaze. Okrem toho, mal\u00fd 10-tonov\u00fd hydraulick\u00fd valec so z\u00e1rukou kvality je skvelou vo\u013ebou pre t\u00fdch, ktor\u00ed h\u013eadaj\u00fa spo\u013eahliv\u00fd valec s obmedzen\u00fdm rozpo\u010dtom.<\/li>\n<\/ul>\n<p>Z\u00e1verom mo\u017eno poveda\u0165, \u017ee nastavite\u013en\u00e9 valce s vidlicov\u00fdm uchyten\u00edm pon\u00fakaj\u00fa oproti tradi\u010dn\u00fdm valcom mno\u017estvo v\u00fdhod. Od zv\u00fd\u0161enej flexibility a v\u0161estrannosti a\u017e po zlep\u0161en\u00fa bezpe\u010dnos\u0165 a stabilitu s\u00fa tieto valce cenn\u00fdm doplnkom pre ka\u017ed\u00e9 pracovisko. V\u00fdberom kvalitn\u00e9ho mal\u00e9ho 10-tonov\u00e9ho hydraulick\u00e9ho valca na predaj si firmy m\u00f4\u017eu u\u017e\u00edva\u0165 v\u00fdhody nastavite\u013en\u00e9ho valca s vidlicov\u00fdm uchyten\u00edm bez toho, aby museli min\u00fa\u0165 majland.<img decoding=\"async\" src=\"https:\/\/fmp-components.com\/wp-content\/uploads\/2024\/12\/Adjustable-Clevis-Type-Cylinders5.webp\" alt=\"Nastavite\u013en\u00fd valec typu Clevis\" width=\"800\" title=\"\"><\/p>\n<h2>Pou\u017eitie nastavite\u013en\u00fdch valcov s vidlicov\u00fdm uchyten\u00edm<\/h2>\n<p>Nastavite\u013en\u00e9 valce s vidlicov\u00fdm uchyten\u00edm sa v\u010faka svojej v\u0161estrannosti a jednoduchej in\u0161tal\u00e1cii \u0161iroko pou\u017e\u00edvaj\u00fa v r\u00f4znych priemyseln\u00fdch aplik\u00e1ci\u00e1ch. Tieto valce s\u00fa navrhnut\u00e9 tak, aby poskytovali maxim\u00e1lnu silu a presnos\u0165 v kompaktnom a odolnom balen\u00ed. V tomto \u010dl\u00e1nku presk\u00famame r\u00f4zne aplik\u00e1cie nastavite\u013en\u00fdch valcov s vidlicov\u00fdm uchyten\u00edm a ich v\u00fdhody.<\/p>\n<h3>1. Zabezpe\u010denie kvality<\/h3>\n<p>Nastavite\u013en\u00e9 valce s vidlicov\u00fdm uchyten\u00edm sa be\u017ene pou\u017e\u00edvaj\u00fa v aplik\u00e1ci\u00e1ch zabezpe\u010denia kvality. Tieto valce poskytuj\u00fa presn\u00fa a konzistentn\u00fa silu, ktor\u00e1 je nevyhnutn\u00e1 vo v\u00fdrobnom procese. Okrem toho sa tieto valce daj\u00fa \u013eahko nastavi\u0165 tak, aby vyhovovali r\u00f4znym ve\u013ekostiam a materi\u00e1lom v\u00fdrobkov, v\u010faka \u010domu s\u00fa ob\u013e\u00fabenou vo\u013ebou pre aplik\u00e1cie zabezpe\u010denia kvality.<\/p>\n<h3>2. Mal\u00fd 10-tonov\u00fd hydraulick\u00fd valec na predaj<\/h3>\n<p>\u010eal\u0161\u00edm be\u017en\u00fdm pou\u017eit\u00edm nastavite\u013en\u00fdch hydraulick\u00fdch valcov s vidlicov\u00fdm uchyten\u00edm je predaj mal\u00fdch 10-tonov\u00fdch hydraulick\u00fdch valcov. Tieto valce sa pou\u017e\u00edvaj\u00fa v r\u00f4znych aplik\u00e1ci\u00e1ch vr\u00e1tane opr\u00e1v automobilov, stavebn\u00edctva a v\u00fdroby. Nastavite\u013en\u00e9 valce s vidlicov\u00fdm uchyten\u00edm s\u00fa pre tieto aplik\u00e1cie ide\u00e1lne v\u010faka svojej kompaktnej ve\u013ekosti, vysokej sile a jednoduchej in\u0161tal\u00e1cii.<\/p>\n<h3>3. Po\u013enohospod\u00e1rske stroje<\/h3>\n<p>Nastavite\u013en\u00e9 valce s vidlicov\u00fdm uchyten\u00edm sa pou\u017e\u00edvaj\u00fa aj v po\u013enohospod\u00e1rskych strojoch. Tieto valce poskytuj\u00fa silu potrebn\u00fa na zdv\u00edhanie \u0165a\u017ek\u00fdch bremien, ako s\u00fa bal\u00edky sena a po\u013enohospod\u00e1rske zariadenia. Okrem toho sa nastavite\u013en\u00e9 valce s vidlicov\u00fdm uchyten\u00edm daj\u00fa \u013eahko nastavi\u0165 tak, aby zodpovedali r\u00f4znym bremen\u00e1m, v\u010faka \u010domu s\u00fa ob\u013e\u00fabenou vo\u013ebou pre po\u013enohospod\u00e1rske stroje.<\/p>\n<h3>4. Stavebn\u00e9 zariadenia<\/h3>\n<p>Stavebn\u00e9 stroje tie\u017e pou\u017e\u00edvaj\u00fa nastavite\u013en\u00e9 valce s vidlicov\u00fdm z\u00e1vesom. Tieto valce sa \u010dasto pou\u017e\u00edvaj\u00fa na zdv\u00edhanie \u0165a\u017ek\u00fdch bremien, ako s\u00fa bet\u00f3nov\u00e9 dosky a oce\u013eov\u00e9 nosn\u00edky. Okrem toho s\u00fa nastavite\u013en\u00e9 valce s vidlicov\u00fdm z\u00e1vesom ide\u00e1lne pre stavebn\u00e9 aplik\u00e1cie v\u010faka svojej odolnosti a schopnosti zvl\u00e1da\u0165 \u0165a\u017ek\u00e9 bremen\u00e1.<\/p>\n<h3>5. Leteck\u00fd priemysel<\/h3>\n<p>Leteck\u00fd priemysel tie\u017e vyu\u017e\u00edva nastavite\u013en\u00e9 valce s vidlicov\u00fdm z\u00e1vesom. Tieto valce sa pou\u017e\u00edvaj\u00fa v r\u00f4znych aplik\u00e1ci\u00e1ch vr\u00e1tane podvozkov lietadiel, n\u00e1kladn\u00fdch dver\u00ed a vztlakov\u00fdch klapiek. Nastavite\u013en\u00e9 valce s vidlicov\u00fdm z\u00e1vesom s\u00fa pre tieto aplik\u00e1cie ide\u00e1lne v\u010faka svojej schopnosti poskytova\u0165 presn\u00fa a konzistentn\u00fa silu, a to aj v extr\u00e9mnych podmienkach.<\/p>\n<p>Z\u00e1verom mo\u017eno poveda\u0165, \u017ee nastavite\u013en\u00e9 valce s vidlicov\u00fdm uchyten\u00edm s\u00fa v\u0161estrann\u00fdm a nevyhnutn\u00fdm komponentom v r\u00f4znych priemyseln\u00fdch aplik\u00e1ci\u00e1ch. Od zabezpe\u010denia kvality a\u017e po stavebn\u00e9 zariadenia a leteck\u00fd priemysel, tieto valce poskytuj\u00fa silu a presnos\u0165 potrebn\u00fa na vykonanie pr\u00e1ce. Ak h\u013ead\u00e1te spo\u013eahliv\u00fd a odoln\u00fd valec pre svoju aplik\u00e1ciu, zv\u00e1\u017ete v\u00fdhody nastavite\u013en\u00fdch valcov s vidlicov\u00fdm uchyten\u00edm.<img decoding=\"async\" src=\"https:\/\/fmp-components.com\/wp-content\/uploads\/2024\/12\/Application-of-Adjustable-Clevis-Type-Cylinders.webp\" alt=\"Nastavite\u013en\u00fd valec typu Clevis\" width=\"800\" title=\"\"><\/p>\n<h3>O FMP<\/h3>\n<p>FMP je spolo\u010dnos\u0165, ktor\u00e1 sa \u0161pecializuje na v\u00fdrobu a predaj hydraulick\u00fdch valcov. V\u010faka dlhoro\u010dn\u00fdm sk\u00fasenostiam v odbore a profesion\u00e1lnemu t\u00edmu sa venujeme poskytovaniu vysoko kvalitn\u00fdch a spo\u013eahliv\u00fdch hydraulick\u00fdch valcov z\u00e1kazn\u00edkom.<\/p>\n<p>Na\u0161e hydraulick\u00e9 valce s\u00fa navrhnut\u00e9 a vyroben\u00e9 tak, aby sp\u013a\u0148ali najvy\u0161\u0161ie priemyseln\u00e9 \u0161tandardy. Tu je p\u00e4\u0165 k\u013e\u00fa\u010dov\u00fdch v\u00fdhod na\u0161ich produktov a spolo\u010dnosti:<\/p>\n<p><strong>1. \u0160irok\u00e1 \u0161k\u00e1la mo\u017enost\u00ed:<\/strong> Pon\u00fakame \u0161irok\u00fd sortiment hydraulick\u00fdch valcov, ktor\u00e9 uspokoja r\u00f4zne potreby. \u010ci u\u017e potrebujete \u0161tandardn\u00e9 valce alebo rie\u0161enia na mieru, m\u00e1me odborn\u00e9 znalosti, aby sme v\u00e1m poskytli perfektn\u00e9 rie\u0161enie pre va\u0161u aplik\u00e1ciu.<\/p>\n<p><strong>2. V\u00fdnimo\u010dn\u00e1 kvalita:<\/strong> V spolo\u010dnosti FMP kladieme d\u00f4raz na kvalitu v ka\u017edom aspekte n\u00e1\u0161ho v\u00fdrobn\u00e9ho procesu. Na\u0161e hydraulick\u00e9 valce s\u00fa vyroben\u00e9 z prvotriednych materi\u00e1lov a prech\u00e1dzaj\u00fa pr\u00edsnymi testami, aby sa zabezpe\u010dila ich odolnos\u0165 a spo\u013eahlivos\u0165.<\/p>\n<p><strong>3. Pokro\u010dil\u00e1 technol\u00f3gia:<\/strong> V na\u0161ich v\u00fdrobn\u00fdch procesoch vyu\u017e\u00edvame najnov\u0161ie technologick\u00e9 pokroky. To n\u00e1m umo\u017e\u0148uje dod\u00e1va\u0165 hydraulick\u00e9 valce, ktor\u00e9 s\u00fa na \u010dele inov\u00e1ci\u00ed so zv\u00fd\u0161en\u00fdm v\u00fdkonom a \u00fa\u010dinnos\u0165ou.<\/p>\n<p><strong>4. Odborn\u00e1 konzult\u00e1cia:<\/strong> N\u00e1\u0161 sk\u00fasen\u00fd obchodn\u00fd t\u00edm m\u00e1 bohat\u00e9 znalosti v odvetv\u00ed stavebn\u00fdch strojov. Poskytne v\u00e1m odborn\u00e9 poradenstvo oh\u013eadom produktov a pom\u00f4\u017ee v\u00e1m vybra\u0165 si ten spr\u00e1vny hydraulick\u00fd valec pre va\u0161e \u0161pecifick\u00e9 po\u017eiadavky.<\/p>\n<p><strong>5. Efekt\u00edvna logistika:<\/strong> Ch\u00e1peme d\u00f4le\u017eitos\u0165 v\u010dasn\u00e9ho dodania. N\u00e1\u0161 efekt\u00edvny logistick\u00fd distribu\u010dn\u00fd syst\u00e9m zabezpe\u010duje, \u017ee dostanete po\u017eadovan\u00e9 hydraulick\u00e9 valce v\u010das a presne, \u010d\u00edm sa minimalizuj\u00fa prestoje a maximalizuje produktivita.<\/p>\n<p><img decoding=\"async\" src=\"https:\/\/fmp-components.com\/wp-content\/uploads\/2024\/12\/Adjustable-Clevis-Type-Cylinders-6.webp\" alt=\"Nastavite\u013en\u00fd valec typu Clevis\" width=\"805\" title=\"\"><\/p>\n<h2>\u010casto kladen\u00e9 ot\u00e1zky<\/h2>\n<p>Ot\u00e1zka: Ak\u00e1 je hmotnos\u0165 hydraulick\u00e9ho valca?<br \/>\nA: Valec v\u00e1\u017ei 30 kg.<\/p>\n<p>Ot\u00e1zka: Ak\u00fd je maxim\u00e1lny \u0165ah valca?<br \/>\nA: Maxim\u00e1lny \u0165ah valca je 3000.<\/p>\n<p>Ot\u00e1zka: Je hydraulick\u00fd valec dod\u00e1van\u00fd so z\u00e1rukou?<br \/>\nA: \u00c1no, n\u00e1\u0161 hydraulick\u00fd valec sa dod\u00e1va s ro\u010dnou z\u00e1rukou.<\/p>\n<p><img decoding=\"async\" src=\"https:\/\/img.jiansujichilun.com\/img\/hydrauliccylinders\/C_hydrauliccylinders-5.webp\" alt=\"hydraulick\u00fd valec\" width=\"800\" title=\"\"><\/p>\n<p>Autor\uff1a CX<\/p>","protected":false},"excerpt":{"rendered":"<p>Introducing Quality Assurance Small 10 Ton Hydraulic Cylinder For Sale If you&#8217;re in need of a reliable hydraulic cylinder for your industrial or commercial applications, the Quality Assurance Small 10 Ton Hydraulic Cylinder is a top choice. This high-quality product is designed to provide superior performance and durability, ensuring that your operations run smoothly and [&hellip;]<\/p>","protected":false},"featured_media":1340,"comment_status":"closed","ping_status":"closed","template":"","meta":{"_et_pb_use_builder":"","_et_pb_old_content":"","_et_gb_content_width":""},"product_brand":[],"product_cat":[39],"product_tag":[41,34],"class_list":{"0":"post-1343","1":"product","2":"type-product","3":"status-publish","4":"has-post-thumbnail","6":"product_cat-adjustable-clevis-type-cylinders","7":"product_tag-adjustable-clevis-type-cylinders","8":"product_tag-hydraulic-cylinder","10":"first","11":"instock","12":"product-type-simple"},"_links":{"self":[{"href":"https:\/\/fmp-components.com\/sk\/wp-json\/wp\/v2\/product\/1343","targetHints":{"allow":["GET"]}}],"collection":[{"href":"https:\/\/fmp-components.com\/sk\/wp-json\/wp\/v2\/product"}],"about":[{"href":"https:\/\/fmp-components.com\/sk\/wp-json\/wp\/v2\/types\/product"}],"replies":[{"embeddable":true,"href":"https:\/\/fmp-components.com\/sk\/wp-json\/wp\/v2\/comments?post=1343"}],"wp:featuredmedia":[{"embeddable":true,"href":"https:\/\/fmp-components.com\/sk\/wp-json\/wp\/v2\/media\/1340"}],"wp:attachment":[{"href":"https:\/\/fmp-components.com\/sk\/wp-json\/wp\/v2\/media?parent=1343"}],"wp:term":[{"taxonomy":"product_brand","embeddable":true,"href":"https:\/\/fmp-components.com\/sk\/wp-json\/wp\/v2\/product_brand?post=1343"},{"taxonomy":"product_cat","embeddable":true,"href":"https:\/\/fmp-components.com\/sk\/wp-json\/wp\/v2\/product_cat?post=1343"},{"taxonomy":"product_tag","embeddable":true,"href":"https:\/\/fmp-components.com\/sk\/wp-json\/wp\/v2\/product_tag?post=1343"}],"curies":[{"name":"pracovn\u00fd list","href":"https:\/\/api.w.org\/{rel}","templated":true}]}}