{"id":1341,"date":"2024-12-23T02:18:07","date_gmt":"2024-12-23T02:18:07","guid":{"rendered":"https:\/\/fmp-components.com\/product\/factory-price-mini-hydraulic-cylinders-piston-mini-hydraulic-cylinders\/"},"modified":"2024-12-23T03:49:52","modified_gmt":"2024-12-23T03:49:52","slug":"factory-price-mini-hydraulic-cylinders-piston-mini-hydraulic-cylinders","status":"publish","type":"product","link":"https:\/\/fmp-components.com\/sk\/product\/factory-price-mini-hydraulic-cylinders-piston-mini-hydraulic-cylinders\/","title":{"rendered":"V\u00fdrobn\u00e1 cena Mini hydraulick\u00e9 valce Piestov\u00e9 mini hydraulick\u00e9 valce"},"content":{"rendered":"<p>Mini hydraulick\u00e9 valce s piestovou kon\u0161trukciou za v\u00fdhodn\u00fa cenu. Tieto hydraulick\u00e9 valce s\u00fa kompaktn\u00e9, odoln\u00e9 a pon\u00fakaj\u00fa vysok\u00fd v\u00fdkon.<\/p>\n<p>Miniat\u00farne hydraulick\u00e9 valce s piestom s\u00fa navrhnut\u00e9 tak, aby generovali line\u00e1rnu silu a pohyb z tlaku hydraulickej kvapaliny. S\u00fa dostupn\u00e9 v r\u00f4znych ve\u013ekostiach, d\u013a\u017ekach zdvihu a priemeroch otvorov, aby vyhovovali rozmanit\u00fdm po\u017eiadavk\u00e1m. Tieto valce s\u00fa ide\u00e1lne na pou\u017eitie v stavebn\u00fdch strojoch, po\u013enohospod\u00e1rskych zariadeniach a in\u00fdch priemyseln\u00fdch aplik\u00e1ci\u00e1ch.<\/p>\n<p>Mini hydraulick\u00e9 valce s piestov\u00fdm ovl\u00e1dan\u00edm za cenu od v\u00fdrobcu s\u00fa vyroben\u00e9 z vysoko kvalitn\u00fdch materi\u00e1lov, aby sa zabezpe\u010dila spo\u013eahlivos\u0165 a dlh\u00e1 \u017eivotnos\u0165. Valce s\u00fa navrhnut\u00e9 tak, aby odolali vysok\u00e9mu tlaku a \u0165a\u017ek\u00fdm za\u0165a\u017eeniam, v\u010faka \u010domu s\u00fa ide\u00e1lne na pou\u017eitie v n\u00e1ro\u010dn\u00fdch prostrediach.<\/p>\n<p>Z\u00e1verom mo\u017eno poveda\u0165, \u017ee ak h\u013ead\u00e1te spo\u013eahliv\u00e9 a cenovo dostupn\u00e9 rie\u0161enie pre va\u0161e priemyseln\u00e9 aplik\u00e1cie, mini hydraulick\u00e9 valce s piestov\u00fdm ovl\u00e1dan\u00edm za priazniv\u00fa cenu s\u00fa vynikaj\u00facou vo\u013ebou. V\u010faka kompaktn\u00e9mu dizajnu, odolnosti a vysok\u00e9mu v\u00fdkonu s\u00fa ide\u00e1lnou vo\u013ebou pre \u0161irok\u00fa \u0161k\u00e1lu aplik\u00e1ci\u00ed.<\/p>\n<p><img loading=\"lazy\" decoding=\"async\" class=\"alignnone size-full wp-image-1334\" src=\"https:\/\/fmp-components.com\/wp-content\/uploads\/2024\/12\/Adjustable-Clevis-Type-Cylinders-4.webp\" alt=\"Nastavite\u013en\u00e9 valce s vidlicov\u00fdm z\u00e1vesom\" width=\"800\" height=\"800\" title=\"\" srcset=\"https:\/\/fmp-components.com\/wp-content\/uploads\/2024\/12\/Adjustable-Clevis-Type-Cylinders-4.webp 800w, https:\/\/fmp-components.com\/wp-content\/uploads\/2024\/12\/Adjustable-Clevis-Type-Cylinders-4-480x480.webp 480w\" sizes=\"(min-width: 0px) and (max-width: 480px) 480px, (min-width: 481px) 800px, 100vw\" \/><\/p>\n<table style=\"width: 100%;\" border=\"1\" width=\"100%\" cellspacing=\"0\" cellpadding=\"0\">\n<tbody>\n<tr>\n<th>N\u00e1zov produktu<\/th>\n<td>Mini hydraulick\u00e9 valce<\/td>\n<\/tr>\n<tr>\n<th>Stav<\/th>\n<td>Nov\u00e9<\/td>\n<\/tr>\n<tr>\n<th>Cena<\/th>\n<td>V\u00fdrobn\u00e1 cena<\/td>\n<\/tr>\n<tr>\n<th>Zdroj energie<\/th>\n<td>Hydraulick\u00e9<\/td>\n<\/tr>\n<tr>\n<th>Materi\u00e1l tela<\/th>\n<td>Robustn\u00e1 oce\u013e<\/td>\n<\/tr>\n<tr>\n<th>Maxim\u00e1lny \u0165ah<\/th>\n<td>3000<\/td>\n<\/tr>\n<tr>\n<th>Maxim\u00e1lny \u0165ah<\/th>\n<td>20 ton<\/td>\n<\/tr>\n<tr>\n<th>Typ<\/th>\n<td>Nastavite\u013en\u00fd valec typu Clevis<\/td>\n<\/tr>\n<tr>\n<th>Porty<\/th>\n<td>G\/SAE\/NPT\/M<\/td>\n<\/tr>\n<tr>\n<th>Ve\u013ekos\u0165 otvoru<\/th>\n<td>2 \u2013 6 palcov<\/td>\n<\/tr>\n<tr>\n<th>Ve\u013ekos\u0165 ty\u010de<\/th>\n<td>1,125 \u2013 4 palce<\/td>\n<\/tr>\n<tr>\n<th>Ve\u013ekos\u0165 \u0165ahu<\/th>\n<td>4 \u2013 100 palcov<\/td>\n<\/tr>\n<tr>\n<th>Ve\u013ekos\u0165 \u010dapu<\/th>\n<td>0,5 \u2013 2 palce<\/td>\n<\/tr>\n<tr>\n<th>Farba<\/th>\n<td>Elegantn\u00e1 \u010dierna<\/td>\n<\/tr>\n<tr>\n<th>Certifik\u00e1cia<\/th>\n<td>ISO 9001:2000<\/td>\n<\/tr>\n<tr>\n<th>Mo\u017enosti balenia<\/th>\n<td>\u017delezn\u00e9 puzdro, preglejkov\u00e9 puzdro alebo kart\u00f3nov\u00e1 krabica<\/td>\n<\/tr>\n<tr>\n<th>Pou\u017eite\u013en\u00e9 odvetvia<\/th>\n<td>Opravovne strojov, Farmy, Energia a ban\u00edctvo, V\u00fdroba strojov, Stroj\u00e1rne<\/td>\n<\/tr>\n<\/tbody>\n<\/table>\n<p>&nbsp;<\/p>\n<h2>V\u00fdhody nastavite\u013en\u00fdch valcov s vidlicov\u00fdm uchyten\u00edm<\/h2>\n<p>Nastavite\u013en\u00e9 valce s vidlicov\u00fdm z\u00e1vitom, ako napr\u00edklad mini hydraulick\u00e9 valce s piestov\u00fdm z\u00e1vitom za tov\u00e1rensk\u00fa cenu, pon\u00fakaj\u00fa v\u010faka svojmu jedine\u010dn\u00e9mu dizajnu a funk\u010dnosti mno\u017estvo v\u00fdhod v r\u00f4znych aplik\u00e1ci\u00e1ch. V tomto \u010dl\u00e1nku presk\u00famame k\u013e\u00fa\u010dov\u00e9 v\u00fdhody t\u00fdchto valcov a ponor\u00edme sa do ich podrobn\u00fdch popisov.<\/p>\n<h3>1. Zv\u00fd\u0161en\u00e1 flexibilita a prisp\u00f4sobenie<\/h3>\n<p>Jednou z hlavn\u00fdch v\u00fdhod nastavite\u013en\u00fdch valcov s vidlicov\u00fdm uchyten\u00edm je ich schopnos\u0165 poskytn\u00fa\u0165 zv\u00fd\u0161en\u00fa flexibilitu a mo\u017enosti prisp\u00f4sobenia. Tieto valce s\u00fa navrhnut\u00e9 s nastavite\u013en\u00fdmi vidlicov\u00fdmi uchyteniami, \u010do umo\u017e\u0148uje pou\u017e\u00edvate\u013eom jednoducho upravi\u0165 mont\u00e1\u017enu polohu a uhol pod\u013ea ich \u0161pecifick\u00fdch po\u017eiadaviek. T\u00e1to flexibilita umo\u017e\u0148uje bezprobl\u00e9mov\u00fa integr\u00e1ciu valcov do \u0161irokej \u0161k\u00e1ly aplik\u00e1ci\u00ed, \u010d\u00edm sa zabezpe\u010duje optim\u00e1lny v\u00fdkon a \u00fa\u010dinnos\u0165.<\/p>\n<h3>2. Presn\u00e9 nastavenie zdvihu<\/h3>\n<p>Nastavite\u013en\u00e9 valce s vidlicov\u00fdm uchyten\u00edm vynikaj\u00fa v aplik\u00e1ci\u00e1ch, kde je potrebn\u00e9 presn\u00e9 nastavenie zdvihu. Tieto valce maj\u00fa z\u00e1vitov\u00fd uchytenie, ktor\u00e9 umo\u017e\u0148uje jemn\u00e9 doladenie d\u013a\u017eky zdvihu valca. T\u00e1to \u00farove\u0148 ovl\u00e1dania zais\u0165uje presn\u00fd pohyb a polohovanie, v\u010faka \u010domu s\u00fa ide\u00e1lne pre \u00falohy, ktor\u00e9 vy\u017eaduj\u00fa vysok\u00fa presnos\u0165 a spr\u00e1vnos\u0165.<\/p>\n<h3>3. Zv\u00fd\u0161en\u00e1 nosnos\u0165<\/h3>\n<p>V\u010faka svojej robustnej kon\u0161trukcii a pokro\u010dil\u00e9mu dizajnu pon\u00fakaj\u00fa nastavite\u013en\u00e9 valce s vidlicov\u00fdm uchyten\u00edm v porovnan\u00ed s in\u00fdmi typmi valcov zv\u00fd\u0161en\u00fa nosnos\u0165. Tieto valce s\u00fa skon\u0161truovan\u00e9 tak, aby odolali \u0165a\u017ek\u00fdm za\u0165a\u017eeniam a drsn\u00fdm prev\u00e1dzkov\u00fdm podmienkam, v\u010faka \u010domu s\u00fa vhodn\u00e9 pre n\u00e1ro\u010dn\u00e9 aplik\u00e1cie, ktor\u00e9 vy\u017eaduj\u00fa vysok\u00e9 zdv\u00edhacie alebo tla\u010dn\u00e9 sily. V\u010faka ich spo\u013eahliv\u00e9mu v\u00fdkonu a odolnosti s\u00fa preferovanou vo\u013ebou v odvetviach, ako je stavebn\u00edctvo, v\u00fdroba a manipul\u00e1cia s materi\u00e1lom.<\/p>\n<h3>4. Zv\u00fd\u0161en\u00e9 bezpe\u010dnostn\u00e9 opatrenia<\/h3>\n<p>Nastavite\u013en\u00e9 valce s vidlicov\u00fdm uz\u00e1verom uprednost\u0148uj\u00fa bezpe\u010dnos\u0165 po\u010das prev\u00e1dzky. \u010casto s\u00fa vybaven\u00e9 bezpe\u010dnostn\u00fdmi prvkami, ako s\u00fa napr\u00edklad ochrann\u00e9 ventily proti pre\u0165a\u017eeniu, ktor\u00e9 zabra\u0148uj\u00fa po\u0161kodeniu valca a in\u00fdch komponentov v pr\u00edpade nadmern\u00e9ho za\u0165a\u017eenia alebo tlaku. Okrem toho tieto valce vykazuj\u00fa vynikaj\u00facu stabilitu a odolnos\u0165 vo\u010di vonkaj\u0161\u00edm n\u00e1razom, \u010d\u00edm zni\u017euj\u00fa riziko neh\u00f4d alebo poruchy zariadenia.<\/p>\n<h3>5. Efekt\u00edvna spotreba energie<\/h3>\n<p>\u010eal\u0161ou v\u00fdznamnou v\u00fdhodou nastavite\u013en\u00fdch valcov s vidlicov\u00fdm z\u00e1vitom je ich efekt\u00edvna spotreba energie. Tieto valce s\u00fa navrhnut\u00e9 tak, aby minimalizovali energetick\u00e9 straty optimaliz\u00e1ciou vn\u00fatorn\u00fdch dr\u00e1h pr\u00fadenia a zn\u00ed\u017een\u00edm trenia. T\u00e1to energeticky \u00fasporn\u00e1 prev\u00e1dzka nielen zni\u017euje prev\u00e1dzkov\u00e9 n\u00e1klady, ale prispieva aj k ekologickej\u0161iemu a udr\u017eate\u013enej\u0161iemu \u017eivotn\u00e9mu prostrediu.<\/p>\n<p>Nastavite\u013en\u00e9 valce s vidlicov\u00fdm z\u00e1vitom, ako napr\u00edklad mini hydraulick\u00e9 valce s piestov\u00fdm z\u00e1vitom za tov\u00e1rensk\u00fa cenu, pon\u00fakaj\u00fa mno\u017estvo v\u00fdhod, v\u010faka ktor\u00fdm s\u00fa cennou vo\u013ebou pre r\u00f4zne aplik\u00e1cie. Ich zv\u00fd\u0161en\u00e1 flexibilita, presn\u00e9 nastavenie zdvihu, zv\u00fd\u0161en\u00e1 nosnos\u0165, vylep\u0161en\u00e9 bezpe\u010dnostn\u00e9 opatrenia a efekt\u00edvna spotreba energie ich odli\u0161uj\u00fa od in\u00fdch typov valcov. Za\u010dlenen\u00edm t\u00fdchto valcov do va\u0161ich projektov m\u00f4\u017eete dosiahnu\u0165 optim\u00e1lny v\u00fdkon, zv\u00fd\u0161en\u00fa produktivitu a n\u00e1kladov\u00fa efekt\u00edvnos\u0165.<\/p>\n<p><img decoding=\"async\" src=\"https:\/\/fmp-components.com\/wp-content\/uploads\/2024\/12\/Adjustable-Clevis-Type-Cylinders5.webp\" alt=\"Nastavite\u013en\u00fd valec typu Clevis\" width=\"800\" title=\"\"><\/p>\n<h2>Pou\u017eitie nastavite\u013en\u00fdch valcov s vidlicov\u00fdm uchyten\u00edm<\/h2>\n<p>Nastavite\u013en\u00e9 hydraulick\u00e9 valce s vidlicov\u00fdm uchyten\u00edm s\u00fa v\u0161estrann\u00e9 hydraulick\u00e9 zariadenia, ktor\u00e9 maj\u00fa \u0161irok\u00e9 uplatnenie v r\u00f4znych odvetviach. Tu s\u00fa niektor\u00e9 z hlavn\u00fdch pou\u017eit\u00ed t\u00fdchto valcov:<\/p>\n<p>1. <strong>Stavebn\u00fd priemysel<\/strong><br \/>\nNastavite\u013en\u00e9 vidlicov\u00e9 valce sa v stavebn\u00edctve \u0161iroko pou\u017e\u00edvaj\u00fa na n\u00e1ro\u010dn\u00e9 aplik\u00e1cie, ako je zdv\u00edhanie a premiest\u0148ovanie \u0165a\u017ek\u00fdch bremien. Tieto valce s\u00fa ide\u00e1lne na vykon\u00e1vanie \u00faloh, ako s\u00fa v\u00fdkopov\u00e9 pr\u00e1ce, v\u0155tanie a demol\u00e1cie. Ich schopnos\u0165 poskytova\u0165 presn\u00e9 ovl\u00e1danie a zdv\u00edhaciu silu z nich rob\u00ed ob\u013e\u00faben\u00fa vo\u013ebu v tomto odvetv\u00ed. Okrem toho, ich schopnos\u0165 odol\u00e1va\u0165 drsn\u00e9mu prostrediu a opotrebovaniu ich rob\u00ed ve\u013emi odoln\u00fdmi, a preto s\u00fa ide\u00e1lne pre n\u00e1ro\u010dn\u00e9 stavebn\u00e9 aplik\u00e1cie.<\/p>\n<p>2. <strong>V\u00fdrobn\u00fd priemysel<\/strong><br \/>\n\u010eal\u0161\u00edm sektorom, kde sa nastavite\u013en\u00e9 vidlicov\u00e9 valce hojne pou\u017e\u00edvaj\u00fa, je v\u00fdrobn\u00fd priemysel. Tieto valce sa pou\u017e\u00edvaj\u00fa na pohon \u0161irokej \u0161k\u00e1ly v\u00fdrobn\u00fdch zariaden\u00ed vr\u00e1tane dopravn\u00fdch p\u00e1sov, lisov a rezac\u00edch strojov. Mo\u017enos\u0165 nastavenia d\u013a\u017eky t\u00fdchto valcov ich rob\u00ed ide\u00e1lnymi na pou\u017eitie vo v\u00fdrobn\u00fdch zariadeniach, ktor\u00e9 vy\u017eaduj\u00fa presn\u00fd pohyb a ovl\u00e1danie. Okrem toho ich kompaktn\u00e1 ve\u013ekos\u0165 umo\u017e\u0148uje jednoduch\u00fa in\u0161tal\u00e1ciu v stiesnen\u00fdch priestoroch.<\/p>\n<p>3. <strong>Po\u013enohospod\u00e1rsky priemysel<\/strong><br \/>\nPo\u013enohospod\u00e1rsky priemysel je tie\u017e v\u00fdznamn\u00fdm pou\u017e\u00edvate\u013eom nastavite\u013en\u00fdch valcov typu Clevis. Tieto valce sa \u0161iroko pou\u017e\u00edvaj\u00fa v po\u013enohospod\u00e1rskych strojoch, ako s\u00fa traktory a kombajny. Schopnos\u0165 presne ovl\u00e1da\u0165 pohyb a silu rob\u00ed tieto valce ide\u00e1lnymi pre \u00falohy, ako je orba, sadenie a zber \u00farody. Kompaktn\u00e1 ve\u013ekos\u0165 t\u00fdchto valcov tie\u017e umo\u017e\u0148uje ich jednoduch\u00fa in\u0161tal\u00e1ciu do po\u013enohospod\u00e1rskych strojov, \u010d\u00edm sa zvy\u0161uje ich v\u0161estrannos\u0165 v tomto odvetv\u00ed.<\/p>\n<p>4. <strong>Dopravn\u00fd priemysel<\/strong><br \/>\nDopravn\u00fd priemysel tie\u017e pou\u017e\u00edva nastavite\u013en\u00e9 valce typu Clevis v r\u00f4znych aplik\u00e1ci\u00e1ch. Tieto valce sa pou\u017e\u00edvaj\u00fa v syst\u00e9moch zavesenia kolies vozidiel, ako s\u00fa n\u00e1kladn\u00e9 vozidl\u00e1 a autobusy, a zabezpe\u010duj\u00fa plynul\u00fa a pohodln\u00fa jazdu pre cestuj\u00facich. Okrem toho sa tieto valce pou\u017e\u00edvaj\u00fa v hydraulick\u00fdch syst\u00e9moch \u0165a\u017ek\u00fdch n\u00e1kladn\u00fdch vozidiel, ako s\u00fa \u017eeriavy a bagre, a poskytuj\u00fa zdv\u00edhaciu silu potrebn\u00fa na to, aby tieto vozidl\u00e1 mohli vykon\u00e1va\u0165 svoje \u00falohy.<\/p>\n<p>Z\u00e1verom mo\u017eno poveda\u0165, \u017ee nastavite\u013en\u00e9 hydraulick\u00e9 valce s vidlicov\u00fdm uchyten\u00edm s\u00fa v\u0161estrann\u00e9 hydraulick\u00e9 zariadenia, ktor\u00e9 nach\u00e1dzaj\u00fa \u0161irok\u00e9 uplatnenie v r\u00f4znych odvetviach. Ich schopnos\u0165 poskytova\u0165 presn\u00e9 ovl\u00e1danie a zdv\u00edhaciu silu spolu s ich odolnos\u0165ou a kompaktn\u00fdmi rozmermi ich rob\u00ed ide\u00e1lnymi pre n\u00e1ro\u010dn\u00e9 aplik\u00e1cie, kde je presnos\u0165 a spo\u013eahlivos\u0165 k\u013e\u00fa\u010dov\u00e1. S mini hydraulick\u00fdmi valcami s piestov\u00fdm uchyten\u00edm od v\u00fdrobcu pon\u00fakaj\u00fa tieto valce cenovo dostupn\u00e9 a efekt\u00edvne rie\u0161enie pre \u0161irok\u00fa \u0161k\u00e1lu hydraulick\u00fdch aplik\u00e1ci\u00ed.<img decoding=\"async\" src=\"https:\/\/fmp-components.com\/wp-content\/uploads\/2024\/12\/Application-of-Adjustable-Clevis-Type-Cylinders.webp\" alt=\"Nastavite\u013en\u00fd valec typu Clevis\" width=\"800\" title=\"\"><\/p>\n<h3>O FMP \u2013 hydraulickom valci<\/h3>\n<p><img decoding=\"async\" src=\"https:\/\/fmp-components.com\/wp-content\/uploads\/2024\/12\/Adjustable-Clevis-Type-Cylinders-6.webp\" alt=\"Nastavite\u013en\u00fd valec typu Clevis\" width=\"803\" title=\"\"><\/p>\n<p>V spolo\u010dnosti FMP sa \u0161pecializujeme na v\u00fdrobu a predaj hydraulick\u00fdch valcov. V\u010faka na\u0161im rozsiahlym sk\u00fasenostiam v odvetv\u00ed a profesion\u00e1lnemu t\u00edmu sa sna\u017e\u00edme poskytova\u0165 na\u0161im z\u00e1kazn\u00edkom vysoko kvalitn\u00e9 a spo\u013eahliv\u00e9 produkty. Tu je p\u00e4\u0165 k\u013e\u00fa\u010dov\u00fdch v\u00fdhod v\u00fdberu na\u0161ich hydraulick\u00fdch valcov:<\/p>\n<p>1. Vynikaj\u00faca kvalita: Na\u0161e hydraulick\u00e9 valce s\u00fa vyroben\u00e9 z najkvalitnej\u0161\u00edch materi\u00e1lov a pokro\u010dil\u00fdch technol\u00f3gi\u00ed, \u010do zaru\u010duje v\u00fdnimo\u010dn\u00fd v\u00fdkon a odolnos\u0165. Uprednost\u0148ujeme kvalitu, aby sme splnili najvy\u0161\u0161ie \u0161tandardy a prekonali o\u010dak\u00e1vania z\u00e1kazn\u00edkov.<\/p>\n<p>2. \u0160irok\u00e1 \u0161k\u00e1la mo\u017enost\u00ed: Pon\u00fakame \u0161irok\u00fd sortiment hydraulick\u00fdch valcov, ktor\u00e9 uspokoja r\u00f4zne potreby. \u010ci u\u017e potrebujete jedno\u010dinn\u00e9 alebo dvoj\u010dinn\u00e9 valce, teleskopick\u00e9 valce alebo valce na mieru, m\u00e1me pre v\u00e1s perfektn\u00e9 rie\u0161enie.<\/p>\n<p>3. Odborn\u00e9 poradenstvo: N\u00e1\u0161 sk\u00fasen\u00fd obchodn\u00fd t\u00edm m\u00e1 rozsiahle znalosti o odvetv\u00ed stavebn\u00fdch strojov. Je dobre obozn\u00e1men\u00fd s najnov\u0161\u00edmi v\u00fdvojov\u00fdmi trendmi a potrebami z\u00e1kazn\u00edkov, \u010do mu umo\u017e\u0148uje poskytova\u0165 profesion\u00e1lne poradenstvo oh\u013eadom produktov. Sme odhodlan\u00ed pom\u00f4c\u0165 v\u00e1m pri informovan\u00fdch rozhodnutiach a v\u00fdbere spr\u00e1vneho hydraulick\u00e9ho valca pre va\u0161e aplik\u00e1cie.<\/p>\n<p>4. Efekt\u00edvna logistika: Ch\u00e1peme d\u00f4le\u017eitos\u0165 v\u010dasn\u00e9ho doru\u010denia. V\u010faka n\u00e1\u0161mu efekt\u00edvnemu logistick\u00e9mu distribu\u010dn\u00e9mu syst\u00e9mu zabezpe\u010dujeme, aby v\u00e1m boli objednan\u00e9 hydraulick\u00e9 valce doru\u010den\u00e9 v\u010das. N\u00e1\u0161 spo\u013eahliv\u00fd a presn\u00fd proces doru\u010dovania zaru\u010duje, \u017ee po\u017eadovan\u00e9 diely dostanete presne vtedy, ke\u010f ich potrebujete.<\/p>\n<p>5. Spo\u013eahliv\u00e9 partnerstv\u00e1: Spolo\u010dnos\u0165 FMP si vybudovala dlhodob\u00e9 a stabiln\u00e9 vz\u0165ahy s vysokokvalitn\u00fdmi dod\u00e1vate\u013emi na dom\u00e1com aj medzin\u00e1rodnom trhu. To n\u00e1m umo\u017e\u0148uje z\u00edskava\u0165 iba tie najlep\u0161ie komponenty pre na\u0161e hydraulick\u00e9 valce a zabezpe\u010dova\u0165, aby ka\u017ed\u00fd diel sp\u013a\u0148al pr\u00edsne normy kvality. V na\u0161ich partnerstv\u00e1ch uprednost\u0148ujeme spo\u013eahlivos\u0165, aby sme v\u00e1m poskytli najvy\u0161\u0161iu \u00farove\u0148 spokojnosti.<\/p>\n<p>Vyberte si FMP pre va\u0161e potreby v oblasti hydraulick\u00fdch valcov a za\u017eite excelentnos\u0165, ktor\u00fa pon\u00fakame. Kontaktujte n\u00e1s e\u0161te dnes, aby sme prediskutovali va\u0161e po\u017eiadavky a za\u010dali \u00faspe\u0161n\u00fa spolupr\u00e1cu.<\/p>\n<p>Autor\uff1a CX<\/p>","protected":false},"excerpt":{"rendered":"<p>Factory Price Mini Hydraulic Cylinders Piston Mini Hydraulic Cylinders provide a cost-effective solution for various industrial applications. These hydraulic cylinders are compact, durable and offer high performance. The piston mini hydraulic cylinders are designed to generate linear force and motion from hydraulic fluid pressure. They are available in various sizes, stroke lengths, and bore diameters [&hellip;]<\/p>","protected":false},"featured_media":1336,"comment_status":"closed","ping_status":"closed","template":"","meta":{"_et_pb_use_builder":"","_et_pb_old_content":"","_et_gb_content_width":""},"product_brand":[],"product_cat":[39],"product_tag":[41,34],"class_list":{"0":"post-1341","1":"product","2":"type-product","3":"status-publish","4":"has-post-thumbnail","6":"product_cat-adjustable-clevis-type-cylinders","7":"product_tag-adjustable-clevis-type-cylinders","8":"product_tag-hydraulic-cylinder","10":"first","11":"instock","12":"product-type-simple"},"_links":{"self":[{"href":"https:\/\/fmp-components.com\/sk\/wp-json\/wp\/v2\/product\/1341","targetHints":{"allow":["GET"]}}],"collection":[{"href":"https:\/\/fmp-components.com\/sk\/wp-json\/wp\/v2\/product"}],"about":[{"href":"https:\/\/fmp-components.com\/sk\/wp-json\/wp\/v2\/types\/product"}],"replies":[{"embeddable":true,"href":"https:\/\/fmp-components.com\/sk\/wp-json\/wp\/v2\/comments?post=1341"}],"wp:featuredmedia":[{"embeddable":true,"href":"https:\/\/fmp-components.com\/sk\/wp-json\/wp\/v2\/media\/1336"}],"wp:attachment":[{"href":"https:\/\/fmp-components.com\/sk\/wp-json\/wp\/v2\/media?parent=1341"}],"wp:term":[{"taxonomy":"product_brand","embeddable":true,"href":"https:\/\/fmp-components.com\/sk\/wp-json\/wp\/v2\/product_brand?post=1341"},{"taxonomy":"product_cat","embeddable":true,"href":"https:\/\/fmp-components.com\/sk\/wp-json\/wp\/v2\/product_cat?post=1341"},{"taxonomy":"product_tag","embeddable":true,"href":"https:\/\/fmp-components.com\/sk\/wp-json\/wp\/v2\/product_tag?post=1341"}],"curies":[{"name":"pracovn\u00fd list","href":"https:\/\/api.w.org\/{rel}","templated":true}]}}