{"id":1339,"date":"2024-12-23T02:18:07","date_gmt":"2024-12-23T02:18:07","guid":{"rendered":"https:\/\/fmp-components.com\/product\/quality-assurance-10-ton-hydraulic-cylinder-welded-hydraulic-cylinder-for-sale\/"},"modified":"2024-12-23T03:50:08","modified_gmt":"2024-12-23T03:50:08","slug":"quality-assurance-10-ton-hydraulic-cylinder-welded-hydraulic-cylinder-for-sale","status":"publish","type":"product","link":"https:\/\/fmp-components.com\/sk\/product\/quality-assurance-10-ton-hydraulic-cylinder-welded-hydraulic-cylinder-for-sale\/","title":{"rendered":"Zabezpe\u010denie kvality 10-tonov\u00fd hydraulick\u00fd valec Zv\u00e1ran\u00fd hydraulick\u00fd valec na predaj"},"content":{"rendered":"<h2>Predstavujeme 10-tonov\u00fd hydraulick\u00fd valec Zv\u00e1ran\u00fd hydraulick\u00fd valec na predaj:<\/h2>\n<p>10-tonov\u00fd hydraulick\u00fd valec Zv\u00e1ran\u00fd hydraulick\u00fd valec je vysoko kvalitn\u00fd produkt ur\u010den\u00fd pre r\u00f4zne priemyseln\u00e9 aplik\u00e1cie. Tento hydraulick\u00fd valec pon\u00faka v\u00fdnimo\u010dn\u00fd v\u00fdkon a odolnos\u0165, v\u010faka \u010domu je spo\u013eahlivou vo\u013ebou pre n\u00e1ro\u010dn\u00e9 \u00falohy.<\/p>\n<p>K\u013e\u00fa\u010dov\u00e9 vlastnosti:<br \/>\n1. Vysokokvalitn\u00e1 kon\u0161trukcia: Hydraulick\u00fd valec je vyroben\u00fd s presnos\u0165ou z najkvalitnej\u0161\u00edch materi\u00e1lov, aby sa zabezpe\u010dila dlh\u00e1 \u017eivotnos\u0165 a odolnos\u0165 vo\u010di opotrebovaniu.<br \/>\n2. Robustn\u00fd a spo\u013eahliv\u00fd: S maxim\u00e1lnou nosnos\u0165ou 10 ton dok\u00e1\u017ee tento hydraulick\u00fd valec bez n\u00e1mahy zvl\u00e1dnu\u0165 \u0165a\u017ek\u00e9 bremen\u00e1 a poskytn\u00fa\u0165 efekt\u00edvny a spo\u013eahliv\u00fd v\u00fdkon.<br \/>\n3. Zv\u00e1ran\u00e1 kon\u0161trukcia: Zv\u00e1ran\u00e1 kon\u0161trukcia zvy\u0161uje \u0161truktur\u00e1lnu integritu valca a zais\u0165uje, \u017ee odol\u00e1 vysok\u00e9mu tlaku a n\u00e1ro\u010dn\u00fdm prev\u00e1dzkov\u00fdm podmienkam.<br \/>\n4. Plynul\u00e1 prev\u00e1dzka: Tento valec je vybaven\u00fd pokro\u010dilou hydraulickou technol\u00f3giou a pon\u00faka plynul\u00fd a presn\u00fd chod, \u010do umo\u017e\u0148uje presn\u00e9 ovl\u00e1danie a man\u00e9vrovate\u013enos\u0165.<br \/>\n5. V\u0161estrann\u00e9 pou\u017eitie: Zv\u00e1ran\u00fd hydraulick\u00fd valec s nosnos\u0165ou 10 ton je vhodn\u00fd pre \u0161irok\u00fa \u0161k\u00e1lu aplik\u00e1ci\u00ed vr\u00e1tane zdv\u00edhac\u00edch zariaden\u00ed, stavebn\u00fdch strojov a priemyseln\u00fdch automatiza\u010dn\u00fdch syst\u00e9mov.<\/p>\n<p><img loading=\"lazy\" decoding=\"async\" class=\"alignnone size-full wp-image-1334\" src=\"https:\/\/fmp-components.com\/wp-content\/uploads\/2024\/12\/Adjustable-Clevis-Type-Cylinders-4.webp\" alt=\"Nastavite\u013en\u00e9 valce s vidlicov\u00fdm z\u00e1vesom\" width=\"800\" height=\"800\" title=\"\" srcset=\"https:\/\/fmp-components.com\/wp-content\/uploads\/2024\/12\/Adjustable-Clevis-Type-Cylinders-4.webp 800w, https:\/\/fmp-components.com\/wp-content\/uploads\/2024\/12\/Adjustable-Clevis-Type-Cylinders-4-480x480.webp 480w\" sizes=\"(min-width: 0px) and (max-width: 480px) 480px, (min-width: 481px) 800px, 100vw\" \/><\/p>\n<p>Pre\u010do si vybra\u0165 10-tonov\u00fd hydraulick\u00fd valec Zv\u00e1ran\u00fd hydraulick\u00fd valec:<br \/>\n1. Vynikaj\u00faca kvalita: Tento hydraulick\u00fd valec je vyroben\u00fd pod\u013ea najvy\u0161\u0161\u00edch priemyseln\u00fdch \u0161tandardov, \u010do zaru\u010duje v\u00fdnimo\u010dn\u00fa kvalitu a spo\u013eahlivos\u0165.<br \/>\n2. Zv\u00fd\u0161en\u00e1 \u00fa\u010dinnos\u0165: Pokro\u010dil\u00fd dizajn a technol\u00f3gia valca optimalizuj\u00fa v\u00fdkon a \u00fa\u010dinnos\u0165, minimalizuj\u00fa prestoje a maximalizuj\u00fa produktivitu.<br \/>\n3. Cenovo v\u00fdhodn\u00e9 rie\u0161enie: V\u010faka dlhej \u017eivotnosti a n\u00edzkym n\u00e1rokom na \u00fadr\u017ebu poskytuje tento hydraulick\u00fd valec cenovo v\u00fdhodn\u00e9 rie\u0161enie pre r\u00f4zne odvetvia.<br \/>\n4. D\u00f4veryhodn\u00e1 zna\u010dka: Zv\u00e1ran\u00fd hydraulick\u00fd valec s nosnos\u0165ou 10 ton vyr\u00e1ba renomovan\u00fd v\u00fdrobca zn\u00e1my v\u00fdrobou vysoko kvalitn\u00fdch hydraulick\u00fdch zariaden\u00ed.<\/p>\n<p>Z\u00e1verom mo\u017eno poveda\u0165, \u017ee 10-tonov\u00fd hydraulick\u00fd valec je zv\u00e1ran\u00fd hydraulick\u00fd valec \u0161pi\u010dkov\u00fd produkt, ktor\u00fd pon\u00faka spo\u013eahliv\u00fd v\u00fdkon, odolnos\u0165 a v\u0161estrannos\u0165. \u010ci u\u017e ho potrebujete na zdv\u00edhanie \u0165a\u017ek\u00fdch bremien, stavebn\u00edctvo alebo priemyseln\u00fa automatiz\u00e1ciu, tento hydraulick\u00fd valec je vynikaj\u00facou vo\u013ebou.<\/p>\n<p>Objavte n\u00e1\u0161 nov\u00fd 10-tonov\u00fd hydraulick\u00fd valec, ktor\u00fd pon\u00faka najvy\u0161\u0161ie \u0161tandardy zabezpe\u010denia kvality. Tento zv\u00e1ran\u00fd hydraulick\u00fd valec je ide\u00e1lny na pou\u017eitie v r\u00f4znych odvetviach vr\u00e1tane opravovn\u00ed strojov, fariem, energetiky a ban\u00edctva a v\u00fdroby strojov. S hmotnos\u0165ou 30 kg je k produktu prilo\u017een\u00e9 video z v\u00fdstupnej kontroly a spr\u00e1va o sk\u00fa\u0161ke stroja. Je s\u00fa\u010das\u0165ou na\u0161ej novej produktovej rady pre rok 2023, ktor\u00e1 zaru\u010duje \u0161pi\u010dkov\u00fa technol\u00f3giu a dizajn. Medzi hlavn\u00e9 komponenty patr\u00ed lo\u017eisko a hydraulick\u00fd valec so z\u00e1rukou 1 rok. Tento \u0161tandardn\u00fd piestov\u00fd valec pracuje s hydraulickou silou, je vyroben\u00fd z ocele a je schopn\u00fd maxim\u00e1lneho \u0165ahu 3000. Je to nastavite\u013en\u00fd valec s vidlicov\u00fdm z\u00e1vitom s portami G\/SAE\/NPT\/M a maxim\u00e1lnym \u0165ahom 20 ton. Valec m\u00e1 certifik\u00e1t ISO9001:2000 a je dod\u00e1van\u00fd v elegantnej \u010diernej farbe. M\u00f4\u017ee sa pochv\u00e1li\u0165 v\u0155tan\u00edm 2-6 palcov, ve\u013ekos\u0165ou ty\u010de 1,125-4 palce, ve\u013ekos\u0165ou zdvihu 4-100 palcov a ve\u013ekos\u0165ou \u010dapu 0,5-2 palce.<\/p>\n<h2>V\u00fdhody nastavite\u013en\u00fdch valcov s vidlicov\u00fdm uchyten\u00edm<\/h2>\n<p>Nastavite\u013en\u00e9 valce s vidlicov\u00fdm z\u00e1vesom, ako napr\u00edklad hydraulick\u00fd valec Quality Assurance 10 Ton, s\u00fa ob\u013e\u00fabenou vo\u013ebou v r\u00f4znych odvetviach v\u010faka svojim jedine\u010dn\u00fdm vlastnostiam a v\u00fdhod\u00e1m. V tomto \u010dl\u00e1nku presk\u00famame v\u00fdhody pou\u017e\u00edvania t\u00fdchto valcov a pre\u010do s\u00fa uprednost\u0148ovan\u00e9 pred in\u00fdmi mo\u017enos\u0165ami.<\/p>\n<h3>1. Zv\u00fd\u0161en\u00e1 flexibilita a prisp\u00f4sobivos\u0165<\/h3>\n<p>Jednou z k\u013e\u00fa\u010dov\u00fdch v\u00fdhod nastavite\u013en\u00fdch valcov s vidlicov\u00fdm uchyten\u00edm je ich schopnos\u0165 prisp\u00f4sobi\u0165 sa r\u00f4znym aplik\u00e1ci\u00e1m a po\u017eiadavk\u00e1m. Tieto valce pon\u00fakaj\u00fa \u0161irok\u00fd rozsah nastavite\u013en\u00fdch zdvihov, \u010do umo\u017e\u0148uje presn\u00e9 polohovanie a jemn\u00e9 doladenie v\u00fdkonu valca. T\u00e1to flexibilita ich rob\u00ed vhodn\u00fdmi pre r\u00f4zne \u00falohy, od zdv\u00edhania \u0165a\u017ek\u00fdch bremien a\u017e po presn\u00e9 polohovanie v priemyseln\u00fdch strojoch.<\/p>\n<h3>2. Zlep\u0161en\u00e1 odolnos\u0165 a pevnos\u0165<\/h3>\n<p>Zv\u00e1ran\u00e9 hydraulick\u00e9 valce, ako napr\u00edklad 10-tonov\u00fd hydraulick\u00fd valec so zaru\u010denou kvalitou, s\u00fa zn\u00e1me svojou v\u00fdnimo\u010dnou odolnos\u0165ou a pevnos\u0165ou. Tieto valce s\u00fa vyroben\u00e9 tak, aby odolali vysok\u00e9mu tlaku a ve\u013ek\u00e9mu za\u0165a\u017eeniu, v\u010faka \u010domu s\u00fa ide\u00e1lne pre n\u00e1ro\u010dn\u00e9 aplik\u00e1cie. Zv\u00e1rac\u00ed proces pou\u017eit\u00fd pri ich kon\u0161trukcii zais\u0165uje pevn\u00fa a bez\u00fate\u0161n\u00fa kon\u0161trukciu, minimalizuje riziko poruchy a zais\u0165uje spo\u013eahliv\u00fd v\u00fdkon z dlhodob\u00e9ho h\u013eadiska.<\/p>\n<h3>3. Optim\u00e1lne rozlo\u017eenie za\u0165a\u017eenia<\/h3>\n<p>Nastavite\u013en\u00e9 valce s vidlicov\u00fdm uchyten\u00edm s\u00fa navrhnut\u00e9 tak, aby poskytovali optim\u00e1lne rozlo\u017eenie za\u0165a\u017eenia a zabezpe\u010dovali rovnomern\u00e9 rozlo\u017eenie hmotnosti na valec a jeho mont\u00e1\u017ene body. T\u00e1to vlastnos\u0165 je obzvl\u00e1\u0161\u0165 d\u00f4le\u017eit\u00e1 v aplik\u00e1ci\u00e1ch, kde nerovnomern\u00e9 rozlo\u017eenie za\u0165a\u017eenia m\u00f4\u017ee vies\u0165 k pred\u010dasn\u00e9mu opotrebovaniu zariadenia. Rovnomern\u00fdm rozlo\u017een\u00edm za\u0165a\u017eenia tieto valce pom\u00e1haj\u00fa zlep\u0161i\u0165 celkov\u00fa \u00fa\u010dinnos\u0165 a \u017eivotnos\u0165 strojov.<\/p>\n<h3>4. V\u0161estrannos\u0165 mo\u017enost\u00ed mont\u00e1\u017ee<\/h3>\n<p>\u010eal\u0161ou v\u00fdhodou nastavite\u013en\u00fdch valcov s vidlicov\u00fdm uchyten\u00edm je ich v\u0161estrannos\u0165 v mo\u017enostiach mont\u00e1\u017ee. Tieto valce sa daj\u00fa \u013eahko namontova\u0165 v r\u00f4znych orient\u00e1ci\u00e1ch a poloh\u00e1ch v\u010faka nastavite\u013enej kon\u0161trukcii s vidlicov\u00fdm uchyten\u00edm. T\u00e1to flexibilita umo\u017e\u0148uje bezprobl\u00e9mov\u00fa integr\u00e1ciu do r\u00f4znych syst\u00e9mov a strojov, v\u010faka \u010domu s\u00fa preferovanou vo\u013ebou pre mnoh\u00e9 odvetvia.<\/p>\n<h3>5. Presn\u00e9 ovl\u00e1danie a polohovanie<\/h3>\n<p>V\u010faka nastavite\u013enej d\u013a\u017eke zdvihu umo\u017e\u0148uj\u00fa nastavite\u013en\u00e9 valce s vidlicov\u00fdm uchyten\u00edm presn\u00e9 ovl\u00e1danie a polohovanie. T\u00e1to \u00farove\u0148 presnosti je k\u013e\u00fa\u010dov\u00e1 v aplik\u00e1ci\u00e1ch, kde sa vy\u017eaduje presn\u00fd pohyb a polohovanie. Mo\u017enos\u0165 jemn\u00e9ho doladenia d\u013a\u017eky zdvihu umo\u017e\u0148uje obsluhe dosiahnu\u0165 po\u017eadovan\u00fa \u00farove\u0148 ovl\u00e1dania, \u010d\u00edm sa zvy\u0161uje celkov\u00e1 \u00fa\u010dinnos\u0165 a v\u00fdkon zariadenia.<\/p>\n<h3>6. Cenovo v\u00fdhodn\u00e9 rie\u0161enie<\/h3>\n<p>Napriek svojim pokro\u010dil\u00fdm funkci\u00e1m a v\u00fdhod\u00e1m pon\u00fakaj\u00fa nastavite\u013en\u00e9 valce s vidlicov\u00fdm uz\u00e1verom cenovo v\u00fdhodn\u00e9 rie\u0161enie pre r\u00f4zne odvetvia. Tieto valce s\u00fa navrhnut\u00e9 tak, aby boli vysoko \u00fa\u010dinn\u00e9 a odoln\u00e9, \u010d\u00edm sa minimalizuje potreba \u010dast\u00fdch opr\u00e1v alebo v\u00fdmen. Ich v\u0161estrannos\u0165 a prisp\u00f4sobivos\u0165 tie\u017e prispievaj\u00fa k \u00faspor\u00e1m n\u00e1kladov zn\u00ed\u017een\u00edm potreby viacer\u00fdch typov valcov pre r\u00f4zne aplik\u00e1cie.<\/p>\n<h3>Z\u00e1ver<\/h3>\n<p>Stru\u010dne povedan\u00e9, nastavite\u013en\u00e9 valce s vidlicov\u00fdm uchyten\u00edm, ako napr\u00edklad 10-tonov\u00fd hydraulick\u00fd valec Quality Assurance, pon\u00fakaj\u00fa mno\u017estvo v\u00fdhod, v\u010faka ktor\u00fdm s\u00fa ob\u013e\u00fabenou vo\u013ebou v r\u00f4znych odvetviach. Od zv\u00fd\u0161enej flexibility a prisp\u00f4sobivosti a\u017e po zv\u00fd\u0161en\u00fa odolnos\u0165 a pevnos\u0165, tieto valce poskytuj\u00fa optim\u00e1lne rozlo\u017eenie za\u0165a\u017eenia, v\u0161estrann\u00e9 mo\u017enosti mont\u00e1\u017ee, presn\u00e9 ovl\u00e1danie a polohovanie, a to v\u0161etko za cenovo dostupn\u00fa cenu. Zv\u00e1\u017ete za\u010dlenenie nastavite\u013en\u00fdch valcov s vidlicov\u00fdm uchyten\u00edm do v\u00e1\u0161ho strojov\u00e9ho zariadenia, aby ste maximalizovali v\u00fdkon a efektivitu.<\/p>\n<p><img decoding=\"async\" src=\"https:\/\/fmp-components.com\/wp-content\/uploads\/2024\/12\/Adjustable-Clevis-Type-Cylinders5.webp\" alt=\"Nastavite\u013en\u00fd valec typu Clevis\" width=\"800\" title=\"\"><\/p>\n<h2>Pou\u017eitie nastavite\u013en\u00fdch valcov s vidlicov\u00fdm uchyten\u00edm<\/h2>\n<p>Nastavite\u013en\u00e9 valce s vidlicov\u00fdm uchyten\u00edm s\u00fa hydraulick\u00e9 valce, ktor\u00e9 s\u00fa navrhnut\u00e9 tak, aby poskytovali spo\u013eahliv\u00e9 a vysokov\u00fdkonn\u00e9 v\u00fdsledky. Tieto valce sa \u0161iroko pou\u017e\u00edvaj\u00fa v r\u00f4znych odvetviach vr\u00e1tane po\u013enohospod\u00e1rstva, stavebn\u00edctva a v\u00fdroby. V tomto blogovom pr\u00edspevku sa budeme venova\u0165 r\u00f4znym aplik\u00e1ci\u00e1m nastavite\u013en\u00fdch valcov s vidlicov\u00fdm uchyten\u00edm a tomu, ako zvy\u0161uj\u00fa v\u00fdkon r\u00f4znych strojov.<\/p>\n<h3>1. Po\u013enohospod\u00e1rske aplik\u00e1cie<\/h3>\n<p>Nastavite\u013en\u00e9 valce s vidlicov\u00fdm uchyten\u00edm sa \u010dasto pou\u017e\u00edvaj\u00fa v po\u013enohospod\u00e1rskych strojoch, ako s\u00fa traktory, kultiv\u00e1tory, pluhy a kombajny. Pou\u017e\u00edvaj\u00fa sa na zdv\u00edhanie, tla\u010denie a \u0165ahanie \u0165a\u017ek\u00fdch zariaden\u00ed a m\u00f4\u017eu pracova\u0165 v n\u00e1ro\u010dn\u00fdch prostrediach, kde sa vyskytuj\u00fa prach, ne\u010distoty a vlhkos\u0165. Valce s\u00fa navrhnut\u00e9 tak, aby odolali drsn\u00fdm podmienkam, a ich nastavite\u013en\u00e1 kon\u0161trukcia umo\u017e\u0148uje presn\u00e9 polohovanie, \u010do je nevyhnutn\u00e9 pre presn\u00e9 po\u013enohospod\u00e1rske oper\u00e1cie. Zabezpe\u010denie kvality 10-tonov\u00fd hydraulick\u00fd valec Zv\u00e1ran\u00fd hydraulick\u00fd valec na predaj s\u00fa dva pr\u00edklady nastavite\u013en\u00fdch valcov s vidlicov\u00fdm uchyten\u00edm, ktor\u00e9 sa be\u017ene pou\u017e\u00edvaj\u00fa v po\u013enohospod\u00e1rskych strojoch.<\/p>\n<h3>2. Stavebn\u00e9 aplik\u00e1cie<\/h3>\n<p>V stavebn\u00edctve sa nastavite\u013en\u00e9 valce s vidlicov\u00fdm uchyten\u00edm pou\u017e\u00edvaj\u00fa v \u0161irokej \u0161k\u00e1le aplik\u00e1ci\u00ed vr\u00e1tane r\u00fdpadiel, naklada\u010dov, buldoz\u00e9rov a \u017eeriavov. Tieto valce sa pou\u017e\u00edvaj\u00fa na zdv\u00edhanie a premiest\u0148ovanie \u0165a\u017ek\u00fdch bremien, prer\u00e1\u017eanie tvrd\u00fdch povrchov a kopanie z\u00e1kopov. Pou\u017e\u00edvaj\u00fa sa aj na ovl\u00e1danie pr\u00edslu\u0161enstva, ako s\u00fa vedr\u00e1, kladiv\u00e1 a vrt\u00e1ky. Nastavite\u013en\u00e1 kon\u0161trukcia t\u00fdchto valcov umo\u017e\u0148uje jednoduch\u00fa in\u0161tal\u00e1ciu a \u00fadr\u017ebu, \u010do je pre stavebn\u00edctvo nevyhnutn\u00e9. Zabezpe\u010denie kvality 10-tonov\u00fd hydraulick\u00fd valec Zv\u00e1ran\u00fd hydraulick\u00fd valec na predaj s\u00fa dva pr\u00edklady nastavite\u013en\u00fdch valcov s vidlicov\u00fdm uchyten\u00edm, ktor\u00e9 sa be\u017ene pou\u017e\u00edvaj\u00fa v stavebn\u00fdch strojoch.<\/p>\n<h3>3. V\u00fdrobn\u00e9 aplik\u00e1cie<\/h3>\n<p>Nastavite\u013en\u00e9 valce s vidlicov\u00fdm uchyten\u00edm sa \u010dasto pou\u017e\u00edvaj\u00fa vo v\u00fdrobn\u00fdch strojoch, ako s\u00fa lisy, raznice a vstrekovacie stroje. Pou\u017e\u00edvaj\u00fa sa na p\u00f4sobenie sily na r\u00f4zne komponenty strojov, aby sa zabezpe\u010dila presnos\u0165 a spr\u00e1vnos\u0165 vo v\u00fdrobnom procese. Tieto valce s\u00fa navrhnut\u00e9 tak, aby pracovali pri vysokom tlaku a poskytovali opakovate\u013en\u00fd v\u00fdkon, \u010do je nevyhnutn\u00e9 pre konzistentn\u00e9 a efekt\u00edvne v\u00fdrobn\u00e9 oper\u00e1cie. Zabezpe\u010denie kvality 10-tonov\u00fd hydraulick\u00fd valec Zv\u00e1ran\u00fd hydraulick\u00fd valec na predaj s\u00fa dva pr\u00edklady nastavite\u013en\u00fdch valcov s vidlicov\u00fdm uchyten\u00edm, ktor\u00e9 sa be\u017ene pou\u017e\u00edvaj\u00fa vo v\u00fdrobn\u00fdch strojoch.<\/p>\n<p>Z\u00e1verom mo\u017eno poveda\u0165, \u017ee nastavite\u013en\u00e9 valce s vidlicov\u00fdm uchyten\u00edm s\u00fa nevyhnutn\u00fdmi komponentmi v mnoh\u00fdch odvetviach. Ich nastavite\u013en\u00e1 kon\u0161trukcia umo\u017e\u0148uje presn\u00e9 polohovanie, jednoduch\u00fa in\u0161tal\u00e1ciu a \u00fadr\u017ebu. S\u00fa navrhnut\u00e9 tak, aby odolali n\u00e1ro\u010dn\u00fdm podmienkam a pracovali pri vysokom tlaku, \u010d\u00edm poskytovali spo\u013eahliv\u00fd a konzistentn\u00fd v\u00fdkon. Zabezpe\u010denie kvality 10-tonov\u00fd hydraulick\u00fd valec Zv\u00e1ran\u00fd hydraulick\u00fd valec na predaj s\u00fa dva pr\u00edklady nastavite\u013en\u00fdch valcov s vidlicov\u00fdm uchyten\u00edm, ktor\u00e9 sa \u010dasto pou\u017e\u00edvaj\u00fa v r\u00f4znych odvetviach. Pou\u017eit\u00edm t\u00fdchto valcov je mo\u017en\u00e9 v\u00fdrazne zv\u00fd\u0161i\u0165 v\u00fdkon a \u00fa\u010dinnos\u0165 r\u00f4znych strojov.<img decoding=\"async\" src=\"https:\/\/fmp-components.com\/wp-content\/uploads\/2024\/12\/Application-of-Adjustable-Clevis-Type-Cylinders.webp\" alt=\"Nastavite\u013en\u00fd valec typu Clevis\" width=\"800\" title=\"\"><\/p>\n<h3>O hydraulickom valci FMP<\/h3>\n<p><img decoding=\"async\" src=\"https:\/\/fmp-components.com\/wp-content\/uploads\/2024\/12\/Adjustable-Clevis-Type-Cylinders-6.webp\" alt=\"Nastavite\u013en\u00fd valec typu Clevis\" width=\"802\" title=\"\"><\/p>\n<p>V spolo\u010dnosti FMP sa \u0161pecializujeme na v\u00fdrobu a predaj vysokokvalitn\u00fdch hydraulick\u00fdch valcov. V\u010faka na\u0161im rozsiahlym sk\u00fasenostiam v tomto odvetv\u00ed a profesion\u00e1lnemu t\u00edmu sa zav\u00e4zujeme poskytova\u0165 na\u0161im z\u00e1kazn\u00edkom spo\u013eahliv\u00e9 a efekt\u00edvne rie\u0161enia pre ich potreby v oblasti stavebn\u00fdch strojov. Tu je p\u00e4\u0165 k\u013e\u00fa\u010dov\u00fdch v\u00fdhod na\u0161ich produktov a spolo\u010dnosti:<\/p>\n<p>1. \u0160irok\u00fd sortiment hydraulick\u00fdch valcov: Pon\u00fakame \u0161irok\u00fd sortiment hydraulick\u00fdch valcov, ktor\u00e9 vyhovuj\u00fa r\u00f4znym po\u017eiadavk\u00e1m stavebn\u00fdch strojov. Od \u0161tandardn\u00fdch valcov a\u017e po rie\u0161enia na mieru, m\u00e1me odborn\u00e9 znalosti, aby sme splnili va\u0161e \u0161pecifick\u00e9 potreby.<\/p>\n<p>2. Vynikaj\u00faca kvalita: Na\u0161e hydraulick\u00e9 valce s\u00fa vyroben\u00e9 z najkvalitnej\u0161\u00edch materi\u00e1lov a pokro\u010dil\u00fdch technol\u00f3gi\u00ed, \u010do zaru\u010duje v\u00fdnimo\u010dn\u00fa odolnos\u0165 a v\u00fdkon. Ka\u017ed\u00fd valec prech\u00e1dza pr\u00edsnymi kontrolami kvality, aby sp\u013a\u0148al najvy\u0161\u0161ie priemyseln\u00e9 \u0161tandardy.<\/p>\n<p>3. Odborn\u00fd obchodn\u00fd t\u00edm: N\u00e1\u0161 sk\u00fasen\u00fd obchodn\u00fd t\u00edm m\u00e1 bohat\u00e9 znalosti o najnov\u0161\u00edch trendoch a po\u017eiadavk\u00e1ch z\u00e1kazn\u00edkov v odvetv\u00ed stavebn\u00fdch strojov. Poskytuje profesion\u00e1lne konzult\u00e1cie o produktoch a cenn\u00e9 tipy na n\u00e1kup, ktor\u00e9 v\u00e1m pom\u00f4\u017eu robi\u0165 informovan\u00e9 rozhodnutia.<\/p>\n<p>4. Efekt\u00edvna logistick\u00e1 distrib\u00facia: Ch\u00e1peme d\u00f4le\u017eitos\u0165 v\u010dasn\u00e9ho dodania. N\u00e1\u0161 efekt\u00edvny logistick\u00fd distribu\u010dn\u00fd syst\u00e9m zabezpe\u010duje, \u017ee po\u017eadovan\u00e9 hydraulick\u00e9 valce dostanete r\u00fdchlo a presne, \u010d\u00edm sa minimalizuj\u00fa prestoje a maximalizuje produktivita.<\/p>\n<p>5. Siln\u00e9 partnerstv\u00e1 s dod\u00e1vate\u013emi: Vybudovali sme si dlhodob\u00e9 a stabiln\u00e9 vz\u0165ahy s vysokokvalitn\u00fdmi dod\u00e1vate\u013emi po celom svete. To n\u00e1m umo\u017e\u0148uje z\u00edskava\u0165 a dod\u00e1va\u0165 diely pre stavebn\u00e9 stroje, ktor\u00e9 sp\u013a\u0148aj\u00fa pr\u00edsne normy kvality, \u010d\u00edm zabezpe\u010dujeme spo\u013eahlivos\u0165 a dlh\u00fa \u017eivotnos\u0165 na\u0161ich hydraulick\u00fdch valcov.<\/p>\n<p>Vyberte si hydraulick\u00fd valec FMP pre v\u00fdnimo\u010dn\u00fa kvalitu, spo\u013eahliv\u00fd v\u00fdkon a vynikaj\u00faci z\u00e1kazn\u00edcky servis. Spolupracujte s nami e\u0161te dnes a za\u017eite rozdiel v prev\u00e1dzke va\u0161ich stavebn\u00fdch strojov.<\/p>\n<h2>\u010casto kladen\u00e9 ot\u00e1zky<\/h2>\n<p><strong>Ot\u00e1zka: Pre ktor\u00e9 odvetvia je vhodn\u00fd 10-tonov\u00fd hydraulick\u00fd valec?<\/strong><br \/>\nA: 10-tonov\u00fd hydraulick\u00fd valec je v\u0161estrann\u00fd a vhodn\u00fd pre r\u00f4zne odvetvia vr\u00e1tane opravovn\u00ed strojov, fariem, energetiky a ban\u00edctva a v\u00fdroby strojov.<\/p>\n<p><strong>Ot\u00e1zka: Ak\u00e9 s\u00fa mo\u017enosti prisp\u00f4sobenia pre 10-tonov\u00fd hydraulick\u00fd valec?<\/strong><br \/>\nA: V spolo\u010dnosti FMP pon\u00fakame mo\u017enosti prisp\u00f4sobenia ve\u013ekosti v\u0155tania, d\u013a\u017eky zdvihu a nosnosti, \u010d\u00edm prisp\u00f4sobujeme na\u0161e valce va\u0161im presn\u00fdm \u0161pecifik\u00e1ci\u00e1m.<\/p>\n<p><strong>Ot\u00e1zka: Ak\u00e1 je z\u00e1ru\u010dn\u00e1 doba na 10-tonov\u00fd hydraulick\u00fd valec?<\/strong><\/p>\n<p>A: 10-tonov\u00fd hydraulick\u00fd valec sa dod\u00e1va s 1-ro\u010dnou z\u00e1rukou, ktor\u00e1 zais\u0165uje ochranu va\u0161ej invest\u00edcie.<\/p>\n<p><img decoding=\"async\" src=\"https:\/\/img.jiansujichilun.com\/img\/hydrauliccylinders\/C_hydrauliccylinders-5.webp\" alt=\"hydraulick\u00fd valec\" width=\"800\" title=\"\"><\/p>\n<p>Autor\uff1a CX<\/p>","protected":false},"excerpt":{"rendered":"<p>Introducing the 10 Ton Hydraulic Cylinder Welded Hydraulic Cylinder For Sale: The 10 Ton Hydraulic Cylinder Welded Hydraulic Cylinder is a high-quality product designed for various industrial applications. This hydraulic cylinder offers exceptional performance and durability, making it a reliable choice for heavy-duty tasks. Key Features: 1. High-Quality Construction: The hydraulic cylinder is constructed with [&hellip;]<\/p>","protected":false},"featured_media":1340,"comment_status":"closed","ping_status":"closed","template":"","meta":{"_et_pb_use_builder":"","_et_pb_old_content":"","_et_gb_content_width":""},"product_brand":[],"product_cat":[39],"product_tag":[41,34],"class_list":{"0":"post-1339","1":"product","2":"type-product","3":"status-publish","4":"has-post-thumbnail","6":"product_cat-adjustable-clevis-type-cylinders","7":"product_tag-adjustable-clevis-type-cylinders","8":"product_tag-hydraulic-cylinder","10":"first","11":"instock","12":"product-type-simple"},"_links":{"self":[{"href":"https:\/\/fmp-components.com\/sk\/wp-json\/wp\/v2\/product\/1339","targetHints":{"allow":["GET"]}}],"collection":[{"href":"https:\/\/fmp-components.com\/sk\/wp-json\/wp\/v2\/product"}],"about":[{"href":"https:\/\/fmp-components.com\/sk\/wp-json\/wp\/v2\/types\/product"}],"replies":[{"embeddable":true,"href":"https:\/\/fmp-components.com\/sk\/wp-json\/wp\/v2\/comments?post=1339"}],"wp:featuredmedia":[{"embeddable":true,"href":"https:\/\/fmp-components.com\/sk\/wp-json\/wp\/v2\/media\/1340"}],"wp:attachment":[{"href":"https:\/\/fmp-components.com\/sk\/wp-json\/wp\/v2\/media?parent=1339"}],"wp:term":[{"taxonomy":"product_brand","embeddable":true,"href":"https:\/\/fmp-components.com\/sk\/wp-json\/wp\/v2\/product_brand?post=1339"},{"taxonomy":"product_cat","embeddable":true,"href":"https:\/\/fmp-components.com\/sk\/wp-json\/wp\/v2\/product_cat?post=1339"},{"taxonomy":"product_tag","embeddable":true,"href":"https:\/\/fmp-components.com\/sk\/wp-json\/wp\/v2\/product_tag?post=1339"}],"curies":[{"name":"pracovn\u00fd list","href":"https:\/\/api.w.org\/{rel}","templated":true}]}}