{"id":1337,"date":"2024-12-23T02:18:07","date_gmt":"2024-12-23T02:18:07","guid":{"rendered":"https:\/\/fmp-components.com\/product\/professional-craftsmanship-hydraulic-piston-cylinder-customized-double-acting-hydraulic-cylinder\/"},"modified":"2024-12-23T03:50:01","modified_gmt":"2024-12-23T03:50:01","slug":"professional-craftsmanship-hydraulic-piston-cylinder-customized-double-acting-hydraulic-cylinder","status":"publish","type":"product","link":"https:\/\/fmp-components.com\/sk\/product\/professional-craftsmanship-hydraulic-piston-cylinder-customized-double-acting-hydraulic-cylinder\/","title":{"rendered":"Profesion\u00e1lne remeseln\u00e9 spracovanie hydraulick\u00e9ho piestov\u00e9ho valca Prisp\u00f4soben\u00fd dvoj\u010dinn\u00fd hydraulick\u00fd valec"},"content":{"rendered":"<p>Hydraulick\u00fd piestov\u00fd valec Professional Craftsmanship je dvoj\u010dinn\u00fd hydraulick\u00fd valec vyroben\u00fd na mieru, ktor\u00fd je navrhnut\u00fd s maxim\u00e1lnou presnos\u0165ou a odborn\u00fdmi znalos\u0165ami. Tento hydraulick\u00fd valec je skon\u0161truovan\u00fd tak, aby poskytoval v\u00fdnimo\u010dn\u00fd v\u00fdkon a odolnos\u0165 v r\u00f4znych priemyseln\u00fdch aplik\u00e1ci\u00e1ch.<\/p>\n<p>V\u010faka pokro\u010dil\u00e9mu dizajnu a kon\u0161trukcii tento hydraulick\u00fd piestov\u00fd valec zais\u0165uje plynul\u00fd a efekt\u00edvny chod, \u010do umo\u017e\u0148uje presn\u00e9 ovl\u00e1danie a optim\u00e1lny prenos v\u00fdkonu. Je skon\u0161truovan\u00fd tak, aby odolal vysok\u00e9mu tlaku a \u0165a\u017ek\u00fdm za\u0165a\u017eeniam, v\u010faka \u010domu je vhodn\u00fd pre n\u00e1ro\u010dn\u00e9 a pr\u00edsne podmienky.<\/p>\n<p>Hydraulick\u00fd piestov\u00fd valec Professional Craftsmanship je starostlivo vyroben\u00fd z vysoko kvalitn\u00fdch materi\u00e1lov a komponentov. Ka\u017ed\u00fd aspekt jeho v\u00fdrobn\u00e9ho procesu je starostlivo riaden\u00fd, aby sa zaru\u010dila v\u00fdnimo\u010dn\u00e1 kvalita a spo\u013eahlivos\u0165. Valec je skon\u0161truovan\u00fd tak, aby vydr\u017eal a poskytoval dlhotrvaj\u00faci v\u00fdkon, \u010d\u00edm sa zni\u017euj\u00fa prestoje a n\u00e1klady na \u00fadr\u017ebu.<\/p>\n<p><img loading=\"lazy\" decoding=\"async\" class=\"alignnone size-full wp-image-1334\" src=\"https:\/\/fmp-components.com\/wp-content\/uploads\/2024\/12\/Adjustable-Clevis-Type-Cylinders-4.webp\" alt=\"Nastavite\u013en\u00e9 valce s vidlicov\u00fdm z\u00e1vesom\" width=\"800\" height=\"800\" title=\"\" srcset=\"https:\/\/fmp-components.com\/wp-content\/uploads\/2024\/12\/Adjustable-Clevis-Type-Cylinders-4.webp 800w, https:\/\/fmp-components.com\/wp-content\/uploads\/2024\/12\/Adjustable-Clevis-Type-Cylinders-4-480x480.webp 480w\" sizes=\"(min-width: 0px) and (max-width: 480px) 480px, (min-width: 481px) 800px, 100vw\" \/><\/p>\n<p>Tento hydraulick\u00fd valec je mo\u017en\u00e9 prisp\u00f4sobi\u0165 tak, aby sp\u013a\u0148al \u0161pecifick\u00e9 po\u017eiadavky a \u0161pecifik\u00e1cie, \u010d\u00edm sa zabezpe\u010d\u00ed kompatibilita s r\u00f4znymi syst\u00e9mami a zariadeniami. \u010ci u\u017e sa pou\u017e\u00edva v stavebn\u00edctve, v\u00fdrobe alebo in\u00fdch odvetviach, pon\u00faka v\u0161estrannos\u0165 a prisp\u00f4sobivos\u0165 r\u00f4znym aplik\u00e1ci\u00e1m.<\/p>\n<p>Z\u00e1verom mo\u017eno poveda\u0165, \u017ee hydraulick\u00fd piestov\u00fd valec Professional Craftsmanship je \u0161pi\u010dkov\u00fd produkt, ktor\u00fd kombinuje vynikaj\u00face in\u017einierstvo, vynikaj\u00faci v\u00fdkon a v\u00fdnimo\u010dn\u00fa odolnos\u0165. Jeho prisp\u00f4soben\u00fd dizajn a robustn\u00e1 kon\u0161trukcia z neho robia ide\u00e1lnu vo\u013ebu pre ak\u00fdko\u013evek hydraulick\u00fd syst\u00e9m a zais\u0165uj\u00fa spo\u013eahliv\u00fa a efekt\u00edvnu prev\u00e1dzku.<\/p>\n<table style=\"width: 100%;\" border=\"1\" width=\"100%\" cellspacing=\"0\" cellpadding=\"0\">\n<tbody>\n<tr>\n<th>N\u00e1zov produktu<\/th>\n<td>Hydraulick\u00fd piestov\u00fd valec<\/td>\n<\/tr>\n<tr>\n<th>Stav<\/th>\n<td>Nov\u00e9<\/td>\n<\/tr>\n<tr>\n<th>Remeseln\u00e9 spracovanie<\/th>\n<td>Profesion\u00e1lne remeseln\u00e9 spracovanie<\/td>\n<\/tr>\n<tr>\n<th>Prisp\u00f4sobenie<\/th>\n<td>Prisp\u00f4soben\u00e9 va\u0161im potreb\u00e1m<\/td>\n<\/tr>\n<tr>\n<th>Typ<\/th>\n<td>Dvoj\u010dinn\u00fd hydraulick\u00fd valec<\/td>\n<\/tr>\n<tr>\n<th>Z\u00e1ruka<\/th>\n<td>1 rok<\/td>\n<\/tr>\n<tr>\n<th>Hmotnos\u0165 (kg)<\/th>\n<td>30<\/td>\n<\/tr>\n<tr>\n<th>Typ valca<\/th>\n<td>Nastavite\u013en\u00fd typ s vidlicou<\/td>\n<\/tr>\n<tr>\n<th>Porty<\/th>\n<td>G\/SAE\/NPT\/M<\/td>\n<\/tr>\n<tr>\n<th>Maxim\u00e1lny \u0165ah<\/th>\n<td>3000<\/td>\n<\/tr>\n<tr>\n<th>Maxim\u00e1lny \u0165ah<\/th>\n<td>20 ton<\/td>\n<\/tr>\n<tr>\n<th>Certifik\u00e1cia<\/th>\n<td>ISO 9001:2000<\/td>\n<\/tr>\n<tr>\n<th>Pou\u017eite\u013en\u00e9 odvetvia<\/th>\n<td>Opravovne strojov, Farmy, Energia a ban\u00edctvo, V\u00fdroba strojov, Stroj\u00e1rne<\/td>\n<\/tr>\n<\/tbody>\n<\/table>\n<h2>V\u00fdhody nastavite\u013en\u00fdch valcov s vidlicov\u00fdm uchyten\u00edm<\/h2>\n<p>Nastavite\u013en\u00e9 valce s vidlicov\u00fdm uchyten\u00edm s\u00fa hydraulick\u00e9 piestov\u00e9 valce, ktor\u00e9 maj\u00fa na konci ty\u010de vidlicov\u00fd uchytenie, ktor\u00e9 je mo\u017en\u00e9 nastavi\u0165 tak, aby vyhovovalo r\u00f4znym mont\u00e1\u017enym bodom. Tieto valce maj\u00fa oproti in\u00fdm typom valcov nieko\u013eko v\u00fdhod, vr\u00e1tane:<\/p>\n<ul>\n<li>Prisp\u00f4sobite\u013enos\u0165<\/li>\n<li>Zv\u00fd\u0161en\u00e1 flexibilita<\/li>\n<li>Vylep\u0161en\u00fd v\u00fdkon<\/li>\n<li>Profesion\u00e1lne remeseln\u00e9 spracovanie<\/li>\n<\/ul>\n<p><strong>Prisp\u00f4sobite\u013enos\u0165<\/strong><\/p>\n<p>Jednou z hlavn\u00fdch v\u00fdhod nastavite\u013en\u00fdch valcov s vidlicov\u00fdm uchyten\u00edm je ich mo\u017enos\u0165 prisp\u00f4sobenia. Tieto valce je mo\u017en\u00e9 vyrobi\u0165 tak, aby vyhovovali \u0161irokej \u0161k\u00e1le aplik\u00e1ci\u00ed, preto\u017ee d\u013a\u017eka valca a vidlicov\u00fd uchytenie na konci ty\u010de sa daj\u00fa nastavi\u0165 tak, aby vyhovovali \u0161pecifick\u00fdm potreb\u00e1m ka\u017edej aplik\u00e1cie. V\u010faka tomu s\u00fa ide\u00e1lnou vo\u013ebou pre aplik\u00e1cie, kde nie je mo\u017en\u00e9 pou\u017ei\u0165 \u0161tandardn\u00fd valec.<\/p>\n<p><strong>Zv\u00fd\u0161en\u00e1 flexibilita<\/strong><\/p>\n<p>\u010eal\u0161ou v\u00fdhodou nastavite\u013en\u00fdch valcov s vidlicov\u00fdm uchyten\u00edm je ich zv\u00fd\u0161en\u00e1 flexibilita. Mo\u017enos\u0165 nastavenia vidlicov\u00e9ho uchytenia na konci ty\u010de umo\u017e\u0148uje v\u00e4\u010d\u0161iu flexibilitu pri mont\u00e1\u017ei valca. To znamen\u00e1, \u017ee valec je mo\u017en\u00e9 namontova\u0165 v r\u00f4znych poloh\u00e1ch, \u010do m\u00f4\u017ee by\u0165 obzvl\u00e1\u0161\u0165 u\u017eito\u010dn\u00e9 v aplik\u00e1ci\u00e1ch s obmedzen\u00fdm priestorom.<\/p>\n<p><strong>Vylep\u0161en\u00fd v\u00fdkon<\/strong><\/p>\n<p>Nastavite\u013en\u00e9 valce s vidlicov\u00fdm uchyten\u00edm m\u00f4\u017eu tie\u017e zlep\u0161i\u0165 v\u00fdkon v ur\u010dit\u00fdch aplik\u00e1ci\u00e1ch. V\u010faka v\u00e4\u010d\u0161ej flexibilite pri mont\u00e1\u017ei je mo\u017en\u00e9 tieto valce umiestni\u0165 tak, aby mohli efekt\u00edvnej\u0161ie vyv\u00edja\u0165 silu. To m\u00f4\u017ee vies\u0165 k zlep\u0161eniu v\u00fdkonu a vy\u0161\u0161ej produktivite.<\/p>\n<p><strong>Profesion\u00e1lne remeseln\u00e9 spracovanie<\/strong><\/p>\n<p>Nakoniec, nastavite\u013en\u00e9 valce s vidlicov\u00fdm z\u00e1vitom s\u00fa \u010dasto vyroben\u00e9 s profesion\u00e1lnou presnos\u0165ou. To znamen\u00e1, \u017ee s\u00fa vyroben\u00e9 z vysoko kvalitn\u00fdch materi\u00e1lov a s\u00fa navrhnut\u00e9 tak, aby sp\u013a\u0148ali pr\u00edsne \u0161pecifik\u00e1cie. To zaru\u010duje ich spo\u013eahlivos\u0165 a odolnos\u0165, \u010do je nevyhnutn\u00e9 v aplik\u00e1ci\u00e1ch, kde je porucha nemo\u017en\u00e1.<\/p>\n<p>Z\u00e1verom mo\u017eno poveda\u0165, \u017ee nastavite\u013en\u00e9 valce s vidlicov\u00fdm uchyten\u00edm pon\u00fakaj\u00fa oproti in\u00fdm typom valcov nieko\u013eko v\u00fdhod, vr\u00e1tane prisp\u00f4sobite\u013enosti, zv\u00fd\u0161enej flexibility, zlep\u0161en\u00e9ho v\u00fdkonu a profesion\u00e1lneho spracovania. Tieto valce s\u00fa vynikaj\u00facou vo\u013ebou pre aplik\u00e1cie, kde nie je mo\u017en\u00e9 pou\u017ei\u0165 \u0161tandardn\u00e9 valce, a ur\u010dite poskytn\u00fa spo\u013eahliv\u00fd a efekt\u00edvny v\u00fdkon v r\u00f4znych nastaveniach. Ak teda h\u013ead\u00e1te vysokokvalitn\u00fd hydraulick\u00fd piestov\u00fd valec, zv\u00e1\u017ete nastavite\u013en\u00fd valec s vidlicov\u00fdm uchyten\u00edm.<img decoding=\"async\" src=\"https:\/\/fmp-components.com\/wp-content\/uploads\/2024\/12\/Adjustable-Clevis-Type-Cylinders5.webp\" alt=\"Nastavite\u013en\u00fd valec typu Clevis\" width=\"800\" title=\"\"><\/p>\n<h2>Pou\u017eitie nastavite\u013en\u00fdch valcov s vidlicov\u00fdm uchyten\u00edm<\/h2>\n<p>Nastavite\u013en\u00e9 valce s vidlicov\u00fdm z\u00e1vitom, zn\u00e1me aj ako hydraulick\u00e9 piestov\u00e9 valce, s\u00fa z\u00e1kladn\u00fdmi komponentmi v r\u00f4znych priemyseln\u00fdch aplik\u00e1ci\u00e1ch. Tieto valce zohr\u00e1vaj\u00fa k\u013e\u00fa\u010dov\u00fa \u00falohu pri zabezpe\u010dovan\u00ed hladk\u00e9ho chodu strojov a zariaden\u00ed v\u010faka svojmu profesion\u00e1lnemu spracovaniu a prisp\u00f4sobite\u013en\u00fdm funkci\u00e1m. V tomto \u010dl\u00e1nku presk\u00famame r\u00f4zne aplik\u00e1cie nastavite\u013en\u00fdch valcov s vidlicov\u00fdm z\u00e1vitom a ponor\u00edme sa do ich funk\u010dnosti a v\u00fdhod.<\/p>\n<h3>1. Priemyseln\u00e1 automatiz\u00e1cia<\/h3>\n<p>Nastavite\u013en\u00e9 valce s vidlicov\u00fdm uchyten\u00edm nach\u00e1dzaj\u00fa \u0161irok\u00e9 uplatnenie v priemyseln\u00fdch automatiza\u010dn\u00fdch syst\u00e9moch, kde je potrebn\u00fd presn\u00fd a kontrolovan\u00fd line\u00e1rny pohyb. Tieto valce sa be\u017ene pou\u017e\u00edvaj\u00fa v robotick\u00fdch ramen\u00e1ch, manipula\u010dn\u00fdch zariadeniach a mont\u00e1\u017enych link\u00e1ch. V\u010faka svojmu dvoj\u010dinn\u00e9mu hydraulick\u00e9mu mechanizmu dok\u00e1\u017eu tieto valce efekt\u00edvne vykon\u00e1va\u0165 \u00falohy, ako je uchopovanie, zdv\u00edhanie a polohovanie, \u010d\u00edm zvy\u0161uj\u00fa celkov\u00fa \u00fa\u010dinnos\u0165 a presnos\u0165 automatiza\u010dn\u00e9ho procesu.<\/p>\n<h3>2. V\u00fdstavba a infra\u0161trukt\u00fara<\/h3>\n<p>\u010eal\u0161\u00edm v\u00fdznamn\u00fdm vyu\u017eit\u00edm nastavite\u013en\u00fdch valcov s vidlicov\u00fdm uchyten\u00edm je stavebn\u00edctvo a infra\u0161trukt\u00fara. Tieto valce sa pou\u017e\u00edvaj\u00fa v \u0165a\u017ek\u00fdch strojoch, ako s\u00fa bagre, buldoz\u00e9ry a \u017eeriavy, aby umo\u017enili plynul\u00fd pohyb r\u00f4znych komponentov. \u010ci u\u017e ide o vys\u00favanie v\u00fdlo\u017en\u00edka \u017eeriavu alebo nastavovanie uhla ly\u017eice bagra, tieto valce poskytuj\u00fa potrebn\u00fa silu a ovl\u00e1danie na efekt\u00edvne vykon\u00e1vanie t\u00fdchto \u00faloh.<\/p>\n<h3>3. Po\u013enohospod\u00e1rske stroje<\/h3>\n<p>Po\u013enohospod\u00e1rsky priemysel sa vo ve\u013ekej miere spolieha na nastavite\u013en\u00e9 valce s vidlicov\u00fdm uz\u00e1verom na ovl\u00e1danie r\u00f4znych typov strojov. Od traktorov a\u017e po kombajny a pluhy s\u00fa tieto valce nevyhnutn\u00e9 pre \u00falohy, ako je zdv\u00edhanie, nakl\u00e1\u0148anie a ot\u00e1\u010danie po\u013enohospod\u00e1rskych zariaden\u00ed. V\u010faka svojej odolnosti, vysokej nosnosti a schopnosti odol\u00e1va\u0165 drsn\u00fdm podmienkam prostredia s\u00fa ide\u00e1lne pre n\u00e1ro\u010dn\u00fa povahu po\u013enohospod\u00e1rskych oper\u00e1ci\u00ed.<\/p>\n<h3>4. Manipul\u00e1cia s materi\u00e1lom<\/h3>\n<p>V aplik\u00e1ci\u00e1ch manipul\u00e1cie s materi\u00e1lom zohr\u00e1vaj\u00fa nastavite\u013en\u00e9 valce s vidlicov\u00fdm uchyten\u00edm d\u00f4le\u017eit\u00fa \u00falohu pri u\u013eah\u010dovan\u00ed pohybu a manipul\u00e1cie s \u0165a\u017ek\u00fdmi bremenami. Tieto valce sa be\u017ene nach\u00e1dzaj\u00fa vo vysokozdvi\u017en\u00fdch voz\u00edkoch, dopravn\u00edkov\u00fdch syst\u00e9moch a zdv\u00edhac\u00edch plo\u0161in\u00e1ch. Kon\u0161trukcia hydraulick\u00e9ho piestu umo\u017e\u0148uje presn\u00e9 ovl\u00e1danie zdv\u00edhac\u00edch a sp\u00fa\u0161\u0165ac\u00edch pohybov, \u010d\u00edm sa zabezpe\u010duje bezpe\u010dn\u00e1 a efekt\u00edvna manipul\u00e1cia s materi\u00e1lom.<\/p>\n<h3>5. V\u00fdroba a produkcia<\/h3>\n<p>V\u00fdrobn\u00e9 z\u00e1vody a zariadenia vyu\u017e\u00edvaj\u00fa nastavite\u013en\u00e9 valce s vidlicov\u00fdm uchyten\u00edm na zv\u00fd\u0161enie efektivity a produktivity. Tieto valce s\u00fa integrovan\u00e9 do strojov, ako s\u00fa lisy, raznice a vstrekovacie lisovacie zariadenia, aby zabezpe\u010dili kontrolovan\u00fa silu po\u010das v\u00fdrobn\u00e9ho procesu. V\u010faka svojim prisp\u00f4sobite\u013en\u00fdm funkci\u00e1m, ako je d\u013a\u017eka zdvihu a nosnos\u0165, je mo\u017en\u00e9 tieto valce prisp\u00f4sobi\u0165 \u0161pecifick\u00fdm v\u00fdrobn\u00fdm po\u017eiadavk\u00e1m.<\/p>\n<p>Nastavite\u013en\u00e9 valce s vidlicov\u00fdm z\u00e1vitom v\u010faka svojmu profesion\u00e1lnemu spracovaniu a mo\u017enostiam prisp\u00f4sobenia maj\u00fa \u0161irok\u00e9 uplatnenie v r\u00f4znych odvetviach. Od priemyselnej automatiz\u00e1cie a\u017e po stavebn\u00edctvo, po\u013enohospod\u00e1rstvo, manipul\u00e1ciu s materi\u00e1lom a v\u00fdrobu, tieto valce dokazuj\u00fa svoju v\u0161estrannos\u0165 a spo\u013eahlivos\u0165. Ich schopnos\u0165 poskytova\u0165 presn\u00fd a kontrolovan\u00fd line\u00e1rny pohyb z nich rob\u00ed nenahradite\u013en\u00e9 s\u00fa\u010diastky v nespo\u010detn\u00fdch strojoch a zariadeniach. V\u010faka svojmu dizajnu \u0161pecifick\u00e9mu pre dan\u00fa aplik\u00e1ciu a vyu\u017eitiu pokro\u010dil\u00fdch technol\u00f3gi\u00ed nastavite\u013en\u00e9 valce s vidlicov\u00fdm z\u00e1vitom na\u010falej prispievaj\u00fa k rozvoju priemyseln\u00fdch odvetv\u00ed na celom svete.<\/p>\n<p><img decoding=\"async\" src=\"https:\/\/fmp-components.com\/wp-content\/uploads\/2024\/12\/Application-of-Adjustable-Clevis-Type-Cylinders.webp\" alt=\"Nastavite\u013en\u00fd valec typu Clevis\" width=\"800\" title=\"\"><\/p>\n<h3>O hydraulickom valci FMP<\/h3>\n<p>FMP je popredn\u00e1 spolo\u010dnos\u0165 \u0161pecializuj\u00faca sa na predaj a servis vysokokvalitn\u00fdch dielov a kompletn\u00fdch strojov pre stavebn\u00e9 stroje. N\u00e1\u0161 hydraulick\u00fd valec je jedn\u00fdm z na\u0161ich najpred\u00e1vanej\u0161\u00edch produktov a s hrdos\u0165ou predstavujeme jeho vlastnosti a v\u00fdhody na\u0161im klientom:<\/p>\n<ol>\n<li><strong>Robustn\u00fd a odoln\u00fd:<\/strong> N\u00e1\u0161 hydraulick\u00fd valec je vyroben\u00fd z vysoko kvalitn\u00fdch materi\u00e1lov, ktor\u00e9 zaru\u010duj\u00fa jeho odolnos\u0165 a dlh\u00fa \u017eivotnos\u0165. Je navrhnut\u00fd tak, aby odolal n\u00e1ro\u010dn\u00fdm podmienkam a n\u00e1ro\u010dnej prev\u00e1dzke, v\u010faka \u010domu je ide\u00e1lnou vo\u013ebou pre stavebn\u00e9 stroje.<\/li>\n<li><strong>Prisp\u00f4sobite\u013en\u00e9:<\/strong> Pon\u00fakame \u0161irok\u00fd sortiment hydraulick\u00fdch valcov vr\u00e1tane nastavite\u013en\u00fdch valcov s vidlicov\u00fdm uchyten\u00edm, valcov s \u0165ahadlou a zv\u00e1ran\u00fdch valcov. N\u00e1\u0161 t\u00edm odborn\u00edkov dok\u00e1\u017ee valce prisp\u00f4sobi\u0165 aj va\u0161im jedine\u010dn\u00fdm po\u017eiadavk\u00e1m a \u0161pecifik\u00e1ci\u00e1m.<\/li>\n<li><strong>Hladk\u00e9 a efekt\u00edvne:<\/strong> N\u00e1\u0161 hydraulick\u00fd valec sa vyzna\u010duje vysoko kvalitn\u00fdm tesnen\u00edm piesta a ty\u010de, ktor\u00e9 zais\u0165uje plynul\u00fd a efekt\u00edvny chod. M\u00e1 tie\u017e kompaktn\u00fd dizajn, ktor\u00fd \u0161etr\u00ed priestor pri in\u0161tal\u00e1cii a zni\u017euje spotrebu energie.<\/li>\n<li><strong>Cenovo v\u00fdhodn\u00e9:<\/strong> N\u00e1\u0161 hydraulick\u00fd valec m\u00e1 konkurencieschopn\u00fa cenu a z\u00e1rove\u0148 si zachov\u00e1va vysok\u00e9 \u0161tandardy kvality. Jeho n\u00edzke n\u00e1roky na \u00fadr\u017ebu a dlh\u00e1 \u017eivotnos\u0165 tie\u017e zni\u017euj\u00fa prev\u00e1dzkov\u00e9 n\u00e1klady pre na\u0161ich klientov.<\/li>\n<li><strong>Vynikaj\u00faci z\u00e1kazn\u00edcky servis:<\/strong> V spolo\u010dnosti FMP m\u00e1me t\u00edm sk\u00fasen\u00fdch a profesion\u00e1lnych obchodn\u00fdch z\u00e1stupcov, ktor\u00ed poskytuj\u00fa odborn\u00e9 poradenstvo v oblasti produktov a inteligentn\u00e9 n\u00e1vrhy na n\u00e1kup. M\u00e1me tie\u017e efekt\u00edvny logistick\u00fd distribu\u010dn\u00fd syst\u00e9m, ktor\u00fd zabezpe\u010duje v\u010dasn\u00e9 a presn\u00e9 dodanie na\u0161ich produktov na\u0161im klientom.<\/li>\n<\/ol>\n<p>Ako spolo\u010dnos\u0165, ktor\u00e1 p\u00f4sob\u00ed v tomto odvetv\u00ed u\u017e mnoho rokov, sa zav\u00e4zujeme poskytova\u0165 na\u0161im klientom tie najlep\u0161ie produkty a slu\u017eby. S hydraulick\u00fdm valcom FMP si m\u00f4\u017eete by\u0165 ist\u00ed spo\u013eahliv\u00fdm a vysoko v\u00fdkonn\u00fdm hydraulick\u00fdm syst\u00e9mom pre va\u0161e potreby v oblasti stavebn\u00fdch strojov.<\/p>\n<p><img decoding=\"async\" src=\"https:\/\/fmp-components.com\/wp-content\/uploads\/2024\/12\/Adjustable-Clevis-Type-Cylinders-6.webp\" alt=\"Nastavite\u013en\u00fd valec typu Clevis\" width=\"801\" title=\"\"><\/p>\n<h2>\u010casto kladen\u00e9 ot\u00e1zky<\/h2>\n<p><strong>Ot\u00e1zka: Ak\u00e9 s\u00fa mo\u017enosti prisp\u00f4sobenia pre hydraulick\u00fd piestov\u00fd valec?<\/strong><br \/>\nA: M\u00f4\u017eete si \u0161pecifikova\u0165 po\u017eadovan\u00fa ve\u013ekos\u0165 otvoru, ve\u013ekos\u0165 ty\u010de, ve\u013ekos\u0165 zdvihu a ve\u013ekos\u0165 \u010dapu pod\u013ea svojich \u0161pecifick\u00fdch potrieb.<\/p>\n<p><strong>Ot\u00e1zka: Ktor\u00e9 odvetvia m\u00f4\u017eu ma\u0165 \u00fa\u017eitok z tohto hydraulick\u00e9ho valca?<\/strong><\/p>\n<p>A: Tento produkt je ide\u00e1lny na pou\u017eitie v odvetviach, ako s\u00fa opravovne strojov, farmy, energetika a ban\u00edctvo, v\u00fdroba strojov a stroj\u00e1rne.<\/p>\n<p><strong>Ot\u00e1zka: Ak\u00e1 je z\u00e1ru\u010dn\u00e1 doba na hydraulick\u00fd piestov\u00fd valec?<\/strong><br \/>\nA: Hydraulick\u00fd piestov\u00fd valec sa dod\u00e1va s 1-ro\u010dnou z\u00e1rukou.<\/p>\n<p><img decoding=\"async\" src=\"https:\/\/img.jiansujichilun.com\/img\/hydrauliccylinders\/B_hydrauliccylinders-3.webp\" alt=\"hydraulick\u00fd valec\" width=\"800\" title=\"\"><\/p>\n<p>Autor\uff1a CX<\/p>","protected":false},"excerpt":{"rendered":"<p>The Professional Craftsmanship Hydraulic Piston Cylinder is a customized double-acting hydraulic cylinder that is designed with utmost precision and expertise. This hydraulic cylinder is built to deliver exceptional performance and durability in various industrial applications. With its advanced design and construction, this hydraulic piston cylinder ensures smooth and efficient operation, allowing for precise control and [&hellip;]<\/p>","protected":false},"featured_media":1338,"comment_status":"closed","ping_status":"closed","template":"","meta":{"_et_pb_use_builder":"","_et_pb_old_content":"","_et_gb_content_width":""},"product_brand":[],"product_cat":[39],"product_tag":[41,34],"class_list":{"0":"post-1337","1":"product","2":"type-product","3":"status-publish","4":"has-post-thumbnail","6":"product_cat-adjustable-clevis-type-cylinders","7":"product_tag-adjustable-clevis-type-cylinders","8":"product_tag-hydraulic-cylinder","10":"first","11":"instock","12":"product-type-simple"},"_links":{"self":[{"href":"https:\/\/fmp-components.com\/sk\/wp-json\/wp\/v2\/product\/1337","targetHints":{"allow":["GET"]}}],"collection":[{"href":"https:\/\/fmp-components.com\/sk\/wp-json\/wp\/v2\/product"}],"about":[{"href":"https:\/\/fmp-components.com\/sk\/wp-json\/wp\/v2\/types\/product"}],"replies":[{"embeddable":true,"href":"https:\/\/fmp-components.com\/sk\/wp-json\/wp\/v2\/comments?post=1337"}],"wp:featuredmedia":[{"embeddable":true,"href":"https:\/\/fmp-components.com\/sk\/wp-json\/wp\/v2\/media\/1338"}],"wp:attachment":[{"href":"https:\/\/fmp-components.com\/sk\/wp-json\/wp\/v2\/media?parent=1337"}],"wp:term":[{"taxonomy":"product_brand","embeddable":true,"href":"https:\/\/fmp-components.com\/sk\/wp-json\/wp\/v2\/product_brand?post=1337"},{"taxonomy":"product_cat","embeddable":true,"href":"https:\/\/fmp-components.com\/sk\/wp-json\/wp\/v2\/product_cat?post=1337"},{"taxonomy":"product_tag","embeddable":true,"href":"https:\/\/fmp-components.com\/sk\/wp-json\/wp\/v2\/product_tag?post=1337"}],"curies":[{"name":"pracovn\u00fd list","href":"https:\/\/api.w.org\/{rel}","templated":true}]}}