{"id":1335,"date":"2024-12-23T02:18:07","date_gmt":"2024-12-23T02:18:07","guid":{"rendered":"https:\/\/fmp-components.com\/product\/professional-10-ton-hydraulic-cylinder-piston-customized-hydraulic-cylinder\/"},"modified":"2024-12-23T03:50:08","modified_gmt":"2024-12-23T03:50:08","slug":"professional-10-ton-hydraulic-cylinder-piston-customized-hydraulic-cylinder","status":"publish","type":"product","link":"https:\/\/fmp-components.com\/sk\/product\/professional-10-ton-hydraulic-cylinder-piston-customized-hydraulic-cylinder\/","title":{"rendered":"Profesion\u00e1lny 10-tonov\u00fd hydraulick\u00fd valec s piestom na mieru"},"content":{"rendered":"<h2>Predstavujeme profesion\u00e1lny 10-tonov\u00fd hydraulick\u00fd valec s piestom na mieru:<\/h2>\n<p>Profesion\u00e1lny 10-tonov\u00fd hydraulick\u00fd valec s piestom na mieru je vysoko kvalitn\u00fd a odoln\u00fd produkt navrhnut\u00fd tak, aby sp\u013a\u0148al \u0161pecifick\u00e9 potreby r\u00f4znych hydraulick\u00fdch aplik\u00e1ci\u00ed. S maxim\u00e1lnou nosnos\u0165ou 10 ton poskytuje v\u00fdnimo\u010dn\u00fa pevnos\u0165 a spo\u013eahlivos\u0165 pre n\u00e1ro\u010dn\u00e9 \u00falohy.<\/p>\n<p>Tento hydraulick\u00fd valec sa vyzna\u010duje prisp\u00f4sobenou kon\u0161trukciou piestu, ktor\u00e1 umo\u017e\u0148uje presn\u00e9 ovl\u00e1danie a plynul\u00fd chod. Piest je navrhnut\u00fd tak, aby odolal podmienkam vysok\u00e9ho tlaku, \u010d\u00edm sa zabezpe\u010duje efekt\u00edvny v\u00fdkon a pred\u013a\u017een\u00e1 \u017eivotnos\u0165.<\/p>\n<p>Profesion\u00e1lny 10-tonov\u00fd hydraulick\u00fd valec s piestom na mieru je vyroben\u00fd z prvotriednych materi\u00e1lov, \u010do zaru\u010duje jeho odolnos\u0165 vo\u010di n\u00e1ro\u010dn\u00fdm podmienkam a \u010dast\u00e9mu pou\u017e\u00edvaniu. Je odoln\u00fd vo\u010di kor\u00f3zii, v\u010faka \u010domu je vhodn\u00fd na vn\u00fatorn\u00e9 aj vonkaj\u0161ie pou\u017eitie.<\/p>\n<p><img loading=\"lazy\" decoding=\"async\" class=\"alignnone size-full wp-image-1334\" src=\"https:\/\/fmp-components.com\/wp-content\/uploads\/2024\/12\/Adjustable-Clevis-Type-Cylinders-4.webp\" alt=\"Nastavite\u013en\u00e9 valce s vidlicov\u00fdm z\u00e1vesom\" width=\"800\" height=\"800\" title=\"\" srcset=\"https:\/\/fmp-components.com\/wp-content\/uploads\/2024\/12\/Adjustable-Clevis-Type-Cylinders-4.webp 800w, https:\/\/fmp-components.com\/wp-content\/uploads\/2024\/12\/Adjustable-Clevis-Type-Cylinders-4-480x480.webp 480w\" sizes=\"(min-width: 0px) and (max-width: 480px) 480px, (min-width: 481px) 800px, 100vw\" \/><\/p>\n<p>V\u010faka u\u017e\u00edvate\u013esky pr\u00edvetiv\u00e9mu dizajnu sa tento hydraulick\u00fd valec \u013eahko in\u0161taluje a udr\u017eiava. Jeho kompaktn\u00e9 rozmery zais\u0165uj\u00fa kompatibilitu so \u0161irokou \u0161k\u00e1lou zariaden\u00ed a strojov, v\u010faka \u010domu je v\u0161estrannou vo\u013ebou pre r\u00f4zne odvetvia, ako je stavebn\u00edctvo, v\u00fdroba a po\u013enohospod\u00e1rstvo.<\/p>\n<p>Stru\u010dne povedan\u00e9, profesion\u00e1lny 10-tonov\u00fd hydraulick\u00fd valec s piestom a prisp\u00f4soben\u00edm je \u0161pi\u010dkov\u00fd produkt, ktor\u00fd kombinuje pevnos\u0165, presnos\u0165 a prisp\u00f4sobenie. Je vyroben\u00fd tak, aby poskytoval v\u00fdnimo\u010dn\u00fd v\u00fdkon a spo\u013eahlivos\u0165 v n\u00e1ro\u010dn\u00fdch hydraulick\u00fdch oper\u00e1ci\u00e1ch.<\/p>\n<p>10-tonov\u00fd piest hydraulick\u00e9ho valca je perfektn\u00fdm rie\u0161en\u00edm pre r\u00f4zne odvetvia, ako s\u00fa opravovne strojov, farmy, energetick\u00fd a bansk\u00fd sektor, v\u00fdroba strojov a stroj\u00e1rne. V spolo\u010dnosti FMP Hydraulic Machinery sme hrd\u00ed na to, \u017ee pon\u00fakame produkty vysokej kvality vr\u00e1tane tohto \u00faplne nov\u00e9ho piestu hydraulick\u00e9ho valca, na ktor\u00fd sa vz\u0165ahuje jednoro\u010dn\u00e1 z\u00e1ruka na jeho hlavn\u00e9 komponenty \u2013 lo\u017eisko a hydraulick\u00fd valec.<\/p>\n<h2>V\u00fdhody nastavite\u013en\u00fdch valcov s vidlicov\u00fdm uchyten\u00edm<\/h2>\n<p>Nastavite\u013en\u00e9 valce s vidlicov\u00fdm uchyten\u00edm s\u00fa ve\u013emi v\u0161estrann\u00e9 a maj\u00fa mno\u017estvo v\u00fdhod, v\u010faka ktor\u00fdm s\u00fa ob\u013e\u00fabenou vo\u013ebou v mnoh\u00fdch priemyseln\u00fdch aplik\u00e1ci\u00e1ch. Tu s\u00fa niektor\u00e9 v\u00fdhody pou\u017eitia nastavite\u013en\u00fdch valcov s vidlicov\u00fdm uchyten\u00edm:<\/p>\n<h3>1. Prisp\u00f4sobite\u013enos\u0165<\/h3>\n<p>Jednou z najv\u00e4\u010d\u0161\u00edch v\u00fdhod nastavite\u013en\u00fdch valcov s vidlicov\u00fdm uchyten\u00edm je ich mo\u017enos\u0165 prisp\u00f4sobenia. Tieto valce je mo\u017en\u00e9 vyrobi\u0165 pod\u013ea \u0161pecifick\u00fdch potrieb z\u00e1kazn\u00edka. \u010ci u\u017e potrebujete profesion\u00e1lny 10-tonov\u00fd hydraulick\u00fd valec s piestom alebo hydraulick\u00fd valec na mieru, nastavite\u013en\u00e9 valce s vidlicov\u00fdm uchyten\u00edm je mo\u017en\u00e9 vyrobi\u0165 tak, aby vyhovovali va\u0161im po\u017eiadavk\u00e1m.<\/p>\n<h3>2. V\u00e4\u010d\u0161ia flexibilita<\/h3>\n<p>Nastavite\u013en\u00e9 valce s vidlicov\u00fdm uchyten\u00edm pon\u00fakaj\u00fa v\u00e4\u010d\u0161iu flexibilitu ako ich pevn\u00e9 n\u00e1protivky. Je to preto, \u017ee tieto valce sa daj\u00fa nastavi\u0165 tak, aby vyhovovali r\u00f4znym mont\u00e1\u017enym konfigur\u00e1ci\u00e1m a uhlom. V\u010faka tomu s\u00fa ide\u00e1lne na pou\u017eitie v oblastiach s obmedzen\u00fdm priestorom alebo s obmedzeniami t\u00fdkaj\u00facimi sa umiestnenia valca.<\/p>\n<h3>3. Zv\u00fd\u0161en\u00e1 efektivita<\/h3>\n<p>Nastavite\u013en\u00e9 valce s vidlicov\u00fdm uz\u00e1verom s\u00fa navrhnut\u00e9 tak, aby fungovali s vy\u0161\u0161ou \u00fa\u010dinnos\u0165ou ako in\u00e9 typy valcov. Je to preto, \u017ee s\u00fa navrhnut\u00e9 tak, aby zni\u017eovali trenie a opotrebovanie, \u010do n\u00e1sledne vedie k dlh\u0161ej \u017eivotnosti a v\u00e4\u010d\u0161ej spo\u013eahlivosti. T\u00e1to zv\u00fd\u0161en\u00e1 \u00fa\u010dinnos\u0165 sa premieta do ni\u017e\u0161\u00edch n\u00e1kladov na \u00fadr\u017ebu a skr\u00e1ten\u00fdch prestojov.<\/p>\n<h3>4. Vylep\u0161en\u00e9 bezpe\u010dnostn\u00e9 prvky<\/h3>\n<p>Nastavite\u013en\u00e9 valce s vidlicov\u00fdm uz\u00e1verom s\u00fa vybaven\u00e9 vylep\u0161en\u00fdmi bezpe\u010dnostn\u00fdmi prvkami, v\u010faka ktor\u00fdm s\u00fa ide\u00e1lne na pou\u017eitie v nebezpe\u010dnom prostred\u00ed. Tieto valce s\u00fa navrhnut\u00e9 tak, aby odolali extr\u00e9mnym teplot\u00e1m, tlaku a in\u00fdm drsn\u00fdm podmienkam, v\u010faka \u010domu s\u00fa menej n\u00e1chyln\u00e9 na poruchy. S\u00fa tie\u017e vybaven\u00e9 vstavan\u00fdmi bezpe\u010dnostn\u00fdmi prvkami, ako s\u00fa pretlakov\u00e9 ventily, ktor\u00e9 zabra\u0148uj\u00fa pre\u0165a\u017eeniu a prehriatiu.<\/p>\n<h3>5. Cenovo v\u00fdhodn\u00e9 rie\u0161enie<\/h3>\n<p>Nakoniec, nastavite\u013en\u00e9 valce s vidlicov\u00fdm uz\u00e1verom s\u00fa n\u00e1kladovo efekt\u00edvnym rie\u0161en\u00edm pre mnoh\u00e9 priemyseln\u00e9 aplik\u00e1cie. Pon\u00fakaj\u00fa dlh\u0161iu \u017eivotnos\u0165, v\u00e4\u010d\u0161iu spo\u013eahlivos\u0165 a ni\u017e\u0161ie n\u00e1klady na \u00fadr\u017ebu ako in\u00e9 typy valcov. V\u010faka tomu s\u00fa atrakt\u00edvnou mo\u017enos\u0165ou pre podniky, ktor\u00e9 chc\u00fa zn\u00ed\u017ei\u0165 svoje prev\u00e1dzkov\u00e9 n\u00e1klady a zlep\u0161i\u0165 svoje hospod\u00e1renie.<\/p>\n<p>Z\u00e1verom mo\u017eno poveda\u0165, \u017ee nastavite\u013en\u00e9 valce s vidlicov\u00fdm uchyten\u00edm maj\u00fa mno\u017estvo v\u00fdhod, v\u010faka ktor\u00fdm s\u00fa ob\u013e\u00fabenou vo\u013ebou pre mnoh\u00e9 priemyseln\u00e9 aplik\u00e1cie. Od ich prisp\u00f4sobite\u013enosti a\u017e po vylep\u0161en\u00e9 bezpe\u010dnostn\u00e9 prvky pon\u00fakaj\u00fa tieto valce cenovo v\u00fdhodn\u00e9 a efekt\u00edvne rie\u0161enie pre podniky, ktor\u00e9 chc\u00fa zlep\u0161i\u0165 svoju prev\u00e1dzku. Ak teda h\u013ead\u00e1te hydraulick\u00fd valec, zv\u00e1\u017ete v\u00fdber nastavite\u013en\u00e9ho valca s vidlicov\u00fdm uchyten\u00edm pre v\u00e1\u0161 \u010fal\u0161\u00ed projekt.<img decoding=\"async\" src=\"https:\/\/fmp-components.com\/wp-content\/uploads\/2024\/12\/Adjustable-Clevis-Type-Cylinders5.webp\" alt=\"Nastavite\u013en\u00fd valec typu Clevis\" width=\"800\" title=\"\"><\/p>\n<h2>Pou\u017eitie nastavite\u013en\u00fdch valcov s vidlicov\u00fdm uchyten\u00edm<\/h2>\n<p>Nastavite\u013en\u00e9 valce s vidlicov\u00fdm uchyten\u00edm s\u00fa hydraulick\u00e9 valce, ktor\u00e9 maj\u00fa na konci piestu vidlicov\u00e9 uchytenie, ktor\u00e9 je mo\u017en\u00e9 nastavi\u0165 do r\u00f4znych pol\u00f4h. Tieto typy valcov sa pou\u017e\u00edvaj\u00fa v r\u00f4znych aplik\u00e1ci\u00e1ch vr\u00e1tane \u0165a\u017ek\u00fdch strojov, stavebn\u00fdch zariaden\u00ed a v\u00fdrobn\u00fdch procesov.<\/p>\n<p>Tu s\u00fa niektor\u00e9 \u0161pecifick\u00e9 aplik\u00e1cie nastavite\u013en\u00fdch valcov s vidlicov\u00fdm uz\u00e1verom a ako ich mo\u017eno pou\u017ei\u0165:<\/p>\n<h3>1. \u0164a\u017ek\u00e9 stroje<\/h3>\n<p>Nastavite\u013en\u00e9 valce s vidlicov\u00fdm uchyten\u00edm sa be\u017ene pou\u017e\u00edvaj\u00fa v \u0165a\u017ek\u00fdch strojoch, ako s\u00fa buldoz\u00e9ry, bagre a \u017eeriavy. Tieto valce sa pou\u017e\u00edvaj\u00fa na zabezpe\u010denie potrebnej sily na zdv\u00edhanie, tla\u010denie alebo \u0165ahanie \u0165a\u017ek\u00fdch bremien. Napr\u00edklad profesion\u00e1lny 10-tonov\u00fd hydraulick\u00fd valec s piestom a nastavite\u013en\u00fdm uchyten\u00edm vidlicov\u00e9ho uchytenia sa m\u00f4\u017ee v buldoz\u00e9ri pou\u017ei\u0165 na premiest\u0148ovanie ve\u013ek\u00fdch k\u00f4p zeminy alebo sutiny.<\/p>\n<h3>2. Stavebn\u00e9 zariadenia<\/h3>\n<p>Nastavite\u013en\u00e9 valce s vidlicov\u00fdm uchyten\u00edm sa pou\u017e\u00edvaj\u00fa aj v stavebn\u00fdch strojoch, ako s\u00fa r\u00fdpadl\u00e1-naklada\u010de, naklada\u010de a \u0161mykom riaden\u00e9 naklada\u010de. Tieto valce sa pou\u017e\u00edvaj\u00fa na pohon r\u00f4znych pohybov zariadenia, ako je kopanie, zdv\u00edhanie a tla\u010denie. Profesion\u00e1lny 10-tonov\u00fd hydraulick\u00fd valec s piestom, prisp\u00f4soben\u00fd hydraulick\u00fd valec s nastavite\u013en\u00fdm uchyten\u00edm vidlicov\u00e9ho uchytenia, sa m\u00f4\u017ee v naklada\u010di pou\u017ei\u0165 na zdv\u00edhanie \u0165a\u017ek\u00fdch bremien zeminy alebo in\u00fdch materi\u00e1lov.<\/p>\n<h3>3. V\u00fdrobn\u00e9 procesy<\/h3>\n<p>Nastavite\u013en\u00e9 valce s vidlicov\u00fdm uchyten\u00edm sa pou\u017e\u00edvaj\u00fa aj v r\u00f4znych v\u00fdrobn\u00fdch procesoch, ako je razenie a lisovanie. Tieto valce sa pou\u017e\u00edvaj\u00fa na p\u00f4sobenie sily na materi\u00e1ly, aby sa tvarovali do po\u017eadovan\u00e9ho tvaru. Napr\u00edklad profesion\u00e1lny 10-tonov\u00fd hydraulick\u00fd valec s piestom, prisp\u00f4soben\u00fd hydraulick\u00fd valec s nastavite\u013en\u00fdm uchyten\u00edm vidlicov\u00e9ho uchytenia, sa m\u00f4\u017ee pou\u017ei\u0165 v lise na tvarovanie plechov do \u0161pecifick\u00fdch dielov.<\/p>\n<p>Z\u00e1verom mo\u017eno poveda\u0165, \u017ee nastavite\u013en\u00e9 valce s vidlicov\u00fdm uchyten\u00edm s\u00fa v\u0161estrann\u00e9 hydraulick\u00e9 valce, ktor\u00e9 sa pou\u017e\u00edvaj\u00fa v r\u00f4znych aplik\u00e1ci\u00e1ch. V\u010faka svojej nastavite\u013enosti a pevnosti s\u00fa ide\u00e1lnou vo\u013ebou pre \u0165a\u017ek\u00e9 stroje, stavebn\u00e9 zariadenia a v\u00fdrobn\u00e9 procesy. Pri v\u00fdbere nastavite\u013en\u00e9ho valca s vidlicov\u00fdm uchyten\u00edm je d\u00f4le\u017eit\u00e9 vybra\u0165 si tak\u00fd, ktor\u00fd je prisp\u00f4soben\u00fd \u0161pecifick\u00fdm potreb\u00e1m aplik\u00e1cie.<img decoding=\"async\" src=\"https:\/\/fmp-components.com\/wp-content\/uploads\/2024\/12\/Application-of-Adjustable-Clevis-Type-Cylinders.webp\" alt=\"Nastavite\u013en\u00fd valec typu Clevis\" width=\"800\" title=\"\"><\/p>\n<h3>O FMP<\/h3>\n<p>FMP je spolo\u010dnos\u0165, ktor\u00e1 sa \u0161pecializuje na predaj a servis dielov a kompletn\u00fdch strojov pre stavebn\u00e9 stroje. V\u010faka dlhoro\u010dn\u00fdm sk\u00fasenostiam v odbore a profesion\u00e1lnemu t\u00edmu poskytujeme z\u00e1kazn\u00edkom vysoko kvalitn\u00e9 a spo\u013eahliv\u00e9 diely pre stavebn\u00e9 stroje a kompletn\u00e9 rie\u0161enia pre stroje. N\u00e1\u0161 sortiment je \u0161irok\u00fd a zah\u0155\u0148a r\u00f4zne typy stavebn\u00fdch strojov, ako s\u00fa prevodovky pre po\u013enohospod\u00e1rske stroje, hydraulick\u00e9 valce, plan\u00e9tov\u00e9 prevodovky, priemyseln\u00e9 prevodovky, diely pre po\u013enohospod\u00e1rske stroje a rad \u0161pi\u010dkov\u00e9ho pr\u00edslu\u0161enstva, ktor\u00e9 k nim zodpoved\u00e1.<\/p>\n<h3>Hydraulick\u00e9 valce<\/h3>\n<p>Na\u0161e hydraulick\u00e9 valce s\u00fa jedn\u00fdm z na\u0161ich hlavn\u00fdch produktov v spolo\u010dnosti FMP. Tu je 5 d\u00f4vodov, pre\u010do sa na\u0161e hydraulick\u00e9 valce odli\u0161uj\u00fa od konkurencie:<\/p>\n<ol>\n<li><strong>Vysokokvalitn\u00e9 materi\u00e1ly:<\/strong> Na\u0161e hydraulick\u00e9 valce s\u00fa vyroben\u00e9 z vysoko kvalitn\u00fdch materi\u00e1lov, aby bola zaru\u010den\u00e1 ich odolnos\u0165 a dlh\u00e1 \u017eivotnos\u0165. Materi\u00e1ly z\u00edskavame iba od d\u00f4veryhodn\u00fdch dod\u00e1vate\u013eov, ktor\u00ed sp\u013a\u0148aj\u00fa na\u0161e pr\u00edsne \u0161tandardy kvality.<\/li>\n<li><strong>Prisp\u00f4sobite\u013en\u00e9:<\/strong> Pon\u00fakame prisp\u00f4sobite\u013en\u00e9 hydraulick\u00e9 valce, ktor\u00e9 sp\u013a\u0148aj\u00fa \u0161pecifick\u00e9 potreby na\u0161ich z\u00e1kazn\u00edkov. Napr\u00edklad n\u00e1\u0161 nastavite\u013en\u00fd valec s vidlicov\u00fdm uchyten\u00edm je mo\u017en\u00e9 nastavi\u0165 tak, aby vyhovoval r\u00f4znym aplik\u00e1ci\u00e1m.<\/li>\n<li><strong>Odbornos\u0165:<\/strong> V spolo\u010dnosti FMP m\u00e1me sk\u00fasen\u00fd a kvalifikovan\u00fd obchodn\u00fd t\u00edm, ktor\u00fd je obozn\u00e1men\u00fd s v\u00fdvojov\u00fdmi trendmi a potrebami z\u00e1kazn\u00edkov v odvetv\u00ed stavebn\u00fdch strojov. Dok\u00e1\u017ee poskytn\u00fa\u0165 profesion\u00e1lne poradenstvo oh\u013eadom produktov a inteligentn\u00e9 n\u00e1vrhy na n\u00e1kup.<\/li>\n<li><strong>Efekt\u00edvna logistika:<\/strong> M\u00e1me efekt\u00edvny logistick\u00fd distribu\u010dn\u00fd syst\u00e9m, ktor\u00fd zabezpe\u010duje, aby z\u00e1kazn\u00edci dostali po\u017eadovan\u00e9 diely v\u010das a presne. Ch\u00e1peme, \u017ee \u010das s\u00fa peniaze, a preto sa sna\u017e\u00edme minimalizova\u0165 prestoje pre na\u0161ich z\u00e1kazn\u00edkov.<\/li>\n<li><strong>Spo\u013eahlivos\u0165:<\/strong> Na\u0161e hydraulick\u00e9 valce s\u00fa navrhnut\u00e9 tak, aby boli spo\u013eahliv\u00e9 a dlho vydr\u017eia. Sme hrd\u00ed na to, \u017ee na\u0161im z\u00e1kazn\u00edkom poskytujeme produkty, na ktor\u00e9 sa m\u00f4\u017eu spo\u013eahn\u00fa\u0165.<\/li>\n<\/ol>\n<p>Vyberte si FMP pre va\u0161e potreby v oblasti stavebn\u00fdch strojov a za\u017eite rozdiel v kvalite a slu\u017eb\u00e1ch. Kontaktujte n\u00e1s e\u0161te dnes a dozviete sa viac o na\u0161ich produktoch a slu\u017eb\u00e1ch.<\/p>\n<p><img decoding=\"async\" src=\"https:\/\/fmp-components.com\/wp-content\/uploads\/2024\/12\/Adjustable-Clevis-Type-Cylinders-6.webp\" alt=\"Nastavite\u013en\u00fd valec typu Clevis\" width=\"800\" title=\"\"><\/p>\n<h2>\u010casto kladen\u00e9 ot\u00e1zky<\/h2>\n<p><strong>Ot\u00e1zka: Ak\u00e1 je dodacia lehota pre hydraulick\u00fd valec?<\/strong><br \/>\nA: Dodacia lehota je zvy\u010dajne medzi 25-35 d\u0148ami.<\/p>\n<p><strong>Ot\u00e1zka: M\u00f4\u017eem si vy\u017eiada\u0165 vzorku hydraulick\u00e9ho valca?<\/strong><br \/>\nA: \u00c1no, pon\u00fakame vzorky, ale nie s\u00fa zadarmo.<\/p>\n<p><strong>Ot\u00e1zka: Je mo\u017en\u00e9 hydraulick\u00e9 valce prisp\u00f4sobi\u0165 na z\u00e1klade vzoriek alebo technick\u00fdch v\u00fdkresov?<\/strong><br \/>\nA: \u00c1no, vieme vyrobi\u0165 valce pod\u013ea va\u0161ich vzoriek alebo technick\u00fdch v\u00fdkresov. Taktie\u017e vieme vyrobi\u0165 formy a pr\u00edpravky pod\u013ea va\u0161ej po\u017eiadavky.<\/p>\n<p>Autor\uff1a CX<\/p>","protected":false},"excerpt":{"rendered":"<p>Introducing the Professional 10 Ton Hydraulic Cylinder Piston Customized Hydraulic Cylinder: The Professional 10 Ton Hydraulic Cylinder Piston Customized Hydraulic Cylinder is a high-quality and durable product designed to meet the specific needs of various hydraulic applications. With a maximum load capacity of 10 tons, it provides exceptional strength and reliability for heavy-duty tasks. This [&hellip;]<\/p>","protected":false},"featured_media":1336,"comment_status":"closed","ping_status":"closed","template":"","meta":{"_et_pb_use_builder":"","_et_pb_old_content":"","_et_gb_content_width":""},"product_brand":[],"product_cat":[39],"product_tag":[41,34],"class_list":{"0":"post-1335","1":"product","2":"type-product","3":"status-publish","4":"has-post-thumbnail","6":"product_cat-adjustable-clevis-type-cylinders","7":"product_tag-adjustable-clevis-type-cylinders","8":"product_tag-hydraulic-cylinder","10":"first","11":"instock","12":"product-type-simple"},"_links":{"self":[{"href":"https:\/\/fmp-components.com\/sk\/wp-json\/wp\/v2\/product\/1335","targetHints":{"allow":["GET"]}}],"collection":[{"href":"https:\/\/fmp-components.com\/sk\/wp-json\/wp\/v2\/product"}],"about":[{"href":"https:\/\/fmp-components.com\/sk\/wp-json\/wp\/v2\/types\/product"}],"replies":[{"embeddable":true,"href":"https:\/\/fmp-components.com\/sk\/wp-json\/wp\/v2\/comments?post=1335"}],"wp:featuredmedia":[{"embeddable":true,"href":"https:\/\/fmp-components.com\/sk\/wp-json\/wp\/v2\/media\/1336"}],"wp:attachment":[{"href":"https:\/\/fmp-components.com\/sk\/wp-json\/wp\/v2\/media?parent=1335"}],"wp:term":[{"taxonomy":"product_brand","embeddable":true,"href":"https:\/\/fmp-components.com\/sk\/wp-json\/wp\/v2\/product_brand?post=1335"},{"taxonomy":"product_cat","embeddable":true,"href":"https:\/\/fmp-components.com\/sk\/wp-json\/wp\/v2\/product_cat?post=1335"},{"taxonomy":"product_tag","embeddable":true,"href":"https:\/\/fmp-components.com\/sk\/wp-json\/wp\/v2\/product_tag?post=1335"}],"curies":[{"name":"pracovn\u00fd list","href":"https:\/\/api.w.org\/{rel}","templated":true}]}}