{"id":1063,"date":"2024-12-19T06:17:44","date_gmt":"2024-12-19T06:17:44","guid":{"rendered":"https:\/\/fmp-components.com\/product\/10055-factory-price-small-double-acting-hydraulic-cylinder-for-trailer\/"},"modified":"2025-03-17T08:59:04","modified_gmt":"2025-03-17T08:59:04","slug":"10055-factory-price-small-double-acting-hydraulic-cylinder-for-trailer","status":"publish","type":"product","link":"https:\/\/fmp-components.com\/sk\/product\/10055-factory-price-small-double-acting-hydraulic-cylinder-for-trailer\/","title":{"rendered":"10055 V\u00fdrobn\u00e1 cena Mal\u00fd dvoj\u010dinn\u00fd hydraulick\u00fd valec pre pr\u00edves"},"content":{"rendered":"<p>Produkt 10055 je mal\u00fd dvoj\u010dinn\u00fd hydraulick\u00fd valec ur\u010den\u00fd \u0161peci\u00e1lne pre pr\u00edvesy. Je nevyhnutnou s\u00fa\u010das\u0165ou pre plynul\u00e9 a efekt\u00edvne fungovanie r\u00f4znych typov pr\u00edvesov vr\u00e1tane skl\u00e1pac\u00edch pr\u00edvesov, skl\u00e1pac\u00edch pr\u00edvesov a plo\u0161inov\u00fdch pr\u00edvesov.<\/p>\n<p>Tento hydraulick\u00fd valec je vyroben\u00fd z vysoko kvalitn\u00fdch materi\u00e1lov a je navrhnut\u00fd tak, aby vydr\u017eal a odolal n\u00e1ro\u010dn\u00fdm podmienkam. M\u00e1 dvoj\u010dinn\u00fa kon\u0161trukciu, \u010do znamen\u00e1, \u017ee dok\u00e1\u017ee vyv\u00edja\u0165 silu v oboch smeroch, v\u010faka \u010domu je ide\u00e1lny pre n\u00e1ro\u010dn\u00e9 aplik\u00e1cie.<\/p>\n<p>Hydraulick\u00fd valec 10055 sa m\u00f4\u017ee pochv\u00e1li\u0165 maxim\u00e1lnym prev\u00e1dzkov\u00fdm tlakom 3000 PSI a priemerom otvoru 2,5 palca. M\u00e1 d\u013a\u017eku zdvihu 12 palcov a d\u013a\u017eku v zasunutom stave 20 palcov, \u010do u\u013eah\u010duje jeho in\u0161tal\u00e1ciu a prev\u00e1dzku. Okrem toho sa dod\u00e1va so \u0161tandardn\u00fdm uchyten\u00edm vidlice, ktor\u00e9 sa d\u00e1 \u013eahko pripevni\u0165 na v\u00e1\u0161 pr\u00edves.<\/p>\n<p>Celkovo je hydraulick\u00fd valec 10055 spo\u013eahliv\u00fdm a efekt\u00edvnym rie\u0161en\u00edm pre v\u0161etky va\u0161e hydraulick\u00e9 potreby pr\u00edvesu. Jeho kompaktn\u00e1 ve\u013ekos\u0165 a vysok\u00fd v\u00fdkon z neho robia nevyhnutnos\u0165 pre ka\u017ed\u00e9ho majite\u013ea pr\u00edvesu. \u00davod do mal\u00fdch dvoj\u010dinn\u00fdch hydraulick\u00fdch valcov<\/p>\n<p>Mal\u00fd dvoj\u010dinn\u00fd hydraulick\u00fd valec od spolo\u010dnosti FMP je vysoko kvalitn\u00fd produkt ur\u010den\u00fd pre r\u00f4zne aplik\u00e1cie vr\u00e1tane pr\u00edvesov. Spolo\u010dnos\u0165 FMP je l\u00eddrom na trhu s hydraulick\u00fdmi valcami pre mobiln\u00e9 stroje.<\/p>\n<p><img decoding=\"async\" src=\"https:\/\/hzpt.com\/wp-content\/uploads\/2023\/12\/insert-1.webp\" alt=\"\" title=\"\"><\/p>\n<p>Funkcie a vlastnosti<\/p>\n<p>Tento hydraulick\u00fd valec sa m\u00f4\u017ee pochv\u00e1li\u0165 r\u00f4znymi vlastnos\u0165ami vr\u00e1tane energetickej \u00fa\u010dinnosti, vysok\u00e9ho v\u00fdkonu a bezpe\u010dnosti. Technick\u00e9 \u0161pecifik\u00e1cie tohto produktu zah\u0155\u0148aj\u00fa r\u00f4zne rozmery, kapacity a nosnosti, v\u010faka \u010domu je v\u0161estrann\u00fdm rie\u0161en\u00edm pre r\u00f4zne potreby.<\/p>\n<p>Jedine\u010dn\u00e9 vlastnosti a v\u00fdhody<\/p>\n<p>\u2013 Energeticky \u00fasporn\u00e9: Na\u0161e hydraulick\u00e9 valce s\u00fa navrhnut\u00e9 tak, aby minimalizovali spotrebu energie.<br \/>\n\u2013 Vysok\u00e1 \u00fa\u010dinnos\u0165: Dvoj\u010dinn\u00e1 kon\u0161trukcia zais\u0165uje efekt\u00edvnu prev\u00e1dzku.<br \/>\n\u2013 Bezpe\u010dnos\u0165: V\u00fdrobok je vyroben\u00fd pod\u013ea najvy\u0161\u0161\u00edch bezpe\u010dnostn\u00fdch \u0161tandardov.<\/p>\n<p>Hydraulick\u00fd syst\u00e9m a princ\u00edp \u010dinnosti<\/p>\n<p>Hydraulick\u00e9 valce funguj\u00fa na princ\u00edpe vyu\u017eitia sily tlakovej kvapaliny. Dvoj\u010dinn\u00e1 kon\u0161trukcia umo\u017e\u0148uje riaden\u00fd pohyb v dvoch smeroch, \u010do poskytuje v\u00e4\u010d\u0161iu v\u0161estrannos\u0165 v ich aplik\u00e1ci\u00e1ch.<\/p>\n<p>Scen\u00e1re aplik\u00e1ci\u00ed<\/p>\n<p>Mal\u00fd dvoj\u010dinn\u00fd hydraulick\u00fd valec FMP je ide\u00e1lny na pou\u017eitie v pr\u00edvesoch a zais\u0165uje spo\u013eahliv\u00fa a efekt\u00edvnu prev\u00e1dzku.<\/p>\n<p>Nav\u0161t\u00edvte na\u0161u VR tov\u00e1re\u0148 tu:<\/p>\n<p>Hist\u00f3ria a klasifik\u00e1cia<\/p>\n<p>U\u017e od n\u00e1\u0161ho zalo\u017eenia v roku 2006 sa venujeme v\u00fdrobe vysokokvalitn\u00fdch hydraulick\u00fdch valcov. N\u00e1\u0161 sortiment zah\u0155\u0148a hydraulick\u00e9 nakl\u00e1pacie valce, hydraulick\u00e9 riadiace valce a hydraulick\u00e9 zdv\u00edhacie valce.<\/p>\n<p>V\u00fdber produktu a \u00fadr\u017eba<\/p>\n<p>V\u00fdber spr\u00e1vneho hydraulick\u00e9ho oleja a olejov\u00e9ho tesnenia je k\u013e\u00fa\u010dov\u00fd pre dlh\u00fa \u017eivotnos\u0165 a \u00fa\u010dinnos\u0165 v\u00e1\u0161ho hydraulick\u00e9ho valca. Poskytujeme poradenstvo pri v\u00fdbere produktu, ako aj tipy na \u00fadr\u017ebu a postupy v\u00fdmeny.<\/p>\n<p>O FMP<\/p>\n<p>FMP je popredn\u00fdm dod\u00e1vate\u013eom na trhu s hydraulick\u00fdmi valcami s kon\u0161truk\u010dnou kapacitou 200 000 s\u00faprav. Pou\u017e\u00edvame 300 s\u00faprav r\u00f4znych plne automatick\u00fdch CNC v\u00fdrobn\u00fdch zariaden\u00ed a plne automatick\u00fdch zariaden\u00ed na mont\u00e1\u017e hydraulick\u00fdch valcov.<\/p>\n<p>Propag\u00e1cia produktu<\/p>\n<p>Spolo\u010dnos\u0165 FMP pon\u00faka vysoko kvalitn\u00e9 produkty za konkurencieschopn\u00e9 ceny spolu s vynikaj\u00facim servisom. Dod\u00e1vame aj \u010fal\u0161ie produkty, ako s\u00fa valce pre pracovn\u00e9 plo\u0161iny, hydraulick\u00e9 valce pre priemyseln\u00e9 vozidl\u00e1, valce pre rota\u010dn\u00e9 vrtn\u00e9 s\u00fapravy, valce pre auto\u017eeriavy, hydraulick\u00e9 valce pre stavebn\u00e9 stroje, hydraulick\u00e9 valce pre vysokozdvi\u017en\u00e9 voz\u00edky, valce pre bansk\u00e9 skl\u00e1pa\u010de a hydraulick\u00e9 valce pre sanita\u010dn\u00e9 stroje. V\u00edtan\u00e9 s\u00fa aj z\u00e1kazkov\u00e9 objedn\u00e1vky.<\/p>\n<p>\u010casto kladen\u00e9 ot\u00e1zky<\/p>\n<p>Ot\u00e1zka 1: Ak\u00e9 s\u00fa rozmery mal\u00e9ho dvoj\u010dinn\u00e9ho hydraulick\u00e9ho valca?<\/p>\n<p>A1: Rozmery sa l\u00ed\u0161ia v z\u00e1vislosti od konkr\u00e9tneho modelu. Pre podrobnej\u0161ie inform\u00e1cie n\u00e1s pros\u00edm kontaktujte.<\/p>\n<p>Q2: Ak\u00e1 je nosnos\u0165?<\/p>\n<p>A2: Nosnos\u0165 z\u00e1vis\u00ed od modelu a pou\u017eitia. Pre konkr\u00e9tne podrobnosti n\u00e1s, pros\u00edm, kontaktujte.<\/p>\n<p>Ot\u00e1zka 3: Ak\u00e1 energetick\u00e1 \u00fa\u010dinnos\u0165 je hydraulick\u00fd valec?<\/p>\n<p>A3: Na\u0161e hydraulick\u00e9 valce s\u00fa navrhnut\u00e9 pre maxim\u00e1lnu energetick\u00fa \u00fa\u010dinnos\u0165. Pre podrobnej\u0161ie inform\u00e1cie n\u00e1s pros\u00edm kontaktujte.<\/p>\n<p>Ot\u00e1zka 4: Ak\u00e1 je \u017eivotnos\u0165 hydraulick\u00e9ho valca?<\/p>\n<p>A4: \u017divotnos\u0165 hydraulick\u00e9ho valca z\u00e1vis\u00ed od jeho pou\u017e\u00edvania a \u00fadr\u017eby. Pri spr\u00e1vnej starostlivosti m\u00f4\u017eu na\u0161e v\u00fdrobky vydr\u017ea\u0165 mnoho rokov.<\/p>\n<p>Ot\u00e1zka 5: Ako m\u00e1m udr\u017eiava\u0165 hydraulick\u00fd valec?<\/p>\n<p>A5: Pravideln\u00e1 \u00fadr\u017eba zah\u0155\u0148a kontrolu hydraulick\u00e9ho oleja a tesnen\u00ed a v pr\u00edpade potreby dodr\u017eiavanie spr\u00e1vnych postupov pri ich v\u00fdmene.<\/p>\n<h2>V\u00fdhody zv\u00e1ran\u00e9ho valca s vidlicov\u00fdm z\u00e1vitom<\/h2>\n<p>Zv\u00e1ran\u00e9 valce s vidlicov\u00fdm uchyten\u00edm s\u00fa ob\u013e\u00fabenou vo\u013ebou pre mnoho priemyseln\u00fdch aplik\u00e1ci\u00ed v\u010faka svojim jedine\u010dn\u00fdm v\u00fdhod\u00e1m a pr\u00ednosom. Tu s\u00fa niektor\u00e9 z k\u013e\u00fa\u010dov\u00fdch v\u00fdhod zv\u00e1ran\u00fdch valcov s vidlicov\u00fdm uchyten\u00edm:<\/p>\n<h3>1. Zv\u00fd\u0161en\u00e1 pevnos\u0165 a odolnos\u0165<\/h3>\n<p>Zv\u00e1ran\u00e9 valce s vidlicov\u00fdm uz\u00e1verom s\u00fa kon\u0161truovan\u00e9 so zv\u00e1ran\u00fdm koncov\u00fdm uz\u00e1verom, ktor\u00fd poskytuje zv\u00fd\u0161en\u00fa pevnos\u0165 a odolnos\u0165 v porovnan\u00ed s in\u00fdmi typmi valcov. V\u010faka tomu s\u00fa ide\u00e1lne pre n\u00e1ro\u010dn\u00e9 aplik\u00e1cie, ktor\u00e9 vy\u017eaduj\u00fa vysok\u00fa \u00farove\u0148 pevnosti a odolnosti.<\/p>\n<p>Zv\u00e1ran\u00e1 kon\u0161trukcia t\u00fdchto valcov navy\u0161e znamen\u00e1, \u017ee je menej pravdepodobn\u00e9, \u017ee unikn\u00fa alebo zlyhaj\u00fa, \u010do m\u00f4\u017ee pom\u00f4c\u0165 zn\u00ed\u017ei\u0165 prestoje a n\u00e1klady na \u00fadr\u017ebu.<\/p>\n<h3>2. Schopnos\u0165 zvl\u00e1da\u0165 vysok\u00fd tlak<\/h3>\n<p>Zv\u00e1ran\u00e9 valce s vidlicov\u00fdm uz\u00e1verom s\u00fa tie\u017e schopn\u00e9 zvl\u00e1dnu\u0165 aplik\u00e1cie s vysok\u00fdm tlakom, v\u010faka \u010domu s\u00fa ob\u013e\u00fabenou vo\u013ebou v odvetviach, ako je stavebn\u00edctvo, ban\u00edctvo a ropa a plyn. Ich schopnos\u0165 zvl\u00e1da\u0165 vysok\u00fd tlak zais\u0165uje spo\u013eahliv\u00fd v\u00fdkon v n\u00e1ro\u010dn\u00fdch prostrediach.<\/p>\n<h3>3. Prisp\u00f4sobite\u013en\u00fd dizajn<\/h3>\n<p>Zv\u00e1ran\u00e9 valce s vidlicov\u00fdm uz\u00e1verom je mo\u017en\u00e9 navrhn\u00fa\u0165 na mieru tak, aby sp\u013a\u0148ali \u0161pecifick\u00e9 potreby aplik\u00e1cie. To znamen\u00e1, \u017ee ich mo\u017eno prisp\u00f4sobi\u0165 konkr\u00e9tnej ve\u013ekosti, tvaru alebo v\u00fdkonnostn\u00fdm po\u017eiadavk\u00e1m. Prisp\u00f4sobite\u013en\u00fd dizajn tie\u017e umo\u017e\u0148uje v\u00e4\u010d\u0161iu flexibilitu vo v\u00fdrobnom procese, \u010do m\u00f4\u017ee vies\u0165 k \u00faspor\u00e1m n\u00e1kladov.<\/p>\n<h3>4. Jednoduch\u00e1 in\u0161tal\u00e1cia<\/h3>\n<p>Zv\u00e1ran\u00e9 valce s vidlicov\u00fdm uz\u00e1verom s\u00fa navrhnut\u00e9 pre jednoduch\u00fa in\u0161tal\u00e1ciu, \u010do pom\u00e1ha skr\u00e1ti\u0165 \u010das nastavovania a n\u00e1klady na pracovn\u00fa silu. Zvy\u010dajne s\u00fa vopred zmontovan\u00e9 a pripraven\u00e9 na pou\u017eitie hne\u010f po vybalen\u00ed z krabice, \u010do minimalizuje potrebu \u010fal\u0161\u00edch dielov alebo komponentov.<\/p>\n<h3>5. Vylep\u0161en\u00fd v\u00fdkon<\/h3>\n<p>Kon\u0161trukcia zv\u00e1ran\u00fdch valcov s vidlicov\u00fdm uchyten\u00edm umo\u017e\u0148uje lep\u0161\u00ed v\u00fdkon v porovnan\u00ed s in\u00fdmi typmi valcov. S\u00fa schopn\u00e9 generova\u0165 v\u00e4\u010d\u0161iu silu na jednotku tlaku, \u010do m\u00f4\u017ee pom\u00f4c\u0165 zlep\u0161i\u0165 efektivitu a produktivitu v priemyseln\u00fdch aplik\u00e1ci\u00e1ch.<\/p>\n<p>Celkovo pon\u00fakaj\u00fa zv\u00e1ran\u00e9 valce s vidlicov\u00fdm z\u00e1vitom cel\u00fd rad v\u00fdhod a benefitov, v\u010faka ktor\u00fdm s\u00fa ob\u013e\u00fabenou vo\u013ebou pre mnoh\u00e9 priemyseln\u00e9 aplik\u00e1cie. Ich zv\u00fd\u0161en\u00e1 pevnos\u0165 a odolnos\u0165, schopnos\u0165 zvl\u00e1da\u0165 vysok\u00fd tlak, prisp\u00f4sobite\u013en\u00fd dizajn, jednoduch\u00e1 in\u0161tal\u00e1cia a vylep\u0161en\u00fd v\u00fdkon z nich robia ide\u00e1lnu vo\u013ebu pre n\u00e1ro\u010dn\u00e9 prostredia, kde s\u00fa spo\u013eahlivos\u0165 a v\u00fdkon k\u013e\u00fa\u010dov\u00e9.<\/p>\n<p><img loading=\"lazy\" decoding=\"async\" class=\"alignnone size-full wp-image-1074\" src=\"https:\/\/fmp-components.com\/wp-content\/uploads\/2024\/12\/Welded-Clevis-Type-Cylinder1.webp\" alt=\"Zv\u00e1ran\u00fd valec s vidlicov\u00fdm z\u00e1vitom\" width=\"800\" height=\"800\" title=\"\" srcset=\"https:\/\/fmp-components.com\/wp-content\/uploads\/2024\/12\/Welded-Clevis-Type-Cylinder1.webp 800w, https:\/\/fmp-components.com\/wp-content\/uploads\/2024\/12\/Welded-Clevis-Type-Cylinder1-480x480.webp 480w\" sizes=\"(min-width: 0px) and (max-width: 480px) 480px, (min-width: 481px) 800px, 100vw\" \/><\/p>\n<h2>Pou\u017eitie zv\u00e1ran\u00e9ho valca s vidlicov\u00fdm z\u00e1vitom<\/h2>\n<ul>\n<li><strong>Priemyseln\u00e9 stroje:<\/strong> Zv\u00e1ran\u00e9 valce s vidlicov\u00fdm uchyten\u00edm sa \u0161iroko pou\u017e\u00edvaj\u00fa v r\u00f4znych priemyseln\u00fdch strojoch pre n\u00e1ro\u010dn\u00e9 aplik\u00e1cie. Tieto valce s\u00fa schopn\u00e9 vyvin\u00fa\u0165 vysok\u00fa silu na zdv\u00edhanie a lisovanie komponentov v strojoch. Zv\u00e1ran\u00e1 kon\u0161trukcia s vidlicov\u00fdm uchyten\u00edm umo\u017e\u0148uje jednoduch\u00fa in\u0161tal\u00e1ciu a efekt\u00edvnu prev\u00e1dzku, v\u010faka \u010domu s\u00fa ob\u013e\u00fabenou vo\u013ebou v\u00fdrobcov.\n<ul>\n<li>Vo v\u00fdrobnom priemysle sa zv\u00e1ran\u00e9 valce s vidlicov\u00fdm uz\u00e1verom pou\u017e\u00edvaj\u00fa v hydraulick\u00fdch lisoch, vstrekovac\u00edch lisoch a zariadeniach na lisovanie kovov na zabezpe\u010denie potrebnej sily na tvarovanie a tvarovanie plechov.<\/li>\n<li>V automobilovom priemysle sa tieto valce pou\u017e\u00edvaj\u00fa v automobilov\u00fdch zdvih\u00e1koch, zdv\u00edha\u010doch a mont\u00e1\u017enych strojoch na zdv\u00edhanie \u0165a\u017ek\u00fdch komponentov po\u010das v\u00fdrobn\u00e9ho procesu.<\/li>\n<li>V stavebn\u00edctve sa zv\u00e1ran\u00e9 valce s vidlicov\u00fdm uchyten\u00edm pou\u017e\u00edvaj\u00fa v \u017eeriavoch, bagroch a buldoz\u00e9roch na pohon hydraulick\u00fdch syst\u00e9mov, ktor\u00e9 zdv\u00edhaj\u00fa a premiest\u0148uj\u00fa \u0165a\u017ek\u00e9 bremen\u00e1.<\/li>\n<\/ul>\n<\/li>\n<li><strong>Po\u013enohospod\u00e1rske stroje:<\/strong> Po\u013enohospod\u00e1rske stroje s\u00fa jednou z najd\u00f4le\u017eitej\u0161\u00edch oblast\u00ed, v ktor\u00fdch sa pou\u017e\u00edvaj\u00fa zv\u00e1ran\u00e9 vidlicov\u00e9 valce. Tieto valce sa pou\u017e\u00edvaj\u00fa v r\u00f4znych po\u013enohospod\u00e1rskych strojoch vr\u00e1tane traktorov, kombajnov a pluhov na zabezpe\u010denie potrebnej sily na pr\u00edpravu p\u00f4dy, siatie a zber \u00farody.\n<ul>\n<li>V po\u013enohospod\u00e1rstve sa zv\u00e1ran\u00e9 valce s vidlicov\u00fdm uchyten\u00edm pou\u017e\u00edvaj\u00fa v pluhoch, kultiv\u00e1toroch a sejac\u00edch strojoch na zabezpe\u010denie potrebnej sily na pr\u00edpravu p\u00f4dy a siatie semien.<\/li>\n<li>V zberan\u00ed \u00farody sa tieto valce pou\u017e\u00edvaj\u00fa v zbera\u010doch, lisoch a kosa\u010dk\u00e1ch na pohon hydraulick\u00fdch syst\u00e9mov, ktor\u00e9 zbieraj\u00fa a prepravuj\u00fa plodiny.<\/li>\n<\/ul>\n<\/li>\n<li><strong>Letectvo a obrana:<\/strong> Zv\u00e1ran\u00e9 valce s vidlicov\u00fdm z\u00e1vitom sa pou\u017e\u00edvaj\u00fa aj v leteckom a obrannom priemysle, kde sa uplat\u0148uj\u00fa v \u0161irokej \u0161k\u00e1le aplik\u00e1ci\u00ed pre lietadl\u00e1, rakety, strely a obrann\u00e9 syst\u00e9my.\n<ul>\n<li>V leteckom priemysle sa zv\u00e1ran\u00e9 vidlicov\u00e9 valce pou\u017e\u00edvaj\u00fa v podvozkoch lietadiel, klapk\u00e1ch a brzd\u00e1ch na zabezpe\u010denie potrebnej sily pre vzlet a prist\u00e1tie.<\/li>\n<li>V obrannom priemysle sa tieto valce pou\u017e\u00edvaj\u00fa v odpa\u013eovac\u00edch zariadeniach rakiet, streleck\u00fdch ve\u017eiach a tankov\u00fdch syst\u00e9moch na pohon hydraulick\u00fdch syst\u00e9mov, ktor\u00e9 riadia pohyb zbran\u00ed a mun\u00edcie.<\/li>\n<\/ul>\n<\/li>\n<li><strong>N\u00e1morn\u00fd priemysel:<\/strong> Zv\u00e1ran\u00e9 valce s vidlicov\u00fdm z\u00e1vitom sa tie\u017e \u0161iroko pou\u017e\u00edvaj\u00fa v n\u00e1mornom priemysle, kde sa pou\u017e\u00edvaj\u00fa v r\u00f4znych aplik\u00e1ci\u00e1ch pre lode, \u010dlny a podvodn\u00e9 vozidl\u00e1.\n<ul>\n<li>V lodnom priemysle sa zv\u00e1ran\u00e9 valce s vidlicov\u00fdm z\u00e1vesom pou\u017e\u00edvaj\u00fa v \u017eeriavoch, navijakoch a manipula\u010dn\u00fdch zariadeniach na zabezpe\u010denie potrebnej sily na nakladanie a vykladanie n\u00e1kladu.<\/li>\n<li>V lodnom priemysle sa tieto valce pou\u017e\u00edvaj\u00fa v kormidlov\u00fdch syst\u00e9moch, vrtuliach a kotviacich syst\u00e9moch na zabezpe\u010denie potrebnej sily na ovl\u00e1danie pohybu lod\u00ed a \u010dlnov.<\/li>\n<li>V priemysle podvodn\u00fdch vozidiel sa zv\u00e1ran\u00e9 valce s vidlicov\u00fdm uz\u00e1verom pou\u017e\u00edvaj\u00fa v ponork\u00e1ch, dia\u013ekovo ovl\u00e1dan\u00fdch vozidl\u00e1ch (ROV) a pot\u00e1pa\u010dskom vybaven\u00ed na zabezpe\u010denie potrebnej sily pre podvodn\u00e9 oper\u00e1cie.<\/li>\n<\/ul>\n<\/li>\n<li><strong>\u0164a\u017eobn\u00fd priemysel:<\/strong> Zv\u00e1ran\u00e9 valce s vidlicov\u00fdm z\u00e1vitom sa pou\u017e\u00edvaj\u00fa aj v \u0165a\u017eobnom priemysle, kde sa uplat\u0148uj\u00fa v r\u00f4znych aplik\u00e1ci\u00e1ch na \u0165a\u017ebu nerastov a manipul\u00e1ciu s materi\u00e1lom.\n<ul>\n<li>V \u0165a\u017eobnom priemysle sa zv\u00e1ran\u00e9 valce s vidlicov\u00fdm z\u00e1vitom pou\u017e\u00edvaj\u00fa v dopravn\u00edkov\u00fdch syst\u00e9moch, v\u0155tac\u00edch strojoch a hydraulick\u00fdch lopat\u00e1ch na zabezpe\u010denie potrebnej sily na \u0165a\u017ebu nerastov a materi\u00e1lov z ban\u00ed a lomov.<\/li>\n<\/ul>\n<\/li>\n<\/ul>\n<p><img decoding=\"async\" src=\"https:\/\/hzpt.com\/wp-content\/uploads\/2023\/12\/insert-2.webp\" alt=\"\" title=\"\"><\/p>\n<p>Autor: CX<\/p>","protected":false},"excerpt":{"rendered":"<p>Product 10055 is a small double-acting hydraulic cylinder designed specifically for trailers. It is an essential component for the smooth and efficient operation of various types of trailers, including dump trailers, tilt trailers, and flatbed trailers. Crafted using high-quality materials, this hydraulic cylinder is built to last and withstand tough conditions. It features a double-acting [&hellip;]<\/p>","protected":false},"featured_media":1127,"comment_status":"closed","ping_status":"closed","template":"","meta":{"_et_pb_use_builder":"","_et_pb_old_content":"","_et_gb_content_width":""},"product_brand":[],"product_cat":[36],"product_tag":[34,38],"class_list":{"0":"post-1063","1":"product","2":"type-product","3":"status-publish","4":"has-post-thumbnail","6":"product_cat-welded-clevis-type-cylinder","7":"product_tag-hydraulic-cylinder","8":"product_tag-welded-clevis-type-cylinder","10":"first","11":"instock","12":"product-type-simple"},"_links":{"self":[{"href":"https:\/\/fmp-components.com\/sk\/wp-json\/wp\/v2\/product\/1063","targetHints":{"allow":["GET"]}}],"collection":[{"href":"https:\/\/fmp-components.com\/sk\/wp-json\/wp\/v2\/product"}],"about":[{"href":"https:\/\/fmp-components.com\/sk\/wp-json\/wp\/v2\/types\/product"}],"replies":[{"embeddable":true,"href":"https:\/\/fmp-components.com\/sk\/wp-json\/wp\/v2\/comments?post=1063"}],"wp:featuredmedia":[{"embeddable":true,"href":"https:\/\/fmp-components.com\/sk\/wp-json\/wp\/v2\/media\/1127"}],"wp:attachment":[{"href":"https:\/\/fmp-components.com\/sk\/wp-json\/wp\/v2\/media?parent=1063"}],"wp:term":[{"taxonomy":"product_brand","embeddable":true,"href":"https:\/\/fmp-components.com\/sk\/wp-json\/wp\/v2\/product_brand?post=1063"},{"taxonomy":"product_cat","embeddable":true,"href":"https:\/\/fmp-components.com\/sk\/wp-json\/wp\/v2\/product_cat?post=1063"},{"taxonomy":"product_tag","embeddable":true,"href":"https:\/\/fmp-components.com\/sk\/wp-json\/wp\/v2\/product_tag?post=1063"}],"curies":[{"name":"pracovn\u00fd list","href":"https:\/\/api.w.org\/{rel}","templated":true}]}}