{"id":1059,"date":"2024-12-19T06:17:44","date_gmt":"2024-12-19T06:17:44","guid":{"rendered":"https:\/\/fmp-components.com\/product\/10051-good-quality-hydraulic-ram-cylinder-hydraulic-piston-cylinder-for-trailer\/"},"modified":"2024-12-23T09:01:10","modified_gmt":"2024-12-23T09:01:10","slug":"10051-good-quality-hydraulic-ram-cylinder-hydraulic-piston-cylinder-for-trailer","status":"publish","type":"product","link":"https:\/\/fmp-components.com\/sk\/product\/10051-good-quality-hydraulic-ram-cylinder-hydraulic-piston-cylinder-for-trailer\/","title":{"rendered":"10051 Kvalitn\u00fd hydraulick\u00fd valec s piestov\u00fdm valcom pre pr\u00edves"},"content":{"rendered":"<h2>Predstavenie produktu:<\/h2>\n<p>Hydraulick\u00fd piestov\u00fd valec 10051 dobrej kvality pre pr\u00edves je \u0161pi\u010dkov\u00fd produkt navrhnut\u00fd tak, aby sp\u013a\u0148al v\u0161etky va\u0161e hydraulick\u00e9 potreby. V\u010faka svojej v\u00fdnimo\u010dnej kvalite a spo\u013eahliv\u00e9mu v\u00fdkonu je tento hydraulick\u00fd valec ide\u00e1lny pre pr\u00edvesy r\u00f4znych druhov.<\/p>\n<p>Tento valec sa vyzna\u010duje robustnou kon\u0161trukciou a je vyroben\u00fd tak, aby odolal vysok\u00fdm za\u0165a\u017eeniam, a zais\u0165uje tak plynul\u00fd a efekt\u00edvny chod. Jeho hydraulick\u00fd syst\u00e9m piestu poskytuje siln\u00fa a konzistentn\u00fa silu, v\u010faka \u010domu je ide\u00e1lny pre aplik\u00e1cie, ktor\u00e9 vy\u017eaduj\u00fa presn\u00e9 ovl\u00e1danie a stabilitu.<\/p>\n<p>Tento hydraulick\u00fd valec je vyroben\u00fd z vysoko kvalitn\u00fdch materi\u00e1lov a pon\u00faka vynikaj\u00facu odolnos\u0165 a dlh\u00fa \u017eivotnos\u0165. Jeho piestov\u00e1 kon\u0161trukcia umo\u017e\u0148uje vynikaj\u00face tesniace schopnosti, zabra\u0148uje ak\u00e9muko\u013evek \u00faniku a zais\u0165uje optim\u00e1lny v\u00fdkon.<\/p>\n<p>\u010ci u\u017e potrebujete zdv\u00edha\u0165, tla\u010di\u0165 alebo \u0165aha\u0165 \u0165a\u017ek\u00e9 bremen\u00e1, tento hydraulick\u00fd valec poskytuje vynikaj\u00faci v\u00fdkon a \u00fa\u010dinnos\u0165. Jeho v\u0161estrannos\u0165 a spo\u013eahlivos\u0165 ho robia vhodn\u00fdm pre \u0161irok\u00fa \u0161k\u00e1lu odvetv\u00ed vr\u00e1tane stavebn\u00edctva, po\u013enohospod\u00e1rstva a dopravy.<\/p>\n<p>Z\u00e1verom mo\u017eno poveda\u0165, \u017ee hydraulick\u00fd piestov\u00fd valec 10051 pre pr\u00edves je spo\u013eahliv\u00fd a vysoko v\u00fdkonn\u00fd produkt, ktor\u00fd prekon\u00e1 va\u0161e o\u010dak\u00e1vania. V\u010faka svojej vynikaj\u00facej kon\u0161trukcii, vynikaj\u00facej pevnosti a v\u00fdnimo\u010dnej odolnosti je tento hydraulick\u00fd valec nepochybne cenn\u00fdm doplnkom ka\u017ed\u00e9ho pr\u00edvesu.<\/p>\n<h2>O hydraulickom valci FMP<\/h2>\n<p>Hydraulick\u00fd piestov\u00fd valec od spolo\u010dnosti FMP, tie\u017e zn\u00e1my ako hydraulick\u00fd piestov\u00fd valec, je nevyhnutn\u00fdm zariaden\u00edm pre pr\u00edvesy. Valec vyu\u017e\u00edva hydraulick\u00fd tlak na generovanie mechanickej energie prostredn\u00edctvom pohybu piestu. Tento produkt sa v\u010faka svojmu vynikaj\u00facemu v\u00fdkonu a \u00fa\u010dinnosti \u0161iroko pou\u017e\u00edva v r\u00f4znych odvetviach vr\u00e1tane stavebn\u00edctva, ban\u00edctva a v\u00fdroby pr\u00edvesov.<\/p>\n<h3>Funkcie a v\u00fdznam<\/h3>\n<p><img decoding=\"async\" src=\"https:\/\/hzpt.com\/wp-content\/uploads\/2023\/12\/insert-1.webp\" alt=\"\" title=\"\"><\/p>\n<p>Hydraulick\u00fd valec hr\u00e1 k\u013e\u00fa\u010dov\u00fa \u00falohu v r\u00f4znych odvetviach. Je energeticky \u00fasporn\u00fd a vysoko \u00fa\u010dinn\u00fd pri zdv\u00edhan\u00ed, tla\u010den\u00ed, \u0165ahan\u00ed a dr\u017ean\u00ed bremien. D\u00f4le\u017eitos\u0165 valca nemo\u017eno dostato\u010dne zd\u00f4razni\u0165, najm\u00e4 pri v\u00fdrobe pr\u00edvesov, kde je nevyhnutn\u00fd plynul\u00fd chod. Jedine\u010dn\u00e9 vlastnosti a v\u00fdhody produktu ho odli\u0161uj\u00fa od ostatn\u00fdch a pon\u00fakaj\u00fa zaru\u010den\u00fa bezpe\u010dnos\u0165 a v\u00fdkon.<\/p>\n<h3>\u0160pecifik\u00e1cie produktu<\/h3>\n<p>Rozmery, kapacita a nosnos\u0165 sa l\u00ed\u0161ia v z\u00e1vislosti od modelu.<\/p>\n<h2>Pochopenie hydraulick\u00fdch syst\u00e9mov a ich princ\u00edpu fungovania<\/h2>\n<p>Hydraulick\u00e9 syst\u00e9my funguj\u00fa na princ\u00edpe Pascalovho z\u00e1kona, \u010do znamen\u00e1, \u017ee tlak p\u00f4sobiaci na ktor\u00fako\u013evek \u010das\u0165 uzavretej kvapaliny sa pren\u00e1\u0161a rovnomerne vo v\u0161etk\u00fdch smeroch. Hydraulick\u00fd valec ako s\u00fa\u010das\u0165 tohto syst\u00e9mu vyu\u017e\u00edva tento princ\u00edp na dosiahnutie vysok\u00e9ho v\u00fdstupn\u00e9ho v\u00fdkonu.<\/p>\n<h3>Pou\u017eitie hydraulick\u00e9ho valca<\/h3>\n<p>Hydraulick\u00fd valec sa pou\u017e\u00edva predov\u0161etk\u00fdm v pr\u00edvesoch na zdv\u00edhanie, tla\u010denie, \u0165ahanie a dr\u017eanie bremien. V\u010faka svojmu efekt\u00edvnemu v\u00fdkonu zais\u0165uje plynul\u00fd chod v pr\u00edvesoch.<\/p>\n<p>Vydajte sa na virtu\u00e1lnu prehliadku na\u0161ej VR tov\u00e1rne a presved\u010dte sa o prec\u00edznosti a starostlivosti, s akou vyr\u00e1bame na\u0161e produkty.<\/p>\n<h2>V\u00fdber produktu a \u00fadr\u017eba<\/h2>\n<p>V\u00fdber spr\u00e1vnej hydraulickej kvapaliny a olejov\u00e9ho tesnenia je k\u013e\u00fa\u010dov\u00fd pre optim\u00e1lny v\u00fdkon hydraulick\u00e9ho valca. Pravideln\u00e1 \u00fadr\u017eba a v\u010dasn\u00e1 v\u00fdmena t\u00fdchto komponentov zabezpe\u010duje dlh\u00fa \u017eivotnos\u0165 produktu.<\/p>\n<h3>FMP: V\u00e1\u0161 spo\u013eahliv\u00fd partner<\/h3>\n<p><img decoding=\"async\" src=\"https:\/\/hzpt.com\/wp-content\/uploads\/2023\/12\/insert-2.webp\" alt=\"\" title=\"\"><\/p>\n<p>FMP je popredn\u00fdm talianskym v\u00fdrobcom hydraulick\u00fdch valcov s kon\u0161truk\u010dnou kapacitou 200 000 s\u00faprav. S viac ako 300 s\u00fapravami r\u00f4znych plne automatick\u00fdch CNC v\u00fdrobn\u00fdch zariaden\u00ed a plne automatick\u00fdch zariaden\u00ed na mont\u00e1\u017e hydraulick\u00fdch valcov zaru\u010duje FMP v\u00fdnimo\u010dn\u00fa kvalitu a servis.<\/p>\n<h3>Ostatn\u00e9 produkty<\/h3>\n<p>Okrem hydraulick\u00fdch valcov FMP dod\u00e1va aj valce pre pracovn\u00e9 plo\u0161iny, priemyseln\u00e9 vozidl\u00e1, rota\u010dn\u00e9 vrtn\u00e9 s\u00fapravy, \u017eeriavy pre automobily, stavebn\u00e9 stroje, vysokozdvi\u017en\u00e9 voz\u00edky, bansk\u00e9 skl\u00e1pa\u010de a sanit\u00e1rne stroje. Umo\u017e\u0148ujeme aj z\u00e1kazkov\u00e9 \u00fapravy na z\u00e1klade v\u00fdkresu alebo vzorky.<\/p>\n<p><img decoding=\"async\" src=\"https:\/\/hzpt.com\/wp-content\/uploads\/2023\/12\/insert-5.webp\" alt=\"FMP Factory\" title=\"\"><\/p>\n<h2>\u010casto kladen\u00e9 ot\u00e1zky<\/h2>\n<h3>Ot\u00e1zka 1: Ak\u00e1 je \u017eivotnos\u0165 hydraulick\u00e9ho valca?<\/h3>\n<p>A1: Pri spr\u00e1vnej \u00fadr\u017ebe m\u00f4\u017eu tieto valce vydr\u017ea\u0165 mnoho rokov.<\/p>\n<h3>Ot\u00e1zka 2: Ako \u010dasto by sa mala meni\u0165 hydraulick\u00e1 kvapalina?<\/h3>\n<p>A2: Odpor\u00fa\u010dan\u00e1 frekvencia v\u00fdmeny hydraulickej kvapaliny z\u00e1vis\u00ed od pou\u017e\u00edvania, ale vo v\u0161eobecnosti ju odpor\u00fa\u010dame meni\u0165 ka\u017ed\u00fdch 1000 hod\u00edn pou\u017e\u00edvania.<\/p>\n<h3>Ot\u00e1zka 3: Ak\u00fd druh hydraulickej kvapaliny by sa mal pou\u017ei\u0165?<\/h3>\n<p>A3: Odpor\u00fa\u010dame pou\u017e\u00edva\u0165 hydraulick\u00fa kvapalinu stanoven\u00fa v\u00fdrobcom.<\/p>\n<h3>Q4: Je k dispoz\u00edcii prisp\u00f4sobenie?<\/h3>\n<p>A4: \u00c1no, v\u00edtame prisp\u00f4sobenie na z\u00e1klade pl\u00e1nu alebo vzorky.<\/p>\n<h3>Ot\u00e1zka 5: Ako m\u00f4\u017eem kontaktova\u0165 FMP a z\u00edska\u0165 viac inform\u00e1ci\u00ed?<\/h3>\n<p>A5: M\u00f4\u017eete n\u00e1s kontaktova\u0165 prostredn\u00edctvom na\u0161ej ofici\u00e1lnej webovej str\u00e1nky alebo e-mailom.<\/p>\n<h2>V\u00fdhody zv\u00e1ran\u00e9ho valca s vidlicov\u00fdm z\u00e1vitom<\/h2>\n<p>Zv\u00e1ran\u00e9 valce s vidlicov\u00fdm uchyten\u00edm s\u00fa ob\u013e\u00fabenou vo\u013ebou pre mnoho priemyseln\u00fdch aplik\u00e1ci\u00ed v\u010faka svojim jedine\u010dn\u00fdm v\u00fdhod\u00e1m a pr\u00ednosom. Tu s\u00fa niektor\u00e9 z k\u013e\u00fa\u010dov\u00fdch v\u00fdhod zv\u00e1ran\u00fdch valcov s vidlicov\u00fdm uchyten\u00edm:<\/p>\n<h3>1. Zv\u00fd\u0161en\u00e1 pevnos\u0165 a odolnos\u0165<\/h3>\n<p>Zv\u00e1ran\u00e9 valce s vidlicov\u00fdm uz\u00e1verom s\u00fa kon\u0161truovan\u00e9 so zv\u00e1ran\u00fdm koncov\u00fdm uz\u00e1verom, ktor\u00fd poskytuje zv\u00fd\u0161en\u00fa pevnos\u0165 a odolnos\u0165 v porovnan\u00ed s in\u00fdmi typmi valcov. V\u010faka tomu s\u00fa ide\u00e1lne pre n\u00e1ro\u010dn\u00e9 aplik\u00e1cie, ktor\u00e9 vy\u017eaduj\u00fa vysok\u00fa \u00farove\u0148 pevnosti a odolnosti.<\/p>\n<p>Zv\u00e1ran\u00e1 kon\u0161trukcia t\u00fdchto valcov navy\u0161e znamen\u00e1, \u017ee je menej pravdepodobn\u00e9, \u017ee unikn\u00fa alebo zlyhaj\u00fa, \u010do m\u00f4\u017ee pom\u00f4c\u0165 zn\u00ed\u017ei\u0165 prestoje a n\u00e1klady na \u00fadr\u017ebu.<\/p>\n<h3>2. Schopnos\u0165 zvl\u00e1da\u0165 vysok\u00fd tlak<\/h3>\n<p>Zv\u00e1ran\u00e9 valce s vidlicov\u00fdm uz\u00e1verom s\u00fa tie\u017e schopn\u00e9 zvl\u00e1dnu\u0165 aplik\u00e1cie s vysok\u00fdm tlakom, v\u010faka \u010domu s\u00fa ob\u013e\u00fabenou vo\u013ebou v odvetviach, ako je stavebn\u00edctvo, ban\u00edctvo a ropa a plyn. Ich schopnos\u0165 zvl\u00e1da\u0165 vysok\u00fd tlak zais\u0165uje spo\u013eahliv\u00fd v\u00fdkon v n\u00e1ro\u010dn\u00fdch prostrediach.<\/p>\n<h3>3. Prisp\u00f4sobite\u013en\u00fd dizajn<\/h3>\n<p>Zv\u00e1ran\u00e9 valce s vidlicov\u00fdm uz\u00e1verom je mo\u017en\u00e9 navrhn\u00fa\u0165 na mieru tak, aby sp\u013a\u0148ali \u0161pecifick\u00e9 potreby aplik\u00e1cie. To znamen\u00e1, \u017ee ich mo\u017eno prisp\u00f4sobi\u0165 konkr\u00e9tnej ve\u013ekosti, tvaru alebo v\u00fdkonnostn\u00fdm po\u017eiadavk\u00e1m. Prisp\u00f4sobite\u013en\u00fd dizajn tie\u017e umo\u017e\u0148uje v\u00e4\u010d\u0161iu flexibilitu vo v\u00fdrobnom procese, \u010do m\u00f4\u017ee vies\u0165 k \u00faspor\u00e1m n\u00e1kladov.<\/p>\n<h3>4. Jednoduch\u00e1 in\u0161tal\u00e1cia<\/h3>\n<p>Zv\u00e1ran\u00e9 valce s vidlicov\u00fdm uz\u00e1verom s\u00fa navrhnut\u00e9 pre jednoduch\u00fa in\u0161tal\u00e1ciu, \u010do pom\u00e1ha skr\u00e1ti\u0165 \u010das nastavovania a n\u00e1klady na pracovn\u00fa silu. Zvy\u010dajne s\u00fa vopred zmontovan\u00e9 a pripraven\u00e9 na pou\u017eitie hne\u010f po vybalen\u00ed z krabice, \u010do minimalizuje potrebu \u010fal\u0161\u00edch dielov alebo komponentov.<\/p>\n<h3>5. Vylep\u0161en\u00fd v\u00fdkon<\/h3>\n<p>Kon\u0161trukcia zv\u00e1ran\u00fdch valcov s vidlicov\u00fdm uchyten\u00edm umo\u017e\u0148uje lep\u0161\u00ed v\u00fdkon v porovnan\u00ed s in\u00fdmi typmi valcov. S\u00fa schopn\u00e9 generova\u0165 v\u00e4\u010d\u0161iu silu na jednotku tlaku, \u010do m\u00f4\u017ee pom\u00f4c\u0165 zlep\u0161i\u0165 efektivitu a produktivitu v priemyseln\u00fdch aplik\u00e1ci\u00e1ch.<\/p>\n<p>Celkovo pon\u00fakaj\u00fa zv\u00e1ran\u00e9 valce s vidlicov\u00fdm z\u00e1vitom cel\u00fd rad v\u00fdhod a benefitov, v\u010faka ktor\u00fdm s\u00fa ob\u013e\u00fabenou vo\u013ebou pre mnoh\u00e9 priemyseln\u00e9 aplik\u00e1cie. Ich zv\u00fd\u0161en\u00e1 pevnos\u0165 a odolnos\u0165, schopnos\u0165 zvl\u00e1da\u0165 vysok\u00fd tlak, prisp\u00f4sobite\u013en\u00fd dizajn, jednoduch\u00e1 in\u0161tal\u00e1cia a vylep\u0161en\u00fd v\u00fdkon z nich robia ide\u00e1lnu vo\u013ebu pre n\u00e1ro\u010dn\u00e9 prostredia, kde s\u00fa spo\u013eahlivos\u0165 a v\u00fdkon k\u013e\u00fa\u010dov\u00e9.<\/p>\n<p><img loading=\"lazy\" decoding=\"async\" class=\"alignnone size-full wp-image-974\" src=\"https:\/\/fmp-components.com\/wp-content\/uploads\/2024\/12\/application-of-Welded-Tee-Type-Cylinder.webp\" alt=\"aplik\u00e1cia zv\u00e1ran\u00e9ho valca s T-kusom\" width=\"760\" height=\"860\" title=\"\" srcset=\"https:\/\/fmp-components.com\/wp-content\/uploads\/2024\/12\/application-of-Welded-Tee-Type-Cylinder.webp 760w, https:\/\/fmp-components.com\/wp-content\/uploads\/2024\/12\/application-of-Welded-Tee-Type-Cylinder-480x543.webp 480w\" sizes=\"(min-width: 0px) and (max-width: 480px) 480px, (min-width: 481px) 760px, 100vw\" \/><\/p>\n<h2>Pou\u017eitie zv\u00e1ran\u00e9ho valca s vidlicov\u00fdm z\u00e1vitom<\/h2>\n<ul>\n<li><strong>Priemyseln\u00e9 stroje:<\/strong> Zv\u00e1ran\u00e9 valce s vidlicov\u00fdm uchyten\u00edm sa \u0161iroko pou\u017e\u00edvaj\u00fa v r\u00f4znych priemyseln\u00fdch strojoch pre n\u00e1ro\u010dn\u00e9 aplik\u00e1cie. Tieto valce s\u00fa schopn\u00e9 vyvin\u00fa\u0165 vysok\u00fa silu na zdv\u00edhanie a lisovanie komponentov v strojoch. Zv\u00e1ran\u00e1 kon\u0161trukcia s vidlicov\u00fdm uchyten\u00edm umo\u017e\u0148uje jednoduch\u00fa in\u0161tal\u00e1ciu a efekt\u00edvnu prev\u00e1dzku, v\u010faka \u010domu s\u00fa ob\u013e\u00fabenou vo\u013ebou v\u00fdrobcov.\n<ul>\n<li>Vo v\u00fdrobnom priemysle sa zv\u00e1ran\u00e9 valce s vidlicov\u00fdm uz\u00e1verom pou\u017e\u00edvaj\u00fa v hydraulick\u00fdch lisoch, vstrekovac\u00edch lisoch a zariadeniach na lisovanie kovov na zabezpe\u010denie potrebnej sily na tvarovanie a tvarovanie plechov.<\/li>\n<li>V automobilovom priemysle sa tieto valce pou\u017e\u00edvaj\u00fa v automobilov\u00fdch zdvih\u00e1koch, zdv\u00edha\u010doch a mont\u00e1\u017enych strojoch na zdv\u00edhanie \u0165a\u017ek\u00fdch komponentov po\u010das v\u00fdrobn\u00e9ho procesu.<\/li>\n<li>V stavebn\u00edctve sa zv\u00e1ran\u00e9 valce s vidlicov\u00fdm uchyten\u00edm pou\u017e\u00edvaj\u00fa v \u017eeriavoch, bagroch a buldoz\u00e9roch na pohon hydraulick\u00fdch syst\u00e9mov, ktor\u00e9 zdv\u00edhaj\u00fa a premiest\u0148uj\u00fa \u0165a\u017ek\u00e9 bremen\u00e1.<\/li>\n<\/ul>\n<\/li>\n<li><strong>Po\u013enohospod\u00e1rske stroje:<\/strong> Po\u013enohospod\u00e1rske stroje s\u00fa jednou z najd\u00f4le\u017eitej\u0161\u00edch oblast\u00ed, v ktor\u00fdch sa pou\u017e\u00edvaj\u00fa zv\u00e1ran\u00e9 vidlicov\u00e9 valce. Tieto valce sa pou\u017e\u00edvaj\u00fa v r\u00f4znych po\u013enohospod\u00e1rskych strojoch vr\u00e1tane traktorov, kombajnov a pluhov na zabezpe\u010denie potrebnej sily na pr\u00edpravu p\u00f4dy, siatie a zber \u00farody.\n<ul>\n<li>V po\u013enohospod\u00e1rstve sa zv\u00e1ran\u00e9 valce s vidlicov\u00fdm uchyten\u00edm pou\u017e\u00edvaj\u00fa v pluhoch, kultiv\u00e1toroch a sejac\u00edch strojoch na zabezpe\u010denie potrebnej sily na pr\u00edpravu p\u00f4dy a siatie semien.<\/li>\n<li>V zberan\u00ed \u00farody sa tieto valce pou\u017e\u00edvaj\u00fa v zbera\u010doch, lisoch a kosa\u010dk\u00e1ch na pohon hydraulick\u00fdch syst\u00e9mov, ktor\u00e9 zbieraj\u00fa a prepravuj\u00fa plodiny.<\/li>\n<\/ul>\n<\/li>\n<li><strong>Letectvo a obrana:<\/strong> Zv\u00e1ran\u00e9 valce s vidlicov\u00fdm z\u00e1vitom sa pou\u017e\u00edvaj\u00fa aj v leteckom a obrannom priemysle, kde sa uplat\u0148uj\u00fa v \u0161irokej \u0161k\u00e1le aplik\u00e1ci\u00ed pre lietadl\u00e1, rakety, strely a obrann\u00e9 syst\u00e9my.\n<ul>\n<li>V leteckom priemysle sa zv\u00e1ran\u00e9 vidlicov\u00e9 valce pou\u017e\u00edvaj\u00fa v podvozkoch lietadiel, klapk\u00e1ch a brzd\u00e1ch na zabezpe\u010denie potrebnej sily pre vzlet a prist\u00e1tie.<\/li>\n<li>V obrannom priemysle sa tieto valce pou\u017e\u00edvaj\u00fa v odpa\u013eovac\u00edch zariadeniach rakiet, streleck\u00fdch ve\u017eiach a tankov\u00fdch syst\u00e9moch na pohon hydraulick\u00fdch syst\u00e9mov, ktor\u00e9 riadia pohyb zbran\u00ed a mun\u00edcie.<\/li>\n<\/ul>\n<\/li>\n<li><strong>N\u00e1morn\u00fd priemysel:<\/strong> Zv\u00e1ran\u00e9 valce s vidlicov\u00fdm z\u00e1vitom sa tie\u017e \u0161iroko pou\u017e\u00edvaj\u00fa v n\u00e1mornom priemysle, kde sa pou\u017e\u00edvaj\u00fa v r\u00f4znych aplik\u00e1ci\u00e1ch pre lode, \u010dlny a podvodn\u00e9 vozidl\u00e1.\n<ul>\n<li>V lodnom priemysle sa zv\u00e1ran\u00e9 valce s vidlicov\u00fdm z\u00e1vesom pou\u017e\u00edvaj\u00fa v \u017eeriavoch, navijakoch a manipula\u010dn\u00fdch zariadeniach na zabezpe\u010denie potrebnej sily na nakladanie a vykladanie n\u00e1kladu.<\/li>\n<li>V lodnom priemysle sa tieto valce pou\u017e\u00edvaj\u00fa v kormidlov\u00fdch syst\u00e9moch, vrtuliach a kotviacich syst\u00e9moch na zabezpe\u010denie potrebnej sily na ovl\u00e1danie pohybu lod\u00ed a \u010dlnov.<\/li>\n<li>V priemysle podvodn\u00fdch vozidiel sa zv\u00e1ran\u00e9 valce s vidlicov\u00fdm uz\u00e1verom pou\u017e\u00edvaj\u00fa v ponork\u00e1ch, dia\u013ekovo ovl\u00e1dan\u00fdch vozidl\u00e1ch (ROV) a pot\u00e1pa\u010dskom vybaven\u00ed na zabezpe\u010denie potrebnej sily pre podvodn\u00e9 oper\u00e1cie.<\/li>\n<\/ul>\n<\/li>\n<li><strong>\u0164a\u017eobn\u00fd priemysel:<\/strong> Zv\u00e1ran\u00e9 valce s vidlicov\u00fdm z\u00e1vitom sa pou\u017e\u00edvaj\u00fa aj v \u0165a\u017eobnom priemysle, kde sa uplat\u0148uj\u00fa v r\u00f4znych aplik\u00e1ci\u00e1ch na \u0165a\u017ebu nerastov a manipul\u00e1ciu s materi\u00e1lom.\n<ul>\n<li>V \u0165a\u017eobnom priemysle sa zv\u00e1ran\u00e9 valce s vidlicov\u00fdm z\u00e1vitom pou\u017e\u00edvaj\u00fa v dopravn\u00edkov\u00fdch syst\u00e9moch, v\u0155tac\u00edch strojoch a hydraulick\u00fdch lopat\u00e1ch na zabezpe\u010denie potrebnej sily na \u0165a\u017ebu nerastov a materi\u00e1lov z ban\u00ed a lomov.<\/li>\n<\/ul>\n<\/li>\n<\/ul>\n<p>Autor: CX<\/p>","protected":false},"excerpt":{"rendered":"<p>Product Introduction: The 10051 Good Quality Hydraulic Ram Cylinder Hydraulic Piston Cylinder For Trailer is a top-notch product designed to meet all your hydraulic needs. With its exceptional quality and reliable performance, this hydraulic cylinder is a perfect fit for trailers of various kinds. Featuring a robust design and built to withstand heavy loads, this [&hellip;]<\/p>","protected":false},"featured_media":1127,"comment_status":"closed","ping_status":"closed","template":"","meta":{"_et_pb_use_builder":"","_et_pb_old_content":"","_et_gb_content_width":""},"product_brand":[],"product_cat":[36],"product_tag":[34,38],"class_list":{"0":"post-1059","1":"product","2":"type-product","3":"status-publish","4":"has-post-thumbnail","6":"product_cat-welded-clevis-type-cylinder","7":"product_tag-hydraulic-cylinder","8":"product_tag-welded-clevis-type-cylinder","10":"first","11":"instock","12":"product-type-simple"},"_links":{"self":[{"href":"https:\/\/fmp-components.com\/sk\/wp-json\/wp\/v2\/product\/1059","targetHints":{"allow":["GET"]}}],"collection":[{"href":"https:\/\/fmp-components.com\/sk\/wp-json\/wp\/v2\/product"}],"about":[{"href":"https:\/\/fmp-components.com\/sk\/wp-json\/wp\/v2\/types\/product"}],"replies":[{"embeddable":true,"href":"https:\/\/fmp-components.com\/sk\/wp-json\/wp\/v2\/comments?post=1059"}],"wp:featuredmedia":[{"embeddable":true,"href":"https:\/\/fmp-components.com\/sk\/wp-json\/wp\/v2\/media\/1127"}],"wp:attachment":[{"href":"https:\/\/fmp-components.com\/sk\/wp-json\/wp\/v2\/media?parent=1059"}],"wp:term":[{"taxonomy":"product_brand","embeddable":true,"href":"https:\/\/fmp-components.com\/sk\/wp-json\/wp\/v2\/product_brand?post=1059"},{"taxonomy":"product_cat","embeddable":true,"href":"https:\/\/fmp-components.com\/sk\/wp-json\/wp\/v2\/product_cat?post=1059"},{"taxonomy":"product_tag","embeddable":true,"href":"https:\/\/fmp-components.com\/sk\/wp-json\/wp\/v2\/product_tag?post=1059"}],"curies":[{"name":"pracovn\u00fd list","href":"https:\/\/api.w.org\/{rel}","templated":true}]}}