{"id":1058,"date":"2024-12-19T06:17:44","date_gmt":"2024-12-19T06:17:44","guid":{"rendered":"https:\/\/fmp-components.com\/product\/10050-factory-price-trailer-hydraulic-ram-cylinder-hydraulic-cylinder-for-sale\/"},"modified":"2024-12-23T09:01:24","modified_gmt":"2024-12-23T09:01:24","slug":"10050-factory-price-trailer-hydraulic-ram-cylinder-hydraulic-cylinder-for-sale","status":"publish","type":"product","link":"https:\/\/fmp-components.com\/sk\/product\/10050-factory-price-trailer-hydraulic-ram-cylinder-hydraulic-cylinder-for-sale\/","title":{"rendered":"10050 V\u00fdrobn\u00e1 cena Hydraulick\u00fd valec pr\u00edvesu Hydraulick\u00fd valec na predaj"},"content":{"rendered":"<h2>Predstavenie produktu:<\/h2>\n<p>Hydraulick\u00fd valec pre pr\u00edvesy 10050 s v\u00fdrobnou cenou na predaj je spo\u013eahliv\u00fd a \u00fa\u010dinn\u00fd hydraulick\u00fd valec ur\u010den\u00fd na pou\u017eitie v r\u00f4znych typoch pr\u00edvesov. V\u010faka robustnej kon\u0161trukcii a vynikaj\u00facemu v\u00fdkonu je tento hydraulick\u00fd valec preferovanou vo\u013ebou pre mnoh\u00e9 odvetvia.<\/p>\n<h3>Vlastnosti a v\u00fdhody:<\/h3>\n<p>\u2013 Pevn\u00e1 a odoln\u00e1 kon\u0161trukcia: Hydraulick\u00fd valec 10050 je vyroben\u00fd z vysoko kvalitn\u00fdch materi\u00e1lov, ktor\u00e9 zais\u0165uj\u00fa jeho pevnos\u0165 a odolnos\u0165, v\u010faka \u010domu je dlhodobou invest\u00edciou pre va\u0161u firmu.<\/p>\n<p>\u2013 Efekt\u00edvny v\u00fdkon: Tento hydraulick\u00fd valec je navrhnut\u00fd tak, aby poskytoval bezkonkuren\u010dn\u00fd v\u00fdkon a \u00fa\u010dinnos\u0165, \u010d\u00edm zabezpe\u010duje plynul\u00fd a spo\u013eahliv\u00fd chod v\u00e1\u0161ho pr\u00edvesu.<\/p>\n<p>\u2013 Jednoduch\u00e1 in\u0161tal\u00e1cia: In\u0161tal\u00e1cia valca je jednoduch\u00e1, \u010do v\u00e1m u\u0161etr\u00ed \u010das a peniaze na in\u0161tala\u010dn\u00fdch n\u00e1kladoch.<\/p>\n<p>\u2013 N\u00edzka \u00fadr\u017eba: Valec vy\u017eaduje minim\u00e1lnu \u00fadr\u017ebu, \u010do skracuje prestoje a zabezpe\u010duje bezprobl\u00e9mov\u00fd chod v\u00e1\u0161ho podnikania.<\/p>\n<p><img decoding=\"async\" src=\"https:\/\/hzpt.com\/wp-content\/uploads\/2023\/12\/insert-1.webp\" alt=\"\" title=\"\"><\/p>\n<h3>Aplik\u00e1cie:<\/h3>\n<p>Hydraulick\u00fd valec 10050 je vhodn\u00fd pre \u0161irok\u00fa \u0161k\u00e1lu aplik\u00e1ci\u00ed vr\u00e1tane:<\/p>\n<p>\u2013 Skl\u00e1pacie pr\u00edvesy<br \/>\n\u2013 Pr\u00edvesy s plo\u0161inovou plachtou<br \/>\n\u2013 Pr\u00edvesy na prepravu \u0165a\u017ek\u00fdch zariaden\u00ed<br \/>\n\u2013 Pr\u00edvesy na prepravu hospod\u00e1rskych zvierat<br \/>\n\u2013 Pr\u00edvesy na prepravu dreva<br \/>\n\u2013 A viac<\/p>\n<p>Hydraulick\u00fd valec pre pr\u00edves 10050 s v\u00fdrobnou cenou je vynikaj\u00facou invest\u00edciou pre ka\u017ed\u00fa firmu, ktor\u00e1 vy\u017eaduje spo\u013eahliv\u00e9 a vysoko v\u00fdkonn\u00e9 hydraulick\u00e9 valce. V\u010faka svojej pevnej kon\u0161trukcii, efekt\u00edvnemu v\u00fdkonu a jednoduchej in\u0161tal\u00e1cii je tento hydraulick\u00fd valec preferovanou vo\u013ebou pre mnoh\u00e9 odvetvia. FMP pon\u00faka \u0161irok\u00fd v\u00fdber hydraulick\u00fdch valcov za konkurencieschopn\u00e9 v\u00fdrobn\u00e9 ceny. Tieto valce s\u00fa navrhnut\u00e9 tak, aby poskytovali optim\u00e1lny v\u00fdkon, odolnos\u0165 a spo\u013eahlivos\u0165, \u010d\u00edm zabezpe\u010duj\u00fa v\u00fdnimo\u010dn\u00e9 v\u00fdsledky pre v\u0161etky va\u0161e hydraulick\u00e9 aplik\u00e1cie.<\/p>\n<p>Hydraulick\u00e9 valce FMP: \u010co s\u00fa to a ak\u00e1 je ich funkcia<br \/>\nHydraulick\u00e9 valce od spolo\u010dnosti FMP s\u00fa mechanick\u00e9 zariadenia, ktor\u00e9 premie\u0148aj\u00fa hydraulick\u00fa energiu na mechanick\u00fa silu. V\u010faka svojej \u00fa\u010dinnosti a \u00fa\u010dinnosti s\u00fa ve\u013emi vyh\u013ead\u00e1van\u00e9 v r\u00f4znych odvetviach.<\/p>\n<p>\u0160pecifik\u00e1cie produktu<br \/>\nNa\u0161e hydraulick\u00e9 valce sa dod\u00e1vaj\u00fa s nasleduj\u00facimi technick\u00fdmi parametrami:<br \/>\n\u2013 Rozmery: Prisp\u00f4sobite\u013en\u00e9 \u0161pecifik\u00e1ci\u00e1m klienta<br \/>\n\u2013 Kapacita: L\u00ed\u0161i sa v z\u00e1vislosti od modelu<br \/>\n\u2013 Nosnos\u0165: Navrhnut\u00e9 pre n\u00e1ro\u010dn\u00e9 aplik\u00e1cie<\/p>\n<p>Jedine\u010dn\u00e9 vlastnosti a v\u00fdhody<br \/>\nS hydraulick\u00fdmi valcami FMP si m\u00f4\u017eete vychutna\u0165 nasleduj\u00face funkcie:<br \/>\n\u2013 Energeticky \u00fasporn\u00e9: Na\u0161e tlakov\u00e9 f\u013ea\u0161e s\u00fa navrhnut\u00e9 tak, aby spotrebov\u00e1vali menej energie, v\u010faka \u010domu s\u00fa n\u00e1kladovo efekt\u00edvne.<br \/>\n\u2013 Vysok\u00fd v\u00fdkon: Navrhnut\u00e9 pre aplik\u00e1cie s vysokou kapacitou a vysok\u00fdm tlakom.<br \/>\n\u2013 Bezpe\u010dnos\u0165: Vybaven\u00e9 bezpe\u010dnostn\u00fdmi prvkami, ktor\u00e9 zabra\u0148uj\u00fa nehod\u00e1m po\u010das prev\u00e1dzky.<\/p>\n<p>Pochopenie hydraulick\u00e9ho syst\u00e9mu a princ\u00edpu fungovania<br \/>\nHydraulick\u00e9 valce FMP funguj\u00fa na jednoduchom princ\u00edpe tlakov\u00e9ho rozdielu. Vysokotlakov\u00e1 hydraulick\u00e1 kvapalina sa pou\u017e\u00edva na vyvolanie pohybu v pieste, ktor\u00fd n\u00e1sledne pohybuje z\u00e1\u0165a\u017eou.<\/p>\n<p>Pou\u017eitie hydraulick\u00fdch valcov<br \/>\nHydraulick\u00e9 valce od spolo\u010dnosti FMP nach\u00e1dzaj\u00fa \u0161irok\u00e9 uplatnenie v r\u00f4znych odvetviach, ako je stavebn\u00edctvo, v\u00fdroba a doprava. S\u00fa ide\u00e1lne na zdv\u00edhanie, tla\u010denie alebo \u0165ahanie \u0165a\u017ek\u00fdch bremien.<\/p>\n<p><img loading=\"lazy\" decoding=\"async\" class=\"alignnone size-full wp-image-1074\" src=\"https:\/\/fmp-components.com\/wp-content\/uploads\/2024\/12\/Welded-Clevis-Type-Cylinder1.webp\" alt=\"Zv\u00e1ran\u00fd valec s vidlicov\u00fdm z\u00e1vitom\" width=\"800\" height=\"800\" title=\"\" srcset=\"https:\/\/fmp-components.com\/wp-content\/uploads\/2024\/12\/Welded-Clevis-Type-Cylinder1.webp 800w, https:\/\/fmp-components.com\/wp-content\/uploads\/2024\/12\/Welded-Clevis-Type-Cylinder1-480x480.webp 480w\" sizes=\"(min-width: 0px) and (max-width: 480px) 480px, (min-width: 481px) 800px, 100vw\" \/><\/p>\n<h3>O FMP<\/h3>\n<p>Spolo\u010dnos\u0165 FMP je popredn\u00fdm hr\u00e1\u010dom na trhu s mobiln\u00fdmi hydraulick\u00fdmi valcami v Taliansku. S v\u00fdrobnou kapacitou 200 000 s\u00faprav sme vybaven\u00ed 300 s\u00fapravami plne automatick\u00fdch CNC v\u00fdrobn\u00fdch zariaden\u00ed, ako aj plne automatick\u00fdm zariaden\u00edm na mont\u00e1\u017e hydraulick\u00fdch valcov.<\/p>\n<p>Pre\u010do si vybra\u0165 FMP<br \/>\nKe\u010f si vyberiete FMP, z\u00edskate nielen produkt, ale aj kvalitu, cenov\u00fa dostupnos\u0165 a spo\u013eahliv\u00fd servis. Pon\u00fakame \u0161irok\u00fd sortiment produktov vr\u00e1tane hydraulick\u00fdch valcov pre pracovn\u00e9 plo\u0161iny, priemyseln\u00e9 vozidl\u00e1, rota\u010dn\u00e9 vrtn\u00e9 s\u00fapravy, auto\u017eeriavy, stavebn\u00e9 stroje, vysokozdvi\u017en\u00e9 voz\u00edky, bansk\u00e9 skl\u00e1pa\u010de a sanita\u010dn\u00e9 stroje. V\u00edtan\u00e9 s\u00fa aj z\u00e1kazkov\u00e9 objedn\u00e1vky.<\/p>\n<p>\u010casto kladen\u00e9 ot\u00e1zky<br \/>\nOt\u00e1zka: Ak\u00e1 je nosnos\u0165 va\u0161ich valcov?<br \/>\nA: L\u00ed\u0161i sa to v z\u00e1vislosti od modelu, ale na\u0161e valce s\u00fa navrhnut\u00e9 pre n\u00e1ro\u010dn\u00e9 aplik\u00e1cie.<\/p>\n<p>Ot\u00e1zka: M\u00f4\u017eem si objedna\u0165 hydraulick\u00fd valec na mieru?<br \/>\nA: \u00c1no, v\u00edtame z\u00e1kazkov\u00e9 objedn\u00e1vky. Pros\u00edm, poskytnite n\u00e1m svoje \u0161pecifik\u00e1cie alebo vzorku.<\/p>\n<p>Ot\u00e1zka: Ako m\u00e1m udr\u017eiava\u0165 hydraulick\u00fd valec?<br \/>\nA: Pravideln\u00e1 kontrola a v\u00fdmena hydraulick\u00e9ho oleja a tesnen\u00ed m\u00f4\u017ee pred\u013a\u017ei\u0165 \u017eivotnos\u0165 v\u00e1\u0161ho valca.<\/p>\n<p>Ot\u00e1zka: Ako funguje hydraulick\u00fd valec?<br \/>\nA: Funguje na princ\u00edpe tlakov\u00e9ho rozdielu. Vysokotlakov\u00e1 hydraulick\u00e1 kvapalina sa pou\u017e\u00edva na vyvolanie pohybu v pieste, ktor\u00fd n\u00e1sledne pohybuje z\u00e1\u0165a\u017eou.<\/p>\n<p>Ot\u00e1zka: M\u00f4\u017eem nav\u0161t\u00edvi\u0165 va\u0161u tov\u00e1re\u0148?<br \/>\nA: \u00c1no, na\u0161u tov\u00e1re\u0148 m\u00f4\u017eete nav\u0161t\u00edvi\u0165 virtu\u00e1lne kliknut\u00edm na odkaz na na\u0161u VR tov\u00e1re\u0148 vy\u0161\u0161ie.<\/p>\n<h2>V\u00fdhody zv\u00e1ran\u00e9ho valca s vidlicov\u00fdm z\u00e1vitom<\/h2>\n<p>Zv\u00e1ran\u00e9 valce s vidlicov\u00fdm uchyten\u00edm s\u00fa ob\u013e\u00fabenou vo\u013ebou pre mnoho priemyseln\u00fdch aplik\u00e1ci\u00ed v\u010faka svojim jedine\u010dn\u00fdm v\u00fdhod\u00e1m a pr\u00ednosom. Tu s\u00fa niektor\u00e9 z k\u013e\u00fa\u010dov\u00fdch v\u00fdhod zv\u00e1ran\u00fdch valcov s vidlicov\u00fdm uchyten\u00edm:<\/p>\n<h3>1. Zv\u00fd\u0161en\u00e1 pevnos\u0165 a odolnos\u0165<\/h3>\n<p>Zv\u00e1ran\u00e9 valce s vidlicov\u00fdm uz\u00e1verom s\u00fa kon\u0161truovan\u00e9 so zv\u00e1ran\u00fdm koncov\u00fdm uz\u00e1verom, ktor\u00fd poskytuje zv\u00fd\u0161en\u00fa pevnos\u0165 a odolnos\u0165 v porovnan\u00ed s in\u00fdmi typmi valcov. V\u010faka tomu s\u00fa ide\u00e1lne pre n\u00e1ro\u010dn\u00e9 aplik\u00e1cie, ktor\u00e9 vy\u017eaduj\u00fa vysok\u00fa \u00farove\u0148 pevnosti a odolnosti.<\/p>\n<p>Zv\u00e1ran\u00e1 kon\u0161trukcia t\u00fdchto valcov navy\u0161e znamen\u00e1, \u017ee je menej pravdepodobn\u00e9, \u017ee unikn\u00fa alebo zlyhaj\u00fa, \u010do m\u00f4\u017ee pom\u00f4c\u0165 zn\u00ed\u017ei\u0165 prestoje a n\u00e1klady na \u00fadr\u017ebu.<\/p>\n<h3>2. Schopnos\u0165 zvl\u00e1da\u0165 vysok\u00fd tlak<\/h3>\n<p>Zv\u00e1ran\u00e9 valce s vidlicov\u00fdm uz\u00e1verom s\u00fa tie\u017e schopn\u00e9 zvl\u00e1dnu\u0165 aplik\u00e1cie s vysok\u00fdm tlakom, v\u010faka \u010domu s\u00fa ob\u013e\u00fabenou vo\u013ebou v odvetviach, ako je stavebn\u00edctvo, ban\u00edctvo a ropa a plyn. Ich schopnos\u0165 zvl\u00e1da\u0165 vysok\u00fd tlak zais\u0165uje spo\u013eahliv\u00fd v\u00fdkon v n\u00e1ro\u010dn\u00fdch prostrediach.<\/p>\n<h3>3. Prisp\u00f4sobite\u013en\u00fd dizajn<\/h3>\n<p>Zv\u00e1ran\u00e9 valce s vidlicov\u00fdm uz\u00e1verom je mo\u017en\u00e9 navrhn\u00fa\u0165 na mieru tak, aby sp\u013a\u0148ali \u0161pecifick\u00e9 potreby aplik\u00e1cie. To znamen\u00e1, \u017ee ich mo\u017eno prisp\u00f4sobi\u0165 konkr\u00e9tnej ve\u013ekosti, tvaru alebo v\u00fdkonnostn\u00fdm po\u017eiadavk\u00e1m. Prisp\u00f4sobite\u013en\u00fd dizajn tie\u017e umo\u017e\u0148uje v\u00e4\u010d\u0161iu flexibilitu vo v\u00fdrobnom procese, \u010do m\u00f4\u017ee vies\u0165 k \u00faspor\u00e1m n\u00e1kladov.<\/p>\n<h3>4. Jednoduch\u00e1 in\u0161tal\u00e1cia<\/h3>\n<p>Zv\u00e1ran\u00e9 valce s vidlicov\u00fdm uz\u00e1verom s\u00fa navrhnut\u00e9 pre jednoduch\u00fa in\u0161tal\u00e1ciu, \u010do pom\u00e1ha skr\u00e1ti\u0165 \u010das nastavovania a n\u00e1klady na pracovn\u00fa silu. Zvy\u010dajne s\u00fa vopred zmontovan\u00e9 a pripraven\u00e9 na pou\u017eitie hne\u010f po vybalen\u00ed z krabice, \u010do minimalizuje potrebu \u010fal\u0161\u00edch dielov alebo komponentov.<\/p>\n<h3>5. Vylep\u0161en\u00fd v\u00fdkon<\/h3>\n<p>Kon\u0161trukcia zv\u00e1ran\u00fdch valcov s vidlicov\u00fdm uchyten\u00edm umo\u017e\u0148uje lep\u0161\u00ed v\u00fdkon v porovnan\u00ed s in\u00fdmi typmi valcov. S\u00fa schopn\u00e9 generova\u0165 v\u00e4\u010d\u0161iu silu na jednotku tlaku, \u010do m\u00f4\u017ee pom\u00f4c\u0165 zlep\u0161i\u0165 efektivitu a produktivitu v priemyseln\u00fdch aplik\u00e1ci\u00e1ch.<\/p>\n<p>Celkovo pon\u00fakaj\u00fa zv\u00e1ran\u00e9 valce s vidlicov\u00fdm z\u00e1vitom cel\u00fd rad v\u00fdhod a benefitov, v\u010faka ktor\u00fdm s\u00fa ob\u013e\u00fabenou vo\u013ebou pre mnoh\u00e9 priemyseln\u00e9 aplik\u00e1cie. Ich zv\u00fd\u0161en\u00e1 pevnos\u0165 a odolnos\u0165, schopnos\u0165 zvl\u00e1da\u0165 vysok\u00fd tlak, prisp\u00f4sobite\u013en\u00fd dizajn, jednoduch\u00e1 in\u0161tal\u00e1cia a vylep\u0161en\u00fd v\u00fdkon z nich robia ide\u00e1lnu vo\u013ebu pre n\u00e1ro\u010dn\u00e9 prostredia, kde s\u00fa spo\u013eahlivos\u0165 a v\u00fdkon k\u013e\u00fa\u010dov\u00e9.<\/p>\n<h2>Pou\u017eitie zv\u00e1ran\u00e9ho valca s vidlicov\u00fdm z\u00e1vitom<\/h2>\n<ul>\n<li><strong>Priemyseln\u00e9 stroje:<\/strong> Zv\u00e1ran\u00e9 valce s vidlicov\u00fdm uchyten\u00edm sa \u0161iroko pou\u017e\u00edvaj\u00fa v r\u00f4znych priemyseln\u00fdch strojoch pre n\u00e1ro\u010dn\u00e9 aplik\u00e1cie. Tieto valce s\u00fa schopn\u00e9 vyvin\u00fa\u0165 vysok\u00fa silu na zdv\u00edhanie a lisovanie komponentov v strojoch. Zv\u00e1ran\u00e1 kon\u0161trukcia s vidlicov\u00fdm uchyten\u00edm umo\u017e\u0148uje jednoduch\u00fa in\u0161tal\u00e1ciu a efekt\u00edvnu prev\u00e1dzku, v\u010faka \u010domu s\u00fa ob\u013e\u00fabenou vo\u013ebou v\u00fdrobcov.\n<ul>\n<li>Vo v\u00fdrobnom priemysle sa zv\u00e1ran\u00e9 valce s vidlicov\u00fdm uz\u00e1verom pou\u017e\u00edvaj\u00fa v hydraulick\u00fdch lisoch, vstrekovac\u00edch lisoch a zariadeniach na lisovanie kovov na zabezpe\u010denie potrebnej sily na tvarovanie a tvarovanie plechov.<\/li>\n<li>V automobilovom priemysle sa tieto valce pou\u017e\u00edvaj\u00fa v automobilov\u00fdch zdvih\u00e1koch, zdv\u00edha\u010doch a mont\u00e1\u017enych strojoch na zdv\u00edhanie \u0165a\u017ek\u00fdch komponentov po\u010das v\u00fdrobn\u00e9ho procesu.<\/li>\n<li>V stavebn\u00edctve sa zv\u00e1ran\u00e9 valce s vidlicov\u00fdm uchyten\u00edm pou\u017e\u00edvaj\u00fa v \u017eeriavoch, bagroch a buldoz\u00e9roch na pohon hydraulick\u00fdch syst\u00e9mov, ktor\u00e9 zdv\u00edhaj\u00fa a premiest\u0148uj\u00fa \u0165a\u017ek\u00e9 bremen\u00e1.<\/li>\n<\/ul>\n<\/li>\n<li><strong>Po\u013enohospod\u00e1rske stroje:<\/strong> Po\u013enohospod\u00e1rske stroje s\u00fa jednou z najd\u00f4le\u017eitej\u0161\u00edch oblast\u00ed, v ktor\u00fdch sa pou\u017e\u00edvaj\u00fa zv\u00e1ran\u00e9 vidlicov\u00e9 valce. Tieto valce sa pou\u017e\u00edvaj\u00fa v r\u00f4znych po\u013enohospod\u00e1rskych strojoch vr\u00e1tane traktorov, kombajnov a pluhov na zabezpe\u010denie potrebnej sily na pr\u00edpravu p\u00f4dy, siatie a zber \u00farody.\n<ul>\n<li>V po\u013enohospod\u00e1rstve sa zv\u00e1ran\u00e9 valce s vidlicov\u00fdm uchyten\u00edm pou\u017e\u00edvaj\u00fa v pluhoch, kultiv\u00e1toroch a sejac\u00edch strojoch na zabezpe\u010denie potrebnej sily na pr\u00edpravu p\u00f4dy a siatie semien.<\/li>\n<li>V zberan\u00ed \u00farody sa tieto valce pou\u017e\u00edvaj\u00fa v zbera\u010doch, lisoch a kosa\u010dk\u00e1ch na pohon hydraulick\u00fdch syst\u00e9mov, ktor\u00e9 zbieraj\u00fa a prepravuj\u00fa plodiny.<\/li>\n<\/ul>\n<\/li>\n<li><strong>Letectvo a obrana:<\/strong> Zv\u00e1ran\u00e9 valce s vidlicov\u00fdm z\u00e1vitom sa pou\u017e\u00edvaj\u00fa aj v leteckom a obrannom priemysle, kde sa uplat\u0148uj\u00fa v \u0161irokej \u0161k\u00e1le aplik\u00e1ci\u00ed pre lietadl\u00e1, rakety, strely a obrann\u00e9 syst\u00e9my.\n<ul>\n<li>V leteckom priemysle sa zv\u00e1ran\u00e9 vidlicov\u00e9 valce pou\u017e\u00edvaj\u00fa v podvozkoch lietadiel, klapk\u00e1ch a brzd\u00e1ch na zabezpe\u010denie potrebnej sily pre vzlet a prist\u00e1tie.<\/li>\n<li>V obrannom priemysle sa tieto valce pou\u017e\u00edvaj\u00fa v odpa\u013eovac\u00edch zariadeniach rakiet, streleck\u00fdch ve\u017eiach a tankov\u00fdch syst\u00e9moch na pohon hydraulick\u00fdch syst\u00e9mov, ktor\u00e9 riadia pohyb zbran\u00ed a mun\u00edcie.<\/li>\n<\/ul>\n<\/li>\n<li><strong>N\u00e1morn\u00fd priemysel:<\/strong> Zv\u00e1ran\u00e9 valce s vidlicov\u00fdm z\u00e1vitom sa tie\u017e \u0161iroko pou\u017e\u00edvaj\u00fa v n\u00e1mornom priemysle, kde sa pou\u017e\u00edvaj\u00fa v r\u00f4znych aplik\u00e1ci\u00e1ch pre lode, \u010dlny a podvodn\u00e9 vozidl\u00e1.\n<ul>\n<li>V lodnom priemysle sa zv\u00e1ran\u00e9 valce s vidlicov\u00fdm z\u00e1vesom pou\u017e\u00edvaj\u00fa v \u017eeriavoch, navijakoch a manipula\u010dn\u00fdch zariadeniach na zabezpe\u010denie potrebnej sily na nakladanie a vykladanie n\u00e1kladu.<\/li>\n<li>V lodnom priemysle sa tieto valce pou\u017e\u00edvaj\u00fa v kormidlov\u00fdch syst\u00e9moch, vrtuliach a kotviacich syst\u00e9moch na zabezpe\u010denie potrebnej sily na ovl\u00e1danie pohybu lod\u00ed a \u010dlnov.<\/li>\n<li>V priemysle podvodn\u00fdch vozidiel sa zv\u00e1ran\u00e9 valce s vidlicov\u00fdm uz\u00e1verom pou\u017e\u00edvaj\u00fa v ponork\u00e1ch, dia\u013ekovo ovl\u00e1dan\u00fdch vozidl\u00e1ch (ROV) a pot\u00e1pa\u010dskom vybaven\u00ed na zabezpe\u010denie potrebnej sily pre podvodn\u00e9 oper\u00e1cie.<\/li>\n<\/ul>\n<\/li>\n<li><strong>\u0164a\u017eobn\u00fd priemysel:<\/strong> Zv\u00e1ran\u00e9 valce s vidlicov\u00fdm z\u00e1vitom sa pou\u017e\u00edvaj\u00fa aj v \u0165a\u017eobnom priemysle, kde sa uplat\u0148uj\u00fa v r\u00f4znych aplik\u00e1ci\u00e1ch na \u0165a\u017ebu nerastov a manipul\u00e1ciu s materi\u00e1lom.\n<ul>\n<li>V \u0165a\u017eobnom priemysle sa zv\u00e1ran\u00e9 valce s vidlicov\u00fdm z\u00e1vitom pou\u017e\u00edvaj\u00fa v dopravn\u00edkov\u00fdch syst\u00e9moch, v\u0155tac\u00edch strojoch a hydraulick\u00fdch lopat\u00e1ch na zabezpe\u010denie potrebnej sily na \u0165a\u017ebu nerastov a materi\u00e1lov z ban\u00ed a lomov.<\/li>\n<\/ul>\n<\/li>\n<\/ul>\n<p><img decoding=\"async\" src=\"https:\/\/hzpt.com\/wp-content\/uploads\/2023\/12\/insert-2.webp\" alt=\"\" title=\"\"><\/p>\n<p>Autor: CX<\/p>","protected":false},"excerpt":{"rendered":"<p>Product Introduction: The 10050 Factory Price Trailer Hydraulic Ram Cylinder Hydraulic Cylinder For Sale is a reliable and efficient hydraulic cylinder designed for use in various types of trailers. With a sturdy construction and superior performance, this hydraulic cylinder is a preferred choice for many industries. Features and Benefits: &#8211; Strong and durable construction: The [&hellip;]<\/p>","protected":false},"featured_media":1127,"comment_status":"closed","ping_status":"closed","template":"","meta":{"_et_pb_use_builder":"","_et_pb_old_content":"","_et_gb_content_width":""},"product_brand":[],"product_cat":[36],"product_tag":[34,38],"class_list":{"0":"post-1058","1":"product","2":"type-product","3":"status-publish","4":"has-post-thumbnail","6":"product_cat-welded-clevis-type-cylinder","7":"product_tag-hydraulic-cylinder","8":"product_tag-welded-clevis-type-cylinder","10":"first","11":"instock","12":"product-type-simple"},"_links":{"self":[{"href":"https:\/\/fmp-components.com\/sk\/wp-json\/wp\/v2\/product\/1058","targetHints":{"allow":["GET"]}}],"collection":[{"href":"https:\/\/fmp-components.com\/sk\/wp-json\/wp\/v2\/product"}],"about":[{"href":"https:\/\/fmp-components.com\/sk\/wp-json\/wp\/v2\/types\/product"}],"replies":[{"embeddable":true,"href":"https:\/\/fmp-components.com\/sk\/wp-json\/wp\/v2\/comments?post=1058"}],"wp:featuredmedia":[{"embeddable":true,"href":"https:\/\/fmp-components.com\/sk\/wp-json\/wp\/v2\/media\/1127"}],"wp:attachment":[{"href":"https:\/\/fmp-components.com\/sk\/wp-json\/wp\/v2\/media?parent=1058"}],"wp:term":[{"taxonomy":"product_brand","embeddable":true,"href":"https:\/\/fmp-components.com\/sk\/wp-json\/wp\/v2\/product_brand?post=1058"},{"taxonomy":"product_cat","embeddable":true,"href":"https:\/\/fmp-components.com\/sk\/wp-json\/wp\/v2\/product_cat?post=1058"},{"taxonomy":"product_tag","embeddable":true,"href":"https:\/\/fmp-components.com\/sk\/wp-json\/wp\/v2\/product_tag?post=1058"}],"curies":[{"name":"pracovn\u00fd list","href":"https:\/\/api.w.org\/{rel}","templated":true}]}}