{"id":1056,"date":"2024-12-19T06:17:44","date_gmt":"2024-12-19T06:17:44","guid":{"rendered":"https:\/\/fmp-components.com\/product\/10048-hot-sale-double-acting-welded-clevis-hydraulic-cylinder\/"},"modified":"2025-03-18T00:41:40","modified_gmt":"2025-03-18T00:41:40","slug":"10048-hot-sale-double-acting-welded-clevis-hydraulic-cylinder","status":"publish","type":"product","link":"https:\/\/fmp-components.com\/sk\/product\/10048-hot-sale-double-acting-welded-clevis-hydraulic-cylinder\/","title":{"rendered":"10048 Hor\u00faci v\u00fdpredaj dvoj\u010dinn\u00e9ho zv\u00e1ran\u00e9ho hydraulick\u00e9ho valca s vidlicov\u00fdm uchyten\u00edm"},"content":{"rendered":"<p>Predstavujeme produkt 10048 Hot Sale Dvoj\u010dinn\u00fd zv\u00e1ran\u00fd hydraulick\u00fd valec Clevis:<\/p>\n<p>Dvoj\u010dinn\u00fd zv\u00e1ran\u00fd hydraulick\u00fd valec s vidlicov\u00fdm uchyten\u00edm 10048 je vysoko kvalitn\u00fd hydraulick\u00fd valec navrhnut\u00fd tak, aby poskytoval vynikaj\u00faci v\u00fdkon a odolnos\u0165. Je \u0161peci\u00e1lne navrhnut\u00fd pre n\u00e1ro\u010dn\u00e9 aplik\u00e1cie a poskytuje spo\u013eahliv\u00fd a efekt\u00edvny hydraulick\u00fd v\u00fdkon.<\/p>\n<p>K\u013e\u00fa\u010dov\u00e9 vlastnosti:<br \/>\n1. Dvoj\u010dinn\u00fd: Tento hydraulick\u00fd valec je dvoj\u010dinn\u00fd, \u010do znamen\u00e1, \u017ee dok\u00e1\u017ee generova\u0165 silu v smere vys\u00favania aj zas\u00favania. T\u00e1to funkcia umo\u017e\u0148uje lep\u0161iu kontrolu a v\u0161estrannos\u0165 v r\u00f4znych aplik\u00e1ci\u00e1ch.<br \/>\n2. Zv\u00e1ran\u00e1 kon\u0161trukcia s vidlicov\u00fdm z\u00e1vesom: Valec m\u00e1 zv\u00e1ran\u00fa kon\u0161trukciu s vidlicov\u00fdm z\u00e1vesom, ktor\u00e1 zais\u0165uje bezpe\u010dn\u00e9 a robustn\u00e9 spojenie so zariaden\u00edm, ku ktor\u00e9mu je pripevnen\u00fd. T\u00e1to kon\u0161trukcia poskytuje stabilitu a minimalizuje riziko odpojenia po\u010das prev\u00e1dzky.<br \/>\n3. Pevn\u00e1 kon\u0161trukcia: Valec je vyroben\u00fd z vysoko kvalitn\u00fdch materi\u00e1lov, v\u010faka \u010domu je odoln\u00fd vo\u010di opotrebovaniu, kor\u00f3zii a po\u0161kodeniu. Je skon\u0161truovan\u00fd tak, aby odolal n\u00e1rokom n\u00e1ro\u010dn\u00fdch priemyseln\u00fdch aplik\u00e1ci\u00ed a poskytoval dlhotrvaj\u00faci v\u00fdkon.<br \/>\n4. Efekt\u00edvny hydraulick\u00fd v\u00fdkon: V\u010faka pokro\u010dil\u00e9mu hydraulick\u00e9mu syst\u00e9mu tento valec poskytuje efekt\u00edvny a spo\u013eahliv\u00fd hydraulick\u00fd v\u00fdkon. Zais\u0165uje plynul\u00fd a presn\u00fd chod, \u010do umo\u017e\u0148uje zv\u00fd\u0161en\u00fa produktivitu a lep\u0161\u00ed v\u00fdkon.<br \/>\n5. V\u0161estrann\u00e9 pou\u017eitie: Dvoj\u010dinn\u00fd zv\u00e1ran\u00fd hydraulick\u00fd valec 10048 s vidlicov\u00fdm uchyten\u00edm je vhodn\u00fd pre \u0161irok\u00fa \u0161k\u00e1lu aplik\u00e1ci\u00ed vr\u00e1tane stavebn\u00fdch zariaden\u00ed, po\u013enohospod\u00e1rskych strojov, manipul\u00e1cie s materi\u00e1lom a \u010fal\u0161\u00edch. Pon\u00faka v\u0161estrannos\u0165 a mo\u017eno ho prisp\u00f4sobi\u0165 \u0161pecifick\u00fdm po\u017eiadavk\u00e1m.<\/p>\n<p>Z\u00e1verom mo\u017eno poveda\u0165, \u017ee dvoj\u010dinn\u00fd zv\u00e1ran\u00fd hydraulick\u00fd valec 10048 Hot Sale je \u0161pi\u010dkov\u00fd produkt, ktor\u00fd zaru\u010duje vynikaj\u00faci v\u00fdkon a odolnos\u0165. Jeho dvoj\u010dinnos\u0165, zv\u00e1ran\u00e1 kon\u0161trukcia vidlice, pevn\u00e1 kon\u0161trukcia, \u00fa\u010dinn\u00fd hydraulick\u00fd v\u00fdkon a v\u0161estrannos\u0165 z neho robia vynikaj\u00facu vo\u013ebu pre r\u00f4zne priemyseln\u00e9 aplik\u00e1cie.<\/p>\n<h2>\u00davod k produktu<\/h2>\n<p>Dvoj\u010dinn\u00fd zv\u00e1ran\u00fd hydraulick\u00fd valec s vidlicov\u00fdm uz\u00e1verom je najpred\u00e1vanej\u0161\u00edm produktom spolo\u010dnosti FMP, ktor\u00e1 bola zalo\u017een\u00e1 v roku 2006 v Taliansku. Tento vynikaj\u00faci produkt je d\u00f4kazom z\u00e1v\u00e4zku spolo\u010dnosti ku kvalite a efekt\u00edvnosti v hydraulickom priemysle.<\/p>\n<h2>Funkcie a vlastnosti<\/h2>\n<p>Tento hydraulick\u00fd valec je navrhnut\u00fd s dvoj\u010dinnou funkciou, ktor\u00e1 umo\u017e\u0148uje ovl\u00e1danie pohybu v dvoch smeroch. Je vybaven\u00fd zv\u00e1ran\u00fdm uchyten\u00edm v tvare vidlice, ktor\u00e9 poskytuje bezpe\u010dn\u00fa a stabiln\u00fa oporu po\u010das prev\u00e1dzky. Medzi k\u013e\u00fa\u010dov\u00e9 vlastnosti produktu, ktor\u00e9 ho odli\u0161uj\u00fa, patria jeho mo\u017enosti \u00faspory energie, vysok\u00e1 \u00fa\u010dinnos\u0165 a bezpe\u010dnostn\u00e9 opatrenia.<\/p>\n<p><img decoding=\"async\" src=\"https:\/\/hzpt.com\/wp-content\/uploads\/2023\/12\/insert-4.webp?v=1694163707\" alt=\"\" title=\"\"><\/p>\n<p>Jeho kapacita je navrhnut\u00e1 tak, aby zvl\u00e1dla n\u00e1ro\u010dn\u00e9 \u00falohy bez kompromisov vo v\u00fdkone.<\/p>\n<h3>Nosnos\u0165<\/h3>\n<p>Nosnos\u0165 dvoj\u010dinn\u00e9ho zv\u00e1ran\u00e9ho hydraulick\u00e9ho valca s vidlicov\u00fdm uchyten\u00edm je p\u00f4sobiv\u00e1, \u010do zaru\u010duje, \u017ee s \u013eahkos\u0165ou zvl\u00e1dne \u0165a\u017ek\u00e9 bremen\u00e1.<\/p>\n<h2>Princ\u00edp \u010dinnosti a hydraulick\u00e9 syst\u00e9my<\/h2>\n<p>Princ\u00edp fungovania hydraulick\u00e9ho valca spo\u010d\u00edva v premene energie kvapaliny na mechanick\u00fa energiu. Hydraulick\u00fd syst\u00e9m zase vyu\u017e\u00edva tlakov\u00fa hydraulick\u00fa kvapalinu na generovanie line\u00e1rneho pohybu a sily.<\/p>\n<p>Dvoj\u010dinn\u00fd zv\u00e1ran\u00fd hydraulick\u00fd valec s vidlicov\u00fdm uchyten\u00edm m\u00e1 bohat\u00fa hist\u00f3riu a \u0161irok\u00fa klasifik\u00e1ciu. \u013dahko sa in\u0161taluje, vy\u017eaduje minim\u00e1lnu \u00fadr\u017ebu a pon\u00faka mno\u017estvo v\u00fdhod, v\u010faka \u010domu je v tomto odvetv\u00ed preferovanou vo\u013ebou.<\/p>\n<h2>V\u00fdber spr\u00e1vneho produktu<\/h2>\n<p>V\u00fdber spr\u00e1vneho hydraulick\u00e9ho oleja a olejov\u00e9ho tesnenia je k\u013e\u00fa\u010dov\u00fd pre \u00fa\u010dinnos\u0165 a dlh\u00fa \u017eivotnos\u0165 hydraulick\u00e9ho valca. N\u00e1\u0161 t\u00edm v spolo\u010dnosti FMP v\u00e1s prevedie procesom v\u00fdberu a zabezpe\u010d\u00ed, \u017ee z\u00edskate produkt, ktor\u00fd dokonale vyhovuje va\u0161im potreb\u00e1m.<\/p>\n<h2>FMP: Ukazuje cestu<\/h2>\n<p>Spolo\u010dnos\u0165 FMP sa p\u00fd\u0161i popredn\u00fdm postaven\u00edm na talianskom trhu s hydraulick\u00fdmi valcami pre mobiln\u00e9 stroje. Medzi na\u0161e produkty patria hydraulick\u00e9 nakl\u00e1pacie valce, hydraulick\u00e9 riadiace valce a hydraulick\u00e9 zdv\u00edhacie valce. Na\u0161a v\u00fdrobn\u00e1 kapacita predstavuje 200 000 s\u00faprav, z toho 300 s\u00faprav v\u0161etk\u00fdch typov automatick\u00fdch CNC v\u00fdrobn\u00fdch zariaden\u00ed a automatick\u00fdch mont\u00e1\u017enych zariaden\u00ed na hydraulick\u00e9 valce.<\/p>\n<p>Okrem toho dod\u00e1vame valce pre pracovn\u00e9 plo\u0161iny, hydraulick\u00e9 valce pre priemyseln\u00e9 vozidl\u00e1, valce pre rota\u010dn\u00e9 vrtn\u00e9 s\u00fapravy, valce pre auto\u017eeriavy, hydraulick\u00e9 valce pre stavebn\u00e9 stroje, <b>Hydraulick\u00e9 valce pre vysokozdvi\u017en\u00e9 voz\u00edky<\/b>, valce skl\u00e1pa\u010dov, hydraulick\u00e9 valce sanita\u010dn\u00fdch strojov. Srde\u010dne v\u00edtame po\u017eiadavky na prisp\u00f4sobenie od na\u0161ich klientov.<\/p>\n<p>Vyberte si FMP pre vysoko kvalitn\u00e9 produkty, prijate\u013en\u00e9 ceny a vynikaj\u00face slu\u017eby.<\/p>\n<p><img decoding=\"async\" src=\"https:\/\/hzpt.com\/wp-content\/uploads\/2023\/12\/insert-5.webp\" alt=\"FMP Factory\" title=\"\"><\/p>\n<h2>\u010casto kladen\u00e9 ot\u00e1zky<\/h2>\n<h3>1. Ak\u00e1 je nosnos\u0165 dvoj\u010dinn\u00e9ho zv\u00e1ran\u00e9ho hydraulick\u00e9ho valca s vidlicov\u00fdm uchyten\u00edm?<\/h3>\n<p>Nosnos\u0165 bude poskytnut\u00e1 na po\u017eiadanie.<\/p>\n<h3>2. Ako si vybra\u0165 spr\u00e1vny hydraulick\u00fd olej a olejov\u00e9 tesnenie?<\/h3>\n<p>N\u00e1\u0161 t\u00edm v FMP v\u00e1m m\u00f4\u017ee pom\u00f4c\u0165 s v\u00fdberov\u00fdm procesom.<\/p>\n<h3>3. Ak\u00e9 s\u00fa aplik\u00e1cie dvoj\u010dinn\u00e9ho zv\u00e1ran\u00e9ho hydraulick\u00e9ho valca s vidlicov\u00fdm uchyten\u00edm?<\/h3>\n<p>Pou\u017e\u00edva sa v stavebn\u00fdch zariadeniach, v\u00fdrobn\u00fdch strojoch a stavebnom in\u017einierstve.<\/p>\n<h3>4. Ako funguje dvoj\u010dinn\u00fd zv\u00e1ran\u00fd hydraulick\u00fd valec s vidlicov\u00fdm uchyten\u00edm?<\/h3>\n<p>Premie\u0148a energiu kvapaliny na mechanick\u00fa energiu.<\/p>\n<h2>V\u00fdhody zv\u00e1ran\u00e9ho valca s vidlicov\u00fdm z\u00e1vitom<\/h2>\n<p>Zv\u00e1ran\u00e9 valce s vidlicov\u00fdm uchyten\u00edm s\u00fa ob\u013e\u00fabenou vo\u013ebou pre mnoho priemyseln\u00fdch aplik\u00e1ci\u00ed v\u010faka svojim jedine\u010dn\u00fdm v\u00fdhod\u00e1m a pr\u00ednosom. Tu s\u00fa niektor\u00e9 z k\u013e\u00fa\u010dov\u00fdch v\u00fdhod zv\u00e1ran\u00fdch valcov s vidlicov\u00fdm uchyten\u00edm:<\/p>\n<h3>1. Zv\u00fd\u0161en\u00e1 pevnos\u0165 a odolnos\u0165<\/h3>\n<p>Zv\u00e1ran\u00e9 valce s vidlicov\u00fdm uz\u00e1verom s\u00fa kon\u0161truovan\u00e9 so zv\u00e1ran\u00fdm koncov\u00fdm uz\u00e1verom, ktor\u00fd poskytuje zv\u00fd\u0161en\u00fa pevnos\u0165 a odolnos\u0165 v porovnan\u00ed s in\u00fdmi typmi valcov. V\u010faka tomu s\u00fa ide\u00e1lne pre n\u00e1ro\u010dn\u00e9 aplik\u00e1cie, ktor\u00e9 vy\u017eaduj\u00fa vysok\u00fa \u00farove\u0148 pevnosti a odolnosti.<\/p>\n<p>Zv\u00e1ran\u00e1 kon\u0161trukcia t\u00fdchto valcov navy\u0161e znamen\u00e1, \u017ee je menej pravdepodobn\u00e9, \u017ee unikn\u00fa alebo zlyhaj\u00fa, \u010do m\u00f4\u017ee pom\u00f4c\u0165 zn\u00ed\u017ei\u0165 prestoje a n\u00e1klady na \u00fadr\u017ebu.<\/p>\n<h3>2. Schopnos\u0165 zvl\u00e1da\u0165 vysok\u00fd tlak<\/h3>\n<p>Zv\u00e1ran\u00e9 valce s vidlicov\u00fdm uz\u00e1verom s\u00fa tie\u017e schopn\u00e9 zvl\u00e1dnu\u0165 aplik\u00e1cie s vysok\u00fdm tlakom, v\u010faka \u010domu s\u00fa ob\u013e\u00fabenou vo\u013ebou v odvetviach, ako je stavebn\u00edctvo, ban\u00edctvo a ropa a plyn. Ich schopnos\u0165 zvl\u00e1da\u0165 vysok\u00fd tlak zais\u0165uje spo\u013eahliv\u00fd v\u00fdkon v n\u00e1ro\u010dn\u00fdch prostrediach.<\/p>\n<h3>3. Prisp\u00f4sobite\u013en\u00fd dizajn<\/h3>\n<p>Zv\u00e1ran\u00e9 valce s vidlicov\u00fdm uz\u00e1verom je mo\u017en\u00e9 navrhn\u00fa\u0165 na mieru tak, aby sp\u013a\u0148ali \u0161pecifick\u00e9 potreby aplik\u00e1cie. To znamen\u00e1, \u017ee ich mo\u017eno prisp\u00f4sobi\u0165 konkr\u00e9tnej ve\u013ekosti, tvaru alebo v\u00fdkonnostn\u00fdm po\u017eiadavk\u00e1m. Prisp\u00f4sobite\u013en\u00fd dizajn tie\u017e umo\u017e\u0148uje v\u00e4\u010d\u0161iu flexibilitu vo v\u00fdrobnom procese, \u010do m\u00f4\u017ee vies\u0165 k \u00faspor\u00e1m n\u00e1kladov.<\/p>\n<h3>4. Jednoduch\u00e1 in\u0161tal\u00e1cia<\/h3>\n<p>Zv\u00e1ran\u00e9 valce s vidlicov\u00fdm uz\u00e1verom s\u00fa navrhnut\u00e9 pre jednoduch\u00fa in\u0161tal\u00e1ciu, \u010do pom\u00e1ha skr\u00e1ti\u0165 \u010das nastavovania a n\u00e1klady na pracovn\u00fa silu. Zvy\u010dajne s\u00fa vopred zmontovan\u00e9 a pripraven\u00e9 na pou\u017eitie hne\u010f po vybalen\u00ed z krabice, \u010do minimalizuje potrebu \u010fal\u0161\u00edch dielov alebo komponentov.<\/p>\n<h3>5. Vylep\u0161en\u00fd v\u00fdkon<\/h3>\n<p>Kon\u0161trukcia zv\u00e1ran\u00fdch valcov s vidlicov\u00fdm uchyten\u00edm umo\u017e\u0148uje lep\u0161\u00ed v\u00fdkon v porovnan\u00ed s in\u00fdmi typmi valcov. S\u00fa schopn\u00e9 generova\u0165 v\u00e4\u010d\u0161iu silu na jednotku tlaku, \u010do m\u00f4\u017ee pom\u00f4c\u0165 zlep\u0161i\u0165 efektivitu a produktivitu v priemyseln\u00fdch aplik\u00e1ci\u00e1ch.<\/p>\n<p>Celkovo pon\u00fakaj\u00fa zv\u00e1ran\u00e9 valce s vidlicov\u00fdm z\u00e1vitom cel\u00fd rad v\u00fdhod a benefitov, v\u010faka ktor\u00fdm s\u00fa ob\u013e\u00fabenou vo\u013ebou pre mnoh\u00e9 priemyseln\u00e9 aplik\u00e1cie. Ich zv\u00fd\u0161en\u00e1 pevnos\u0165 a odolnos\u0165, schopnos\u0165 zvl\u00e1da\u0165 vysok\u00fd tlak, prisp\u00f4sobite\u013en\u00fd dizajn, jednoduch\u00e1 in\u0161tal\u00e1cia a vylep\u0161en\u00fd v\u00fdkon z nich robia ide\u00e1lnu vo\u013ebu pre n\u00e1ro\u010dn\u00e9 prostredia, kde s\u00fa spo\u013eahlivos\u0165 a v\u00fdkon k\u013e\u00fa\u010dov\u00e9.<\/p>\n<h2>Pou\u017eitie zv\u00e1ran\u00e9ho valca s vidlicov\u00fdm z\u00e1vitom<\/h2>\n<ul>\n<li><strong>Priemyseln\u00e9 stroje:<\/strong> Zv\u00e1ran\u00e9 valce s vidlicov\u00fdm uchyten\u00edm sa \u0161iroko pou\u017e\u00edvaj\u00fa v r\u00f4znych priemyseln\u00fdch strojoch pre n\u00e1ro\u010dn\u00e9 aplik\u00e1cie. Tieto valce s\u00fa schopn\u00e9 vyvin\u00fa\u0165 vysok\u00fa silu na zdv\u00edhanie a lisovanie komponentov v strojoch. Zv\u00e1ran\u00e1 kon\u0161trukcia s vidlicov\u00fdm uchyten\u00edm umo\u017e\u0148uje jednoduch\u00fa in\u0161tal\u00e1ciu a efekt\u00edvnu prev\u00e1dzku, v\u010faka \u010domu s\u00fa ob\u013e\u00fabenou vo\u013ebou v\u00fdrobcov.\n<ul>\n<li>Vo v\u00fdrobnom priemysle sa zv\u00e1ran\u00e9 valce s vidlicov\u00fdm uz\u00e1verom pou\u017e\u00edvaj\u00fa v hydraulick\u00fdch lisoch, vstrekovac\u00edch lisoch a zariadeniach na lisovanie kovov na zabezpe\u010denie potrebnej sily na tvarovanie a tvarovanie plechov.<\/li>\n<li>V automobilovom priemysle sa tieto valce pou\u017e\u00edvaj\u00fa v automobilov\u00fdch zdvih\u00e1koch, zdv\u00edha\u010doch a mont\u00e1\u017enych strojoch na zdv\u00edhanie \u0165a\u017ek\u00fdch komponentov po\u010das v\u00fdrobn\u00e9ho procesu.<\/li>\n<li>V stavebn\u00edctve sa zv\u00e1ran\u00e9 valce s vidlicov\u00fdm uchyten\u00edm pou\u017e\u00edvaj\u00fa v \u017eeriavoch, bagroch a buldoz\u00e9roch na pohon hydraulick\u00fdch syst\u00e9mov, ktor\u00e9 zdv\u00edhaj\u00fa a premiest\u0148uj\u00fa \u0165a\u017ek\u00e9 bremen\u00e1.<\/li>\n<\/ul>\n<\/li>\n<li><strong>Po\u013enohospod\u00e1rske stroje:<\/strong> Po\u013enohospod\u00e1rske stroje s\u00fa jednou z najd\u00f4le\u017eitej\u0161\u00edch oblast\u00ed, v ktor\u00fdch sa pou\u017e\u00edvaj\u00fa zv\u00e1ran\u00e9 vidlicov\u00e9 valce. Tieto valce sa pou\u017e\u00edvaj\u00fa v r\u00f4znych po\u013enohospod\u00e1rskych strojoch vr\u00e1tane traktorov, kombajnov a pluhov na zabezpe\u010denie potrebnej sily na pr\u00edpravu p\u00f4dy, siatie a zber \u00farody.\n<ul>\n<li>V po\u013enohospod\u00e1rstve sa zv\u00e1ran\u00e9 valce s vidlicov\u00fdm uchyten\u00edm pou\u017e\u00edvaj\u00fa v pluhoch, kultiv\u00e1toroch a sejac\u00edch strojoch na zabezpe\u010denie potrebnej sily na pr\u00edpravu p\u00f4dy a siatie semien.<\/li>\n<li>V zberan\u00ed \u00farody sa tieto valce pou\u017e\u00edvaj\u00fa v zbera\u010doch, lisoch a kosa\u010dk\u00e1ch na pohon hydraulick\u00fdch syst\u00e9mov, ktor\u00e9 zbieraj\u00fa a prepravuj\u00fa plodiny.<\/li>\n<\/ul>\n<\/li>\n<li><strong>Letectvo a obrana:<\/strong> Zv\u00e1ran\u00e9 valce s vidlicov\u00fdm z\u00e1vitom sa pou\u017e\u00edvaj\u00fa aj v leteckom a obrannom priemysle, kde sa uplat\u0148uj\u00fa v \u0161irokej \u0161k\u00e1le aplik\u00e1ci\u00ed pre lietadl\u00e1, rakety, strely a obrann\u00e9 syst\u00e9my.\n<ul>\n<li>V leteckom priemysle sa zv\u00e1ran\u00e9 vidlicov\u00e9 valce pou\u017e\u00edvaj\u00fa v podvozkoch lietadiel, klapk\u00e1ch a brzd\u00e1ch na zabezpe\u010denie potrebnej sily pre vzlet a prist\u00e1tie.<\/li>\n<li>V obrannom priemysle sa tieto valce pou\u017e\u00edvaj\u00fa v odpa\u013eovac\u00edch zariadeniach rakiet, streleck\u00fdch ve\u017eiach a tankov\u00fdch syst\u00e9moch na pohon hydraulick\u00fdch syst\u00e9mov, ktor\u00e9 riadia pohyb zbran\u00ed a mun\u00edcie.<\/li>\n<\/ul>\n<\/li>\n<li><strong>N\u00e1morn\u00fd priemysel:<\/strong> Zv\u00e1ran\u00e9 valce s vidlicov\u00fdm z\u00e1vitom sa tie\u017e \u0161iroko pou\u017e\u00edvaj\u00fa v n\u00e1mornom priemysle, kde sa pou\u017e\u00edvaj\u00fa v r\u00f4znych aplik\u00e1ci\u00e1ch pre lode, \u010dlny a podvodn\u00e9 vozidl\u00e1.\n<ul>\n<li>V lodnom priemysle sa zv\u00e1ran\u00e9 valce s vidlicov\u00fdm z\u00e1vesom pou\u017e\u00edvaj\u00fa v \u017eeriavoch, navijakoch a manipula\u010dn\u00fdch zariadeniach na zabezpe\u010denie potrebnej sily na nakladanie a vykladanie n\u00e1kladu.<\/li>\n<li>V lodnom priemysle sa tieto valce pou\u017e\u00edvaj\u00fa v kormidlov\u00fdch syst\u00e9moch, vrtuliach a kotviacich syst\u00e9moch na zabezpe\u010denie potrebnej sily na ovl\u00e1danie pohybu lod\u00ed a \u010dlnov.<\/li>\n<li>V priemysle podvodn\u00fdch vozidiel sa zv\u00e1ran\u00e9 valce s vidlicov\u00fdm uz\u00e1verom pou\u017e\u00edvaj\u00fa v ponork\u00e1ch, dia\u013ekovo ovl\u00e1dan\u00fdch vozidl\u00e1ch (ROV) a pot\u00e1pa\u010dskom vybaven\u00ed na zabezpe\u010denie potrebnej sily pre podvodn\u00e9 oper\u00e1cie.<\/li>\n<\/ul>\n<\/li>\n<li><strong>\u0164a\u017eobn\u00fd priemysel:<\/strong> Zv\u00e1ran\u00e9 valce s vidlicov\u00fdm z\u00e1vitom sa pou\u017e\u00edvaj\u00fa aj v \u0165a\u017eobnom priemysle, kde sa uplat\u0148uj\u00fa v r\u00f4znych aplik\u00e1ci\u00e1ch na \u0165a\u017ebu nerastov a manipul\u00e1ciu s materi\u00e1lom.\n<ul>\n<li>V \u0165a\u017eobnom priemysle sa zv\u00e1ran\u00e9 valce s vidlicov\u00fdm z\u00e1vitom pou\u017e\u00edvaj\u00fa v dopravn\u00edkov\u00fdch syst\u00e9moch, v\u0155tac\u00edch strojoch a hydraulick\u00fdch lopat\u00e1ch na zabezpe\u010denie potrebnej sily na \u0165a\u017ebu nerastov a materi\u00e1lov z ban\u00ed a lomov.<\/li>\n<\/ul>\n<\/li>\n<\/ul>\n<p><img decoding=\"async\" src=\"https:\/\/hzpt.com\/wp-content\/uploads\/2023\/12\/insert-2.webp\" alt=\"\" title=\"\"><\/p>\n<p>Autor: CX<\/p>","protected":false},"excerpt":{"rendered":"<p>Introducing Product 10048 Hot Sale Double Acting Welded Clevis Hydraulic Cylinder: The 10048 Hot Sale Double Acting Welded Clevis Hydraulic Cylinder is a high-quality hydraulic cylinder designed to provide excellent performance and durability. It is specifically designed for heavy-duty applications and delivers reliable and efficient hydraulic power. Key Features: 1. Double Acting: This hydraulic cylinder [&hellip;]<\/p>","protected":false},"featured_media":1127,"comment_status":"closed","ping_status":"closed","template":"","meta":{"_et_pb_use_builder":"","_et_pb_old_content":"","_et_gb_content_width":""},"product_brand":[],"product_cat":[36],"product_tag":[34,38],"class_list":{"0":"post-1056","1":"product","2":"type-product","3":"status-publish","4":"has-post-thumbnail","6":"product_cat-welded-clevis-type-cylinder","7":"product_tag-hydraulic-cylinder","8":"product_tag-welded-clevis-type-cylinder","10":"first","11":"instock","12":"product-type-simple"},"_links":{"self":[{"href":"https:\/\/fmp-components.com\/sk\/wp-json\/wp\/v2\/product\/1056","targetHints":{"allow":["GET"]}}],"collection":[{"href":"https:\/\/fmp-components.com\/sk\/wp-json\/wp\/v2\/product"}],"about":[{"href":"https:\/\/fmp-components.com\/sk\/wp-json\/wp\/v2\/types\/product"}],"replies":[{"embeddable":true,"href":"https:\/\/fmp-components.com\/sk\/wp-json\/wp\/v2\/comments?post=1056"}],"wp:featuredmedia":[{"embeddable":true,"href":"https:\/\/fmp-components.com\/sk\/wp-json\/wp\/v2\/media\/1127"}],"wp:attachment":[{"href":"https:\/\/fmp-components.com\/sk\/wp-json\/wp\/v2\/media?parent=1056"}],"wp:term":[{"taxonomy":"product_brand","embeddable":true,"href":"https:\/\/fmp-components.com\/sk\/wp-json\/wp\/v2\/product_brand?post=1056"},{"taxonomy":"product_cat","embeddable":true,"href":"https:\/\/fmp-components.com\/sk\/wp-json\/wp\/v2\/product_cat?post=1056"},{"taxonomy":"product_tag","embeddable":true,"href":"https:\/\/fmp-components.com\/sk\/wp-json\/wp\/v2\/product_tag?post=1056"}],"curies":[{"name":"pracovn\u00fd list","href":"https:\/\/api.w.org\/{rel}","templated":true}]}}