{"id":1054,"date":"2024-12-19T06:17:44","date_gmt":"2024-12-19T06:17:44","guid":{"rendered":"https:\/\/fmp-components.com\/product\/10046-chinese-factory-small-agriculture-hydraulic-cylinder-for-tractor\/"},"modified":"2025-03-18T02:22:11","modified_gmt":"2025-03-18T02:22:11","slug":"10046-italian-factory-small-agriculture-hydraulic-cylinder-for-tractor","status":"publish","type":"product","link":"https:\/\/fmp-components.com\/sk\/product\/10046-italian-factory-small-agriculture-hydraulic-cylinder-for-tractor\/","title":{"rendered":"10046 Taliansky tov\u00e1rensk\u00fd mal\u00fd po\u013enohospod\u00e1rsky hydraulick\u00fd valec pre traktor"},"content":{"rendered":"<h2>Produkt 10046 Taliansky tov\u00e1rensk\u00fd mal\u00fd po\u013enohospod\u00e1rsky hydraulick\u00fd valec pre traktor:<\/h2>\n<p>Hydraulick\u00fd valec 10046 talianskej v\u00fdroby pre mal\u00e9 po\u013enohospod\u00e1rske traktory je vysoko kvalitn\u00fd produkt navrhnut\u00fd \u0161peci\u00e1lne pre po\u013enohospod\u00e1rske pou\u017eitie. V\u010faka pokro\u010dilej hydraulickej technol\u00f3gii pon\u00faka tento valec v\u00fdnimo\u010dn\u00fd v\u00fdkon a spo\u013eahlivos\u0165.<\/p>\n<p>Tento hydraulick\u00fd valec vyr\u00e1ba renomovan\u00e1 talianska tov\u00e1re\u0148 zn\u00e1ma svojou oddanos\u0165ou dokonalosti a presn\u00e9mu in\u017einierstvu. Ka\u017ed\u00fd valec je vyroben\u00fd z odoln\u00fdch materi\u00e1lov, ktor\u00e9 zais\u0165uj\u00fa dlhotrvaj\u00facu \u017eivotnos\u0165 a odolnos\u0165 vo\u010di opotrebovaniu.<\/p>\n<p>V\u010faka mal\u00fdm rozmerom je tento hydraulick\u00fd valec ide\u00e1lny pre traktory pou\u017e\u00edvan\u00e9 v po\u013enohospod\u00e1rstve. Poskytuje potrebn\u00fd v\u00fdkon a ovl\u00e1danie na ovl\u00e1danie r\u00f4znych po\u013enohospod\u00e1rskych n\u00e1strojov, ako s\u00fa naklada\u010de, pluhy a kombajny.<\/p>\n<p>V\u010faka svojej efekt\u00edvnej kon\u0161trukcii umo\u017e\u0148uje tento hydraulick\u00fd valec plynul\u00fd a presn\u00fd chod, \u010d\u00edm zvy\u0161uje celkov\u00fa produktivitu traktora. Pon\u00faka vysok\u00fa zdv\u00edhaciu kapacitu a vynikaj\u00facu nosnos\u0165, \u010do umo\u017e\u0148uje po\u013enohospod\u00e1rom \u013eahko manipulova\u0165 s \u0165a\u017ek\u00fdmi bremenami.<\/p>\n<p>Hydraulick\u00fd valec 10046 od talianskej tov\u00e1rne pre mal\u00e9 po\u013enohospod\u00e1rske traktory sa \u013eahko in\u0161taluje a udr\u017eiava. Dod\u00e1va sa so v\u0161etk\u00fdmi potrebn\u00fdmi komponentmi a pr\u00edslu\u0161enstvom, \u010do zais\u0165uje bezprobl\u00e9mov\u00fd proces in\u0161tal\u00e1cie. Pravideln\u00e1 \u00fadr\u017eba udr\u017e\u00ed valec v optim\u00e1lnom stave, \u010d\u00edm sa maximalizuje jeho \u017eivotnos\u0165 a v\u00fdkon.<\/p>\n<p>Z\u00e1verom mo\u017eno poveda\u0165, \u017ee hydraulick\u00fd valec 10046 od talianskej tov\u00e1rne pre mal\u00e9 po\u013enohospod\u00e1rske traktory je spo\u013eahliv\u00fd a \u00fa\u010dinn\u00fd hydraulick\u00fd valec navrhnut\u00fd na zlep\u0161enie po\u013enohospod\u00e1rskych schopnost\u00ed traktorov. Jeho vysoko kvalitn\u00e1 kon\u0161trukcia a pokro\u010dil\u00e9 funkcie z neho robia vynikaj\u00facu vo\u013ebu pre po\u013enohospod\u00e1rov, ktor\u00ed h\u013eadaj\u00fa odoln\u00e9 a vysoko v\u00fdkonn\u00e9 zariadenia.<\/p>\n<p><img loading=\"lazy\" decoding=\"async\" class=\"alignnone size-full wp-image-1073\" src=\"https:\/\/fmp-components.com\/wp-content\/uploads\/2024\/12\/Welded-Clevis-Type-Cylinder2.webp\" alt=\"Zv\u00e1ran\u00fd valec s vidlicov\u00fdm z\u00e1vitom\" width=\"800\" height=\"800\" title=\"\" srcset=\"https:\/\/fmp-components.com\/wp-content\/uploads\/2024\/12\/Welded-Clevis-Type-Cylinder2.webp 800w, https:\/\/fmp-components.com\/wp-content\/uploads\/2024\/12\/Welded-Clevis-Type-Cylinder2-480x480.webp 480w\" sizes=\"(min-width: 0px) and (max-width: 480px) 480px, (min-width: 481px) 800px, 100vw\" \/><\/p>\n<h2>Predstavujeme produkt: Mal\u00fd po\u013enohospod\u00e1rsky hydraulick\u00fd valec<\/h2>\n<p>Spolo\u010dnos\u0165 FMP s hrdos\u0165ou predstavuje mal\u00fd po\u013enohospod\u00e1rsky hydraulick\u00fd valec, k\u013e\u00fa\u010dov\u00fd komponent pre traktory. Tento hydraulick\u00fd valec zohr\u00e1va v\u00fdznamn\u00fa \u00falohu pri zvy\u0161ovan\u00ed \u00fa\u010dinnosti a v\u00fdkonu po\u013enohospod\u00e1rskych strojov.<\/p>\n<h3>Funkcia a v\u00fdznam<\/h3>\n<p>N\u00e1\u0161 mal\u00fd po\u013enohospod\u00e1rsky hydraulick\u00fd valec umo\u017e\u0148uje traktoru \u013eahko vykon\u00e1va\u0165 n\u00e1ro\u010dn\u00e9 \u00falohy. Funguje ako d\u00f4le\u017eit\u00e1 s\u00fa\u010das\u0165 hydraulick\u00e9ho syst\u00e9mu, premie\u0148a energiu kvapaliny na mechanick\u00fa energiu, \u010do umo\u017e\u0148uje traktoru zdv\u00edha\u0165 \u0165a\u017ek\u00e9 predmety a u\u013eah\u010duje po\u013enohospod\u00e1rske \u00falohy.<\/p>\n<h3>\u0160pecifik\u00e1cie produktu<\/h3>\n<ul>\n<li>Rozmery: \u0160pecifick\u00e9 pre dan\u00fd model<\/li>\n<li>Kapacita: V z\u00e1vislosti od modelu<\/li>\n<li>Nosnos\u0165: Vysok\u00e1<\/li>\n<\/ul>\n<h2>Jedine\u010dn\u00e9 vlastnosti a v\u00fdhody<\/h2>\n<p>N\u00e1\u0161 mal\u00fd po\u013enohospod\u00e1rsky hydraulick\u00fd valec je energeticky \u00fasporn\u00fd, vysoko \u00fa\u010dinn\u00fd a zais\u0165uje bezpe\u010dnos\u0165 po\u010das prev\u00e1dzky. Je navrhnut\u00fd tak, aby odolal n\u00e1ro\u010dn\u00e9mu po\u013enohospod\u00e1rskemu prostrediu a zabezpe\u010dil robustn\u00fd v\u00fdkon va\u0161ich traktorov.<\/p>\n<p><img loading=\"lazy\" decoding=\"async\" class=\"alignnone size-full wp-image-1074\" src=\"https:\/\/fmp-components.com\/wp-content\/uploads\/2024\/12\/Welded-Clevis-Type-Cylinder1.webp\" alt=\"Zv\u00e1ran\u00fd valec s vidlicov\u00fdm z\u00e1vitom\" width=\"800\" height=\"800\" title=\"\" srcset=\"https:\/\/fmp-components.com\/wp-content\/uploads\/2024\/12\/Welded-Clevis-Type-Cylinder1.webp 800w, https:\/\/fmp-components.com\/wp-content\/uploads\/2024\/12\/Welded-Clevis-Type-Cylinder1-480x480.webp 480w\" sizes=\"(min-width: 0px) and (max-width: 480px) 480px, (min-width: 481px) 800px, 100vw\" \/><\/p>\n<h2>Pochopenie hydraulick\u00e9ho syst\u00e9mu a princ\u00edpu fungovania<\/h2>\n<p>Hydraulick\u00fd syst\u00e9m traktora je zlo\u017eit\u00e1 sie\u0165 valcov, potrub\u00ed a ventilov. Funguje na princ\u00edpe Pascalovho z\u00e1kona, kde tlak vyv\u00edjan\u00fd kdeko\u013evek v uzavretej nestla\u010dite\u013enej kvapaline sa pren\u00e1\u0161a rovnomerne vo v\u0161etk\u00fdch smeroch.<\/p>\n<h2>Pou\u017eitie n\u00e1\u0161ho mal\u00e9ho po\u013enohospod\u00e1rskeho hydraulick\u00e9ho valca<\/h2>\n<p>N\u00e1\u0161 mal\u00fd po\u013enohospod\u00e1rsky hydraulick\u00fd valec je ide\u00e1lny pre mal\u00e9 a\u017e stredne ve\u013ek\u00e9 traktory a \u0161iroko sa pou\u017e\u00edva pri r\u00f4znych po\u013enohospod\u00e1rskych \u00faloh\u00e1ch, ako je orba, obr\u00e1banie p\u00f4dy, br\u00e1nenie a \u010fal\u0161ie.<\/p>\n<h2>\u010casto kladen\u00e9 ot\u00e1zky<\/h2>\n<h3>1. Ak\u00e1 je funkcia hydraulick\u00e9ho valca v traktore?<\/h3>\n<p>Hydraulick\u00fd valec umo\u017e\u0148uje traktoru \u013eahko zdv\u00edha\u0165 \u0165a\u017ek\u00e9 predmety a vykon\u00e1va\u0165 n\u00e1ro\u010dn\u00e9 \u00falohy.<\/p>\n<h3>2. Pre\u010do si vybra\u0165 mal\u00fd po\u013enohospod\u00e1rsky hydraulick\u00fd valec FMP?<\/h3>\n<p>Valce FMP s\u00fa zn\u00e1me svojou energetickou \u00fa\u010dinnos\u0165ou, vysokou \u00fa\u010dinnos\u0165ou a bezpe\u010dnos\u0165ou po\u010das prev\u00e1dzky.<\/p>\n<h3>3. Ako funguje hydraulick\u00fd syst\u00e9m?<\/h3>\n<p>Funguje na princ\u00edpe Pascalovho z\u00e1kona, kde tlak vyv\u00edjan\u00fd kdeko\u013evek v uzavretej nestla\u010dite\u013enej tekutine sa pren\u00e1\u0161a rovnomerne vo v\u0161etk\u00fdch smeroch.<\/p>\n<p><img decoding=\"async\" src=\"https:\/\/hzpt.com\/wp-content\/uploads\/2023\/12\/insert-1.webp\" alt=\"\" title=\"\"><\/p>\n<h3>4. Ak\u00e9 \u010fal\u0161ie produkty pon\u00faka FMP?<\/h3>\n<p>FMP pon\u00faka aj hydraulick\u00e9 nakl\u00e1pacie valce, hydraulick\u00e9 riadiace valce, hydraulick\u00e9 zdv\u00edhacie valce a \u010fal\u0161ie.<\/p>\n<h3>5. M\u00f4\u017eem si objedna\u0165 nie\u010do na mieru?<\/h3>\n<p>\u00c1no, FMP v\u00edta z\u00e1kazkov\u00e9 objedn\u00e1vky na z\u00e1klade \u0161pecifick\u00fdch po\u017eiadaviek.<\/p>\n<h2>V\u00fdhody zv\u00e1ran\u00e9ho valca s vidlicov\u00fdm z\u00e1vitom<\/h2>\n<p>Zv\u00e1ran\u00e9 valce s vidlicov\u00fdm uchyten\u00edm s\u00fa ob\u013e\u00fabenou vo\u013ebou pre mnoho priemyseln\u00fdch aplik\u00e1ci\u00ed v\u010faka svojim jedine\u010dn\u00fdm v\u00fdhod\u00e1m a pr\u00ednosom. Tu s\u00fa niektor\u00e9 z k\u013e\u00fa\u010dov\u00fdch v\u00fdhod zv\u00e1ran\u00fdch valcov s vidlicov\u00fdm uchyten\u00edm:<\/p>\n<h3>1. Zv\u00fd\u0161en\u00e1 pevnos\u0165 a odolnos\u0165<\/h3>\n<p>Zv\u00e1ran\u00e9 valce s vidlicov\u00fdm uz\u00e1verom s\u00fa kon\u0161truovan\u00e9 so zv\u00e1ran\u00fdm koncov\u00fdm uz\u00e1verom, ktor\u00fd poskytuje zv\u00fd\u0161en\u00fa pevnos\u0165 a odolnos\u0165 v porovnan\u00ed s in\u00fdmi typmi valcov. V\u010faka tomu s\u00fa ide\u00e1lne pre n\u00e1ro\u010dn\u00e9 aplik\u00e1cie, ktor\u00e9 vy\u017eaduj\u00fa vysok\u00fa \u00farove\u0148 pevnosti a odolnosti.<\/p>\n<p>Zv\u00e1ran\u00e1 kon\u0161trukcia t\u00fdchto valcov navy\u0161e znamen\u00e1, \u017ee je menej pravdepodobn\u00e9, \u017ee unikn\u00fa alebo zlyhaj\u00fa, \u010do m\u00f4\u017ee pom\u00f4c\u0165 zn\u00ed\u017ei\u0165 prestoje a n\u00e1klady na \u00fadr\u017ebu.<\/p>\n<h3>2. Schopnos\u0165 zvl\u00e1da\u0165 vysok\u00fd tlak<\/h3>\n<p>Zv\u00e1ran\u00e9 valce s vidlicov\u00fdm uz\u00e1verom s\u00fa tie\u017e schopn\u00e9 zvl\u00e1dnu\u0165 aplik\u00e1cie s vysok\u00fdm tlakom, v\u010faka \u010domu s\u00fa ob\u013e\u00fabenou vo\u013ebou v odvetviach, ako je stavebn\u00edctvo, ban\u00edctvo a ropa a plyn. Ich schopnos\u0165 zvl\u00e1da\u0165 vysok\u00fd tlak zais\u0165uje spo\u013eahliv\u00fd v\u00fdkon v n\u00e1ro\u010dn\u00fdch prostrediach.<\/p>\n<h3>3. Prisp\u00f4sobite\u013en\u00fd dizajn<\/h3>\n<p>Zv\u00e1ran\u00e9 valce s vidlicov\u00fdm uz\u00e1verom je mo\u017en\u00e9 navrhn\u00fa\u0165 na mieru tak, aby sp\u013a\u0148ali \u0161pecifick\u00e9 potreby aplik\u00e1cie. To znamen\u00e1, \u017ee ich mo\u017eno prisp\u00f4sobi\u0165 konkr\u00e9tnej ve\u013ekosti, tvaru alebo v\u00fdkonnostn\u00fdm po\u017eiadavk\u00e1m. Prisp\u00f4sobite\u013en\u00fd dizajn tie\u017e umo\u017e\u0148uje v\u00e4\u010d\u0161iu flexibilitu vo v\u00fdrobnom procese, \u010do m\u00f4\u017ee vies\u0165 k \u00faspor\u00e1m n\u00e1kladov.<\/p>\n<h3>4. Jednoduch\u00e1 in\u0161tal\u00e1cia<\/h3>\n<p>Zv\u00e1ran\u00e9 valce s vidlicov\u00fdm uz\u00e1verom s\u00fa navrhnut\u00e9 pre jednoduch\u00fa in\u0161tal\u00e1ciu, \u010do pom\u00e1ha skr\u00e1ti\u0165 \u010das nastavovania a n\u00e1klady na pracovn\u00fa silu. Zvy\u010dajne s\u00fa vopred zmontovan\u00e9 a pripraven\u00e9 na pou\u017eitie hne\u010f po vybalen\u00ed z krabice, \u010do minimalizuje potrebu \u010fal\u0161\u00edch dielov alebo komponentov.<\/p>\n<h3>5. Vylep\u0161en\u00fd v\u00fdkon<\/h3>\n<p>Kon\u0161trukcia zv\u00e1ran\u00fdch valcov s vidlicov\u00fdm uchyten\u00edm umo\u017e\u0148uje lep\u0161\u00ed v\u00fdkon v porovnan\u00ed s in\u00fdmi typmi valcov. S\u00fa schopn\u00e9 generova\u0165 v\u00e4\u010d\u0161iu silu na jednotku tlaku, \u010do m\u00f4\u017ee pom\u00f4c\u0165 zlep\u0161i\u0165 efektivitu a produktivitu v priemyseln\u00fdch aplik\u00e1ci\u00e1ch.<\/p>\n<p>Celkovo pon\u00fakaj\u00fa zv\u00e1ran\u00e9 valce s vidlicov\u00fdm z\u00e1vitom cel\u00fd rad v\u00fdhod a benefitov, v\u010faka ktor\u00fdm s\u00fa ob\u013e\u00fabenou vo\u013ebou pre mnoh\u00e9 priemyseln\u00e9 aplik\u00e1cie. Ich zv\u00fd\u0161en\u00e1 pevnos\u0165 a odolnos\u0165, schopnos\u0165 zvl\u00e1da\u0165 vysok\u00fd tlak, prisp\u00f4sobite\u013en\u00fd dizajn, jednoduch\u00e1 in\u0161tal\u00e1cia a vylep\u0161en\u00fd v\u00fdkon z nich robia ide\u00e1lnu vo\u013ebu pre n\u00e1ro\u010dn\u00e9 prostredia, kde s\u00fa spo\u013eahlivos\u0165 a v\u00fdkon k\u013e\u00fa\u010dov\u00e9.<\/p>\n<h2>Pou\u017eitie zv\u00e1ran\u00e9ho valca s vidlicov\u00fdm z\u00e1vitom<\/h2>\n<ul>\n<li><strong>Priemyseln\u00e9 stroje:<\/strong> Zv\u00e1ran\u00e9 valce s vidlicov\u00fdm uchyten\u00edm sa \u0161iroko pou\u017e\u00edvaj\u00fa v r\u00f4znych priemyseln\u00fdch strojoch pre n\u00e1ro\u010dn\u00e9 aplik\u00e1cie. Tieto valce s\u00fa schopn\u00e9 vyvin\u00fa\u0165 vysok\u00fa silu na zdv\u00edhanie a lisovanie komponentov v strojoch. Zv\u00e1ran\u00e1 kon\u0161trukcia s vidlicov\u00fdm uchyten\u00edm umo\u017e\u0148uje jednoduch\u00fa in\u0161tal\u00e1ciu a efekt\u00edvnu prev\u00e1dzku, v\u010faka \u010domu s\u00fa ob\u013e\u00fabenou vo\u013ebou v\u00fdrobcov.\n<ul>\n<li>Vo v\u00fdrobnom priemysle sa zv\u00e1ran\u00e9 valce s vidlicov\u00fdm uz\u00e1verom pou\u017e\u00edvaj\u00fa v hydraulick\u00fdch lisoch, vstrekovac\u00edch lisoch a zariadeniach na lisovanie kovov na zabezpe\u010denie potrebnej sily na tvarovanie a tvarovanie plechov.<\/li>\n<li>V automobilovom priemysle sa tieto valce pou\u017e\u00edvaj\u00fa v automobilov\u00fdch zdvih\u00e1koch, zdv\u00edha\u010doch a mont\u00e1\u017enych strojoch na zdv\u00edhanie \u0165a\u017ek\u00fdch komponentov po\u010das v\u00fdrobn\u00e9ho procesu.<\/li>\n<li>V stavebn\u00edctve sa zv\u00e1ran\u00e9 valce s vidlicov\u00fdm uchyten\u00edm pou\u017e\u00edvaj\u00fa v \u017eeriavoch, bagroch a buldoz\u00e9roch na pohon hydraulick\u00fdch syst\u00e9mov, ktor\u00e9 zdv\u00edhaj\u00fa a premiest\u0148uj\u00fa \u0165a\u017ek\u00e9 bremen\u00e1.<\/li>\n<\/ul>\n<\/li>\n<li><strong>Po\u013enohospod\u00e1rske stroje:<\/strong> Po\u013enohospod\u00e1rske stroje s\u00fa jednou z najd\u00f4le\u017eitej\u0161\u00edch oblast\u00ed, v ktor\u00fdch sa pou\u017e\u00edvaj\u00fa zv\u00e1ran\u00e9 vidlicov\u00e9 valce. Tieto valce sa pou\u017e\u00edvaj\u00fa v r\u00f4znych po\u013enohospod\u00e1rskych strojoch vr\u00e1tane traktorov, kombajnov a pluhov na zabezpe\u010denie potrebnej sily na pr\u00edpravu p\u00f4dy, siatie a zber \u00farody.\n<ul>\n<li>V po\u013enohospod\u00e1rstve sa zv\u00e1ran\u00e9 valce s vidlicov\u00fdm uchyten\u00edm pou\u017e\u00edvaj\u00fa v pluhoch, kultiv\u00e1toroch a sejac\u00edch strojoch na zabezpe\u010denie potrebnej sily na pr\u00edpravu p\u00f4dy a siatie semien.<\/li>\n<li>V zberan\u00ed \u00farody sa tieto valce pou\u017e\u00edvaj\u00fa v zbera\u010doch, lisoch a kosa\u010dk\u00e1ch na pohon hydraulick\u00fdch syst\u00e9mov, ktor\u00e9 zbieraj\u00fa a prepravuj\u00fa plodiny.<\/li>\n<\/ul>\n<\/li>\n<li><strong>Letectvo a obrana:<\/strong> Zv\u00e1ran\u00e9 valce s vidlicov\u00fdm z\u00e1vitom sa pou\u017e\u00edvaj\u00fa aj v leteckom a obrannom priemysle, kde sa uplat\u0148uj\u00fa v \u0161irokej \u0161k\u00e1le aplik\u00e1ci\u00ed pre lietadl\u00e1, rakety, strely a obrann\u00e9 syst\u00e9my.\n<ul>\n<li>V leteckom priemysle sa zv\u00e1ran\u00e9 vidlicov\u00e9 valce pou\u017e\u00edvaj\u00fa v podvozkoch lietadiel, klapk\u00e1ch a brzd\u00e1ch na zabezpe\u010denie potrebnej sily pre vzlet a prist\u00e1tie.<\/li>\n<li>V obrannom priemysle sa tieto valce pou\u017e\u00edvaj\u00fa v odpa\u013eovac\u00edch zariadeniach rakiet, streleck\u00fdch ve\u017eiach a tankov\u00fdch syst\u00e9moch na pohon hydraulick\u00fdch syst\u00e9mov, ktor\u00e9 riadia pohyb zbran\u00ed a mun\u00edcie.<\/li>\n<\/ul>\n<\/li>\n<li><strong>N\u00e1morn\u00fd priemysel:<\/strong> Zv\u00e1ran\u00e9 valce s vidlicov\u00fdm z\u00e1vitom sa tie\u017e \u0161iroko pou\u017e\u00edvaj\u00fa v n\u00e1mornom priemysle, kde sa pou\u017e\u00edvaj\u00fa v r\u00f4znych aplik\u00e1ci\u00e1ch pre lode, \u010dlny a podvodn\u00e9 vozidl\u00e1.\n<ul>\n<li>V lodnom priemysle sa zv\u00e1ran\u00e9 valce s vidlicov\u00fdm z\u00e1vesom pou\u017e\u00edvaj\u00fa v \u017eeriavoch, navijakoch a manipula\u010dn\u00fdch zariadeniach na zabezpe\u010denie potrebnej sily na nakladanie a vykladanie n\u00e1kladu.<\/li>\n<li>V lodnom priemysle sa tieto valce pou\u017e\u00edvaj\u00fa v kormidlov\u00fdch syst\u00e9moch, vrtuliach a kotviacich syst\u00e9moch na zabezpe\u010denie potrebnej sily na ovl\u00e1danie pohybu lod\u00ed a \u010dlnov.<\/li>\n<li>V priemysle podvodn\u00fdch vozidiel sa zv\u00e1ran\u00e9 valce s vidlicov\u00fdm uz\u00e1verom pou\u017e\u00edvaj\u00fa v ponork\u00e1ch, dia\u013ekovo ovl\u00e1dan\u00fdch vozidl\u00e1ch (ROV) a pot\u00e1pa\u010dskom vybaven\u00ed na zabezpe\u010denie potrebnej sily pre podvodn\u00e9 oper\u00e1cie.<\/li>\n<\/ul>\n<\/li>\n<li><strong>\u0164a\u017eobn\u00fd priemysel:<\/strong> Zv\u00e1ran\u00e9 valce s vidlicov\u00fdm z\u00e1vitom sa pou\u017e\u00edvaj\u00fa aj v \u0165a\u017eobnom priemysle, kde sa uplat\u0148uj\u00fa v r\u00f4znych aplik\u00e1ci\u00e1ch na \u0165a\u017ebu nerastov a manipul\u00e1ciu s materi\u00e1lom.\n<ul>\n<li>V \u0165a\u017eobnom priemysle sa zv\u00e1ran\u00e9 valce s vidlicov\u00fdm z\u00e1vitom pou\u017e\u00edvaj\u00fa v dopravn\u00edkov\u00fdch syst\u00e9moch, v\u0155tac\u00edch strojoch a hydraulick\u00fdch lopat\u00e1ch na zabezpe\u010denie potrebnej sily na \u0165a\u017ebu nerastov a materi\u00e1lov z ban\u00ed a lomov.<\/li>\n<\/ul>\n<\/li>\n<\/ul>\n<p><img decoding=\"async\" src=\"https:\/\/hzpt.com\/wp-content\/uploads\/2023\/12\/insert-2.webp\" alt=\"\" title=\"\"><\/p>\n<h2>Pre\u010do si vybra\u0165 FMP?<\/h2>\n<p>Vyberte si FMP pre na\u0161e vysoko kvalitn\u00e9 produkty, konkurencieschopn\u00e9 ceny a vynikaj\u00face slu\u017eby. Okrem na\u0161ich mal\u00fdch po\u013enohospod\u00e1rskych hydraulick\u00fdch valcov dod\u00e1vame aj valce pre zdv\u00edhacie plo\u0161iny, hydraulick\u00e9 valce pre priemyseln\u00e9 vozidl\u00e1, valce pre rota\u010dn\u00e9 vrtn\u00e9 s\u00fapravy, valce pre auto\u017eeriavy, hydraulick\u00e9 valce pre stavebn\u00e9 stroje, <b>Hydraulick\u00e9 valce pre vysokozdvi\u017en\u00e9 voz\u00edky<\/b>, valce pre ter\u00e9nne skl\u00e1pa\u010de a hydraulick\u00e9 valce pre sanita\u010dn\u00e9 stroje. V\u00edtan\u00e9 s\u00fa aj z\u00e1kazkov\u00e9 objedn\u00e1vky.<\/p>\n<p><img decoding=\"async\" src=\"https:\/\/hzpt.com\/wp-content\/uploads\/2023\/12\/insert-5.webp\" alt=\"\" title=\"\"><\/p>\n<p>Autor: CX<\/p>","protected":false},"excerpt":{"rendered":"<p>Product 10046 Italian Factory Small Agriculture Hydraulic Cylinder for Tractor: The 10046 Italian Factory Small Agriculture Hydraulic Cylinder for Tractor is a high-quality product designed specifically for agricultural use. With its advanced hydraulic technology, this cylinder offers exceptional performance and reliability. This hydraulic cylinder is manufactured by a reputable Italian factory known for their commitment [&hellip;]<\/p>","protected":false},"featured_media":1127,"comment_status":"closed","ping_status":"closed","template":"","meta":{"_et_pb_use_builder":"","_et_pb_old_content":"","_et_gb_content_width":""},"product_brand":[],"product_cat":[36],"product_tag":[34,38],"class_list":{"0":"post-1054","1":"product","2":"type-product","3":"status-publish","4":"has-post-thumbnail","6":"product_cat-welded-clevis-type-cylinder","7":"product_tag-hydraulic-cylinder","8":"product_tag-welded-clevis-type-cylinder","10":"first","11":"instock","12":"product-type-simple"},"_links":{"self":[{"href":"https:\/\/fmp-components.com\/sk\/wp-json\/wp\/v2\/product\/1054","targetHints":{"allow":["GET"]}}],"collection":[{"href":"https:\/\/fmp-components.com\/sk\/wp-json\/wp\/v2\/product"}],"about":[{"href":"https:\/\/fmp-components.com\/sk\/wp-json\/wp\/v2\/types\/product"}],"replies":[{"embeddable":true,"href":"https:\/\/fmp-components.com\/sk\/wp-json\/wp\/v2\/comments?post=1054"}],"wp:featuredmedia":[{"embeddable":true,"href":"https:\/\/fmp-components.com\/sk\/wp-json\/wp\/v2\/media\/1127"}],"wp:attachment":[{"href":"https:\/\/fmp-components.com\/sk\/wp-json\/wp\/v2\/media?parent=1054"}],"wp:term":[{"taxonomy":"product_brand","embeddable":true,"href":"https:\/\/fmp-components.com\/sk\/wp-json\/wp\/v2\/product_brand?post=1054"},{"taxonomy":"product_cat","embeddable":true,"href":"https:\/\/fmp-components.com\/sk\/wp-json\/wp\/v2\/product_cat?post=1054"},{"taxonomy":"product_tag","embeddable":true,"href":"https:\/\/fmp-components.com\/sk\/wp-json\/wp\/v2\/product_tag?post=1054"}],"curies":[{"name":"pracovn\u00fd list","href":"https:\/\/api.w.org\/{rel}","templated":true}]}}