{"id":1046,"date":"2024-12-19T06:17:09","date_gmt":"2024-12-19T06:17:09","guid":{"rendered":"https:\/\/fmp-components.com\/product\/10038-factory-direct-sale-1200mm-stroke-hydraulic-cylinder-mini-hydraulic-cylinder-for-trailer\/"},"modified":"2024-12-24T00:35:48","modified_gmt":"2024-12-24T00:35:48","slug":"10038-factory-direct-sale-1200mm-stroke-hydraulic-cylinder-mini-hydraulic-cylinder-for-trailer","status":"publish","type":"product","link":"https:\/\/fmp-components.com\/sk\/product\/10038-factory-direct-sale-1200mm-stroke-hydraulic-cylinder-mini-hydraulic-cylinder-for-trailer\/","title":{"rendered":"10038 Priamy predaj z tov\u00e1rne Hydraulick\u00fd valec so zdvihom 1200 mm Mini hydraulick\u00fd valec pre pr\u00edves"},"content":{"rendered":"<h2>Predstavenie produktu:<\/h2>\n<p>Hydraulick\u00fd valec 10038 so zdvihom 1200 mm, mini hydraulick\u00fd valec pre pr\u00edves, priamy predaj z v\u00fdroby, je vysoko \u00fa\u010dinn\u00fd a spo\u013eahliv\u00fd hydraulick\u00fd valec ur\u010den\u00fd pre pr\u00edvesy. S d\u013a\u017ekou zdvihu 1200 mm pon\u00faka tento hydraulick\u00fd valec v\u00fdnimo\u010dn\u00fd v\u00fdkon a odolnos\u0165.<\/p>\n<p>Tento mini hydraulick\u00fd valec sa v\u010faka kompaktn\u00e9mu dizajnu perfektne hod\u00ed pre pr\u00edvesy, ktor\u00e9 vy\u017eaduj\u00fa presn\u00e9 zdv\u00edhanie a sp\u00fa\u0161\u0165anie. Je navrhnut\u00fd s pou\u017eit\u00edm pokro\u010dilej technol\u00f3gie, ktor\u00e1 zabezpe\u010duje plynul\u00e9 a kontrolovan\u00e9 pohyby, v\u010faka \u010domu je ide\u00e1lny pre r\u00f4zne aplik\u00e1cie v odvetv\u00ed pr\u00edvesov.<\/p>\n<p>Hydraulick\u00fd valec 10038 so zdvihom 1200 mm, vyroben\u00fd priamo z v\u00fdroby, je vyroben\u00fd z vysoko kvalitn\u00fdch materi\u00e1lov a s pou\u017eit\u00edm pr\u00edsnych procesov kontroly kvality. To zaru\u010duje jeho dlh\u00fa \u017eivotnos\u0165 a schopnos\u0165 odol\u00e1va\u0165 \u0165a\u017ek\u00fdm za\u0165a\u017eeniam a n\u00e1ro\u010dn\u00fdm prev\u00e1dzkov\u00fdm podmienkam. Jeho robustn\u00e1 kon\u0161trukcia a komponenty odoln\u00e9 vo\u010di kor\u00f3zii z neho robia spo\u013eahliv\u00fa vo\u013ebu pre majite\u013eov a prev\u00e1dzkovate\u013eov pr\u00edvesov.<\/p>\n<p><img decoding=\"async\" src=\"https:\/\/hzpt.com\/wp-content\/uploads\/2023\/12\/insert-4.webp?v=1694163707\" alt=\"\" title=\"\"><\/p>\n<p>Okrem svojej odolnosti pon\u00faka tento hydraulick\u00fd valec jednoduch\u00fa in\u0161tal\u00e1ciu a \u00fadr\u017ebu. Je navrhnut\u00fd pre bezprobl\u00e9mov\u00fa integr\u00e1ciu do syst\u00e9mov pr\u00edvesov, \u010d\u00edm \u0161etr\u00ed \u010das a n\u00e1mahu po\u010das procesu nastavenia. Pravideln\u00e1 \u00fadr\u017eba zais\u0165uje optim\u00e1lny v\u00fdkon a predl\u017euje \u017eivotnos\u0165 hydraulick\u00e9ho valca.<\/p>\n<p>V\u010faka vynikaj\u00facemu v\u00fdkonu, odolnosti a u\u017e\u00edvate\u013esky pr\u00edvetiv\u00e9mu dizajnu je mini hydraulick\u00fd valec 10038 s priamym predajom z v\u00fdroby a zdvihom 1200 mm pre pr\u00edves ide\u00e1lnou vo\u013ebou pre jednotlivcov a firmy, ktor\u00e9 potrebuj\u00fa spo\u013eahliv\u00e9 rie\u0161enie hydraulick\u00e9ho valca.<\/p>\n<h2>Funkcie a vlastnosti<\/h2>\n<p>Tento hydraulick\u00fd valec sa m\u00f4\u017ee pochv\u00e1li\u0165 radom p\u00f4sobiv\u00fdch vlastnost\u00ed, v\u010faka ktor\u00fdm je najlep\u0161ou vo\u013ebou pre pr\u00edvesy. M\u00e1 zdvih 1200 mm, v\u010faka \u010domu je ide\u00e1lny na pou\u017eitie v r\u00f4znych aplik\u00e1ci\u00e1ch.<\/p>\n<h3>Technick\u00e9 \u0161pecifik\u00e1cie<\/h3>\n<ul>\n<li>D\u013a\u017eka zdvihu: 1200 mm<\/li>\n<li>Kapacita: Vysok\u00e1<\/li>\n<li>V\u00fdkon: Efekt\u00edvny a spo\u013eahliv\u00fd<\/li>\n<\/ul>\n<h3>Jedine\u010dn\u00e9 vlastnosti a v\u00fdhody<\/h3>\n<p>Tento hydraulick\u00fd valec je energeticky \u00fasporn\u00fd, vysoko v\u00fdkonn\u00fd a bezpe\u010dn\u00fd. V\u010faka t\u00fdmto vlastnostiam je na trhu ve\u013emi vyh\u013ead\u00e1van\u00fdm produktom.<\/p>\n<p><img decoding=\"async\" src=\"https:\/\/hzpt.com\/wp-content\/uploads\/2023\/12\/insert-1.webp\" alt=\"\" title=\"\"><\/p>\n<h2>Hydraulick\u00fd syst\u00e9m a princ\u00edp \u010dinnosti<\/h2>\n<p>Fungovanie hydraulick\u00e9ho valca je zalo\u017een\u00e9 na princ\u00edpoch mechaniky tekut\u00edn. Na generovanie sily a pohybu vyu\u017e\u00edva hydraulick\u00fd olej, v\u010faka \u010domu je d\u00f4le\u017eitou s\u00fa\u010das\u0165ou ka\u017ed\u00e9ho hydraulick\u00e9ho syst\u00e9mu.<\/p>\n<p>Mini hydraulick\u00fd valec so zdvihom 1200 mm pre pr\u00edves m\u00e1 bohat\u00fa hist\u00f3riu a je k dispoz\u00edcii v r\u00f4znych typoch. In\u0161tal\u00e1cia, \u00fadr\u017eba a oprava s\u00fa jednoduch\u00e9, v\u010faka \u010domu je produkt u\u017e\u00edvate\u013esky pr\u00edvetiv\u00fd.<\/p>\n<h2>V\u00fdber produktu<\/h2>\n<p>V\u00fdber spr\u00e1vneho hydraulick\u00e9ho oleja a olejov\u00e9ho tesnenia je k\u013e\u00fa\u010dov\u00fd pre optim\u00e1lne fungovanie hydraulick\u00e9ho valca. Merania a postupy v\u00fdmeny s\u00fa jednoduch\u00e9, \u010do zabezpe\u010duje, \u017ee v\u00e1\u0161 hydraulick\u00fd valec v\u017edy pod\u00e1va \u0161pi\u010dkov\u00fd v\u00fdkon.<\/p>\n<h2>V\u00fdhody zv\u00e1ran\u00e9ho valca s vidlicov\u00fdm z\u00e1vitom<\/h2>\n<p>Zv\u00e1ran\u00e9 valce s vidlicov\u00fdm uchyten\u00edm s\u00fa ob\u013e\u00fabenou vo\u013ebou pre mnoho priemyseln\u00fdch aplik\u00e1ci\u00ed v\u010faka svojim jedine\u010dn\u00fdm v\u00fdhod\u00e1m a pr\u00ednosom. Tu s\u00fa niektor\u00e9 z k\u013e\u00fa\u010dov\u00fdch v\u00fdhod zv\u00e1ran\u00fdch valcov s vidlicov\u00fdm uchyten\u00edm:<\/p>\n<h3>1. Zv\u00fd\u0161en\u00e1 pevnos\u0165 a odolnos\u0165<\/h3>\n<p>Zv\u00e1ran\u00e9 valce s vidlicov\u00fdm uz\u00e1verom s\u00fa kon\u0161truovan\u00e9 so zv\u00e1ran\u00fdm koncov\u00fdm uz\u00e1verom, ktor\u00fd poskytuje zv\u00fd\u0161en\u00fa pevnos\u0165 a odolnos\u0165 v porovnan\u00ed s in\u00fdmi typmi valcov. V\u010faka tomu s\u00fa ide\u00e1lne pre n\u00e1ro\u010dn\u00e9 aplik\u00e1cie, ktor\u00e9 vy\u017eaduj\u00fa vysok\u00fa \u00farove\u0148 pevnosti a odolnosti.<\/p>\n<p>Zv\u00e1ran\u00e1 kon\u0161trukcia t\u00fdchto valcov navy\u0161e znamen\u00e1, \u017ee je menej pravdepodobn\u00e9, \u017ee unikn\u00fa alebo zlyhaj\u00fa, \u010do m\u00f4\u017ee pom\u00f4c\u0165 zn\u00ed\u017ei\u0165 prestoje a n\u00e1klady na \u00fadr\u017ebu.<\/p>\n<h3>2. Schopnos\u0165 zvl\u00e1da\u0165 vysok\u00fd tlak<\/h3>\n<p>Zv\u00e1ran\u00e9 valce s vidlicov\u00fdm uz\u00e1verom s\u00fa tie\u017e schopn\u00e9 zvl\u00e1dnu\u0165 aplik\u00e1cie s vysok\u00fdm tlakom, v\u010faka \u010domu s\u00fa ob\u013e\u00fabenou vo\u013ebou v odvetviach, ako je stavebn\u00edctvo, ban\u00edctvo a ropa a plyn. Ich schopnos\u0165 zvl\u00e1da\u0165 vysok\u00fd tlak zais\u0165uje spo\u013eahliv\u00fd v\u00fdkon v n\u00e1ro\u010dn\u00fdch prostrediach.<\/p>\n<h3>3. Prisp\u00f4sobite\u013en\u00fd dizajn<\/h3>\n<p>Zv\u00e1ran\u00e9 valce s vidlicov\u00fdm uz\u00e1verom je mo\u017en\u00e9 navrhn\u00fa\u0165 na mieru tak, aby sp\u013a\u0148ali \u0161pecifick\u00e9 potreby aplik\u00e1cie. To znamen\u00e1, \u017ee ich mo\u017eno prisp\u00f4sobi\u0165 konkr\u00e9tnej ve\u013ekosti, tvaru alebo v\u00fdkonnostn\u00fdm po\u017eiadavk\u00e1m. Prisp\u00f4sobite\u013en\u00fd dizajn tie\u017e umo\u017e\u0148uje v\u00e4\u010d\u0161iu flexibilitu vo v\u00fdrobnom procese, \u010do m\u00f4\u017ee vies\u0165 k \u00faspor\u00e1m n\u00e1kladov.<\/p>\n<h3>4. Jednoduch\u00e1 in\u0161tal\u00e1cia<\/h3>\n<p>Zv\u00e1ran\u00e9 valce s vidlicov\u00fdm uz\u00e1verom s\u00fa navrhnut\u00e9 pre jednoduch\u00fa in\u0161tal\u00e1ciu, \u010do pom\u00e1ha skr\u00e1ti\u0165 \u010das nastavovania a n\u00e1klady na pracovn\u00fa silu. Zvy\u010dajne s\u00fa vopred zmontovan\u00e9 a pripraven\u00e9 na pou\u017eitie hne\u010f po vybalen\u00ed z krabice, \u010do minimalizuje potrebu \u010fal\u0161\u00edch dielov alebo komponentov.<\/p>\n<h3>5. Vylep\u0161en\u00fd v\u00fdkon<\/h3>\n<p>Kon\u0161trukcia zv\u00e1ran\u00fdch valcov s vidlicov\u00fdm uchyten\u00edm umo\u017e\u0148uje lep\u0161\u00ed v\u00fdkon v porovnan\u00ed s in\u00fdmi typmi valcov. S\u00fa schopn\u00e9 generova\u0165 v\u00e4\u010d\u0161iu silu na jednotku tlaku, \u010do m\u00f4\u017ee pom\u00f4c\u0165 zlep\u0161i\u0165 efektivitu a produktivitu v priemyseln\u00fdch aplik\u00e1ci\u00e1ch.<\/p>\n<p>Celkovo pon\u00fakaj\u00fa zv\u00e1ran\u00e9 valce s vidlicov\u00fdm z\u00e1vitom cel\u00fd rad v\u00fdhod a benefitov, v\u010faka ktor\u00fdm s\u00fa ob\u013e\u00fabenou vo\u013ebou pre mnoh\u00e9 priemyseln\u00e9 aplik\u00e1cie. Ich zv\u00fd\u0161en\u00e1 pevnos\u0165 a odolnos\u0165, schopnos\u0165 zvl\u00e1da\u0165 vysok\u00fd tlak, prisp\u00f4sobite\u013en\u00fd dizajn, jednoduch\u00e1 in\u0161tal\u00e1cia a vylep\u0161en\u00fd v\u00fdkon z nich robia ide\u00e1lnu vo\u013ebu pre n\u00e1ro\u010dn\u00e9 prostredia, kde s\u00fa spo\u013eahlivos\u0165 a v\u00fdkon k\u013e\u00fa\u010dov\u00e9.<\/p>\n<p><img decoding=\"async\" src=\"https:\/\/hzpt.com\/wp-content\/uploads\/2023\/12\/insert-2.webp\" alt=\"\" title=\"\"><\/p>\n<h2>Pou\u017eitie zv\u00e1ran\u00e9ho valca s vidlicov\u00fdm z\u00e1vitom<\/h2>\n<ul>\n<li><strong>Priemyseln\u00e9 stroje:<\/strong> Zv\u00e1ran\u00e9 valce s vidlicov\u00fdm uchyten\u00edm sa \u0161iroko pou\u017e\u00edvaj\u00fa v r\u00f4znych priemyseln\u00fdch strojoch pre n\u00e1ro\u010dn\u00e9 aplik\u00e1cie. Tieto valce s\u00fa schopn\u00e9 vyvin\u00fa\u0165 vysok\u00fa silu na zdv\u00edhanie a lisovanie komponentov v strojoch. Zv\u00e1ran\u00e1 kon\u0161trukcia s vidlicov\u00fdm uchyten\u00edm umo\u017e\u0148uje jednoduch\u00fa in\u0161tal\u00e1ciu a efekt\u00edvnu prev\u00e1dzku, v\u010faka \u010domu s\u00fa ob\u013e\u00fabenou vo\u013ebou v\u00fdrobcov.\n<ul>\n<li>Vo v\u00fdrobnom priemysle sa zv\u00e1ran\u00e9 valce s vidlicov\u00fdm uz\u00e1verom pou\u017e\u00edvaj\u00fa v hydraulick\u00fdch lisoch, vstrekovac\u00edch lisoch a zariadeniach na lisovanie kovov na zabezpe\u010denie potrebnej sily na tvarovanie a tvarovanie plechov.<\/li>\n<li>V automobilovom priemysle sa tieto valce pou\u017e\u00edvaj\u00fa v automobilov\u00fdch zdvih\u00e1koch, zdv\u00edha\u010doch a mont\u00e1\u017enych strojoch na zdv\u00edhanie \u0165a\u017ek\u00fdch komponentov po\u010das v\u00fdrobn\u00e9ho procesu.<\/li>\n<li>V stavebn\u00edctve sa zv\u00e1ran\u00e9 valce s vidlicov\u00fdm uchyten\u00edm pou\u017e\u00edvaj\u00fa v \u017eeriavoch, bagroch a buldoz\u00e9roch na pohon hydraulick\u00fdch syst\u00e9mov, ktor\u00e9 zdv\u00edhaj\u00fa a premiest\u0148uj\u00fa \u0165a\u017ek\u00e9 bremen\u00e1.<\/li>\n<\/ul>\n<\/li>\n<li><strong>Po\u013enohospod\u00e1rske stroje:<\/strong> Po\u013enohospod\u00e1rske stroje s\u00fa jednou z najd\u00f4le\u017eitej\u0161\u00edch oblast\u00ed, v ktor\u00fdch sa pou\u017e\u00edvaj\u00fa zv\u00e1ran\u00e9 vidlicov\u00e9 valce. Tieto valce sa pou\u017e\u00edvaj\u00fa v r\u00f4znych po\u013enohospod\u00e1rskych strojoch vr\u00e1tane traktorov, kombajnov a pluhov na zabezpe\u010denie potrebnej sily na pr\u00edpravu p\u00f4dy, siatie a zber \u00farody.\n<ul>\n<li>V po\u013enohospod\u00e1rstve sa zv\u00e1ran\u00e9 valce s vidlicov\u00fdm uchyten\u00edm pou\u017e\u00edvaj\u00fa v pluhoch, kultiv\u00e1toroch a sejac\u00edch strojoch na zabezpe\u010denie potrebnej sily na pr\u00edpravu p\u00f4dy a siatie semien.<\/li>\n<li>V zberan\u00ed \u00farody sa tieto valce pou\u017e\u00edvaj\u00fa v zbera\u010doch, lisoch a kosa\u010dk\u00e1ch na pohon hydraulick\u00fdch syst\u00e9mov, ktor\u00e9 zbieraj\u00fa a prepravuj\u00fa plodiny.<\/li>\n<\/ul>\n<\/li>\n<li><strong>Letectvo a obrana:<\/strong> Zv\u00e1ran\u00e9 valce s vidlicov\u00fdm z\u00e1vitom sa pou\u017e\u00edvaj\u00fa aj v leteckom a obrannom priemysle, kde sa uplat\u0148uj\u00fa v \u0161irokej \u0161k\u00e1le aplik\u00e1ci\u00ed pre lietadl\u00e1, rakety, strely a obrann\u00e9 syst\u00e9my.\n<ul>\n<li>V leteckom priemysle sa zv\u00e1ran\u00e9 vidlicov\u00e9 valce pou\u017e\u00edvaj\u00fa v podvozkoch lietadiel, klapk\u00e1ch a brzd\u00e1ch na zabezpe\u010denie potrebnej sily pre vzlet a prist\u00e1tie.<\/li>\n<li>V obrannom priemysle sa tieto valce pou\u017e\u00edvaj\u00fa v odpa\u013eovac\u00edch zariadeniach rakiet, streleck\u00fdch ve\u017eiach a tankov\u00fdch syst\u00e9moch na pohon hydraulick\u00fdch syst\u00e9mov, ktor\u00e9 riadia pohyb zbran\u00ed a mun\u00edcie.<\/li>\n<\/ul>\n<\/li>\n<li><strong>N\u00e1morn\u00fd priemysel:<\/strong> Zv\u00e1ran\u00e9 valce s vidlicov\u00fdm z\u00e1vitom sa tie\u017e \u0161iroko pou\u017e\u00edvaj\u00fa v n\u00e1mornom priemysle, kde sa pou\u017e\u00edvaj\u00fa v r\u00f4znych aplik\u00e1ci\u00e1ch pre lode, \u010dlny a podvodn\u00e9 vozidl\u00e1.\n<ul>\n<li>V lodnom priemysle sa zv\u00e1ran\u00e9 valce s vidlicov\u00fdm z\u00e1vesom pou\u017e\u00edvaj\u00fa v \u017eeriavoch, navijakoch a manipula\u010dn\u00fdch zariadeniach na zabezpe\u010denie potrebnej sily na nakladanie a vykladanie n\u00e1kladu.<\/li>\n<li>V lodnom priemysle sa tieto valce pou\u017e\u00edvaj\u00fa v kormidlov\u00fdch syst\u00e9moch, vrtuliach a kotviacich syst\u00e9moch na zabezpe\u010denie potrebnej sily na ovl\u00e1danie pohybu lod\u00ed a \u010dlnov.<\/li>\n<li>V priemysle podvodn\u00fdch vozidiel sa zv\u00e1ran\u00e9 valce s vidlicov\u00fdm uz\u00e1verom pou\u017e\u00edvaj\u00fa v ponork\u00e1ch, dia\u013ekovo ovl\u00e1dan\u00fdch vozidl\u00e1ch (ROV) a pot\u00e1pa\u010dskom vybaven\u00ed na zabezpe\u010denie potrebnej sily pre podvodn\u00e9 oper\u00e1cie.<\/li>\n<\/ul>\n<\/li>\n<li><strong>\u0164a\u017eobn\u00fd priemysel:<\/strong> Zv\u00e1ran\u00e9 valce s vidlicov\u00fdm z\u00e1vitom sa pou\u017e\u00edvaj\u00fa aj v \u0165a\u017eobnom priemysle, kde sa uplat\u0148uj\u00fa v r\u00f4znych aplik\u00e1ci\u00e1ch na \u0165a\u017ebu nerastov a manipul\u00e1ciu s materi\u00e1lom.\n<ul>\n<li>V \u0165a\u017eobnom priemysle sa zv\u00e1ran\u00e9 valce s vidlicov\u00fdm z\u00e1vitom pou\u017e\u00edvaj\u00fa v dopravn\u00edkov\u00fdch syst\u00e9moch, v\u0155tac\u00edch strojoch a hydraulick\u00fdch lopat\u00e1ch na zabezpe\u010denie potrebnej sily na \u0165a\u017ebu nerastov a materi\u00e1lov z ban\u00ed a lomov.<\/li>\n<\/ul>\n<\/li>\n<\/ul>\n<h2>O FMP<\/h2>\n<p>FMP je l\u00eddrom na trhu s hydraulick\u00fdmi valcami pre mobiln\u00e9 stroje v Taliansku. N\u00e1\u0161 sortiment zah\u0155\u0148a hydraulick\u00e9 nakl\u00e1pacie valce, hydraulick\u00e9 riadiace valce a hydraulick\u00e9 zdv\u00edhacie valce. FMP m\u00e1 projektovan\u00fa kapacitu 200 000 s\u00faprav, z toho 300 s\u00faprav r\u00f4znych druhov plne automatick\u00fdch CNC v\u00fdrobn\u00fdch zariaden\u00ed a plne automatick\u00fdch mont\u00e1\u017enych zariaden\u00ed hydraulick\u00fdch valcov.<\/p>\n<h2>Pre\u010do si vybra\u0165 FMP?<\/h2>\n<p>Spolo\u010dnos\u0165 FMP pon\u00faka kvalitn\u00e9 produkty za konkurencieschopn\u00e9 ceny, ktor\u00e9 s\u00fa podporen\u00e9 v\u00fdnimo\u010dn\u00fdm servisom. Okrem vy\u0161\u0161ie uveden\u00fdch produktov pon\u00fakame aj valce pre pracovn\u00e9 plo\u0161iny, hydraulick\u00e9 valce pre priemyseln\u00e9 vozidl\u00e1, valce pre rota\u010dn\u00e9 vrtn\u00e9 s\u00fapravy, valce pre automobilov\u00e9 \u017eeriavy, hydraulick\u00e9 valce pre stavebn\u00e9 stroje, <b>Hydraulick\u00e9 valce pre vysokozdvi\u017en\u00e9 voz\u00edky<\/b>, valce bansk\u00fdch skl\u00e1pa\u010dov a hydraulick\u00e9 valce sanita\u010dn\u00fdch strojov. V\u00edtame z\u00e1kazn\u00edkov, ktor\u00ed si svoje objedn\u00e1vky prisp\u00f4sobia na z\u00e1klade svojich po\u017eiadaviek.<\/p>\n<p><img decoding=\"async\" src=\"https:\/\/hzpt.com\/wp-content\/uploads\/2023\/12\/insert-5.webp\" alt=\"Obr\u00e1zok tov\u00e1rne FMP\" title=\"\"><\/p>\n<h2>\u010casto kladen\u00e9 ot\u00e1zky<\/h2>\n<dl>\n<dt>Ot\u00e1zka: Ak\u00e1 je d\u013a\u017eka zdvihu tohto hydraulick\u00e9ho valca?<\/dt>\n<dd>A: D\u013a\u017eka zdvihu tohto hydraulick\u00e9ho valca je 1200 mm.<\/dd>\n<dt>Ot\u00e1zka: Ak\u00e9 s\u00fa jedine\u010dn\u00e9 vlastnosti tohto produktu?<\/dt>\n<dd>A: Tento hydraulick\u00fd valec je energeticky \u00fasporn\u00fd, vysoko v\u00fdkonn\u00fd a bezpe\u010dn\u00fd.<\/dd>\n<\/dl>\n<dl>\n<dt>Ot\u00e1zka: Ak\u00e9 s\u00fa aplik\u00e1cie tohto hydraulick\u00e9ho valca?<\/dt>\n<dd>A: Tento hydraulick\u00fd valec je ide\u00e1lny na pou\u017eitie v pr\u00edvesoch.<\/dd>\n<dt>Ot\u00e1zka: Ako si vyberiem spr\u00e1vny hydraulick\u00fd olej a olejov\u00e9 tesnenie pre tento hydraulick\u00fd valec?<\/dt>\n<dd>A: M\u00f4\u017eete sa poradi\u0165 s na\u0161imi odborn\u00edkmi oh\u013eadom spr\u00e1vneho hydraulick\u00e9ho oleja a olejov\u00e9ho tesnenia pre tento hydraulick\u00fd valec.<\/dd>\n<dt>Ot\u00e1zka: Pre\u010do by som si mal vybra\u0165 FMP?<\/dt>\n<dd>A: FMP pon\u00faka kvalitn\u00e9 produkty za konkurencieschopn\u00e9 ceny spolu s v\u00fdnimo\u010dn\u00fdm servisom.<\/dd>\n<\/dl>\n<p>Autor: CX<\/p>","protected":false},"excerpt":{"rendered":"<p>Product Introduction: The 10038 Factory Direct Sale 1200mm Stroke Hydraulic Cylinder Mini Hydraulic Cylinder For Trailer is a highly efficient and reliable hydraulic cylinder designed for trailers. With a stroke length of 1200mm, this hydraulic cylinder offers exceptional performance and durability. Featuring a compact design, this mini hydraulic cylinder is perfect for trailers that require [&hellip;]<\/p>","protected":false},"featured_media":1127,"comment_status":"closed","ping_status":"closed","template":"","meta":{"_et_pb_use_builder":"","_et_pb_old_content":"","_et_gb_content_width":""},"product_brand":[],"product_cat":[36],"product_tag":[34,38],"class_list":{"0":"post-1046","1":"product","2":"type-product","3":"status-publish","4":"has-post-thumbnail","6":"product_cat-welded-clevis-type-cylinder","7":"product_tag-hydraulic-cylinder","8":"product_tag-welded-clevis-type-cylinder","10":"first","11":"instock","12":"product-type-simple"},"_links":{"self":[{"href":"https:\/\/fmp-components.com\/sk\/wp-json\/wp\/v2\/product\/1046","targetHints":{"allow":["GET"]}}],"collection":[{"href":"https:\/\/fmp-components.com\/sk\/wp-json\/wp\/v2\/product"}],"about":[{"href":"https:\/\/fmp-components.com\/sk\/wp-json\/wp\/v2\/types\/product"}],"replies":[{"embeddable":true,"href":"https:\/\/fmp-components.com\/sk\/wp-json\/wp\/v2\/comments?post=1046"}],"wp:featuredmedia":[{"embeddable":true,"href":"https:\/\/fmp-components.com\/sk\/wp-json\/wp\/v2\/media\/1127"}],"wp:attachment":[{"href":"https:\/\/fmp-components.com\/sk\/wp-json\/wp\/v2\/media?parent=1046"}],"wp:term":[{"taxonomy":"product_brand","embeddable":true,"href":"https:\/\/fmp-components.com\/sk\/wp-json\/wp\/v2\/product_brand?post=1046"},{"taxonomy":"product_cat","embeddable":true,"href":"https:\/\/fmp-components.com\/sk\/wp-json\/wp\/v2\/product_cat?post=1046"},{"taxonomy":"product_tag","embeddable":true,"href":"https:\/\/fmp-components.com\/sk\/wp-json\/wp\/v2\/product_tag?post=1046"}],"curies":[{"name":"pracovn\u00fd list","href":"https:\/\/api.w.org\/{rel}","templated":true}]}}