{"id":1043,"date":"2024-12-19T06:17:09","date_gmt":"2024-12-19T06:17:09","guid":{"rendered":"https:\/\/fmp-components.com\/product\/10035-factory-price-double-acting-welded-hydraulic-cylinder\/"},"modified":"2024-12-24T00:38:48","modified_gmt":"2024-12-24T00:38:48","slug":"10035-factory-price-double-acting-welded-hydraulic-cylinder","status":"publish","type":"product","link":"https:\/\/fmp-components.com\/sk\/product\/10035-factory-price-double-acting-welded-hydraulic-cylinder\/","title":{"rendered":"10035 Dvoj\u010dinn\u00fd zv\u00e1ran\u00fd hydraulick\u00fd valec za tov\u00e1rensk\u00fa cenu"},"content":{"rendered":"<h2>Predstavujeme dvoj\u010dinn\u00fd zv\u00e1ran\u00fd hydraulick\u00fd valec 10035 s v\u00fdrobnou cenou:<\/h2>\n<p>Dvoj\u010dinn\u00fd zv\u00e1ran\u00fd hydraulick\u00fd valec 10035 s v\u00fdrobnou cenou je vysoko kvalitn\u00fd a odoln\u00fd hydraulick\u00fd komponent ur\u010den\u00fd pre r\u00f4zne priemyseln\u00e9 aplik\u00e1cie. Tento valec je vyroben\u00fd s presnos\u0165ou a d\u00f4razom na detail, \u010do zais\u0165uje spo\u013eahliv\u00fd v\u00fdkon a dlhotrvaj\u00facu funk\u010dnos\u0165.<\/p>\n<p>Jednou z k\u013e\u00fa\u010dov\u00fdch vlastnost\u00ed dvoj\u010dinn\u00e9ho zv\u00e1ran\u00e9ho hydraulick\u00e9ho valca 10035 s v\u00fdrobnou cenou je jeho dvoj\u010dinn\u00e1 kon\u0161trukcia. To znamen\u00e1, \u017ee dok\u00e1\u017ee generova\u0165 silu v oboch smeroch, \u010d\u00edm zabezpe\u010duje efekt\u00edvnu a v\u0161estrann\u00fa prev\u00e1dzku. \u010ci u\u017e potrebujete tla\u010di\u0165 alebo \u0165aha\u0165, tento valec dod\u00e1 potrebn\u00fd v\u00fdkon.<\/p>\n<p><img decoding=\"async\" src=\"https:\/\/hzpt.com\/wp-content\/uploads\/2023\/12\/insert-4.webp?v=1694163707\" alt=\"\" title=\"\"><\/p>\n<p>Tento hydraulick\u00fd valec je odborne skon\u0161truovan\u00fd s pou\u017eit\u00edm zv\u00e1rac\u00edch kon\u0161truk\u010dn\u00fdch techn\u00edk. Proces zv\u00e1rania zais\u0165uje pevn\u00fd a bezpe\u010dn\u00fd spoj, schopn\u00fd odola\u0165 vysok\u00fdm za\u0165a\u017eeniam a intenz\u00edvnemu tlaku. V\u010faka svojej robustnej kon\u0161trukcii je dvoj\u010dinn\u00fd zv\u00e1ran\u00fd hydraulick\u00fd valec 10035 s v\u00fdrobnou cenou vyroben\u00fd tak, aby zvl\u00e1dal n\u00e1ro\u010dn\u00e9 \u00falohy a n\u00e1ro\u010dn\u00e9 prostredie.<\/p>\n<p>Okrem svojej pevnosti pon\u00faka tento hydraulick\u00fd valec aj plynul\u00fd a presn\u00fd chod. Vn\u00fatorn\u00e9 komponenty s\u00fa prec\u00edzne navrhnut\u00e9, \u010do vedie k minim\u00e1lnemu treniu a optim\u00e1lnemu v\u00fdkonu. To umo\u017e\u0148uje presn\u00e9 a kontrolovan\u00e9 pohyby, \u010d\u00edm sa zvy\u0161uje produktivita a efekt\u00edvnos\u0165.<\/p>\n<p>Dvoj\u010dinn\u00fd zv\u00e1ran\u00fd hydraulick\u00fd valec 10035 s v\u00fdrobnou cenou je navrhnut\u00fd tak, aby bol vysoko prisp\u00f4sobiv\u00fd, v\u010faka \u010domu je vhodn\u00fd pre \u0161irok\u00fa \u0161k\u00e1lu aplik\u00e1ci\u00ed. Od stavebn\u00edctva a po\u013enohospod\u00e1rstva a\u017e po v\u00fdrobu a manipul\u00e1ciu s materi\u00e1lom, tento valec dok\u00e1\u017ee splni\u0165 potreby r\u00f4znych odvetv\u00ed.<\/p>\n<p>\u010ci u\u017e vymie\u0148ate existuj\u00faci valec alebo za\u010d\u00ednate nov\u00fd projekt, dvoj\u010dinn\u00fd zv\u00e1ran\u00fd hydraulick\u00fd valec 10035 s v\u00fdrobnou cenou je vynikaj\u00facou vo\u013ebou. Jeho spo\u013eahlivos\u0165, odolnos\u0165 a vynikaj\u00faci v\u00fdkon z neho robia cenn\u00fd prvok v ka\u017edom hydraulickom syst\u00e9me.<\/p>\n<p>Investujte do dvoj\u010dinn\u00e9ho zv\u00e1ran\u00e9ho hydraulick\u00e9ho valca 10035 za v\u00fdrobn\u00fa cenu a za\u017eite v\u00fdkon a v\u0161estrannos\u0165, ktor\u00fa prin\u00e1\u0161a do va\u0161ej prev\u00e1dzky.<\/p>\n<p><img decoding=\"async\" src=\"https:\/\/hzpt.com\/wp-content\/uploads\/2023\/12\/insert-3.webp\" alt=\"\" title=\"\"><\/p>\n<h2>V\u00fdhody zv\u00e1ran\u00e9ho valca s vidlicov\u00fdm z\u00e1vitom<\/h2>\n<p>Zv\u00e1ran\u00e9 valce s vidlicov\u00fdm uchyten\u00edm s\u00fa ob\u013e\u00fabenou vo\u013ebou pre mnoho priemyseln\u00fdch aplik\u00e1ci\u00ed v\u010faka svojim jedine\u010dn\u00fdm v\u00fdhod\u00e1m a pr\u00ednosom. Tu s\u00fa niektor\u00e9 z k\u013e\u00fa\u010dov\u00fdch v\u00fdhod zv\u00e1ran\u00fdch valcov s vidlicov\u00fdm uchyten\u00edm:<\/p>\n<h3>1. Zv\u00fd\u0161en\u00e1 pevnos\u0165 a odolnos\u0165<\/h3>\n<p>Zv\u00e1ran\u00e9 valce s vidlicov\u00fdm uz\u00e1verom s\u00fa kon\u0161truovan\u00e9 so zv\u00e1ran\u00fdm koncov\u00fdm uz\u00e1verom, ktor\u00fd poskytuje zv\u00fd\u0161en\u00fa pevnos\u0165 a odolnos\u0165 v porovnan\u00ed s in\u00fdmi typmi valcov. V\u010faka tomu s\u00fa ide\u00e1lne pre n\u00e1ro\u010dn\u00e9 aplik\u00e1cie, ktor\u00e9 vy\u017eaduj\u00fa vysok\u00fa \u00farove\u0148 pevnosti a odolnosti.<\/p>\n<p>Zv\u00e1ran\u00e1 kon\u0161trukcia t\u00fdchto valcov navy\u0161e znamen\u00e1, \u017ee je menej pravdepodobn\u00e9, \u017ee unikn\u00fa alebo zlyhaj\u00fa, \u010do m\u00f4\u017ee pom\u00f4c\u0165 zn\u00ed\u017ei\u0165 prestoje a n\u00e1klady na \u00fadr\u017ebu.<\/p>\n<h3>2. Schopnos\u0165 zvl\u00e1da\u0165 vysok\u00fd tlak<\/h3>\n<p>Zv\u00e1ran\u00e9 valce s vidlicov\u00fdm uz\u00e1verom s\u00fa tie\u017e schopn\u00e9 zvl\u00e1dnu\u0165 aplik\u00e1cie s vysok\u00fdm tlakom, v\u010faka \u010domu s\u00fa ob\u013e\u00fabenou vo\u013ebou v odvetviach, ako je stavebn\u00edctvo, ban\u00edctvo a ropa a plyn. Ich schopnos\u0165 zvl\u00e1da\u0165 vysok\u00fd tlak zais\u0165uje spo\u013eahliv\u00fd v\u00fdkon v n\u00e1ro\u010dn\u00fdch prostrediach.<\/p>\n<h3>3. Prisp\u00f4sobite\u013en\u00fd dizajn<\/h3>\n<p>Zv\u00e1ran\u00e9 valce s vidlicov\u00fdm uz\u00e1verom je mo\u017en\u00e9 navrhn\u00fa\u0165 na mieru tak, aby sp\u013a\u0148ali \u0161pecifick\u00e9 potreby aplik\u00e1cie. To znamen\u00e1, \u017ee ich mo\u017eno prisp\u00f4sobi\u0165 konkr\u00e9tnej ve\u013ekosti, tvaru alebo v\u00fdkonnostn\u00fdm po\u017eiadavk\u00e1m. Prisp\u00f4sobite\u013en\u00fd dizajn tie\u017e umo\u017e\u0148uje v\u00e4\u010d\u0161iu flexibilitu vo v\u00fdrobnom procese, \u010do m\u00f4\u017ee vies\u0165 k \u00faspor\u00e1m n\u00e1kladov.<\/p>\n<h3>4. Jednoduch\u00e1 in\u0161tal\u00e1cia<\/h3>\n<p>Zv\u00e1ran\u00e9 valce s vidlicov\u00fdm uz\u00e1verom s\u00fa navrhnut\u00e9 pre jednoduch\u00fa in\u0161tal\u00e1ciu, \u010do pom\u00e1ha skr\u00e1ti\u0165 \u010das nastavovania a n\u00e1klady na pracovn\u00fa silu. Zvy\u010dajne s\u00fa vopred zmontovan\u00e9 a pripraven\u00e9 na pou\u017eitie hne\u010f po vybalen\u00ed z krabice, \u010do minimalizuje potrebu \u010fal\u0161\u00edch dielov alebo komponentov.<\/p>\n<h3>5. Vylep\u0161en\u00fd v\u00fdkon<\/h3>\n<p>Kon\u0161trukcia zv\u00e1ran\u00fdch valcov s vidlicov\u00fdm uchyten\u00edm umo\u017e\u0148uje lep\u0161\u00ed v\u00fdkon v porovnan\u00ed s in\u00fdmi typmi valcov. S\u00fa schopn\u00e9 generova\u0165 v\u00e4\u010d\u0161iu silu na jednotku tlaku, \u010do m\u00f4\u017ee pom\u00f4c\u0165 zlep\u0161i\u0165 efektivitu a produktivitu v priemyseln\u00fdch aplik\u00e1ci\u00e1ch.<\/p>\n<p>Celkovo pon\u00fakaj\u00fa zv\u00e1ran\u00e9 valce s vidlicov\u00fdm z\u00e1vitom cel\u00fd rad v\u00fdhod a benefitov, v\u010faka ktor\u00fdm s\u00fa ob\u013e\u00fabenou vo\u013ebou pre mnoh\u00e9 priemyseln\u00e9 aplik\u00e1cie. Ich zv\u00fd\u0161en\u00e1 pevnos\u0165 a odolnos\u0165, schopnos\u0165 zvl\u00e1da\u0165 vysok\u00fd tlak, prisp\u00f4sobite\u013en\u00fd dizajn, jednoduch\u00e1 in\u0161tal\u00e1cia a vylep\u0161en\u00fd v\u00fdkon z nich robia ide\u00e1lnu vo\u013ebu pre n\u00e1ro\u010dn\u00e9 prostredia, kde s\u00fa spo\u013eahlivos\u0165 a v\u00fdkon k\u013e\u00fa\u010dov\u00e9.<\/p>\n<p><img decoding=\"async\" src=\"https:\/\/hzpt.com\/wp-content\/uploads\/2023\/12\/insert-2.webp\" alt=\"\" title=\"\"><\/p>\n<h2>Pou\u017eitie zv\u00e1ran\u00e9ho valca s vidlicov\u00fdm z\u00e1vitom<\/h2>\n<ul>\n<li><strong>Priemyseln\u00e9 stroje:<\/strong> Zv\u00e1ran\u00e9 valce s vidlicov\u00fdm uchyten\u00edm sa \u0161iroko pou\u017e\u00edvaj\u00fa v r\u00f4znych priemyseln\u00fdch strojoch pre n\u00e1ro\u010dn\u00e9 aplik\u00e1cie. Tieto valce s\u00fa schopn\u00e9 vyvin\u00fa\u0165 vysok\u00fa silu na zdv\u00edhanie a lisovanie komponentov v strojoch. Zv\u00e1ran\u00e1 kon\u0161trukcia s vidlicov\u00fdm uchyten\u00edm umo\u017e\u0148uje jednoduch\u00fa in\u0161tal\u00e1ciu a efekt\u00edvnu prev\u00e1dzku, v\u010faka \u010domu s\u00fa ob\u013e\u00fabenou vo\u013ebou v\u00fdrobcov.\n<ul>\n<li>Vo v\u00fdrobnom priemysle sa zv\u00e1ran\u00e9 valce s vidlicov\u00fdm uz\u00e1verom pou\u017e\u00edvaj\u00fa v hydraulick\u00fdch lisoch, vstrekovac\u00edch lisoch a zariadeniach na lisovanie kovov na zabezpe\u010denie potrebnej sily na tvarovanie a tvarovanie plechov.<\/li>\n<li>V automobilovom priemysle sa tieto valce pou\u017e\u00edvaj\u00fa v automobilov\u00fdch zdvih\u00e1koch, zdv\u00edha\u010doch a mont\u00e1\u017enych strojoch na zdv\u00edhanie \u0165a\u017ek\u00fdch komponentov po\u010das v\u00fdrobn\u00e9ho procesu.<\/li>\n<li>V stavebn\u00edctve sa zv\u00e1ran\u00e9 valce s vidlicov\u00fdm uchyten\u00edm pou\u017e\u00edvaj\u00fa v \u017eeriavoch, bagroch a buldoz\u00e9roch na pohon hydraulick\u00fdch syst\u00e9mov, ktor\u00e9 zdv\u00edhaj\u00fa a premiest\u0148uj\u00fa \u0165a\u017ek\u00e9 bremen\u00e1.<\/li>\n<\/ul>\n<\/li>\n<li><strong>Po\u013enohospod\u00e1rske stroje:<\/strong> Po\u013enohospod\u00e1rske stroje s\u00fa jednou z najd\u00f4le\u017eitej\u0161\u00edch oblast\u00ed, v ktor\u00fdch sa pou\u017e\u00edvaj\u00fa zv\u00e1ran\u00e9 vidlicov\u00e9 valce. Tieto valce sa pou\u017e\u00edvaj\u00fa v r\u00f4znych po\u013enohospod\u00e1rskych strojoch vr\u00e1tane traktorov, kombajnov a pluhov na zabezpe\u010denie potrebnej sily na pr\u00edpravu p\u00f4dy, siatie a zber \u00farody.\n<ul>\n<li>V po\u013enohospod\u00e1rstve sa zv\u00e1ran\u00e9 valce s vidlicov\u00fdm uchyten\u00edm pou\u017e\u00edvaj\u00fa v pluhoch, kultiv\u00e1toroch a sejac\u00edch strojoch na zabezpe\u010denie potrebnej sily na pr\u00edpravu p\u00f4dy a siatie semien.<\/li>\n<li>V zberan\u00ed \u00farody sa tieto valce pou\u017e\u00edvaj\u00fa v zbera\u010doch, lisoch a kosa\u010dk\u00e1ch na pohon hydraulick\u00fdch syst\u00e9mov, ktor\u00e9 zbieraj\u00fa a prepravuj\u00fa plodiny.<\/li>\n<\/ul>\n<\/li>\n<li><strong>Letectvo a obrana:<\/strong> Zv\u00e1ran\u00e9 valce s vidlicov\u00fdm z\u00e1vitom sa pou\u017e\u00edvaj\u00fa aj v leteckom a obrannom priemysle, kde sa uplat\u0148uj\u00fa v \u0161irokej \u0161k\u00e1le aplik\u00e1ci\u00ed pre lietadl\u00e1, rakety, strely a obrann\u00e9 syst\u00e9my.\n<ul>\n<li>V leteckom priemysle sa zv\u00e1ran\u00e9 vidlicov\u00e9 valce pou\u017e\u00edvaj\u00fa v podvozkoch lietadiel, klapk\u00e1ch a brzd\u00e1ch na zabezpe\u010denie potrebnej sily pre vzlet a prist\u00e1tie.<\/li>\n<li>V obrannom priemysle sa tieto valce pou\u017e\u00edvaj\u00fa v odpa\u013eovac\u00edch zariadeniach rakiet, streleck\u00fdch ve\u017eiach a tankov\u00fdch syst\u00e9moch na pohon hydraulick\u00fdch syst\u00e9mov, ktor\u00e9 riadia pohyb zbran\u00ed a mun\u00edcie.<\/li>\n<\/ul>\n<\/li>\n<li><strong>N\u00e1morn\u00fd priemysel:<\/strong> Zv\u00e1ran\u00e9 valce s vidlicov\u00fdm z\u00e1vitom sa tie\u017e \u0161iroko pou\u017e\u00edvaj\u00fa v n\u00e1mornom priemysle, kde sa pou\u017e\u00edvaj\u00fa v r\u00f4znych aplik\u00e1ci\u00e1ch pre lode, \u010dlny a podvodn\u00e9 vozidl\u00e1.\n<ul>\n<li>V lodnom priemysle sa zv\u00e1ran\u00e9 valce s vidlicov\u00fdm z\u00e1vesom pou\u017e\u00edvaj\u00fa v \u017eeriavoch, navijakoch a manipula\u010dn\u00fdch zariadeniach na zabezpe\u010denie potrebnej sily na nakladanie a vykladanie n\u00e1kladu.<\/li>\n<li>V lodnom priemysle sa tieto valce pou\u017e\u00edvaj\u00fa v kormidlov\u00fdch syst\u00e9moch, vrtuliach a kotviacich syst\u00e9moch na zabezpe\u010denie potrebnej sily na ovl\u00e1danie pohybu lod\u00ed a \u010dlnov.<\/li>\n<li>V priemysle podvodn\u00fdch vozidiel sa zv\u00e1ran\u00e9 valce s vidlicov\u00fdm uz\u00e1verom pou\u017e\u00edvaj\u00fa v ponork\u00e1ch, dia\u013ekovo ovl\u00e1dan\u00fdch vozidl\u00e1ch (ROV) a pot\u00e1pa\u010dskom vybaven\u00ed na zabezpe\u010denie potrebnej sily pre podvodn\u00e9 oper\u00e1cie.<\/li>\n<\/ul>\n<\/li>\n<li><strong>\u0164a\u017eobn\u00fd priemysel:<\/strong> Zv\u00e1ran\u00e9 valce s vidlicov\u00fdm z\u00e1vitom sa pou\u017e\u00edvaj\u00fa aj v \u0165a\u017eobnom priemysle, kde sa uplat\u0148uj\u00fa v r\u00f4znych aplik\u00e1ci\u00e1ch na \u0165a\u017ebu nerastov a manipul\u00e1ciu s materi\u00e1lom.\n<ul>\n<li>V \u0165a\u017eobnom priemysle sa zv\u00e1ran\u00e9 valce s vidlicov\u00fdm z\u00e1vitom pou\u017e\u00edvaj\u00fa v dopravn\u00edkov\u00fdch syst\u00e9moch, v\u0155tac\u00edch strojoch a hydraulick\u00fdch lopat\u00e1ch na zabezpe\u010denie potrebnej sily na \u0165a\u017ebu nerastov a materi\u00e1lov z ban\u00ed a lomov.<\/li>\n<\/ul>\n<\/li>\n<\/ul>\n<h2>O FMP<\/h2>\n<p>Spolo\u010dnos\u0165 FMP je l\u00eddrom na trhu s hydraulick\u00fdmi valcami v Taliansku s projektovanou kapacitou 200 000 s\u00e1d. Vlastn\u00edme 300 s\u00e1d r\u00f4znych plne automatick\u00fdch CNC v\u00fdrobn\u00fdch zariaden\u00ed a plne automatick\u00fdch zariaden\u00ed na mont\u00e1\u017e hydraulick\u00fdch valcov.<\/p>\n<p>Okrem na\u0161ich hydraulick\u00fdch valcov dod\u00e1vame aj olejov\u00e9 valce pre plo\u0161iny pre oper\u00e1cie vo vysok\u00fdch nadmorsk\u00fdch v\u00fd\u0161kach, hydraulick\u00e9 valce pre priemyseln\u00e9 vozidl\u00e1, olejov\u00e9 valce pre rota\u010dn\u00e9 v\u0155tanie, olejov\u00e9 valce pre automobilov\u00e9 \u017eeriavy, hydraulick\u00e9 valce pre stroj\u00e1rensk\u00e9 stroje, <b>Hydraulick\u00e9 valce pre vysokozdvi\u017en\u00e9 voz\u00edky<\/b>, hydraulick\u00e9 valce na olej do ban\u00ed, samovykladacie a pre environment\u00e1lne sanita\u010dn\u00e9 stroje. V\u00edtame z\u00e1kazn\u00edkov, ktor\u00ed si ich chc\u00fa prisp\u00f4sobi\u0165 pod\u013ea svojich v\u00fdkresov alebo vzoriek.<\/p>\n<p><img decoding=\"async\" src=\"https:\/\/hzpt.com\/wp-content\/uploads\/2023\/12\/insert-5.webp\" alt=\"Obr\u00e1zok tov\u00e1rne FMP\" title=\"\"><\/p>\n<h2>\u010casto kladen\u00e9 ot\u00e1zky<\/h2>\n<dl>\n<dt>Ot\u00e1zka: Ak\u00e9 s\u00fa v\u00fdhody dvoj\u010dinn\u00e9ho zv\u00e1ran\u00e9ho hydraulick\u00e9ho valca 10035 s v\u00fdrobnou cenou?<\/dt>\n<dd>A: S\u00fa energeticky \u00fasporn\u00e9, vysokokapacitn\u00e9, odoln\u00e9 a bezpe\u010dn\u00e9.<\/dd>\n<dt>Ot\u00e1zka: Ak\u00fd je princ\u00edp fungovania hydraulick\u00e9ho valca?<\/dt>\n<dd>A: Funguje na princ\u00edpe tlakov\u00e9ho rozdielu.<\/dd>\n<dt>Ot\u00e1zka: Kde m\u00f4\u017eem pou\u017ei\u0165 hydraulick\u00fd valec?<\/dt>\n<dd>A: Nach\u00e1dzaj\u00fa uplatnenie v r\u00f4znych odvetviach, ako je stavebn\u00edctvo, v\u00fdroba a doprava.<\/dd>\n<dt>Ot\u00e1zka: Ako si m\u00e1m vybra\u0165 spr\u00e1vny hydraulick\u00fd olej a olejov\u00e9 tesnenie?<\/dt>\n<dd>A: Poskytujeme rozsiahlu podporu a poradenstvo pri v\u00fdbere produktov.<\/dd>\n<dt>Ot\u00e1zka: M\u00f4\u017eem si prisp\u00f4sobi\u0165 svoju objedn\u00e1vku?<\/dt>\n<dd>A: \u00c1no, v\u00edtame z\u00e1kazn\u00edkov, aby si ich prisp\u00f4sobili pod\u013ea svojich v\u00fdkresov alebo vzoriek.<\/dd>\n<\/dl>\n<p>Autor: CX<\/p>","protected":false},"excerpt":{"rendered":"<p>Introducing the 10035 Factory Price Double Acting Welded Hydraulic Cylinder: The 10035 Factory Price Double Acting Welded Hydraulic Cylinder is a high-quality and durable hydraulic component designed for various industrial applications. This cylinder is built with precision and attention to detail, ensuring reliable performance and long-lasting functionality. One of the key features of the 10035 [&hellip;]<\/p>","protected":false},"featured_media":1127,"comment_status":"closed","ping_status":"closed","template":"","meta":{"_et_pb_use_builder":"","_et_pb_old_content":"","_et_gb_content_width":""},"product_brand":[],"product_cat":[36],"product_tag":[34,38],"class_list":{"0":"post-1043","1":"product","2":"type-product","3":"status-publish","4":"has-post-thumbnail","6":"product_cat-welded-clevis-type-cylinder","7":"product_tag-hydraulic-cylinder","8":"product_tag-welded-clevis-type-cylinder","10":"first","11":"instock","12":"product-type-simple"},"_links":{"self":[{"href":"https:\/\/fmp-components.com\/sk\/wp-json\/wp\/v2\/product\/1043","targetHints":{"allow":["GET"]}}],"collection":[{"href":"https:\/\/fmp-components.com\/sk\/wp-json\/wp\/v2\/product"}],"about":[{"href":"https:\/\/fmp-components.com\/sk\/wp-json\/wp\/v2\/types\/product"}],"replies":[{"embeddable":true,"href":"https:\/\/fmp-components.com\/sk\/wp-json\/wp\/v2\/comments?post=1043"}],"wp:featuredmedia":[{"embeddable":true,"href":"https:\/\/fmp-components.com\/sk\/wp-json\/wp\/v2\/media\/1127"}],"wp:attachment":[{"href":"https:\/\/fmp-components.com\/sk\/wp-json\/wp\/v2\/media?parent=1043"}],"wp:term":[{"taxonomy":"product_brand","embeddable":true,"href":"https:\/\/fmp-components.com\/sk\/wp-json\/wp\/v2\/product_brand?post=1043"},{"taxonomy":"product_cat","embeddable":true,"href":"https:\/\/fmp-components.com\/sk\/wp-json\/wp\/v2\/product_cat?post=1043"},{"taxonomy":"product_tag","embeddable":true,"href":"https:\/\/fmp-components.com\/sk\/wp-json\/wp\/v2\/product_tag?post=1043"}],"curies":[{"name":"pracovn\u00fd list","href":"https:\/\/api.w.org\/{rel}","templated":true}]}}