{"id":1042,"date":"2024-12-19T06:17:09","date_gmt":"2024-12-19T06:17:09","guid":{"rendered":"https:\/\/fmp-components.com\/product\/10034-professional-craftsmanship-small-trailer-hydraulic-piston-cylinder\/"},"modified":"2024-12-24T00:39:03","modified_gmt":"2024-12-24T00:39:03","slug":"10034-professional-craftsmanship-small-trailer-hydraulic-piston-cylinder","status":"publish","type":"product","link":"https:\/\/fmp-components.com\/sk\/product\/10034-professional-craftsmanship-small-trailer-hydraulic-piston-cylinder\/","title":{"rendered":"10034 Profesion\u00e1lne remeseln\u00e9 spracovanie Hydraulick\u00fd piestov\u00fd valec pre mal\u00e9 pr\u00edvesy"},"content":{"rendered":"<h2>Predstavujeme produkt 10034 Profesion\u00e1lne remeseln\u00e9 spracovanie Hydraulick\u00fd piestov\u00fd valec pre mal\u00e9 pr\u00edvesy<\/h2>\n<p>Hydraulick\u00fd piestov\u00fd valec pre mal\u00e9 pr\u00edvesy 10034 Professional Craftsmanship je vysoko kvalitn\u00fd hydraulick\u00fd komponent navrhnut\u00fd \u0161peci\u00e1lne pre mal\u00e9 pr\u00edvesy. Je starostlivo vyroben\u00fd s pou\u017eit\u00edm pokro\u010dil\u00fdch v\u00fdrobn\u00fdch techn\u00edk, \u010do zais\u0165uje vynikaj\u00faci v\u00fdkon a odolnos\u0165.<\/p>\n<p>Tento piestov\u00fd valec sa vyzna\u010duje kompaktn\u00fdm dizajnom, v\u010faka ktor\u00e9mu je ide\u00e1lny na pou\u017eitie v obmedzenom priestore. Je vyroben\u00fd s presnos\u0165ou a d\u00f4razom na detail, \u010do zaru\u010duje bezprobl\u00e9mov\u00fa prev\u00e1dzku a optim\u00e1lnu \u00fa\u010dinnos\u0165.<\/p>\n<p>V\u010faka hydraulickej sile tento piestov\u00fd valec poskytuje plynul\u00e9 a spo\u013eahliv\u00e9 zdv\u00edhanie a sp\u00fa\u0161\u0165anie mal\u00fdch pr\u00edvesov. \u010ci u\u017e potrebujete prepravova\u0165 \u0165a\u017ek\u00e9 n\u00e1klady alebo man\u00e9vrova\u0165 v stiesnen\u00fdch priestoroch, tento hydraulick\u00fd piestov\u00fd valec je spo\u013eahliv\u00fdm a efekt\u00edvnym rie\u0161en\u00edm.<\/p>\n<p>Profesion\u00e1lny hydraulick\u00fd piestov\u00fd valec pre mal\u00e9 pr\u00edvesy je navrhnut\u00fd tak, aby odolal n\u00e1ro\u010dn\u00fdm podmienkam a intenz\u00edvnemu pou\u017e\u00edvaniu. Je vyroben\u00fd z vysoko kvalitn\u00fdch materi\u00e1lov, v\u010faka \u010domu je odoln\u00fd vo\u010di kor\u00f3zii, opotrebovaniu a po\u0161kodeniu. To zaru\u010duje dlh\u00fa \u017eivotnos\u0165 a minim\u00e1lne po\u017eiadavky na \u00fadr\u017ebu.<\/p>\n<p>Navy\u0161e, tento piestov\u00fd valec je navrhnut\u00fd s oh\u013eadom na pohodlie pou\u017e\u00edvate\u013ea. Jeho in\u0161tal\u00e1cia a obsluha s\u00fa jednoduch\u00e9, \u010do umo\u017e\u0148uje r\u00fdchlu a bezprobl\u00e9mov\u00fa integr\u00e1ciu do v\u00e1\u0161ho pr\u00edvesn\u00e9ho syst\u00e9mu. Jeho kompaktn\u00e9 rozmery tie\u017e u\u013eah\u010duj\u00fa prepravu a skladovanie, ke\u010f sa nepou\u017e\u00edva.<\/p>\n<p>Z\u00e1verom mo\u017eno poveda\u0165, \u017ee hydraulick\u00fd piestov\u00fd valec Professional Craftsmanship pre mal\u00e9 pr\u00edvesy 10034 je \u0161pi\u010dkov\u00fd hydraulick\u00fd komponent, ktor\u00fd pon\u00faka v\u00fdnimo\u010dn\u00fd v\u00fdkon, odolnos\u0165 a jednoduch\u00e9 pou\u017eitie. Jeho vynikaj\u00face vlastnosti z neho robia ide\u00e1lnu vo\u013ebu pre aplik\u00e1cie s mal\u00fdmi pr\u00edvesmi a poskytuj\u00fa efekt\u00edvne zdv\u00edhacie a sp\u00fa\u0161\u0165acie mo\u017enosti. Investujte do tohto piestov\u00e9ho valca a zv\u00fd\u0161te funk\u010dnos\u0165 a spo\u013eahlivos\u0165 v\u00e1\u0161ho mal\u00e9ho pr\u00edvesu e\u0161te dnes.<\/p>\n<p><img decoding=\"async\" src=\"https:\/\/hzpt.com\/wp-content\/uploads\/2023\/12\/insert-4.webp?v=1694163707\" alt=\"\" title=\"\"><\/p>\n<h2>O hydraulickom piestovom valci<\/h2>\n<p>Hydraulick\u00fd piestov\u00fd valec m\u00e1 bohat\u00fa hist\u00f3riu a je kategorizovan\u00fd na z\u00e1klade svojej kon\u0161trukcie, prev\u00e1dzky a in\u0161tal\u00e1cie. Vykazuje mno\u017estvo v\u00fdhod vr\u00e1tane jednoduchej in\u0161tal\u00e1cie, n\u00edzkych n\u00e1rokov na \u00fadr\u017ebu a dlhej \u017eivotnosti.<\/p>\n<p>V\u00fdber vhodn\u00e9ho hydraulick\u00e9ho oleja a olejov\u00e9ho tesnenia je k\u013e\u00fa\u010dov\u00fd pre v\u00fdkon hydraulick\u00e9ho piestov\u00e9ho valca. Pravideln\u00e1 v\u00fdmena a presn\u00e9 meranie s\u00fa tie\u017e nevyhnutn\u00e9 pre jeho efekt\u00edvne fungovanie.<\/p>\n<h2>V\u00fdhody zv\u00e1ran\u00e9ho valca s vidlicov\u00fdm z\u00e1vitom<\/h2>\n<p>Zv\u00e1ran\u00e9 valce s vidlicov\u00fdm uchyten\u00edm s\u00fa ob\u013e\u00fabenou vo\u013ebou pre mnoho priemyseln\u00fdch aplik\u00e1ci\u00ed v\u010faka svojim jedine\u010dn\u00fdm v\u00fdhod\u00e1m a pr\u00ednosom. Tu s\u00fa niektor\u00e9 z k\u013e\u00fa\u010dov\u00fdch v\u00fdhod zv\u00e1ran\u00fdch valcov s vidlicov\u00fdm uchyten\u00edm:<\/p>\n<h3>1. Zv\u00fd\u0161en\u00e1 pevnos\u0165 a odolnos\u0165<\/h3>\n<p>Zv\u00e1ran\u00e9 valce s vidlicov\u00fdm uz\u00e1verom s\u00fa kon\u0161truovan\u00e9 so zv\u00e1ran\u00fdm koncov\u00fdm uz\u00e1verom, ktor\u00fd poskytuje zv\u00fd\u0161en\u00fa pevnos\u0165 a odolnos\u0165 v porovnan\u00ed s in\u00fdmi typmi valcov. V\u010faka tomu s\u00fa ide\u00e1lne pre n\u00e1ro\u010dn\u00e9 aplik\u00e1cie, ktor\u00e9 vy\u017eaduj\u00fa vysok\u00fa \u00farove\u0148 pevnosti a odolnosti.<\/p>\n<p>Zv\u00e1ran\u00e1 kon\u0161trukcia t\u00fdchto valcov navy\u0161e znamen\u00e1, \u017ee je menej pravdepodobn\u00e9, \u017ee unikn\u00fa alebo zlyhaj\u00fa, \u010do m\u00f4\u017ee pom\u00f4c\u0165 zn\u00ed\u017ei\u0165 prestoje a n\u00e1klady na \u00fadr\u017ebu.<\/p>\n<h3>2. Schopnos\u0165 zvl\u00e1da\u0165 vysok\u00fd tlak<\/h3>\n<p>Zv\u00e1ran\u00e9 valce s vidlicov\u00fdm uz\u00e1verom s\u00fa tie\u017e schopn\u00e9 zvl\u00e1dnu\u0165 aplik\u00e1cie s vysok\u00fdm tlakom, v\u010faka \u010domu s\u00fa ob\u013e\u00fabenou vo\u013ebou v odvetviach, ako je stavebn\u00edctvo, ban\u00edctvo a ropa a plyn. Ich schopnos\u0165 zvl\u00e1da\u0165 vysok\u00fd tlak zais\u0165uje spo\u013eahliv\u00fd v\u00fdkon v n\u00e1ro\u010dn\u00fdch prostrediach.<\/p>\n<h3>3. Prisp\u00f4sobite\u013en\u00fd dizajn<\/h3>\n<p>Zv\u00e1ran\u00e9 valce s vidlicov\u00fdm uz\u00e1verom je mo\u017en\u00e9 navrhn\u00fa\u0165 na mieru tak, aby sp\u013a\u0148ali \u0161pecifick\u00e9 potreby aplik\u00e1cie. To znamen\u00e1, \u017ee ich mo\u017eno prisp\u00f4sobi\u0165 konkr\u00e9tnej ve\u013ekosti, tvaru alebo v\u00fdkonnostn\u00fdm po\u017eiadavk\u00e1m. Prisp\u00f4sobite\u013en\u00fd dizajn tie\u017e umo\u017e\u0148uje v\u00e4\u010d\u0161iu flexibilitu vo v\u00fdrobnom procese, \u010do m\u00f4\u017ee vies\u0165 k \u00faspor\u00e1m n\u00e1kladov.<\/p>\n<h3>4. Jednoduch\u00e1 in\u0161tal\u00e1cia<\/h3>\n<p>Zv\u00e1ran\u00e9 valce s vidlicov\u00fdm uz\u00e1verom s\u00fa navrhnut\u00e9 pre jednoduch\u00fa in\u0161tal\u00e1ciu, \u010do pom\u00e1ha skr\u00e1ti\u0165 \u010das nastavovania a n\u00e1klady na pracovn\u00fa silu. Zvy\u010dajne s\u00fa vopred zmontovan\u00e9 a pripraven\u00e9 na pou\u017eitie hne\u010f po vybalen\u00ed z krabice, \u010do minimalizuje potrebu \u010fal\u0161\u00edch dielov alebo komponentov.<\/p>\n<h3>5. Vylep\u0161en\u00fd v\u00fdkon<\/h3>\n<p>Kon\u0161trukcia zv\u00e1ran\u00fdch valcov s vidlicov\u00fdm uchyten\u00edm umo\u017e\u0148uje lep\u0161\u00ed v\u00fdkon v porovnan\u00ed s in\u00fdmi typmi valcov. S\u00fa schopn\u00e9 generova\u0165 v\u00e4\u010d\u0161iu silu na jednotku tlaku, \u010do m\u00f4\u017ee pom\u00f4c\u0165 zlep\u0161i\u0165 efektivitu a produktivitu v priemyseln\u00fdch aplik\u00e1ci\u00e1ch.<\/p>\n<p>Celkovo pon\u00fakaj\u00fa zv\u00e1ran\u00e9 valce s vidlicov\u00fdm z\u00e1vitom cel\u00fd rad v\u00fdhod a benefitov, v\u010faka ktor\u00fdm s\u00fa ob\u013e\u00fabenou vo\u013ebou pre mnoh\u00e9 priemyseln\u00e9 aplik\u00e1cie. Ich zv\u00fd\u0161en\u00e1 pevnos\u0165 a odolnos\u0165, schopnos\u0165 zvl\u00e1da\u0165 vysok\u00fd tlak, prisp\u00f4sobite\u013en\u00fd dizajn, jednoduch\u00e1 in\u0161tal\u00e1cia a vylep\u0161en\u00fd v\u00fdkon z nich robia ide\u00e1lnu vo\u013ebu pre n\u00e1ro\u010dn\u00e9 prostredia, kde s\u00fa spo\u013eahlivos\u0165 a v\u00fdkon k\u013e\u00fa\u010dov\u00e9.<\/p>\n<h2>Pou\u017eitie zv\u00e1ran\u00e9ho valca s vidlicov\u00fdm z\u00e1vitom<\/h2>\n<ul>\n<li><strong>Priemyseln\u00e9 stroje:<\/strong> Zv\u00e1ran\u00e9 valce s vidlicov\u00fdm uchyten\u00edm sa \u0161iroko pou\u017e\u00edvaj\u00fa v r\u00f4znych priemyseln\u00fdch strojoch pre n\u00e1ro\u010dn\u00e9 aplik\u00e1cie. Tieto valce s\u00fa schopn\u00e9 vyvin\u00fa\u0165 vysok\u00fa silu na zdv\u00edhanie a lisovanie komponentov v strojoch. Zv\u00e1ran\u00e1 kon\u0161trukcia s vidlicov\u00fdm uchyten\u00edm umo\u017e\u0148uje jednoduch\u00fa in\u0161tal\u00e1ciu a efekt\u00edvnu prev\u00e1dzku, v\u010faka \u010domu s\u00fa ob\u013e\u00fabenou vo\u013ebou v\u00fdrobcov.\n<ul>\n<li>Vo v\u00fdrobnom priemysle sa zv\u00e1ran\u00e9 valce s vidlicov\u00fdm uz\u00e1verom pou\u017e\u00edvaj\u00fa v hydraulick\u00fdch lisoch, vstrekovac\u00edch lisoch a zariadeniach na lisovanie kovov na zabezpe\u010denie potrebnej sily na tvarovanie a tvarovanie plechov.<\/li>\n<li>V automobilovom priemysle sa tieto valce pou\u017e\u00edvaj\u00fa v automobilov\u00fdch zdvih\u00e1koch, zdv\u00edha\u010doch a mont\u00e1\u017enych strojoch na zdv\u00edhanie \u0165a\u017ek\u00fdch komponentov po\u010das v\u00fdrobn\u00e9ho procesu.<\/li>\n<li>V stavebn\u00edctve sa zv\u00e1ran\u00e9 valce s vidlicov\u00fdm uchyten\u00edm pou\u017e\u00edvaj\u00fa v \u017eeriavoch, bagroch a buldoz\u00e9roch na pohon hydraulick\u00fdch syst\u00e9mov, ktor\u00e9 zdv\u00edhaj\u00fa a premiest\u0148uj\u00fa \u0165a\u017ek\u00e9 bremen\u00e1.<\/li>\n<\/ul>\n<\/li>\n<li><strong>Po\u013enohospod\u00e1rske stroje:<\/strong> Po\u013enohospod\u00e1rske stroje s\u00fa jednou z najd\u00f4le\u017eitej\u0161\u00edch oblast\u00ed, v ktor\u00fdch sa pou\u017e\u00edvaj\u00fa zv\u00e1ran\u00e9 vidlicov\u00e9 valce. Tieto valce sa pou\u017e\u00edvaj\u00fa v r\u00f4znych po\u013enohospod\u00e1rskych strojoch vr\u00e1tane traktorov, kombajnov a pluhov na zabezpe\u010denie potrebnej sily na pr\u00edpravu p\u00f4dy, siatie a zber \u00farody.\n<ul>\n<li>V po\u013enohospod\u00e1rstve sa zv\u00e1ran\u00e9 valce s vidlicov\u00fdm uchyten\u00edm pou\u017e\u00edvaj\u00fa v pluhoch, kultiv\u00e1toroch a sejac\u00edch strojoch na zabezpe\u010denie potrebnej sily na pr\u00edpravu p\u00f4dy a siatie semien.<\/li>\n<li>V zberan\u00ed \u00farody sa tieto valce pou\u017e\u00edvaj\u00fa v zbera\u010doch, lisoch a kosa\u010dk\u00e1ch na pohon hydraulick\u00fdch syst\u00e9mov, ktor\u00e9 zbieraj\u00fa a prepravuj\u00fa plodiny.<\/li>\n<\/ul>\n<\/li>\n<li><strong>Letectvo a obrana:<\/strong> Zv\u00e1ran\u00e9 valce s vidlicov\u00fdm z\u00e1vitom sa pou\u017e\u00edvaj\u00fa aj v leteckom a obrannom priemysle, kde sa uplat\u0148uj\u00fa v \u0161irokej \u0161k\u00e1le aplik\u00e1ci\u00ed pre lietadl\u00e1, rakety, strely a obrann\u00e9 syst\u00e9my.\n<ul>\n<li>V leteckom priemysle sa zv\u00e1ran\u00e9 vidlicov\u00e9 valce pou\u017e\u00edvaj\u00fa v podvozkoch lietadiel, klapk\u00e1ch a brzd\u00e1ch na zabezpe\u010denie potrebnej sily pre vzlet a prist\u00e1tie.<\/li>\n<li>V obrannom priemysle sa tieto valce pou\u017e\u00edvaj\u00fa v odpa\u013eovac\u00edch zariadeniach rakiet, streleck\u00fdch ve\u017eiach a tankov\u00fdch syst\u00e9moch na pohon hydraulick\u00fdch syst\u00e9mov, ktor\u00e9 riadia pohyb zbran\u00ed a mun\u00edcie.<\/li>\n<\/ul>\n<\/li>\n<li><strong>N\u00e1morn\u00fd priemysel:<\/strong> Zv\u00e1ran\u00e9 valce s vidlicov\u00fdm z\u00e1vitom sa tie\u017e \u0161iroko pou\u017e\u00edvaj\u00fa v n\u00e1mornom priemysle, kde sa pou\u017e\u00edvaj\u00fa v r\u00f4znych aplik\u00e1ci\u00e1ch pre lode, \u010dlny a podvodn\u00e9 vozidl\u00e1.\n<ul>\n<li>V lodnom priemysle sa zv\u00e1ran\u00e9 valce s vidlicov\u00fdm z\u00e1vesom pou\u017e\u00edvaj\u00fa v \u017eeriavoch, navijakoch a manipula\u010dn\u00fdch zariadeniach na zabezpe\u010denie potrebnej sily na nakladanie a vykladanie n\u00e1kladu.<\/li>\n<li>V lodnom priemysle sa tieto valce pou\u017e\u00edvaj\u00fa v kormidlov\u00fdch syst\u00e9moch, vrtuliach a kotviacich syst\u00e9moch na zabezpe\u010denie potrebnej sily na ovl\u00e1danie pohybu lod\u00ed a \u010dlnov.<\/li>\n<li>V priemysle podvodn\u00fdch vozidiel sa zv\u00e1ran\u00e9 valce s vidlicov\u00fdm uz\u00e1verom pou\u017e\u00edvaj\u00fa v ponork\u00e1ch, dia\u013ekovo ovl\u00e1dan\u00fdch vozidl\u00e1ch (ROV) a pot\u00e1pa\u010dskom vybaven\u00ed na zabezpe\u010denie potrebnej sily pre podvodn\u00e9 oper\u00e1cie.<\/li>\n<\/ul>\n<\/li>\n<li><strong>\u0164a\u017eobn\u00fd priemysel:<\/strong> Zv\u00e1ran\u00e9 valce s vidlicov\u00fdm z\u00e1vitom sa pou\u017e\u00edvaj\u00fa aj v \u0165a\u017eobnom priemysle, kde sa uplat\u0148uj\u00fa v r\u00f4znych aplik\u00e1ci\u00e1ch na \u0165a\u017ebu nerastov a manipul\u00e1ciu s materi\u00e1lom.\n<ul>\n<li>V \u0165a\u017eobnom priemysle sa zv\u00e1ran\u00e9 valce s vidlicov\u00fdm z\u00e1vitom pou\u017e\u00edvaj\u00fa v dopravn\u00edkov\u00fdch syst\u00e9moch, v\u0155tac\u00edch strojoch a hydraulick\u00fdch lopat\u00e1ch na zabezpe\u010denie potrebnej sily na \u0165a\u017ebu nerastov a materi\u00e1lov z ban\u00ed a lomov.<\/li>\n<\/ul>\n<\/li>\n<\/ul>\n<h3>O FMP<\/h3>\n<p>Spolo\u010dnos\u0165 FMP je l\u00eddrom na trhu s hydraulick\u00fdmi valcami pre mobiln\u00e9 stroje v Taliansku. Pon\u00fakame \u0161irok\u00fd sortiment produktov vr\u00e1tane hydraulick\u00fdch nakl\u00e1pac\u00edch valcov, hydraulick\u00fdch riadiacich valcov a hydraulick\u00fdch zdv\u00edhac\u00edch valcov. Na\u0161a v\u00fdrobn\u00e1 kapacita je 200 000 s\u00faprav a m\u00e1me 300 s\u00faprav r\u00f4znych typov plne automatick\u00fdch CNC v\u00fdrobn\u00fdch zariaden\u00ed, ako aj plne automatick\u00e9 zariadenia na mont\u00e1\u017e hydraulick\u00fdch valcov.<\/p>\n<p>Okrem vy\u0161\u0161ie uveden\u00fdch produktov dod\u00e1vame aj valce pre pracovn\u00e9 plo\u0161iny, hydraulick\u00e9 valce pre priemyseln\u00e9 vozidl\u00e1, valce pre rota\u010dn\u00e9 vrtn\u00e9 s\u00fapravy, valce pre auto\u017eeriavy, hydraulick\u00e9 valce pre stavebn\u00e9 stroje, <b>Hydraulick\u00e9 valce pre vysokozdvi\u017en\u00e9 voz\u00edky<\/b>, valce bansk\u00fdch skl\u00e1pa\u010dov a hydraulick\u00e9 valce sanita\u010dn\u00fdch strojov. V\u00edtame po\u017eiadavky na prisp\u00f4sobenie pod\u013ea va\u0161ich \u0161pecifik\u00e1ci\u00ed.<\/p>\n<p><img decoding=\"async\" src=\"https:\/\/hzpt.com\/wp-content\/uploads\/2023\/12\/insert-5.webp\" alt=\"\" title=\"\"><\/p>\n<h2>\u010casto kladen\u00e9 ot\u00e1zky<\/h2>\n<ol>\n<li>Ot\u00e1zka: Ak\u00e1 je funkcia hydraulick\u00e9ho piestov\u00e9ho valca? Odpove\u010f: Pou\u017e\u00edva sa na vytvorenie sily v priamke pre r\u00f4zne priemyseln\u00e9 aplik\u00e1cie.<\/li>\n<li>Ot\u00e1zka: Ak\u00e9 s\u00fa v\u00fdhody tohto produktu? Odpove\u010f: Pon\u00faka energetick\u00fa \u00fa\u010dinnos\u0165, vysok\u00fd v\u00fdkon a bezpe\u010dnos\u0165.<\/li>\n<li>Ot\u00e1zka: V ktor\u00fdch odvetviach sa tento produkt m\u00f4\u017ee pou\u017e\u00edva\u0165? Odpove\u010f: Pou\u017e\u00edva sa v r\u00f4znych odvetviach vr\u00e1tane stavebn\u00edctva, v\u00fdroby a dopravy.<\/li>\n<li>Ot\u00e1zka: Ako \u010dasto by som mal vymie\u0148a\u0165 hydraulick\u00fd olej a olejov\u00e9 tesnenie? Odpove\u010f: Z\u00e1vis\u00ed to od pou\u017eitia a prev\u00e1dzkov\u00fdch podmienok.<\/li>\n<li>Ot\u00e1zka: M\u00f4\u017eem si prisp\u00f4sobi\u0165 objedn\u00e1vku na z\u00e1klade mojich \u0161pecifik\u00e1ci\u00ed? Odpove\u010f: \u00c1no, v\u00edtame \u017eiadosti o prisp\u00f4sobenie.<\/li>\n<\/ol>\n<p>Autor: CX<\/p>","protected":false},"excerpt":{"rendered":"<p>Introducing Product 10034 Professional Craftsmanship Small Trailer Hydraulic Piston Cylinder The 10034 Professional Craftsmanship Small Trailer Hydraulic Piston Cylinder is a high-quality hydraulic component designed specifically for small trailers. It is meticulously crafted using advanced manufacturing techniques, ensuring superior performance and durability. This piston cylinder features a compact design that makes it perfect for use [&hellip;]<\/p>","protected":false},"featured_media":1127,"comment_status":"closed","ping_status":"closed","template":"","meta":{"_et_pb_use_builder":"","_et_pb_old_content":"","_et_gb_content_width":""},"product_brand":[],"product_cat":[36],"product_tag":[34,38],"class_list":{"0":"post-1042","1":"product","2":"type-product","3":"status-publish","4":"has-post-thumbnail","6":"product_cat-welded-clevis-type-cylinder","7":"product_tag-hydraulic-cylinder","8":"product_tag-welded-clevis-type-cylinder","10":"first","11":"instock","12":"product-type-simple"},"_links":{"self":[{"href":"https:\/\/fmp-components.com\/sk\/wp-json\/wp\/v2\/product\/1042","targetHints":{"allow":["GET"]}}],"collection":[{"href":"https:\/\/fmp-components.com\/sk\/wp-json\/wp\/v2\/product"}],"about":[{"href":"https:\/\/fmp-components.com\/sk\/wp-json\/wp\/v2\/types\/product"}],"replies":[{"embeddable":true,"href":"https:\/\/fmp-components.com\/sk\/wp-json\/wp\/v2\/comments?post=1042"}],"wp:featuredmedia":[{"embeddable":true,"href":"https:\/\/fmp-components.com\/sk\/wp-json\/wp\/v2\/media\/1127"}],"wp:attachment":[{"href":"https:\/\/fmp-components.com\/sk\/wp-json\/wp\/v2\/media?parent=1042"}],"wp:term":[{"taxonomy":"product_brand","embeddable":true,"href":"https:\/\/fmp-components.com\/sk\/wp-json\/wp\/v2\/product_brand?post=1042"},{"taxonomy":"product_cat","embeddable":true,"href":"https:\/\/fmp-components.com\/sk\/wp-json\/wp\/v2\/product_cat?post=1042"},{"taxonomy":"product_tag","embeddable":true,"href":"https:\/\/fmp-components.com\/sk\/wp-json\/wp\/v2\/product_tag?post=1042"}],"curies":[{"name":"pracovn\u00fd list","href":"https:\/\/api.w.org\/{rel}","templated":true}]}}