{"id":1038,"date":"2024-12-19T06:17:09","date_gmt":"2024-12-19T06:17:09","guid":{"rendered":"https:\/\/fmp-components.com\/product\/10030-guaranteed-quality-mini-hydraulic-ram-cylinder-hydraulic-cylinder-for-agriculture\/"},"modified":"2024-12-26T08:50:35","modified_gmt":"2024-12-26T08:50:35","slug":"10030-guaranteed-quality-mini-hydraulic-ram-cylinder-hydraulic-cylinder-for-agriculture","status":"publish","type":"product","link":"https:\/\/fmp-components.com\/sk\/product\/10030-guaranteed-quality-mini-hydraulic-ram-cylinder-hydraulic-cylinder-for-agriculture\/","title":{"rendered":"10030 Mini hydraulick\u00fd valec s garantovanou kvalitou Hydraulick\u00fd valec pre po\u013enohospod\u00e1rstvo"},"content":{"rendered":"<h2>Predstavujeme hydraulick\u00fd valec mini hydraulick\u00e9ho ramena 10030 so zaru\u010denou kvalitou pre po\u013enohospod\u00e1rstvo:<\/h2>\n<p>Mini hydraulick\u00fd valec 10030 so zaru\u010denou kvalitou je vysoko kvalitn\u00fd hydraulick\u00fd valec \u0161peci\u00e1lne navrhnut\u00fd pre po\u013enohospod\u00e1rske aplik\u00e1cie. V\u010faka kompaktn\u00fdm rozmerom a vynikaj\u00facemu v\u00fdkonu je tento valec ide\u00e1lny pre \u0161irok\u00fa \u0161k\u00e1lu po\u013enohospod\u00e1rskych strojov.<\/p>\n<p>V\u010faka robustnej kon\u0161trukcii a pokro\u010dilej hydraulickej technol\u00f3gii poskytuje valec 10030 v\u00fdnimo\u010dn\u00fa odolnos\u0165 a spo\u013eahlivos\u0165, \u010d\u00edm zabezpe\u010duje dlhotrvaj\u00faci v\u00fdkon aj v najn\u00e1ro\u010dnej\u0161\u00edch po\u013enohospod\u00e1rskych prostrediach. Jeho miniat\u00farna ve\u013ekos\u0165 umo\u017e\u0148uje jednoduch\u00fa in\u0161tal\u00e1ciu a integr\u00e1ciu do r\u00f4znych po\u013enohospod\u00e1rskych strojov.<\/p>\n<p>Tento hydraulick\u00fd valec je navrhnut\u00fd tak, aby poskytoval zaru\u010den\u00fa kvalitu a sp\u013a\u0148al najvy\u0161\u0161ie priemyseln\u00e9 \u0161tandardy. Je vyroben\u00fd z prvotriednych materi\u00e1lov a podlieha pr\u00edsnej kontrole kvality, aby sa zabezpe\u010dila optim\u00e1lna funk\u010dnos\u0165 a v\u00fdkon.<\/p>\n<p>Hydraulick\u00fd valec 10030 je vybaven\u00fd hydraulick\u00fdm piestom a pon\u00faka siln\u00fa hydraulick\u00fa silu a presn\u00e9 ovl\u00e1danie, \u010do umo\u017e\u0148uje efekt\u00edvnu a presn\u00fa prev\u00e1dzku pri po\u013enohospod\u00e1rskych \u00faloh\u00e1ch, ako je zdv\u00edhanie, tla\u010denie a \u0165ahanie. Jeho hydraulick\u00fd syst\u00e9m zais\u0165uje plynul\u00fd a konzistentn\u00fd pohyb, \u010d\u00edm zvy\u0161uje produktivitu a skracuje prestoje.<\/p>\n<p>Mini hydraulick\u00fd valec 10030 so zaru\u010denou kvalitou je navrhnut\u00fd tak, aby zv\u00fd\u0161il celkov\u00fa \u00fa\u010dinnos\u0165 a efekt\u00edvnos\u0165 po\u013enohospod\u00e1rskych strojov. Jeho spo\u013eahliv\u00fd v\u00fdkon, kompaktn\u00e9 rozmery a jednoduch\u00e1 in\u0161tal\u00e1cia z neho robia cenn\u00fd pr\u00ednos pre po\u013enohospod\u00e1rov, po\u013enohospod\u00e1rskych profesion\u00e1lov a v\u00fdrobcov zariaden\u00ed.<\/p>\n<p>Pre spo\u013eahliv\u00e9 a vysoko v\u00fdkonn\u00e9 hydraulick\u00e9 rie\u0161enia v po\u013enohospod\u00e1rskom priemysle si vyberte hydraulick\u00fd valec 10030 so zaru\u010denou kvalitou a mini hydraulick\u00fdm valcom pre po\u013enohospod\u00e1rstvo. Za\u017eite zv\u00fd\u0161en\u00fa produktivitu a vynikaj\u00faci v\u00fdkon s t\u00fdmto v\u00fdnimo\u010dn\u00fdm hydraulick\u00fdm valcom.<\/p>\n<p><img decoding=\"async\" src=\"https:\/\/hzpt.com\/wp-content\/uploads\/2023\/12\/insert-4.webp?v=1694163707\" alt=\"\" title=\"\"><\/p>\n<h2>O na\u0161om mini hydraulickom valci pre po\u013enohospod\u00e1rske pou\u017eitie<\/h2>\n<p>N\u00e1\u0161 mini hydraulick\u00fd valec je vysoko kvalitn\u00fd produkt, ktor\u00fd je \u0161peci\u00e1lne navrhnut\u00fd pre po\u013enohospod\u00e1rske pou\u017eitie. Dok\u00e1\u017ee premie\u0148a\u0165 hydraulick\u00fa energiu na mechanick\u00fa energiu na vykon\u00e1vanie pr\u00e1c v r\u00f4znych po\u013enohospod\u00e1rskych aplik\u00e1ci\u00e1ch. Jeho prim\u00e1rnou funkciou je u\u013eah\u010di\u0165 \u00falohy, ako je zdv\u00edhanie a premiest\u0148ovanie \u0165a\u017ek\u00fdch bremien, \u010do zais\u0165uje efekt\u00edvnos\u0165 po\u013enohospod\u00e1rskych oper\u00e1ci\u00ed.<\/p>\n<h2>Detaily produktu a technick\u00e9 \u0161pecifik\u00e1cie<\/h2>\n<ul>\n<li>Rozmery: [vlo\u017ete rozmery]<\/li>\n<li>Kapacita: [vlo\u017ete kapacitu]<\/li>\n<li>Za\u0165a\u017eenie lo\u017eiska: [vlo\u017ete nosnos\u0165]<\/li>\n<\/ul>\n<h2>Jedine\u010dn\u00e9 vlastnosti a v\u00fdhody<\/h2>\n<p>N\u00e1\u0161 mini hydraulick\u00fd valec vynik\u00e1 svojou \u00fasporou energie, vysokou \u00fa\u010dinnos\u0165ou a bezpe\u010dnostn\u00fdmi prvkami. Je navrhnut\u00fd tak, aby fungoval v n\u00e1ro\u010dn\u00fdch podmienkach a z\u00e1rove\u0148 zabezpe\u010doval optim\u00e1lny v\u00fdkon.<\/p>\n<h2>Princ\u00edp fungovania hydraulick\u00fdch syst\u00e9mov<\/h2>\n<p>Hydraulick\u00e9 syst\u00e9my funguj\u00fa na princ\u00edpe Pascalovho z\u00e1kona. Ke\u010f je v jednom bode kvapaliny p\u00f4soben\u00fd tlak, pren\u00e1\u0161a sa do ostatn\u00fdch \u010dast\u00ed kvapaliny bez ak\u00fdchko\u013evek str\u00e1t. Tento princ\u00edp umo\u017e\u0148uje n\u00e1\u0161mu mini hydraulick\u00e9mu valcu plni\u0165 svoju funkciu s \u00fa\u010dinnos\u0165ou.<\/p>\n<p>V\u00fdber spr\u00e1vneho hydraulick\u00e9ho oleja a tesnenia je k\u013e\u00fa\u010dov\u00fd pre optim\u00e1lne fungovanie v\u00e1\u0161ho hydraulick\u00e9ho valca. Potreba v\u00fdmeny m\u00f4\u017ee by\u0165 ur\u010den\u00e1 \u0161pecifick\u00fdmi podmienkami. Rozmery a fungovanie hydraulick\u00e9ho valca je tie\u017e mo\u017en\u00e9 prisp\u00f4sobi\u0165. Spolo\u010dnos\u0165 FMP, zalo\u017een\u00e1 v roku 2006, je popredn\u00fdm v\u00fdrobcom hydraulick\u00fdch valcov v Taliansku. N\u00e1\u0161 sortiment zah\u0155\u0148a hydraulick\u00e9 nakl\u00e1pacie valce, hydraulick\u00e9 riadiace valce a hydraulick\u00e9 zdv\u00edhacie valce s kon\u0161truk\u010dnou kapacitou 200 000 s\u00e1d.<\/p>\n<p><img decoding=\"async\" src=\"https:\/\/hzpt.com\/wp-content\/uploads\/2023\/12\/insert-1.webp\" alt=\"\" title=\"\"><\/p>\n<h2>V\u00fdhody zv\u00e1ran\u00e9ho valca s vidlicov\u00fdm z\u00e1vitom<\/h2>\n<p>Zv\u00e1ran\u00e9 valce s vidlicov\u00fdm uchyten\u00edm s\u00fa ob\u013e\u00fabenou vo\u013ebou pre mnoho priemyseln\u00fdch aplik\u00e1ci\u00ed v\u010faka svojim jedine\u010dn\u00fdm v\u00fdhod\u00e1m a pr\u00ednosom. Tu s\u00fa niektor\u00e9 z k\u013e\u00fa\u010dov\u00fdch v\u00fdhod zv\u00e1ran\u00fdch valcov s vidlicov\u00fdm uchyten\u00edm:<\/p>\n<h3>1. Zv\u00fd\u0161en\u00e1 pevnos\u0165 a odolnos\u0165<\/h3>\n<p>Zv\u00e1ran\u00e9 valce s vidlicov\u00fdm uz\u00e1verom s\u00fa kon\u0161truovan\u00e9 so zv\u00e1ran\u00fdm koncov\u00fdm uz\u00e1verom, ktor\u00fd poskytuje zv\u00fd\u0161en\u00fa pevnos\u0165 a odolnos\u0165 v porovnan\u00ed s in\u00fdmi typmi valcov. V\u010faka tomu s\u00fa ide\u00e1lne pre n\u00e1ro\u010dn\u00e9 aplik\u00e1cie, ktor\u00e9 vy\u017eaduj\u00fa vysok\u00fa \u00farove\u0148 pevnosti a odolnosti.<\/p>\n<p>Zv\u00e1ran\u00e1 kon\u0161trukcia t\u00fdchto valcov navy\u0161e znamen\u00e1, \u017ee je menej pravdepodobn\u00e9, \u017ee unikn\u00fa alebo zlyhaj\u00fa, \u010do m\u00f4\u017ee pom\u00f4c\u0165 zn\u00ed\u017ei\u0165 prestoje a n\u00e1klady na \u00fadr\u017ebu.<\/p>\n<h3>2. Schopnos\u0165 zvl\u00e1da\u0165 vysok\u00fd tlak<\/h3>\n<p>Zv\u00e1ran\u00e9 valce s vidlicov\u00fdm uz\u00e1verom s\u00fa tie\u017e schopn\u00e9 zvl\u00e1dnu\u0165 aplik\u00e1cie s vysok\u00fdm tlakom, v\u010faka \u010domu s\u00fa ob\u013e\u00fabenou vo\u013ebou v odvetviach, ako je stavebn\u00edctvo, ban\u00edctvo a ropa a plyn. Ich schopnos\u0165 zvl\u00e1da\u0165 vysok\u00fd tlak zais\u0165uje spo\u013eahliv\u00fd v\u00fdkon v n\u00e1ro\u010dn\u00fdch prostrediach.<\/p>\n<h3>3. Prisp\u00f4sobite\u013en\u00fd dizajn<\/h3>\n<p>Zv\u00e1ran\u00e9 valce s vidlicov\u00fdm uz\u00e1verom je mo\u017en\u00e9 navrhn\u00fa\u0165 na mieru tak, aby sp\u013a\u0148ali \u0161pecifick\u00e9 potreby aplik\u00e1cie. To znamen\u00e1, \u017ee ich mo\u017eno prisp\u00f4sobi\u0165 konkr\u00e9tnej ve\u013ekosti, tvaru alebo v\u00fdkonnostn\u00fdm po\u017eiadavk\u00e1m. Prisp\u00f4sobite\u013en\u00fd dizajn tie\u017e umo\u017e\u0148uje v\u00e4\u010d\u0161iu flexibilitu vo v\u00fdrobnom procese, \u010do m\u00f4\u017ee vies\u0165 k \u00faspor\u00e1m n\u00e1kladov.<\/p>\n<h3>4. Jednoduch\u00e1 in\u0161tal\u00e1cia<\/h3>\n<p>Zv\u00e1ran\u00e9 valce s vidlicov\u00fdm uz\u00e1verom s\u00fa navrhnut\u00e9 pre jednoduch\u00fa in\u0161tal\u00e1ciu, \u010do pom\u00e1ha skr\u00e1ti\u0165 \u010das nastavovania a n\u00e1klady na pracovn\u00fa silu. Zvy\u010dajne s\u00fa vopred zmontovan\u00e9 a pripraven\u00e9 na pou\u017eitie hne\u010f po vybalen\u00ed z krabice, \u010do minimalizuje potrebu \u010fal\u0161\u00edch dielov alebo komponentov.<\/p>\n<h3>5. Vylep\u0161en\u00fd v\u00fdkon<\/h3>\n<p>Kon\u0161trukcia zv\u00e1ran\u00fdch valcov s vidlicov\u00fdm uchyten\u00edm umo\u017e\u0148uje lep\u0161\u00ed v\u00fdkon v porovnan\u00ed s in\u00fdmi typmi valcov. S\u00fa schopn\u00e9 generova\u0165 v\u00e4\u010d\u0161iu silu na jednotku tlaku, \u010do m\u00f4\u017ee pom\u00f4c\u0165 zlep\u0161i\u0165 efektivitu a produktivitu v priemyseln\u00fdch aplik\u00e1ci\u00e1ch.<\/p>\n<p>Celkovo pon\u00fakaj\u00fa zv\u00e1ran\u00e9 valce s vidlicov\u00fdm z\u00e1vitom cel\u00fd rad v\u00fdhod a benefitov, v\u010faka ktor\u00fdm s\u00fa ob\u013e\u00fabenou vo\u013ebou pre mnoh\u00e9 priemyseln\u00e9 aplik\u00e1cie. Ich zv\u00fd\u0161en\u00e1 pevnos\u0165 a odolnos\u0165, schopnos\u0165 zvl\u00e1da\u0165 vysok\u00fd tlak, prisp\u00f4sobite\u013en\u00fd dizajn, jednoduch\u00e1 in\u0161tal\u00e1cia a vylep\u0161en\u00fd v\u00fdkon z nich robia ide\u00e1lnu vo\u013ebu pre n\u00e1ro\u010dn\u00e9 prostredia, kde s\u00fa spo\u013eahlivos\u0165 a v\u00fdkon k\u013e\u00fa\u010dov\u00e9.<\/p>\n<p><img decoding=\"async\" src=\"https:\/\/hzpt.com\/wp-content\/uploads\/2023\/12\/insert-2.webp\" alt=\"\" title=\"\"><\/p>\n<h2>Pou\u017eitie zv\u00e1ran\u00e9ho valca s vidlicov\u00fdm z\u00e1vitom<\/h2>\n<ul>\n<li><strong>Priemyseln\u00e9 stroje:<\/strong> Zv\u00e1ran\u00e9 valce s vidlicov\u00fdm uchyten\u00edm sa \u0161iroko pou\u017e\u00edvaj\u00fa v r\u00f4znych priemyseln\u00fdch strojoch pre n\u00e1ro\u010dn\u00e9 aplik\u00e1cie. Tieto valce s\u00fa schopn\u00e9 vyvin\u00fa\u0165 vysok\u00fa silu na zdv\u00edhanie a lisovanie komponentov v strojoch. Zv\u00e1ran\u00e1 kon\u0161trukcia s vidlicov\u00fdm uchyten\u00edm umo\u017e\u0148uje jednoduch\u00fa in\u0161tal\u00e1ciu a efekt\u00edvnu prev\u00e1dzku, v\u010faka \u010domu s\u00fa ob\u013e\u00fabenou vo\u013ebou v\u00fdrobcov.\n<ul>\n<li>Vo v\u00fdrobnom priemysle sa zv\u00e1ran\u00e9 valce s vidlicov\u00fdm uz\u00e1verom pou\u017e\u00edvaj\u00fa v hydraulick\u00fdch lisoch, vstrekovac\u00edch lisoch a zariadeniach na lisovanie kovov na zabezpe\u010denie potrebnej sily na tvarovanie a tvarovanie plechov.<\/li>\n<li>V automobilovom priemysle sa tieto valce pou\u017e\u00edvaj\u00fa v automobilov\u00fdch zdvih\u00e1koch, zdv\u00edha\u010doch a mont\u00e1\u017enych strojoch na zdv\u00edhanie \u0165a\u017ek\u00fdch komponentov po\u010das v\u00fdrobn\u00e9ho procesu.<\/li>\n<li>V stavebn\u00edctve sa zv\u00e1ran\u00e9 valce s vidlicov\u00fdm uchyten\u00edm pou\u017e\u00edvaj\u00fa v \u017eeriavoch, bagroch a buldoz\u00e9roch na pohon hydraulick\u00fdch syst\u00e9mov, ktor\u00e9 zdv\u00edhaj\u00fa a premiest\u0148uj\u00fa \u0165a\u017ek\u00e9 bremen\u00e1.<\/li>\n<\/ul>\n<\/li>\n<li><strong>Po\u013enohospod\u00e1rske stroje:<\/strong> Po\u013enohospod\u00e1rske stroje s\u00fa jednou z najd\u00f4le\u017eitej\u0161\u00edch oblast\u00ed, v ktor\u00fdch sa pou\u017e\u00edvaj\u00fa zv\u00e1ran\u00e9 vidlicov\u00e9 valce. Tieto valce sa pou\u017e\u00edvaj\u00fa v r\u00f4znych po\u013enohospod\u00e1rskych strojoch vr\u00e1tane traktorov, kombajnov a pluhov na zabezpe\u010denie potrebnej sily na pr\u00edpravu p\u00f4dy, siatie a zber \u00farody.\n<ul>\n<li>V po\u013enohospod\u00e1rstve sa zv\u00e1ran\u00e9 valce s vidlicov\u00fdm uchyten\u00edm pou\u017e\u00edvaj\u00fa v pluhoch, kultiv\u00e1toroch a sejac\u00edch strojoch na zabezpe\u010denie potrebnej sily na pr\u00edpravu p\u00f4dy a siatie semien.<\/li>\n<li>V zberan\u00ed \u00farody sa tieto valce pou\u017e\u00edvaj\u00fa v zbera\u010doch, lisoch a kosa\u010dk\u00e1ch na pohon hydraulick\u00fdch syst\u00e9mov, ktor\u00e9 zbieraj\u00fa a prepravuj\u00fa plodiny.<\/li>\n<\/ul>\n<\/li>\n<li><strong>Letectvo a obrana:<\/strong> Zv\u00e1ran\u00e9 valce s vidlicov\u00fdm z\u00e1vitom sa pou\u017e\u00edvaj\u00fa aj v leteckom a obrannom priemysle, kde sa uplat\u0148uj\u00fa v \u0161irokej \u0161k\u00e1le aplik\u00e1ci\u00ed pre lietadl\u00e1, rakety, strely a obrann\u00e9 syst\u00e9my.\n<ul>\n<li>V leteckom priemysle sa zv\u00e1ran\u00e9 vidlicov\u00e9 valce pou\u017e\u00edvaj\u00fa v podvozkoch lietadiel, klapk\u00e1ch a brzd\u00e1ch na zabezpe\u010denie potrebnej sily pre vzlet a prist\u00e1tie.<\/li>\n<li>V obrannom priemysle sa tieto valce pou\u017e\u00edvaj\u00fa v odpa\u013eovac\u00edch zariadeniach rakiet, streleck\u00fdch ve\u017eiach a tankov\u00fdch syst\u00e9moch na pohon hydraulick\u00fdch syst\u00e9mov, ktor\u00e9 riadia pohyb zbran\u00ed a mun\u00edcie.<\/li>\n<\/ul>\n<\/li>\n<li><strong>N\u00e1morn\u00fd priemysel:<\/strong> Zv\u00e1ran\u00e9 valce s vidlicov\u00fdm z\u00e1vitom sa tie\u017e \u0161iroko pou\u017e\u00edvaj\u00fa v n\u00e1mornom priemysle, kde sa pou\u017e\u00edvaj\u00fa v r\u00f4znych aplik\u00e1ci\u00e1ch pre lode, \u010dlny a podvodn\u00e9 vozidl\u00e1.\n<ul>\n<li>V lodnom priemysle sa zv\u00e1ran\u00e9 valce s vidlicov\u00fdm z\u00e1vesom pou\u017e\u00edvaj\u00fa v \u017eeriavoch, navijakoch a manipula\u010dn\u00fdch zariadeniach na zabezpe\u010denie potrebnej sily na nakladanie a vykladanie n\u00e1kladu.<\/li>\n<li>V lodnom priemysle sa tieto valce pou\u017e\u00edvaj\u00fa v kormidlov\u00fdch syst\u00e9moch, vrtuliach a kotviacich syst\u00e9moch na zabezpe\u010denie potrebnej sily na ovl\u00e1danie pohybu lod\u00ed a \u010dlnov.<\/li>\n<li>V priemysle podvodn\u00fdch vozidiel sa zv\u00e1ran\u00e9 valce s vidlicov\u00fdm uz\u00e1verom pou\u017e\u00edvaj\u00fa v ponork\u00e1ch, dia\u013ekovo ovl\u00e1dan\u00fdch vozidl\u00e1ch (ROV) a pot\u00e1pa\u010dskom vybaven\u00ed na zabezpe\u010denie potrebnej sily pre podvodn\u00e9 oper\u00e1cie.<\/li>\n<\/ul>\n<\/li>\n<li><strong>\u0164a\u017eobn\u00fd priemysel:<\/strong> Zv\u00e1ran\u00e9 valce s vidlicov\u00fdm z\u00e1vitom sa pou\u017e\u00edvaj\u00fa aj v \u0165a\u017eobnom priemysle, kde sa uplat\u0148uj\u00fa v r\u00f4znych aplik\u00e1ci\u00e1ch na \u0165a\u017ebu nerastov a manipul\u00e1ciu s materi\u00e1lom.\n<ul>\n<li>V \u0165a\u017eobnom priemysle sa zv\u00e1ran\u00e9 valce s vidlicov\u00fdm z\u00e1vitom pou\u017e\u00edvaj\u00fa v dopravn\u00edkov\u00fdch syst\u00e9moch, v\u0155tac\u00edch strojoch a hydraulick\u00fdch lopat\u00e1ch na zabezpe\u010denie potrebnej sily na \u0165a\u017ebu nerastov a materi\u00e1lov z ban\u00ed a lomov.<\/li>\n<\/ul>\n<\/li>\n<\/ul>\n<h2>Ponuky FMP<\/h2>\n<p>Okrem n\u00e1\u0161ho vysokokvalitn\u00e9ho mini hydraulick\u00e9ho valca pon\u00fakame aj \u010fal\u0161ie hydraulick\u00e9 valce, vr\u00e1tane valcov pre pracovn\u00e9 plo\u0161iny vo vysok\u00fdch nadmorsk\u00fdch v\u00fd\u0161kach, hydraulick\u00fdch valcov pre priemyseln\u00e9 vozidl\u00e1, valcov pre rota\u010dn\u00e9 vrtn\u00e9 s\u00fapravy, valcov pre automobilov\u00e9 \u017eeriavy, hydraulick\u00fdch valcov pre stroj\u00e1rensk\u00e9 stroje, <b>Hydraulick\u00e9 valce pre vysokozdvi\u017en\u00e9 voz\u00edky<\/b>, valce pre bansk\u00e9 skl\u00e1pa\u010de a hydraulick\u00e9 valce pre stroje na environment\u00e1lnu hygienu. Na\u0161i z\u00e1kazn\u00edci si m\u00f4\u017eu produkty prisp\u00f4sobi\u0165 pod\u013ea svojich \u0161pecifick\u00fdch po\u017eiadaviek.<\/p>\n<p><img decoding=\"async\" src=\"https:\/\/hzpt.com\/wp-content\/uploads\/2023\/12\/insert-5.webp\" alt=\"Obr\u00e1zok z v\u00fdroby\" title=\"\"><\/p>\n<p>Autor: CX<\/p>","protected":false},"excerpt":{"rendered":"<p>Introducing the 10030 Guaranteed Quality Mini Hydraulic Ram Cylinder Hydraulic Cylinder For Agriculture: The 10030 Guaranteed Quality Mini Hydraulic Ram Cylinder is a high-quality hydraulic cylinder specifically designed for agricultural applications. With its compact size and superior performance, this cylinder is ideal for a wide range of agricultural machinery. Featuring a robust construction and advanced [&hellip;]<\/p>","protected":false},"featured_media":1127,"comment_status":"closed","ping_status":"closed","template":"","meta":{"_et_pb_use_builder":"","_et_pb_old_content":"","_et_gb_content_width":""},"product_brand":[],"product_cat":[36],"product_tag":[34,38],"class_list":{"0":"post-1038","1":"product","2":"type-product","3":"status-publish","4":"has-post-thumbnail","6":"product_cat-welded-clevis-type-cylinder","7":"product_tag-hydraulic-cylinder","8":"product_tag-welded-clevis-type-cylinder","10":"first","11":"instock","12":"product-type-simple"},"_links":{"self":[{"href":"https:\/\/fmp-components.com\/sk\/wp-json\/wp\/v2\/product\/1038","targetHints":{"allow":["GET"]}}],"collection":[{"href":"https:\/\/fmp-components.com\/sk\/wp-json\/wp\/v2\/product"}],"about":[{"href":"https:\/\/fmp-components.com\/sk\/wp-json\/wp\/v2\/types\/product"}],"replies":[{"embeddable":true,"href":"https:\/\/fmp-components.com\/sk\/wp-json\/wp\/v2\/comments?post=1038"}],"wp:featuredmedia":[{"embeddable":true,"href":"https:\/\/fmp-components.com\/sk\/wp-json\/wp\/v2\/media\/1127"}],"wp:attachment":[{"href":"https:\/\/fmp-components.com\/sk\/wp-json\/wp\/v2\/media?parent=1038"}],"wp:term":[{"taxonomy":"product_brand","embeddable":true,"href":"https:\/\/fmp-components.com\/sk\/wp-json\/wp\/v2\/product_brand?post=1038"},{"taxonomy":"product_cat","embeddable":true,"href":"https:\/\/fmp-components.com\/sk\/wp-json\/wp\/v2\/product_cat?post=1038"},{"taxonomy":"product_tag","embeddable":true,"href":"https:\/\/fmp-components.com\/sk\/wp-json\/wp\/v2\/product_tag?post=1038"}],"curies":[{"name":"pracovn\u00fd list","href":"https:\/\/api.w.org\/{rel}","templated":true}]}}