{"id":1036,"date":"2024-12-19T06:17:09","date_gmt":"2024-12-19T06:17:09","guid":{"rendered":"https:\/\/fmp-components.com\/product\/10028-cost-effective-hydraulic-piston-cylinder-tractor-hydraulic-cylinder\/"},"modified":"2024-12-26T08:50:50","modified_gmt":"2024-12-26T08:50:50","slug":"10028-cost-effective-hydraulic-piston-cylinder-tractor-hydraulic-cylinder","status":"publish","type":"product","link":"https:\/\/fmp-components.com\/sk\/product\/10028-cost-effective-hydraulic-piston-cylinder-tractor-hydraulic-cylinder\/","title":{"rendered":"10028 Cenovo v\u00fdhodn\u00fd hydraulick\u00fd piestov\u00fd valec traktorov\u00fd hydraulick\u00fd valec"},"content":{"rendered":"<p>Produkt s modelov\u00fdm \u010d\u00edslom 10028, cenovo dostupn\u00fd hydraulick\u00fd piestov\u00fd valec pre traktory, je vysoko kvalitn\u00fd hydraulick\u00fd valec navrhnut\u00fd \u0161peci\u00e1lne pre traktory. Tento hydraulick\u00fd valec je zn\u00e1my svojou n\u00e1kladovou efekt\u00edvnos\u0165ou a efekt\u00edvnym v\u00fdkonom.<\/p>\n<p>Cenovo v\u00fdhodn\u00fd hydraulick\u00fd piestov\u00fd valec traktora je vyroben\u00fd s oh\u013eadom na presnos\u0165 a odolnos\u0165. Je vyroben\u00fd z vysoko kvalitn\u00fdch materi\u00e1lov, \u010do zaru\u010duje jeho dlh\u00fa \u017eivotnos\u0165 a spo\u013eahlivos\u0165 aj pri n\u00e1ro\u010dnom pou\u017e\u00edvan\u00ed. Hydraulick\u00fd piestov\u00fd valec zais\u0165uje plynul\u00fd a konzistentn\u00fd pohyb, \u010do umo\u017e\u0148uje efekt\u00edvnu prev\u00e1dzku traktora.<\/p>\n<p>Tento hydraulick\u00fd valec je navrhnut\u00fd tak, aby dod\u00e1val siln\u00fa hydraulick\u00fa silu, v\u010faka \u010domu je ide\u00e1lny pre r\u00f4zne po\u013enohospod\u00e1rske aplik\u00e1cie. Be\u017ene sa pou\u017e\u00edva pri \u00faloh\u00e1ch, ako je zdv\u00edhanie \u0165a\u017ek\u00fdch bremien, ovl\u00e1danie pr\u00edslu\u0161enstva a vykon\u00e1vanie \u010fal\u0161\u00edch hydraulick\u00fdch funkci\u00ed na traktoroch. V\u010faka svojmu vynikaj\u00facemu v\u00fdkonu zvy\u0161uje cenovo dostupn\u00fd hydraulick\u00fd piestov\u00fd valec traktora celkov\u00fa produktivitu traktorov, v\u010faka \u010domu je nevyhnutnou s\u00fa\u010das\u0165ou pre po\u013enohospod\u00e1rov a po\u013enohospod\u00e1rskych pracovn\u00edkov.<\/p>\n<p><img loading=\"lazy\" decoding=\"async\" class=\"alignnone size-full wp-image-1073\" src=\"https:\/\/fmp-components.com\/wp-content\/uploads\/2024\/12\/Welded-Clevis-Type-Cylinder2.webp\" alt=\"Zv\u00e1ran\u00fd valec s vidlicov\u00fdm z\u00e1vitom\" width=\"800\" height=\"800\" title=\"\" srcset=\"https:\/\/fmp-components.com\/wp-content\/uploads\/2024\/12\/Welded-Clevis-Type-Cylinder2.webp 800w, https:\/\/fmp-components.com\/wp-content\/uploads\/2024\/12\/Welded-Clevis-Type-Cylinder2-480x480.webp 480w\" sizes=\"(min-width: 0px) and (max-width: 480px) 480px, (min-width: 481px) 800px, 100vw\" \/><\/p>\n<p>Okrem vynikaj\u00faceho v\u00fdkonu sa tento hydraulick\u00fd valec tie\u017e \u013eahko in\u0161taluje a udr\u017eiava. Je navrhnut\u00fd pre pohodlie, \u010do umo\u017e\u0148uje r\u00fdchlu a bezprobl\u00e9mov\u00fa in\u0161tal\u00e1ciu na traktory. Okrem toho je pravideln\u00e1 \u00fadr\u017eba a servis nen\u00e1ro\u010dn\u00fd, \u010do zais\u0165uje plynul\u00fd chod a predl\u017euje \u017eivotnos\u0165 hydraulick\u00e9ho valca.<\/p>\n<p>Celkovo je n\u00e1kladovo efekt\u00edvny hydraulick\u00fd piestov\u00fd valec traktora spo\u013eahliv\u00fdm a \u00fa\u010dinn\u00fdm hydraulick\u00fdm komponentom pre traktory. Jeho n\u00e1kladov\u00e1 efekt\u00edvnos\u0165, odolnos\u0165 a vynikaj\u00faci v\u00fdkon z neho robia vynikaj\u00facu vo\u013ebu pre po\u013enohospod\u00e1rske aplik\u00e1cie. S t\u00fdmto hydraulick\u00fdm valcom m\u00f4\u017eu obsluha traktorov o\u010dak\u00e1va\u0165 zv\u00fd\u0161en\u00fa produktivitu a spo\u013eahliv\u00fd hydraulick\u00fd v\u00fdkon.<\/p>\n<h2>K\u013e\u00fa\u010dov\u00e9 vlastnosti a v\u00fdhody<\/h2>\n<ul>\n<li>Energeticky \u00fasporn\u00fd: Navrhnut\u00fd tak, aby minimalizoval spotrebu energie bez kompromisov v oblasti v\u00fdkonu.<\/li>\n<li>Vysoko efekt\u00edvny: Pracuje s vysokou presnos\u0165ou a r\u00fdchlos\u0165ou, \u010d\u00edm zlep\u0161uje celkov\u00fa produktivitu.<\/li>\n<li>Bezpe\u010dn\u00e9: Vyroben\u00e9 z odoln\u00fdch materi\u00e1lov pre zaistenie bezpe\u010dnosti po\u010das prev\u00e1dzky.<\/li>\n<\/ul>\n<p><img decoding=\"async\" src=\"https:\/\/hzpt.com\/wp-content\/uploads\/2023\/12\/insert-1.webp\" alt=\"\" title=\"\"><\/p>\n<h2>Sprievodca v\u00fdberom produktu<\/h2>\n<p>Pon\u00fakame odborn\u00e9 poradenstvo o tom, ako vybra\u0165 spr\u00e1vny hydraulick\u00fd olej a tesnenia, kedy ich vymeni\u0165 a ako efekt\u00edvne zmera\u0165 hydraulick\u00fd valec.<\/p>\n<h2>V\u00fdhody zv\u00e1ran\u00e9ho valca s vidlicov\u00fdm z\u00e1vitom<\/h2>\n<p>Zv\u00e1ran\u00e9 valce s vidlicov\u00fdm uchyten\u00edm s\u00fa ob\u013e\u00fabenou vo\u013ebou pre mnoho priemyseln\u00fdch aplik\u00e1ci\u00ed v\u010faka svojim jedine\u010dn\u00fdm v\u00fdhod\u00e1m a pr\u00ednosom. Tu s\u00fa niektor\u00e9 z k\u013e\u00fa\u010dov\u00fdch v\u00fdhod zv\u00e1ran\u00fdch valcov s vidlicov\u00fdm uchyten\u00edm:<\/p>\n<h3>1. Zv\u00fd\u0161en\u00e1 pevnos\u0165 a odolnos\u0165<\/h3>\n<p>Zv\u00e1ran\u00e9 valce s vidlicov\u00fdm uz\u00e1verom s\u00fa kon\u0161truovan\u00e9 so zv\u00e1ran\u00fdm koncov\u00fdm uz\u00e1verom, ktor\u00fd poskytuje zv\u00fd\u0161en\u00fa pevnos\u0165 a odolnos\u0165 v porovnan\u00ed s in\u00fdmi typmi valcov. V\u010faka tomu s\u00fa ide\u00e1lne pre n\u00e1ro\u010dn\u00e9 aplik\u00e1cie, ktor\u00e9 vy\u017eaduj\u00fa vysok\u00fa \u00farove\u0148 pevnosti a odolnosti.<\/p>\n<p>Zv\u00e1ran\u00e1 kon\u0161trukcia t\u00fdchto valcov navy\u0161e znamen\u00e1, \u017ee je menej pravdepodobn\u00e9, \u017ee unikn\u00fa alebo zlyhaj\u00fa, \u010do m\u00f4\u017ee pom\u00f4c\u0165 zn\u00ed\u017ei\u0165 prestoje a n\u00e1klady na \u00fadr\u017ebu.<\/p>\n<h3>2. Schopnos\u0165 zvl\u00e1da\u0165 vysok\u00fd tlak<\/h3>\n<p>Zv\u00e1ran\u00e9 valce s vidlicov\u00fdm uz\u00e1verom s\u00fa tie\u017e schopn\u00e9 zvl\u00e1dnu\u0165 aplik\u00e1cie s vysok\u00fdm tlakom, v\u010faka \u010domu s\u00fa ob\u013e\u00fabenou vo\u013ebou v odvetviach, ako je stavebn\u00edctvo, ban\u00edctvo a ropa a plyn. Ich schopnos\u0165 zvl\u00e1da\u0165 vysok\u00fd tlak zais\u0165uje spo\u013eahliv\u00fd v\u00fdkon v n\u00e1ro\u010dn\u00fdch prostrediach.<\/p>\n<h3>3. Prisp\u00f4sobite\u013en\u00fd dizajn<\/h3>\n<p>Zv\u00e1ran\u00e9 valce s vidlicov\u00fdm uz\u00e1verom je mo\u017en\u00e9 navrhn\u00fa\u0165 na mieru tak, aby sp\u013a\u0148ali \u0161pecifick\u00e9 potreby aplik\u00e1cie. To znamen\u00e1, \u017ee ich mo\u017eno prisp\u00f4sobi\u0165 konkr\u00e9tnej ve\u013ekosti, tvaru alebo v\u00fdkonnostn\u00fdm po\u017eiadavk\u00e1m. Prisp\u00f4sobite\u013en\u00fd dizajn tie\u017e umo\u017e\u0148uje v\u00e4\u010d\u0161iu flexibilitu vo v\u00fdrobnom procese, \u010do m\u00f4\u017ee vies\u0165 k \u00faspor\u00e1m n\u00e1kladov.<\/p>\n<h3>4. Jednoduch\u00e1 in\u0161tal\u00e1cia<\/h3>\n<p>Zv\u00e1ran\u00e9 valce s vidlicov\u00fdm uz\u00e1verom s\u00fa navrhnut\u00e9 pre jednoduch\u00fa in\u0161tal\u00e1ciu, \u010do pom\u00e1ha skr\u00e1ti\u0165 \u010das nastavovania a n\u00e1klady na pracovn\u00fa silu. Zvy\u010dajne s\u00fa vopred zmontovan\u00e9 a pripraven\u00e9 na pou\u017eitie hne\u010f po vybalen\u00ed z krabice, \u010do minimalizuje potrebu \u010fal\u0161\u00edch dielov alebo komponentov.<\/p>\n<h3>5. Vylep\u0161en\u00fd v\u00fdkon<\/h3>\n<p>Kon\u0161trukcia zv\u00e1ran\u00fdch valcov s vidlicov\u00fdm uchyten\u00edm umo\u017e\u0148uje lep\u0161\u00ed v\u00fdkon v porovnan\u00ed s in\u00fdmi typmi valcov. S\u00fa schopn\u00e9 generova\u0165 v\u00e4\u010d\u0161iu silu na jednotku tlaku, \u010do m\u00f4\u017ee pom\u00f4c\u0165 zlep\u0161i\u0165 efektivitu a produktivitu v priemyseln\u00fdch aplik\u00e1ci\u00e1ch.<\/p>\n<p>Celkovo pon\u00fakaj\u00fa zv\u00e1ran\u00e9 valce s vidlicov\u00fdm z\u00e1vitom cel\u00fd rad v\u00fdhod a benefitov, v\u010faka ktor\u00fdm s\u00fa ob\u013e\u00fabenou vo\u013ebou pre mnoh\u00e9 priemyseln\u00e9 aplik\u00e1cie. Ich zv\u00fd\u0161en\u00e1 pevnos\u0165 a odolnos\u0165, schopnos\u0165 zvl\u00e1da\u0165 vysok\u00fd tlak, prisp\u00f4sobite\u013en\u00fd dizajn, jednoduch\u00e1 in\u0161tal\u00e1cia a vylep\u0161en\u00fd v\u00fdkon z nich robia ide\u00e1lnu vo\u013ebu pre n\u00e1ro\u010dn\u00e9 prostredia, kde s\u00fa spo\u013eahlivos\u0165 a v\u00fdkon k\u013e\u00fa\u010dov\u00e9.<\/p>\n<p><img decoding=\"async\" src=\"https:\/\/hzpt.com\/wp-content\/uploads\/2023\/12\/insert-2.webp\" alt=\"\" title=\"\"><\/p>\n<h2>Pou\u017eitie zv\u00e1ran\u00e9ho valca s vidlicov\u00fdm z\u00e1vitom<\/h2>\n<ul>\n<li><strong>Priemyseln\u00e9 stroje:<\/strong> Zv\u00e1ran\u00e9 valce s vidlicov\u00fdm uchyten\u00edm sa \u0161iroko pou\u017e\u00edvaj\u00fa v r\u00f4znych priemyseln\u00fdch strojoch pre n\u00e1ro\u010dn\u00e9 aplik\u00e1cie. Tieto valce s\u00fa schopn\u00e9 vyvin\u00fa\u0165 vysok\u00fa silu na zdv\u00edhanie a lisovanie komponentov v strojoch. Zv\u00e1ran\u00e1 kon\u0161trukcia s vidlicov\u00fdm uchyten\u00edm umo\u017e\u0148uje jednoduch\u00fa in\u0161tal\u00e1ciu a efekt\u00edvnu prev\u00e1dzku, v\u010faka \u010domu s\u00fa ob\u013e\u00fabenou vo\u013ebou v\u00fdrobcov.\n<ul>\n<li>Vo v\u00fdrobnom priemysle sa zv\u00e1ran\u00e9 valce s vidlicov\u00fdm uz\u00e1verom pou\u017e\u00edvaj\u00fa v hydraulick\u00fdch lisoch, vstrekovac\u00edch lisoch a zariadeniach na lisovanie kovov na zabezpe\u010denie potrebnej sily na tvarovanie a tvarovanie plechov.<\/li>\n<li>V automobilovom priemysle sa tieto valce pou\u017e\u00edvaj\u00fa v automobilov\u00fdch zdvih\u00e1koch, zdv\u00edha\u010doch a mont\u00e1\u017enych strojoch na zdv\u00edhanie \u0165a\u017ek\u00fdch komponentov po\u010das v\u00fdrobn\u00e9ho procesu.<\/li>\n<li>V stavebn\u00edctve sa zv\u00e1ran\u00e9 valce s vidlicov\u00fdm uchyten\u00edm pou\u017e\u00edvaj\u00fa v \u017eeriavoch, bagroch a buldoz\u00e9roch na pohon hydraulick\u00fdch syst\u00e9mov, ktor\u00e9 zdv\u00edhaj\u00fa a premiest\u0148uj\u00fa \u0165a\u017ek\u00e9 bremen\u00e1.<\/li>\n<\/ul>\n<\/li>\n<li><strong>Po\u013enohospod\u00e1rske stroje:<\/strong> Po\u013enohospod\u00e1rske stroje s\u00fa jednou z najd\u00f4le\u017eitej\u0161\u00edch oblast\u00ed, v ktor\u00fdch sa pou\u017e\u00edvaj\u00fa zv\u00e1ran\u00e9 vidlicov\u00e9 valce. Tieto valce sa pou\u017e\u00edvaj\u00fa v r\u00f4znych po\u013enohospod\u00e1rskych strojoch vr\u00e1tane traktorov, kombajnov a pluhov na zabezpe\u010denie potrebnej sily na pr\u00edpravu p\u00f4dy, siatie a zber \u00farody.\n<ul>\n<li>V po\u013enohospod\u00e1rstve sa zv\u00e1ran\u00e9 valce s vidlicov\u00fdm uchyten\u00edm pou\u017e\u00edvaj\u00fa v pluhoch, kultiv\u00e1toroch a sejac\u00edch strojoch na zabezpe\u010denie potrebnej sily na pr\u00edpravu p\u00f4dy a siatie semien.<\/li>\n<li>V zberan\u00ed \u00farody sa tieto valce pou\u017e\u00edvaj\u00fa v zbera\u010doch, lisoch a kosa\u010dk\u00e1ch na pohon hydraulick\u00fdch syst\u00e9mov, ktor\u00e9 zbieraj\u00fa a prepravuj\u00fa plodiny.<\/li>\n<\/ul>\n<\/li>\n<li><strong>Letectvo a obrana:<\/strong> Zv\u00e1ran\u00e9 valce s vidlicov\u00fdm z\u00e1vitom sa pou\u017e\u00edvaj\u00fa aj v leteckom a obrannom priemysle, kde sa uplat\u0148uj\u00fa v \u0161irokej \u0161k\u00e1le aplik\u00e1ci\u00ed pre lietadl\u00e1, rakety, strely a obrann\u00e9 syst\u00e9my.\n<ul>\n<li>V leteckom priemysle sa zv\u00e1ran\u00e9 vidlicov\u00e9 valce pou\u017e\u00edvaj\u00fa v podvozkoch lietadiel, klapk\u00e1ch a brzd\u00e1ch na zabezpe\u010denie potrebnej sily pre vzlet a prist\u00e1tie.<\/li>\n<li>V obrannom priemysle sa tieto valce pou\u017e\u00edvaj\u00fa v odpa\u013eovac\u00edch zariadeniach rakiet, streleck\u00fdch ve\u017eiach a tankov\u00fdch syst\u00e9moch na pohon hydraulick\u00fdch syst\u00e9mov, ktor\u00e9 riadia pohyb zbran\u00ed a mun\u00edcie.<\/li>\n<\/ul>\n<\/li>\n<li><strong>N\u00e1morn\u00fd priemysel:<\/strong> Zv\u00e1ran\u00e9 valce s vidlicov\u00fdm z\u00e1vitom sa tie\u017e \u0161iroko pou\u017e\u00edvaj\u00fa v n\u00e1mornom priemysle, kde sa pou\u017e\u00edvaj\u00fa v r\u00f4znych aplik\u00e1ci\u00e1ch pre lode, \u010dlny a podvodn\u00e9 vozidl\u00e1.\n<ul>\n<li>V lodnom priemysle sa zv\u00e1ran\u00e9 valce s vidlicov\u00fdm z\u00e1vesom pou\u017e\u00edvaj\u00fa v \u017eeriavoch, navijakoch a manipula\u010dn\u00fdch zariadeniach na zabezpe\u010denie potrebnej sily na nakladanie a vykladanie n\u00e1kladu.<\/li>\n<li>V lodnom priemysle sa tieto valce pou\u017e\u00edvaj\u00fa v kormidlov\u00fdch syst\u00e9moch, vrtuliach a kotviacich syst\u00e9moch na zabezpe\u010denie potrebnej sily na ovl\u00e1danie pohybu lod\u00ed a \u010dlnov.<\/li>\n<li>V priemysle podvodn\u00fdch vozidiel sa zv\u00e1ran\u00e9 valce s vidlicov\u00fdm uz\u00e1verom pou\u017e\u00edvaj\u00fa v ponork\u00e1ch, dia\u013ekovo ovl\u00e1dan\u00fdch vozidl\u00e1ch (ROV) a pot\u00e1pa\u010dskom vybaven\u00ed na zabezpe\u010denie potrebnej sily pre podvodn\u00e9 oper\u00e1cie.<\/li>\n<\/ul>\n<\/li>\n<li><strong>\u0164a\u017eobn\u00fd priemysel:<\/strong> Zv\u00e1ran\u00e9 valce s vidlicov\u00fdm z\u00e1vitom sa pou\u017e\u00edvaj\u00fa aj v \u0165a\u017eobnom priemysle, kde sa uplat\u0148uj\u00fa v r\u00f4znych aplik\u00e1ci\u00e1ch na \u0165a\u017ebu nerastov a manipul\u00e1ciu s materi\u00e1lom.\n<ul>\n<li>V \u0165a\u017eobnom priemysle sa zv\u00e1ran\u00e9 valce s vidlicov\u00fdm z\u00e1vitom pou\u017e\u00edvaj\u00fa v dopravn\u00edkov\u00fdch syst\u00e9moch, v\u0155tac\u00edch strojoch a hydraulick\u00fdch lopat\u00e1ch na zabezpe\u010denie potrebnej sily na \u0165a\u017ebu nerastov a materi\u00e1lov z ban\u00ed a lomov.<\/li>\n<\/ul>\n<\/li>\n<\/ul>\n<h2>O FMP<\/h2>\n<p>Spolo\u010dnos\u0165 FMP m\u00e1 v Taliansku ved\u00face postavenie na trhu s hydraulick\u00fdmi valcami pre mobiln\u00e9 stroje. N\u00e1\u0161 sortiment zah\u0155\u0148a hydraulick\u00e9 nakl\u00e1pacie valce, hydraulick\u00e9 riadiace valce a hydraulick\u00e9 zdv\u00edhacie valce. S projektovanou kapacitou 200 000 s\u00faprav vlastn\u00edme 300 s\u00faprav r\u00f4znych plne automatick\u00fdch CNC v\u00fdrobn\u00fdch zariaden\u00ed a plne automatick\u00fdch zariaden\u00ed na mont\u00e1\u017e hydraulick\u00fdch valcov.<\/p>\n<p>Spolo\u010dnos\u0165 FMP sa p\u00fd\u0161i ponukou vysokokvalitn\u00fdch produktov za konkurencieschopn\u00e9 ceny a vynikaj\u00facim z\u00e1kazn\u00edckym servisom. Okrem n\u00e1\u0161ho hlavn\u00e9ho produktov\u00e9ho radu dod\u00e1vame hydraulick\u00e9 valce pre pracovn\u00e9 plo\u0161iny, priemyseln\u00e9 vozidl\u00e1, rota\u010dn\u00e9 vrtn\u00e9 s\u00fapravy, auto\u017eeriavy, stavebn\u00e9 stroje, vysokozdvi\u017en\u00e9 voz\u00edky, skl\u00e1pa\u010de pre bane a sanita\u010dn\u00e9 stroje. Pon\u00fakame tie\u017e slu\u017eby prisp\u00f4sobenia pre na\u0161ich z\u00e1kazn\u00edkov.<\/p>\n<p><img decoding=\"async\" src=\"https:\/\/hzpt.com\/wp-content\/uploads\/2023\/12\/insert-5.webp\" alt=\"FMP Factory\" title=\"\"><\/p>\n<h2>\u010casto kladen\u00e9 ot\u00e1zky<\/h2>\n<ol>\n<li>Ot\u00e1zka: Ak\u00e1 je nosnos\u0165 t\u00fdchto hydraulick\u00fdch valcov?<br \/>\nA: Nosnos\u0165 sa l\u00ed\u0161i v z\u00e1vislosti od konkr\u00e9tneho modelu a aplik\u00e1cie.<\/li>\n<li>Ot\u00e1zka: Ako \u010dasto by som mal vymie\u0148a\u0165 hydraulick\u00fd olej?<br \/>\nA: Z\u00e1le\u017e\u00ed to od pou\u017eitia, ale vo v\u0161eobecnosti by sa hydraulick\u00fd olej mal vymie\u0148a\u0165 ka\u017ed\u00e9 1-2 roky.<\/li>\n<li>Ot\u00e1zka: Ako zmer\u00e1m svoj hydraulick\u00fd valec?<br \/>\nA: Merania by mali zah\u0155\u0148a\u0165 priemer otvoru valca, priemer piestnice a d\u013a\u017eku zdvihu.<\/li>\n<li>Ot\u00e1zka: Ako funguje hydraulick\u00fd valec?<br \/>\nA: Hydraulick\u00fd valec pracuje na princ\u00edpe natlakovania hydraulickej kvapaliny, ktor\u00e1 potom poh\u00e1\u0148a piest a vytv\u00e1ra silu a pohyb.<\/li>\n<li>Ot\u00e1zka: M\u00f4\u017eem si prisp\u00f4sobi\u0165 objedn\u00e1vku hydraulick\u00e9ho valca?<br \/>\nA: \u00c1no, FMP pon\u00faka slu\u017eby prisp\u00f4sobenia, aby splnila \u0161pecifick\u00e9 po\u017eiadavky z\u00e1kazn\u00edkov.<\/li>\n<\/ol>\n<p>Autor: CX<\/p>","protected":false},"excerpt":{"rendered":"<p>The product with the model number 10028, the Cost Effective Hydraulic Piston Cylinder Tractor Hydraulic Cylinder, is a high-quality hydraulic cylinder designed specifically for tractors. This hydraulic cylinder is known for its cost-effectiveness and efficient performance. The Cost Effective Hydraulic Piston Cylinder Tractor Hydraulic Cylinder is built with precision and durability in mind. It is [&hellip;]<\/p>","protected":false},"featured_media":1127,"comment_status":"closed","ping_status":"closed","template":"","meta":{"_et_pb_use_builder":"","_et_pb_old_content":"","_et_gb_content_width":""},"product_brand":[],"product_cat":[36],"product_tag":[34,38],"class_list":{"0":"post-1036","1":"product","2":"type-product","3":"status-publish","4":"has-post-thumbnail","6":"product_cat-welded-clevis-type-cylinder","7":"product_tag-hydraulic-cylinder","8":"product_tag-welded-clevis-type-cylinder","10":"first","11":"instock","12":"product-type-simple"},"_links":{"self":[{"href":"https:\/\/fmp-components.com\/sk\/wp-json\/wp\/v2\/product\/1036","targetHints":{"allow":["GET"]}}],"collection":[{"href":"https:\/\/fmp-components.com\/sk\/wp-json\/wp\/v2\/product"}],"about":[{"href":"https:\/\/fmp-components.com\/sk\/wp-json\/wp\/v2\/types\/product"}],"replies":[{"embeddable":true,"href":"https:\/\/fmp-components.com\/sk\/wp-json\/wp\/v2\/comments?post=1036"}],"wp:featuredmedia":[{"embeddable":true,"href":"https:\/\/fmp-components.com\/sk\/wp-json\/wp\/v2\/media\/1127"}],"wp:attachment":[{"href":"https:\/\/fmp-components.com\/sk\/wp-json\/wp\/v2\/media?parent=1036"}],"wp:term":[{"taxonomy":"product_brand","embeddable":true,"href":"https:\/\/fmp-components.com\/sk\/wp-json\/wp\/v2\/product_brand?post=1036"},{"taxonomy":"product_cat","embeddable":true,"href":"https:\/\/fmp-components.com\/sk\/wp-json\/wp\/v2\/product_cat?post=1036"},{"taxonomy":"product_tag","embeddable":true,"href":"https:\/\/fmp-components.com\/sk\/wp-json\/wp\/v2\/product_tag?post=1036"}],"curies":[{"name":"pracovn\u00fd list","href":"https:\/\/api.w.org\/{rel}","templated":true}]}}