{"id":1032,"date":"2024-12-19T06:17:09","date_gmt":"2024-12-19T06:17:09","guid":{"rendered":"https:\/\/fmp-components.com\/product\/10024-quality-assurance-double-acting-hydraulic-cylinder-for-agriculture\/"},"modified":"2024-12-24T00:39:37","modified_gmt":"2024-12-24T00:39:37","slug":"10024-quality-assurance-double-acting-hydraulic-cylinder-for-agriculture","status":"publish","type":"product","link":"https:\/\/fmp-components.com\/sk\/product\/10024-quality-assurance-double-acting-hydraulic-cylinder-for-agriculture\/","title":{"rendered":"10024 Dvoj\u010dinn\u00fd hydraulick\u00fd valec so zabezpe\u010den\u00edm kvality pre po\u013enohospod\u00e1rstvo"},"content":{"rendered":"<h2>Predstavenie produktu: 10024 Dvoj\u010dinn\u00fd hydraulick\u00fd valec so zabezpe\u010den\u00edm kvality pre po\u013enohospod\u00e1rstvo<\/h2>\n<p>Dvoj\u010dinn\u00fd hydraulick\u00fd valec 10024 s certifik\u00e1ciou Quality Assurance pre po\u013enohospod\u00e1rstvo je \u0161pi\u010dkov\u00fd produkt navrhnut\u00fd \u0161peci\u00e1lne na pou\u017eitie v po\u013enohospod\u00e1rskych aplik\u00e1ci\u00e1ch. V\u010faka svojej v\u00fdnimo\u010dnej kvalite a spo\u013eahliv\u00e9mu v\u00fdkonu je tento hydraulick\u00fd valec nevyhnutnos\u0165ou pre po\u013enohospod\u00e1rov a po\u013enohospod\u00e1rskych profesion\u00e1lov, ktor\u00ed h\u013eadaj\u00fa efekt\u00edvnos\u0165 a produktivitu.<\/p>\n<p>Tento hydraulick\u00fd valec m\u00e1 dvoj\u010dinn\u00fa kon\u0161trukciu, ktor\u00e1 pon\u00faka mo\u017enosti vys\u00favania aj zas\u00favania. T\u00e1to funkcia umo\u017e\u0148uje plynul\u00e9 a presn\u00e9 pohyby, \u010do pou\u017e\u00edvate\u013eom umo\u017e\u0148uje \u013eahko a presne ovl\u00e1da\u0165 po\u013enohospod\u00e1rske stroje. \u010ci u\u017e sa pou\u017e\u00edva v traktoroch, kombajnoch alebo in\u00fdch po\u013enohospod\u00e1rskych zariadeniach, tento hydraulick\u00fd valec zais\u0165uje optim\u00e1lny v\u00fdkon a produktivitu.<\/p>\n<p>Jedn\u00fdm z k\u013e\u00fa\u010dov\u00fdch prednost\u00ed dvoj\u010dinn\u00e9ho hydraulick\u00e9ho valca 10024 s certifik\u00e1ciou Quality Assurance pre po\u013enohospod\u00e1rstvo je jeho vynikaj\u00faca kvalita. Prech\u00e1dza pr\u00edsnym procesom zabezpe\u010denia kvality, aby sa zabezpe\u010dilo, \u017ee sp\u013a\u0148a a prekra\u010duje priemyseln\u00e9 \u0161tandardy. To zaru\u010duje, \u017ee valec je odoln\u00fd, spo\u013eahliv\u00fd a schopn\u00fd odola\u0165 n\u00e1ro\u010dn\u00fdm podmienkam po\u013enohospod\u00e1rskeho prostredia.<\/p>\n<p>Okrem toho je tento hydraulick\u00fd valec navrhnut\u00fd s pokro\u010dil\u00fdmi funkciami pre zv\u00fd\u0161enie jeho v\u00fdkonu. Obsahuje vysoko kvalitn\u00e9 materi\u00e1ly, presn\u00e9 obr\u00e1banie a inovat\u00edvnu technol\u00f3giu tesnenia, ktor\u00e9 zais\u0165uj\u00fa v\u00fdnimo\u010dn\u00fa funk\u010dnos\u0165 a dlh\u00fa \u017eivotnos\u0165. Jeho robustn\u00e1 kon\u0161trukcia zais\u0165uje odolnos\u0165 vo\u010di opotrebovaniu, kor\u00f3zii a \u00faniku, v\u010faka \u010domu je vhodn\u00fd na dlhodob\u00e9 pou\u017e\u00edvanie v ter\u00e9ne.<\/p>\n<p>Dvoj\u010dinn\u00fd hydraulick\u00fd valec 10024 Quality Assurance pre po\u013enohospod\u00e1rstvo je tie\u017e ve\u013emi v\u0161estrann\u00fd a pon\u00faka kompatibilitu s r\u00f4znymi po\u013enohospod\u00e1rskymi strojmi a zariadeniami. Jeho \u0161tandardizovan\u00fd dizajn umo\u017e\u0148uje jednoduch\u00fa integr\u00e1ciu do existuj\u00facich syst\u00e9mov, \u010d\u00edm sa skracuje \u010das a n\u00e1maha spojen\u00e1 s in\u0161tal\u00e1ciou. Okrem toho je k dispoz\u00edcii v r\u00f4znych ve\u013ekostiach a konfigur\u00e1ci\u00e1ch, \u010do poskytuje mo\u017enosti na uspokojenie \u0161pecifick\u00fdch po\u013enohospod\u00e1rskych po\u017eiadaviek.<\/p>\n<p>Z\u00e1verom mo\u017eno poveda\u0165, \u017ee dvoj\u010dinn\u00fd hydraulick\u00fd valec 10024 Quality Assurance pre po\u013enohospod\u00e1rstvo je vynikaj\u00faci produkt, ktor\u00fd kombinuje v\u00fdnimo\u010dn\u00fa kvalitu, spo\u013eahlivos\u0165 a v\u0161estrannos\u0165. V\u010faka svojim pokro\u010dil\u00fdm funkci\u00e1m a robustnej kon\u0161trukcii je tento hydraulick\u00fd valec ide\u00e1lnou vo\u013ebou pre po\u013enohospod\u00e1rov a po\u013enohospod\u00e1rskych profesion\u00e1lov, ktor\u00ed h\u013eadaj\u00fa optim\u00e1lny v\u00fdkon a efektivitu svojich strojov. Za\u017eite rozdiel, ktor\u00fd m\u00f4\u017ee prinies\u0165 vo va\u0161ich po\u013enohospod\u00e1rskych prev\u00e1dzkach a pozdvihnite svoju produktivitu na nov\u00fa \u00farove\u0148.<\/p>\n<p><img decoding=\"async\" src=\"https:\/\/hzpt.com\/wp-content\/uploads\/2023\/12\/insert-3.webp\" alt=\"\" title=\"\"><\/p>\n<h2>V\u00fdhody zv\u00e1ran\u00e9ho valca s vidlicov\u00fdm z\u00e1vitom<\/h2>\n<p>Zv\u00e1ran\u00e9 valce s vidlicov\u00fdm uchyten\u00edm s\u00fa ob\u013e\u00fabenou vo\u013ebou pre mnoho priemyseln\u00fdch aplik\u00e1ci\u00ed v\u010faka svojim jedine\u010dn\u00fdm v\u00fdhod\u00e1m a pr\u00ednosom. Tu s\u00fa niektor\u00e9 z k\u013e\u00fa\u010dov\u00fdch v\u00fdhod zv\u00e1ran\u00fdch valcov s vidlicov\u00fdm uchyten\u00edm:<\/p>\n<h3>1. Zv\u00fd\u0161en\u00e1 pevnos\u0165 a odolnos\u0165<\/h3>\n<p>Zv\u00e1ran\u00e9 valce s vidlicov\u00fdm uz\u00e1verom s\u00fa kon\u0161truovan\u00e9 so zv\u00e1ran\u00fdm koncov\u00fdm uz\u00e1verom, ktor\u00fd poskytuje zv\u00fd\u0161en\u00fa pevnos\u0165 a odolnos\u0165 v porovnan\u00ed s in\u00fdmi typmi valcov. V\u010faka tomu s\u00fa ide\u00e1lne pre n\u00e1ro\u010dn\u00e9 aplik\u00e1cie, ktor\u00e9 vy\u017eaduj\u00fa vysok\u00fa \u00farove\u0148 pevnosti a odolnosti.<\/p>\n<p>Zv\u00e1ran\u00e1 kon\u0161trukcia t\u00fdchto valcov navy\u0161e znamen\u00e1, \u017ee je menej pravdepodobn\u00e9, \u017ee unikn\u00fa alebo zlyhaj\u00fa, \u010do m\u00f4\u017ee pom\u00f4c\u0165 zn\u00ed\u017ei\u0165 prestoje a n\u00e1klady na \u00fadr\u017ebu.<\/p>\n<h3>2. Schopnos\u0165 zvl\u00e1da\u0165 vysok\u00fd tlak<\/h3>\n<p>Zv\u00e1ran\u00e9 valce s vidlicov\u00fdm uz\u00e1verom s\u00fa tie\u017e schopn\u00e9 zvl\u00e1dnu\u0165 aplik\u00e1cie s vysok\u00fdm tlakom, v\u010faka \u010domu s\u00fa ob\u013e\u00fabenou vo\u013ebou v odvetviach, ako je stavebn\u00edctvo, ban\u00edctvo a ropa a plyn. Ich schopnos\u0165 zvl\u00e1da\u0165 vysok\u00fd tlak zais\u0165uje spo\u013eahliv\u00fd v\u00fdkon v n\u00e1ro\u010dn\u00fdch prostrediach.<\/p>\n<h3>3. Prisp\u00f4sobite\u013en\u00fd dizajn<\/h3>\n<p>Zv\u00e1ran\u00e9 valce s vidlicov\u00fdm uz\u00e1verom je mo\u017en\u00e9 navrhn\u00fa\u0165 na mieru tak, aby sp\u013a\u0148ali \u0161pecifick\u00e9 potreby aplik\u00e1cie. To znamen\u00e1, \u017ee ich mo\u017eno prisp\u00f4sobi\u0165 konkr\u00e9tnej ve\u013ekosti, tvaru alebo v\u00fdkonnostn\u00fdm po\u017eiadavk\u00e1m. Prisp\u00f4sobite\u013en\u00fd dizajn tie\u017e umo\u017e\u0148uje v\u00e4\u010d\u0161iu flexibilitu vo v\u00fdrobnom procese, \u010do m\u00f4\u017ee vies\u0165 k \u00faspor\u00e1m n\u00e1kladov.<\/p>\n<h3>4. Jednoduch\u00e1 in\u0161tal\u00e1cia<\/h3>\n<p>Zv\u00e1ran\u00e9 valce s vidlicov\u00fdm uz\u00e1verom s\u00fa navrhnut\u00e9 pre jednoduch\u00fa in\u0161tal\u00e1ciu, \u010do pom\u00e1ha skr\u00e1ti\u0165 \u010das nastavovania a n\u00e1klady na pracovn\u00fa silu. Zvy\u010dajne s\u00fa vopred zmontovan\u00e9 a pripraven\u00e9 na pou\u017eitie hne\u010f po vybalen\u00ed z krabice, \u010do minimalizuje potrebu \u010fal\u0161\u00edch dielov alebo komponentov.<\/p>\n<h3>5. Vylep\u0161en\u00fd v\u00fdkon<\/h3>\n<p>Kon\u0161trukcia zv\u00e1ran\u00fdch valcov s vidlicov\u00fdm uchyten\u00edm umo\u017e\u0148uje lep\u0161\u00ed v\u00fdkon v porovnan\u00ed s in\u00fdmi typmi valcov. S\u00fa schopn\u00e9 generova\u0165 v\u00e4\u010d\u0161iu silu na jednotku tlaku, \u010do m\u00f4\u017ee pom\u00f4c\u0165 zlep\u0161i\u0165 efektivitu a produktivitu v priemyseln\u00fdch aplik\u00e1ci\u00e1ch.<\/p>\n<p>Celkovo pon\u00fakaj\u00fa zv\u00e1ran\u00e9 valce s vidlicov\u00fdm z\u00e1vitom cel\u00fd rad v\u00fdhod a benefitov, v\u010faka ktor\u00fdm s\u00fa ob\u013e\u00fabenou vo\u013ebou pre mnoh\u00e9 priemyseln\u00e9 aplik\u00e1cie. Ich zv\u00fd\u0161en\u00e1 pevnos\u0165 a odolnos\u0165, schopnos\u0165 zvl\u00e1da\u0165 vysok\u00fd tlak, prisp\u00f4sobite\u013en\u00fd dizajn, jednoduch\u00e1 in\u0161tal\u00e1cia a vylep\u0161en\u00fd v\u00fdkon z nich robia ide\u00e1lnu vo\u013ebu pre n\u00e1ro\u010dn\u00e9 prostredia, kde s\u00fa spo\u013eahlivos\u0165 a v\u00fdkon k\u013e\u00fa\u010dov\u00e9.<\/p>\n<p><img decoding=\"async\" src=\"https:\/\/hzpt.com\/wp-content\/uploads\/2023\/12\/insert-2.webp\" alt=\"\" title=\"\"><\/p>\n<h2>Pou\u017eitie zv\u00e1ran\u00e9ho valca s vidlicov\u00fdm z\u00e1vitom<\/h2>\n<ul>\n<li><strong>Priemyseln\u00e9 stroje:<\/strong> Zv\u00e1ran\u00e9 valce s vidlicov\u00fdm uchyten\u00edm sa \u0161iroko pou\u017e\u00edvaj\u00fa v r\u00f4znych priemyseln\u00fdch strojoch pre n\u00e1ro\u010dn\u00e9 aplik\u00e1cie. Tieto valce s\u00fa schopn\u00e9 vyvin\u00fa\u0165 vysok\u00fa silu na zdv\u00edhanie a lisovanie komponentov v strojoch. Zv\u00e1ran\u00e1 kon\u0161trukcia s vidlicov\u00fdm uchyten\u00edm umo\u017e\u0148uje jednoduch\u00fa in\u0161tal\u00e1ciu a efekt\u00edvnu prev\u00e1dzku, v\u010faka \u010domu s\u00fa ob\u013e\u00fabenou vo\u013ebou v\u00fdrobcov.\n<ul>\n<li>Vo v\u00fdrobnom priemysle sa zv\u00e1ran\u00e9 valce s vidlicov\u00fdm uz\u00e1verom pou\u017e\u00edvaj\u00fa v hydraulick\u00fdch lisoch, vstrekovac\u00edch lisoch a zariadeniach na lisovanie kovov na zabezpe\u010denie potrebnej sily na tvarovanie a tvarovanie plechov.<\/li>\n<li>V automobilovom priemysle sa tieto valce pou\u017e\u00edvaj\u00fa v automobilov\u00fdch zdvih\u00e1koch, zdv\u00edha\u010doch a mont\u00e1\u017enych strojoch na zdv\u00edhanie \u0165a\u017ek\u00fdch komponentov po\u010das v\u00fdrobn\u00e9ho procesu.<\/li>\n<li>V stavebn\u00edctve sa zv\u00e1ran\u00e9 valce s vidlicov\u00fdm uchyten\u00edm pou\u017e\u00edvaj\u00fa v \u017eeriavoch, bagroch a buldoz\u00e9roch na pohon hydraulick\u00fdch syst\u00e9mov, ktor\u00e9 zdv\u00edhaj\u00fa a premiest\u0148uj\u00fa \u0165a\u017ek\u00e9 bremen\u00e1.<\/li>\n<\/ul>\n<\/li>\n<li><strong>Po\u013enohospod\u00e1rske stroje:<\/strong> Po\u013enohospod\u00e1rske stroje s\u00fa jednou z najd\u00f4le\u017eitej\u0161\u00edch oblast\u00ed, v ktor\u00fdch sa pou\u017e\u00edvaj\u00fa zv\u00e1ran\u00e9 vidlicov\u00e9 valce. Tieto valce sa pou\u017e\u00edvaj\u00fa v r\u00f4znych po\u013enohospod\u00e1rskych strojoch vr\u00e1tane traktorov, kombajnov a pluhov na zabezpe\u010denie potrebnej sily na pr\u00edpravu p\u00f4dy, siatie a zber \u00farody.\n<ul>\n<li>V po\u013enohospod\u00e1rstve sa zv\u00e1ran\u00e9 valce s vidlicov\u00fdm uchyten\u00edm pou\u017e\u00edvaj\u00fa v pluhoch, kultiv\u00e1toroch a sejac\u00edch strojoch na zabezpe\u010denie potrebnej sily na pr\u00edpravu p\u00f4dy a siatie semien.<\/li>\n<li>V zberan\u00ed \u00farody sa tieto valce pou\u017e\u00edvaj\u00fa v zbera\u010doch, lisoch a kosa\u010dk\u00e1ch na pohon hydraulick\u00fdch syst\u00e9mov, ktor\u00e9 zbieraj\u00fa a prepravuj\u00fa plodiny.<\/li>\n<\/ul>\n<\/li>\n<li><strong>Letectvo a obrana:<\/strong> Zv\u00e1ran\u00e9 valce s vidlicov\u00fdm z\u00e1vitom sa pou\u017e\u00edvaj\u00fa aj v leteckom a obrannom priemysle, kde sa uplat\u0148uj\u00fa v \u0161irokej \u0161k\u00e1le aplik\u00e1ci\u00ed pre lietadl\u00e1, rakety, strely a obrann\u00e9 syst\u00e9my.\n<ul>\n<li>V leteckom priemysle sa zv\u00e1ran\u00e9 vidlicov\u00e9 valce pou\u017e\u00edvaj\u00fa v podvozkoch lietadiel, klapk\u00e1ch a brzd\u00e1ch na zabezpe\u010denie potrebnej sily pre vzlet a prist\u00e1tie.<\/li>\n<li>V obrannom priemysle sa tieto valce pou\u017e\u00edvaj\u00fa v odpa\u013eovac\u00edch zariadeniach rakiet, streleck\u00fdch ve\u017eiach a tankov\u00fdch syst\u00e9moch na pohon hydraulick\u00fdch syst\u00e9mov, ktor\u00e9 riadia pohyb zbran\u00ed a mun\u00edcie.<\/li>\n<\/ul>\n<\/li>\n<li><strong>N\u00e1morn\u00fd priemysel:<\/strong> Zv\u00e1ran\u00e9 valce s vidlicov\u00fdm z\u00e1vitom sa tie\u017e \u0161iroko pou\u017e\u00edvaj\u00fa v n\u00e1mornom priemysle, kde sa pou\u017e\u00edvaj\u00fa v r\u00f4znych aplik\u00e1ci\u00e1ch pre lode, \u010dlny a podvodn\u00e9 vozidl\u00e1.\n<ul>\n<li>V lodnom priemysle sa zv\u00e1ran\u00e9 valce s vidlicov\u00fdm z\u00e1vesom pou\u017e\u00edvaj\u00fa v \u017eeriavoch, navijakoch a manipula\u010dn\u00fdch zariadeniach na zabezpe\u010denie potrebnej sily na nakladanie a vykladanie n\u00e1kladu.<\/li>\n<li>V lodnom priemysle sa tieto valce pou\u017e\u00edvaj\u00fa v kormidlov\u00fdch syst\u00e9moch, vrtuliach a kotviacich syst\u00e9moch na zabezpe\u010denie potrebnej sily na ovl\u00e1danie pohybu lod\u00ed a \u010dlnov.<\/li>\n<li>V priemysle podvodn\u00fdch vozidiel sa zv\u00e1ran\u00e9 valce s vidlicov\u00fdm uz\u00e1verom pou\u017e\u00edvaj\u00fa v ponork\u00e1ch, dia\u013ekovo ovl\u00e1dan\u00fdch vozidl\u00e1ch (ROV) a pot\u00e1pa\u010dskom vybaven\u00ed na zabezpe\u010denie potrebnej sily pre podvodn\u00e9 oper\u00e1cie.<\/li>\n<\/ul>\n<\/li>\n<li><strong>\u0164a\u017eobn\u00fd priemysel:<\/strong> Zv\u00e1ran\u00e9 valce s vidlicov\u00fdm z\u00e1vitom sa pou\u017e\u00edvaj\u00fa aj v \u0165a\u017eobnom priemysle, kde sa uplat\u0148uj\u00fa v r\u00f4znych aplik\u00e1ci\u00e1ch na \u0165a\u017ebu nerastov a manipul\u00e1ciu s materi\u00e1lom.\n<ul>\n<li>V \u0165a\u017eobnom priemysle sa zv\u00e1ran\u00e9 valce s vidlicov\u00fdm z\u00e1vitom pou\u017e\u00edvaj\u00fa v dopravn\u00edkov\u00fdch syst\u00e9moch, v\u0155tac\u00edch strojoch a hydraulick\u00fdch lopat\u00e1ch na zabezpe\u010denie potrebnej sily na \u0165a\u017ebu nerastov a materi\u00e1lov z ban\u00ed a lomov.<\/li>\n<\/ul>\n<\/li>\n<\/ul>\n<h2>O FMP<\/h2>\n<p>Spolo\u010dnos\u0165 FMP m\u00e1 v Taliansku ved\u00face postavenie na trhu s hydraulick\u00fdmi valcami. S projektovanou kapacitou 200 000 s\u00faprav a 300 s\u00faprav plne automatizovan\u00fdch CNC v\u00fdrobn\u00fdch zariaden\u00ed pon\u00fakame \u0161irok\u00fa \u0161k\u00e1lu hydraulick\u00fdch valcov vr\u00e1tane hydraulick\u00fdch nakl\u00e1pac\u00edch valcov, hydraulick\u00fdch riadiacich valcov a hydraulick\u00fdch zdv\u00edhac\u00edch valcov.<\/p>\n<p><img decoding=\"async\" src=\"https:\/\/hzpt.com\/wp-content\/uploads\/2023\/12\/insert-5.webp\" alt=\"Tov\u00e1re\u0148 na v\u00fdrobu FMP\" title=\"\"><\/p>\n<h2>\u010casto kladen\u00e9 ot\u00e1zky<\/h2>\n<ol>\n<li>Ak\u00e9 s\u00fa rozmery hydraulick\u00e9ho valca? \u2013 Prisp\u00f4sobite\u013en\u00e9 na \u013eubovo\u013en\u00fa ve\u013ekos\u0165.<\/li>\n<li>Ak\u00e1 je nosnos\u0165 valca? \u2013 Ur\u010den\u00e9 pre n\u00e1ro\u010dn\u00e9 po\u013enohospod\u00e1rske pou\u017eitie.<\/li>\n<li>Ak\u00e9 s\u00fa jedine\u010dn\u00e9 vlastnosti hydraulick\u00e9ho valca? \u2013 Energetick\u00e1 \u00fa\u010dinnos\u0165, vysok\u00fd v\u00fdkon a bezpe\u010dnos\u0165.<\/li>\n<li>Ak\u00fd je princ\u00edp fungovania hydraulick\u00e9ho syst\u00e9mu? \u2013 Hydraulick\u00fd syst\u00e9m funguje na princ\u00edpe mechaniky tekut\u00edn.<\/li>\n<li>Kde m\u00f4\u017eem pou\u017ei\u0165 tento hydraulick\u00fd valec? \u2013 Je \u0161iroko pou\u017e\u00edvan\u00fd v r\u00f4znych po\u013enohospod\u00e1rskych strojoch.<\/li>\n<\/ol>\n<p>Autor: CX<\/p>","protected":false},"excerpt":{"rendered":"<p>Product Introduction: 10024 Quality Assurance Double Acting Hydraulic Cylinder for Agriculture The 10024 Quality Assurance Double Acting Hydraulic Cylinder for Agriculture is a top-notch product designed specifically for use in agricultural applications. With its exceptional quality and reliable performance, this hydraulic cylinder is a must-have for farmers and agricultural professionals seeking efficiency and productivity. This [&hellip;]<\/p>","protected":false},"featured_media":1127,"comment_status":"closed","ping_status":"closed","template":"","meta":{"_et_pb_use_builder":"","_et_pb_old_content":"","_et_gb_content_width":""},"product_brand":[],"product_cat":[36],"product_tag":[34,38],"class_list":{"0":"post-1032","1":"product","2":"type-product","3":"status-publish","4":"has-post-thumbnail","6":"product_cat-welded-clevis-type-cylinder","7":"product_tag-hydraulic-cylinder","8":"product_tag-welded-clevis-type-cylinder","10":"first","11":"instock","12":"product-type-simple"},"_links":{"self":[{"href":"https:\/\/fmp-components.com\/sk\/wp-json\/wp\/v2\/product\/1032","targetHints":{"allow":["GET"]}}],"collection":[{"href":"https:\/\/fmp-components.com\/sk\/wp-json\/wp\/v2\/product"}],"about":[{"href":"https:\/\/fmp-components.com\/sk\/wp-json\/wp\/v2\/types\/product"}],"replies":[{"embeddable":true,"href":"https:\/\/fmp-components.com\/sk\/wp-json\/wp\/v2\/comments?post=1032"}],"wp:featuredmedia":[{"embeddable":true,"href":"https:\/\/fmp-components.com\/sk\/wp-json\/wp\/v2\/media\/1127"}],"wp:attachment":[{"href":"https:\/\/fmp-components.com\/sk\/wp-json\/wp\/v2\/media?parent=1032"}],"wp:term":[{"taxonomy":"product_brand","embeddable":true,"href":"https:\/\/fmp-components.com\/sk\/wp-json\/wp\/v2\/product_brand?post=1032"},{"taxonomy":"product_cat","embeddable":true,"href":"https:\/\/fmp-components.com\/sk\/wp-json\/wp\/v2\/product_cat?post=1032"},{"taxonomy":"product_tag","embeddable":true,"href":"https:\/\/fmp-components.com\/sk\/wp-json\/wp\/v2\/product_tag?post=1032"}],"curies":[{"name":"pracovn\u00fd list","href":"https:\/\/api.w.org\/{rel}","templated":true}]}}