{"id":1030,"date":"2024-12-19T06:17:09","date_gmt":"2024-12-19T06:17:09","guid":{"rendered":"https:\/\/fmp-components.com\/product\/10022-factory-price-mini-double-acting-hydraulic-cylinder-for-trailer\/"},"modified":"2025-03-18T00:48:07","modified_gmt":"2025-03-18T00:48:07","slug":"10022-factory-price-mini-double-acting-hydraulic-cylinder-for-trailer","status":"publish","type":"product","link":"https:\/\/fmp-components.com\/sk\/product\/10022-factory-price-mini-double-acting-hydraulic-cylinder-for-trailer\/","title":{"rendered":"10022 Mini dvoj\u010dinn\u00fd hydraulick\u00fd valec pre pr\u00edves za tov\u00e1rensk\u00fa cenu"},"content":{"rendered":"<h2>N\u00e1zov produktu: 10022 Mini dvoj\u010dinn\u00fd hydraulick\u00fd valec pre pr\u00edves za tov\u00e1rensk\u00fa cenu<\/h2>\n<p>Potrebujete spo\u013eahliv\u00fd hydraulick\u00fd valec pre v\u00e1\u0161 pr\u00edves? Neh\u013eadajte \u010falej ako n\u00e1\u0161 mini dvoj\u010dinn\u00fd hydraulick\u00fd valec 10022 za tov\u00e1rensk\u00fa cenu. Tento vysoko kvalitn\u00fd hydraulick\u00fd valec je \u0161peci\u00e1lne navrhnut\u00fd tak, aby sp\u013a\u0148al po\u017eiadavky aplik\u00e1ci\u00ed pr\u00edvesov a poskytoval v\u00fdnimo\u010dn\u00fd v\u00fdkon a odolnos\u0165.<\/p>\n<p>K\u013e\u00fa\u010dov\u00e9 vlastnosti:<\/p>\n<p>1. Kompaktn\u00fd dizajn: Mini ve\u013ekos\u0165 tohto hydraulick\u00e9ho valca umo\u017e\u0148uje jednoduch\u00fa in\u0161tal\u00e1ciu a integr\u00e1ciu do pr\u00edvesov r\u00f4znych ve\u013ekost\u00ed.<\/p>\n<p>2. Dvoj\u010dinn\u00fd: Tento hydraulick\u00fd valec je dvoj\u010dinn\u00fd, \u010do znamen\u00e1, \u017ee m\u00f4\u017ee vyv\u00edja\u0165 silu v oboch smeroch, \u010do umo\u017e\u0148uje efekt\u00edvnu prev\u00e1dzku a zv\u00fd\u0161en\u00fa produktivitu.<\/p>\n<p>3. V\u00fdrobn\u00e1 cena: N\u00e1\u0161 hydraulick\u00fd valec 10022 je pon\u00fakan\u00fd za konkurencieschopn\u00fa v\u00fdrobn\u00fa cenu, \u010do zaru\u010duje vynikaj\u00facu hodnotu za va\u0161u invest\u00edciu.<\/p>\n<p>4. Robustn\u00e1 kon\u0161trukcia: Tento hydraulick\u00fd valec je vyroben\u00fd z vysoko kvalitn\u00fdch materi\u00e1lov a je vyroben\u00fd tak, aby odolal n\u00e1ro\u010dn\u00e9mu pou\u017e\u00edvaniu, \u010do zaru\u010duje dlhotrvaj\u00facu odolnos\u0165 a spo\u013eahlivos\u0165.<\/p>\n<p>5. Hladk\u00fd chod: Presn\u00e9 in\u017einierstvo tohto hydraulick\u00e9ho valca zais\u0165uje hladk\u00fd a bezprobl\u00e9mov\u00fd chod, minimalizuje trenie a opotrebenie.<\/p>\n<p>6. V\u0161estrann\u00e9 pou\u017eitie: \u010ci u\u017e potrebujete zdvihn\u00fa\u0165, spusti\u0165, nakloni\u0165 alebo stabilizova\u0165 svoj pr\u00edves, tento hydraulick\u00fd valec je navrhnut\u00fd tak, aby s \u013eahkos\u0165ou zvl\u00e1dol \u0161irok\u00fa \u0161k\u00e1lu aplik\u00e1ci\u00ed.<\/p>\n<p>7. Jednoduch\u00e1 \u00fadr\u017eba: V\u010faka u\u017e\u00edvate\u013esky pr\u00edvetiv\u00e9mu dizajnu sa tento hydraulick\u00fd valec \u013eahko udr\u017eiava, \u010do v\u00e1m z dlhodob\u00e9ho h\u013eadiska \u0161etr\u00ed \u010das a n\u00e1mahu.<\/p>\n<p><img loading=\"lazy\" decoding=\"async\" class=\"alignnone size-full wp-image-1073\" src=\"https:\/\/fmp-components.com\/wp-content\/uploads\/2024\/12\/Welded-Clevis-Type-Cylinder2.webp\" alt=\"Zv\u00e1ran\u00fd valec s vidlicov\u00fdm z\u00e1vitom\" width=\"800\" height=\"800\" title=\"\" srcset=\"https:\/\/fmp-components.com\/wp-content\/uploads\/2024\/12\/Welded-Clevis-Type-Cylinder2.webp 800w, https:\/\/fmp-components.com\/wp-content\/uploads\/2024\/12\/Welded-Clevis-Type-Cylinder2-480x480.webp 480w\" sizes=\"(min-width: 0px) and (max-width: 480px) 480px, (min-width: 481px) 800px, 100vw\" \/><\/p>\n<p>\u0160pecifik\u00e1cie:<\/p>\n<p>\u2013 Priemer otvoru: [Uve\u010fte priemer otvoru]<br \/>\n\u2013 D\u013a\u017eka zdvihu: [Uve\u010fte d\u013a\u017eku zdvihu]<br \/>\n\u2013 Maxim\u00e1lny tlak: [Uve\u010fte maxim\u00e1lny tlak]<br \/>\n\u2013 Typ mont\u00e1\u017ee: [Uve\u010fte typ mont\u00e1\u017ee]<br \/>\n\u2013 Priemer piestnej ty\u010de: [Uve\u010fte priemer piestnej ty\u010de]<br \/>\n\u2013 Rozsah prev\u00e1dzkov\u00fdch tepl\u00f4t: [Uve\u010fte rozsah prev\u00e1dzkov\u00fdch tepl\u00f4t]<\/p>\n<p>Dvoj\u010dinn\u00fd hydraulick\u00fd valec Mini 10022 pre pr\u00edves je za priazniv\u00fa cenu a je perfektnou vo\u013ebou pre ka\u017ed\u00e9ho, kto potrebuje spo\u013eahliv\u00fd a efekt\u00edvny hydraulick\u00fd valec. V\u010faka kompaktn\u00e9mu dizajnu, dvoj\u010dinnej funkcii a konkurencieschopnej cene pon\u00faka tento hydraulick\u00fd valec v\u00fdnimo\u010dn\u00fd v\u00fdkon a odolnos\u0165. Investujte do tohto hydraulick\u00e9ho valca e\u0161te dnes a za\u017eite zv\u00fd\u0161en\u00fa produktivitu a spo\u013eahlivos\u0165 pre va\u0161e aplik\u00e1cie s pr\u00edvesom.<\/p>\n<p><img decoding=\"async\" src=\"https:\/\/hzpt.com\/wp-content\/uploads\/2023\/12\/insert-1.webp\" alt=\"\" title=\"\"><\/p>\n<h2>V\u00fdhody zv\u00e1ran\u00e9ho valca s vidlicov\u00fdm z\u00e1vitom<\/h2>\n<p>Zv\u00e1ran\u00e9 valce s vidlicov\u00fdm uchyten\u00edm s\u00fa ob\u013e\u00fabenou vo\u013ebou pre mnoho priemyseln\u00fdch aplik\u00e1ci\u00ed v\u010faka svojim jedine\u010dn\u00fdm v\u00fdhod\u00e1m a pr\u00ednosom. Tu s\u00fa niektor\u00e9 z k\u013e\u00fa\u010dov\u00fdch v\u00fdhod zv\u00e1ran\u00fdch valcov s vidlicov\u00fdm uchyten\u00edm:<\/p>\n<h3>1. Zv\u00fd\u0161en\u00e1 pevnos\u0165 a odolnos\u0165<\/h3>\n<p>Zv\u00e1ran\u00e9 valce s vidlicov\u00fdm uz\u00e1verom s\u00fa kon\u0161truovan\u00e9 so zv\u00e1ran\u00fdm koncov\u00fdm uz\u00e1verom, ktor\u00fd poskytuje zv\u00fd\u0161en\u00fa pevnos\u0165 a odolnos\u0165 v porovnan\u00ed s in\u00fdmi typmi valcov. V\u010faka tomu s\u00fa ide\u00e1lne pre n\u00e1ro\u010dn\u00e9 aplik\u00e1cie, ktor\u00e9 vy\u017eaduj\u00fa vysok\u00fa \u00farove\u0148 pevnosti a odolnosti.<\/p>\n<p>Zv\u00e1ran\u00e1 kon\u0161trukcia t\u00fdchto valcov navy\u0161e znamen\u00e1, \u017ee je menej pravdepodobn\u00e9, \u017ee unikn\u00fa alebo zlyhaj\u00fa, \u010do m\u00f4\u017ee pom\u00f4c\u0165 zn\u00ed\u017ei\u0165 prestoje a n\u00e1klady na \u00fadr\u017ebu.<\/p>\n<h3>2. Schopnos\u0165 zvl\u00e1da\u0165 vysok\u00fd tlak<\/h3>\n<p>Zv\u00e1ran\u00e9 valce s vidlicov\u00fdm uz\u00e1verom s\u00fa tie\u017e schopn\u00e9 zvl\u00e1dnu\u0165 aplik\u00e1cie s vysok\u00fdm tlakom, v\u010faka \u010domu s\u00fa ob\u013e\u00fabenou vo\u013ebou v odvetviach, ako je stavebn\u00edctvo, ban\u00edctvo a ropa a plyn. Ich schopnos\u0165 zvl\u00e1da\u0165 vysok\u00fd tlak zais\u0165uje spo\u013eahliv\u00fd v\u00fdkon v n\u00e1ro\u010dn\u00fdch prostrediach.<\/p>\n<h3>3. Prisp\u00f4sobite\u013en\u00fd dizajn<\/h3>\n<p>Zv\u00e1ran\u00e9 valce s vidlicov\u00fdm uz\u00e1verom je mo\u017en\u00e9 navrhn\u00fa\u0165 na mieru tak, aby sp\u013a\u0148ali \u0161pecifick\u00e9 potreby aplik\u00e1cie. To znamen\u00e1, \u017ee ich mo\u017eno prisp\u00f4sobi\u0165 konkr\u00e9tnej ve\u013ekosti, tvaru alebo v\u00fdkonnostn\u00fdm po\u017eiadavk\u00e1m. Prisp\u00f4sobite\u013en\u00fd dizajn tie\u017e umo\u017e\u0148uje v\u00e4\u010d\u0161iu flexibilitu vo v\u00fdrobnom procese, \u010do m\u00f4\u017ee vies\u0165 k \u00faspor\u00e1m n\u00e1kladov.<\/p>\n<h3>4. Jednoduch\u00e1 in\u0161tal\u00e1cia<\/h3>\n<p>Zv\u00e1ran\u00e9 valce s vidlicov\u00fdm uz\u00e1verom s\u00fa navrhnut\u00e9 pre jednoduch\u00fa in\u0161tal\u00e1ciu, \u010do pom\u00e1ha skr\u00e1ti\u0165 \u010das nastavovania a n\u00e1klady na pracovn\u00fa silu. Zvy\u010dajne s\u00fa vopred zmontovan\u00e9 a pripraven\u00e9 na pou\u017eitie hne\u010f po vybalen\u00ed z krabice, \u010do minimalizuje potrebu \u010fal\u0161\u00edch dielov alebo komponentov.<\/p>\n<h3>5. Vylep\u0161en\u00fd v\u00fdkon<\/h3>\n<p>Kon\u0161trukcia zv\u00e1ran\u00fdch valcov s vidlicov\u00fdm uchyten\u00edm umo\u017e\u0148uje lep\u0161\u00ed v\u00fdkon v porovnan\u00ed s in\u00fdmi typmi valcov. S\u00fa schopn\u00e9 generova\u0165 v\u00e4\u010d\u0161iu silu na jednotku tlaku, \u010do m\u00f4\u017ee pom\u00f4c\u0165 zlep\u0161i\u0165 efektivitu a produktivitu v priemyseln\u00fdch aplik\u00e1ci\u00e1ch.<\/p>\n<p>Celkovo pon\u00fakaj\u00fa zv\u00e1ran\u00e9 valce s vidlicov\u00fdm z\u00e1vitom cel\u00fd rad v\u00fdhod a benefitov, v\u010faka ktor\u00fdm s\u00fa ob\u013e\u00fabenou vo\u013ebou pre mnoh\u00e9 priemyseln\u00e9 aplik\u00e1cie. Ich zv\u00fd\u0161en\u00e1 pevnos\u0165 a odolnos\u0165, schopnos\u0165 zvl\u00e1da\u0165 vysok\u00fd tlak, prisp\u00f4sobite\u013en\u00fd dizajn, jednoduch\u00e1 in\u0161tal\u00e1cia a vylep\u0161en\u00fd v\u00fdkon z nich robia ide\u00e1lnu vo\u013ebu pre n\u00e1ro\u010dn\u00e9 prostredia, kde s\u00fa spo\u013eahlivos\u0165 a v\u00fdkon k\u013e\u00fa\u010dov\u00e9.<\/p>\n<p><img decoding=\"async\" src=\"https:\/\/hzpt.com\/wp-content\/uploads\/2023\/12\/insert-2.webp\" alt=\"\" title=\"\"><\/p>\n<h2>Pou\u017eitie zv\u00e1ran\u00e9ho valca s vidlicov\u00fdm z\u00e1vitom<\/h2>\n<ul>\n<li><strong>Priemyseln\u00e9 stroje:<\/strong> Zv\u00e1ran\u00e9 valce s vidlicov\u00fdm uchyten\u00edm sa \u0161iroko pou\u017e\u00edvaj\u00fa v r\u00f4znych priemyseln\u00fdch strojoch pre n\u00e1ro\u010dn\u00e9 aplik\u00e1cie. Tieto valce s\u00fa schopn\u00e9 vyvin\u00fa\u0165 vysok\u00fa silu na zdv\u00edhanie a lisovanie komponentov v strojoch. Zv\u00e1ran\u00e1 kon\u0161trukcia s vidlicov\u00fdm uchyten\u00edm umo\u017e\u0148uje jednoduch\u00fa in\u0161tal\u00e1ciu a efekt\u00edvnu prev\u00e1dzku, v\u010faka \u010domu s\u00fa ob\u013e\u00fabenou vo\u013ebou v\u00fdrobcov.\n<ul>\n<li>Vo v\u00fdrobnom priemysle sa zv\u00e1ran\u00e9 valce s vidlicov\u00fdm uz\u00e1verom pou\u017e\u00edvaj\u00fa v hydraulick\u00fdch lisoch, vstrekovac\u00edch lisoch a zariadeniach na lisovanie kovov na zabezpe\u010denie potrebnej sily na tvarovanie a tvarovanie plechov.<\/li>\n<li>V automobilovom priemysle sa tieto valce pou\u017e\u00edvaj\u00fa v automobilov\u00fdch zdvih\u00e1koch, zdv\u00edha\u010doch a mont\u00e1\u017enych strojoch na zdv\u00edhanie \u0165a\u017ek\u00fdch komponentov po\u010das v\u00fdrobn\u00e9ho procesu.<\/li>\n<li>V stavebn\u00edctve sa zv\u00e1ran\u00e9 valce s vidlicov\u00fdm uchyten\u00edm pou\u017e\u00edvaj\u00fa v \u017eeriavoch, bagroch a buldoz\u00e9roch na pohon hydraulick\u00fdch syst\u00e9mov, ktor\u00e9 zdv\u00edhaj\u00fa a premiest\u0148uj\u00fa \u0165a\u017ek\u00e9 bremen\u00e1.<\/li>\n<\/ul>\n<\/li>\n<li><strong>Po\u013enohospod\u00e1rske stroje:<\/strong> Po\u013enohospod\u00e1rske stroje s\u00fa jednou z najd\u00f4le\u017eitej\u0161\u00edch oblast\u00ed, v ktor\u00fdch sa pou\u017e\u00edvaj\u00fa zv\u00e1ran\u00e9 vidlicov\u00e9 valce. Tieto valce sa pou\u017e\u00edvaj\u00fa v r\u00f4znych po\u013enohospod\u00e1rskych strojoch vr\u00e1tane traktorov, kombajnov a pluhov na zabezpe\u010denie potrebnej sily na pr\u00edpravu p\u00f4dy, siatie a zber \u00farody.\n<ul>\n<li>V po\u013enohospod\u00e1rstve sa zv\u00e1ran\u00e9 valce s vidlicov\u00fdm uchyten\u00edm pou\u017e\u00edvaj\u00fa v pluhoch, kultiv\u00e1toroch a sejac\u00edch strojoch na zabezpe\u010denie potrebnej sily na pr\u00edpravu p\u00f4dy a siatie semien.<\/li>\n<li>V zberan\u00ed \u00farody sa tieto valce pou\u017e\u00edvaj\u00fa v zbera\u010doch, lisoch a kosa\u010dk\u00e1ch na pohon hydraulick\u00fdch syst\u00e9mov, ktor\u00e9 zbieraj\u00fa a prepravuj\u00fa plodiny.<\/li>\n<\/ul>\n<\/li>\n<li><strong>Letectvo a obrana:<\/strong> Zv\u00e1ran\u00e9 valce s vidlicov\u00fdm z\u00e1vitom sa pou\u017e\u00edvaj\u00fa aj v leteckom a obrannom priemysle, kde sa uplat\u0148uj\u00fa v \u0161irokej \u0161k\u00e1le aplik\u00e1ci\u00ed pre lietadl\u00e1, rakety, strely a obrann\u00e9 syst\u00e9my.\n<ul>\n<li>V leteckom priemysle sa zv\u00e1ran\u00e9 vidlicov\u00e9 valce pou\u017e\u00edvaj\u00fa v podvozkoch lietadiel, klapk\u00e1ch a brzd\u00e1ch na zabezpe\u010denie potrebnej sily pre vzlet a prist\u00e1tie.<\/li>\n<li>V obrannom priemysle sa tieto valce pou\u017e\u00edvaj\u00fa v odpa\u013eovac\u00edch zariadeniach rakiet, streleck\u00fdch ve\u017eiach a tankov\u00fdch syst\u00e9moch na pohon hydraulick\u00fdch syst\u00e9mov, ktor\u00e9 riadia pohyb zbran\u00ed a mun\u00edcie.<\/li>\n<\/ul>\n<\/li>\n<li><strong>N\u00e1morn\u00fd priemysel:<\/strong> Zv\u00e1ran\u00e9 valce s vidlicov\u00fdm z\u00e1vitom sa tie\u017e \u0161iroko pou\u017e\u00edvaj\u00fa v n\u00e1mornom priemysle, kde sa pou\u017e\u00edvaj\u00fa v r\u00f4znych aplik\u00e1ci\u00e1ch pre lode, \u010dlny a podvodn\u00e9 vozidl\u00e1.\n<ul>\n<li>V lodnom priemysle sa zv\u00e1ran\u00e9 valce s vidlicov\u00fdm z\u00e1vesom pou\u017e\u00edvaj\u00fa v \u017eeriavoch, navijakoch a manipula\u010dn\u00fdch zariadeniach na zabezpe\u010denie potrebnej sily na nakladanie a vykladanie n\u00e1kladu.<\/li>\n<li>V lodnom priemysle sa tieto valce pou\u017e\u00edvaj\u00fa v kormidlov\u00fdch syst\u00e9moch, vrtuliach a kotviacich syst\u00e9moch na zabezpe\u010denie potrebnej sily na ovl\u00e1danie pohybu lod\u00ed a \u010dlnov.<\/li>\n<li>V priemysle podvodn\u00fdch vozidiel sa zv\u00e1ran\u00e9 valce s vidlicov\u00fdm uz\u00e1verom pou\u017e\u00edvaj\u00fa v ponork\u00e1ch, dia\u013ekovo ovl\u00e1dan\u00fdch vozidl\u00e1ch (ROV) a pot\u00e1pa\u010dskom vybaven\u00ed na zabezpe\u010denie potrebnej sily pre podvodn\u00e9 oper\u00e1cie.<\/li>\n<\/ul>\n<\/li>\n<li><strong>\u0164a\u017eobn\u00fd priemysel:<\/strong> Zv\u00e1ran\u00e9 valce s vidlicov\u00fdm z\u00e1vitom sa pou\u017e\u00edvaj\u00fa aj v \u0165a\u017eobnom priemysle, kde sa uplat\u0148uj\u00fa v r\u00f4znych aplik\u00e1ci\u00e1ch na \u0165a\u017ebu nerastov a manipul\u00e1ciu s materi\u00e1lom.\n<ul>\n<li>V \u0165a\u017eobnom priemysle sa zv\u00e1ran\u00e9 valce s vidlicov\u00fdm z\u00e1vitom pou\u017e\u00edvaj\u00fa v dopravn\u00edkov\u00fdch syst\u00e9moch, v\u0155tac\u00edch strojoch a hydraulick\u00fdch lopat\u00e1ch na zabezpe\u010denie potrebnej sily na \u0165a\u017ebu nerastov a materi\u00e1lov z ban\u00ed a lomov.<\/li>\n<\/ul>\n<\/li>\n<\/ul>\n<h2>O FMP<\/h2>\n<p>Spolo\u010dnos\u0165 FMP je zn\u00e1ma svojimi vysoko kvalitn\u00fdmi produktmi, konkurencieschopn\u00fdmi cenami a vynikaj\u00facim servisom. Pon\u00fakame \u0161irok\u00fd sortiment hydraulick\u00fdch valcov pre r\u00f4zne aplik\u00e1cie vr\u00e1tane valcov pre pracovn\u00e9 plo\u0161iny, hydraulick\u00fdch valcov pre priemyseln\u00e9 vozidl\u00e1, valcov pre rota\u010dn\u00e9 vrtn\u00e9 s\u00fapravy, valcov pre auto\u017eeriavy, hydraulick\u00fdch valcov pre stavebn\u00e9 stroje, hydraulick\u00fdch valcov pre vysokozdvi\u017en\u00e9 voz\u00edky, valcov pre bansk\u00e9 skl\u00e1pa\u010de a hydraulick\u00fdch valcov pre sanita\u010dn\u00e9 stroje. Pon\u00fakame tie\u017e mo\u017enosti prisp\u00f4sobenia na z\u00e1klade poskytnut\u00fdch n\u00e1vrhov a vzoriek.<\/p>\n<p><img decoding=\"async\" src=\"https:\/\/hzpt.com\/wp-content\/uploads\/2023\/12\/insert-5.webp\" alt=\"FMP Factory\" title=\"\"><\/p>\n<h2>\u010casto kladen\u00e9 ot\u00e1zky<\/h2>\n<dl>\n<dt>Ot\u00e1zka: Ak\u00e1 je nosnos\u0165 dvoj\u010dinn\u00e9ho hydraulick\u00e9ho valca Mini?<\/dt>\n<dd>A: Nosnos\u0165 je vysok\u00e1 a vhodn\u00e1 pre \u0165a\u017ek\u00e9 pr\u00edvesy.<\/dd>\n<dt>Ot\u00e1zka: Ak\u00e9 s\u00fa rozmery tohto hydraulick\u00e9ho valca?<\/dt>\n<dd>A: Rozmery je mo\u017en\u00e9 prisp\u00f4sobi\u0165 pod\u013ea va\u0161ich po\u017eiadaviek.<\/dd>\n<dt>Ot\u00e1zka: Ako funguje hydraulick\u00fd valec?<\/dt>\n<dd>A: Funguje na princ\u00edpe tlakov\u00e9ho rozdielu s pou\u017eit\u00edm hydraulick\u00e9ho oleja na generovanie sily.<\/dd>\n<dt>Ot\u00e1zka: Kde sa nach\u00e1dza FMP?<\/dt>\n<dd>A: FMP sa nach\u00e1dza v Taliansku.<\/dd>\n<dt>Ot\u00e1zka: M\u00f4\u017eem si prisp\u00f4sobi\u0165 hydraulick\u00fd valec?<\/dt>\n<dd>A: \u00c1no, FMP pon\u00faka mo\u017enosti prisp\u00f4sobenia na z\u00e1klade poskytnut\u00fdch n\u00e1vrhov a vzoriek.<\/dd>\n<\/dl>\n<p>Autor: CX<\/p>","protected":false},"excerpt":{"rendered":"<p>Product Name: 10022 Factory Price Mini Double Acting Hydraulic Cylinder for Trailer Are you in need of a reliable hydraulic cylinder for your trailer? Look no further than our 10022 Factory Price Mini Double Acting Hydraulic Cylinder. This high-quality hydraulic cylinder is specifically designed to meet the demands of trailer applications, providing exceptional performance and [&hellip;]<\/p>","protected":false},"featured_media":1127,"comment_status":"closed","ping_status":"closed","template":"","meta":{"_et_pb_use_builder":"","_et_pb_old_content":"","_et_gb_content_width":""},"product_brand":[],"product_cat":[36],"product_tag":[34,38],"class_list":{"0":"post-1030","1":"product","2":"type-product","3":"status-publish","4":"has-post-thumbnail","6":"product_cat-welded-clevis-type-cylinder","7":"product_tag-hydraulic-cylinder","8":"product_tag-welded-clevis-type-cylinder","10":"first","11":"instock","12":"product-type-simple"},"_links":{"self":[{"href":"https:\/\/fmp-components.com\/sk\/wp-json\/wp\/v2\/product\/1030","targetHints":{"allow":["GET"]}}],"collection":[{"href":"https:\/\/fmp-components.com\/sk\/wp-json\/wp\/v2\/product"}],"about":[{"href":"https:\/\/fmp-components.com\/sk\/wp-json\/wp\/v2\/types\/product"}],"replies":[{"embeddable":true,"href":"https:\/\/fmp-components.com\/sk\/wp-json\/wp\/v2\/comments?post=1030"}],"wp:featuredmedia":[{"embeddable":true,"href":"https:\/\/fmp-components.com\/sk\/wp-json\/wp\/v2\/media\/1127"}],"wp:attachment":[{"href":"https:\/\/fmp-components.com\/sk\/wp-json\/wp\/v2\/media?parent=1030"}],"wp:term":[{"taxonomy":"product_brand","embeddable":true,"href":"https:\/\/fmp-components.com\/sk\/wp-json\/wp\/v2\/product_brand?post=1030"},{"taxonomy":"product_cat","embeddable":true,"href":"https:\/\/fmp-components.com\/sk\/wp-json\/wp\/v2\/product_cat?post=1030"},{"taxonomy":"product_tag","embeddable":true,"href":"https:\/\/fmp-components.com\/sk\/wp-json\/wp\/v2\/product_tag?post=1030"}],"curies":[{"name":"pracovn\u00fd list","href":"https:\/\/api.w.org\/{rel}","templated":true}]}}