{"id":838,"date":"2024-12-18T08:38:14","date_gmt":"2024-12-18T08:38:14","guid":{"rendered":"https:\/\/fmp-components.com\/?page_id=8"},"modified":"2025-03-07T08:50:50","modified_gmt":"2025-03-07T08:50:50","slug":"electric-motors","status":"publish","type":"page","link":"https:\/\/fmp-components.com\/sk\/electric-motors\/","title":{"rendered":"Elektromotory"},"content":{"rendered":"<p>[et_pb_section fb_built=&#8221;1&#8243; _builder_version=&#8221;4.27.4&#8243; _module_preset=&#8221;default&#8221; use_background_color_gradient=&#8221;on&#8221; background_color_gradient_stops=&#8221;rgba(8,40,9,0.19) 0%|rgba(8,40,9,0.33) 100%&#8221; background_color_gradient_overlays_image=&#8221;on&#8221; background_image=&#8221;https:\/\/fmp-components.com\/wp-content\/uploads\/2024\/12\/Electric-Motor-Banner.webp&#8221; min_height=&#8221;637px&#8221; global_colors_info=&#8221;{}&#8221;][et_pb_row _builder_version=&#8221;4.27.4&#8243; _module_preset=&#8221;default&#8221; custom_padding=&#8221;81px|||||&#8221; global_colors_info=&#8221;{}&#8221;][et_pb_column type=&#8221;4_4&#8243; _builder_version=&#8221;4.27.4&#8243; _module_preset=&#8221;default&#8221; global_colors_info=&#8221;{}&#8221;][et_pb_text _builder_version=&#8221;4.27.4&#8243; _module_preset=&#8221;default&#8221; header_font=&#8221;Frank Ruhl Libre|500|||||||&#8221; header_text_align=&#8221;center&#8221; header_text_color=&#8221;#FFFFFF&#8221; header_font_size=&#8221;65px&#8221; header_text_shadow_style=&#8221;preset1&#8243; global_colors_info=&#8221;{}&#8221;]<\/p>\n<h1>Elektromotor<\/h1>\n<p>[\/et_pb_text][\/et_pb_column][\/et_pb_row][et_pb_row _builder_version=&#8221;4.27.4&#8243; _module_preset=&#8221;default&#8221; global_colors_info=&#8221;{}&#8221;][et_pb_column type=&#8221;4_4&#8243; _builder_version=&#8221;4.27.4&#8243; _module_preset=&#8221;default&#8221; global_colors_info=&#8221;{}&#8221;][et_pb_text _builder_version=&#8221;4.27.4&#8243; _module_preset=&#8221;default&#8221; text_text_color=&#8221;#FFFFFF&#8221; text_font_size=&#8221;16px&#8221; text_line_height=&#8221;1.8em&#8221; text_text_shadow_style=&#8221;preset4&#8243; global_colors_info=&#8221;{}&#8221;]<\/p>\n<p>Elektromotor je v\u0161estrann\u00e9 zariadenie, ktor\u00e9 premie\u0148a elektrick\u00fa energiu na mechanick\u00fa energiu a poh\u00e1\u0148a \u0161irok\u00fa \u0161k\u00e1lu aplik\u00e1ci\u00ed od dom\u00e1cich spotrebi\u010dov a\u017e po priemyseln\u00e9 stroje. Tieto motory s\u00fa zn\u00e1me svojou \u00fa\u010dinnos\u0165ou, spo\u013eahlivos\u0165ou a jednoduch\u00fdm pou\u017e\u00edvan\u00edm, v\u010faka \u010domu s\u00fa nevyhnutn\u00fdmi s\u00fa\u010das\u0165ami v r\u00f4znych odvetviach.<\/p>\n<p>V spolo\u010dnosti FMP pon\u00fakame \u0161irok\u00fd v\u00fdber elektromotorov, vr\u00e1tane striedav\u00fdch motorov, jednosmern\u00fdch motorov a krokov\u00fdch motorov, prisp\u00f4soben\u00fdch va\u0161im \u0161pecifick\u00fdm potreb\u00e1m. Prij\u00edmame aj z\u00e1kazkov\u00e9 objedn\u00e1vky, aby sme v\u00e1m zabezpe\u010dili perfektn\u00fd motor pre va\u0161u aplik\u00e1ciu. \u010ci u\u017e potrebujete \u0161tandardn\u00e9 modely alebo \u0161pecializovan\u00e9 rie\u0161enia, spolo\u010dnos\u0165 FMP je tu, aby v\u00e1m poskytla vysokokvalitn\u00e9 elektromotory, ktor\u00e9 sp\u013a\u0148aj\u00fa va\u0161e po\u017eiadavky.<\/p>\n<p>[\/et_pb_text][\/et_pb_column][\/et_pb_row][\/et_pb_section][et_pb_section fb_built=&#8221;1&#8243; _builder_version=&#8221;4.27.4&#8243; _module_preset=&#8221;default&#8221; global_colors_info=&#8221;{}&#8221;][et_pb_row _builder_version=&#8221;4.27.4&#8243; _module_preset=&#8221;default&#8221; global_colors_info=&#8221;{}&#8221;][et_pb_column type=&#8221;4_4&#8243; _builder_version=&#8221;4.27.4&#8243; _module_preset=&#8221;default&#8221; global_colors_info=&#8221;{}&#8221;][et_pb_text _builder_version=&#8221;4.27.4&#8243; _module_preset=&#8221;default&#8221; header_2_font=&#8221;Frank Ruhl Libre||||||||&#8221; header_2_text_align=&#8221;center&#8221; header_2_font_size=&#8221;40px&#8221; hover_enabled=&#8221;0&#8243; global_colors_info=&#8221;{}&#8221; sticky_enabled=&#8221;0&#8243;]<\/p>\n<h2>Elektromotor<\/h2>\n<p>[\/et_pb_text][\/et_pb_column][\/et_pb_row][et_pb_row column_structure=&#8221;1_3,1_3,1_3&#8243; _builder_version=&#8221;4.27.4&#8243; _module_preset=&#8221;default&#8221; global_colors_info=&#8221;{}&#8221;][et_pb_column type=&#8221;1_3&#8243; _builder_version=&#8221;4.27.4&#8243; _module_preset=&#8221;default&#8221; global_colors_info=&#8221;{}&#8221;][et_pb_image src=&#8221;https:\/\/fmp-components.com\/wp-content\/uploads\/2024\/12\/DC-Direct-Current-Motors.webp&#8221; alt=&#8221;DC (Direct Current) Motors&#8221; title_text=&#8221;DC (Direct Current) Motors&#8221; _builder_version=&#8221;4.27.4&#8243; _module_preset=&#8221;default&#8221; global_colors_info=&#8221;{}&#8221;][\/et_pb_image][et_pb_toggle title=&#8221;DC (Direct Current) Motors&#8221; _builder_version=&#8221;4.27.4&#8243; _module_preset=&#8221;default&#8221; global_colors_info=&#8221;{}&#8221;]<\/p>\n<ul>\n<li><a href=\"https:\/\/fmp-components.com\/sk\/product\/italy-supplier-mini-dc-motor-tgp01d-a130-plastic-gearbox-plus-a130\/\">Mini jednosmern\u00fd motor TGP01D-A130 Plastov\u00e1 prevodovka Plus A130d<\/a><\/li>\n<li><a href=\"https:\/\/fmp-components.com\/sk\/product\/plastic-gearbox-mini-geared-motor-tgp01s-a130\/\">Plastov\u00fd prevodov\u00fd mini prevodov\u00fd motor TGP01S-A130<\/a><\/li>\n<li><a href=\"https:\/\/fmp-components.com\/sk\/product\/plastic-gearbox-motor-tgp02d-a130-for-toy-robot-remote-control-toy-cars\/\">Plastov\u00fd prevodov\u00fd motor TGP02D-A130 pre dia\u013ekov\u00e9 ovl\u00e1danie hra\u010dk\u00e1rskych robotov a aut\u00ed\u010dok<\/a><\/li>\n<li><a href=\"https:\/\/fmp-components.com\/sk\/product\/low-noise-basic-dc-toy-motor-for-toy-car-tgp02s-a130\/\">N\u00edzky hluk Z\u00e1kladn\u00fd jednosmern\u00fd motor pre hra\u010dk\u00e1rske aut\u00ed\u010dko TGP02S-A130<\/a><\/li>\n<li><a href=\"https:\/\/fmp-components.com\/sk\/product\/zy-jb-dc-gear-motor-series\/\">S\u00e9ria jednosmern\u00fdch prevodov\u00fdch motorov ZY\/JB<\/a><\/li>\n<li><a href=\"https:\/\/fmp-components.com\/sk\/product\/yyyn-jb-gear-reducer-single-three-phase-motor-series\/\">Rad motorov s redukciou prevodovky YY(YN)\/JB<\/a><\/li>\n<\/ul>\n<p>[\/et_pb_toggle][\/et_pb_column][et_pb_column type=&#8221;1_3&#8243; _builder_version=&#8221;4.27.4&#8243; _module_preset=&#8221;default&#8221; global_colors_info=&#8221;{}&#8221;][et_pb_image src=&#8221;https:\/\/fmp-components.com\/wp-content\/uploads\/2024\/12\/Asynchronous-Motors.webp&#8221; alt=&#8221;Asynchronous Motors&#8221; title_text=&#8221;Asynchronous Motors&#8221; _builder_version=&#8221;4.27.4&#8243; _module_preset=&#8221;default&#8221; global_colors_info=&#8221;{}&#8221;][\/et_pb_image][et_pb_toggle title=&#8221;AC Motors-Asynchronous Motors&#8221; _builder_version=&#8221;4.27.4&#8243; _module_preset=&#8221;default&#8221; global_colors_info=&#8221;{}&#8221;]<\/p>\n<ul>\n<li><a href=\"https:\/\/fmp-components.com\/sk\/product\/y-series-high-efficiency-three-phase-asynchronous-electric-motor\/\">Trojf\u00e1zov\u00fd asynchr\u00f3nny elektromotor s\u00e9rie Y<\/a><\/li>\n<li><a href=\"https:\/\/fmp-components.com\/sk\/product\/y2-series-cast-iron-housing-three-phase-asynchronous-electric-motor\/\">Trojf\u00e1zov\u00fd asynchr\u00f3nny elektromotor s\u00e9rie Y2<\/a><\/li>\n<li><a href=\"https:\/\/fmp-components.com\/sk\/product\/y3-series-low-voltage-high-power-three-phase-asynchronous-electric-motor\/\">Trojf\u00e1zov\u00fd asynchr\u00f3nny motor s\u00e9rie Y3<\/a><\/li>\n<li><a href=\"https:\/\/fmp-components.com\/sk\/product\/ys-series-electric-motor\/\">Trojf\u00e1zov\u00fd asynchr\u00f3nny motor s\u00e9rie YS s mal\u00fdm v\u00fdkonom<\/a><\/li>\n<li><a href=\"https:\/\/fmp-components.com\/sk\/product\/nema-standard-premium-efficiency-three-phase-induction-electric-motor\/\">Vysoko\u00fa\u010dinn\u00e9 trojf\u00e1zov\u00e9 asynchr\u00f3nne motory pod\u013ea normy NEMA<\/a><\/li>\n<li><a href=\"https:\/\/fmp-components.com\/sk\/product\/yd-series-pole-changing-multi-speed-three-phase-asynchronous-electric-motor\/\">Viacr\u00fdchlostn\u00fd trojf\u00e1zov\u00fd asynchr\u00f3nny elektromotor s prep\u00ednan\u00edm p\u00f3lov s\u00e9rie YD<\/a><\/li>\n<li><a href=\"https:\/\/fmp-components.com\/sk\/product\/ydt-series-three-phase-consequent-poles-asynchronous-motor-for-fan-and-pump\/\">Viacr\u00fdchlostn\u00fd trojf\u00e1zov\u00fd asynchr\u00f3nny motor s prep\u00ednate\u013en\u00fdm p\u00f3lom pre ventil\u00e1tor a \u010derpadlo s\u00e9rie YDT<\/a><\/li>\n<li><a href=\"https:\/\/fmp-components.com\/sk\/product\/yej-series-electromagnetic-braking-three-phase-asynchronous-motor\/\">Trojf\u00e1zov\u00fd asynchr\u00f3nny motor s elektromagnetick\u00fdm brzden\u00edm s\u00e9rie YEJ<\/a><\/li>\n<li><a href=\"https:\/\/fmp-components.com\/sk\/product\/yvf2-series-frequency-variable-speed-regulation-three-phase-asynchronous-motor\/\">Trojf\u00e1zov\u00fd asynchr\u00f3nny motor s regul\u00e1ciou frekvencie a premenlivou r\u00fdchlos\u0165ou s\u00e9rie YVF2<\/a><\/li>\n<li><a href=\"https:\/\/fmp-components.com\/sk\/product\/yb2-series-explosion-proof-three-phase-asynchronous-motor\/\">Trojf\u00e1zov\u00fd asynchr\u00f3nny motor s\u00e9rie YB v nev\u00fdbu\u0161nom preveden\u00ed<\/a><\/li>\n<li><a href=\"https:\/\/fmp-components.com\/sk\/product\/yc-series-heavy-duty-capacitors-start-single-phase-induction-motor\/\">Jednof\u00e1zov\u00e9 asynchr\u00f3nne induk\u010dn\u00e9 motory s\u00e9rie YC YL<\/a><\/li>\n<\/ul>\n<p>[\/et_pb_toggle][\/et_pb_column][et_pb_column type=&#8221;1_3&#8243; _builder_version=&#8221;4.27.4&#8243; _module_preset=&#8221;default&#8221; global_colors_info=&#8221;{}&#8221;][et_pb_image src=&#8221;https:\/\/fmp-components.com\/wp-content\/uploads\/2024\/12\/Brake-Motors.webp&#8221; alt=&#8221;Brake Motors&#8221; title_text=&#8221;Brake Motors&#8221; _builder_version=&#8221;4.27.4&#8243; _module_preset=&#8221;default&#8221; global_colors_info=&#8221;{}&#8221;][\/et_pb_image][et_pb_toggle title=&#8221;Brake Motors&#8221; _builder_version=&#8221;4.27.4&#8243; _module_preset=&#8221;default&#8221; global_colors_info=&#8221;{}&#8221;]<\/p>\n<ul>\n<li><a href=\"https:\/\/fmp-components.com\/sk\/product\/yej-series-electromagnetic-braking-three-phase-asynchronous-motor\/\">Trojf\u00e1zov\u00fd asynchr\u00f3nny motor s elektromagnetick\u00fdm brzden\u00edm s\u00e9rie YEJ<\/a><\/li>\n<li><a href=\"https:\/\/fmp-components.com\/sk\/product\/yej2-series-electromagnetic-braking-three-phase-asynchronous-motor\/\">Trojf\u00e1zov\u00fd asynchr\u00f3nny motor s elektromagnetick\u00fdm brzden\u00edm s\u00e9rie YEJ2<\/a><\/li>\n<li><a href=\"https:\/\/fmp-components.com\/sk\/product\/yeja-series-ac-electromagnetic-brake-three-phase-asynchronous-motor\/\">Trojf\u00e1zov\u00fd asynchr\u00f3nny motor s elektromagnetickou brzdou s\u00e9rie YEJA<\/a><\/li>\n<\/ul>\n<p>[\/et_pb_toggle][\/et_pb_column][\/et_pb_row][et_pb_row column_structure=&#8221;1_3,1_3,1_3&#8243; _builder_version=&#8221;4.27.4&#8243; _module_preset=&#8221;default&#8221; global_colors_info=&#8221;{}&#8221;][et_pb_column type=&#8221;1_3&#8243; _builder_version=&#8221;4.27.4&#8243; _module_preset=&#8221;default&#8221; global_colors_info=&#8221;{}&#8221;][et_pb_image src=&#8221;https:\/\/fmp-components.com\/wp-content\/uploads\/2024\/12\/Stainless-Steel-Motors.webp&#8221; alt=&#8221;Stainless Steel Motors&#8221; title_text=&#8221;Stainless Steel Motors&#8221; _builder_version=&#8221;4.27.4&#8243; _module_preset=&#8221;default&#8221; global_colors_info=&#8221;{}&#8221;][\/et_pb_image][et_pb_toggle title=&#8221;Stainless Steel Motors&#8221; _builder_version=&#8221;4.27.4&#8243; _module_preset=&#8221;default&#8221; global_colors_info=&#8221;{}&#8221;]<\/p>\n<ul>\n<li><a href=\"https:\/\/fmp-components.com\/sk\/product\/nema-stainless-steel-stepper-motor-with-double-capacitor\/\">Krokov\u00fd motor z nehrdzavej\u00facej ocele NEMA s dvojit\u00fdm kondenz\u00e1torom<\/a><\/li>\n<li><a href=\"https:\/\/fmp-components.com\/sk\/product\/tefc-stainless-steel-nema-washdown-electric-motor\/\">Elektromotor s um\u00fdvan\u00edm z nehrdzavej\u00facej ocele TEFC NEMA<\/a><\/li>\n<li><a href=\"https:\/\/fmp-components.com\/sk\/product\/tenv-stainless-steel-washdown-nema-motor-with-single-capacitor\/\">TENV nerezov\u00fd um\u00fdvate\u013en\u00fd motor NEMA s jedn\u00fdm kondenz\u00e1torom<\/a><\/li>\n<li><a href=\"https:\/\/fmp-components.com\/sk\/product\/tefc-nema-stainless-steel-motor\/\">Motor z nehrdzavej\u00facej ocele TEFC NEMA<\/a><\/li>\n<li><a href=\"https:\/\/fmp-components.com\/sk\/product\/ip67-waterproof-nema-stainless-steel-motor-tenv\/\">Vodotesn\u00fd motor z nehrdzavej\u00facej ocele NEMA s kryt\u00edm IP67 TENV<\/a><\/li>\n<li><a href=\"https:\/\/fmp-components.com\/sk\/product\/b5-flange-mounted-stainless-steel-motor-tefc-for-food-machinery\/\">B5 Pr\u00edrubov\u00fd motor z nehrdzavej\u00facej ocele - TEFC pre potravin\u00e1rske stroje<\/a><\/li>\n<li><a href=\"https:\/\/fmp-components.com\/sk\/product\/b14-face-mounted-stainless-steel-motor-tefc\/\">B14 \u010celn\u00fd motor z nehrdzavej\u00facej ocele TEFC<\/a><\/li>\n<li><a href=\"https:\/\/fmp-components.com\/sk\/product\/iec-stainless-steel-motor-b3-foot-mounted-tefc\/\">Motor z nehrdzavej\u00facej ocele IEC B3 s p\u00e4tkovou mont\u00e1\u017eou TEFC<\/a><\/li>\n<li><a href=\"https:\/\/fmp-components.com\/sk\/product\/iec-motor-b5t-flange-mounted-stainless-steel-motor-tenv-replacement-of-sew-motor\/\">Motor IEC B5T s pr\u00edrubou a mont\u00e1\u017eou z nehrdzavej\u00facej ocele, n\u00e1hrada motora TENV pre motor SEW<\/a><\/li>\n<li><a href=\"https:\/\/fmp-components.com\/sk\/product\/iec-b5-flange-mounted-stainless-steel-motor-tenv\/\">Motor z nehrdzavej\u00facej ocele s pr\u00edrubou IEC B5 -TENV<\/a><\/li>\n<li><a href=\"https:\/\/fmp-components.com\/sk\/product\/iec-b14-face-mounted-stainless-steel-motor-tenv\/\">IEC B14 \u010celn\u00fd motor z nehrdzavej\u00facej ocele -TENV<\/a><\/li>\n<li><a href=\"https:\/\/fmp-components.com\/sk\/product\/iec-stainless-steel-motor-b3-foot-mounted-tenv\/\">Nerezov\u00fd motor IEC B3 s p\u00e4tkovou mont\u00e1\u017eou - TENV<\/a><\/li>\n<\/ul>\n<p>[\/et_pb_toggle][\/et_pb_column][et_pb_column type=&#8221;1_3&#8243; _builder_version=&#8221;4.27.4&#8243; _module_preset=&#8221;default&#8221; global_colors_info=&#8221;{}&#8221;][et_pb_image src=&#8221;https:\/\/fmp-components.com\/wp-content\/uploads\/2024\/12\/Spindle-Motors.webp&#8221; alt=&#8221;Spindle Motors&#8221; title_text=&#8221;Spindle Motors&#8221; _builder_version=&#8221;4.27.4&#8243; _module_preset=&#8221;default&#8221; global_colors_info=&#8221;{}&#8221;][\/et_pb_image][et_pb_toggle title=&#8221;Spindle Motors&#8221; _builder_version=&#8221;4.27.4&#8243; _module_preset=&#8221;default&#8221; global_colors_info=&#8221;{}&#8221;]<\/p>\n<ul>\n<li><a href=\"https:\/\/fmp-components.com\/sk\/product\/pneumatic-unclamp-cylinder\/\">Pneumatick\u00fd odp\u00ednac\u00ed valec<\/a><\/li>\n<li><a href=\"https:\/\/fmp-components.com\/sk\/product\/electrical-spindle-for-special-usage\/\">Elektrick\u00e9 vreteno pre \u0161peci\u00e1lne pou\u017eitie<\/a><\/li>\n<li><a href=\"https:\/\/fmp-components.com\/sk\/product\/spindle-motor-used-for-lathe-jszd150t-jszd110j\/\">Vretenov\u00fd motor pou\u017e\u00edvan\u00fd pre s\u00fastruh JSZD150T JSZD110J<\/a><\/li>\n<li><a href=\"https:\/\/fmp-components.com\/sk\/product\/spindle-motor-used-for-lathe-jszd150h\/\">Vretenov\u00fd motor pou\u017e\u00edvan\u00fd pre s\u00fastruh JSZD280<\/a><\/li>\n<li><a href=\"https:\/\/fmp-components.com\/sk\/product\/spindle-motor-used-for-lathe-jszd150h\/\">Vretenov\u00fd motor pou\u017e\u00edvan\u00fd pre s\u00fastruh JSZD150H<\/a><\/li>\n<li><a href=\"https:\/\/fmp-components.com\/sk\/product\/spindle-motor-used-for-cnc-spindle-jszd320\/\">Vretenov\u00fd motor pou\u017e\u00edvan\u00fd pre CNC vreteno JSZD320<\/a><\/li>\n<li><a href=\"https:\/\/fmp-components.com\/sk\/product\/spindle-motor-used-for-cnc-spindle-jszd240\/\">Vretenov\u00fd motor pou\u017e\u00edvan\u00fd pre CNC vreteno JSZD240<\/a><\/li>\n<li><a href=\"https:\/\/fmp-components.com\/sk\/product\/spindle-motor-used-for-cnc-spindle-jszd280a\/\">Vretenov\u00fd motor pou\u017e\u00edvan\u00fd pre CNC vreteno JSZD280A<\/a><\/li>\n<li><a href=\"https:\/\/fmp-components.com\/sk\/product\/spindle-motor-used-for-cnc-spindle-jszd220\/\">Vretenov\u00fd motor pou\u017e\u00edvan\u00fd pre CNC vreteno JSZD220<\/a><\/li>\n<li><a href=\"https:\/\/fmp-components.com\/sk\/product\/spindle-motor-used-for-cnc-spindle-jszd202\/\">Vretenov\u00fd motor pou\u017e\u00edvan\u00fd pre CNC vreteno JSZD202<\/a><\/li>\n<li><a href=\"https:\/\/fmp-components.com\/sk\/product\/spindle-motor-used-for-cnc-spindle-jszd170c\/\">Vretenov\u00fd motor pou\u017e\u00edvan\u00fd pre CNC vreteno JSZD170C<\/a><\/li>\n<li><a href=\"https:\/\/fmp-components.com\/sk\/product\/spindle-motor-used-for-cnc-spindle-jszd150c\/\">Vretenov\u00fd motor pou\u017e\u00edvan\u00fd pre CNC vreteno JSZD150C<\/a><\/li>\n<li><a href=\"https:\/\/fmp-components.com\/sk\/product\/spindle-motor-used-for-grinding-spindle\/\">Vretenov\u00fd motor pou\u017e\u00edvan\u00fd na br\u00fasenie vretena<\/a><\/li>\n<li><a href=\"https:\/\/fmp-components.com\/sk\/product\/spindle-motor-used-for-engraving-and-milling\/\">Vretenov\u00fd motor pou\u017e\u00edvan\u00fd na grav\u00edrovanie a fr\u00e9zovanie<\/a><\/li>\n<\/ul>\n<p>[\/et_pb_toggle][\/et_pb_column][et_pb_column type=&#8221;1_3&#8243; _builder_version=&#8221;4.27.4&#8243; _module_preset=&#8221;default&#8221; global_colors_info=&#8221;{}&#8221;][et_pb_image src=&#8221;https:\/\/fmp-components.com\/wp-content\/uploads\/2024\/12\/Explosion-Proof-Motor.webp&#8221; alt=&#8221;Explosion Proof Motor&#8221; title_text=&#8221;Explosion Proof Motor&#8221; _builder_version=&#8221;4.27.4&#8243; _module_preset=&#8221;default&#8221; global_colors_info=&#8221;{}&#8221;][\/et_pb_image][et_pb_toggle title=&#8221;Explosion Proof Motor&#8221; _builder_version=&#8221;4.27.4&#8243; _module_preset=&#8221;default&#8221; global_colors_info=&#8221;{}&#8221;]<\/p>\n<ul>\n<li><a href=\"https:\/\/fmp-components.com\/sk\/product\/yb2-series-explosion-proof-three-phase-asynchronous-motor\/\">Trojf\u00e1zov\u00fd asynchr\u00f3nny motor s\u00e9rie YB2 odoln\u00fd vo\u010di v\u00fdbuchu<\/a><\/li>\n<li><a href=\"https:\/\/fmp-components.com\/sk\/product\/yb3-series-explosion-proof-three-phase-induction-motor\/\">Trojf\u00e1zov\u00fd induk\u010dn\u00fd motor s\u00e9rie YB3 s ochranou proti v\u00fdbuchu<\/a><\/li>\n<li><a href=\"https:\/\/fmp-components.com\/sk\/product\/ybx3-series-explosion-proof-three-phase-asynchronous-motor\/\">Trojf\u00e1zov\u00fd asynchr\u00f3nny motor s\u00e9rie YBX3 s ochranou proti v\u00fdbuchu<\/a><\/li>\n<li><a href=\"https:\/\/fmp-components.com\/sk\/product\/ybx4-series-explosion-proof-three-phase-asynchronous-motor\/\">Trojf\u00e1zov\u00fd asynchr\u00f3nny motor s\u00e9rie YBX4 s ochranou proti v\u00fdbuchu<\/a><\/li>\n<li><a href=\"https:\/\/fmp-components.com\/sk\/product\/ybbp-series-explosion-proof-variable-frequency-adjustable-speed-three-phase-asynchronous-motor\/\">Trojf\u00e1zov\u00fd asynchr\u00f3nny motor s premenlivou frekvenciou a nastavite\u013enou r\u00fdchlos\u0165ou, odoln\u00fd vo\u010di v\u00fdbuchu<\/a><\/li>\n<\/ul>\n<p>[\/et_pb_toggle][\/et_pb_column][\/et_pb_row][\/et_pb_section]<\/p>","protected":false},"excerpt":{"rendered":"<p>Electric MotorAn electric motor is a versatile device that converts electrical energy into mechanical energy, powering a wide range of applications from household appliances to industrial machinery. These motors are known for their efficiency, reliability, and ease of use, making them essential components in various sectors. At FMP, we offer a diverse selection of electric [&hellip;]<\/p>","protected":false},"author":2,"featured_media":0,"parent":0,"menu_order":0,"comment_status":"closed","ping_status":"closed","template":"","meta":{"_et_pb_use_builder":"on","_et_pb_old_content":"","_et_gb_content_width":"","footnotes":""},"class_list":["post-838","page","type-page","status-publish","hentry"],"_links":{"self":[{"href":"https:\/\/fmp-components.com\/sk\/wp-json\/wp\/v2\/pages\/838","targetHints":{"allow":["GET"]}}],"collection":[{"href":"https:\/\/fmp-components.com\/sk\/wp-json\/wp\/v2\/pages"}],"about":[{"href":"https:\/\/fmp-components.com\/sk\/wp-json\/wp\/v2\/types\/page"}],"author":[{"embeddable":true,"href":"https:\/\/fmp-components.com\/sk\/wp-json\/wp\/v2\/users\/2"}],"replies":[{"embeddable":true,"href":"https:\/\/fmp-components.com\/sk\/wp-json\/wp\/v2\/comments?post=838"}],"version-history":[{"count":20,"href":"https:\/\/fmp-components.com\/sk\/wp-json\/wp\/v2\/pages\/838\/revisions"}],"predecessor-version":[{"id":6328,"href":"https:\/\/fmp-components.com\/sk\/wp-json\/wp\/v2\/pages\/838\/revisions\/6328"}],"wp:attachment":[{"href":"https:\/\/fmp-components.com\/sk\/wp-json\/wp\/v2\/media?parent=838"}],"curies":[{"name":"pracovn\u00fd list","href":"https:\/\/api.w.org\/{rel}","templated":true}]}}