{"id":7847,"date":"2025-04-08T08:44:24","date_gmt":"2025-04-08T08:44:24","guid":{"rendered":"https:\/\/fmp-components.com\/?page_id=7847"},"modified":"2025-04-09T05:38:24","modified_gmt":"2025-04-09T05:38:24","slug":"ring-and-pinion-gears","status":"publish","type":"page","link":"https:\/\/fmp-components.com\/sk\/ring-and-pinion-gears\/","title":{"rendered":"Ozuben\u00e9 koles\u00e1 s pastorkom a kr\u00fa\u017ekom"},"content":{"rendered":"<p>[et_pb_section fb_built=&#8221;1&#8243; _builder_version=&#8221;4.27.4&#8243; _module_preset=&#8221;default&#8221; use_background_color_gradient=&#8221;on&#8221; background_color_gradient_stops=&#8221;rgba(0,0,0,0.27) 0%|rgba(0,0,0,0.41) 100%&#8221; background_color_gradient_overlays_image=&#8221;on&#8221; background_image=&#8221;https:\/\/fmp-components.com\/wp-content\/uploads\/2025\/04\/ring-and-pinion-gears-banner-2.webp&#8221; min_height=&#8221;381px&#8221; global_colors_info=&#8221;{}&#8221;][et_pb_row _builder_version=&#8221;4.27.4&#8243; _module_preset=&#8221;default&#8221; global_colors_info=&#8221;{}&#8221;][et_pb_column type=&#8221;4_4&#8243; _builder_version=&#8221;4.27.4&#8243; _module_preset=&#8221;default&#8221; global_colors_info=&#8221;{}&#8221;][et_pb_text _builder_version=&#8221;4.27.4&#8243; _module_preset=&#8221;default&#8221; header_font=&#8221;Frank Ruhl Libre||||||||&#8221; header_text_align=&#8221;center&#8221; header_text_color=&#8221;#FFFFFF&#8221; header_font_size=&#8221;70px&#8221; header_text_shadow_style=&#8221;preset1&#8243; global_colors_info=&#8221;{}&#8221;]<\/p>\n<h1 style=\"text-align: center;\">Ozuben\u00e9 koles\u00e1 a pastorky<\/h1>\n<p>[\/et_pb_text][et_pb_text _builder_version=&#8221;4.27.4&#8243; _module_preset=&#8221;default&#8221; text_font=&#8221;Frank Ruhl Libre|600|||||||&#8221; text_text_color=&#8221;#FFFFFF&#8221; text_font_size=&#8221;18px&#8221; text_line_height=&#8221;1.8em&#8221; text_orientation=&#8221;center&#8221; global_colors_info=&#8221;{}&#8221;]<\/p>\n<p>Ak nie je v zozname uveden\u00fd produkt, ktor\u00fd potrebujete, nev\u00e1hajte a z\u00edskajte bezplatn\u00fa cenov\u00fa ponuku!<\/p>\n<p>[\/et_pb_text][\/et_pb_column][\/et_pb_row][\/et_pb_section][et_pb_section fb_built=&#8221;1&#8243; _builder_version=&#8221;4.27.4&#8243; _module_preset=&#8221;default&#8221; global_colors_info=&#8221;{}&#8221;][et_pb_row _builder_version=&#8221;4.27.4&#8243; _module_preset=&#8221;default&#8221; global_colors_info=&#8221;{}&#8221;][et_pb_column type=&#8221;4_4&#8243; _builder_version=&#8221;4.27.4&#8243; _module_preset=&#8221;default&#8221; global_colors_info=&#8221;{}&#8221;][et_pb_text _builder_version=&#8221;4.27.4&#8243; _module_preset=&#8221;default&#8221; header_2_font=&#8221;Frank Ruhl Libre||||||||&#8221; header_2_font_size=&#8221;40px&#8221; global_colors_info=&#8221;{}&#8221;]<\/p>\n<h2 style=\"text-align: center;\">Najlep\u0161ie ozuben\u00e9 koles\u00e1 s vejcom a pastorkom<\/h2>\n<p>[\/et_pb_text][et_pb_shop type=&#8221;product_category&#8221; show_pagination=&#8221;on&#8221; include_categories=&#8221;115&#8243; _builder_version=&#8221;4.27.4&#8243; _module_preset=&#8221;default&#8221; title_font=&#8221;Frank Ruhl Libre||||||||&#8221; title_text_align=&#8221;center&#8221; title_font_size=&#8221;17px&#8221; global_colors_info=&#8221;{}&#8221;][\/et_pb_shop][\/et_pb_column][\/et_pb_row][et_pb_row _builder_version=&#8221;4.27.4&#8243; _module_preset=&#8221;default&#8221;][et_pb_column _builder_version=&#8221;4.27.4&#8243; _module_preset=&#8221;default&#8221; type=&#8221;4_4&#8243;][et_pb_divider _builder_version=&#8221;4.27.4&#8243; _module_preset=&#8221;default&#8221; color=&#8221;#E09900&#8243; hover_enabled=&#8221;0&#8243; sticky_enabled=&#8221;0&#8243;][\/et_pb_divider][\/et_pb_column][\/et_pb_row][et_pb_row _builder_version=&#8221;4.27.4&#8243; _module_preset=&#8221;default&#8221; column_structure=&#8221;1_2,1_2&#8243;][et_pb_column _builder_version=&#8221;4.27.4&#8243; _module_preset=&#8221;default&#8221; type=&#8221;1_2&#8243;][et_pb_image src=&#8221;https:\/\/fmp-components.com\/wp-content\/uploads\/2025\/04\/Ring_Pinion_2.gif&#8221; _builder_version=&#8221;4.27.4&#8243; _module_preset=&#8221;default&#8221; alt=&#8221;Ring_Pinion&#8221; title_text=&#8221;Ring_Pinion_2&#8243; hover_enabled=&#8221;0&#8243; sticky_enabled=&#8221;0&#8243;][\/et_pb_image][\/et_pb_column][et_pb_column _builder_version=&#8221;4.27.4&#8243; _module_preset=&#8221;default&#8221; type=&#8221;1_2&#8243;][et_pb_text _builder_version=&#8221;4.27.4&#8243; _module_preset=&#8221;default&#8221; header_3_font=&#8221;Frank Ruhl Libre||||||||&#8221; header_3_font_size=&#8221;30px&#8221; text_font_size=&#8221;16px&#8221; text_line_height=&#8221;1.8em&#8221; hover_enabled=&#8221;0&#8243; sticky_enabled=&#8221;0&#8243;]<\/p>\n<div>\n<h3 dir=\"auto\" class=\"\">Pre\u010do si vybra\u0165 ozuben\u00e9 koles\u00e1 s vejcom a pastorkom<\/h3>\n<p dir=\"auto\" class=\"break-words\">Ozuben\u00e9 koles\u00e1 s\u00fa z\u00e1kladn\u00fdmi s\u00fa\u010das\u0165ami pohonu vozidla, ktor\u00e9 efekt\u00edvne pren\u00e1\u0161aj\u00fa kr\u00fatiaci moment z motora na koles\u00e1 presmerovan\u00edm v\u00fdkonu o 90 stup\u0148ov cez diferenci\u00e1l. Spomedzi r\u00f4znych dostupn\u00fdch met\u00f3d vynikaj\u00fa hypoidn\u00e9 ozuben\u00e9 koles\u00e1 ako preferovan\u00e1 vo\u013eba v automobilovom priemysle v\u010faka svojej vynikaj\u00facej pevnosti, tich\u0161ej prev\u00e1dzke a schopnosti zvl\u00e1da\u0165 vy\u0161\u0161ie reduk\u010dn\u00e9 pomery. V spolo\u010dnosti FMP sme hrd\u00ed na to, \u017ee sme najlep\u0161\u00edm v\u00fdrobcom a dod\u00e1vate\u013eom ozuben\u00fdch kolies a dod\u00e1vame ozuben\u00e9 koles\u00e1 na mieru prisp\u00f4soben\u00e9 va\u0161im \u0161pecifick\u00fdm potreb\u00e1m. \u010ci u\u017e optimalizujete v\u00fdkon na ceste, odolnos\u0165 v ter\u00e9ne alebo presnos\u0165 pripraven\u00fa na preteky, ozuben\u00e9 koles\u00e1 FMP zaru\u010duj\u00fa bezkonkuren\u010dn\u00fa spo\u013eahlivos\u0165 a \u00fa\u010dinnos\u0165.<\/p>\n<\/div>\n<p>[\/et_pb_text][\/et_pb_column][\/et_pb_row][et_pb_row _builder_version=&#8221;4.27.4&#8243; _module_preset=&#8221;default&#8221; column_structure=&#8221;1_2,1_2&#8243;][et_pb_column _builder_version=&#8221;4.27.4&#8243; _module_preset=&#8221;default&#8221; type=&#8221;1_2&#8243;][et_pb_text _builder_version=&#8221;4.27.4&#8243; _module_preset=&#8221;default&#8221; text_font_size=&#8221;16px&#8221; text_line_height=&#8221;1.8em&#8221; header_3_font=&#8221;Frank Ruhl Libre||||||||&#8221; header_3_font_size=&#8221;30px&#8221; hover_enabled=&#8221;0&#8243; sticky_enabled=&#8221;0&#8243;]<\/p>\n<div>\n<h3 dir=\"auto\" class=\"\">Vynikaj\u00faca kvalita od FMP<\/h3>\n<p dir=\"auto\" class=\"break-words\">V\u00fdkon ozuben\u00fdch kolies s vejcami a pastorkami z\u00e1vis\u00ed vo ve\u013ekej miere od ich kon\u0161trukcie, materi\u00e1lov a presnosti v\u00fdroby \u2013 oblast\u00ed, kde spolo\u010dnos\u0165 FMP vynik\u00e1 ako l\u00edder v tomto odvetv\u00ed. Na\u0161e vlastn\u00e9 ozuben\u00e9 koles\u00e1 s vejcami a pastorkami s\u00fa vyroben\u00e9 s pou\u017eit\u00edm najmodernej\u0161\u00edch technol\u00f3gi\u00ed a sp\u013a\u0148aj\u00fa najvy\u0161\u0161ie \u0161tandardy vr\u00e1tane certifik\u00e1ci\u00ed TS16949, ISO9001 a ISO14001. Spolo\u010dnos\u0165 FMP pon\u00faka r\u00f4zne prevodov\u00e9 pomery a tolerancie a poskytuje najlep\u0161ie ozuben\u00e9 koles\u00e1 s vejcami a pastorkami pre aplik\u00e1cie od \u0165ahania \u0165a\u017ek\u00fdch vozidiel a\u017e po vysokor\u00fdchlostn\u00e9 preteky. V\u010faka pokro\u010dil\u00fdm procesom tepeln\u00e9ho spracovania a pr\u00edsnemu testovaniu kvality poskytuj\u00fa na\u0161e ozuben\u00e9 koles\u00e1 v\u00fdnimo\u010dn\u00fa odolnos\u0165 a prenos v\u00fdkonu, v\u010faka \u010domu je spolo\u010dnos\u0165 FMP najlep\u0161ou vo\u013ebou pre v\u00fdrobcov a nad\u0161encov v Spojen\u00fdch \u0161t\u00e1toch, Mexiku a Kanade.<\/p>\n<\/div>\n<p>[\/et_pb_text][\/et_pb_column][et_pb_column _builder_version=&#8221;4.27.4&#8243; _module_preset=&#8221;default&#8221; type=&#8221;1_2&#8243;][et_pb_image src=&#8221;https:\/\/fmp-components.com\/wp-content\/uploads\/2025\/04\/ring-and-pinion-gears-manufacturer.webp&#8221; _builder_version=&#8221;4.27.4&#8243; _module_preset=&#8221;default&#8221; alt=&#8221;ring-and-pinion-gears-manufacturer&#8221; title_text=&#8221;ring-and-pinion-gears-manufacturer&#8221; hover_enabled=&#8221;0&#8243; sticky_enabled=&#8221;0&#8243;][\/et_pb_image][\/et_pb_column][\/et_pb_row][\/et_pb_section][et_pb_section fb_built=&#8221;1&#8243; _builder_version=&#8221;4.27.4&#8243; _module_preset=&#8221;default&#8221; use_background_color_gradient=&#8221;on&#8221; background_color_gradient_stops=&#8221;rgba(0,0,0,0.37) 0%|rgba(0,0,0,0.26) 100%&#8221; background_color_gradient_overlays_image=&#8221;on&#8221; background_image=&#8221;https:\/\/fmp-components.com\/wp-content\/uploads\/2025\/04\/ring-and-pinion-gears-foot-1.webp&#8221; min_height=&#8221;386px&#8221; global_colors_info=&#8221;{}&#8221;][et_pb_row _builder_version=&#8221;4.27.4&#8243; _module_preset=&#8221;default&#8221; background_color=&#8221;#FFFFFF&#8221; custom_margin=&#8221;0px||0px||false|false&#8221; custom_padding=&#8221;20px|20px|20px|20px|false|false&#8221; box_shadow_style=&#8221;preset1&#8243; global_colors_info=&#8221;{}&#8221;][et_pb_column type=&#8221;4_4&#8243; _builder_version=&#8221;4.27.4&#8243; _module_preset=&#8221;default&#8221; global_colors_info=&#8221;{}&#8221;][et_pb_text _builder_version=&#8221;4.27.4&#8243; _module_preset=&#8221;default&#8221; header_font=&#8221;Frank Ruhl Libre||||||||&#8221; header_font_size=&#8221;40px&#8221; header_2_font=&#8221;Frank Ruhl Libre||||||||&#8221; header_2_font_size=&#8221;40px&#8221; global_colors_info=&#8221;{}&#8221;]<\/p>\n<h2 style=\"text-align: center;\">Ozuben\u00e9 koles\u00e1 a pastorky na mieru<\/h2>\n<p>[\/et_pb_text][et_pb_text _builder_version=&#8221;4.27.4&#8243; _module_preset=&#8221;default&#8221; text_text_color=&#8221;#000000&#8243; text_font_size=&#8221;16px&#8221; text_line_height=&#8221;1.8em&#8221; global_colors_info=&#8221;{}&#8221;]<\/p>\n<p>V spolo\u010dnosti FMP sa \u0161pecializujeme na v\u00fdrobu vysokokvalitn\u00fdch z\u00e1vesn\u00fdch a pastorkov\u00fdch ozuben\u00fdch kolies na mieru, ktor\u00e9 s\u00fa navrhnut\u00e9 tak, aby maximalizovali v\u00fdkon v\u00e1\u0161ho pohonu, \u010di u\u017e ste v Mil\u00e1ne, Ben\u00e1tkach, Florencii, Bologni alebo kdeko\u013evek inde v Taliansku. Ako popredn\u00fd v\u00fdrobca vyr\u00e1bame \u0161irok\u00fa \u0161k\u00e1lu z\u00e1vesn\u00fdch a pastorkov\u00fdch ozuben\u00fdch kolies v r\u00f4znych pomeroch, priemeroch a po\u010dte dr\u00e1\u017eok, aby vyhovovali akejko\u013evek kon\u0161trukcii vozidla. Na\u0161e pr\u00e9miov\u00e9 ponuky konkuruj\u00fa gigantom v tomto odvetv\u00ed, ako s\u00fa Yukon Gear &amp; Axle, Strange Engineering a Richmond Gear, a poskytuj\u00fa v\u00fdnimo\u010dn\u00fa odolnos\u0165 a presnos\u0165 v\u010faka pokro\u010dil\u00e9mu dizajnu a technik\u00e1m tepeln\u00e9ho spracovania.<\/p>\n<p style=\"text-align: center;\">S hrdos\u0165ou pon\u00fakame plne prisp\u00f4soben\u00e9 rie\u0161enia prisp\u00f4soben\u00e9 va\u0161im \u0161pecifick\u00fdm potreb\u00e1m. Ak v na\u0161om zozname produktov nevid\u00edte model, ktor\u00fd h\u013ead\u00e1te, nebojte sa. Znamen\u00e1 to jednoducho, \u017ee sme ho e\u0161te nemali mo\u017enos\u0165 nahra\u0165! Po\u0161lite n\u00e1m e-mail s va\u0161imi po\u017eiadavkami a na\u0161i odborn\u00ed technici v\u00e1m do 24 hod\u00edn odpovedia s personalizovan\u00fdm rie\u0161en\u00edm. FMP je va\u0161\u00edm d\u00f4veryhodn\u00fdm partnerom pre \u0161pi\u010dkov\u00e9 ozuben\u00e9 koles\u00e1 a pastorky v Taliansku. Kontaktujte n\u00e1s e\u0161te dnes a po\u010fme s va\u0161\u00edm projektom za\u010da\u0165!<\/p>\n<p>[\/et_pb_text][\/et_pb_column][\/et_pb_row][\/et_pb_section]<\/p>","protected":false},"excerpt":{"rendered":"<p>Ring and Pinion GearsIf the product you need is not listed, go ahead and get a free quote!Best Ring and Pinion Gears Why Choose Ring and Pinion Gears Ring and pinion gears are essential components in a vehicle\u2019s drivetrain, efficiently transferring torque from the engine to the wheels by redirecting power 90 degrees through the [&hellip;]<\/p>","protected":false},"author":2,"featured_media":0,"parent":0,"menu_order":0,"comment_status":"closed","ping_status":"closed","template":"","meta":{"_et_pb_use_builder":"on","_et_pb_old_content":"","_et_gb_content_width":"","footnotes":""},"class_list":["post-7847","page","type-page","status-publish","hentry"],"_links":{"self":[{"href":"https:\/\/fmp-components.com\/sk\/wp-json\/wp\/v2\/pages\/7847","targetHints":{"allow":["GET"]}}],"collection":[{"href":"https:\/\/fmp-components.com\/sk\/wp-json\/wp\/v2\/pages"}],"about":[{"href":"https:\/\/fmp-components.com\/sk\/wp-json\/wp\/v2\/types\/page"}],"author":[{"embeddable":true,"href":"https:\/\/fmp-components.com\/sk\/wp-json\/wp\/v2\/users\/2"}],"replies":[{"embeddable":true,"href":"https:\/\/fmp-components.com\/sk\/wp-json\/wp\/v2\/comments?post=7847"}],"version-history":[{"count":12,"href":"https:\/\/fmp-components.com\/sk\/wp-json\/wp\/v2\/pages\/7847\/revisions"}],"predecessor-version":[{"id":7900,"href":"https:\/\/fmp-components.com\/sk\/wp-json\/wp\/v2\/pages\/7847\/revisions\/7900"}],"wp:attachment":[{"href":"https:\/\/fmp-components.com\/sk\/wp-json\/wp\/v2\/media?parent=7847"}],"curies":[{"name":"pracovn\u00fd list","href":"https:\/\/api.w.org\/{rel}","templated":true}]}}