{"id":7662,"date":"2025-04-03T00:48:28","date_gmt":"2025-04-03T00:48:28","guid":{"rendered":"https:\/\/fmp-components.com\/?page_id=7662"},"modified":"2025-04-03T02:24:42","modified_gmt":"2025-04-03T02:24:42","slug":"marine-hydraulic-cylinders","status":"publish","type":"page","link":"https:\/\/fmp-components.com\/sk\/marine-hydraulic-cylinders\/","title":{"rendered":"N\u00e1morn\u00e9 hydraulick\u00e9 valce"},"content":{"rendered":"<p>[et_pb_section fb_built=&#8221;1&#8243; theme_builder_area=&#8221;post_content&#8221; _builder_version=&#8221;4.27.4&#8243; _module_preset=&#8221;default&#8221; alt=&#8221;Marine-Hydraulic-cylinder&#8221; title_text=&#8221;Marine-Hydraulic-cylinder&#8221; background_image=&#8221;https:\/\/fmp-components.com\/wp-content\/uploads\/2025\/04\/Marine-Hydraulic-cylinder.webp&#8221; hover_enabled=&#8221;0&#8243; sticky_enabled=&#8221;0&#8243; min_height=&#8221;408px&#8221; use_background_color_gradient=&#8221;on&#8221; background_color_gradient_stops=&#8221;rgba(0,0,0,0.43) 0%|rgba(0,0,0,0.21) 100%&#8221; background_color_gradient_overlays_image=&#8221;on&#8221;][et_pb_row _builder_version=&#8221;4.27.4&#8243; _module_preset=&#8221;default&#8221; theme_builder_area=&#8221;post_content&#8221; custom_margin=&#8221;50px||||false|false&#8221; hover_enabled=&#8221;0&#8243; sticky_enabled=&#8221;0&#8243;][et_pb_column _builder_version=&#8221;4.27.4&#8243; _module_preset=&#8221;default&#8221; type=&#8221;4_4&#8243; theme_builder_area=&#8221;post_content&#8221;][et_pb_text _builder_version=&#8221;4.27.4&#8243; _module_preset=&#8221;default&#8221; theme_builder_area=&#8221;post_content&#8221; header_font=&#8221;Frank Ruhl Libre||||||||&#8221; header_font_size=&#8221;60px&#8221; header_text_color=&#8221;#FFFFFF&#8221; header_text_shadow_style=&#8221;preset1&#8243; hover_enabled=&#8221;0&#8243; sticky_enabled=&#8221;0&#8243;]<\/p>\n<h1 style=\"text-align: center;\">N\u00e1morn\u00fd hydraulick\u00fd valec<\/h1>\n<p>[\/et_pb_text][\/et_pb_column][\/et_pb_row][\/et_pb_section][et_pb_section fb_built=&#8221;1&#8243; theme_builder_area=&#8221;post_content&#8221; _builder_version=&#8221;4.27.4&#8243; _module_preset=&#8221;default&#8221; custom_padding=&#8221;||2px|||&#8221;][et_pb_row _builder_version=&#8221;4.27.4&#8243; _module_preset=&#8221;default&#8221; theme_builder_area=&#8221;post_content&#8221;][et_pb_column _builder_version=&#8221;4.27.4&#8243; _module_preset=&#8221;default&#8221; type=&#8221;4_4&#8243; theme_builder_area=&#8221;post_content&#8221;][et_pb_text _builder_version=&#8221;4.27.4&#8243; _module_preset=&#8221;default&#8221; theme_builder_area=&#8221;post_content&#8221; header_2_font=&#8221;Frank Ruhl Libre||||||||&#8221; hover_enabled=&#8221;0&#8243; sticky_enabled=&#8221;0&#8243; header_2_font_size=&#8221;40px&#8221;]<\/p>\n<h2 style=\"text-align: center;\">Typy n\u00e1morn\u00fdch hydraulick\u00fdch valcov<\/h2>\n<p>[\/et_pb_text][\/et_pb_column][\/et_pb_row][et_pb_row _builder_version=&#8221;4.27.4&#8243; _module_preset=&#8221;default&#8221; theme_builder_area=&#8221;post_content&#8221;][et_pb_column _builder_version=&#8221;4.27.4&#8243; _module_preset=&#8221;default&#8221; type=&#8221;4_4&#8243; theme_builder_area=&#8221;post_content&#8221;][et_pb_shop _builder_version=&#8221;4.27.4&#8243; _module_preset=&#8221;default&#8221; theme_builder_area=&#8221;post_content&#8221; hover_enabled=&#8221;0&#8243; sticky_enabled=&#8221;0&#8243; type=&#8221;product_category&#8221; include_categories=&#8221;28&#8243; columns_number=&#8221;3&#8243; title_text_align=&#8221;center&#8221; title_font_size=&#8221;18px&#8221; title_font=&#8221;Frank Ruhl Libre||||||||&#8221;][\/et_pb_shop][\/et_pb_column][\/et_pb_row][\/et_pb_section][et_pb_section fb_built=&#8221;1&#8243; theme_builder_area=&#8221;post_content&#8221; _builder_version=&#8221;4.27.4&#8243; _module_preset=&#8221;default&#8221; custom_padding=&#8221;||7px|||&#8221;][et_pb_row _builder_version=&#8221;4.27.4&#8243; _module_preset=&#8221;default&#8221; theme_builder_area=&#8221;post_content&#8221;][et_pb_column _builder_version=&#8221;4.27.4&#8243; _module_preset=&#8221;default&#8221; type=&#8221;4_4&#8243; theme_builder_area=&#8221;post_content&#8221;][et_pb_text _builder_version=&#8221;4.27.4&#8243; _module_preset=&#8221;default&#8221; theme_builder_area=&#8221;post_content&#8221; header_3_font=&#8221;Frank Ruhl Libre||||||||&#8221; header_3_font_size=&#8221;40px&#8221; hover_enabled=&#8221;0&#8243; sticky_enabled=&#8221;0&#8243;]<\/p>\n<h3 style=\"text-align: center;\">FMP: Pr\u00e9miov\u00e9 lodn\u00e9 hydraulick\u00e9 valce pre potreby \u0165a\u017eby na mori v Taliansku<\/h3>\n<p>[\/et_pb_text][\/et_pb_column][\/et_pb_row][et_pb_row _builder_version=&#8221;4.27.4&#8243; _module_preset=&#8221;default&#8221; column_structure=&#8221;1_2,1_2&#8243; theme_builder_area=&#8221;post_content&#8221; use_custom_gutter=&#8221;on&#8221; gutter_width=&#8221;2&#8243; hover_enabled=&#8221;0&#8243; sticky_enabled=&#8221;0&#8243;][et_pb_column _builder_version=&#8221;4.27.4&#8243; _module_preset=&#8221;default&#8221; type=&#8221;1_2&#8243; theme_builder_area=&#8221;post_content&#8221;][et_pb_image src=&#8221;https:\/\/fmp-components.com\/wp-content\/uploads\/2025\/04\/Marine-Hydraulic-cylinder-3.webp&#8221; _builder_version=&#8221;4.27.4&#8243; _module_preset=&#8221;default&#8221; theme_builder_area=&#8221;post_content&#8221; alt=&#8221;Marine-Hydraulic-cylinder&#8221; title_text=&#8221;Marine-Hydraulic-cylinder-3&#8243; hover_enabled=&#8221;0&#8243; sticky_enabled=&#8221;0&#8243;][\/et_pb_image][\/et_pb_column][et_pb_column _builder_version=&#8221;4.27.4&#8243; _module_preset=&#8221;default&#8221; type=&#8221;1_2&#8243; theme_builder_area=&#8221;post_content&#8221;][et_pb_text _builder_version=&#8221;4.27.4&#8243; _module_preset=&#8221;default&#8221; theme_builder_area=&#8221;post_content&#8221; header_3_font=&#8221;Frank Ruhl Libre||||||||&#8221; header_3_font_size=&#8221;24px&#8221; text_font_size=&#8221;16px&#8221; text_line_height=&#8221;1.8em&#8221; hover_enabled=&#8221;0&#8243; sticky_enabled=&#8221;0&#8243;]<\/p>\n<div>\n<h3>Navrhnut\u00e9 pre odolnos\u0165 a v\u00fdkon<\/h3>\n<p class=\"break-words\">N\u00e1morn\u00e9 hydraulick\u00e9 valce s\u00fa d\u00f4le\u017eit\u00fdmi komponentmi v n\u00e1mornom a pobre\u017enom priemysle, ktor\u00e9 poh\u00e1\u0148aj\u00fa z\u00e1kladn\u00e9 syst\u00e9my, ako s\u00fa riadiace, nakladacie a ovl\u00e1dacie zariadenia. Tieto valce s\u00fa neust\u00e1le vystaven\u00e9 drsn\u00fdm podmienkam, ako je slan\u00e1 voda, vlhkos\u0165 a extr\u00e9mne po\u010dasie, \u010do si vy\u017eaduje v\u00fdnimo\u010dn\u00fa odolnos\u0165 proti kor\u00f3zii, aby sa zabezpe\u010dila spo\u013eahlivos\u0165 a dlh\u00e1 \u017eivotnos\u0165. V spolo\u010dnosti FMP sa \u0161pecializujeme na v\u00fdrobu n\u00e1morn\u00fdch hydraulick\u00fdch valcov navrhnut\u00fdch tak, aby tieto v\u00fdzvy \u010delili priamo. Na\u0161e produkty, vyroben\u00e9 z prvotriednych materi\u00e1lov, ako je nehrdzavej\u00faca oce\u013e, chr\u00f3movanie a nikel, poskytuj\u00fa bezkonkuren\u010dn\u00fa odolnos\u0165 a v\u00fdkon, v\u010faka \u010domu s\u00fa ide\u00e1lne pre aplik\u00e1cie od bagrov a \u010dlnov a\u017e po palubn\u00e9 nadstavby a podmorsk\u00e9 zariadenia.<\/p>\n<\/div>\n<p>[\/et_pb_text][\/et_pb_column][\/et_pb_row][et_pb_row _builder_version=&#8221;4.27.4&#8243; _module_preset=&#8221;default&#8221; column_structure=&#8221;1_2,1_2&#8243; theme_builder_area=&#8221;post_content&#8221; use_custom_gutter=&#8221;on&#8221; gutter_width=&#8221;2&#8243; hover_enabled=&#8221;0&#8243; sticky_enabled=&#8221;0&#8243;][et_pb_column _builder_version=&#8221;4.27.4&#8243; _module_preset=&#8221;default&#8221; type=&#8221;1_2&#8243; theme_builder_area=&#8221;post_content&#8221;][et_pb_text _builder_version=&#8221;4.27.4&#8243; _module_preset=&#8221;default&#8221; theme_builder_area=&#8221;post_content&#8221; header_3_font=&#8221;Frank Ruhl Libre||||||||&#8221; header_3_font_size=&#8221;24px&#8221; text_font_size=&#8221;16px&#8221; text_line_height=&#8221;1.8em&#8221; hover_enabled=&#8221;0&#8243; sticky_enabled=&#8221;0&#8243;]<\/p>\n<div>\n<h3>FMP: V\u00e1\u0161 zdroj pre rozmanit\u00e9 a z\u00e1kazkov\u00e9 lodn\u00e9 hydraulick\u00e9 valce<\/h3>\n<p class=\"break-words\">Spolo\u010dnos\u0165 FMP hrdo vyr\u00e1ba \u0161irok\u00fd sortiment lodn\u00fdch hydraulick\u00fdch valcov, ktor\u00e9 sp\u013a\u0148aj\u00fa rozmanit\u00e9 potreby n\u00e1morn\u00e9ho a pobre\u017en\u00e9ho sektora. Na\u0161a ponuka zah\u0155\u0148a zv\u00e1ran\u00e9 hydraulick\u00e9 valce, teleskopick\u00e9 hydraulick\u00e9 valce, inteligentn\u00e9 hydraulick\u00e9 valce so sn\u00edman\u00edm polohy, hydraulick\u00e9 valce s integrovan\u00fdm ventilom a vysokotlakov\u00e9 hydraulick\u00e9 valce \u2013 v\u0161etky s\u00fa vyroben\u00e9 tak, aby odolali najn\u00e1ro\u010dnej\u0161\u00edm n\u00e1morn\u00fdm podmienkam. Okrem n\u00e1\u0161ho \u0161tandardn\u00e9ho katal\u00f3gu vynik\u00e1me v navrhovan\u00ed a v\u00fdrobe hydraulick\u00fdch valcov na mieru prisp\u00f4soben\u00fdch va\u0161im \u0161pecifick\u00fdm po\u017eiadavk\u00e1m, \u010di u\u017e ide o prostredie s vysok\u00fdmi teplotami, n\u00e1ro\u010dn\u00fa prev\u00e1dzku alebo \u0161pecializovan\u00e9 podmorsk\u00e9 aplik\u00e1cie. Na\u0161e produkty s\u00fa certifikovan\u00e9 medzin\u00e1rodn\u00fdmi organiz\u00e1ciami ako DNVGL, Lloyds Register a ABS a zaru\u010duj\u00fa kvalitu a s\u00falad s predpismi, \u010d\u00edm zabezpe\u010duj\u00fa hladk\u00fd priebeh va\u0161ich n\u00e1morn\u00fdch projektov.<\/p>\n<\/div>\n<p>[\/et_pb_text][\/et_pb_column][et_pb_column _builder_version=&#8221;4.27.4&#8243; _module_preset=&#8221;default&#8221; type=&#8221;1_2&#8243; theme_builder_area=&#8221;post_content&#8221;][et_pb_image src=&#8221;https:\/\/fmp-components.com\/wp-content\/uploads\/2025\/04\/Marine-Hydraulic-cylinder-6.webp&#8221; _builder_version=&#8221;4.27.4&#8243; _module_preset=&#8221;default&#8221; theme_builder_area=&#8221;post_content&#8221; alt=&#8221;Marine-Hydraulic-cylinder&#8221; title_text=&#8221;Marine-Hydraulic-cylinder-6&#8243; hover_enabled=&#8221;0&#8243; sticky_enabled=&#8221;0&#8243;][\/et_pb_image][\/et_pb_column][\/et_pb_row][\/et_pb_section][et_pb_section fb_built=&#8221;1&#8243; theme_builder_area=&#8221;post_content&#8221; _builder_version=&#8221;4.27.4&#8243; _module_preset=&#8221;default&#8221; alt=&#8221;Marine-Hydraulic-cylinder&#8221; title_text=&#8221;Marine-Hydraulic-cylinder-4&#8243; background_image=&#8221;https:\/\/fmp-components.com\/wp-content\/uploads\/2025\/04\/Marine-Hydraulic-cylinder-4.webp&#8221; hover_enabled=&#8221;0&#8243; sticky_enabled=&#8221;0&#8243; min_height=&#8221;382px&#8221; use_background_color_gradient=&#8221;on&#8221; background_color_gradient_stops=&#8221;rgba(0,0,0,0.36) 0%|rgba(0,0,0,0.28) 100%&#8221; background_color_gradient_overlays_image=&#8221;on&#8221;][et_pb_row _builder_version=&#8221;4.27.4&#8243; _module_preset=&#8221;default&#8221; theme_builder_area=&#8221;post_content&#8221;][et_pb_column _builder_version=&#8221;4.27.4&#8243; _module_preset=&#8221;default&#8221; type=&#8221;4_4&#8243; theme_builder_area=&#8221;post_content&#8221;][et_pb_text _builder_version=&#8221;4.27.4&#8243; _module_preset=&#8221;default&#8221; theme_builder_area=&#8221;post_content&#8221; header_3_font=&#8221;Frank Ruhl Libre||||||||&#8221; header_3_text_align=&#8221;center&#8221; header_3_font_size=&#8221;32px&#8221; header_3_text_color=&#8221;#FFFFFF&#8221; hover_enabled=&#8221;0&#8243; sticky_enabled=&#8221;0&#8243; text_text_color=&#8221;#FFFFFF&#8221; text_orientation=&#8221;center&#8221; text_font_size=&#8221;16px&#8221; text_line_height=&#8221;1.8em&#8221;]<\/p>\n<div>\n<h3>Poskytujeme odborn\u00e9 rie\u0161enia pre taliansky n\u00e1morn\u00fd priemysel<\/h3>\n<p class=\"break-words\">Spolo\u010dnos\u0165 FMP sa zav\u00e4zuje podporova\u0165 n\u00e1morn\u00fdch a pobre\u017en\u00fdch profesion\u00e1lov v celom Taliansku, od ru\u0161n\u00fdch loden\u00edc v Ben\u00e1tkach a\u017e po priemyseln\u00e9 centr\u00e1 Mil\u00e1na, Bologne a Florencie. Na\u0161e vysokokvalitn\u00e9 hydraulick\u00e9 valce s\u00fa d\u00f4veryhodn\u00e9 v celej krajine a poskytuj\u00fa spo\u013eahliv\u00e9 rie\u0161enia pre n\u00e1morn\u00e9 aplik\u00e1cie v t\u00fdchto k\u013e\u00fa\u010dov\u00fdch mest\u00e1ch a aj mimo nich. Ak v na\u0161om zozname produktov nen\u00e1jdete presn\u00fd model, ktor\u00fd potrebujete, nebojte sa \u2013 mo\u017eno e\u0161te nebol nahran\u00fd. Jednoducho n\u00e1m po\u0161lite e-mail s va\u0161imi \u0161pecifik\u00e1ciami a na\u0161i sk\u00fasen\u00ed technici v\u00e1m do 24 hod\u00edn odpovedia s rie\u0161en\u00edm na mieru. Kontaktujte spolo\u010dnos\u0165 FMP e\u0161te dnes a za\u017eite \u0161pi\u010dkov\u00fd servis a odborn\u00e9 znalosti v oblasti hydrauliky, bez oh\u013eadu na to, kde sa v Taliansku nach\u00e1dzate.<\/p>\n<\/div>\n<p>[\/et_pb_text][\/et_pb_column][\/et_pb_row][\/et_pb_section]<\/p>","protected":false},"excerpt":{"rendered":"<p>Marine Hydraulic CylinderTypes of Marine Hydraulic CylinderFMP: Premium Marine Hydraulic Cylinders for Italy\u2019s Offshore Needs Engineered for Durability and Performance Marine hydraulic cylinders are vital components in the marine and offshore industry, driving essential systems such as steering, loading, and control equipment. These cylinders face constant exposure to harsh conditions like saltwater, humidity, and extreme [&hellip;]<\/p>","protected":false},"author":2,"featured_media":0,"parent":0,"menu_order":0,"comment_status":"closed","ping_status":"closed","template":"","meta":{"_et_pb_use_builder":"on","_et_pb_old_content":"","_et_gb_content_width":"","footnotes":""},"class_list":["post-7662","page","type-page","status-publish","hentry"],"_links":{"self":[{"href":"https:\/\/fmp-components.com\/sk\/wp-json\/wp\/v2\/pages\/7662","targetHints":{"allow":["GET"]}}],"collection":[{"href":"https:\/\/fmp-components.com\/sk\/wp-json\/wp\/v2\/pages"}],"about":[{"href":"https:\/\/fmp-components.com\/sk\/wp-json\/wp\/v2\/types\/page"}],"author":[{"embeddable":true,"href":"https:\/\/fmp-components.com\/sk\/wp-json\/wp\/v2\/users\/2"}],"replies":[{"embeddable":true,"href":"https:\/\/fmp-components.com\/sk\/wp-json\/wp\/v2\/comments?post=7662"}],"version-history":[{"count":14,"href":"https:\/\/fmp-components.com\/sk\/wp-json\/wp\/v2\/pages\/7662\/revisions"}],"predecessor-version":[{"id":7688,"href":"https:\/\/fmp-components.com\/sk\/wp-json\/wp\/v2\/pages\/7662\/revisions\/7688"}],"wp:attachment":[{"href":"https:\/\/fmp-components.com\/sk\/wp-json\/wp\/v2\/media?parent=7662"}],"curies":[{"name":"pracovn\u00fd list","href":"https:\/\/api.w.org\/{rel}","templated":true}]}}