{"id":7598,"date":"2025-04-02T00:58:45","date_gmt":"2025-04-02T00:58:45","guid":{"rendered":"https:\/\/fmp-components.com\/?page_id=7598"},"modified":"2025-04-02T01:58:25","modified_gmt":"2025-04-02T01:58:25","slug":"american-standard-series-hydraulic-cylinders","status":"publish","type":"page","link":"https:\/\/fmp-components.com\/sk\/american-standard-series-hydraulic-cylinders\/","title":{"rendered":"Hydraulick\u00e9 valce s\u00e9rie American Standard"},"content":{"rendered":"<p>[et_pb_section fb_built=&#8221;1&#8243; _builder_version=&#8221;4.27.4&#8243; _module_preset=&#8221;default&#8221; background_color=&#8221;gcid-1df04c5f-e996-4504-8faa-0a9ef0da2d4d&#8221; global_colors_info=&#8221;{%22gcid-1df04c5f-e996-4504-8faa-0a9ef0da2d4d%22:%91%22background_color%22%93}&#8221; theme_builder_area=&#8221;post_content&#8221;][et_pb_row _builder_version=&#8221;4.27.4&#8243; _module_preset=&#8221;default&#8221; global_colors_info=&#8221;{}&#8221; theme_builder_area=&#8221;post_content&#8221;][et_pb_column type=&#8221;4_4&#8243; _builder_version=&#8221;4.27.4&#8243; _module_preset=&#8221;default&#8221; global_colors_info=&#8221;{}&#8221; theme_builder_area=&#8221;post_content&#8221;][et_pb_text _builder_version=&#8221;4.27.4&#8243; _module_preset=&#8221;default&#8221; header_font=&#8221;Frank Ruhl Libre|500|||||||&#8221; header_text_align=&#8221;center&#8221; header_text_color=&#8221;#FFFFFF&#8221; header_font_size=&#8221;50px&#8221; hover_enabled=&#8221;0&#8243; header_text_shadow_style=&#8221;preset1&#8243; global_colors_info=&#8221;{}&#8221; theme_builder_area=&#8221;post_content&#8221; sticky_enabled=&#8221;0&#8243;]<\/p>\n<h1 class=\"et_pb_toggle_title\">Hydraulick\u00e9 valce s\u00e9rie American Standard<\/h1>\n<p>[\/et_pb_text][et_pb_text _builder_version=\u201d4.27.4\u2033 _module_preset=\u201dpredvolen\u00e9\u201d text_font=\u201dFrank Ruhl Libre|600|||||||\u201d text_text_color=\u201d#FFFFFF\u201d text_font_size=\u201d18px\u201d text_line_height=\u201d1.8em\u201d text_orientation=\u201dstred\u201d global_colors_info=\u201d{}\u201d theme_builder_area=\u201dpost_content\u201d]<\/p>\n<p>Ak nie je v zozname uveden\u00fd produkt, ktor\u00fd potrebujete, nev\u00e1hajte a z\u00edskajte bezplatn\u00fa cenov\u00fa ponuku!<\/p>\n<p>[\/et_pb_text][\/et_pb_column][\/et_pb_row][\/et_pb_section][et_pb_section fb_built=\u201d1\u2033 theme_builder_area=\u201dpost_content\u201d _builder_version=\u201d4.27.4\u2033 _module_preset=\u201ddefault\u201d][et_pb_row _builder_version=\u201d4.27.4\u2033 _module_preset=\u201ddefault\u201d theme_builder_area=\u201dpost_content\u201d][et_pb_column _builder_version=\u201d4.27.4\u2033 _module_preset=\u201ddefault\u201d type=\u201d4_4\u2033 theme_builder_area=\u201dpost_content\u201d][et_pb_shop _builder_version=\u201d4.27.4\u2033 _module_preset=\u201ddefault\u201d theme_builder_area=\u201dpost_content\u201d show_pagination=\u201don\u201d hover_enabled=\u201d0\u2033 sticky_enabled=\u201d0\u2033][\/et_pb_shop][\/et_pb_column][\/et_pb_row][\/et_pb_section]<\/p>","protected":false},"excerpt":{"rendered":"<p>Hydraulick\u00e9 valce s\u00e9rie American Standard Ak nie je v zozname uveden\u00fd produkt, ktor\u00fd potrebujete, z\u00edskajte bezplatn\u00fa cenov\u00fa ponuku!<\/p>","protected":false},"author":2,"featured_media":0,"parent":0,"menu_order":0,"comment_status":"closed","ping_status":"closed","template":"","meta":{"_et_pb_use_builder":"on","_et_pb_old_content":"","_et_gb_content_width":"","footnotes":""},"class_list":["post-7598","page","type-page","status-publish","hentry"],"_links":{"self":[{"href":"https:\/\/fmp-components.com\/sk\/wp-json\/wp\/v2\/pages\/7598","targetHints":{"allow":["GET"]}}],"collection":[{"href":"https:\/\/fmp-components.com\/sk\/wp-json\/wp\/v2\/pages"}],"about":[{"href":"https:\/\/fmp-components.com\/sk\/wp-json\/wp\/v2\/types\/page"}],"author":[{"embeddable":true,"href":"https:\/\/fmp-components.com\/sk\/wp-json\/wp\/v2\/users\/2"}],"replies":[{"embeddable":true,"href":"https:\/\/fmp-components.com\/sk\/wp-json\/wp\/v2\/comments?post=7598"}],"version-history":[{"count":4,"href":"https:\/\/fmp-components.com\/sk\/wp-json\/wp\/v2\/pages\/7598\/revisions"}],"predecessor-version":[{"id":7631,"href":"https:\/\/fmp-components.com\/sk\/wp-json\/wp\/v2\/pages\/7598\/revisions\/7631"}],"wp:attachment":[{"href":"https:\/\/fmp-components.com\/sk\/wp-json\/wp\/v2\/media?parent=7598"}],"curies":[{"name":"pracovn\u00fd list","href":"https:\/\/api.w.org\/{rel}","templated":true}]}}