{"id":7581,"date":"2025-03-31T05:23:31","date_gmt":"2025-03-31T05:23:31","guid":{"rendered":"https:\/\/fmp-components.com\/?page_id=7581"},"modified":"2025-04-02T01:46:51","modified_gmt":"2025-04-02T01:46:51","slug":"industrial-engineering-hydraulic-cylinders-2","status":"publish","type":"page","link":"https:\/\/fmp-components.com\/sk\/industrial-engineering-hydraulic-cylinders-2\/","title":{"rendered":"Hydraulick\u00e9 valce pre priemyseln\u00e9 in\u017einierstvo"},"content":{"rendered":"<p>[et_pb_section fb_built=&#8221;1&#8243; theme_builder_area=&#8221;post_content&#8221; _builder_version=&#8221;4.27.4&#8243; _module_preset=&#8221;default&#8221; alt=&#8221;Industrial-Engineering-Hydraulic-Cylinders&#8221; title_text=&#8221;Industrial-Engineering-Hydraulic-Cylinders-1&#8243; background_image=&#8221;https:\/\/fmp-components.com\/wp-content\/uploads\/2025\/04\/Industrial-Engineering-Hydraulic-Cylinders-1-1.webp&#8221; hover_enabled=&#8221;0&#8243; sticky_enabled=&#8221;0&#8243; custom_padding=&#8221;||146px|||&#8221;][et_pb_row _builder_version=&#8221;4.27.4&#8243; _module_preset=&#8221;default&#8221; theme_builder_area=&#8221;post_content&#8221; custom_margin=&#8221;50px||||false|false&#8221; hover_enabled=&#8221;0&#8243; sticky_enabled=&#8221;0&#8243;][et_pb_column _builder_version=&#8221;4.27.4&#8243; _module_preset=&#8221;default&#8221; type=&#8221;4_4&#8243; theme_builder_area=&#8221;post_content&#8221;][et_pb_text _builder_version=&#8221;4.27.4&#8243; _module_preset=&#8221;default&#8221; theme_builder_area=&#8221;post_content&#8221; header_font=&#8221;Frank Ruhl Libre||||||||&#8221; header_font_size=&#8221;60px&#8221; header_text_color=&#8221;#FFFFFF&#8221; header_text_shadow_style=&#8221;preset1&#8243; hover_enabled=&#8221;0&#8243; sticky_enabled=&#8221;0&#8243;]<\/p>\n<h1 style=\"text-align: center;\">Hydraulick\u00e9 valce pre priemyseln\u00e9 in\u017einierstvo<\/h1>\n<p>[\/et_pb_text][\/et_pb_column][\/et_pb_row][\/et_pb_section][et_pb_section fb_built=&#8221;1&#8243; theme_builder_area=&#8221;post_content&#8221; _builder_version=&#8221;4.27.4&#8243; _module_preset=&#8221;default&#8221; custom_padding=&#8221;||9px|||&#8221;][et_pb_row _builder_version=&#8221;4.27.4&#8243; _module_preset=&#8221;default&#8221; theme_builder_area=&#8221;post_content&#8221;][et_pb_column _builder_version=&#8221;4.27.4&#8243; _module_preset=&#8221;default&#8221; type=&#8221;4_4&#8243; theme_builder_area=&#8221;post_content&#8221;][et_pb_text _builder_version=&#8221;4.27.4&#8243; _module_preset=&#8221;default&#8221; theme_builder_area=&#8221;post_content&#8221; header_2_font=&#8221;Frank Ruhl Libre||||||||&#8221; header_2_font_size=&#8221;30px&#8221; hover_enabled=&#8221;0&#8243; sticky_enabled=&#8221;0&#8243;]<\/p>\n<h2 style=\"text-align: center;\">Typy hydraulick\u00fdch valcov pre priemyseln\u00e9 in\u017einierstvo<\/h2>\n<p>[\/et_pb_text][et_pb_shop _builder_version=&#8221;4.27.4&#8243; _module_preset=&#8221;default&#8221; theme_builder_area=&#8221;post_content&#8221; show_pagination=&#8221;on&#8221; hover_enabled=&#8221;0&#8243; sticky_enabled=&#8221;0&#8243;][\/et_pb_shop][\/et_pb_column][\/et_pb_row][\/et_pb_section][et_pb_section fb_built=&#8221;1&#8243; theme_builder_area=&#8221;post_content&#8221; _builder_version=&#8221;4.27.4&#8243; _module_preset=&#8221;default&#8221;][et_pb_row _builder_version=&#8221;4.27.4&#8243; _module_preset=&#8221;default&#8221; column_structure=&#8221;1_2,1_2&#8243; theme_builder_area=&#8221;post_content&#8221; width=&#8221;100%&#8221; max_width=&#8221;1250px&#8221; hover_enabled=&#8221;0&#8243; sticky_enabled=&#8221;0&#8243;][et_pb_column _builder_version=&#8221;4.27.4&#8243; _module_preset=&#8221;default&#8221; type=&#8221;1_2&#8243; theme_builder_area=&#8221;post_content&#8221;][et_pb_image src=&#8221;https:\/\/fmp-components.com\/wp-content\/uploads\/2025\/04\/Industrial-Engineering-Hydraulic-Cylinders-Factory-2.webp&#8221; _builder_version=&#8221;4.27.4&#8243; _module_preset=&#8221;default&#8221; theme_builder_area=&#8221;post_content&#8221; alt=&#8221;Industrial-Engineering-Hydraulic-Cylinders-Factory&#8221; title_text=&#8221;Industrial-Engineering-Hydraulic-Cylinders-Factory-2&#8243; hover_enabled=&#8221;0&#8243; sticky_enabled=&#8221;0&#8243;][\/et_pb_image][\/et_pb_column][et_pb_column _builder_version=&#8221;4.27.4&#8243; _module_preset=&#8221;default&#8221; type=&#8221;1_2&#8243; theme_builder_area=&#8221;post_content&#8221;][et_pb_text _builder_version=&#8221;4.27.4&#8243; _module_preset=&#8221;default&#8221; theme_builder_area=&#8221;post_content&#8221; header_2_font=&#8221;Frank Ruhl Libre||||||||&#8221; text_font_size=&#8221;16px&#8221; text_line_height=&#8221;1.8em&#8221; hover_enabled=&#8221;0&#8243; sticky_enabled=&#8221;0&#8243;]<\/p>\n<h2>Vysokov\u00fdkonn\u00e9 hydraulick\u00e9 valce pre taliansky priemyseln\u00fd in\u017einiersky sektor<\/h2>\n<p>Spolo\u010dnos\u0165 FMP sa \u0161pecializuje na v\u00fdrobu pr\u00e9miov\u00fdch hydraulick\u00fdch valcov navrhnut\u00fdch tak, aby sp\u013a\u0148ali pr\u00edsne po\u017eiadavky priemyseln\u00fdch aplik\u00e1ci\u00ed. Od v\u00fdrobn\u00fdch centier v Mil\u00e1ne a\u017e po n\u00e1morn\u00fd priemysel v Ben\u00e1tkach, n\u00e1\u0161 rozmanit\u00fd sortiment produktov zah\u0155\u0148a\u00a0<em>zv\u00e1ran\u00e9 hydraulick\u00e9 valce<\/em>,\u00a0<em>integrovan\u00e9 ventilov\u00e9 valce<\/em>,\u00a0<em>inteligentn\u00e9 valce so sn\u00edman\u00edm polohy<\/em>a\u00a0<em>vysokotlakov\u00e9 modely<\/em>\u00a0navrhnut\u00e9 pre extr\u00e9mne prostredie. \u010ci u\u017e prev\u00e1dzkujete svoje projekty vo florentskom sektore presn\u00e9ho stroj\u00e1rstva alebo v bolonsk\u00fdch priemyseln\u00fdch odvetviach zameran\u00fdch na automatiz\u00e1ciu, dod\u00e1vame rie\u0161enia Purpose-Built\u2122 s certifikovanou kvalitou ISO 9001:2015. Prisp\u00f4sobenie je na\u0161ou prioritou \u2013 na\u0161i in\u017einieri spolupracuj\u00fa s integr\u00e1tormi, v\u00fdrobcami origin\u00e1lnych dielov (OEM) a predajcami po celom Taliansku na v\u00fdvoji hydraulick\u00fdch syst\u00e9mov na mieru vr\u00e1tane testovania prototypov a \u0161pecializovan\u00fdch certifik\u00e1ci\u00ed (ABS, ANSI). Ak po\u017eadovan\u00fd model nie je uveden\u00fd v zozname, po\u0161lite n\u00e1m priamo e-mail. N\u00e1\u0161 t\u00edm v\u00e1m odpovie do 24 hod\u00edn, aby potvrdil uskuto\u010dnite\u013enos\u0165, \u010d\u00edm zabezpe\u010d\u00ed, \u017ee \u017eiadny projekt v dynamickej priemyselnej krajine Talianska nebude \u010deli\u0165 oneskoreniam.<\/p>\n<p>[\/et_pb_text][\/et_pb_column][\/et_pb_row][et_pb_row _builder_version=&#8221;4.27.4&#8243; _module_preset=&#8221;default&#8221; column_structure=&#8221;1_2,1_2&#8243; theme_builder_area=&#8221;post_content&#8221; width=&#8221;100%&#8221; max_width=&#8221;1250px&#8221; hover_enabled=&#8221;0&#8243; sticky_enabled=&#8221;0&#8243;][et_pb_column _builder_version=&#8221;4.27.4&#8243; _module_preset=&#8221;default&#8221; type=&#8221;1_2&#8243; theme_builder_area=&#8221;post_content&#8221;][et_pb_text _builder_version=&#8221;4.27.4&#8243; _module_preset=&#8221;default&#8221; theme_builder_area=&#8221;post_content&#8221; header_2_font=&#8221;Frank Ruhl Libre||||||||&#8221; text_font_size=&#8221;16px&#8221; text_line_height=&#8221;1.8em&#8221; hover_enabled=&#8221;0&#8243; sticky_enabled=&#8221;0&#8243; custom_padding=&#8221;47px|||||&#8221;]<\/p>\n<h2>Spo\u013eahliv\u00e9 hydraulick\u00e9 rie\u0161enia s lok\u00e1lnou podporou<\/h2>\n<p>V spolo\u010dnosti FMP kombinujeme americk\u00fa in\u017einiersku excelentnos\u0165 s lokalizovanou podporou pre k\u013e\u00fa\u010dov\u00e9 regi\u00f3ny Talianska. Na\u0161e valce pre mlynsk\u00e9 prev\u00e1dzky a teleskopick\u00e9 hydraulick\u00e9 syst\u00e9my s\u00fa d\u00f4veryhodn\u00e9 v mil\u00e1nskych oceliar\u0148ach a ben\u00e1tskych pr\u00edstavn\u00fdch strojoch a pon\u00fakaj\u00fa bezkonkuren\u010dn\u00fa odolnos\u0165 a n\u00edzke n\u00e1roky na \u00fadr\u017ebu. Pre podniky v remeselnej v\u00fdrobe vo Florencii alebo v sektore po\u013enohospod\u00e1rskych strojov v Bologni na\u0161a intern\u00e1 kontrola nad n\u00e1vrhom a v\u00fdrobou zaru\u010duje r\u00fdchle dodacie lehoty. Ako certifikovan\u00fd partner pre integr\u00e1torov a predajcov poskytujeme flexibilitu skladov\u00fdch z\u00e1sob a technick\u00e9 znalosti na roz\u0161\u00edrenie v\u00e1\u0161ho dosahu na trhu. Presk\u00famajte n\u00e1\u0161 katal\u00f3g alebo si e\u0161te dnes vy\u017eiadajte cenov\u00fa ponuku \u2013 a ak v\u00e1\u0161 ide\u00e1lny valec nie je v zozname, kontaktujte n\u00e1s e-mailom.<\/p>\n<p>[\/et_pb_text][\/et_pb_column][et_pb_column _builder_version=&#8221;4.27.4&#8243; _module_preset=&#8221;default&#8221; type=&#8221;1_2&#8243; theme_builder_area=&#8221;post_content&#8221;][et_pb_image src=&#8221;https:\/\/fmp-components.com\/wp-content\/uploads\/2025\/04\/Industrial-Engineering-Hydraulic-Cylinders-Factory-1.webp&#8221; _builder_version=&#8221;4.27.4&#8243; _module_preset=&#8221;default&#8221; theme_builder_area=&#8221;post_content&#8221; alt=&#8221;Industrial-Engineering-Hydraulic-Cylinders-Factory&#8221; title_text=&#8221;Industrial-Engineering-Hydraulic-Cylinders-Factory-1&#8243; hover_enabled=&#8221;0&#8243; sticky_enabled=&#8221;0&#8243;][\/et_pb_image][\/et_pb_column][\/et_pb_row][\/et_pb_section]<\/p>","protected":false},"excerpt":{"rendered":"<p>Industrial Engineering Hydraulic CylindersTypes of Industrial Engineering Hydraulic CylindersHigh-Performance Hydraulic Cylinders for Italy\u2019s Industrial Engineering Sector FMP Company specializes in manufacturing premium hydraulic cylinders engineered to meet the rigorous demands of industrial applications. From\u00a0Milan\u2019s manufacturing hubs\u00a0to\u00a0Venice\u2019s marine industries, our diverse product range includes\u00a0welded hydraulic cylinders,\u00a0integrated valve cylinders,\u00a0position-sensing smart cylinders, and\u00a0high-pressure models\u00a0designed for extreme environments. Whether [&hellip;]<\/p>","protected":false},"author":2,"featured_media":0,"parent":0,"menu_order":0,"comment_status":"closed","ping_status":"closed","template":"","meta":{"_et_pb_use_builder":"on","_et_pb_old_content":"","_et_gb_content_width":"","footnotes":""},"class_list":["post-7581","page","type-page","status-publish","hentry"],"_links":{"self":[{"href":"https:\/\/fmp-components.com\/sk\/wp-json\/wp\/v2\/pages\/7581","targetHints":{"allow":["GET"]}}],"collection":[{"href":"https:\/\/fmp-components.com\/sk\/wp-json\/wp\/v2\/pages"}],"about":[{"href":"https:\/\/fmp-components.com\/sk\/wp-json\/wp\/v2\/types\/page"}],"author":[{"embeddable":true,"href":"https:\/\/fmp-components.com\/sk\/wp-json\/wp\/v2\/users\/2"}],"replies":[{"embeddable":true,"href":"https:\/\/fmp-components.com\/sk\/wp-json\/wp\/v2\/comments?post=7581"}],"version-history":[{"count":8,"href":"https:\/\/fmp-components.com\/sk\/wp-json\/wp\/v2\/pages\/7581\/revisions"}],"predecessor-version":[{"id":7611,"href":"https:\/\/fmp-components.com\/sk\/wp-json\/wp\/v2\/pages\/7581\/revisions\/7611"}],"wp:attachment":[{"href":"https:\/\/fmp-components.com\/sk\/wp-json\/wp\/v2\/media?parent=7581"}],"curies":[{"name":"pracovn\u00fd list","href":"https:\/\/api.w.org\/{rel}","templated":true}]}}