{"id":7564,"date":"2025-03-28T07:42:54","date_gmt":"2025-03-28T07:42:54","guid":{"rendered":"https:\/\/fmp-components.com\/?page_id=7564"},"modified":"2025-03-28T08:55:16","modified_gmt":"2025-03-28T08:55:16","slug":"mobile-machinery-hydraulic-cylinders","status":"publish","type":"page","link":"https:\/\/fmp-components.com\/sk\/mobile-machinery-hydraulic-cylinders\/","title":{"rendered":"Hydraulick\u00e9 valce pre mobiln\u00e9 stroje"},"content":{"rendered":"<p>[et_pb_section fb_built=&#8221;1&#8243; theme_builder_area=&#8221;post_content&#8221; _builder_version=&#8221;4.27.4&#8243; _module_preset=&#8221;default&#8221; alt=&#8221;Mobile-Machinery-Hydraulic-Cylinders-Banner&#8221; title_text=&#8221;Mobile-Machinery-Hydraulic-Cylinders-Banner-1&#8243; background_image=&#8221;https:\/\/fmp-components.com\/wp-content\/uploads\/2025\/03\/Mobile-Machinery-Hydraulic-Cylinders-Banner-1.webp&#8221; hover_enabled=&#8221;0&#8243; sticky_enabled=&#8221;0&#8243; min_height=&#8221;296px&#8221;][et_pb_row _builder_version=&#8221;4.27.4&#8243; _module_preset=&#8221;default&#8221; theme_builder_area=&#8221;post_content&#8221;][et_pb_column _builder_version=&#8221;4.27.4&#8243; _module_preset=&#8221;default&#8221; type=&#8221;4_4&#8243; theme_builder_area=&#8221;post_content&#8221;][et_pb_text _builder_version=&#8221;4.27.4&#8243; _module_preset=&#8221;default&#8221; theme_builder_area=&#8221;post_content&#8221; text_text_shadow_style=&#8221;preset1&#8243; header_font=&#8221;Frank Ruhl Libre||||||||&#8221; header_font_size=&#8221;60px&#8221; header_text_align=&#8221;center&#8221; hover_enabled=&#8221;0&#8243; sticky_enabled=&#8221;0&#8243; header_text_color=&#8221;#FFFFFF&#8221; header_text_shadow_style=&#8221;preset1&#8243;]<\/p>\n<h1 class=\"et_pb_toggle_title\" style=\"text-align: center;\">Hydraulick\u00e9 valce pre mobiln\u00e9 stroje<\/h1>\n<p>[\/et_pb_text][\/et_pb_column][\/et_pb_row][\/et_pb_section][et_pb_section fb_built=&#8221;1&#8243; theme_builder_area=&#8221;post_content&#8221; _builder_version=&#8221;4.27.4&#8243; _module_preset=&#8221;default&#8221;][et_pb_row _builder_version=&#8221;4.27.4&#8243; _module_preset=&#8221;default&#8221; theme_builder_area=&#8221;post_content&#8221;][et_pb_column _builder_version=&#8221;4.27.4&#8243; _module_preset=&#8221;default&#8221; type=&#8221;4_4&#8243; theme_builder_area=&#8221;post_content&#8221;][et_pb_text _builder_version=&#8221;4.27.4&#8243; _module_preset=&#8221;default&#8221; theme_builder_area=&#8221;post_content&#8221; header_2_font=&#8221;Frank Ruhl Libre||||||||&#8221; header_2_font_size=&#8221;40px&#8221; hover_enabled=&#8221;0&#8243; sticky_enabled=&#8221;0&#8243;]<\/p>\n<h2 style=\"text-align: center;\">Typy hydraulick\u00fdch valcov pre mobiln\u00e9 stroje<\/h2>\n<p>[\/et_pb_text][et_pb_shop _builder_version=&#8221;4.27.4&#8243; _module_preset=&#8221;default&#8221; theme_builder_area=&#8221;post_content&#8221; type=&#8221;product_category&#8221; include_categories=&#8221;25&#8243; columns_number=&#8221;3&#8243; hover_enabled=&#8221;0&#8243; sticky_enabled=&#8221;0&#8243; title_font=&#8221;Frank Ruhl Libre||||||||&#8221; title_text_align=&#8221;center&#8221; title_font_size=&#8221;20px&#8221;][\/et_pb_shop][\/et_pb_column][\/et_pb_row][\/et_pb_section][et_pb_section fb_built=&#8221;1&#8243; theme_builder_area=&#8221;post_content&#8221; _builder_version=&#8221;4.27.4&#8243; _module_preset=&#8221;default&#8221;][et_pb_row _builder_version=&#8221;4.27.4&#8243; _module_preset=&#8221;default&#8221; theme_builder_area=&#8221;post_content&#8221;][et_pb_column _builder_version=&#8221;4.27.4&#8243; _module_preset=&#8221;default&#8221; type=&#8221;4_4&#8243; theme_builder_area=&#8221;post_content&#8221;][et_pb_text _builder_version=&#8221;4.27.4&#8243; _module_preset=&#8221;default&#8221; theme_builder_area=&#8221;post_content&#8221; header_2_font=&#8221;Frank Ruhl Libre||||||||&#8221; header_2_font_size=&#8221;30px&#8221; hover_enabled=&#8221;0&#8243; sticky_enabled=&#8221;0&#8243;]<\/p>\n<h2 style=\"text-align: center;\">Hydraulick\u00e9 valce pre mobiln\u00e9 stroje: Pohon strojov v r\u00f4znych odvetviach<\/h2>\n<p>[\/et_pb_text][\/et_pb_column][\/et_pb_row][et_pb_row _builder_version=&#8221;4.27.4&#8243; _module_preset=&#8221;default&#8221; column_structure=&#8221;1_2,1_2&#8243; theme_builder_area=&#8221;post_content&#8221; use_custom_gutter=&#8221;on&#8221; gutter_width=&#8221;2&#8243; hover_enabled=&#8221;0&#8243; sticky_enabled=&#8221;0&#8243; width=&#8221;100%&#8221; max_width=&#8221;1200px&#8221;][et_pb_column _builder_version=&#8221;4.27.4&#8243; _module_preset=&#8221;default&#8221; type=&#8221;1_2&#8243; theme_builder_area=&#8221;post_content&#8221;][et_pb_text _builder_version=&#8221;4.27.4&#8243; _module_preset=&#8221;default&#8221; theme_builder_area=&#8221;post_content&#8221; text_font_size=&#8221;16px&#8221; text_line_height=&#8221;1.8em&#8221; hover_enabled=&#8221;0&#8243; sticky_enabled=&#8221;0&#8243;]<\/p>\n<div>\n<p class=\"break-words\">Hydraulick\u00e9 valce s\u00fa ako siln\u00e9 svaly vo vn\u00fatri mobiln\u00fdch strojov. Dod\u00e1vaj\u00fa strojom v\u00fdkon a kontrolu, ktor\u00fa potrebuj\u00fa na vykon\u00e1vanie n\u00e1ro\u010dn\u00fdch \u00faloh na najr\u00f4znej\u0161\u00edch miestach. V Taliansku, od ru\u0161n\u00fdch staven\u00edsk v Mil\u00e1ne a\u017e po po\u013enohospod\u00e1rske polia ne\u010faleko Florencie, s\u00fa tieto s\u00fa\u010diastky mimoriadne d\u00f4le\u017eit\u00e9 pre stroje ako bagre, skl\u00e1pa\u010de a traktory. Hydraulick\u00e9 valce s\u00fa vyroben\u00e9 tak, aby zvl\u00e1dali veci ako vysok\u00fd tlak, hor\u00face alebo chladn\u00e9 po\u010dasie a ve\u013ea prachu. V\u010faka tomu stroje funguj\u00fa dobre bez por\u00fach.<\/p>\n<p class=\"break-words\">Napr\u00edklad v stavebn\u00edctve hydraulick\u00e9 valce pom\u00e1haj\u00fa strojom, ako s\u00fa r\u00fdpadl\u00e1 a \u017eeriavy, zdv\u00edha\u0165 \u0165a\u017ek\u00e9 veci a umiest\u0148ova\u0165 ich presne tam, kde s\u00fa potrebn\u00e9. Na farm\u00e1ch v bl\u00edzkosti Ben\u00e1tok v\u010faka nim m\u00f4\u017eu po\u013enohospod\u00e1ri lep\u0161ie pracova\u0165 so zbera\u010dmi a sadzac\u00edmi n\u00e1strojmi, tak\u017ee farm\u00e1ri m\u00f4\u017eu svoju pr\u00e1cu vykon\u00e1va\u0165 r\u00fdchlej\u0161ie. V\u010faka svojej robustnej kon\u0161trukcii s\u00fa ide\u00e1lne na tieto n\u00e1ro\u010dn\u00e9 \u00falohy.<\/p>\n<p>Hydraulick\u00e9 valce v\u0161ak nepom\u00e1haj\u00fa len v stavebn\u00edctve a po\u013enohospod\u00e1rstve. V ru\u0161nom meste, ako je Bologna, poh\u00e1\u0148aj\u00fa zdvih\u00e1ky \u00e1ut v gar\u00e1\u017each a stroje na letisku, ktor\u00e9 pom\u00e1haj\u00fa lietadl\u00e1m pripravi\u0165 sa na vzlet. V lesoch ne\u010faleko Florencie pom\u00e1haj\u00fa strojom pri r\u00faban\u00ed stromov a v tov\u00e1r\u0148ach v Mil\u00e1ne umo\u017e\u0148uj\u00fa vysokozdvi\u017en\u00fdm voz\u00edkom \u013eahko pres\u00fava\u0165 \u0165a\u017ek\u00e9 krabice. \u010ci u\u017e ide o zdv\u00edhanie, tla\u010denie alebo premiest\u0148ovanie vec\u00ed, hydraulick\u00e9 valce dok\u00e1\u017eu v\u0161etko. Funguj\u00fa skvele v mest\u00e1ch aj na vidieku po celom Taliansku a zabezpe\u010duj\u00fa plynul\u00fd chod mobiln\u00fdch strojov.<\/p>\n<\/div>\n<p>[\/et_pb_text][\/et_pb_column][et_pb_column _builder_version=&#8221;4.27.4&#8243; _module_preset=&#8221;default&#8221; type=&#8221;1_2&#8243; theme_builder_area=&#8221;post_content&#8221;][et_pb_image src=&#8221;https:\/\/fmp-components.com\/wp-content\/uploads\/2025\/03\/Mobile-Machinery-Hydraulic-Cylinders-3.webp&#8221; _builder_version=&#8221;4.27.4&#8243; _module_preset=&#8221;default&#8221; theme_builder_area=&#8221;post_content&#8221; alt=&#8221;Mobile-Machinery-Hydraulic-Cylinders&#8221; title_text=&#8221;Mobile-Machinery-Hydraulic-Cylinders-3&#8243; hover_enabled=&#8221;0&#8243; sticky_enabled=&#8221;0&#8243;][\/et_pb_image][\/et_pb_column][\/et_pb_row][et_pb_row _builder_version=&#8221;4.27.4&#8243; _module_preset=&#8221;default&#8221; column_structure=&#8221;2_5,3_5&#8243; theme_builder_area=&#8221;post_content&#8221; use_custom_gutter=&#8221;on&#8221; gutter_width=&#8221;2&#8243; width=&#8221;100%&#8221; max_width=&#8221;1200px&#8221; hover_enabled=&#8221;0&#8243; sticky_enabled=&#8221;0&#8243;][et_pb_column _builder_version=&#8221;4.27.4&#8243; _module_preset=&#8221;default&#8221; type=&#8221;2_5&#8243; theme_builder_area=&#8221;post_content&#8221;][et_pb_image src=&#8221;https:\/\/fmp-components.com\/wp-content\/uploads\/2025\/03\/Mobile-Machinery-Hydraulic-Cylinders-4-1.webp&#8221; _builder_version=&#8221;4.27.4&#8243; _module_preset=&#8221;default&#8221; theme_builder_area=&#8221;post_content&#8221; alt=&#8221;Mobile-Machinery-Hydraulic-Cylinders&#8221; title_text=&#8221;Mobile-Machinery-Hydraulic-Cylinders-4&#8243; hover_enabled=&#8221;0&#8243; sticky_enabled=&#8221;0&#8243;][\/et_pb_image][\/et_pb_column][et_pb_column _builder_version=&#8221;4.27.4&#8243; _module_preset=&#8221;default&#8221; type=&#8221;3_5&#8243; theme_builder_area=&#8221;post_content&#8221;][et_pb_text _builder_version=&#8221;4.27.4&#8243; _module_preset=&#8221;default&#8221; theme_builder_area=&#8221;post_content&#8221; hover_enabled=&#8221;0&#8243; sticky_enabled=&#8221;0&#8243; text_font_size=&#8221;16px&#8221; text_line_height=&#8221;1.8em&#8221; header_2_font=&#8221;Frank Ruhl Libre||||||||&#8221; custom_padding=&#8221;34px|||||&#8221;]<\/p>\n<div>\n<h2>Spolo\u010dnos\u0165 FMP: V\u00e1\u0161 dokonal\u00fd dod\u00e1vate\u013e hydraulick\u00fdch valcov<\/h2>\n<p class=\"break-words\">V spolo\u010dnosti FMP vyr\u00e1bame mno\u017estvo r\u00f4znych hydraulick\u00fdch valcov pre mobiln\u00e9 stroje a pom\u00e1hame \u013eu\u010fom od Ben\u00e1tok po Bolognu. M\u00e1me siln\u00e9 zv\u00e1ran\u00e9 ty\u010dov\u00e9 valce a dokonca vieme vyrobi\u0165 aj \u0161peci\u00e1lne valce pre va\u0161e stroje. To pom\u00e1ha v\u00e1\u0161mu zariadeniu lep\u0161ie fungova\u0165 a vydr\u017ea\u0165 dlh\u0161ie. Ak v na\u0161om zozname nen\u00e1jdete to, \u010do potrebujete, nebojte sa \u2013 neust\u00e1le prid\u00e1vame \u010fal\u0161ie! Sta\u010d\u00ed n\u00e1m posla\u0165 e-mail s inform\u00e1ciami o va\u0161ich po\u017eiadavk\u00e1ch a n\u00e1\u0161 t\u00edm v\u00e1m do 24 hod\u00edn odpovie s pl\u00e1nom vytvoren\u00fdm \u0161peci\u00e1lne pre v\u00e1s. M\u00f4\u017eete sa spo\u013eahn\u00fa\u0165, \u017ee spolo\u010dnos\u0165 FMP v\u00e1m poskytne odoln\u00e9 a vysoko kvalitn\u00e9 hydraulick\u00e9 valce, v\u010faka ktor\u00fdm bud\u00fa va\u0161e mobiln\u00e9 stroje skvele fungova\u0165, bez oh\u013eadu na to, kde v Taliansku sa nach\u00e1dzate.<\/p>\n<\/div>\n<p>[\/et_pb_text][\/et_pb_column][\/et_pb_row][\/et_pb_section]<\/p>","protected":false},"excerpt":{"rendered":"<p>Mobile Machinery Hydraulic CylindersTypes of Mobile Machinery Hydraulic CylindersMobile Machinery Hydraulic Cylinders: Powering Machines Across Industries Hydraulic cylinders are like the strong muscles inside mobile machinery. They give machines the power and control they need to do hard jobs in all kinds of places. In Italy, from the busy building sites in Milan to the [&hellip;]<\/p>","protected":false},"author":2,"featured_media":0,"parent":0,"menu_order":0,"comment_status":"closed","ping_status":"closed","template":"","meta":{"_et_pb_use_builder":"on","_et_pb_old_content":"","_et_gb_content_width":"","footnotes":""},"class_list":["post-7564","page","type-page","status-publish","hentry"],"_links":{"self":[{"href":"https:\/\/fmp-components.com\/sk\/wp-json\/wp\/v2\/pages\/7564","targetHints":{"allow":["GET"]}}],"collection":[{"href":"https:\/\/fmp-components.com\/sk\/wp-json\/wp\/v2\/pages"}],"about":[{"href":"https:\/\/fmp-components.com\/sk\/wp-json\/wp\/v2\/types\/page"}],"author":[{"embeddable":true,"href":"https:\/\/fmp-components.com\/sk\/wp-json\/wp\/v2\/users\/2"}],"replies":[{"embeddable":true,"href":"https:\/\/fmp-components.com\/sk\/wp-json\/wp\/v2\/comments?post=7564"}],"version-history":[{"count":7,"href":"https:\/\/fmp-components.com\/sk\/wp-json\/wp\/v2\/pages\/7564\/revisions"}],"predecessor-version":[{"id":7579,"href":"https:\/\/fmp-components.com\/sk\/wp-json\/wp\/v2\/pages\/7564\/revisions\/7579"}],"wp:attachment":[{"href":"https:\/\/fmp-components.com\/sk\/wp-json\/wp\/v2\/media?parent=7564"}],"curies":[{"name":"pracovn\u00fd list","href":"https:\/\/api.w.org\/{rel}","templated":true}]}}