{"id":7540,"date":"2025-03-28T05:36:23","date_gmt":"2025-03-28T05:36:23","guid":{"rendered":"https:\/\/fmp-components.com\/?page_id=7540"},"modified":"2025-03-28T07:40:12","modified_gmt":"2025-03-28T07:40:12","slug":"construction-machinery-hydraulic-cylinders-2","status":"publish","type":"page","link":"https:\/\/fmp-components.com\/sk\/construction-machinery-hydraulic-cylinders-2\/","title":{"rendered":"Hydraulick\u00e9 valce stavebn\u00fdch strojov"},"content":{"rendered":"<p>[et_pb_section fb_built=&#8221;1&#8243; theme_builder_area=&#8221;post_content&#8221; _builder_version=&#8221;4.27.4&#8243; _module_preset=&#8221;default&#8221; alt=&#8221;Construction-Machinery-Hydraulic-Cylinders-Banner&#8221; title_text=&#8221;Construction-Machinery-Hydraulic-Cylinders-Banner-1&#8243; background_image=&#8221;https:\/\/fmp-components.com\/wp-content\/uploads\/2025\/03\/Construction-Machinery-Hydraulic-Cylinders-Banner-1.webp&#8221; hover_enabled=&#8221;0&#8243; sticky_enabled=&#8221;0&#8243; min_height=&#8221;356px&#8221;][et_pb_row _builder_version=&#8221;4.27.4&#8243; _module_preset=&#8221;default&#8221; theme_builder_area=&#8221;post_content&#8221;][et_pb_column _builder_version=&#8221;4.27.4&#8243; _module_preset=&#8221;default&#8221; type=&#8221;4_4&#8243; theme_builder_area=&#8221;post_content&#8221;][et_pb_text _builder_version=&#8221;4.27.4&#8243; _module_preset=&#8221;default&#8221; theme_builder_area=&#8221;post_content&#8221; header_font=&#8221;Frank Ruhl Libre||||||||&#8221; header_font_size=&#8221;60px&#8221; header_text_color=&#8221;#FFFFFF&#8221; header_text_shadow_style=&#8221;preset1&#8243; hover_enabled=&#8221;0&#8243; sticky_enabled=&#8221;0&#8243;]<\/p>\n<h1 style=\"text-align: center;\">Hydraulick\u00e9 valce stavebn\u00fdch strojov<\/h1>\n<p>[\/et_pb_text][et_pb_text _builder_version=&#8221;4.27.4&#8243; _module_preset=&#8221;default&#8221; theme_builder_area=&#8221;post_content&#8221; text_text_color=&#8221;#FFFFFF&#8221; text_font_size=&#8221;16px&#8221; text_line_height=&#8221;1.8em&#8221; hover_enabled=&#8221;0&#8243; sticky_enabled=&#8221;0&#8243;]<\/p>\n<p style=\"text-align: center;\">V spolo\u010dnosti FMP sa \u0161pecializujeme na v\u00fdrobu \u0161irokej \u0161k\u00e1ly hydraulick\u00fdch valcov pre stavebn\u00e9 stroje, ktor\u00e9 s\u00fa navrhnut\u00e9 tak, aby sp\u013a\u0148ali r\u00f4zne potreby odvetvia. Okrem n\u00e1\u0161ho rozsiahleho sortimentu produktov pon\u00fakame aj rie\u0161enia na mieru prisp\u00f4soben\u00e9 va\u0161im \u0161pecifick\u00fdm po\u017eiadavk\u00e1m. Ak v na\u0161om zozname produktov nen\u00e1jdete model, ktor\u00fd potrebujete, znamen\u00e1 to jednoducho, \u017ee sme ho e\u0161te nemali mo\u017enos\u0165 aktualizova\u0165. Nev\u00e1hajte n\u00e1m posla\u0165 e-mail s podrobnos\u0165ami o modeli, ktor\u00fd h\u013ead\u00e1te, a na\u0161i technici v\u00e1m odpovedia do 24 hod\u00edn, aby v\u00e1m pomohli.<\/p>\n<p>[\/et_pb_text][\/et_pb_column][\/et_pb_row][\/et_pb_section][et_pb_section fb_built=&#8221;1&#8243; theme_builder_area=&#8221;post_content&#8221; _builder_version=&#8221;4.27.4&#8243; _module_preset=&#8221;default&#8221; custom_padding=&#8221;||1px|||&#8221;][et_pb_row _builder_version=&#8221;4.27.4&#8243; _module_preset=&#8221;default&#8221; theme_builder_area=&#8221;post_content&#8221;][et_pb_column _builder_version=&#8221;4.27.4&#8243; _module_preset=&#8221;default&#8221; type=&#8221;4_4&#8243; theme_builder_area=&#8221;post_content&#8221;][et_pb_text _builder_version=&#8221;4.27.4&#8243; _module_preset=&#8221;default&#8221; theme_builder_area=&#8221;post_content&#8221; header_2_font=&#8221;Frank Ruhl Libre||||||||&#8221; header_2_font_size=&#8221;30px&#8221; hover_enabled=&#8221;0&#8243; sticky_enabled=&#8221;0&#8243;]<\/p>\n<h2 style=\"text-align: center;\">Typy hydraulick\u00fdch valcov stavebn\u00fdch strojov<\/h2>\n<p>[\/et_pb_text][et_pb_shop _builder_version=&#8221;4.27.4&#8243; _module_preset=&#8221;default&#8221; theme_builder_area=&#8221;post_content&#8221; type=&#8221;product_category&#8221; include_categories=&#8221;24&#8243; columns_number=&#8221;3&#8243; hover_enabled=&#8221;0&#8243; sticky_enabled=&#8221;0&#8243;][\/et_pb_shop][\/et_pb_column][\/et_pb_row][\/et_pb_section][et_pb_section fb_built=&#8221;1&#8243; theme_builder_area=&#8221;post_content&#8221; _builder_version=&#8221;4.27.4&#8243; _module_preset=&#8221;default&#8221; custom_padding=&#8221;20px|||||&#8221;][et_pb_row _builder_version=&#8221;4.27.4&#8243; _module_preset=&#8221;default&#8221; theme_builder_area=&#8221;post_content&#8221;][et_pb_column _builder_version=&#8221;4.27.4&#8243; _module_preset=&#8221;default&#8221; type=&#8221;4_4&#8243; theme_builder_area=&#8221;post_content&#8221;][et_pb_text _builder_version=&#8221;4.27.4&#8243; _module_preset=&#8221;default&#8221; theme_builder_area=&#8221;post_content&#8221; header_2_font=&#8221;Frank Ruhl Libre||||||||&#8221; header_2_font_size=&#8221;30px&#8221; hover_enabled=&#8221;0&#8243; sticky_enabled=&#8221;0&#8243;]<\/p>\n<h2 style=\"text-align: center;\">\u00daloha hydraulick\u00fdch valcov v stavebn\u00fdch strojoch<\/h2>\n<p>[\/et_pb_text][\/et_pb_column][\/et_pb_row][et_pb_row _builder_version=&#8221;4.27.4&#8243; _module_preset=&#8221;default&#8221; column_structure=&#8221;1_2,1_2&#8243; theme_builder_area=&#8221;post_content&#8221; use_custom_gutter=&#8221;on&#8221; gutter_width=&#8221;2&#8243; hover_enabled=&#8221;0&#8243; sticky_enabled=&#8221;0&#8243;][et_pb_column _builder_version=&#8221;4.27.4&#8243; _module_preset=&#8221;default&#8221; type=&#8221;1_2&#8243; theme_builder_area=&#8221;post_content&#8221;][et_pb_text _builder_version=&#8221;4.27.4&#8243; _module_preset=&#8221;default&#8221; theme_builder_area=&#8221;post_content&#8221; hover_enabled=&#8221;0&#8243; sticky_enabled=&#8221;0&#8243; header_3_font=&#8221;Frank Ruhl Libre||||||||&#8221; text_font_size=&#8221;15px&#8221;]<\/p>\n<div>\n<h3>Superhrdinovia stavebn\u00edctva:<\/h3>\n<p>Hydraulick\u00e9 valce s\u00fa ako tajn\u00ed superhrdinovia pre stavebn\u00e9 stroje.<br \/>Poskytuj\u00fa obrovsk\u00fa silu a starostliv\u00fa kontrolu pri n\u00e1ro\u010dn\u00fdch pr\u00e1cach na ru\u0161n\u00fdch stavenisk\u00e1ch po celom Taliansku, od Mil\u00e1na po Ben\u00e1tky.<\/p>\n<h3>Ako funguj\u00fa:<\/h3>\n<p>Tieto d\u00f4le\u017eit\u00e9 \u010dasti premie\u0148aj\u00fa hydraulick\u00fa energiu na priamo\u010diary pohyb.<br \/>Pom\u00e1haj\u00fa strojom ako bagre, r\u00fdpadlo-naklada\u010de a skl\u00e1pa\u010de zdv\u00edha\u0165 \u0165a\u017ek\u00e9 veci, tla\u010di\u0165 zeminu a r\u00fdchlo a \u013eahko kopa\u0165.<\/p>\n<h3>Pr\u00edklady v praxi:<\/h3>\n<p>V bagroch hydraulick\u00e9 valce pohybuj\u00fa dlh\u00fdm ramenom a ly\u017eicou, aby vykopali presn\u00e9 otvory pre z\u00e1klady budov v star\u00fdch \u0161tvrtiach Florencie alebo v bl\u00edzkosti ben\u00e1tskych kan\u00e1lov.<br \/>V buldoz\u00e9roch v tov\u00e1rensk\u00fdch are\u00e1loch v Bologni pres\u00favaj\u00fa ve\u013ek\u00fa radlicu, aby srovnali alebo vy\u010distili pozemok.<br \/>\u0160peci\u00e1lne teleskopick\u00e9 valce v skl\u00e1pa\u010doch vykladaj\u00fa \u0165a\u017ek\u00e9 materi\u00e1ly super r\u00fdchlo.<\/p>\n<\/div>\n<p>[\/et_pb_text][\/et_pb_column][et_pb_column _builder_version=&#8221;4.27.4&#8243; _module_preset=&#8221;default&#8221; type=&#8221;1_2&#8243; theme_builder_area=&#8221;post_content&#8221;][et_pb_image src=&#8221;https:\/\/fmp-components.com\/wp-content\/uploads\/2025\/03\/Construction-Machinery-Hydraulic-Cylinders-6.webp&#8221; _builder_version=&#8221;4.27.4&#8243; _module_preset=&#8221;default&#8221; theme_builder_area=&#8221;post_content&#8221; alt=&#8221;Construction-Machinery-Hydraulic-Cylinders&#8221; title_text=&#8221;Construction-Machinery-Hydraulic-Cylinders-6&#8243; hover_enabled=&#8221;0&#8243; sticky_enabled=&#8221;0&#8243;][\/et_pb_image][\/et_pb_column][\/et_pb_row][et_pb_row _builder_version=&#8221;4.27.4&#8243; _module_preset=&#8221;default&#8221; column_structure=&#8221;1_2,1_2&#8243; theme_builder_area=&#8221;post_content&#8221; use_custom_gutter=&#8221;on&#8221; gutter_width=&#8221;2&#8243; hover_enabled=&#8221;0&#8243; sticky_enabled=&#8221;0&#8243;][et_pb_column _builder_version=&#8221;4.27.4&#8243; _module_preset=&#8221;default&#8221; type=&#8221;1_2&#8243; theme_builder_area=&#8221;post_content&#8221;][et_pb_image src=&#8221;https:\/\/fmp-components.com\/wp-content\/uploads\/2025\/03\/Construction-Machinery-Hydraulic-Cylinders-8.webp&#8221; _builder_version=&#8221;4.27.4&#8243; _module_preset=&#8221;default&#8221; theme_builder_area=&#8221;post_content&#8221; alt=&#8221;Construction-Machinery-Hydraulic-Cylinders&#8221; title_text=&#8221;Construction-Machinery-Hydraulic-Cylinders-8&#8243; hover_enabled=&#8221;0&#8243; sticky_enabled=&#8221;0&#8243;][\/et_pb_image][\/et_pb_column][et_pb_column _builder_version=&#8221;4.27.4&#8243; _module_preset=&#8221;default&#8221; type=&#8221;1_2&#8243; theme_builder_area=&#8221;post_content&#8221;][et_pb_text _builder_version=&#8221;4.27.4&#8243; _module_preset=&#8221;default&#8221; theme_builder_area=&#8221;post_content&#8221; header_3_font=&#8221;Frank Ruhl Libre||||||||&#8221; text_font_size=&#8221;15px&#8221; hover_enabled=&#8221;0&#8243; sticky_enabled=&#8221;0&#8243;]<\/p>\n<div>\n<h3>Bezpe\u010dnej\u0161ie a lep\u0161ie stroje:<\/h3>\n<p>Dvoj\u010dinn\u00e9 valce (v \u0161mykom riaden\u00fdch naklada\u010doch a \u017eeriavoch v Mil\u00e1ne) tla\u010dia a \u0165ahaj\u00fa pre plynul\u00e9 zdv\u00edhanie a sp\u00fa\u0161\u0165anie.<br \/>Teleskopick\u00e9 valce (v \u017eeriavoch a z\u00e1chrann\u00fdch n\u00e1strojoch vo Florencii) sa daj\u00fa natiahnu\u0165 na dlh\u00e9 vzdialenosti pre pr\u00e1cu v stiesnen\u00fdch mestsk\u00fdch priestoroch.<br \/>Zv\u00e1ran\u00e9 karos\u00e9rie valcov s\u00fa mimoriadne pevn\u00e9 a vydr\u017eia dlho v hrbo\u013eat\u00fdch oblastiach severn\u00e9ho Talianska, pri\u010dom chr\u00e1nia pred hrdzou a ne\u010distotami.<\/p>\n<h3>\u00daspora \u010dasu:<\/h3>\n<p>V\u010faka ich odolnosti sa stroje tak \u010dasto nepokazia.<br \/>To pom\u00e1ha v\u010das dokon\u010di\u0165 ve\u013ek\u00e9 projekty v r\u00fdchlo rast\u00facich mest\u00e1ch ako Bologna, kde s\u00fa v\u0161ade nov\u00e9 cesty a budovy.<\/p>\n<h3>Chrbtica v\u00fdstavby:<\/h3>\n<p>Hydraulick\u00e9 valce starostlivo mie\u0161aj\u00fa v\u00fdkon.<br \/>S\u00fa ako siln\u00e1 chrbtica modern\u00fdch stavebn\u00fdch strojov.<\/p>\n<\/div>\n<p>[\/et_pb_text][\/et_pb_column][\/et_pb_row][\/et_pb_section][et_pb_section fb_built=&#8221;1&#8243; theme_builder_area=&#8221;post_content&#8221; _builder_version=&#8221;4.27.4&#8243; _module_preset=&#8221;default&#8221; alt=&#8221;Construction-Machinery-Hydraulic-Cylinders&#8221; title_text=&#8221;Construction-Machinery-Hydraulic-Cylinders&#8221; background_image=&#8221;https:\/\/fmp-components.com\/wp-content\/uploads\/2025\/03\/Construction-Machinery-Hydraulic-Cylinders-Banner.webp&#8221; hover_enabled=&#8221;0&#8243; sticky_enabled=&#8221;0&#8243; min_height=&#8221;436px&#8221; use_background_color_gradient=&#8221;on&#8221; background_color_gradient_stops=&#8221;rgba(0,0,0,0.51) 0%|rgba(0,0,0,0.29) 100%&#8221; background_color_gradient_overlays_image=&#8221;on&#8221;][et_pb_row _builder_version=&#8221;4.27.4&#8243; _module_preset=&#8221;default&#8221; theme_builder_area=&#8221;post_content&#8221; custom_padding=&#8221;88px|||||&#8221;][et_pb_column _builder_version=&#8221;4.27.4&#8243; _module_preset=&#8221;default&#8221; type=&#8221;4_4&#8243; theme_builder_area=&#8221;post_content&#8221;][et_pb_text _builder_version=&#8221;4.27.4&#8243; _module_preset=&#8221;default&#8221; theme_builder_area=&#8221;post_content&#8221; text_font_size=&#8221;18px&#8221; text_line_height=&#8221;2em&#8221; text_text_color=&#8221;#FFFFFF&#8221; text_text_shadow_style=&#8221;preset1&#8243; hover_enabled=&#8221;0&#8243; sticky_enabled=&#8221;0&#8243;]<\/p>\n<p style=\"text-align: center;\">V spolo\u010dnosti FMP sme hrd\u00ed na to, \u017ee vyr\u00e1bame v\u0161etky druhy \u0161pi\u010dkov\u00fdch hydraulick\u00fdch valcov pre stavebn\u00e9 stroje a pom\u00e1hame z\u00e1kazn\u00edkom od Mil\u00e1na a\u017e po ju\u017en\u00e9 Taliansko. \u010ci u\u017e potrebujete siln\u00e9 valce pre bagre alebo \u0161peci\u00e1lne valce pre skvel\u00e9 projekty v Ben\u00e1tkach, n\u00e1\u0161 t\u00edm v Taliansku dok\u00e1\u017ee vytvori\u0165 odoln\u00e9 a vysoko v\u00fdkonn\u00e9 produkty pr\u00e1ve pre v\u00e1s. Zameriavame sa na nov\u00e9 n\u00e1pady a know-how od na\u0161ich miestnych odborn\u00edkov, aby sme zabezpe\u010dili, \u017ee na\u0161e valce zvl\u00e1dnu n\u00e1ro\u010dn\u00e9 stavebn\u00e9 pr\u00e1ce v Taliansku. Sme pripraven\u00ed pom\u00f4c\u0165 s be\u017en\u00fdmi potrebami aj s n\u00e1vrhmi na mieru a v\u017edy pon\u00fakame r\u00fdchly a spo\u013eahliv\u00fd servis.<\/p>\n<p>[\/et_pb_text][\/et_pb_column][\/et_pb_row][\/et_pb_section]<\/p>","protected":false},"excerpt":{"rendered":"<p>Construction Machinery Hydraulic CylindersAt FMP Company, we specialize in manufacturing a wide range of Construction Machinery Hydraulic Cylinders designed to meet diverse industry needs. In addition to our extensive product lineup, we also offer customized solutions tailored to your specific requirements. If you don\u2019t find the model you need in our product list, it simply [&hellip;]<\/p>","protected":false},"author":2,"featured_media":0,"parent":0,"menu_order":0,"comment_status":"closed","ping_status":"closed","template":"","meta":{"_et_pb_use_builder":"on","_et_pb_old_content":"","_et_gb_content_width":"","footnotes":""},"class_list":["post-7540","page","type-page","status-publish","hentry"],"_links":{"self":[{"href":"https:\/\/fmp-components.com\/sk\/wp-json\/wp\/v2\/pages\/7540","targetHints":{"allow":["GET"]}}],"collection":[{"href":"https:\/\/fmp-components.com\/sk\/wp-json\/wp\/v2\/pages"}],"about":[{"href":"https:\/\/fmp-components.com\/sk\/wp-json\/wp\/v2\/types\/page"}],"author":[{"embeddable":true,"href":"https:\/\/fmp-components.com\/sk\/wp-json\/wp\/v2\/users\/2"}],"replies":[{"embeddable":true,"href":"https:\/\/fmp-components.com\/sk\/wp-json\/wp\/v2\/comments?post=7540"}],"version-history":[{"count":13,"href":"https:\/\/fmp-components.com\/sk\/wp-json\/wp\/v2\/pages\/7540\/revisions"}],"predecessor-version":[{"id":7562,"href":"https:\/\/fmp-components.com\/sk\/wp-json\/wp\/v2\/pages\/7540\/revisions\/7562"}],"wp:attachment":[{"href":"https:\/\/fmp-components.com\/sk\/wp-json\/wp\/v2\/media?parent=7540"}],"curies":[{"name":"pracovn\u00fd list","href":"https:\/\/api.w.org\/{rel}","templated":true}]}}