{"id":7511,"date":"2025-03-27T05:42:56","date_gmt":"2025-03-27T05:42:56","guid":{"rendered":"https:\/\/fmp-components.com\/?page_id=7511"},"modified":"2025-03-27T06:33:13","modified_gmt":"2025-03-27T06:33:13","slug":"aerial-work-vehicle-hydraulic-cylinders-2","status":"publish","type":"page","link":"https:\/\/fmp-components.com\/sk\/aerial-work-vehicle-hydraulic-cylinders-2\/","title":{"rendered":"Hydraulick\u00e9 valce pre plo\u0161inov\u00e9 pracovn\u00e9 vozidl\u00e1"},"content":{"rendered":"<p>[et_pb_section fb_built=&#8221;1&#8243; theme_builder_area=&#8221;post_content&#8221; _builder_version=&#8221;4.27.4&#8243; _module_preset=&#8221;default&#8221; alt=&#8221;Aerial-Work-Vehicle-Hydraulic-Cylinders-banner&#8221; title_text=&#8221;Aerial-Work-Vehicle-Hydraulic-Cylinders-banner&#8221; background_image=&#8221;https:\/\/fmp-components.com\/wp-content\/uploads\/2025\/03\/Aerial-Work-Vehicle-Hydraulic-Cylinders-banner.webp&#8221; hover_enabled=&#8221;0&#8243; sticky_enabled=&#8221;0&#8243; min_height=&#8221;348px&#8221; use_background_color_gradient=&#8221;on&#8221; background_color_gradient_stops=&#8221;rgba(0,0,0,0.35) 0%|rgba(0,0,0,0.3) 100%&#8221; background_color_gradient_overlays_image=&#8221;on&#8221;][et_pb_row _builder_version=&#8221;4.27.4&#8243; _module_preset=&#8221;default&#8221; theme_builder_area=&#8221;post_content&#8221;][et_pb_column _builder_version=&#8221;4.27.4&#8243; _module_preset=&#8221;default&#8221; type=&#8221;4_4&#8243; theme_builder_area=&#8221;post_content&#8221;][et_pb_text _builder_version=&#8221;4.27.4&#8243; _module_preset=&#8221;default&#8221; theme_builder_area=&#8221;post_content&#8221; header_font=&#8221;Frank Ruhl Libre||||||||&#8221; header_font_size=&#8221;70px&#8221; header_text_color=&#8221;#FFFFFF&#8221; header_text_shadow_style=&#8221;preset1&#8243; hover_enabled=&#8221;0&#8243; sticky_enabled=&#8221;0&#8243;]<\/p>\n<h1 style=\"text-align: center;\">Hydraulick\u00e9 valce pre plo\u0161inov\u00e9 pracovn\u00e9 vozidl\u00e1<\/h1>\n<p>[\/et_pb_text][et_pb_text _builder_version=&#8221;4.27.4&#8243; _module_preset=&#8221;default&#8221; theme_builder_area=&#8221;post_content&#8221; text_text_color=&#8221;#FFFFFF&#8221; text_font_size=&#8221;16px&#8221; text_line_height=&#8221;1.8em&#8221; hover_enabled=&#8221;0&#8243; sticky_enabled=&#8221;0&#8243;]<\/p>\n<p style=\"text-align: center;\">V spolo\u010dnosti FMP sa \u0161pecializujeme na v\u00fdrobu \u0161irokej \u0161k\u00e1ly hydraulick\u00fdch valcov pre plo\u0161inov\u00e9 pracovn\u00e9 vozidl\u00e1, ktor\u00e9 s\u00fa navrhnut\u00e9 tak, aby sp\u013a\u0148ali r\u00f4zne potreby odvetvia. Okrem n\u00e1\u0161ho rozsiahleho sortimentu produktov pon\u00fakame aj rie\u0161enia na mieru prisp\u00f4soben\u00e9 va\u0161im \u0161pecifick\u00fdm po\u017eiadavk\u00e1m. Ak v na\u0161om zozname produktov nen\u00e1jdete model, ktor\u00fd potrebujete, znamen\u00e1 to jednoducho, \u017ee sme ho e\u0161te nemali mo\u017enos\u0165 nahra\u0165. Nev\u00e1hajte n\u00e1m posla\u0165 e-mail s po\u017eadovan\u00fdmi \u0161pecifik\u00e1ciami a na\u0161i sk\u00fasen\u00ed technici v\u00e1m odpovedia do 24 hod\u00edn, aby v\u00e1m pomohli.<\/p>\n<p>[\/et_pb_text][\/et_pb_column][\/et_pb_row][\/et_pb_section][et_pb_section fb_built=&#8221;1&#8243; theme_builder_area=&#8221;post_content&#8221; _builder_version=&#8221;4.27.4&#8243; _module_preset=&#8221;default&#8221;][et_pb_row _builder_version=&#8221;4.27.4&#8243; _module_preset=&#8221;default&#8221; theme_builder_area=&#8221;post_content&#8221;][et_pb_column _builder_version=&#8221;4.27.4&#8243; _module_preset=&#8221;default&#8221; type=&#8221;4_4&#8243; theme_builder_area=&#8221;post_content&#8221;][et_pb_shop _builder_version=&#8221;4.27.4&#8243; _module_preset=&#8221;default&#8221; theme_builder_area=&#8221;post_content&#8221; type=&#8221;product_category&#8221; include_categories=&#8221;22&#8243; columns_number=&#8221;3&#8243; hover_enabled=&#8221;0&#8243; sticky_enabled=&#8221;0&#8243;][\/et_pb_shop][\/et_pb_column][\/et_pb_row][\/et_pb_section][et_pb_section fb_built=&#8221;1&#8243; theme_builder_area=&#8221;post_content&#8221; _builder_version=&#8221;4.27.4&#8243; _module_preset=&#8221;default&#8221;][et_pb_row _builder_version=&#8221;4.27.4&#8243; _module_preset=&#8221;default&#8221; theme_builder_area=&#8221;post_content&#8221; column_structure=&#8221;1_2,1_2&#8243;][et_pb_column _builder_version=&#8221;4.27.4&#8243; _module_preset=&#8221;default&#8221; type=&#8221;1_2&#8243; theme_builder_area=&#8221;post_content&#8221;][et_pb_image src=&#8221;https:\/\/fmp-components.com\/wp-content\/uploads\/2025\/03\/aerial-work-platforms-hydraulic-cylinder-1.webp&#8221; _builder_version=&#8221;4.27.4&#8243; _module_preset=&#8221;default&#8221; theme_builder_area=&#8221;post_content&#8221; alt=&#8221;aerial-work-platforms-hydraulic-cylinder-1&#8243; title_text=&#8221;aerial-work-platforms-hydraulic-cylinder-1&#8243; hover_enabled=&#8221;0&#8243; sticky_enabled=&#8221;0&#8243;][\/et_pb_image][\/et_pb_column][et_pb_column _builder_version=&#8221;4.27.4&#8243; _module_preset=&#8221;default&#8221; type=&#8221;1_2&#8243; theme_builder_area=&#8221;post_content&#8221;][et_pb_text _builder_version=&#8221;4.27.4&#8243; _module_preset=&#8221;default&#8221; theme_builder_area=&#8221;post_content&#8221; hover_enabled=&#8221;0&#8243; sticky_enabled=&#8221;0&#8243; header_2_font=&#8221;Frank Ruhl Libre||||||||&#8221; header_2_font_size=&#8221;35px&#8221;]<\/p>\n<h2>Hydraulick\u00e9 valce vo v\u00fd\u0161kov\u00fdch pracovn\u00fdch vozidl\u00e1ch<\/h2>\n<p>Hydraulick\u00e9 valce s\u00fa z\u00e1kladom leteck\u00fdch pracovn\u00fdch vozidiel (AWV), ktor\u00e9 zabezpe\u010duj\u00fa presn\u00fd pohyb a stabilitu plo\u0161\u00edn, ako s\u00fa no\u017enicov\u00e9 plo\u0161iny, plo\u0161iny na pr\u00edvese, plo\u0161iny poh\u00e1\u0148an\u00e9 motorom a vertik\u00e1lne sto\u017eiarov\u00e9 plo\u0161iny. Pri pr\u00e1ci vo v\u00fd\u0161kach je spo\u013eahlivos\u0165 nevyhnutn\u00e1 a spolupr\u00e1ca s odborn\u00edkmi z FMPde zabezpe\u010duje splnenie bezpe\u010dnostn\u00fdch a v\u00fdkonnostn\u00fdch noriem, ako s\u00fa po\u017eiadavky ANSI a CSA. Od vyrovn\u00e1vania pracovn\u00e9ho ko\u0161a a\u017e po vys\u00favanie hlavn\u00e9ho v\u00fdlo\u017en\u00edka, hydraulick\u00e9 valce umo\u017e\u0148uj\u00fa AWV vykon\u00e1va\u0165 kritick\u00e9 \u00falohy v odvetviach, ako je stavebn\u00edctvo, \u00fadr\u017eba a verejn\u00e9 slu\u017eby. Ka\u017ed\u00fd typ valca, \u010di u\u017e ide o horn\u00fd vyrovn\u00e1vac\u00ed valec, ktor\u00fd udr\u017eiava hlavn\u00fd v\u00fdlo\u017en\u00edk v horizont\u00e1lnej polohe, alebo o valec na vys\u00favanie hlavn\u00e9ho v\u00fdlo\u017en\u00edka, ktor\u00fd ovl\u00e1da d\u013a\u017eku v\u00fdlo\u017en\u00edka, spolupracuj\u00fa na zabezpe\u010den\u00ed plynulej a kontrolovanej prev\u00e1dzky v n\u00e1ro\u010dn\u00fdch podmienkach.<\/p>\n<p>[\/et_pb_text][\/et_pb_column][\/et_pb_row][et_pb_row _builder_version=&#8221;4.27.4&#8243; _module_preset=&#8221;default&#8221; theme_builder_area=&#8221;post_content&#8221;][et_pb_column _builder_version=&#8221;4.27.4&#8243; _module_preset=&#8221;default&#8221; type=&#8221;4_4&#8243; theme_builder_area=&#8221;post_content&#8221;][et_pb_text _builder_version=&#8221;4.27.4&#8243; _module_preset=&#8221;default&#8221; theme_builder_area=&#8221;post_content&#8221; hover_enabled=&#8221;0&#8243; sticky_enabled=&#8221;0&#8243;]<\/p>\n<p>V ter\u00e9nnych vozidl\u00e1ch sl\u00fa\u017eia \u0161pecializovan\u00e9 hydraulick\u00e9 valce na r\u00f4zne \u00fa\u010dely, aby sa zv\u00fd\u0161ila funk\u010dnos\u0165 a bezpe\u010dnos\u0165. Konzolov\u00fd valec nastavuje horizont\u00e1lny uhol pracovn\u00e9ho ko\u0161a, zatia\u013e \u010do valec na nastavenie uhla sklopn\u00e9ho ramena upravuje uhol k\u013abov\u00fdch v\u00fdlo\u017en\u00edkov tak, aby sp\u013a\u0148al r\u00f4zne po\u017eiadavky \u00falohy. Riadiace valce u\u013eah\u010duj\u00fa auton\u00f3mny pohyb a pl\u00e1vaj\u00face valce absorbuj\u00fa n\u00e1razy, aby udr\u017eali rovnov\u00e1hu na nerovnom ter\u00e9ne. Hlavn\u00fd valec na nastavenie uhla v\u00fdlo\u017en\u00edka z\u00e1rove\u0148 podopiera polohu cel\u00e9ho ramena a zabezpe\u010duje \u0161truktur\u00e1lnu integritu vo vysok\u00fdch v\u00fd\u0161kach. V\u010faka sk\u00fasen\u00e9mu in\u017einierskemu t\u00edmu, ktor\u00fd stoj\u00ed za ich n\u00e1vrhom, tieto valce poskytuj\u00fa presnos\u0165 a odolnos\u0165 potrebn\u00fa pre leteck\u00e9 aplik\u00e1cie, v\u010faka \u010domu s\u00fa hydraulick\u00e9 syst\u00e9my nevyhnutn\u00e9 pre bezpe\u010dn\u00fa a efekt\u00edvnu prev\u00e1dzku vo vysok\u00fdch nadmorsk\u00fdch v\u00fd\u0161kach.<\/p>\n<p>[\/et_pb_text][\/et_pb_column][\/et_pb_row][\/et_pb_section]<\/p>","protected":false},"excerpt":{"rendered":"<p>Aerial Work Vehicle Hydraulic CylindersAt FMP Company, we specialize in manufacturing a wide range of Aerial Work Vehicle Hydraulic Cylinders designed to meet diverse industry needs. In addition to our extensive product lineup, we also offer customized solutions tailored to your specific requirements. If you don\u2019t find the model you need in our product list, [&hellip;]<\/p>","protected":false},"author":2,"featured_media":0,"parent":0,"menu_order":0,"comment_status":"closed","ping_status":"closed","template":"","meta":{"_et_pb_use_builder":"on","_et_pb_old_content":"","_et_gb_content_width":"","footnotes":""},"class_list":["post-7511","page","type-page","status-publish","hentry"],"_links":{"self":[{"href":"https:\/\/fmp-components.com\/sk\/wp-json\/wp\/v2\/pages\/7511","targetHints":{"allow":["GET"]}}],"collection":[{"href":"https:\/\/fmp-components.com\/sk\/wp-json\/wp\/v2\/pages"}],"about":[{"href":"https:\/\/fmp-components.com\/sk\/wp-json\/wp\/v2\/types\/page"}],"author":[{"embeddable":true,"href":"https:\/\/fmp-components.com\/sk\/wp-json\/wp\/v2\/users\/2"}],"replies":[{"embeddable":true,"href":"https:\/\/fmp-components.com\/sk\/wp-json\/wp\/v2\/comments?post=7511"}],"version-history":[{"count":7,"href":"https:\/\/fmp-components.com\/sk\/wp-json\/wp\/v2\/pages\/7511\/revisions"}],"predecessor-version":[{"id":7522,"href":"https:\/\/fmp-components.com\/sk\/wp-json\/wp\/v2\/pages\/7511\/revisions\/7522"}],"wp:attachment":[{"href":"https:\/\/fmp-components.com\/sk\/wp-json\/wp\/v2\/media?parent=7511"}],"curies":[{"name":"pracovn\u00fd list","href":"https:\/\/api.w.org\/{rel}","templated":true}]}}