{"id":7276,"date":"2025-03-21T06:23:21","date_gmt":"2025-03-21T06:23:21","guid":{"rendered":"https:\/\/fmp-components.com\/?page_id=7276"},"modified":"2025-03-21T07:44:30","modified_gmt":"2025-03-21T07:44:30","slug":"telescopic-hydraulic-cylinders-2","status":"publish","type":"page","link":"https:\/\/fmp-components.com\/sk\/telescopic-hydraulic-cylinders-2\/","title":{"rendered":"Teleskopick\u00e9 hydraulick\u00e9 valce"},"content":{"rendered":"<p>[et_pb_section fb_built=&#8221;1&#8243; theme_builder_area=&#8221;post_content&#8221; _builder_version=&#8221;4.27.4&#8243; _module_preset=&#8221;default&#8221; alt=&#8221;Telescopic-Hydraulic-Cylinders-banner&#8221; title_text=&#8221;Telescopic-Hydraulic-Cylinders-banner-1&#8243; background_image=&#8221;https:\/\/fmp-components.com\/wp-content\/uploads\/2025\/03\/Telescopic-Hydraulic-Cylinders-banner-1.webp&#8221; hover_enabled=&#8221;0&#8243; sticky_enabled=&#8221;0&#8243; min_height=&#8221;299px&#8221;][et_pb_row _builder_version=&#8221;4.27.4&#8243; _module_preset=&#8221;default&#8221; theme_builder_area=&#8221;post_content&#8221;][et_pb_column _builder_version=&#8221;4.27.4&#8243; _module_preset=&#8221;default&#8221; type=&#8221;4_4&#8243; theme_builder_area=&#8221;post_content&#8221;][et_pb_text _builder_version=&#8221;4.27.4&#8243; _module_preset=&#8221;default&#8221; theme_builder_area=&#8221;post_content&#8221; header_font=&#8221;Frank Ruhl Libre||||||||&#8221; header_font_size=&#8221;60px&#8221; header_text_shadow_style=&#8221;preset1&#8243; header_text_color=&#8221;#FFFFFF&#8221; hover_enabled=&#8221;0&#8243; sticky_enabled=&#8221;0&#8243;]<\/p>\n<h1 style=\"text-align: center;\">Teleskopick\u00e9 hydraulick\u00e9 valce<\/h1>\n<p>[\/et_pb_text][\/et_pb_column][\/et_pb_row][\/et_pb_section][et_pb_section fb_built=&#8221;1&#8243; theme_builder_area=&#8221;post_content&#8221; _builder_version=&#8221;4.27.4&#8243; _module_preset=&#8221;default&#8221;][et_pb_row _builder_version=&#8221;4.27.4&#8243; _module_preset=&#8221;default&#8221; theme_builder_area=&#8221;post_content&#8221;][et_pb_column _builder_version=&#8221;4.27.4&#8243; _module_preset=&#8221;default&#8221; type=&#8221;4_4&#8243; theme_builder_area=&#8221;post_content&#8221;][et_pb_shop _builder_version=&#8221;4.27.4&#8243; _module_preset=&#8221;default&#8221; theme_builder_area=&#8221;post_content&#8221; type=&#8221;product_category&#8221; include_categories=&#8221;103&#8243; show_pagination=&#8221;on&#8221; hover_enabled=&#8221;0&#8243; sticky_enabled=&#8221;0&#8243;][\/et_pb_shop][\/et_pb_column][\/et_pb_row][\/et_pb_section][et_pb_section fb_built=&#8221;1&#8243; theme_builder_area=&#8221;post_content&#8221; _builder_version=&#8221;4.27.4&#8243; _module_preset=&#8221;default&#8221;][et_pb_row _builder_version=&#8221;4.27.4&#8243; _module_preset=&#8221;default&#8221; theme_builder_area=&#8221;post_content&#8221;][et_pb_column _builder_version=&#8221;4.27.4&#8243; _module_preset=&#8221;default&#8221; type=&#8221;4_4&#8243; theme_builder_area=&#8221;post_content&#8221;][et_pb_text _builder_version=&#8221;4.27.4&#8243; _module_preset=&#8221;default&#8221; theme_builder_area=&#8221;post_content&#8221; header_2_font=&#8221;Frank Ruhl Libre||||||||&#8221; header_2_font_size=&#8221;45px&#8221; text_font_size=&#8221;16px&#8221; text_line_height=&#8221;1.8em&#8221; hover_enabled=&#8221;0&#8243; sticky_enabled=&#8221;0&#8243;]<\/p>\n<div>\n<h2>Teleskopick\u00e9 hydraulick\u00e9 valce: V\u00fdkon a presnos\u0165 od spolo\u010dnosti FMP<\/h2>\n<p class=\"break-words\">V oblasti hydraulick\u00fdch syst\u00e9mov s\u00fa teleskopick\u00e9 hydraulick\u00e9 valce zn\u00e1me svojou schopnos\u0165ou poskytn\u00fa\u0165 dlh\u00fd dosah v kompaktnom preveden\u00ed. Tieto v\u0161estrann\u00e9 komponenty s\u00fa nevyhnutn\u00e9 pre aplik\u00e1cie vy\u017eaduj\u00face dlh\u00e9 zdvihy v obmedzen\u00fdch priestoroch, v\u010faka \u010domu s\u00fa nevyhnutn\u00e9 v r\u00f4znych odvetviach. V spolo\u010dnosti FMP sme hrd\u00ed na to, \u017ee sme popredn\u00fdm v\u00fdrobcom vysokokvalitn\u00fdch teleskopick\u00fdch hydraulick\u00fdch valcov, ktor\u00ed sl\u00fa\u017eia klientom po celom Taliansku \u2013 vr\u00e1tane ru\u0161n\u00fdch centier ako Mil\u00e1no, historick\u00e9 Ben\u00e1tky, umeleck\u00e1 Florencia a priemyseln\u00e1 Bologna. Na\u0161e odhodlanie pre kvalitu, inov\u00e1cie a spokojnos\u0165 z\u00e1kazn\u00edkov n\u00e1s odli\u0161uje ako v\u00e1\u0161ho d\u00f4veryhodn\u00e9ho partnera pre hydraulick\u00e9 rie\u0161enia.<\/p>\n<\/div>\n<p>[\/et_pb_text][\/et_pb_column][\/et_pb_row][et_pb_row _builder_version=&#8221;4.27.4&#8243; _module_preset=&#8221;default&#8221; column_structure=&#8221;1_2,1_2&#8243; theme_builder_area=&#8221;post_content&#8221; use_custom_gutter=&#8221;on&#8221; gutter_width=&#8221;2&#8243; hover_enabled=&#8221;0&#8243; sticky_enabled=&#8221;0&#8243; custom_padding=&#8221;||1px|||&#8221;][et_pb_column _builder_version=&#8221;4.27.4&#8243; _module_preset=&#8221;default&#8221; type=&#8221;1_2&#8243; theme_builder_area=&#8221;post_content&#8221;][et_pb_image src=&#8221;https:\/\/fmp-components.com\/wp-content\/uploads\/2025\/03\/Telescopic-Hydraulic-Cylinders-product-1.webp&#8221; _builder_version=&#8221;4.27.4&#8243; _module_preset=&#8221;default&#8221; theme_builder_area=&#8221;post_content&#8221; alt=&#8221;Telescopic-Hydraulic-Cylinders&#8221; title_text=&#8221;Telescopic-Hydraulic-Cylinders-product-1&#8243; hover_enabled=&#8221;0&#8243; sticky_enabled=&#8221;0&#8243;][\/et_pb_image][\/et_pb_column][et_pb_column _builder_version=&#8221;4.27.4&#8243; _module_preset=&#8221;default&#8221; type=&#8221;1_2&#8243; theme_builder_area=&#8221;post_content&#8221;][et_pb_image src=&#8221;https:\/\/fmp-components.com\/wp-content\/uploads\/2025\/03\/Telescopic-Hydraulic-Cylinders-product-2.webp&#8221; _builder_version=&#8221;4.27.4&#8243; _module_preset=&#8221;default&#8221; theme_builder_area=&#8221;post_content&#8221; alt=&#8221;Telescopic-Hydraulic-Cylinders&#8221; title_text=&#8221;Telescopic-Hydraulic-Cylinders-product-2&#8243; hover_enabled=&#8221;0&#8243; sticky_enabled=&#8221;0&#8243;][\/et_pb_image][\/et_pb_column][\/et_pb_row][et_pb_row _builder_version=&#8221;4.27.4&#8243; _module_preset=&#8221;default&#8221; column_structure=&#8221;1_2,1_2&#8243; theme_builder_area=&#8221;post_content&#8221; use_custom_gutter=&#8221;on&#8221; gutter_width=&#8221;2&#8243; hover_enabled=&#8221;0&#8243; sticky_enabled=&#8221;0&#8243; custom_padding=&#8221;10px|||||&#8221;][et_pb_column _builder_version=&#8221;4.27.4&#8243; _module_preset=&#8221;default&#8221; type=&#8221;1_2&#8243; theme_builder_area=&#8221;post_content&#8221;][et_pb_image src=&#8221;https:\/\/fmp-components.com\/wp-content\/uploads\/2025\/03\/Telescopic-Hydraulic-Cylinders-product-3.webp&#8221; _builder_version=&#8221;4.27.4&#8243; _module_preset=&#8221;default&#8221; theme_builder_area=&#8221;post_content&#8221; alt=&#8221;Telescopic-Hydraulic-Cylinders&#8221; title_text=&#8221;Telescopic-Hydraulic-Cylinders-product-3&#8243; hover_enabled=&#8221;0&#8243; sticky_enabled=&#8221;0&#8243;][\/et_pb_image][\/et_pb_column][et_pb_column _builder_version=&#8221;4.27.4&#8243; _module_preset=&#8221;default&#8221; type=&#8221;1_2&#8243; theme_builder_area=&#8221;post_content&#8221;][et_pb_image src=&#8221;https:\/\/fmp-components.com\/wp-content\/uploads\/2025\/03\/Telescopic-Hydraulic-Cylinders-product-4.webp&#8221; _builder_version=&#8221;4.27.4&#8243; _module_preset=&#8221;default&#8221; theme_builder_area=&#8221;post_content&#8221; alt=&#8221;Telescopic-Hydraulic-Cylinders&#8221; title_text=&#8221;Telescopic-Hydraulic-Cylinders-product-4&#8243; hover_enabled=&#8221;0&#8243; sticky_enabled=&#8221;0&#8243;][\/et_pb_image][\/et_pb_column][\/et_pb_row][et_pb_row _builder_version=&#8221;4.27.4&#8243; _module_preset=&#8221;default&#8221; theme_builder_area=&#8221;post_content&#8221;][et_pb_column _builder_version=&#8221;4.27.4&#8243; _module_preset=&#8221;default&#8221; type=&#8221;4_4&#8243; theme_builder_area=&#8221;post_content&#8221;][et_pb_text _builder_version=&#8221;4.27.4&#8243; _module_preset=&#8221;default&#8221; theme_builder_area=&#8221;post_content&#8221; header_2_font=&#8221;Frank Ruhl Libre||||||||&#8221; header_2_font_size=&#8221;40px&#8221; text_font_size=&#8221;16px&#8221; text_line_height=&#8221;1.8em&#8221; hover_enabled=&#8221;0&#8243; sticky_enabled=&#8221;0&#8243;]<\/p>\n<div>\n<h2>Aplik\u00e1cie teleskopick\u00fdch hydraulick\u00fdch valcov<\/h2>\n<p class=\"break-words\">Teleskopick\u00e9 hydraulick\u00e9 valce s\u00fa neuverite\u013ene v\u0161estrann\u00e9 a poh\u00e1\u0148aj\u00fa \u0161irok\u00fa \u0161k\u00e1lu zariaden\u00ed vo viacer\u00fdch odvetviach.<\/p>\n<p class=\"break-words\">V Taliansku zohr\u00e1vaj\u00fa tieto valce k\u013e\u00fa\u010dov\u00fa \u00falohu v miestnom priemysle. V Mil\u00e1ne, centre stavebn\u00edctva, poh\u00e1\u0148aj\u00fa \u017eeriavy formuj\u00face panor\u00e1mu mesta. V po\u013enohospod\u00e1rskych regi\u00f3noch bl\u00edzko Florencie poh\u00e1\u0148aj\u00fa stroje, ktor\u00e9 udr\u017eiavaj\u00fa produktivitu fariem. V Ben\u00e1tkach, kde \u00fazke ulice vy\u017eaduj\u00fa kompaktn\u00e9 rie\u0161enia, s\u00fa nevyhnutn\u00e9 pre vozidl\u00e1 na nakladanie s odpadom. Medzit\u00fdm sa na ne v\u00fdrobn\u00fd sektor v Bologni spolieha, pokia\u013e ide o robustn\u00fd v\u00fdkon zariaden\u00ed.<\/p>\n<\/div>\n<p>[\/et_pb_text][\/et_pb_column][\/et_pb_row][et_pb_row _builder_version=&#8221;4.27.4&#8243; _module_preset=&#8221;default&#8221; column_structure=&#8221;1_2,1_2&#8243; theme_builder_area=&#8221;post_content&#8221;][et_pb_column _builder_version=&#8221;4.27.4&#8243; _module_preset=&#8221;default&#8221; type=&#8221;1_2&#8243; theme_builder_area=&#8221;post_content&#8221;][et_pb_blurb title=&#8221;Construction&#8221; image=&#8221;https:\/\/fmp-components.com\/wp-content\/uploads\/2025\/03\/excavators.webp&#8221; _builder_version=&#8221;4.27.4&#8243; _module_preset=&#8221;default&#8221; theme_builder_area=&#8221;post_content&#8221; header_text_align=&#8221;center&#8221; text_orientation=&#8221;center&#8221; alt=&#8221;excavators&#8221; title_text=&#8221;excavators&#8221; hover_enabled=&#8221;0&#8243; sticky_enabled=&#8221;0&#8243;]<\/p>\n<p>Pou\u017e\u00edva sa v \u017eeriavoch a bagroch na zdv\u00edhanie a dosahovanie.<\/p>\n<p>[\/et_pb_blurb][\/et_pb_column][et_pb_column _builder_version=&#8221;4.27.4&#8243; _module_preset=&#8221;default&#8221; type=&#8221;1_2&#8243; theme_builder_area=&#8221;post_content&#8221;][et_pb_blurb title=&#8221;Agriculture&#8221; image=&#8221;https:\/\/fmp-components.com\/wp-content\/uploads\/2025\/03\/Agriculture-harvester.webp&#8221; _builder_version=&#8221;4.27.4&#8243; _module_preset=&#8221;default&#8221; theme_builder_area=&#8221;post_content&#8221; header_text_align=&#8221;center&#8221; text_orientation=&#8221;center&#8221; alt=&#8221;Agriculture-harvester&#8221; title_text=&#8221;Agriculture-harvester&#8221; hover_enabled=&#8221;0&#8243; sticky_enabled=&#8221;0&#8243;]<\/p>\n<p>Nach\u00e1dza sa v harvestoroch a naklada\u010doch pre efekt\u00edvnu manipul\u00e1ciu s materi\u00e1lom.<\/p>\n<p>[\/et_pb_blurb][\/et_pb_column][\/et_pb_row][et_pb_row _builder_version=&#8221;4.27.4&#8243; _module_preset=&#8221;default&#8221; column_structure=&#8221;1_2,1_2&#8243; theme_builder_area=&#8221;post_content&#8221;][et_pb_column _builder_version=&#8221;4.27.4&#8243; _module_preset=&#8221;default&#8221; type=&#8221;1_2&#8243; theme_builder_area=&#8221;post_content&#8221;][et_pb_blurb title=&#8221;Waste Management&#8221; image=&#8221;https:\/\/fmp-components.com\/wp-content\/uploads\/2025\/03\/garbage-trucks.webp&#8221; _builder_version=&#8221;4.27.4&#8243; _module_preset=&#8221;default&#8221; theme_builder_area=&#8221;post_content&#8221; header_text_align=&#8221;center&#8221; text_orientation=&#8221;center&#8221; alt=&#8221;garbage-trucks&#8221; title_text=&#8221;garbage-trucks&#8221; hover_enabled=&#8221;0&#8243; sticky_enabled=&#8221;0&#8243;]<\/p>\n<p>Pou\u017e\u00edva sa v smetiarskych aut\u00e1ch a zhut\u0148ova\u010doch pre kompaktn\u00fa, ale v\u00fdkonn\u00fa prev\u00e1dzku.<\/p>\n<p>[\/et_pb_blurb][\/et_pb_column][et_pb_column _builder_version=&#8221;4.27.4&#8243; _module_preset=&#8221;default&#8221; type=&#8221;1_2&#8243; theme_builder_area=&#8221;post_content&#8221;][et_pb_blurb title=&#8221;Transportation&#8221; image=&#8221;https:\/\/fmp-components.com\/wp-content\/uploads\/2025\/03\/dump-trucks.webp&#8221; _builder_version=&#8221;4.27.4&#8243; _module_preset=&#8221;default&#8221; theme_builder_area=&#8221;post_content&#8221; header_text_align=&#8221;center&#8221; text_orientation=&#8221;center&#8221; alt=&#8221;dump-trucks&#8221; title_text=&#8221;dump-trucks&#8221; hover_enabled=&#8221;0&#8243; sticky_enabled=&#8221;0&#8243;]<\/p>\n<p>Neoddelite\u013en\u00e1 s\u00fa\u010das\u0165 skl\u00e1pa\u010dov a prepravn\u00fdch n\u00e1vesov na manipul\u00e1ciu s \u0165a\u017ek\u00fdmi n\u00e1kladmi.<\/p>\n<p>[\/et_pb_blurb][\/et_pb_column][\/et_pb_row][\/et_pb_section][et_pb_section fb_built=&#8221;1&#8243; theme_builder_area=&#8221;post_content&#8221; _builder_version=&#8221;4.27.4&#8243; _module_preset=&#8221;default&#8221;][et_pb_row _builder_version=&#8221;4.27.4&#8243; _module_preset=&#8221;default&#8221; theme_builder_area=&#8221;post_content&#8221; max_width=&#8221;1250px&#8221; width=&#8221;100%&#8221; hover_enabled=&#8221;0&#8243; sticky_enabled=&#8221;0&#8243;][et_pb_column _builder_version=&#8221;4.27.4&#8243; _module_preset=&#8221;default&#8221; type=&#8221;4_4&#8243; theme_builder_area=&#8221;post_content&#8221;][et_pb_text _builder_version=&#8221;4.27.4&#8243; _module_preset=&#8221;default&#8221; theme_builder_area=&#8221;post_content&#8221; hover_enabled=&#8221;0&#8243; sticky_enabled=&#8221;0&#8243; text_font_size=&#8221;16px&#8221; text_line_height=&#8221;1.8em&#8221;]<\/p>\n<div>\n<h2>Teleskopick\u00e9 hydraulick\u00e9 valce FMP<\/h2>\n<p class=\"break-words\">V spolo\u010dnosti FMP pon\u00fakame \u0161irok\u00fd sortiment teleskopick\u00fdch hydraulick\u00fdch valcov prisp\u00f4soben\u00fdch r\u00f4znym potreb\u00e1m:<\/p>\n<ul class=\"marker:text-secondary\">\n<li class=\"break-words\"><strong>Jedno\u010dinn\u00e9 valce<\/strong>Ide\u00e1lne pre aplik\u00e1cie, kde je zas\u00favanie podporovan\u00e9 gravit\u00e1ciou alebo vonkaj\u0161\u00edmi silami, ako napr\u00edklad skl\u00e1pa\u010de.<\/li>\n<li class=\"break-words\"><strong>Dvoj\u010dinn\u00e9 valce<\/strong>Navrhnut\u00e9 pre presnos\u0165, vyu\u017e\u00edva hydraulick\u00fa silu na vys\u00favanie aj zas\u00favanie, ide\u00e1lne pre stavebn\u00e9 stroje.<\/li>\n<li class=\"break-words\"><strong>Kombinovan\u00e9 valce<\/strong>Kombin\u00e1cia v\u00fdhod oboch typov pre \u0161pecializovan\u00e9 aplik\u00e1cie.<\/li>\n<\/ul>\n<p class=\"break-words\">Na\u0161e valce sa m\u00f4\u017eu pochv\u00e1li\u0165 p\u00f4sobiv\u00fdmi \u0161pecifik\u00e1ciami:<\/p>\n<ul class=\"marker:text-secondary\">\n<li class=\"break-words\">Priemer otvoru do 15 palcov.<\/li>\n<li class=\"break-words\">D\u013a\u017eka zdvihu a\u017e 500 palcov.<\/li>\n<li class=\"break-words\">A\u017e 5 et\u00e1p.<\/li>\n<li class=\"break-words\">Prev\u00e1dzkov\u00e9 tlaky do 2 000 psi s mo\u017enos\u0165ou prisp\u00f4sobenia pre vy\u0161\u0161ie tlaky.<\/li>\n<\/ul>\n<p class=\"break-words\">Na\u0161e valce s\u00fa vyroben\u00e9 z vysokopevnostnej ocele, maj\u00fa tvrdo chr\u00f3movan\u00e9 stupne a odoln\u00e9 tesnenia, tak\u017ee s\u00fa navrhnut\u00e9 tak, aby odolali n\u00e1ro\u010dn\u00fdm podmienkam. Funkcie, ako je nastavite\u013en\u00e9 tesnenie v tvare V a volite\u013en\u00e9 sp\u00f4soby mont\u00e1\u017ee (prie\u010dna r\u00farka alebo \u010dap), zabezpe\u010duj\u00fa prisp\u00f4sobivos\u0165 v\u00e1\u0161mu zariadeniu.<\/p>\n<h3>Prisp\u00f4sobenie na dosah ruky<\/h3>\n<p class=\"break-words\">Jednou z na\u0161ich siln\u00fdch str\u00e1nok je schopnos\u0165 doda\u0165 teleskopick\u00e9 hydraulick\u00e9 valce na mieru. \u010ci u\u017e potrebujete \u0161pecifick\u00fa ve\u013ekos\u0165 otvoru, d\u013a\u017eku zdvihu alebo mont\u00e1\u017enu konfigur\u00e1ciu, n\u00e1\u0161 sk\u00fasen\u00fd t\u00edm in\u017einierov s vami spolupracuje na n\u00e1vrhu rie\u0161enia, ktor\u00e9 dokonale vyhovuje va\u0161ej aplik\u00e1cii \u2013 \u010di u\u017e ide o smetiarske auto vo Florencii alebo \u017eeriav v Mil\u00e1ne. Na\u0161a r\u00fdchla dodacia lehota \u2013 \u010dasto do jedn\u00e9ho mesiaca \u2013 n\u00e1s odli\u0161uje a zaru\u010duje, \u017ee svoj valec na mieru dostanete r\u00fdchlej\u0161ie, ako je \u0161tandard v tomto odvetv\u00ed.<\/p>\n<p class=\"break-words\">Ak v na\u0161om zozname produktov nevid\u00edte presn\u00fd model, ktor\u00fd potrebujete, nebojte sa \u2013 pravdepodobne sme ho e\u0161te nemali mo\u017enos\u0165 uvies\u0165. Jednoducho n\u00e1m po\u0161lite e-mail s va\u0161imi \u0161pecifik\u00e1ciami a na\u0161i technici v\u00e1m do 24 hod\u00edn odpovedia s personalizovan\u00fdm rie\u0161en\u00edm.<\/p>\n<\/div>\n<p>[\/et_pb_text][\/et_pb_column][\/et_pb_row][et_pb_row _builder_version=&#8221;4.27.4&#8243; _module_preset=&#8221;default&#8221; column_structure=&#8221;1_2,1_2&#8243; theme_builder_area=&#8221;post_content&#8221; use_custom_gutter=&#8221;on&#8221; gutter_width=&#8221;2&#8243; hover_enabled=&#8221;0&#8243; sticky_enabled=&#8221;0&#8243; max_width=&#8221;1250px&#8221; width=&#8221;100%&#8221;][et_pb_column _builder_version=&#8221;4.27.4&#8243; _module_preset=&#8221;default&#8221; type=&#8221;1_2&#8243; theme_builder_area=&#8221;post_content&#8221;][et_pb_image src=&#8221;https:\/\/fmp-components.com\/wp-content\/uploads\/2025\/03\/fmp-hydraulic-cylinder-factory.webp&#8221; _builder_version=&#8221;4.27.4&#8243; _module_preset=&#8221;default&#8221; theme_builder_area=&#8221;post_content&#8221; alt=&#8221;fmp-hydraulic-cylinder-factory&#8221; title_text=&#8221;fmp-hydraulic-cylinder-factory&#8221; hover_enabled=&#8221;0&#8243; sticky_enabled=&#8221;0&#8243;][\/et_pb_image][\/et_pb_column][et_pb_column _builder_version=&#8221;4.27.4&#8243; _module_preset=&#8221;default&#8221; type=&#8221;1_2&#8243; theme_builder_area=&#8221;post_content&#8221;][et_pb_image src=&#8221;https:\/\/fmp-components.com\/wp-content\/uploads\/2025\/03\/fmp-hydraulic-cylinder-factory2.webp&#8221; _builder_version=&#8221;4.27.4&#8243; _module_preset=&#8221;default&#8221; theme_builder_area=&#8221;post_content&#8221; alt=&#8221;fmp-hydraulic-cylinder-factory2&#8243; title_text=&#8221;fmp-hydraulic-cylinder-factory2&#8243; hover_enabled=&#8221;0&#8243; sticky_enabled=&#8221;0&#8243;][\/et_pb_image][\/et_pb_column][\/et_pb_row][\/et_pb_section]<\/p>","protected":false},"excerpt":{"rendered":"<p>Telescopic Hydraulic Cylinders Telescopic Hydraulic Cylinders: Power and Precision from FMP Company In the realm of hydraulic systems, telescopic hydraulic cylinders are renowned for their ability to provide extended reach within a compact design. These versatile components are vital for applications requiring long strokes in limited spaces, making them indispensable across various industries. At FMP, [&hellip;]<\/p>","protected":false},"author":2,"featured_media":0,"parent":0,"menu_order":0,"comment_status":"closed","ping_status":"closed","template":"","meta":{"_et_pb_use_builder":"on","_et_pb_old_content":"","_et_gb_content_width":"","footnotes":""},"class_list":["post-7276","page","type-page","status-publish","hentry"],"_links":{"self":[{"href":"https:\/\/fmp-components.com\/sk\/wp-json\/wp\/v2\/pages\/7276","targetHints":{"allow":["GET"]}}],"collection":[{"href":"https:\/\/fmp-components.com\/sk\/wp-json\/wp\/v2\/pages"}],"about":[{"href":"https:\/\/fmp-components.com\/sk\/wp-json\/wp\/v2\/types\/page"}],"author":[{"embeddable":true,"href":"https:\/\/fmp-components.com\/sk\/wp-json\/wp\/v2\/users\/2"}],"replies":[{"embeddable":true,"href":"https:\/\/fmp-components.com\/sk\/wp-json\/wp\/v2\/comments?post=7276"}],"version-history":[{"count":12,"href":"https:\/\/fmp-components.com\/sk\/wp-json\/wp\/v2\/pages\/7276\/revisions"}],"predecessor-version":[{"id":7304,"href":"https:\/\/fmp-components.com\/sk\/wp-json\/wp\/v2\/pages\/7276\/revisions\/7304"}],"wp:attachment":[{"href":"https:\/\/fmp-components.com\/sk\/wp-json\/wp\/v2\/media?parent=7276"}],"curies":[{"name":"pracovn\u00fd list","href":"https:\/\/api.w.org\/{rel}","templated":true}]}}