{"id":6269,"date":"2025-03-07T03:38:27","date_gmt":"2025-03-07T03:38:27","guid":{"rendered":"https:\/\/fmp-components.com\/?page_id=6269"},"modified":"2025-03-07T06:14:40","modified_gmt":"2025-03-07T06:14:40","slug":"steel-2","status":"publish","type":"page","link":"https:\/\/fmp-components.com\/sk\/steel-2\/","title":{"rendered":"Oce\u013e"},"content":{"rendered":"<p>[et_pb_section fb_built=&#8221;1&#8243; theme_builder_area=&#8221;post_content&#8221; _builder_version=&#8221;4.27.4&#8243; _module_preset=&#8221;default&#8221; alt=&#8221;Steel&#8221; title_text=&#8221;steel-banner&#8221; background_image=&#8221;https:\/\/fmp-components.com\/wp-content\/uploads\/2025\/03\/steel-banner.webp&#8221; hover_enabled=&#8221;0&#8243; sticky_enabled=&#8221;0&#8243; min_height=&#8221;447px&#8221; use_background_color_gradient=&#8221;on&#8221; background_color_gradient_stops=&#8221;rgba(0,0,0,0.2) 0%|rgba(0,0,0,0.15) 100%&#8221; background_color_gradient_overlays_image=&#8221;on&#8221;][et_pb_row _builder_version=&#8221;4.27.4&#8243; _module_preset=&#8221;default&#8221; theme_builder_area=&#8221;post_content&#8221;][et_pb_column _builder_version=&#8221;4.27.4&#8243; _module_preset=&#8221;default&#8221; type=&#8221;4_4&#8243; theme_builder_area=&#8221;post_content&#8221;][et_pb_text _builder_version=&#8221;4.27.4&#8243; _module_preset=&#8221;default&#8221; theme_builder_area=&#8221;post_content&#8221; text_orientation=&#8221;center&#8221; text_text_color=&#8221;#FFFFFF&#8221; header_font=&#8221;Frank Ruhl Libre||||||||&#8221; header_text_align=&#8221;center&#8221; header_text_color=&#8221;#FFFFFF&#8221; header_font_size=&#8221;70px&#8221; header_text_shadow_style=&#8221;preset1&#8243; hover_enabled=&#8221;0&#8243; sticky_enabled=&#8221;0&#8243;]<\/p>\n<h1 style=\"text-align: center;\">Oce\u013e<\/h1>\n<p>[\/et_pb_text][\/et_pb_column][\/et_pb_row][\/et_pb_section][et_pb_section fb_built=&#8221;1&#8243; theme_builder_area=&#8221;post_content&#8221; _builder_version=&#8221;4.27.4&#8243; _module_preset=&#8221;default&#8221;][et_pb_row _builder_version=&#8221;4.27.4&#8243; _module_preset=&#8221;default&#8221; theme_builder_area=&#8221;post_content&#8221;][et_pb_column _builder_version=&#8221;4.27.4&#8243; _module_preset=&#8221;default&#8221; type=&#8221;4_4&#8243; theme_builder_area=&#8221;post_content&#8221;][et_pb_text _builder_version=&#8221;4.27.4&#8243; _module_preset=&#8221;default&#8221; theme_builder_area=&#8221;post_content&#8221; header_font=&#8221;Frank Ruhl Libre||||||||&#8221; header_2_font=&#8221;Frank Ruhl Libre||||||||&#8221; header_2_font_size=&#8221;35px&#8221; hover_enabled=&#8221;0&#8243; sticky_enabled=&#8221;0&#8243;]<\/p>\n<h2>Oce\u013eov\u00e9 rie\u0161enia od FMP: Poh\u00e1\u0148ame taliansky priemysel kvalitou a presnos\u0165ou<\/h2>\n<p>[\/et_pb_text][et_pb_text _builder_version=&#8221;4.27.4&#8243; _module_preset=&#8221;default&#8221; theme_builder_area=&#8221;post_content&#8221; text_font_size=&#8221;16px&#8221; text_line_height=&#8221;1.8em&#8221; hover_enabled=&#8221;0&#8243; sticky_enabled=&#8221;0&#8243;]<\/p>\n<p>Pokia\u013e ide o oce\u013e, spolo\u010dnos\u0165 FMP je v Taliansku d\u00f4veryhodn\u00fdm l\u00eddrom a dod\u00e1va \u0161irok\u00fa \u0161k\u00e1lu vysokokvalitn\u00fdch oce\u013eov\u00fdch v\u00fdrobkov, ktor\u00e9 uspokojuj\u00fa potreby priemyseln\u00fdch odvetv\u00ed, remeseln\u00edkov a inov\u00e1torov na celom polostrove. Oce\u013e \u2013 zliatina \u017eeleza a uhl\u00edka s obsahom uhl\u00edka a\u017e do 2% \u2013 je chrbticou modernej infra\u0161trukt\u00fary, od t\u00fd\u010diacich sa mrakodrapov Mil\u00e1na a\u017e po zlo\u017eit\u00e9 stroje tosk\u00e1nskych dieln\u00ed. V spolo\u010dnosti FMP pon\u00fakame rozsiahle portf\u00f3lio typov ocele vr\u00e1tane uhl\u00edkovej ocele, legovanej ocele, nehrdzavej\u00facej ocele a n\u00e1strojovej ocele, pri\u010dom v\u0161etky s\u00fa vyroben\u00e9 tak, aby podporovali rozmanit\u00e9 aplik\u00e1cie v Taliansku.<\/p>\n<p>[\/et_pb_text][\/et_pb_column][\/et_pb_row][et_pb_row _builder_version=&#8221;4.27.4&#8243; _module_preset=&#8221;default&#8221; theme_builder_area=&#8221;post_content&#8221;][et_pb_column _builder_version=&#8221;4.27.4&#8243; _module_preset=&#8221;default&#8221; type=&#8221;4_4&#8243; theme_builder_area=&#8221;post_content&#8221;][et_pb_text _builder_version=&#8221;4.27.4&#8243; _module_preset=&#8221;default&#8221; theme_builder_area=&#8221;post_content&#8221; header_font=&#8221;Frank Ruhl Libre||||||||&#8221; header_2_font=&#8221;Frank Ruhl Libre||||||||&#8221; header_2_font_size=&#8221;35px&#8221; hover_enabled=&#8221;0&#8243; sticky_enabled=&#8221;0&#8243;]<\/p>\n<h2>\u010co rob\u00ed oce\u013e nevyhnutnou?<\/h2>\n<p>[\/et_pb_text][et_pb_text _builder_version=&#8221;4.27.4&#8243; _module_preset=&#8221;default&#8221; theme_builder_area=&#8221;post_content&#8221; text_font_size=&#8221;16px&#8221; text_line_height=&#8221;1.8em&#8221; hover_enabled=&#8221;0&#8243; sticky_enabled=&#8221;0&#8243;]<\/p>\n<p>V\u0161estrannos\u0165 ocele pramen\u00ed z jej jedine\u010dn\u00e9ho zlo\u017eenia: \u017eelezo, jeden z najroz\u0161\u00edrenej\u0161\u00edch prvkov na Zemi, sa v kombin\u00e1cii s uhl\u00edkom vytv\u00e1ra materi\u00e1l pevnej\u0161\u00ed a odolnej\u0161\u00ed ako samotn\u00e9 \u010dist\u00e9 \u017eelezo. S celosvetovou produkciou 1,6 miliardy ton v roku 2013 (v porovnan\u00ed s iba 47 mili\u00f3nmi ton hlin\u00edka, druh\u00e9ho najv\u00fdznamnej\u0161ieho technick\u00e9ho kovu) dominuje oce\u013e ako najpou\u017e\u00edvanej\u0161\u00ed materi\u00e1l na svete. Tvaruje v\u0161etko od \u0161ijac\u00edch ihiel a\u017e po ropn\u00e9 tankery \u2013 a dokonca aj n\u00e1stroje pou\u017e\u00edvan\u00e9 na ich v\u00fdrobu. V spolo\u010dnosti FMP vyu\u017e\u00edvame bezkonkuren\u010dn\u00e9 mechanick\u00e9 vlastnosti ocele \u2013 v\u010faka jej kry\u0161talick\u00fdm \u0161trukt\u00faram, ako s\u00fa ferit, austenit a martenzit \u2013 na v\u00fdrobu produktov prisp\u00f4soben\u00fdch priemyseln\u00fdm a kreat\u00edvnym po\u017eiadavk\u00e1m Talianska.<\/p>\n<p>[\/et_pb_text][\/et_pb_column][\/et_pb_row][et_pb_row _builder_version=&#8221;4.27.4&#8243; _module_preset=&#8221;default&#8221; theme_builder_area=&#8221;post_content&#8221;][et_pb_column _builder_version=&#8221;4.27.4&#8243; _module_preset=&#8221;default&#8221; type=&#8221;4_4&#8243; theme_builder_area=&#8221;post_content&#8221;][et_pb_image src=&#8221;https:\/\/fmp-components.com\/wp-content\/uploads\/2025\/03\/steel-product.webp&#8221; _builder_version=&#8221;4.27.4&#8243; _module_preset=&#8221;default&#8221; theme_builder_area=&#8221;post_content&#8221; alt=&#8221;steel product&#8221; title_text=&#8221;steel-product&#8221; hover_enabled=&#8221;0&#8243; sticky_enabled=&#8221;0&#8243; align=&#8221;center&#8221;][\/et_pb_image][\/et_pb_column][\/et_pb_row][et_pb_row _builder_version=&#8221;4.27.4&#8243; _module_preset=&#8221;default&#8221; theme_builder_area=&#8221;post_content&#8221; custom_padding=&#8221;||3px|||&#8221;][et_pb_column _builder_version=&#8221;4.27.4&#8243; _module_preset=&#8221;default&#8221; type=&#8221;4_4&#8243; theme_builder_area=&#8221;post_content&#8221;][et_pb_text _builder_version=&#8221;4.27.4&#8243; _module_preset=&#8221;default&#8221; theme_builder_area=&#8221;post_content&#8221; header_2_font=&#8221;Frank Ruhl Libre||||||||&#8221; header_2_font_size=&#8221;35px&#8221; hover_enabled=&#8221;0&#8243; sticky_enabled=&#8221;0&#8243;]<\/p>\n<h2 style=\"text-align: center;\">Pre\u010do si vybra\u0165 oce\u013eov\u00e9 v\u00fdrobky FMP v Taliansku?<\/h2>\n<p>[\/et_pb_text][\/et_pb_column][\/et_pb_row][et_pb_row _builder_version=&#8221;4.27.4&#8243; _module_preset=&#8221;default&#8221; column_structure=&#8221;1_3,1_3,1_3&#8243; theme_builder_area=&#8221;post_content&#8221; use_custom_gutter=&#8221;on&#8221; gutter_width=&#8221;2&#8243; width=&#8221;100%&#8221; max_width=&#8221;1100px&#8221; hover_enabled=&#8221;0&#8243; sticky_enabled=&#8221;0&#8243;][et_pb_column _builder_version=&#8221;4.27.4&#8243; _module_preset=&#8221;default&#8221; type=&#8221;1_3&#8243; theme_builder_area=&#8221;post_content&#8221;][et_pb_text _builder_version=&#8221;4.27.4&#8243; _module_preset=&#8221;default&#8221; theme_builder_area=&#8221;post_content&#8221; header_3_font=&#8221;Frank Ruhl Libre||||||||&#8221; hover_enabled=&#8221;0&#8243; sticky_enabled=&#8221;0&#8243;]<\/p>\n<h3>Komplexn\u00e9 portf\u00f3lio ocele<\/h3>\n<div>\n<p>V spolo\u010dnosti FMP sme hrd\u00ed na to, \u017ee pon\u00fakame \u0161irok\u00fa \u0161k\u00e1lu druhov ocele, ktor\u00e9 vyhovej\u00fa ka\u017edej potrebe:<\/p>\n<ul class=\"marker:text-secondary\">\n<li class=\"break-words\"><strong>Uhl\u00edkov\u00e9 ocele<\/strong>Od n\u00edzkouhl\u00edkov\u00e9ho (0,05 \u2013 0,191 TP4T) pre automobilov\u00e9 panely a\u017e po vysokouhl\u00edkov\u00fd (nad 0,51 TP4T) pre \u017eelezni\u010dn\u00e9 ko\u013eajnice.<\/li>\n<li class=\"break-words\"><strong>Legovan\u00e9 ocele<\/strong>Vylep\u0161en\u00e9 prvkami ako nikel, chr\u00f3m a molybd\u00e9n pre vynikaj\u00facu pevnos\u0165 a odolnos\u0165 vo\u010di kor\u00f3zii.<\/li>\n<li class=\"break-words\"><strong>Nerezov\u00e9 ocele<\/strong>Ide\u00e1lne pre taliansky potravin\u00e1rsky a zdravotn\u00edcky sektor, odoln\u00e9 vo\u010di hrdzi vo vlhkom podneb\u00ed, ako s\u00fa Ben\u00e1tky.<\/li>\n<li class=\"break-words\"><strong>N\u00e1strojov\u00e9 ocele<\/strong>Kalen\u00e9 pre presn\u00e9 rezn\u00e9 n\u00e1stroje pou\u017e\u00edvan\u00e9 v stroj\u00e1rskych diel\u0148ach v Bologni.<br \/>N\u00e1\u0161 sortiment siaha od \u0165ahan\u00e9ho dr\u00f4tu s hr\u00fabkou u\u017e od 0,013 mm a\u017e po kovan\u00e9 ty\u010de s priemerom a\u017e do 1 100 mm, \u010d\u00edm zabezpe\u010dujeme, \u017ee m\u00e1me pre v\u00e1\u0161 projekt t\u00fa spr\u00e1vnu oce\u013e.<\/li>\n<\/ul>\n<\/div>\n<p>[\/et_pb_text][\/et_pb_column][et_pb_column _builder_version=&#8221;4.27.4&#8243; _module_preset=&#8221;default&#8221; type=&#8221;1_3&#8243; theme_builder_area=&#8221;post_content&#8221;][et_pb_text _builder_version=&#8221;4.27.4&#8243; _module_preset=&#8221;default&#8221; theme_builder_area=&#8221;post_content&#8221; header_3_font=&#8221;Frank Ruhl Libre||||||||&#8221; hover_enabled=&#8221;0&#8243; sticky_enabled=&#8221;0&#8243;]<\/p>\n<h3>Pokro\u010dil\u00e9 v\u00fdrobn\u00e9 znalosti<\/h3>\n<div>\n<p>Pevnos\u0165 ocele poch\u00e1dza z jej mikro\u0161trukt\u00fary \u2013 \u010di u\u017e ide o objemovo centrovan\u00fd kubick\u00fd (BCC) ferit pod 912 \u00b0C alebo plo\u0161ne centrovan\u00fd kubick\u00fd (FCC) austenit medzi 912 \u00b0C a 1 394 \u00b0C. V spolo\u010dnosti FMP zvl\u00e1dame tieto transform\u00e1cie prostredn\u00edctvom presn\u00e9ho tepeln\u00e9ho spracovania, ako je kalenie a pop\u00fa\u0161\u0165anie, s cie\u013eom vyrobi\u0165 martenzit (s tvrdos\u0165ou a\u017e 1 000 DPH) alebo h\u00fa\u017eevnat\u00fd perlit (pribli\u017ene 200 DPH). Na\u0161e najmodernej\u0161ie zariadenia v Taliansku zabezpe\u010duj\u00fa, \u017ee ka\u017ed\u00fd oce\u013eov\u00fd v\u00fdrobok sp\u013a\u0148a medzin\u00e1rodn\u00e9 normy, ako je ISO 4184, a poskytuj\u00fa spo\u013eahlivos\u0165 pre va\u0161e aplik\u00e1cie.<\/p>\n<\/div>\n<p>[\/et_pb_text][\/et_pb_column][et_pb_column _builder_version=&#8221;4.27.4&#8243; _module_preset=&#8221;default&#8221; type=&#8221;1_3&#8243; theme_builder_area=&#8221;post_content&#8221;][et_pb_text _builder_version=&#8221;4.27.4&#8243; _module_preset=&#8221;default&#8221; theme_builder_area=&#8221;post_content&#8221; header_3_font=&#8221;Frank Ruhl Libre||||||||&#8221; hover_enabled=&#8221;0&#8243; sticky_enabled=&#8221;0&#8243;]<\/p>\n<h3>Prisp\u00f4sobenie pre talianske potreby<\/h3>\n<div>\n<p>Neviete n\u00e1js\u0165 oce\u013e, ktor\u00fa potrebujete? FMP sa \u0161pecializuje na rie\u0161enia na mieru. \u010ci u\u017e potrebujete n\u00edzkouhl\u00edkov\u00fa oce\u013e s vysokou zv\u00e1rate\u013enos\u0165ou pre lodenicu v Neapole alebo vysokopevnostn\u00fa zliatinu pre leteck\u00fd projekt v Tur\u00edne, prisp\u00f4sob\u00edme na\u0161u oce\u013e va\u0161im \u0161pecifik\u00e1ci\u00e1m. Kontaktujte n\u00e1s na adrese <a href=\"mailto:info@fmpcomponents.it\">info@fmpcomponents.it<\/a>a na\u0161i in\u017einieri vyrobia produkt, ktor\u00fd presne vyhovuje va\u0161im po\u017eiadavk\u00e1m \u2013 a\u017e po ve\u013ekos\u0165 z\u0155n a zlo\u017eenie zliatiny.<\/p>\n<\/div>\n<p>[\/et_pb_text][\/et_pb_column][\/et_pb_row][et_pb_row _builder_version=&#8221;4.27.4&#8243; _module_preset=&#8221;default&#8221; column_structure=&#8221;1_3,1_3,1_3&#8243; theme_builder_area=&#8221;post_content&#8221; use_custom_gutter=&#8221;on&#8221; gutter_width=&#8221;2&#8243; width=&#8221;100%&#8221; max_width=&#8221;1100px&#8221; hover_enabled=&#8221;0&#8243; sticky_enabled=&#8221;0&#8243;][et_pb_column _builder_version=&#8221;4.27.4&#8243; _module_preset=&#8221;default&#8221; type=&#8221;1_3&#8243; theme_builder_area=&#8221;post_content&#8221;][et_pb_text _builder_version=&#8221;4.27.4&#8243; _module_preset=&#8221;default&#8221; theme_builder_area=&#8221;post_content&#8221; header_3_font=&#8221;Frank Ruhl Libre||||||||&#8221; hover_enabled=&#8221;0&#8243; sticky_enabled=&#8221;0&#8243;]<\/p>\n<h3>Lok\u00e1lny taliansky z\u00e1v\u00e4zok<\/h3>\n<div>\n<p>Sme zakorenen\u00ed v Taliansku a m\u00e1me plynule hovoriaci t\u00edm z\u00e1kazn\u00edckej podpory po taliansky. Na\u0161i odborn\u00edci poskytuj\u00fa praktick\u00fa podporu, od v\u00fdberu spr\u00e1vnej triedy ocele a\u017e po poradenstvo v oblasti in\u0161tal\u00e1cie a \u00fadr\u017eby. Potrebujete oce\u013e pre udr\u017eate\u013en\u00fd projekt vo Florencii? Na\u0161e mo\u017enosti zelenej ocele, vyroben\u00e9 z recyklovan\u00e9ho \u0161rotu s hmotnos\u0165ou a\u017e 941 TP4T a s n\u00edzkou emisiou CO2, zni\u017euj\u00fa environment\u00e1lnu stopu o 831 TP4T \u2013 ide\u00e1lne pre ekologicky uvedomel\u00fa bud\u00facnos\u0165 Talianska.<\/p>\n<\/div>\n<p>[\/et_pb_text][\/et_pb_column][et_pb_column _builder_version=&#8221;4.27.4&#8243; _module_preset=&#8221;default&#8221; type=&#8221;1_3&#8243; theme_builder_area=&#8221;post_content&#8221;][et_pb_text _builder_version=&#8221;4.27.4&#8243; _module_preset=&#8221;default&#8221; theme_builder_area=&#8221;post_content&#8221; header_3_font=&#8221;Frank Ruhl Libre||||||||&#8221; hover_enabled=&#8221;0&#8243; sticky_enabled=&#8221;0&#8243;]<\/p>\n<h3>Bezkonkuren\u010dn\u00e1 odolnos\u0165 a vlastnosti<\/h3>\n<div>\n<p>Vlastnosti ocele s\u00fa vylep\u0161en\u00e9 uhl\u00edkom a leguj\u00facimi prvkami. Napr\u00edklad pridan\u00edm uhl\u00edka 0,77% vznik\u00e1 perlit, zatia\u013e \u010do r\u00fdchlym ochladen\u00edm sa vytv\u00e1ra martenzit pre maxim\u00e1lnu tvrdos\u0165. V spolo\u010dnosti FMP tie\u017e legujeme s prvkami, ako je tit\u00e1n, van\u00e1d a mang\u00e1n, aby sme zv\u00fd\u0161ili pevnos\u0165, kalite\u013enos\u0165 a odolnos\u0165 vo\u010di opotrebovaniu \u2013 ide\u00e1lne pre taliansky stavebn\u00fd, automobilov\u00fd a energetick\u00fd sektor. Na\u0161a oce\u013e odol\u00e1va mechanick\u00e9mu nam\u00e1haniu lisov na olivy v Ap\u00falii a koroz\u00edvnemu morsk\u00e9mu vzduchu v Lig\u00farii.<\/p>\n<\/div>\n<p>[\/et_pb_text][\/et_pb_column][et_pb_column _builder_version=&#8221;4.27.4&#8243; _module_preset=&#8221;default&#8221; type=&#8221;1_3&#8243; theme_builder_area=&#8221;post_content&#8221;][et_pb_text _builder_version=&#8221;4.27.4&#8243; _module_preset=&#8221;default&#8221; theme_builder_area=&#8221;post_content&#8221; header_3_font=&#8221;Frank Ruhl Libre||||||||&#8221; hover_enabled=&#8221;0&#8243; sticky_enabled=&#8221;0&#8243;]<\/p>\n<h3>D\u00f4veryhodn\u00e9 od talianskeho priemyslu<\/h3>\n<div>\n<p>Od po\u013enohospod\u00e1rstva na Sic\u00edlii a\u017e po stroj\u00e1rstvo v regi\u00f3ne Emilia-Romagna, oce\u013e FMP poh\u00e1\u0148a k\u013e\u00fa\u010dov\u00e9 sektory Talianska. Na\u0161e vysokopevnostn\u00e9 n\u00edzkolegovan\u00e9 (HSLA) ocele sl\u00fa\u017eia ako podpera potrub\u00ed a pobre\u017en\u00fdch kon\u0161trukci\u00ed, zatia\u013e \u010do vo\u013ene obr\u00e1bate\u013en\u00e9 ocele s pr\u00edmesou s\u00edry a olova zlep\u0161uj\u00fa \u017eivotnos\u0165 n\u00e1strojov pre v\u00fdrobcov v Brescii. V\u010faka viac ako 20-ro\u010dn\u00fdm sk\u00fasenostiam sme si z\u00edskali d\u00f4veru talianskych profesion\u00e1lov v\u010faka poskytovaniu kvality, presnosti a inov\u00e1ci\u00ed.<\/p>\n<\/div>\n<p>[\/et_pb_text][\/et_pb_column][\/et_pb_row][et_pb_row _builder_version=&#8221;4.27.4&#8243; _module_preset=&#8221;default&#8221; theme_builder_area=&#8221;post_content&#8221;][et_pb_column _builder_version=&#8221;4.27.4&#8243; _module_preset=&#8221;default&#8221; type=&#8221;4_4&#8243; theme_builder_area=&#8221;post_content&#8221;][et_pb_image src=&#8221;https:\/\/fmp-components.com\/wp-content\/uploads\/2025\/03\/steel-product-1.webp&#8221; _builder_version=&#8221;4.27.4&#8243; _module_preset=&#8221;default&#8221; theme_builder_area=&#8221;post_content&#8221; alt=&#8221;steel product&#8221; title_text=&#8221;steel-product-1&#8243; hover_enabled=&#8221;0&#8243; sticky_enabled=&#8221;0&#8243; align=&#8221;center&#8221;][\/et_pb_image][\/et_pb_column][\/et_pb_row][et_pb_row _builder_version=&#8221;4.27.4&#8243; _module_preset=&#8221;default&#8221; theme_builder_area=&#8221;post_content&#8221; column_structure=&#8221;1_2,1_2&#8243;][et_pb_column _builder_version=&#8221;4.27.4&#8243; _module_preset=&#8221;default&#8221; type=&#8221;1_2&#8243; theme_builder_area=&#8221;post_content&#8221;][et_pb_text _builder_version=&#8221;4.27.4&#8243; _module_preset=&#8221;default&#8221; theme_builder_area=&#8221;post_content&#8221; header_2_font=&#8221;Frank Ruhl Libre||||||||&#8221; header_2_font_size=&#8221;30px&#8221; header_2_text_align=&#8221;left&#8221; text_font_size=&#8221;16px&#8221; text_line_height=&#8221;1.8em&#8221; hover_enabled=&#8221;0&#8243; sticky_enabled=&#8221;0&#8243;]<\/p>\n<h2 style=\"text-align: left;\">Aplik\u00e1cie ocele v celom Taliansku<\/h2>\n<p>V\u0161estrannos\u0165 ocele \u017eiari v rozmanitej talianskej krajine:<\/p>\n<p>Kon\u0161trukcia: Z oce\u013eov\u00fdch plechov s obsahom stredn\u00e9ho uhl\u00edka sa stavaj\u00fa mosty v Janove a mrakodrapy v Mil\u00e1ne.<br \/>Automobilov\u00fd priemysel: V tur\u00ednskych tov\u00e1r\u0148ach sa karos\u00e9rie automobilov vyr\u00e1baj\u00fa z n\u00edzkouhl\u00edkov\u00fdch plechov.<br \/>Po\u013enohospod\u00e1rstvo: N\u00e1strojov\u00e9 ocele vyr\u00e1baj\u00fa odoln\u00e9 zariadenia pre umbrijsk\u00e9 vinice.<br \/>Energia: Vetern\u00e9 turb\u00edny pozd\u013a\u017e pobre\u017eia Jadransk\u00e9ho mora s\u00fa vystu\u017een\u00e9 legovan\u00fdmi oce\u013eami.<\/p>\n<p>[\/et_pb_text][\/et_pb_column][et_pb_column _builder_version=&#8221;4.27.4&#8243; _module_preset=&#8221;default&#8221; type=&#8221;1_2&#8243; theme_builder_area=&#8221;post_content&#8221;][et_pb_text _builder_version=&#8221;4.27.4&#8243; _module_preset=&#8221;default&#8221; theme_builder_area=&#8221;post_content&#8221; header_2_font=&#8221;Frank Ruhl Libre||||||||&#8221; header_2_font_size=&#8221;30px&#8221; header_2_text_align=&#8221;left&#8221; text_font_size=&#8221;16px&#8221; text_line_height=&#8221;1.8em&#8221; hover_enabled=&#8221;0&#8243; sticky_enabled=&#8221;0&#8243;]<\/p>\n<h2 style=\"text-align: left;\">Ako FMP zvy\u0161uje v\u00fdkon ocele<\/h2>\n<p>Nedod\u00e1vame len oce\u013e \u2013 optimalizujeme ju. Na\u0161e procesy tepeln\u00e9ho spracovania upravuj\u00fa r\u00fdchlos\u0165 dif\u00fazie uhl\u00edka a vytv\u00e1raj\u00fa jemn\u00e9 mikro\u0161trukt\u00fary pre pevnos\u0165 a \u0165a\u017enos\u0165. Legovacie prvky ako nikel a chr\u00f3m zvy\u0161uj\u00fa odolnos\u0165 proti kor\u00f3zii, zatia\u013e \u010do precipita\u010dn\u00e9 kalenie tit\u00e1nom alebo ni\u00f3bom zais\u0165uje mal\u00e9 zrn\u00e1 pre v\u00e4\u010d\u0161iu h\u00fa\u017eevnatos\u0165. N\u00e1\u0161 3D n\u00e1vrhov\u00fd softv\u00e9r premen\u00ed va\u0161e n\u00e1pady na realitu, po ktorej nasleduje presn\u00e1 v\u00fdroba a dod\u00e1vka.<\/p>\n<p>[\/et_pb_text][\/et_pb_column][\/et_pb_row][\/et_pb_section][et_pb_section fb_built=&#8221;1&#8243; theme_builder_area=&#8221;post_content&#8221; _builder_version=&#8221;4.27.4&#8243; _module_preset=&#8221;default&#8221; alt=&#8221;Steel Product&#8221; title_text=&#8221;steel-product-2&#8243; background_image=&#8221;https:\/\/fmp-components.com\/wp-content\/uploads\/2025\/03\/steel-product-2.webp&#8221; use_background_color_gradient=&#8221;on&#8221; background_color_gradient_stops=&#8221;rgba(0,0,0,0.28) 0%|rgba(0,0,0,0.68) 100%&#8221; background_color_gradient_overlays_image=&#8221;on&#8221; hover_enabled=&#8221;0&#8243; sticky_enabled=&#8221;0&#8243; min_height=&#8221;754px&#8221;][et_pb_row _builder_version=&#8221;4.27.4&#8243; _module_preset=&#8221;default&#8221; theme_builder_area=&#8221;post_content&#8221; custom_margin=&#8221;100px||||false|false&#8221; hover_enabled=&#8221;0&#8243; sticky_enabled=&#8221;0&#8243;][et_pb_column _builder_version=&#8221;4.27.4&#8243; _module_preset=&#8221;default&#8221; type=&#8221;4_4&#8243; theme_builder_area=&#8221;post_content&#8221;][et_pb_text _builder_version=&#8221;4.27.4&#8243; _module_preset=&#8221;default&#8221; theme_builder_area=&#8221;post_content&#8221; header_2_font=&#8221;Frank Ruhl Libre||||||||&#8221; header_2_text_color=&#8221;#FFFFFF&#8221; header_2_text_align=&#8221;center&#8221; header_2_font_size=&#8221;45px&#8221; header_2_text_shadow_style=&#8221;preset1&#8243; hover_enabled=&#8221;0&#8243; sticky_enabled=&#8221;0&#8243;]<\/p>\n<h2>Z\u00edskajte svoje oce\u013eov\u00e9 rie\u0161enie e\u0161te dnes!<\/h2>\n<p>[\/et_pb_text][et_pb_text _builder_version=&#8221;4.27.4&#8243; _module_preset=&#8221;default&#8221; theme_builder_area=&#8221;post_content&#8221; text_text_color=&#8221;#FFFFFF&#8221; text_font_size=&#8221;16px&#8221; text_line_height=&#8221;1.8em&#8221; text_orientation=&#8221;center&#8221; hover_enabled=&#8221;0&#8243; sticky_enabled=&#8221;0&#8243;]<\/p>\n<p>H\u013ead\u00e1te perfektn\u00fa oce\u013e pre v\u00e1\u0161 \u010fal\u0161\u00ed projekt? Presk\u00famajte \u0161irok\u00fd sortiment FMP alebo n\u00e1s kontaktujte pre z\u00e1kazkov\u00fa objedn\u00e1vku na <a href=\"mailto:info@fmpcomponents.it\">info@fmpcomponents.it<\/a>Ak nevid\u00edte, \u010do potrebujete, pravdepodobne sa to u\u017e vyr\u00e1ba \u2013 sta\u010d\u00ed sa op\u00fdta\u0165! Od udr\u017eate\u013enej zelenej ocele a\u017e po vysokov\u00fdkonn\u00e9 zliatiny, FMP je tu, aby z\u00e1sobovala taliansky priemysel najlep\u0161\u00edmi oce\u013eov\u00fdmi rie\u0161eniami. Po\u010fme spolu vybudova\u0165 nie\u010do v\u00fdnimo\u010dn\u00e9!<\/p>\n<p>[\/et_pb_text][\/et_pb_column][\/et_pb_row][\/et_pb_section]<\/p>","protected":false},"excerpt":{"rendered":"<p>SteelSteel Solutions by FMP: Powering Italy\u2019s Industries with Quality and PrecisionWhen it comes to steel, FMP Company stands as a trusted leader in Italy, delivering a vast range of high-quality steel products to meet the needs of industries, artisans, and innovators across the peninsula. Steel\u2014an alloy of iron and carbon with up to 2% carbon [&hellip;]<\/p>","protected":false},"author":2,"featured_media":0,"parent":0,"menu_order":0,"comment_status":"closed","ping_status":"closed","template":"","meta":{"_et_pb_use_builder":"on","_et_pb_old_content":"","_et_gb_content_width":"","footnotes":""},"class_list":["post-6269","page","type-page","status-publish","hentry"],"_links":{"self":[{"href":"https:\/\/fmp-components.com\/sk\/wp-json\/wp\/v2\/pages\/6269","targetHints":{"allow":["GET"]}}],"collection":[{"href":"https:\/\/fmp-components.com\/sk\/wp-json\/wp\/v2\/pages"}],"about":[{"href":"https:\/\/fmp-components.com\/sk\/wp-json\/wp\/v2\/types\/page"}],"author":[{"embeddable":true,"href":"https:\/\/fmp-components.com\/sk\/wp-json\/wp\/v2\/users\/2"}],"replies":[{"embeddable":true,"href":"https:\/\/fmp-components.com\/sk\/wp-json\/wp\/v2\/comments?post=6269"}],"version-history":[{"count":4,"href":"https:\/\/fmp-components.com\/sk\/wp-json\/wp\/v2\/pages\/6269\/revisions"}],"predecessor-version":[{"id":6306,"href":"https:\/\/fmp-components.com\/sk\/wp-json\/wp\/v2\/pages\/6269\/revisions\/6306"}],"wp:attachment":[{"href":"https:\/\/fmp-components.com\/sk\/wp-json\/wp\/v2\/media?parent=6269"}],"curies":[{"name":"pracovn\u00fd list","href":"https:\/\/api.w.org\/{rel}","templated":true}]}}