{"id":6080,"date":"2025-03-05T01:37:33","date_gmt":"2025-03-05T01:37:33","guid":{"rendered":"https:\/\/fmp-components.com\/?page_id=6080"},"modified":"2025-03-07T08:36:14","modified_gmt":"2025-03-07T08:36:14","slug":"timing-pulleys","status":"publish","type":"page","link":"https:\/\/fmp-components.com\/sk\/timing-pulleys\/","title":{"rendered":"Rozvodov\u00e9 kladky"},"content":{"rendered":"<p>[et_pb_section fb_built=&#8221;1&#8243; _builder_version=&#8221;4.27.4&#8243; _module_preset=&#8221;default&#8221; use_background_color_gradient=&#8221;on&#8221; background_color_gradient_stops=&#8221;rgba(0,0,0,0.3) 0%|rgba(0,0,0,0.22) 100%&#8221; background_color_gradient_overlays_image=&#8221;on&#8221; background_image=&#8221;https:\/\/fmp-components.com\/wp-content\/uploads\/2025\/03\/timing-pulley-1.webp&#8221; min_height=&#8221;512px&#8221; global_colors_info=&#8221;{}&#8221;][et_pb_row _builder_version=&#8221;4.27.4&#8243; _module_preset=&#8221;default&#8221; global_colors_info=&#8221;{}&#8221;][et_pb_column type=&#8221;4_4&#8243; _builder_version=&#8221;4.27.4&#8243; _module_preset=&#8221;default&#8221; global_colors_info=&#8221;{}&#8221;][et_pb_text _builder_version=&#8221;4.27.4&#8243; _module_preset=&#8221;default&#8221; header_font=&#8221;Frank Ruhl Libre||||||||&#8221; header_text_color=&#8221;#FFFFFF&#8221; header_font_size=&#8221;75px&#8221; header_text_shadow_style=&#8221;preset1&#8243; global_colors_info=&#8221;{}&#8221;]<\/p>\n<h1 style=\"text-align: center;\">Rozvodov\u00e9 kladky<\/h1>\n<p>[\/et_pb_text][et_pb_text _builder_version=&#8221;4.27.4&#8243; _module_preset=&#8221;default&#8221; text_text_color=&#8221;#FFFFFF&#8221; text_font_size=&#8221;16px&#8221; global_colors_info=&#8221;{}&#8221;]<\/p>\n<p style=\"text-align: center;\">V spolo\u010dnosti FMP sa \u0161pecializujeme na v\u00fdrobu \u0161irokej \u0161k\u00e1ly rozvodov\u00fdch kladiek, ktor\u00e9 sp\u013a\u0148aj\u00fa r\u00f4zne priemyseln\u00e9 potreby. Pon\u00fakame tie\u017e slu\u017eby prisp\u00f4sobenia, aby ste z\u00edskali presn\u00e9 \u0161pecifik\u00e1cie potrebn\u00e9 pre v\u00e1\u0161 projekt. Ak v na\u0161om zozname produktov nen\u00e1jdete model, ktor\u00fd potrebujete, znamen\u00e1 to jednoducho, \u017ee sme ho e\u0161te nemali mo\u017enos\u0165 nahra\u0165 \u2013 nev\u00e1hajte n\u00e1m posla\u0165 e-mail a informova\u0165 sa o konkr\u00e9tnom type, ktor\u00fd h\u013ead\u00e1te!<\/p>\n<p>[\/et_pb_text][\/et_pb_column][\/et_pb_row][\/et_pb_section][et_pb_section fb_built=&#8221;1&#8243; _builder_version=&#8221;4.27.4&#8243; _module_preset=&#8221;default&#8221; global_colors_info=&#8221;{}&#8221;][et_pb_row _builder_version=&#8221;4.27.4&#8243; _module_preset=&#8221;default&#8221; global_colors_info=&#8221;{}&#8221;][et_pb_column type=&#8221;4_4&#8243; _builder_version=&#8221;4.27.4&#8243; _module_preset=&#8221;default&#8221; global_colors_info=&#8221;{}&#8221;][et_pb_text _builder_version=&#8221;4.27.4&#8243; _module_preset=&#8221;default&#8221; header_2_font=&#8221;Frank Ruhl Libre||||||||&#8221; header_2_font_size=&#8221;40px&#8221; hover_enabled=&#8221;0&#8243; global_colors_info=&#8221;{}&#8221; sticky_enabled=&#8221;0&#8243;]<\/p>\n<h2 style=\"text-align: center;\">Rozvodov\u00e1 kladka<\/h2>\n<p>[\/et_pb_text][\/et_pb_column][\/et_pb_row][et_pb_row column_structure=&#8221;1_3,1_3,1_3&#8243; _builder_version=&#8221;4.27.4&#8243; _module_preset=&#8221;default&#8221; global_colors_info=&#8221;{}&#8221;][et_pb_column type=&#8221;1_3&#8243; _builder_version=&#8221;4.27.4&#8243; _module_preset=&#8221;default&#8221; global_colors_info=&#8221;{}&#8221;][et_pb_blurb title=&#8221;Timing Belt Pulleys with Pilot Bores&#8221; image=&#8221;https:\/\/fmp-components.com\/wp-content\/uploads\/2025\/03\/timing-belt-pulleys-with-pilot-bores-1.webp&#8221; alt=&#8221;timing-belt-pulleys-with-pilot-bores&#8221; _builder_version=&#8221;4.27.4&#8243; _module_preset=&#8221;default&#8221; header_level=&#8221;h3&#8243; header_font=&#8221;Frank Ruhl Libre||||||||&#8221; header_text_align=&#8221;center&#8221; global_colors_info=&#8221;{}&#8221;][\/et_pb_blurb][\/et_pb_column][et_pb_column type=&#8221;1_3&#8243; _builder_version=&#8221;4.27.4&#8243; _module_preset=&#8221;default&#8221; global_colors_info=&#8221;{}&#8221;][et_pb_blurb title=&#8221;Standard Toothed Bars&#8221; image=&#8221;https:\/\/fmp-components.com\/wp-content\/uploads\/2025\/03\/standard-toothed-bars.webp&#8221; alt=&#8221;standard-toothed-bars&#8221; _builder_version=&#8221;4.27.4&#8243; _module_preset=&#8221;default&#8221; header_level=&#8221;h3&#8243; header_font=&#8221;Frank Ruhl Libre||||||||&#8221; header_text_align=&#8221;center&#8221; global_colors_info=&#8221;{}&#8221;][\/et_pb_blurb][\/et_pb_column][et_pb_column type=&#8221;1_3&#8243; _builder_version=&#8221;4.27.4&#8243; _module_preset=&#8221;default&#8221; global_colors_info=&#8221;{}&#8221;][et_pb_blurb title=&#8221;Timing Belt Pulleys with Taper Bores&#8221; image=&#8221;https:\/\/fmp-components.com\/wp-content\/uploads\/2025\/03\/taper-bore-timing-pulleys.webp&#8221; alt=&#8221;taper-bore-timing-pulleys&#8221; _builder_version=&#8221;4.27.4&#8243; _module_preset=&#8221;default&#8221; header_level=&#8221;h3&#8243; header_font=&#8221;Frank Ruhl Libre||||||||&#8221; header_text_align=&#8221;center&#8221; global_colors_info=&#8221;{}&#8221;][\/et_pb_blurb][\/et_pb_column][\/et_pb_row][et_pb_row column_structure=&#8221;1_3,1_3,1_3&#8243; _builder_version=&#8221;4.27.4&#8243; _module_preset=&#8221;default&#8221; global_colors_info=&#8221;{}&#8221;][et_pb_column type=&#8221;1_3&#8243; _builder_version=&#8221;4.27.4&#8243; _module_preset=&#8221;default&#8221; global_colors_info=&#8221;{}&#8221;][et_pb_blurb title=&#8221;Metric Pitch Timing Belt Pulleys with Pilot Bores&#8221; image=&#8221;https:\/\/fmp-components.com\/wp-content\/uploads\/2025\/03\/metric-pitch-timing-pulleys.webp&#8221; alt=&#8221;metric-pitch-timing-pulleys&#8221; _builder_version=&#8221;4.27.4&#8243; _module_preset=&#8221;default&#8221; header_level=&#8221;h3&#8243; header_font=&#8221;Frank Ruhl Libre||||||||&#8221; header_text_align=&#8221;center&#8221; global_colors_info=&#8221;{}&#8221;][\/et_pb_blurb][\/et_pb_column][et_pb_column type=&#8221;1_3&#8243; _builder_version=&#8221;4.27.4&#8243; _module_preset=&#8221;default&#8221; global_colors_info=&#8221;{}&#8221;][et_pb_blurb title=&#8221;Metric Pitch Standard Toothed Bars&#8221; image=&#8221;https:\/\/fmp-components.com\/wp-content\/uploads\/2025\/03\/standard-toothed-bars.webp&#8221; alt=&#8221;standard-toothed-bars&#8221; _builder_version=&#8221;4.27.4&#8243; _module_preset=&#8221;default&#8221; header_level=&#8221;h3&#8243; header_font=&#8221;Frank Ruhl Libre||||||||&#8221; header_text_align=&#8221;center&#8221; global_colors_info=&#8221;{}&#8221;][\/et_pb_blurb][\/et_pb_column][et_pb_column type=&#8221;1_3&#8243; _builder_version=&#8221;4.27.4&#8243; _module_preset=&#8221;default&#8221; global_colors_info=&#8221;{}&#8221;][et_pb_blurb title=&#8221;Metric Pitch for \u201cAT\u201d Belts&#8221; image=&#8221;https:\/\/fmp-components.com\/wp-content\/uploads\/2025\/03\/metric-pitch-for-at-belts.webp&#8221; alt=&#8221;metric-pitch-for-at-belts&#8221; _builder_version=&#8221;4.27.4&#8243; _module_preset=&#8221;default&#8221; header_level=&#8221;h3&#8243; header_font=&#8221;Frank Ruhl Libre||||||||&#8221; header_text_align=&#8221;center&#8221; global_colors_info=&#8221;{}&#8221;][\/et_pb_blurb][\/et_pb_column][\/et_pb_row][et_pb_row column_structure=&#8221;1_3,1_3,1_3&#8243; _builder_version=&#8221;4.27.4&#8243; _module_preset=&#8221;default&#8221; global_colors_info=&#8221;{}&#8221;][et_pb_column type=&#8221;1_3&#8243; _builder_version=&#8221;4.27.4&#8243; _module_preset=&#8221;default&#8221; global_colors_info=&#8221;{}&#8221;][et_pb_blurb title=&#8221;Metric Pitch \u201cAT\u201d Standard Toothed Bars&#8221; image=&#8221;https:\/\/fmp-components.com\/wp-content\/uploads\/2025\/03\/standard-toothed-bars.webp&#8221; alt=&#8221;standard-toothed-bars&#8221; _builder_version=&#8221;4.27.4&#8243; _module_preset=&#8221;default&#8221; header_level=&#8221;h3&#8243; header_font=&#8221;Frank Ruhl Libre||||||||&#8221; header_text_align=&#8221;center&#8221; global_colors_info=&#8221;{}&#8221;][\/et_pb_blurb][\/et_pb_column][et_pb_column type=&#8221;1_3&#8243; _builder_version=&#8221;4.27.4&#8243; _module_preset=&#8221;default&#8221; global_colors_info=&#8221;{}&#8221;][et_pb_blurb title=&#8221;HTD Timing Belt Pulleys with Pilot Bores&#8221; image=&#8221;https:\/\/fmp-components.com\/wp-content\/uploads\/2025\/03\/htd-timing-belt-pulleys.webp&#8221; alt=&#8221;htd-timing-belt-pulleys&#8221; _builder_version=&#8221;4.27.4&#8243; _module_preset=&#8221;default&#8221; header_level=&#8221;h3&#8243; header_font=&#8221;Frank Ruhl Libre||||||||&#8221; header_text_align=&#8221;center&#8221; global_colors_info=&#8221;{}&#8221;][\/et_pb_blurb][\/et_pb_column][et_pb_column type=&#8221;1_3&#8243; _builder_version=&#8221;4.27.4&#8243; _module_preset=&#8221;default&#8221; global_colors_info=&#8221;{}&#8221;][et_pb_blurb title=&#8221;HTD Standard Toothed Bars&#8221; image=&#8221;https:\/\/fmp-components.com\/wp-content\/uploads\/2025\/03\/standard-toothed-bars.webp&#8221; alt=&#8221;standard-toothed-bars&#8221; _builder_version=&#8221;4.27.4&#8243; _module_preset=&#8221;default&#8221; header_level=&#8221;h3&#8243; header_font=&#8221;Frank Ruhl Libre||||||||&#8221; header_text_align=&#8221;center&#8221; global_colors_info=&#8221;{}&#8221;][\/et_pb_blurb][\/et_pb_column][\/et_pb_row][et_pb_row column_structure=&#8221;1_3,1_3,1_3&#8243; _builder_version=&#8221;4.27.4&#8243; _module_preset=&#8221;default&#8221; global_colors_info=&#8221;{}&#8221;][et_pb_column type=&#8221;1_3&#8243; _builder_version=&#8221;4.27.4&#8243; _module_preset=&#8221;default&#8221; global_colors_info=&#8221;{}&#8221;][et_pb_blurb title=&#8221;HTD Timing Belt Pulleys with Taper Bores&#8221; image=&#8221;https:\/\/fmp-components.com\/wp-content\/uploads\/2025\/03\/taper-bore-timing-pulleys.webp&#8221; alt=&#8221;taper-bore-timing-pulleys&#8221; _builder_version=&#8221;4.27.4&#8243; _module_preset=&#8221;default&#8221; header_level=&#8221;h3&#8243; header_font=&#8221;Frank Ruhl Libre||||||||&#8221; header_text_align=&#8221;center&#8221; global_colors_info=&#8221;{}&#8221;][\/et_pb_blurb][\/et_pb_column][et_pb_column type=&#8221;1_3&#8243; _builder_version=&#8221;4.27.4&#8243; _module_preset=&#8221;default&#8221; global_colors_info=&#8221;{}&#8221;][\/et_pb_column][et_pb_column type=&#8221;1_3&#8243; _builder_version=&#8221;4.27.4&#8243; _module_preset=&#8221;default&#8221; global_colors_info=&#8221;{}&#8221;][\/et_pb_column][\/et_pb_row][et_pb_row make_equal=&#8221;on&#8221; _builder_version=&#8221;4.27.4&#8243; _module_preset=&#8221;default&#8221; width=&#8221;100%&#8221; max_width=&#8221;1500px&#8221; global_colors_info=&#8221;{}&#8221;][et_pb_column type=&#8221;4_4&#8243; _builder_version=&#8221;4.27.4&#8243; _module_preset=&#8221;default&#8221; global_colors_info=&#8221;{}&#8221;][et_pb_divider color=&#8221;gcid-1df04c5f-e996-4504-8faa-0a9ef0da2d4d&#8221; _builder_version=&#8221;4.27.4&#8243; _module_preset=&#8221;default&#8221; global_colors_info=&#8221;{%22gcid-1df04c5f-e996-4504-8faa-0a9ef0da2d4d%22:%91%22color%22%93}&#8221;][\/et_pb_divider][\/et_pb_column][\/et_pb_row][et_pb_row _builder_version=&#8221;4.27.4&#8243; _module_preset=&#8221;default&#8221; global_colors_info=&#8221;{}&#8221;][et_pb_column type=&#8221;4_4&#8243; _builder_version=&#8221;4.27.4&#8243; _module_preset=&#8221;default&#8221; global_colors_info=&#8221;{}&#8221;][et_pb_text _builder_version=&#8221;4.27.4&#8243; _module_preset=&#8221;default&#8221; header_3_font=&#8221;Frank Ruhl Libre||||||||&#8221; header_3_text_align=&#8221;center&#8221; header_3_font_size=&#8221;35px&#8221; global_colors_info=&#8221;{}&#8221;]<\/p>\n<h3 style=\"text-align: center;\"><span>Americk\u00e9 \u0161tandardn\u00e9 rozvodov\u00e9 kladky<\/span><\/h3>\n<p>[\/et_pb_text][et_pb_text _builder_version=&#8221;4.27.4&#8243; _module_preset=&#8221;default&#8221; global_colors_info=&#8221;{}&#8221;]<\/p>\n<table style=\"border-collapse: collapse; width: 100%;\">\n<tbody>\n<tr>\n<td align=\"center\" width=\"23%\">\n<p align=\"center\"><strong>Typ<\/strong><\/p>\n<\/td>\n<td align=\"center\" width=\"19%\">\n<p align=\"center\"><strong>\u010c\u00edslo zubov\u00a0<\/strong><\/p>\n<\/td>\n<td align=\"center\" width=\"24%\">\n<p align=\"center\"><strong>Typ<\/strong><\/p>\n<\/td>\n<td align=\"center\" width=\"17%\">\n<p align=\"center\"><strong>\u010c\u00edslo zubov\u00a0<\/strong><\/p>\n<\/td>\n<\/tr>\n<tr>\n<td colspan=\"2\" align=\"center\" width=\"23%\"><em><strong>Rozstup XL 1\/5\u201d<\/strong><\/em><\/td>\n<td colspan=\"2\" align=\"center\" width=\"24%\"><em><strong>Rozstup H 1\/2''<\/strong><\/em><\/td>\n<\/tr>\n<tr>\n<td align=\"center\" width=\"23%\">\n<p align=\"center\">XL037 Minim\u00e1lny hladk\u00fd otvor<\/p>\n<\/td>\n<td align=\"center\" width=\"19%\">\n<p align=\"center\">10~72<\/p>\n<\/td>\n<td align=\"center\" width=\"24%\">Minim\u00e1lny klzn\u00fd otvor H100<\/td>\n<td align=\"center\" width=\"17%\">14~28<\/td>\n<\/tr>\n<tr>\n<td colspan=\"2\" align=\"center\" width=\"23%\">\n<p align=\"center\"><em><strong>Rozstup L 3\/8\u201d<\/strong><\/em><\/p>\n<\/td>\n<td align=\"center\" width=\"24%\">Typ H100 QD<\/td>\n<td align=\"center\" width=\"17%\">14~120<\/td>\n<\/tr>\n<tr>\n<td align=\"center\" width=\"23%\">\n<p align=\"center\">L050 Minim\u00e1lny klzn\u00fd otvor<\/p>\n<\/td>\n<td align=\"center\" width=\"19%\">\n<p align=\"center\">10~32<\/p>\n<\/td>\n<td>\n<p align=\"center\">Typ s ku\u017ee\u013eov\u00fdm puzdrom H100<\/p>\n<\/td>\n<td>\n<p align=\"center\">14~60<\/p>\n<\/td>\n<\/tr>\n<tr>\n<td align=\"center\" width=\"23%\">\n<p align=\"center\">Typ L050 QD<\/p>\n<\/td>\n<td align=\"center\" width=\"19%\">\n<p align=\"center\">18~84<\/p>\n<\/td>\n<td align=\"center\" width=\"24%\">Minim\u00e1lny hladk\u00fd otvor H150<\/td>\n<td align=\"center\" width=\"17%\">14~26<\/td>\n<\/tr>\n<tr>\n<td>\n<p align=\"center\">Typ s ku\u017ee\u013eov\u00fdm puzdrom L050<\/p>\n<\/td>\n<td>\n<p align=\"center\">18~60<\/p>\n<\/td>\n<td align=\"center\" width=\"24%\">Typ H150 QD<\/td>\n<td align=\"center\" width=\"17%\">14~120<\/td>\n<\/tr>\n<tr>\n<td>\n<p align=\"center\">L075 Minim\u00e1lny hladk\u00fd otvor<\/p>\n<\/td>\n<td>\n<p align=\"center\">12~32<\/p>\n<\/td>\n<td>\n<p align=\"center\">Typ s ku\u017ee\u013eov\u00fdm puzdrom H150<\/p>\n<\/td>\n<td>\n<p align=\"center\">14~60<\/p>\n<\/td>\n<\/tr>\n<tr>\n<td>\n<p align=\"center\">Typ L075 QD<\/p>\n<\/td>\n<td>\n<p align=\"center\">18~84<\/p>\n<\/td>\n<td align=\"center\" width=\"24%\">Minim\u00e1lny klzn\u00fd otvor H200<\/td>\n<td align=\"center\" width=\"17%\">14~26<\/td>\n<\/tr>\n<tr>\n<td>\n<p align=\"center\">Typ s ku\u017ee\u013eov\u00fdm puzdrom L075<\/p>\n<\/td>\n<td>\n<p align=\"center\">18~60<\/p>\n<\/td>\n<td align=\"center\" width=\"24%\">Typ H200 QD<\/td>\n<td align=\"center\" width=\"17%\">16~120<\/td>\n<\/tr>\n<tr>\n<td align=\"center\" width=\"23%\">\n<p align=\"center\">Minim\u00e1lny klzn\u00fd otvor L100<\/p>\n<\/td>\n<td align=\"center\" width=\"19%\">\n<p align=\"center\">14~32<\/p>\n<\/td>\n<td>\n<p align=\"center\">Typ s ku\u017ee\u013eov\u00fdm puzdrom H200<\/p>\n<\/td>\n<td>\n<p align=\"center\">16~60<\/p>\n<\/td>\n<\/tr>\n<tr>\n<td>\n<p align=\"center\">Typ L100 QD<\/p>\n<\/td>\n<td>\n<p align=\"center\">18~84<\/p>\n<\/td>\n<td align=\"center\" width=\"24%\">Minim\u00e1lny klzn\u00fd otvor H300<\/td>\n<td align=\"center\" width=\"17%\">16<\/td>\n<\/tr>\n<tr>\n<td>\n<p align=\"center\">Typ s ku\u017ee\u013eov\u00fdm puzdrom L100<\/p>\n<\/td>\n<td>\n<p align=\"center\">18~60<\/p>\n<\/td>\n<td align=\"center\" width=\"24%\">Typ H300 QD<\/td>\n<td align=\"center\" width=\"17%\">22~120<\/td>\n<\/tr>\n<tr>\n<td>\n<p align=\"center\">\n<\/td>\n<td>\n<p align=\"center\">\n<\/td>\n<td>\n<p align=\"center\">Typ s ku\u017ee\u013eov\u00fdm puzdrom H300<\/p>\n<\/td>\n<td>\n<p align=\"center\">18~60<\/p>\n<\/td>\n<\/tr>\n<tr>\n<td colspan=\"4\">\n<p align=\"center\"><em><strong>Rozstup XH 7\/8\u201d<\/strong><\/em><\/p>\n<\/td>\n<\/tr>\n<tr>\n<td>\n<p align=\"center\">Minim\u00e1lny klzn\u00fd otvor XH200<\/p>\n<\/td>\n<td>\n<p align=\"center\">18~20<\/p>\n<\/td>\n<td>Minim\u00e1lny hladk\u00fd otvor XH300<\/td>\n<td>18~20<\/td>\n<\/tr>\n<tr>\n<td>\n<p align=\"center\">Typ s ku\u017ee\u013eov\u00fdm puzdrom XH200<\/p>\n<\/td>\n<td>\n<p align=\"center\">22~60<\/p>\n<\/td>\n<td>\n<p align=\"center\">Typ s ku\u017ee\u013eov\u00fdm puzdrom XH300<\/p>\n<\/td>\n<td>\n<p align=\"center\">22~60<\/p>\n<\/td>\n<\/tr>\n<tr>\n<td>\n<p align=\"center\">\n<\/td>\n<td>\n<p align=\"center\">\n<\/td>\n<td>\n<p align=\"center\">Typ XH400 QD<\/p>\n<\/td>\n<td>\n<p align=\"center\">20~120<\/p>\n<\/td>\n<\/tr>\n<\/tbody>\n<\/table>\n<p>[\/et_pb_text][\/et_pb_column][\/et_pb_row][et_pb_row _builder_version=&#8221;4.27.4&#8243; _module_preset=&#8221;default&#8221; width=&#8221;100%&#8221; max_width=&#8221;1500px&#8221; global_colors_info=&#8221;{}&#8221;][et_pb_column type=&#8221;4_4&#8243; _builder_version=&#8221;4.27.4&#8243; _module_preset=&#8221;default&#8221; global_colors_info=&#8221;{}&#8221;][et_pb_divider color=&#8221;gcid-1df04c5f-e996-4504-8faa-0a9ef0da2d4d&#8221; _builder_version=&#8221;4.27.4&#8243; _module_preset=&#8221;default&#8221; global_colors_info=&#8221;{%22gcid-1df04c5f-e996-4504-8faa-0a9ef0da2d4d%22:%91%22color%22%93}&#8221;][\/et_pb_divider][\/et_pb_column][\/et_pb_row][et_pb_row _builder_version=&#8221;4.27.4&#8243; _module_preset=&#8221;default&#8221; global_colors_info=&#8221;{}&#8221;][et_pb_column type=&#8221;4_4&#8243; _builder_version=&#8221;4.27.4&#8243; _module_preset=&#8221;default&#8221; global_colors_info=&#8221;{}&#8221;][et_pb_text _builder_version=&#8221;4.27.4&#8243; _module_preset=&#8221;default&#8221; header_3_font=&#8221;Frank Ruhl Libre||||||||&#8221; header_3_text_align=&#8221;center&#8221; header_3_font_size=&#8221;35px&#8221; global_colors_info=&#8221;{}&#8221;]<\/p>\n<h3 style=\"text-align: center;\">Typ remenice rozvodov\u00e9ho reme\u0148a<\/h3>\n<p>[\/et_pb_text][et_pb_text _builder_version=&#8221;4.27.4&#8243; _module_preset=&#8221;default&#8221; global_colors_info=&#8221;{}&#8221;]<\/p>\n<table style=\"border-collapse: collapse; width: 100%; height: 96px;\">\n<tbody>\n<tr style=\"height: 24px;\">\n<td style=\"height: 24px;\">Remenica rozvodov\u00e9ho reme\u0148a, typ MXL<\/td>\n<td style=\"height: 24px;\">Remenica rozvodov\u00e9ho reme\u0148a typu S2M<\/td>\n<td style=\"height: 24px;\">Remenica rozvodov\u00e9ho reme\u0148a typu HTD3M<\/td>\n<td style=\"height: 24px;\">Typ P2M\/P3M\/P8M<\/td>\n<\/tr>\n<tr style=\"height: 24px;\">\n<td style=\"height: 24px;\">Remenica rozvodov\u00e9ho reme\u0148a, typ XL<\/td>\n<td style=\"height: 24px;\">Remenica rozvodov\u00e9ho reme\u0148a typu S3M<\/td>\n<td style=\"height: 24px;\">Remenica rozvodov\u00e9ho reme\u0148a typu HTD5M<\/td>\n<td style=\"height: 24px;\">Typ 2GT\/3GT\/5GT<\/td>\n<\/tr>\n<tr style=\"height: 24px;\">\n<td style=\"height: 24px;\">Remenica rozvodov\u00e9ho reme\u0148a typu L<\/td>\n<td style=\"height: 24px;\">Remenica rozvodov\u00e9ho reme\u0148a typu S5M<\/td>\n<td style=\"height: 24px;\">Remenica rozvodov\u00e9ho reme\u0148a typu HTD8M<\/td>\n<td style=\"height: 24px;\">Typ T5\/T10\/T20<\/td>\n<\/tr>\n<tr style=\"height: 24px;\">\n<td style=\"height: 24px;\">Remenica rozvodov\u00e9ho reme\u0148a typu H<\/td>\n<td style=\"height: 24px;\">Remenica rozvodov\u00e9ho reme\u0148a typu S8M<\/td>\n<td style=\"height: 24px;\"><\/td>\n<td style=\"height: 24px;\">Typ AT5\/AT10\/AT20<\/td>\n<\/tr>\n<\/tbody>\n<\/table>\n<p>[\/et_pb_text][\/et_pb_column][\/et_pb_row][\/et_pb_section][et_pb_section fb_built=&#8221;1&#8243; _builder_version=&#8221;4.27.4&#8243; _module_preset=&#8221;default&#8221; global_colors_info=&#8221;{}&#8221;][et_pb_row _builder_version=&#8221;4.27.4&#8243; _module_preset=&#8221;default&#8221; global_colors_info=&#8221;{}&#8221;][et_pb_column type=&#8221;4_4&#8243; _builder_version=&#8221;4.27.4&#8243; _module_preset=&#8221;default&#8221; global_colors_info=&#8221;{}&#8221;][et_pb_image src=&#8221;https:\/\/fmp-components.com\/wp-content\/uploads\/2025\/03\/timing-pulley-2.webp&#8221; alt=&#8221;Timing Pulley&#8221; title_text=&#8221;timing-pulley-2&#8243; _builder_version=&#8221;4.27.4&#8243; _module_preset=&#8221;default&#8221; global_colors_info=&#8221;{}&#8221;][\/et_pb_image][\/et_pb_column][\/et_pb_row][\/et_pb_section]<\/p>","protected":false},"excerpt":{"rendered":"<p>Timing PulleysAt FMP Company, we specialize in producing a wide variety of Timing Pulleys to meet diverse industrial needs. We also offer customization services to ensure you get the exact specifications required for your project. If you don\u2019t find the model you need in our product list, it simply means we haven\u2019t had the chance [&hellip;]<\/p>","protected":false},"author":2,"featured_media":0,"parent":0,"menu_order":0,"comment_status":"closed","ping_status":"closed","template":"","meta":{"_et_pb_use_builder":"on","_et_pb_old_content":"","_et_gb_content_width":"","footnotes":""},"class_list":["post-6080","page","type-page","status-publish","hentry"],"_links":{"self":[{"href":"https:\/\/fmp-components.com\/sk\/wp-json\/wp\/v2\/pages\/6080","targetHints":{"allow":["GET"]}}],"collection":[{"href":"https:\/\/fmp-components.com\/sk\/wp-json\/wp\/v2\/pages"}],"about":[{"href":"https:\/\/fmp-components.com\/sk\/wp-json\/wp\/v2\/types\/page"}],"author":[{"embeddable":true,"href":"https:\/\/fmp-components.com\/sk\/wp-json\/wp\/v2\/users\/2"}],"replies":[{"embeddable":true,"href":"https:\/\/fmp-components.com\/sk\/wp-json\/wp\/v2\/comments?post=6080"}],"version-history":[{"count":15,"href":"https:\/\/fmp-components.com\/sk\/wp-json\/wp\/v2\/pages\/6080\/revisions"}],"predecessor-version":[{"id":6325,"href":"https:\/\/fmp-components.com\/sk\/wp-json\/wp\/v2\/pages\/6080\/revisions\/6325"}],"wp:attachment":[{"href":"https:\/\/fmp-components.com\/sk\/wp-json\/wp\/v2\/media?parent=6080"}],"curies":[{"name":"pracovn\u00fd list","href":"https:\/\/api.w.org\/{rel}","templated":true}]}}