{"id":6007,"date":"2025-02-25T01:31:14","date_gmt":"2025-02-25T01:31:14","guid":{"rendered":"https:\/\/fmp-components.com\/?page_id=6007"},"modified":"2025-03-07T08:44:17","modified_gmt":"2025-03-07T08:44:17","slug":"locking-devices","status":"publish","type":"page","link":"https:\/\/fmp-components.com\/sk\/locking-devices\/","title":{"rendered":"Uzamykacie zariadenia"},"content":{"rendered":"<p>[et_pb_section fb_built=\u201d1\u2033 _builder_version=\u201d4.27.4\u2033 _module_preset=\u201dpredvolen\u00e9\u201d use_background_color_gradient=\u201dzapnut\u00e9\u201d background_color_gradient_stops=\u201drgba(0,0,0,0.24) 0%|rgba(0,0,0,0.18) 100%\u201d background_color_gradient_overlays_image=\u201dzapnut\u00e9\u201d background_image=\u201dhttps:\/\/fmp-components.com\/wp-content\/uploads\/2025\/02\/locking-devies-banner-1.webp\u201d min_height=\u201d440px\u201d global_colors_info=\u201d{}\u201d][et_pb_row _builder_version=\u201d4.27.4\u2033 _module_preset=\u201dpredvolen\u00e9\u201d global_colors_info=\u201d{}\u201d][et_pb_column type=\u201d4_4\u2033 _builder_version=\u201d4.27.4\u2033 _module_preset=\u201dpredvolen\u00e9\u201d global_colors_info=\u201d{}\u201d][et_pb_text _builder_version=\u201d4.27.4\u2033 _module_preset=\u201dpredvolen\u00e9\u201d header_font=\u201dFrank Ruhl Libre||||||||\u201d header_text_align=\u201dstred\u201d header_text_color=\u201d#FFFFFF\u201d header_font_size=\u201d70px\u201d header_text_shadow_style=\u201dpreset1\u2033 global_colors_info=\u201d{}\u201d]<\/p>\n<h1>Uzamykacie zariadenia<\/h1>\n<p>[\/et_pb_text][et_pb_text _builder_version=\u201d4.27.4\u2033 _module_preset=\u201dpredvolen\u00e9\u201d text_text_color=\u201d#FFFFFF\u201d text_font_size=\u201d16px\u201d text_line_height=\u201d1.8em\u201d text_orientation=\u201dstred\u201d global_colors_info=\u201d{}\u201d]<\/p>\n<p>V spolo\u010dnosti FMP sme hrd\u00ed na to, \u017ee vyr\u00e1bame \u0161irok\u00fa \u0161k\u00e1lu uzamykac\u00edch zariaden\u00ed navrhnut\u00fdch tak, aby sp\u013a\u0148ali r\u00f4zne potreby, od \u0161tandardn\u00fdch modelov a\u017e po \u0161pecializovan\u00e9 rie\u0161enia. Pon\u00fakame tie\u017e mo\u017enosti na mieru, \u010d\u00edm prisp\u00f4sobujeme na\u0161e produkty va\u0161im \u0161pecifick\u00fdm po\u017eiadavk\u00e1m. Ak v na\u0161om zozname produktov nevid\u00edte presn\u00fd model, ktor\u00fd h\u013ead\u00e1te, nebojte sa \u2013 m\u00f4\u017ee to znamena\u0165, \u017ee sme e\u0161te nemali mo\u017enos\u0165 aktualizova\u0165 n\u00e1\u0161 katal\u00f3g. Nev\u00e1hajte n\u00e1m posla\u0165 e-mail s inform\u00e1ciami o konkr\u00e9tnom uzamykacom zariaden\u00ed, ktor\u00e9 potrebujete, a my v\u00e1m radi pom\u00f4\u017eeme!<\/p>\n<p>[\/et_pb_text][\/et_pb_column][\/et_pb_row][\/et_pb_section][et_pb_section fb_built=\u201d1\u2033 _builder_version=\u201d4.27.4\u2033 _module_preset=\u201ddefault\u201d global_colors_info=\u201d{}\u201d][et_pb_row _builder_version=\u201d4.27.4\u2033 _module_preset=\u201ddefault\u201d global_colors_info=\u201d{}\u201d][et_pb_column type=\u201d4_4\u2033 _builder_version=\u201d4.27.4\u2033 _module_preset=\u201ddefault\u201d global_colors_info=\u201d{}\u201d][et_pb_text _builder_version=\u201d4.27.4\u2033 _module_preset=\u201ddefault\u201d header_2_font=\u201dFrank Ruhl Libre|||||||||\u201d header_2_font_size=\u201d35px\u201d hover_enabled=\u201d0\u2033 global_colors_info=\u201d{}\u201d sticky_enabled=\u201d0\u2033]<\/p>\n<h2 style=\"text-align: center;\">Uzamykacie zariadenia<\/h2>\n<p>[\/et_pb_text][\/et_pb_column][\/et_pb_row][et_pb_row column_structure=\u201d1_5,1_5,1_5,1_5,1_5\u2033 use_custom_gutter=\u201don\u201d gutter_width=\u201d2\u2033 _builder_version=\u201d4.27.4\u2033 _module_preset=\u201ddefault\u201d width=\u201d100%\u201d max_width=\u201d1200px\u201d global_colors_info=\u201d{}\u201d][et_pb_column type=\u201d1_5\u2033 _builder_version=\u201d4.27.4\u2033 _module_preset=\u201ddefault\u201d global_colors_info=\u201d{}\u201d][et_pb_blurb title=\u201dUzamykacie zariadenia Elektrick\u00e9 z\u00e1mky s\u00e9rie B\u201d obr\u00e1zok = \u201dhttps:\/\/fmp-components.com\/wp-content\/uploads\/2025\/02\/Locking-Assembly-B-Series-Power-Locks.webp \u201d alt = \u201dLocking-Assembly-B-Series-Power-Locks \u201d _builder_version = \u201d4.27.4\u2033 _module_preset = \u201dpredvolen\u00e9\u201d header_level = \u201dh3\u2033 header_font = \u201dFrank Ruhl Libre|||||||||\u201d header_text_align=\u201dcenter\u201d header_font_size=\u201d18px\u201d box_shadow_style=\u201dpreset1\u2033 global_colors_info=\u201d{}\u201d][\/et_pb_blurb][\/et_pb_column][et_pb_column type=\u201d1_5\u2033 _builder_version=\u201d4.27.4\u2033 _module_preset=\u201ddefault\u201d global_colors_info=\u201d{}\u201d][et_pb_blurb title=\u201dUzamykacie zariadenia, Power Locks s\u00e9rie BA\u201d image=\u201dhttps:\/\/fmp-components.com\/wp-content\/uploads\/2025\/02\/Locking-Assembly-B-Series-Power-Locks.webp\u201d alt=\u201dLocking-Assembly-B-Series-Power-Locks\u201d _builder_version=\u201d4.27.4\u2033 _module_preset=\u201ddefault\u201d header_level=\u201dh3\u2033 header_font=\u201dFrank Ruhl Zadarmo|||||||||\u201d header_text_align=\u201dcenter\u201d header_font_size=\u201d18px\u201d box_shadow_style=\u201dpreset1\u2033 global_colors_info=\u201d{}\u201d][\/et_pb_blurb][\/et_pb_column][et_pb_column type=\u201d1_5\u2033 _builder_version=\u201d4.27.4\u2033 _module_preset=\u201ddefault\u201d global_colors_info=\u201d{}\u201d][et_pb_blurb title=\u201dUzamykacie zariadenia, elektrick\u00e9 z\u00e1mky s\u00e9rie C\u201d image=\u201dhttps:\/\/fmp-components.com\/wp-content\/uploads\/2025\/02\/Locking-Assembly-C-Series-Power-Locks.webp\u201d alt=\u201dUzamykacie-zariadenia-Uzamykacie-zariadenia-Seznam-C-Series-Power-Locks\u201d _builder_version=\u201d4.27.4\u2033 _module_preset=\u201ddefault\u201d header_level=\u201dh3\u2033 header_font=\u201dFrank Ruhl Libre|||||||||\u201d header_text_align=\u201dcenter\u201d header_font_size=\u201d18px\u201d box_shadow_style=\u201dpreset1\u2033 global_colors_info=\u201d{}\u201d][\/et_pb_blurb][\/et_pb_column][et_pb_column type=\u201d1_5\u2033 _builder_version=\u201d4.27.4\u2033 _module_preset=\u201ddefault\u201d global_colors_info=\u201d{}\u201d][et_pb_blurb title=\u201dUzamykacie zariadenia, elektrick\u00e9 z\u00e1mky s\u00e9rie D\u201d image=\u201dhttps:\/\/fmp-components.com\/wp-content\/uploads\/2025\/02\/Locking-Assembly-D-Series-Power-Locks.webp\u201d alt=\u201dUzamykacie-zariadenia-S\u00e9rie-Power-Z\u00e1mky-D\u201d _builder_version=\u201d4.27.4\u2033 _module_preset=\u201ddefault\u201d header_level=\u201dh3\u2033 header_font=\u201dFrank Ruhl Zadarmo|||||||||\u201d header_text_align=\u201dcenter\u201d header_font_size=\u201d18px\u201d box_shadow_style=\u201dpreset1\u2033 global_colors_info=\u201d{}\u201d][\/et_pb_blurb][\/et_pb_column][et_pb_column type=\u201d1_5\u2033 _builder_version=\u201d4.27.4\u2033 _module_preset=\u201ddefault\u201d global_colors_info=\u201d{}\u201d][et_pb_blurb title=\u201dUzamykacie zariadenia, Power Locks s\u00e9rie DA\u201d image=\u201dhttps:\/\/fmp-components.com\/wp-content\/uploads\/2025\/02\/Locking-Assembly-DA-Series-Power-Locks.webp\u201d alt=\u201dUzamykacie-zariadenia-DA-Series-Power-Locks\u201d _builder_version=\u201d4.27.4\u2033 _module_preset=\u201ddefault\u201d header_level=\u201dh3\u2033 header_font=\u201dFrank Ruhl Zadarmo|||||||||\u201d header_text_align=\u201dcenter\u201d header_font_size=\u201d18px\u201d box_shadow_style=\u201dpreset1\u2033 global_colors_info=\u201d{}\u201d][\/et_pb_blurb][\/et_pb_column][\/et_pb_row][et_pb_row column_structure=\u201d1_5,1_5,1_5,1_5,1_5\u2033 use_custom_gutter=\u201don\u201d gutter_width=\u201d2\u2033 _builder_version=\u201d4.27.4\u2033 _module_preset=\u201ddefault\u201d width=\u201d100%\u201d max_width=\u201d1200px\u201d global_colors_info=\u201d{}\u201d][et_pb_column type=\u201d1_5\u2033 _builder_version=\u201d4.27.4\u2033 _module_preset=\u201ddefault\u201d global_colors_info=\u201d{}\u201d][et_pb_blurb title=\u201dUzamykacie zariadenia Elektrick\u00e9 z\u00e1mky s\u00e9rie DB\u201d obr\u00e1zok = \u201dhttps:\/\/fmp-components.com\/wp-content\/uploads\/2025\/02\/Locking-devices-db-Series-Power-Locks.webp \u201d alt = \u201dUzamykacie zariadenia, elektrick\u00e9 z\u00e1mky s\u00e9rie DB \u201d _builder_version = \u201d4.27.4 \u2033 _module_preset = \u201dpredvolen\u00e9 \u201d header_level = \u201dh3 \u2033 header_font = \u201dFrank Ruhl Libre||||||||\u201d header_text_align=\u201dcenter\u201d header_font_size=\u201d18px\u201d box_shadow_style=\u201dpreset1\u2033 global_colors_info=\u201d{}\u201d][\/et_pb_blurb][\/et_pb_column][et_pb_column type=\u201d1_5\u2033 _builder_version=\u201d4.27.4\u2033 _module_preset=\u201ddefault\u201d global_colors_info=\u201d{}\u201d][et_pb_blurb title=\u201dUzamykacie zariadenia, elektrick\u00e9 z\u00e1mky radu E\u201d image=\u201dhttps:\/\/fmp-components.com\/wp-content\/uploads\/2025\/02\/Locking-devices-E-Series-Power-Locks.webp\u201d alt=\u201dUzamykacia zostava, elektrick\u00e9 z\u00e1mky radu E\u201d _builder_version=\u201d4.27.4\u2033 _module_preset=\u201ddefault\u201d header_level=\u201dh3\u2033 header_font=\u201dFrank Ruhl Libre||||||||\u201d header_text_align=\u201dcenter\u201d header_font_size=\u201d18px\u201d box_shadow_style=\u201dpreset1\u2033 global_colors_info=\u201d{}\u201d][\/et_pb_blurb][\/et_pb_column][et_pb_column type=\u201d1_5\u2033 _builder_version=\u201d4.27.4\u2033 _module_preset=\u201dpredvolen\u00e9\u201d global_colors_info=\u201d{}\u201d][\/et_pb_column][et_pb_column type=\u201d1_5\u2033 _builder_version=\u201d4.27.4\u2033 _module_preset=\u201dpredvolen\u00e9\u201d global_colors_info=\u201d{}\u201d][\/et_pb_column][et_pb_column type=\u201d1_5\u2033 _builder_version=\u201d4.27.4\u2033 _module_preset=\u201dpredvolen\u00e9\u201d global_colors_info=\u201d{}\u201d][\/et_pb_column][\/et_pb_row][\/et_pb_section]<\/p>","protected":false},"excerpt":{"rendered":"<p>Uzamykacie zariadeniaV spolo\u010dnosti FMP sme hrd\u00ed na to, \u017ee vyr\u00e1bame \u0161irok\u00fa \u0161k\u00e1lu uzamykac\u00edch zariaden\u00ed navrhnut\u00fdch tak, aby sp\u013a\u0148ali r\u00f4zne potreby, od \u0161tandardn\u00fdch modelov a\u017e po \u0161pecializovan\u00e9 rie\u0161enia. Pon\u00fakame tie\u017e mo\u017enosti na mieru, \u010d\u00edm prisp\u00f4sobujeme na\u0161e produkty va\u0161im \u0161pecifick\u00fdm po\u017eiadavk\u00e1m. Ak v na\u0161om zozname produktov nevid\u00edte presn\u00fd model, ktor\u00fd h\u013ead\u00e1te, nebojte sa \u2013 m\u00f4\u017ee to by\u0165 [\u2026]<\/p>","protected":false},"author":2,"featured_media":0,"parent":0,"menu_order":0,"comment_status":"closed","ping_status":"closed","template":"","meta":{"_et_pb_use_builder":"on","_et_pb_old_content":"","_et_gb_content_width":"","footnotes":""},"class_list":["post-6007","page","type-page","status-publish","hentry"],"_links":{"self":[{"href":"https:\/\/fmp-components.com\/sk\/wp-json\/wp\/v2\/pages\/6007","targetHints":{"allow":["GET"]}}],"collection":[{"href":"https:\/\/fmp-components.com\/sk\/wp-json\/wp\/v2\/pages"}],"about":[{"href":"https:\/\/fmp-components.com\/sk\/wp-json\/wp\/v2\/types\/page"}],"author":[{"embeddable":true,"href":"https:\/\/fmp-components.com\/sk\/wp-json\/wp\/v2\/users\/2"}],"replies":[{"embeddable":true,"href":"https:\/\/fmp-components.com\/sk\/wp-json\/wp\/v2\/comments?post=6007"}],"version-history":[{"count":11,"href":"https:\/\/fmp-components.com\/sk\/wp-json\/wp\/v2\/pages\/6007\/revisions"}],"predecessor-version":[{"id":6326,"href":"https:\/\/fmp-components.com\/sk\/wp-json\/wp\/v2\/pages\/6007\/revisions\/6326"}],"wp:attachment":[{"href":"https:\/\/fmp-components.com\/sk\/wp-json\/wp\/v2\/media?parent=6007"}],"curies":[{"name":"pracovn\u00fd list","href":"https:\/\/api.w.org\/{rel}","templated":true}]}}