{"id":1162,"date":"2024-12-20T01:38:48","date_gmt":"2024-12-20T01:38:48","guid":{"rendered":"https:\/\/fmp-components.com\/?page_id=8"},"modified":"2025-07-22T03:14:30","modified_gmt":"2025-07-22T03:14:30","slug":"planetary-gearbox","status":"publish","type":"page","link":"https:\/\/fmp-components.com\/sk\/planetary-gearbox\/","title":{"rendered":"Plan\u00e9tov\u00e1 prevodovka"},"content":{"rendered":"<p>[et_pb_section fb_built=&#8221;1&#8243; _builder_version=&#8221;4.27.4&#8243; _module_preset=&#8221;default&#8221; use_background_color_gradient=&#8221;on&#8221; background_color_gradient_stops=&#8221;rgba(4,40,4,0.07) 0%|rgba(8,40,9,0.33) 100%&#8221; background_color_gradient_overlays_image=&#8221;on&#8221; background_image=&#8221;https:\/\/fmp-components.com\/wp-content\/uploads\/2024\/12\/planetary-gearbox-banner.webp&#8221; min_height=&#8221;509px&#8221; global_colors_info=&#8221;{}&#8221;][et_pb_row _builder_version=&#8221;4.27.4&#8243; _module_preset=&#8221;default&#8221; global_colors_info=&#8221;{}&#8221;][et_pb_column type=&#8221;4_4&#8243; _builder_version=&#8221;4.27.4&#8243; _module_preset=&#8221;default&#8221; global_colors_info=&#8221;{}&#8221;][et_pb_text _builder_version=&#8221;4.27.4&#8243; _module_preset=&#8221;default&#8221; header_font=&#8221;Frank Ruhl Libre|500|||||||&#8221; header_text_align=&#8221;center&#8221; header_text_color=&#8221;#FFFFFF&#8221; header_font_size=&#8221;65px&#8221; header_text_shadow_style=&#8221;preset1&#8243; global_colors_info=&#8221;{}&#8221;]<\/p>\n<h1>Plan\u00e9tov\u00e1 prevodovka<\/h1>\n<p>[\/et_pb_text][\/et_pb_column][\/et_pb_row][et_pb_row _builder_version=&#8221;4.27.4&#8243; _module_preset=&#8221;default&#8221; global_colors_info=&#8221;{}&#8221;][et_pb_column type=&#8221;4_4&#8243; _builder_version=&#8221;4.27.4&#8243; _module_preset=&#8221;default&#8221; global_colors_info=&#8221;{}&#8221;][et_pb_text _builder_version=&#8221;4.27.4&#8243; _module_preset=&#8221;default&#8221; text_text_color=&#8221;#FFFFFF&#8221; text_font_size=&#8221;16px&#8221; text_line_height=&#8221;1.8em&#8221; text_text_shadow_style=&#8221;preset1&#8243; global_colors_info=&#8221;{}&#8221;]<\/p>\n<p>Plan\u00e9tov\u00e1 prevodovka sa sklad\u00e1 z centr\u00e1lneho centr\u00e1lneho kolesa, viacer\u00fdch plan\u00e9tov\u00fdch kolies a vonkaj\u0161ieho ozuben\u00e9ho kolesa, \u010do pon\u00faka vysok\u00fa hustotu kr\u00fatiaceho momentu a kompaktn\u00fa kon\u0161trukciu. T\u00e1to konfigur\u00e1cia je ide\u00e1lna pre aplik\u00e1cie vy\u017eaduj\u00face presn\u00e9 zn\u00ed\u017eenie r\u00fdchlosti a zv\u00fd\u0161enie kr\u00fatiaceho momentu, be\u017ene pou\u017e\u00edvan\u00e9 v robotike, automobilovom priemysle a priemyseln\u00fdch strojoch.<\/p>\n<p>V spolo\u010dnosti FMP pon\u00fakame \u0161irok\u00fd sortiment plan\u00e9tov\u00fdch prevodoviek a prij\u00edmame z\u00e1kazkov\u00e9 objedn\u00e1vky, ktor\u00e9 sp\u013a\u0148aj\u00fa va\u0161e \u0161pecifick\u00e9 po\u017eiadavky. \u010ci u\u017e potrebujete \u0161tandardn\u00e9 alebo \u0161pecializovan\u00e9 rie\u0161enia, spolo\u010dnos\u0165 FMP sa venuje dod\u00e1vaniu vysokokvalitn\u00fdch prevodoviek prisp\u00f4soben\u00fdch va\u0161im potreb\u00e1m.<\/p>\n<p>[\/et_pb_text][\/et_pb_column][\/et_pb_row][\/et_pb_section][et_pb_section fb_built=&#8221;1&#8243; _builder_version=&#8221;4.27.4&#8243; _module_preset=&#8221;default&#8221; custom_padding=&#8221;||5px|||&#8221; global_colors_info=&#8221;{}&#8221;][et_pb_row _builder_version=&#8221;4.27.4&#8243; _module_preset=&#8221;default&#8221; global_colors_info=&#8221;{}&#8221;][et_pb_column type=&#8221;4_4&#8243; _builder_version=&#8221;4.27.4&#8243; _module_preset=&#8221;default&#8221; global_colors_info=&#8221;{}&#8221;][et_pb_text _builder_version=&#8221;4.27.4&#8243; _module_preset=&#8221;default&#8221; header_2_font=&#8221;Frank Ruhl Libre||||||||&#8221; header_2_text_align=&#8221;center&#8221; header_2_font_size=&#8221;40px&#8221; global_colors_info=&#8221;{}&#8221;]<\/p>\n<h2>Plan\u00e9tov\u00e1 prevodovka<\/h2>\n<p>[\/et_pb_text][\/et_pb_column][\/et_pb_row][et_pb_row column_structure=&#8221;1_3,1_3,1_3&#8243; _builder_version=&#8221;4.27.4&#8243; _module_preset=&#8221;default&#8221; global_colors_info=&#8221;{}&#8221;][et_pb_column type=&#8221;1_3&#8243; _builder_version=&#8221;4.27.4&#8243; _module_preset=&#8221;default&#8221; global_colors_info=&#8221;{}&#8221;][et_pb_image src=&#8221;https:\/\/fmp-components.com\/wp-content\/uploads\/2025\/01\/Track-Drive.webp&#8221; alt=&#8221;Track-Drive&#8221; title_text=&#8221;Track-Drive&#8221; _builder_version=&#8221;4.27.4&#8243; _module_preset=&#8221;default&#8221; global_colors_info=&#8221;{}&#8221;][\/et_pb_image][et_pb_toggle title=&#8221;Track Drive&#8221; _builder_version=&#8221;4.27.4&#8243; _module_preset=&#8221;default&#8221; global_colors_info=&#8221;{}&#8221;]<\/p>\n<ul>\n<li><a href=\"https:\/\/fmp-components.com\/sk\/product\/wheel-drive-planetary-gearbox-reducer-for-access-plateform\/\">Plan\u00e9tov\u00e1 prevodovka pre pr\u00edstupov\u00fa plo\u0161inu<\/a><\/li>\n<li><a href=\"https:\/\/fmp-components.com\/sk\/product\/wheel-drive-planetary-gearbox-reducer-for-rough-terrain-scissor-lift3679\/\">Plan\u00e9tov\u00e1 prevodovka pre n\u00e1ro\u010dn\u00fd ter\u00e9n <\/a><a href=\"https:\/\/fmp-components.com\/sk\/product\/wheel-drive-planetary-gearbox-reducer-for-road-reclaimers-and-grades\/\">No\u017enice<\/a><\/li>\n<li><a href=\"https:\/\/fmp-components.com\/sk\/product\/wheel-drive-planetary-gearbox-reducer-for-road-reclaimers-and-grades\/\">Plan\u00e9tov\u00e1 prevodovka pre rekultiv\u00e1tory a nivel\u00e1tory<\/a><\/li>\n<li><a href=\"https:\/\/fmp-components.com\/sk\/product\/wheel-drive-planetary-gearbox-reducer-for-land-clearing-stone-crusher\/\">Plan\u00e9tov\u00e1 prevodovka pre drvi\u010d kame\u0148ov na \u010distenie p\u00f4dy<\/a><\/li>\n<li><a href=\"https:\/\/fmp-components.com\/sk\/product\/wheel-drive-planetary-gearbox-reducer-for-cranes\/\">Plan\u00e9tov\u00e1 prevodovka pre \u017eeriavy<\/a><\/li>\n<\/ul>\n<p>[\/et_pb_toggle][\/et_pb_column][et_pb_column type=&#8221;1_3&#8243; _builder_version=&#8221;4.27.4&#8243; _module_preset=&#8221;default&#8221; global_colors_info=&#8221;{}&#8221;][et_pb_image src=&#8221;https:\/\/fmp-components.com\/wp-content\/uploads\/2024\/12\/Winch-Drive.webp&#8221; alt=&#8221;Winch Drive&#8221; title_text=&#8221;Winch Drive&#8221; _builder_version=&#8221;4.27.4&#8243; _module_preset=&#8221;default&#8221; global_colors_info=&#8221;{}&#8221;][\/et_pb_image][et_pb_toggle title=&#8221;Winch Drive&#8221; _builder_version=&#8221;4.27.4&#8243; _module_preset=&#8221;default&#8221; global_colors_info=&#8221;{}&#8221;]<\/p>\n<ul>\n<li>Plan\u00e9tov\u00e1 prevodovka pre kotvov\u00fd navijak<\/li>\n<li>Plan\u00e9tov\u00e1 prevodovka pre navijak Tugger<\/li>\n<li>Plan\u00e9tov\u00e1 prevodovka pre stavebn\u00e9 plavidl\u00e1 na mori<\/li>\n<li>Plan\u00e9tov\u00e1 prevodovka pre pobre\u017en\u00fa platformu<\/li>\n<li>Plan\u00e9tov\u00e1 prevodovka pre vrtn\u00e9 s\u00fapravy<\/li>\n<li>Plan\u00e9tov\u00e1 prevodovka pre lesn\u00edcky a \u0165a\u017eobn\u00fd navijak<\/li>\n<li>Plan\u00e9tov\u00e1 prevodovka pre 3D sklady<\/li>\n<li>Plan\u00e9tov\u00e1 prevodovka pre zdv\u00edhacie zariadenia v bani<\/li>\n<li>Plan\u00e9tov\u00e1 prevodovka pre v\u00fd\u0165ah<\/li>\n<li>Plan\u00e9tov\u00e1 prevodovka pre potrubn\u00e9 stroje<\/li>\n<li>Plan\u00e9tov\u00e1 prevodovka pre \u017eeriav namontovan\u00fd na n\u00e1kladnom vozidle<\/li>\n<li>Plan\u00e9tov\u00e1 prevodovka pre zdv\u00edhac\u00ed dopravn\u00edk s ly\u017eicami<\/li>\n<li>Plan\u00e9tov\u00e1 prevodovka pre otv\u00e1ranie dvierok pece<\/li>\n<li>Plan\u00e9tov\u00e1 prevodovka pre hasi\u010dsk\u00e9 a z\u00e1chrann\u00e9 navijaky<\/li>\n<\/ul>\n<p>[\/et_pb_toggle][\/et_pb_column][et_pb_column type=&#8221;1_3&#8243; _builder_version=&#8221;4.27.4&#8243; _module_preset=&#8221;default&#8221; global_colors_info=&#8221;{}&#8221;][et_pb_image src=&#8221;https:\/\/fmp-components.com\/wp-content\/uploads\/2024\/12\/Wheel-Drive.webp&#8221; alt=&#8221;Wheel Drive&#8221; title_text=&#8221;Wheel Drive&#8221; _builder_version=&#8221;4.27.4&#8243; _module_preset=&#8221;default&#8221; global_colors_info=&#8221;{}&#8221;][\/et_pb_image][et_pb_toggle title=&#8221;Wheel Drive&#8221; _builder_version=&#8221;4.27.4&#8243; _module_preset=&#8221;default&#8221; global_colors_info=&#8221;{}&#8221;]<\/p>\n<ul>\n<li>Plan\u00e9tov\u00e1 prevodovka pre zbera\u010d jab\u013ak<\/li>\n<li>Plan\u00e9tov\u00e1 prevodovka pre zbera\u010dku reza\u010diek<\/li>\n<li>Plan\u00e9tov\u00e1 prevodovka pre zemiakov\u00fd kombajn<\/li>\n<li>Plan\u00e9tov\u00e1 prevodovka pre zbera\u010d hrozna<\/li>\n<li>Plan\u00e9tov\u00e1 prevodovka pre zbera\u010d cukru<\/li>\n<li>Plan\u00e9tov\u00e1 prevodovka pre mie\u0161a\u010dku krmiva<\/li>\n<li>Plan\u00e9tov\u00e1 prevodovka pre pozemn\u00e9 vozidl\u00e1<br \/>Drvi\u010d kame\u0148ov na \u010distenie<\/li>\n<li>Plan\u00e9tov\u00e1 prevodovka pre line\u00e1rne zavla\u017eovanie<\/li>\n<li>Plan\u00e9tov\u00e1 prevodovka pre seja\u010dku<\/li>\n<li>Plan\u00e9tov\u00e1 prevodovka pre hnojiv\u00e1<\/li>\n<li>Plan\u00e9tov\u00e1 prevodovka pre pr\u00edstupov\u00fa plo\u0161inu<\/li>\n<li>Plan\u00e9tov\u00e1 prevodovka pre ter\u00e9nne no\u017enicov\u00e9 zdvih\u00e1ky<\/li>\n<li>Plan\u00e9tov\u00e1 prevodovka pre rekultiv\u00e1tory a nivel\u00e1tory<\/li>\n<li>Plan\u00e9tov\u00e1 prevodovka pre buldoz\u00e9r<\/li>\n<li>Plan\u00e9tov\u00e1 prevodovka pre \u017eeriavy<\/li>\n<li>Plan\u00e9tov\u00e1 prevodovka pre mie\u0161a\u010dky bet\u00f3nu<\/li>\n<li>Plan\u00e9tov\u00e1 prevodovka pre grejdery<\/li>\n<li>Plan\u00e9tov\u00e1 prevodovka pre valce<\/li>\n<li>Plan\u00e9tov\u00e1 prevodovka pre naklada\u010de<\/li>\n<li>Plan\u00e9tov\u00e1 prevodovka pre bagre<\/li>\n<li>Plan\u00e9tov\u00e1 prevodovka pre podzemn\u00e9 v\u0155tanie Jumbos<\/li>\n<li>Plan\u00e9tov\u00e1 prevodovka pre podzemn\u00e9 naklada\u010de\/\u013eavostrann\u00e9 naklada\u010de<\/li>\n<li>Plan\u00e9tov\u00e1 prevodovka pre mobiln\u00e9 drviace a triediace zariadenia<\/li>\n<li>Plan\u00e9tov\u00e1 prevodovka pre bansk\u00e9 skl\u00e1pa\u010de<\/li>\n<li>Plan\u00e9tov\u00e1 prevodovka pre vysokozdvi\u017en\u00e9 voz\u00edky<\/li>\n<li>Plan\u00e9tov\u00e1 prevodovka pre kontajnerov\u00e9 \u017eeriavy<\/li>\n<li>Plan\u00e9tov\u00e1 prevodovka pre automaticky riaden\u00e9 vozidl\u00e1, AGV<\/li>\n<li>Plan\u00e9tov\u00e1 prevodovka pre reach stackery<\/li>\n<li>Plan\u00e9tov\u00e1 prevodovka pre port\u00e1lov\u00fd \u017eeriav s gumov\u00fdmi pneumatikami, RTG<\/li>\n<\/ul>\n<p>[\/et_pb_toggle][\/et_pb_column][\/et_pb_row][et_pb_row column_structure=&#8221;1_3,1_3,1_3&#8243; _builder_version=&#8221;4.27.4&#8243; _module_preset=&#8221;default&#8221; global_colors_info=&#8221;{}&#8221;][et_pb_column type=&#8221;1_3&#8243; _builder_version=&#8221;4.27.4&#8243; _module_preset=&#8221;default&#8221; global_colors_info=&#8221;{}&#8221;][et_pb_image src=&#8221;https:\/\/fmp-components.com\/wp-content\/uploads\/2024\/12\/Slewing-Drive.webp&#8221; alt=&#8221;Slewing Drive&#8221; title_text=&#8221;Slewing Drive&#8221; _builder_version=&#8221;4.27.4&#8243; _module_preset=&#8221;default&#8221; global_colors_info=&#8221;{}&#8221;][\/et_pb_image][et_pb_toggle title=&#8221;Slewing Drive&#8221; _builder_version=&#8221;4.27.4&#8243; _module_preset=&#8221;default&#8221; global_colors_info=&#8221;{}&#8221;]<\/p>\n<ul>\n<li>Plan\u00e9tov\u00e1 prevodovka pre vetern\u00e9 turb\u00edny<\/li>\n<li>Plan\u00e9tov\u00e1 prevodovka pre syst\u00e9m sledovania slne\u010dnej energie<\/li>\n<li>Plan\u00e9tov\u00e1 prevodovka pre bet\u00f3nov\u00e9 \u010derpadlo namontovan\u00e9 na n\u00e1kladnom vozidle<\/li>\n<li>Plan\u00e9tov\u00e1 prevodovka pre vzdu\u0161n\u00e9 pracovn\u00e9 vozidl\u00e1<\/li>\n<li>Plan\u00e9tov\u00e1 prevodovka pre vrtn\u00e9 plo\u0161iny na mori<\/li>\n<li>Plan\u00e9tov\u00e1 prevodovka pre radarov\u00fa ant\u00e9nu<\/li>\n<li>Plan\u00e9tov\u00e1 prevodovka pre reza\u010dku TBM<\/li>\n<li>Plan\u00e9tov\u00e1 prevodovka pre bagre<\/li>\n<li>Plan\u00e9tov\u00e1 prevodovka pre ve\u017eov\u00fd \u017eeriav<\/li>\n<li>Plan\u00e9tov\u00e1 prevodovka pre pr\u00edstavn\u00fd kontajnerov\u00fd \u017eeriav<\/li>\n<li>Plan\u00e9tov\u00e1 prevodovka pre p\u00e1sov\u00fd \u017eeriav<\/li>\n<li>Plan\u00e9tov\u00e1 prevodovka pre \u017eeriav namontovan\u00fd na n\u00e1kladnom vozidle<\/li>\n<li>Plan\u00e9tov\u00e1 prevodovka pre ter\u00e9nny \u017eeriav<\/li>\n<\/ul>\n<p>[\/et_pb_toggle][\/et_pb_column][et_pb_column type=&#8221;1_3&#8243; _builder_version=&#8221;4.27.4&#8243; _module_preset=&#8221;default&#8221; global_colors_info=&#8221;{}&#8221;][et_pb_image src=&#8221;https:\/\/fmp-components.com\/wp-content\/uploads\/2024\/12\/Swing-Gearbox.webp&#8221; alt=&#8221;Swing Gearbox&#8221; title_text=&#8221;Swing Gearbox&#8221; _builder_version=&#8221;4.27.4&#8243; _module_preset=&#8221;default&#8221; global_colors_info=&#8221;{}&#8221;][\/et_pb_image][et_pb_toggle title=&#8221;Swing Gearbox&#8221; _builder_version=&#8221;4.27.4&#8243; _module_preset=&#8221;default&#8221; global_colors_info=&#8221;{}&#8221;]<\/p>\n<ul>\n<li>Plan\u00e9tov\u00e1 prevodovka pre <span>Kobelco SK350-8<\/span><\/li>\n<li>Plan\u00e9tov\u00e1 prevodovka pre bager Yuchai YC60-7<\/li>\n<li>Plan\u00e9tov\u00e1 prevodovka pre rekultiv\u00e1tory a nivel\u00e1tory<\/li>\n<li>Plan\u00e9tov\u00e1 prevodovka pre r\u00fdpadlo Hitachi ZX70<\/li>\n<li>Plan\u00e9tov\u00e1 prevodovka pre r\u00fdpadlo CASE CX130<\/li>\n<li>Plan\u00e9tov\u00e1 prevodovka pre bager <span>DX380<\/span><\/li>\n<li>Plan\u00e9tov\u00e1 prevodovka pre r\u00fdpadlo Caterpillar E307B<\/li>\n<li>Plan\u00e9tov\u00e1 prevodovka pre r\u00fdpadlo Caterpillar E336D<\/li>\n<li>Plan\u00e9tov\u00e1 prevodovka pre bager <span>EC360<\/span><\/li>\n<li>Plan\u00e9tov\u00e1 prevodovka pre bager Volvo EC460<\/li>\n<li>Plan\u00e9tov\u00e1 prevodovka pre bager <span>EC700<\/span><\/li>\n<li>Plan\u00e9tov\u00e1 prevodovka pre r\u00fdpadlo Volvo EC360<\/li>\n<li>Plan\u00e9tov\u00e1 prevodovka pre bager Volvo EC460<\/li>\n<li>Plan\u00e9tov\u00e1 prevodovka pre bager <span>EC700<\/span><\/li>\n<li>Plan\u00e9tov\u00e1 prevodovka pre r\u00fdpadlo Komatsu PC40<\/li>\n<li>Plan\u00e9tov\u00e1 prevodovka pre r\u00fdpadlo Komatsu PC56-7<\/li>\n<li>Plan\u00e9tov\u00e1 prevodovka pre r\u00fdpadlo Komatsu PC300-7<\/li>\n<li>Plan\u00e9tov\u00e1 prevodovka pre r\u00fdpadlo Komatsu PC400-7<\/li>\n<li>Plan\u00e9tov\u00e1 prevodovka pre r\u00fdpadlo Kobelco SK60-6<\/li>\n<li>Plan\u00e9tov\u00e1 prevodovka pre r\u00fdpadlo Kobelco SK135<\/li>\n<li>Plan\u00e9tov\u00e1 prevodovka pre r\u00fdpadlo Kobelco SK200-8<\/li>\n<li>Plan\u00e9tov\u00e1 prevodovka pre bager Daewoo DH300-7<\/li>\n<\/ul>\n<p>[\/et_pb_toggle][\/et_pb_column][et_pb_column type=&#8221;1_3&#8243; _builder_version=&#8221;4.27.4&#8243; _module_preset=&#8221;default&#8221; global_colors_info=&#8221;{}&#8221;][et_pb_image src=&#8221;https:\/\/fmp-components.com\/wp-content\/uploads\/2024\/12\/In-line-Planetary-Gearbox.webp&#8221; alt=&#8221;In-line Planetary Gearbox&#8221; title_text=&#8221;In-line Planetary Gearbox&#8221; _builder_version=&#8221;4.27.4&#8243; _module_preset=&#8221;default&#8221; global_colors_info=&#8221;{}&#8221;][\/et_pb_image][et_pb_toggle title=&#8221;In-line Planetary Gearbox&#8221; _builder_version=&#8221;4.27.4&#8243; _module_preset=&#8221;default&#8221; global_colors_info=&#8221;{}&#8221;]<\/p>\n<ul>\n<li>Priemyseln\u00e1 plan\u00e9tov\u00e1 prevodovka s\u00e9rie S<\/li>\n<li>Plan\u00e9tov\u00e1 prevodovka s\u00e9rie E<\/li>\n<li>Plan\u00e9tov\u00e1 prevodovka s\u00e9rie 311<\/li>\n<li>Plan\u00e9tov\u00e1 prevodovka s\u00e9rie 310<\/li>\n<li>Plan\u00e9tov\u00e1 prevodovka s\u00e9rie 306<\/li>\n<li>Plan\u00e9tov\u00e1 prevodovka s\u00e9rie 301<\/li>\n<\/ul>\n<p>[\/et_pb_toggle][\/et_pb_column][\/et_pb_row][et_pb_row column_structure=&#8221;1_3,1_3,1_3&#8243; _builder_version=&#8221;4.27.4&#8243; _module_preset=&#8221;default&#8221; global_colors_info=&#8221;{}&#8221;][et_pb_column type=&#8221;1_3&#8243; _builder_version=&#8221;4.27.4&#8243; _module_preset=&#8221;default&#8221; global_colors_info=&#8221;{}&#8221;][et_pb_image src=&#8221;https:\/\/fmp-components.com\/wp-content\/uploads\/2024\/12\/Right-Angle-Planetary-Gearbox.webp&#8221; alt=&#8221;Right Angle Planetary Gearbox&#8221; title_text=&#8221;Right Angle Planetary Gearbox&#8221; _builder_version=&#8221;4.27.4&#8243; _module_preset=&#8221;default&#8221; global_colors_info=&#8221;{}&#8221;][\/et_pb_image][et_pb_toggle title=&#8221;Right Angle Planetary Gearbox&#8221; _builder_version=&#8221;4.27.4&#8243; _module_preset=&#8221;default&#8221; global_colors_info=&#8221;{}&#8221;]<\/p>\n<ul>\n<li>Plan\u00e9tov\u00e1 prevodovka s\u00e9rie 307<\/li>\n<\/ul>\n<p>[\/et_pb_toggle][\/et_pb_column][et_pb_column type=&#8221;1_3&#8243; _builder_version=&#8221;4.27.4&#8243; _module_preset=&#8221;default&#8221; global_colors_info=&#8221;{}&#8221;][et_pb_image src=&#8221;https:\/\/fmp-components.com\/wp-content\/uploads\/2024\/12\/Planetary-Gearbox-for-Feed-Mixer.webp&#8221; alt=&#8221;Planetary Gearbox for Feed Mixer&#8221; title_text=&#8221;Planetary Gearbox for Feed Mixer&#8221; _builder_version=&#8221;4.27.4&#8243; _module_preset=&#8221;default&#8221; global_colors_info=&#8221;{}&#8221;][\/et_pb_image][et_pb_toggle title=&#8221;Planetary Gearbox for Feed Mixer&#8221; _builder_version=&#8221;4.27.4&#8243; _module_preset=&#8221;default&#8221; global_colors_info=&#8221;{}&#8221;]<\/p>\n<ul>\n<li>Prevodovka mie\u0161a\u010dky krmiva C3A, 1:1, 1,8:1<\/li>\n<li>Prevodovka C-3A pre mie\u0161a\u010dky krmiva<\/li>\n<li>Prevodovka pre mie\u0161a\u010dky krmiva D-732A 1:1\/1,41:1<\/li>\n<li>Prevodovka horizont\u00e1lneho mie\u0161acieho zariadenia D732A 1:1\/1,93:1<\/li>\n<li>Prevodovka horizont\u00e1lneho mie\u0161acieho zariadenia C3A 1:1<\/li>\n<li>Prevodovka mie\u0161a\u010dky krmiva pre mie\u0161a\u010dku TMR EP RMG<\/li>\n<li>Prevodovka mie\u0161a\u010dky krmiva PGA-1202VM<\/li>\n<li>Prevodovka PGA-1602 pre mie\u0161a\u010dky krmiva<\/li>\n<li>Prevodovka vertik\u00e1lneho mie\u0161a\u010da krmiva PGA1202VM<\/li>\n<li>Prevodovka vertik\u00e1lneho mie\u0161a\u010da krmiva PGA1602VM<\/li>\n<\/ul>\n<p>[\/et_pb_toggle][\/et_pb_column][et_pb_column type=&#8221;1_3&#8243; _builder_version=&#8221;4.27.4&#8243; _module_preset=&#8221;default&#8221; global_colors_info=&#8221;{}&#8221;][et_pb_image src=&#8221;https:\/\/fmp-components.com\/wp-content\/uploads\/2024\/12\/Planetary-Gearbox-for-Wind-Turbine.webp&#8221; alt=&#8221;Planetary Gearbox for Wind Turbine&#8221; title_text=&#8221;Planetary Gearbox for Wind Turbine&#8221; _builder_version=&#8221;4.27.4&#8243; _module_preset=&#8221;default&#8221; global_colors_info=&#8221;{}&#8221;][\/et_pb_image][et_pb_toggle title=&#8221;Planetary Gearbox for Wind Turbine&#8221; _builder_version=&#8221;4.27.4&#8243; _module_preset=&#8221;default&#8221; global_colors_info=&#8221;{}&#8221;]<\/p>\n<ul>\n<li>Mobiln\u00e1 oto\u010dn\u00e1 pohonn\u00e1 plan\u00e9tov\u00e1 prevodovka s\u00e9rie SD<\/li>\n<li>S\u00e9ria NB <span>Prevodovka s pohonom st\u00e1\u010dania<\/span><\/li>\n<\/ul>\n<p>[\/et_pb_toggle][\/et_pb_column][\/et_pb_row][\/et_pb_section][et_pb_section fb_built=&#8221;1&#8243; _builder_version=&#8221;4.27.4&#8243; _module_preset=&#8221;default&#8221; global_colors_info=&#8221;{}&#8221;][et_pb_row _builder_version=&#8221;4.27.4&#8243; _module_preset=&#8221;default&#8221; global_colors_info=&#8221;{}&#8221;][et_pb_column type=&#8221;4_4&#8243; _builder_version=&#8221;4.27.4&#8243; _module_preset=&#8221;default&#8221; global_colors_info=&#8221;{}&#8221;][et_pb_text _builder_version=&#8221;4.27.4&#8243; _module_preset=&#8221;default&#8221; header_2_font=&#8221;Frank Ruhl Libre||||||||&#8221; header_2_font_size=&#8221;38px&#8221; global_colors_info=&#8221;{}&#8221;]<\/p>\n<h2 style=\"text-align: center;\">S\u00favisiace produkty \u2013 plan\u00e9tov\u00e9 prevody<\/h2>\n<p>[\/et_pb_text][\/et_pb_column][\/et_pb_row][et_pb_row column_structure=&#8221;1_4,1_4,1_4,1_4&#8243; _builder_version=&#8221;4.27.4&#8243; _module_preset=&#8221;default&#8221; global_colors_info=&#8221;{}&#8221;][et_pb_column type=&#8221;1_4&#8243; _builder_version=&#8221;4.27.4&#8243; _module_preset=&#8221;default&#8221; global_colors_info=&#8221;{}&#8221;][et_pb_blurb title=&#8221;Planetary Gear Sets&#8221; url=&#8221;https:\/\/fmp-components.com\/en\/product\/planetary-gear-sets&#8221; url_new_window=&#8221;on&#8221; image=&#8221;https:\/\/fmp-components.com\/wp-content\/uploads\/2025\/01\/Planetary-Gear-set.webp&#8221; alt=&#8221;Planetary Gear set&#8221; _builder_version=&#8221;4.27.4&#8243; _module_preset=&#8221;default&#8221; header_level=&#8221;h3&#8243; header_font=&#8221;Frank Ruhl Libre||||||||&#8221; header_text_align=&#8221;center&#8221; header_font_size=&#8221;20px&#8221; global_colors_info=&#8221;{}&#8221;][\/et_pb_blurb][\/et_pb_column][et_pb_column type=&#8221;1_4&#8243; _builder_version=&#8221;4.27.4&#8243; _module_preset=&#8221;default&#8221; global_colors_info=&#8221;{}&#8221;][et_pb_blurb title=&#8221;Internal Planetary Gear&#8221; url=&#8221;https:\/\/fmp-components.com\/en\/product\/internal-planetary-gear&#8221; url_new_window=&#8221;on&#8221; image=&#8221;https:\/\/fmp-components.com\/wp-content\/uploads\/2025\/01\/Internal-Planetary-Gear.webp&#8221; alt=&#8221;Internal Planetary Gear&#8221; _builder_version=&#8221;4.27.4&#8243; _module_preset=&#8221;default&#8221; header_level=&#8221;h3&#8243; header_font=&#8221;Frank Ruhl Libre||||||||&#8221; header_text_align=&#8221;center&#8221; header_font_size=&#8221;20px&#8221; global_colors_info=&#8221;{}&#8221;][\/et_pb_blurb][\/et_pb_column][et_pb_column type=&#8221;1_4&#8243; _builder_version=&#8221;4.27.4&#8243; _module_preset=&#8221;default&#8221; global_colors_info=&#8221;{}&#8221;][et_pb_blurb title=&#8221;Internal Planetary Gear Kit&#8221; url=&#8221;https:\/\/fmp-components.com\/en\/product\/internal-planetary-gear-kit&#8221; url_new_window=&#8221;on&#8221; image=&#8221;https:\/\/fmp-components.com\/wp-content\/uploads\/2025\/01\/Internal-Planetary-Gear-Kit.webp&#8221; alt=&#8221;Internal Planetary Gear Kit&#8221; _builder_version=&#8221;4.27.4&#8243; _module_preset=&#8221;default&#8221; header_level=&#8221;h3&#8243; header_font=&#8221;Frank Ruhl Libre||||||||&#8221; header_text_align=&#8221;center&#8221; header_font_size=&#8221;20px&#8221; global_colors_info=&#8221;{}&#8221;][\/et_pb_blurb][\/et_pb_column][et_pb_column type=&#8221;1_4&#8243; _builder_version=&#8221;4.27.4&#8243; _module_preset=&#8221;default&#8221; global_colors_info=&#8221;{}&#8221;][et_pb_blurb title=&#8221;Planetary Ring Gear&#8221; url=&#8221;https:\/\/fmp-components.com\/en\/product\/planetary-ring-gear&#8221; url_new_window=&#8221;on&#8221; image=&#8221;https:\/\/fmp-components.com\/wp-content\/uploads\/2025\/01\/Planetary-Ring-Gear.webp&#8221; alt=&#8221;Planetary Ring Gear&#8221; _builder_version=&#8221;4.27.4&#8243; _module_preset=&#8221;default&#8221; header_level=&#8221;h3&#8243; header_font=&#8221;Frank Ruhl Libre||||||||&#8221; header_text_align=&#8221;center&#8221; header_font_size=&#8221;20px&#8221; global_colors_info=&#8221;{}&#8221;][\/et_pb_blurb][\/et_pb_column][\/et_pb_row][\/et_pb_section]<\/p>","protected":false},"excerpt":{"rendered":"<p>Planetary GearboxA planetary gearbox consists of a central sun gear, multiple planet gears, and an outer ring gear, offering high torque density and compact design. This configuration makes it ideal for applications needing precise speed reduction and increased torque, commonly used in robotics, automotive, and industrial machinery. At FMP, we provide a wide range of [&hellip;]<\/p>","protected":false},"author":2,"featured_media":0,"parent":0,"menu_order":0,"comment_status":"closed","ping_status":"closed","template":"","meta":{"_et_pb_use_builder":"on","_et_pb_old_content":"","_et_gb_content_width":"","footnotes":""},"class_list":["post-1162","page","type-page","status-publish","hentry"],"_links":{"self":[{"href":"https:\/\/fmp-components.com\/sk\/wp-json\/wp\/v2\/pages\/1162","targetHints":{"allow":["GET"]}}],"collection":[{"href":"https:\/\/fmp-components.com\/sk\/wp-json\/wp\/v2\/pages"}],"about":[{"href":"https:\/\/fmp-components.com\/sk\/wp-json\/wp\/v2\/types\/page"}],"author":[{"embeddable":true,"href":"https:\/\/fmp-components.com\/sk\/wp-json\/wp\/v2\/users\/2"}],"replies":[{"embeddable":true,"href":"https:\/\/fmp-components.com\/sk\/wp-json\/wp\/v2\/comments?post=1162"}],"version-history":[{"count":30,"href":"https:\/\/fmp-components.com\/sk\/wp-json\/wp\/v2\/pages\/1162\/revisions"}],"predecessor-version":[{"id":8188,"href":"https:\/\/fmp-components.com\/sk\/wp-json\/wp\/v2\/pages\/1162\/revisions\/8188"}],"wp:attachment":[{"href":"https:\/\/fmp-components.com\/sk\/wp-json\/wp\/v2\/media?parent=1162"}],"curies":[{"name":"pracovn\u00fd list","href":"https:\/\/api.w.org\/{rel}","templated":true}]}}