{"id":964,"date":"2024-12-19T03:40:23","date_gmt":"2024-12-19T03:40:23","guid":{"rendered":"https:\/\/fmp-components.com\/product\/10044-customized-double-acting-hydraulic-cylinder-welded-tee-cylinder\/"},"modified":"2024-12-19T08:41:41","modified_gmt":"2024-12-19T08:41:41","slug":"10044-customized-double-acting-hydraulic-cylinder-welded-tee-cylinder","status":"publish","type":"product","link":"https:\/\/fmp-components.com\/pt\/product\/10044-customized-double-acting-hydraulic-cylinder-welded-tee-cylinder\/","title":{"rendered":"10044 Cilindro hidr\u00e1ulico de dupla a\u00e7\u00e3o personalizado Cilindro em T soldado"},"content":{"rendered":"<p>O Cilindro Hidr\u00e1ulico de Dupla A\u00e7\u00e3o Personalizado 10044 com T Soldado foi projetado para oferecer versatilidade e resist\u00eancia, adaptado para atender \u00e0s necessidades espec\u00edficas de aplica\u00e7\u00e3o em diversos setores, incluindo constru\u00e7\u00e3o, agricultura e manufatura. Este cilindro hidr\u00e1ulico foi projetado para oferecer desempenho confi\u00e1vel com uma constru\u00e7\u00e3o soldada robusta, garantindo durabilidade mesmo em condi\u00e7\u00f5es desafiadoras.<\/p>\n<h4>Principais caracter\u00edsticas:<\/h4>\n<ul>\n<li><strong>Funcionalidade de dupla a\u00e7\u00e3o<\/strong>: Oferece opera\u00e7\u00e3o eficiente tanto na extens\u00e3o quanto na retra\u00e7\u00e3o, maximizando a produtividade para diversas tarefas.<\/li>\n<li><strong>Design personaliz\u00e1vel<\/strong>: Dispon\u00edvel em v\u00e1rios tamanhos e configura\u00e7\u00f5es para atender a requisitos espec\u00edficos de aplica\u00e7\u00e3o e prefer\u00eancias de montagem.<\/li>\n<li><strong>Constru\u00e7\u00e3o soldada<\/strong>: Apresenta um design soldado forte que melhora a integridade estrutural e a resist\u00eancia \u00e0 fadiga.<\/li>\n<li><strong>Alta capacidade de carga<\/strong>: Capaz de lidar com cargas substanciais, tornando-o ideal para aplica\u00e7\u00f5es pesadas.<\/li>\n<li><strong>Acabamento resistente \u00e0 corros\u00e3o<\/strong>: Revestido com materiais protetores para evitar ferrugem e corros\u00e3o, garantindo longevidade e confiabilidade.<\/li>\n<\/ul>\n<p><img decoding=\"async\" src=\"https:\/\/hzpt.com\/wp-content\/uploads\/2023\/12\/random-2.webp\" alt=\"\" title=\"\"><\/p>\n<h4>Benef\u00edcios:<\/h4>\n<ul>\n<li><strong>Efici\u00eancia aumentada<\/strong>: Aumenta a efic\u00e1cia operacional ao proporcionar movimento potente e suave em ambas as dire\u00e7\u00f5es.<\/li>\n<li><strong>Solu\u00e7\u00f5es sob medida<\/strong>: Recursos personaliz\u00e1veis \u200b\u200bpermitem adapta\u00e7\u00f5es espec\u00edficas para atender a requisitos exclusivos de aplica\u00e7\u00e3o.<\/li>\n<li><strong>Manuten\u00e7\u00e3o reduzida<\/strong>: A constru\u00e7\u00e3o dur\u00e1vel minimiza o desgaste, resultando em menores custos de manuten\u00e7\u00e3o ao longo do tempo.<\/li>\n<\/ul>\n<p>O Cilindro Hidr\u00e1ulico de Dupla A\u00e7\u00e3o Personalizado 10044 com Conex\u00e3o em T Soldado \u00e9 a escolha ideal para quem busca uma solu\u00e7\u00e3o hidr\u00e1ulica confi\u00e1vel e adapt\u00e1vel. Seu design robusto e op\u00e7\u00f5es de personaliza\u00e7\u00e3o o tornam perfeito para uma ampla gama de aplica\u00e7\u00f5es industriais, garantindo o desempenho necess\u00e1rio para suas opera\u00e7\u00f5es.<\/p>\n<p><img decoding=\"async\" class=\"aligncenter\" src=\"https:\/\/hzpt.com\/wp-content\/uploads\/2023\/12\/random-3.webp\" alt=\"\" title=\"\"><\/p>\n<h2>Vantagens do Cilindro Tipo T Soldado<\/h2>\n<ul>\n<li style=\"list-style-type: none;\">\n<ul>\n<li><strong>For\u00e7a aumentada:<\/strong> Os cilindros do tipo T soldado s\u00e3o conhecidos por sua alta resist\u00eancia, tornando-os adequados para aplica\u00e7\u00f5es que exigem levantamento de peso. O processo de soldagem utilizado durante a fabrica\u00e7\u00e3o desses cilindros garante que eles estejam livres de pontos fracos e possam suportar altas press\u00f5es e tens\u00f5es.<\/li>\n<\/ul>\n<\/li>\n<\/ul>\n<p>Quando a press\u00e3o \u00e9 exercida sobre o cilindro, ela se distribui uniformemente por toda a superf\u00edcie, tornando-o resistente \u00e0 deforma\u00e7\u00e3o. Essa caracter\u00edstica garante que o cilindro mantenha sua forma e integridade estrutural mesmo em condi\u00e7\u00f5es extremas.<\/p>\n<ul>\n<li style=\"list-style-type: none;\">\n<ul>\n<li><strong>Preven\u00e7\u00e3o de vazamentos:<\/strong> Os cilindros do tipo T soldado s\u00e3o projetados para evitar vazamentos. O processo de soldagem utilizado durante a fabrica\u00e7\u00e3o garante que o cilindro fique completamente vedado e livre de poss\u00edveis vazamentos. Essa caracter\u00edstica os torna adequados para uso em aplica\u00e7\u00f5es onde vazamentos podem causar danos ou ferimentos graves.<\/li>\n<\/ul>\n<\/li>\n<\/ul>\n<p>As juntas soldadas s\u00e3o lisas, sem fendas ou ranhuras onde detritos ou sujeira podem se acumular, reduzindo o risco de corros\u00e3o e danos ao cilindro.<\/p>\n<ul>\n<li style=\"list-style-type: none;\">\n<ul>\n<li><strong>Personaliz\u00e1vel:<\/strong> Cilindros do tipo T soldado podem ser personalizados para atender a aplica\u00e7\u00f5es espec\u00edficas. Os cilindros est\u00e3o dispon\u00edveis em diferentes tamanhos e formatos e podem ser fabricados para atender aos requisitos espec\u00edficos da aplica\u00e7\u00e3o.<\/li>\n<\/ul>\n<\/li>\n<\/ul>\n<p>O processo de personaliza\u00e7\u00e3o permite que o cilindro seja otimizado para desempenho, garantindo sua adequa\u00e7\u00e3o \u00e0 aplica\u00e7\u00e3o pretendida. Essa caracter\u00edstica torna os cilindros do tipo T soldado ideais para uso em diversas aplica\u00e7\u00f5es industriais, incluindo constru\u00e7\u00e3o, minera\u00e7\u00e3o e movimenta\u00e7\u00e3o de materiais.<\/p>\n<ul>\n<li style=\"list-style-type: none;\">\n<ul>\n<li><strong>Custo-benef\u00edcio:<\/strong> Cilindros do tipo T soldado s\u00e3o mais econ\u00f4micos em compara\u00e7\u00e3o com outros tipos de cilindros. O processo de fabrica\u00e7\u00e3o usado para fabricar esses cilindros \u00e9 simples, tornando-os mais baratos do que outros tipos de cilindros.<\/li>\n<\/ul>\n<\/li>\n<\/ul>\n<p>Al\u00e9m disso, a alta resist\u00eancia e durabilidade dos cilindros tipo T soldado reduzem a necessidade de reparos e substitui\u00e7\u00f5es frequentes, economizando nos custos de manuten\u00e7\u00e3o. Essa caracter\u00edstica os torna uma escolha popular para muitos setores, especialmente aqueles com or\u00e7amento limitado.<\/p>\n<ul>\n<li style=\"list-style-type: none;\">\n<ul>\n<li><strong>Maior efici\u00eancia:<\/strong> Cilindros do tipo T soldado s\u00e3o altamente eficientes e eficazes. O design do cilindro garante que a for\u00e7a aplicada seja transferida diretamente para a carga, reduzindo a perda de energia e aumentando a efici\u00eancia.<\/li>\n<\/ul>\n<\/li>\n<\/ul>\n<p>As juntas soldadas s\u00e3o fortes e r\u00edgidas, minimizando a deflex\u00e3o e garantindo que o cilindro mantenha sua forma e integridade estrutural mesmo sob condi\u00e7\u00f5es extremas. Essa caracter\u00edstica torna os cilindros do tipo T soldado ideais para uso em aplica\u00e7\u00f5es que exigem alta efici\u00eancia e confiabilidade.<\/p>\n<h2>Aplica\u00e7\u00e3o de Cilindro Tipo T Soldado<\/h2>\n<ul>\n<li>\n<h3>M\u00e1quinas e Equipamentos Industriais<\/h3>\n<p>O cilindro tipo T\u00ea soldado \u00e9 amplamente utilizado em m\u00e1quinas e equipamentos industriais, especialmente em sistemas hidr\u00e1ulicos. O cilindro consiste em um pist\u00e3o e um tubo cil\u00edndrico, soldados entre si para formar uma \u00fanica unidade. Este projeto oferece diversas vantagens em rela\u00e7\u00e3o a outros tipos de cilindros, como maior durabilidade, maior resist\u00eancia e maior precis\u00e3o.<\/p>\n<p>Uma das aplica\u00e7\u00f5es mais importantes do Cilindro T\u00ea Soldado em m\u00e1quinas industriais \u00e9 sua capacidade de fornecer for\u00e7a consistente e precisa. Isso \u00e9 essencial para muitos processos de fabrica\u00e7\u00e3o, onde um controle preciso \u00e9 necess\u00e1rio para garantir a qualidade do produto final. O Cilindro T\u00ea Soldado tamb\u00e9m pode ser usado para regular o fluxo de fluidos em sistemas hidr\u00e1ulicos, permitindo maior efici\u00eancia e confiabilidade em uma variedade de aplica\u00e7\u00f5es industriais.<\/li>\n<li>\n<h3>Equipamentos Agr\u00edcolas<\/h3>\n<p>O Cilindro T\u00ea Soldado tamb\u00e9m \u00e9 comumente utilizado em equipamentos agr\u00edcolas, como tratores e colheitadeiras. Essas m\u00e1quinas exigem sistemas hidr\u00e1ulicos potentes e confi\u00e1veis para operar com efici\u00eancia, e o Cilindro T\u00ea Soldado \u00e9 a escolha ideal para essa finalidade.<\/p>\n<p>A constru\u00e7\u00e3o robusta e a alta resist\u00eancia do cilindro o tornam altamente resistente ao desgaste, mesmo em condi\u00e7\u00f5es operacionais adversas. Isso o torna a escolha ideal para uso em equipamentos agr\u00edcolas, onde a durabilidade \u00e9 um fator crucial. O Cilindro Tipo T Soldado tamb\u00e9m pode ser usado para fornecer o controle preciso necess\u00e1rio para muitos processos agr\u00edcolas, como plantio, colheita e irriga\u00e7\u00e3o.<\/li>\n<li>\n<h3>Equipamentos de constru\u00e7\u00e3o<\/h3>\n<p>O cilindro tipo T\u00ea soldado tamb\u00e9m \u00e9 amplamente utilizado em equipamentos de constru\u00e7\u00e3o, como escavadeiras, retroescavadeiras e tratores de esteira. Essas m\u00e1quinas exigem sistemas hidr\u00e1ulicos potentes e confi\u00e1veis para executar tarefas pesadas, como escavar, levantar e empurrar cargas pesadas.<\/p>\n<p>A alta resist\u00eancia e durabilidade do Cilindro T\u00ea Soldado o tornam a escolha ideal para uso em equipamentos de constru\u00e7\u00e3o. Sua capacidade de fornecer controle preciso e for\u00e7a consistente \u00e9 essencial para diversos processos de constru\u00e7\u00e3o, como escava\u00e7\u00e3o, nivelamento e pavimenta\u00e7\u00e3o. O Cilindro T\u00ea Soldado tamb\u00e9m pode ser usado para regular o fluxo de fluidos em sistemas hidr\u00e1ulicos, melhorando a efici\u00eancia e a confiabilidade dos equipamentos de constru\u00e7\u00e3o em diversas aplica\u00e7\u00f5es.<\/li>\n<\/ul>\n<h3>Sobre a FMP<\/h3>\n<p>A FMP \u00e9 uma fabricante e fornecedora l\u00edder de Cilindros Hidr\u00e1ulicos, com mais de 30 anos de experi\u00eancia no setor. Localizada na It\u00e1lia, nossa \u00e1rea industrial conta com mais de 100 equipamentos avan\u00e7ados, incluindo m\u00e1quinas autom\u00e1ticas de solda com prote\u00e7\u00e3o a g\u00e1s, mandriladoras de furos profundos, tornos CNC, retificadoras cil\u00edndricas, m\u00e1quinas de limpeza autom\u00e1tica, m\u00e1quinas de instala\u00e7\u00e3o autom\u00e1tica, bancadas de teste de desempenho de cilindros hidr\u00e1ulicos autom\u00e1ticos e linhas de pintura autom\u00e1ticas.<\/p>\n<p><img decoding=\"async\" src=\"https:\/\/fmp-components.com\/wp-content\/uploads\/2024\/12\/fmp-factory-4.webp\" alt=\"F\u00e1brica de FMP\" width=\"800\" title=\"\"><\/p>\n<p>Nossos Cilindros Hidr\u00e1ulicos s\u00e3o projetados e fabricados de acordo com os mais altos padr\u00f5es, garantindo qualidade excepcional aos nossos clientes. Oferecemos uma ampla gama de cilindros hidr\u00e1ulicos, incluindo:<\/p>\n<ol>\n<li style=\"list-style-type: none;\">\n<ol>\n<li>Cilindro Hidr\u00e1ulico<\/li>\n<\/ol>\n<\/li>\n<\/ol>\n<p>Nossos cilindros hidr\u00e1ulicos s\u00e3o meticulosamente processados \u200b\u200be inspecionados para garantir excelente desempenho e durabilidade. Eles s\u00e3o projetados para atender \u00e0s diversas necessidades de diferentes setores.<\/p>\n<ol>\n<li style=\"list-style-type: none;\">\n<ol>\n<li>Cilindro Hidr\u00e1ulico Brinco Cilindro<\/li>\n<\/ol>\n<\/li>\n<\/ol>\n<p>Os cilindros para brincos que produzimos s\u00e3o projetados especificamente para uma opera\u00e7\u00e3o eficiente e confi\u00e1vel. S\u00e3o perfeitos para aplica\u00e7\u00f5es que exigem controle preciso e estabilidade.<\/p>\n<ol>\n<li style=\"list-style-type: none;\">\n<ol>\n<li>Cilindro Hidr\u00e1ulico Telesc\u00f3pico Autom\u00e1tico Bidirecional<\/li>\n<\/ol>\n<\/li>\n<\/ol>\n<p>Nossos cilindros hidr\u00e1ulicos telesc\u00f3picos autom\u00e1ticos bidirecionais s\u00e3o projetados para oferecer desempenho e versatilidade superiores. Eles podem se estender e retrair suavemente, garantindo funcionalidade ideal em diversos ambientes.<\/p>\n<ol>\n<li style=\"list-style-type: none;\">\n<ol>\n<li>Servi\u00e7o de Design<\/li>\n<\/ol>\n<\/li>\n<\/ol>\n<p>Com nossa experiente equipe de design, oferecemos servi\u00e7os abrangentes de design e desenvolvimento para produtos de eixo universal. Seja para novos produtos ou melhorias em produtos existentes, estamos aqui para apoi\u00e1-lo durante todo o processo.<\/p>\n<ol>\n<li style=\"list-style-type: none;\">\n<ol>\n<li>Servi\u00e7o de produto<\/li>\n<\/ol>\n<\/li>\n<\/ol>\n<p>Da mat\u00e9ria-prima \u00e0 embalagem e transporte, cuidamos meticulosamente de cada etapa do processo de produ\u00e7\u00e3o para garantir que os mais altos padr\u00f5es de qualidade sejam atendidos. Nossa dedica\u00e7\u00e3o \u00e0 excel\u00eancia \u00e9 evidente em cada cilindro hidr\u00e1ulico que entregamos.<\/p>\n<p>Al\u00e9m desses produtos, temos orgulho das vantagens da nossa empresa:<\/p>\n<ol>\n<li style=\"list-style-type: none;\">\n<ol>\n<li>Qualidade superior<\/li>\n<\/ol>\n<\/li>\n<\/ol>\n<p>Nossos cilindros hidr\u00e1ulicos s\u00e3o fabricados usando os melhores materiais e passam por rigorosos processamentos e inspe\u00e7\u00f5es para garantir qualidade e confiabilidade excepcionais.<\/p>\n<ol>\n<li style=\"list-style-type: none;\">\n<ol>\n<li>Personaliza\u00e7\u00e3o<\/li>\n<\/ol>\n<\/li>\n<\/ol>\n<p>Somos especializados na personaliza\u00e7\u00e3o de cilindros hidr\u00e1ulicos para atender a requisitos espec\u00edficos. Seja para um tamanho exclusivo ou caracter\u00edsticas especiais, podemos adaptar nossos produtos \u00e0s suas necessidades.<\/p>\n<ol>\n<li style=\"list-style-type: none;\">\n<ol>\n<li>Melhoria Cont\u00ednua<\/li>\n<\/ol>\n<\/li>\n<\/ol>\n<p>\u00c0 medida que surgem novas necessidades do mercado, nos engajamos ativamente em pesquisa e desenvolvimento para permanecer na vanguarda da inova\u00e7\u00e3o. Isso nos permite aprimorar constantemente nossos produtos e oferecer solu\u00e7\u00f5es de ponta aos nossos clientes.<\/p>\n<ol>\n<li style=\"list-style-type: none;\">\n<ol>\n<li>Processo de Amostragem Eficiente<\/li>\n<\/ol>\n<\/li>\n<\/ol>\n<p>Compreendemos a import\u00e2ncia das amostras para a tomada de decis\u00f5es informadas. Nossa equipe dedicada pode desenvolver amostras de acordo com suas necessidades e modific\u00e1-las continuamente para atender \u00e0s suas necessidades espec\u00edficas.<\/p>\n<ol>\n<li style=\"list-style-type: none;\">\n<ol>\n<li>Suporte ao cliente confi\u00e1vel<\/li>\n<\/ol>\n<\/li>\n<\/ol>\n<p>Na FMP, nos esfor\u00e7amos para oferecer um atendimento excepcional ao cliente. Nossa equipe est\u00e1 sempre pronta para ajudar voc\u00ea, seja respondendo a perguntas, oferecendo suporte t\u00e9cnico ou fornecendo atualiza\u00e7\u00f5es oportunas sobre seus pedidos.<\/p>\n<p>Para cilindros hidr\u00e1ulicos de alta qualidade e excelente atendimento ao cliente, escolha a FMP. Entre em contato conosco hoje mesmo para discutir suas necessidades espec\u00edficas e descobrir como podemos atender \u00e0s suas necessidades de cilindros hidr\u00e1ulicos.<\/p>\n<p>Autor: CX<\/p>","protected":false},"excerpt":{"rendered":"<p>The 10044 Customized Double Acting Hydraulic Cylinder Welded Tee Cylinder is engineered for versatility and strength, tailored to meet specific application needs in various industries, including construction, agriculture, and manufacturing. This hydraulic cylinder is designed to deliver reliable performance with a robust welded construction, ensuring durability even under challenging conditions. Key Features: Double Acting Functionality: [&hellip;]<\/p>","protected":false},"featured_media":1133,"comment_status":"closed","ping_status":"closed","template":"","meta":{"_et_pb_use_builder":"","_et_pb_old_content":"","_et_gb_content_width":""},"product_brand":[],"product_cat":[31],"product_tag":[34,35],"class_list":{"0":"post-964","1":"product","2":"type-product","3":"status-publish","4":"has-post-thumbnail","6":"product_cat-welded-tee-type-cylinder","7":"product_tag-hydraulic-cylinder","8":"product_tag-welded-tee-type-cylinder","10":"first","11":"instock","12":"product-type-simple"},"_links":{"self":[{"href":"https:\/\/fmp-components.com\/pt\/wp-json\/wp\/v2\/product\/964","targetHints":{"allow":["GET"]}}],"collection":[{"href":"https:\/\/fmp-components.com\/pt\/wp-json\/wp\/v2\/product"}],"about":[{"href":"https:\/\/fmp-components.com\/pt\/wp-json\/wp\/v2\/types\/product"}],"replies":[{"embeddable":true,"href":"https:\/\/fmp-components.com\/pt\/wp-json\/wp\/v2\/comments?post=964"}],"wp:featuredmedia":[{"embeddable":true,"href":"https:\/\/fmp-components.com\/pt\/wp-json\/wp\/v2\/media\/1133"}],"wp:attachment":[{"href":"https:\/\/fmp-components.com\/pt\/wp-json\/wp\/v2\/media?parent=964"}],"wp:term":[{"taxonomy":"product_brand","embeddable":true,"href":"https:\/\/fmp-components.com\/pt\/wp-json\/wp\/v2\/product_brand?post=964"},{"taxonomy":"product_cat","embeddable":true,"href":"https:\/\/fmp-components.com\/pt\/wp-json\/wp\/v2\/product_cat?post=964"},{"taxonomy":"product_tag","embeddable":true,"href":"https:\/\/fmp-components.com\/pt\/wp-json\/wp\/v2\/product_tag?post=964"}],"curies":[{"name":"wp","href":"https:\/\/api.w.org\/{rel}","templated":true}]}}