{"id":963,"date":"2024-12-19T03:40:23","date_gmt":"2024-12-19T03:40:23","guid":{"rendered":"https:\/\/fmp-components.com\/product\/10043-premium-quality-double-effect-hydraulic-ram-cylinder-for-sale\/"},"modified":"2024-12-19T08:41:19","modified_gmt":"2024-12-19T08:41:19","slug":"10043-premium-quality-double-effect-hydraulic-ram-cylinder-for-sale","status":"publish","type":"product","link":"https:\/\/fmp-components.com\/pt\/product\/10043-premium-quality-double-effect-hydraulic-ram-cylinder-for-sale\/","title":{"rendered":"10043 Cilindro hidr\u00e1ulico de duplo efeito de qualidade premium para venda"},"content":{"rendered":"<p>O Cilindro Hidr\u00e1ulico de Duplo Efeito 10043 de Qualidade Premium foi projetado para aplica\u00e7\u00f5es de alto desempenho, proporcionando pot\u00eancia e versatilidade excepcionais em diversos ambientes industriais e agr\u00edcolas. Este cilindro hidr\u00e1ulico \u00e9 ideal para tarefas que exigem extens\u00e3o e retra\u00e7\u00e3o, tornando-o perfeito para levantar, empurrar e puxar cargas pesadas.<\/p>\n<h4>Principais caracter\u00edsticas:<\/h4>\n<ul>\n<li><strong>Design de dupla a\u00e7\u00e3o<\/strong>: Permite uma opera\u00e7\u00e3o eficiente nas fases de extens\u00e3o e retra\u00e7\u00e3o, maximizando a produtividade.<\/li>\n<li><strong>Constru\u00e7\u00e3o robusta<\/strong>: Constru\u00eddo com materiais de alta qualidade para suportar uso pesado e resistir ao desgaste.<\/li>\n<li><strong>Alta capacidade de carga<\/strong>: Projetado para lidar com cargas significativas com facilidade, garantindo desempenho confi\u00e1vel em ambientes exigentes.<\/li>\n<li><strong>Resist\u00eancia \u00e0 corros\u00e3o<\/strong>: Tratado com revestimentos protetores para evitar ferrugem e corros\u00e3o, aumentando a longevidade.<\/li>\n<li><strong>F\u00e1cil instala\u00e7\u00e3o<\/strong>: Projetado para montagem e integra\u00e7\u00e3o simples em sistemas existentes.<\/li>\n<\/ul>\n<p><img decoding=\"async\" class=\"aligncenter\" src=\"https:\/\/hzpt.com\/wp-content\/uploads\/2023\/12\/random-4.webp\" alt=\"\" title=\"\"><\/p>\n<h4>Benef\u00edcios:<\/h4>\n<ul>\n<li><strong>Efici\u00eancia aprimorada<\/strong>: Aumenta a efici\u00eancia operacional ao proporcionar movimento potente e suave em ambas as dire\u00e7\u00f5es.<\/li>\n<li><strong>Solu\u00e7\u00e3o econ\u00f4mica<\/strong>: O design dur\u00e1vel minimiza as necessidades de manuten\u00e7\u00e3o, garantindo confiabilidade a longo prazo.<\/li>\n<li><strong>Aplica\u00e7\u00f5es Vers\u00e1teis<\/strong>: Adequado para v\u00e1rios usos em constru\u00e7\u00e3o, agricultura e manufatura.<\/li>\n<\/ul>\n<p>O Cilindro Hidr\u00e1ulico de Duplo Efeito 10043 de Qualidade Premium \u00e9 uma escolha confi\u00e1vel para quem busca alto desempenho e durabilidade em solu\u00e7\u00f5es hidr\u00e1ulicas. Perfeito para aprimorar a capacidade do seu equipamento, \u00e9 um complemento essencial para qualquer kit de ferramentas.<\/p>\n<p>&nbsp;<\/p>\n<p>&nbsp;<\/p>\n<p><img decoding=\"async\" class=\"aligncenter\" src=\"https:\/\/hzpt.com\/wp-content\/uploads\/2023\/12\/random-3.webp\" alt=\"\" title=\"\"><\/p>\n<h2>Vantagens do Cilindro Tipo T Soldado<\/h2>\n<ul>\n<li style=\"list-style-type: none;\">\n<ul>\n<li><strong>For\u00e7a aumentada:<\/strong> Os cilindros do tipo T soldado s\u00e3o conhecidos por sua alta resist\u00eancia, tornando-os adequados para aplica\u00e7\u00f5es que exigem levantamento de peso. O processo de soldagem utilizado durante a fabrica\u00e7\u00e3o desses cilindros garante que eles estejam livres de pontos fracos e possam suportar altas press\u00f5es e tens\u00f5es.<\/li>\n<\/ul>\n<\/li>\n<\/ul>\n<p>Quando a press\u00e3o \u00e9 exercida sobre o cilindro, ela se distribui uniformemente por toda a superf\u00edcie, tornando-o resistente \u00e0 deforma\u00e7\u00e3o. Essa caracter\u00edstica garante que o cilindro mantenha sua forma e integridade estrutural mesmo em condi\u00e7\u00f5es extremas.<\/p>\n<ul>\n<li style=\"list-style-type: none;\">\n<ul>\n<li><strong>Preven\u00e7\u00e3o de vazamentos:<\/strong> Os cilindros do tipo T soldado s\u00e3o projetados para evitar vazamentos. O processo de soldagem utilizado durante a fabrica\u00e7\u00e3o garante que o cilindro fique completamente vedado e livre de poss\u00edveis vazamentos. Essa caracter\u00edstica os torna adequados para uso em aplica\u00e7\u00f5es onde vazamentos podem causar danos ou ferimentos graves.<\/li>\n<\/ul>\n<\/li>\n<\/ul>\n<p>As juntas soldadas s\u00e3o lisas, sem fendas ou ranhuras onde detritos ou sujeira podem se acumular, reduzindo o risco de corros\u00e3o e danos ao cilindro.<\/p>\n<ul>\n<li style=\"list-style-type: none;\">\n<ul>\n<li><strong>Personaliz\u00e1vel:<\/strong> Cilindros do tipo T soldado podem ser personalizados para atender a aplica\u00e7\u00f5es espec\u00edficas. Os cilindros est\u00e3o dispon\u00edveis em diferentes tamanhos e formatos e podem ser fabricados para atender aos requisitos espec\u00edficos da aplica\u00e7\u00e3o.<\/li>\n<\/ul>\n<\/li>\n<\/ul>\n<p>O processo de personaliza\u00e7\u00e3o permite que o cilindro seja otimizado para desempenho, garantindo sua adequa\u00e7\u00e3o \u00e0 aplica\u00e7\u00e3o pretendida. Essa caracter\u00edstica torna os cilindros do tipo T soldado ideais para uso em diversas aplica\u00e7\u00f5es industriais, incluindo constru\u00e7\u00e3o, minera\u00e7\u00e3o e movimenta\u00e7\u00e3o de materiais.<\/p>\n<ul>\n<li style=\"list-style-type: none;\">\n<ul>\n<li><strong>Custo-benef\u00edcio:<\/strong> Cilindros do tipo T soldado s\u00e3o mais econ\u00f4micos em compara\u00e7\u00e3o com outros tipos de cilindros. O processo de fabrica\u00e7\u00e3o usado para fabricar esses cilindros \u00e9 simples, tornando-os mais baratos do que outros tipos de cilindros.<\/li>\n<\/ul>\n<\/li>\n<\/ul>\n<p>Al\u00e9m disso, a alta resist\u00eancia e durabilidade dos cilindros tipo T soldado reduzem a necessidade de reparos e substitui\u00e7\u00f5es frequentes, economizando nos custos de manuten\u00e7\u00e3o. Essa caracter\u00edstica os torna uma escolha popular para muitos setores, especialmente aqueles com or\u00e7amento limitado.<\/p>\n<ul>\n<li style=\"list-style-type: none;\">\n<ul>\n<li><strong>Maior efici\u00eancia:<\/strong> Cilindros do tipo T soldado s\u00e3o altamente eficientes e eficazes. O design do cilindro garante que a for\u00e7a aplicada seja transferida diretamente para a carga, reduzindo a perda de energia e aumentando a efici\u00eancia.<\/li>\n<\/ul>\n<\/li>\n<\/ul>\n<p>As juntas soldadas s\u00e3o fortes e r\u00edgidas, minimizando a deflex\u00e3o e garantindo que o cilindro mantenha sua forma e integridade estrutural mesmo sob condi\u00e7\u00f5es extremas. Essa caracter\u00edstica torna os cilindros do tipo T soldado ideais para uso em aplica\u00e7\u00f5es que exigem alta efici\u00eancia e confiabilidade.<\/p>\n<h2>Aplica\u00e7\u00e3o de Cilindro Tipo T Soldado<\/h2>\n<ul>\n<li>\n<h3>M\u00e1quinas e Equipamentos Industriais<\/h3>\n<p>O cilindro tipo T\u00ea soldado \u00e9 amplamente utilizado em m\u00e1quinas e equipamentos industriais, especialmente em sistemas hidr\u00e1ulicos. O cilindro consiste em um pist\u00e3o e um tubo cil\u00edndrico, soldados entre si para formar uma \u00fanica unidade. Este projeto oferece diversas vantagens em rela\u00e7\u00e3o a outros tipos de cilindros, como maior durabilidade, maior resist\u00eancia e maior precis\u00e3o.<\/p>\n<p>Uma das aplica\u00e7\u00f5es mais importantes do Cilindro T\u00ea Soldado em m\u00e1quinas industriais \u00e9 sua capacidade de fornecer for\u00e7a consistente e precisa. Isso \u00e9 essencial para muitos processos de fabrica\u00e7\u00e3o, onde um controle preciso \u00e9 necess\u00e1rio para garantir a qualidade do produto final. O Cilindro T\u00ea Soldado tamb\u00e9m pode ser usado para regular o fluxo de fluidos em sistemas hidr\u00e1ulicos, permitindo maior efici\u00eancia e confiabilidade em uma variedade de aplica\u00e7\u00f5es industriais.<\/li>\n<li>\n<h3>Equipamentos Agr\u00edcolas<\/h3>\n<p>O Cilindro T\u00ea Soldado tamb\u00e9m \u00e9 comumente utilizado em equipamentos agr\u00edcolas, como tratores e colheitadeiras. Essas m\u00e1quinas exigem sistemas hidr\u00e1ulicos potentes e confi\u00e1veis para operar com efici\u00eancia, e o Cilindro T\u00ea Soldado \u00e9 a escolha ideal para essa finalidade.<\/p>\n<p>A constru\u00e7\u00e3o robusta e a alta resist\u00eancia do cilindro o tornam altamente resistente ao desgaste, mesmo em condi\u00e7\u00f5es operacionais adversas. Isso o torna a escolha ideal para uso em equipamentos agr\u00edcolas, onde a durabilidade \u00e9 um fator crucial. O Cilindro Tipo T Soldado tamb\u00e9m pode ser usado para fornecer o controle preciso necess\u00e1rio para muitos processos agr\u00edcolas, como plantio, colheita e irriga\u00e7\u00e3o.<\/li>\n<li>\n<h3>Equipamentos de constru\u00e7\u00e3o<\/h3>\n<p>O cilindro tipo T\u00ea soldado tamb\u00e9m \u00e9 amplamente utilizado em equipamentos de constru\u00e7\u00e3o, como escavadeiras, retroescavadeiras e tratores de esteira. Essas m\u00e1quinas exigem sistemas hidr\u00e1ulicos potentes e confi\u00e1veis para executar tarefas pesadas, como escavar, levantar e empurrar cargas pesadas.<\/p>\n<p>A alta resist\u00eancia e durabilidade do Cilindro T\u00ea Soldado o tornam a escolha ideal para uso em equipamentos de constru\u00e7\u00e3o. Sua capacidade de fornecer controle preciso e for\u00e7a consistente \u00e9 essencial para diversos processos de constru\u00e7\u00e3o, como escava\u00e7\u00e3o, nivelamento e pavimenta\u00e7\u00e3o. O Cilindro T\u00ea Soldado tamb\u00e9m pode ser usado para regular o fluxo de fluidos em sistemas hidr\u00e1ulicos, melhorando a efici\u00eancia e a confiabilidade dos equipamentos de constru\u00e7\u00e3o em diversas aplica\u00e7\u00f5es.<\/li>\n<\/ul>\n<h3>Sobre a FMP<\/h3>\n<p>A FMP, com mais de 30 anos de atua\u00e7\u00e3o na It\u00e1lia, \u00e9 l\u00edder na fabrica\u00e7\u00e3o e fornecimento de Cilindros Hidr\u00e1ulicos. Somos especializados na produ\u00e7\u00e3o e personaliza\u00e7\u00e3o de diversos tipos de Cilindros Hidr\u00e1ulicos para atender \u00e0s necessidades espec\u00edficas de nossos clientes. Com forte foco na qualidade e na satisfa\u00e7\u00e3o do cliente, conquistamos a reputa\u00e7\u00e3o de fornecer produtos confi\u00e1veis \u200b\u200be de alto desempenho.<\/p>\n<p><img decoding=\"async\" src=\"https:\/\/fmp-components.com\/wp-content\/uploads\/2024\/12\/fmp-factory-4.webp\" alt=\"F\u00e1brica de FMP\" width=\"800\" title=\"\"><\/p>\n<p>Aqui est\u00e3o cinco vantagens principais de escolher a FMP para suas necessidades de cilindros hidr\u00e1ulicos:<\/p>\n<ol>\n<li>Equipamentos abrangentes: com mais de 100 equipamentos de ponta, incluindo m\u00e1quinas de solda autom\u00e1ticas com prote\u00e7\u00e3o a g\u00e1s, m\u00e1quinas de perfura\u00e7\u00e3o de furos profundos, tornos CNC, retificadoras cil\u00edndricas, m\u00e1quinas de limpeza autom\u00e1tica, m\u00e1quinas de instala\u00e7\u00e3o autom\u00e1tica, bancadas de teste de desempenho de cilindros hidr\u00e1ulicos autom\u00e1ticos e linhas de pintura autom\u00e1ticas, garantimos processos de fabrica\u00e7\u00e3o eficientes e precisos.<\/li>\n<li>Rigoroso controle de qualidade: Cada cilindro hidr\u00e1ulico passa por rigoroso processamento e inspe\u00e7\u00e3o para garantir uma qualidade excepcional. Seguimos rigorosos padr\u00f5es de qualidade para fornecer produtos confi\u00e1veis \u200b\u200be dur\u00e1veis \u200b\u200baos nossos clientes.<\/li>\n<li>Servi\u00e7os de Design: Nossa experiente equipe de design est\u00e1 preparada para lidar com o design e o desenvolvimento de produtos. Seja para atender a requisitos espec\u00edficos para novos produtos ou buscar melhorias em produtos existentes, estamos aqui para apoi\u00e1-lo com solu\u00e7\u00f5es inovadoras.<\/li>\n<li>Servi\u00e7o de produto abrangente: da sele\u00e7\u00e3o da mat\u00e9ria-prima ao corte, processamento bruto, testes, limpeza, montagem, embalagem e transporte, temos um processo simplificado para garantir produ\u00e7\u00e3o e entrega eficientes.<\/li>\n<li>Pesquisa e Desenvolvimento: Mantemo-nos atualizados com as tend\u00eancias do mercado e estudamos continuamente as necessidades em evolu\u00e7\u00e3o da ind\u00fastria. Isso nos permite desenvolver novos modelos e tecnologias para atender \u00e0s demandas do mercado.<\/li>\n<\/ol>\n<p>Na FMP, nos orgulhamos de fornecer Cilindros Hidr\u00e1ulicos de alta qualidade e oferecer um excelente atendimento ao cliente. Sejam produtos padr\u00e3o ou solu\u00e7\u00f5es personalizadas, temos o compromisso de atender \u00e0s suas necessidades de cilindros hidr\u00e1ulicos com precis\u00e3o e confiabilidade.<\/p>\n<p>Autor: CX<\/p>","protected":false},"excerpt":{"rendered":"<p>The 10043 Premium Quality Double Effect Hydraulic Ram Cylinder is designed for high-performance applications, providing exceptional power and versatility in various industrial and agricultural settings. This hydraulic ram cylinder is ideal for tasks that require both extension and retraction, making it perfect for lifting, pushing, and pulling heavy loads. Key Features: Double-Acting Design: Allows for [&hellip;]<\/p>","protected":false},"featured_media":1132,"comment_status":"closed","ping_status":"closed","template":"","meta":{"_et_pb_use_builder":"","_et_pb_old_content":"","_et_gb_content_width":""},"product_brand":[],"product_cat":[31],"product_tag":[34,35],"class_list":{"0":"post-963","1":"product","2":"type-product","3":"status-publish","4":"has-post-thumbnail","6":"product_cat-welded-tee-type-cylinder","7":"product_tag-hydraulic-cylinder","8":"product_tag-welded-tee-type-cylinder","10":"first","11":"instock","12":"product-type-simple"},"_links":{"self":[{"href":"https:\/\/fmp-components.com\/pt\/wp-json\/wp\/v2\/product\/963","targetHints":{"allow":["GET"]}}],"collection":[{"href":"https:\/\/fmp-components.com\/pt\/wp-json\/wp\/v2\/product"}],"about":[{"href":"https:\/\/fmp-components.com\/pt\/wp-json\/wp\/v2\/types\/product"}],"replies":[{"embeddable":true,"href":"https:\/\/fmp-components.com\/pt\/wp-json\/wp\/v2\/comments?post=963"}],"wp:featuredmedia":[{"embeddable":true,"href":"https:\/\/fmp-components.com\/pt\/wp-json\/wp\/v2\/media\/1132"}],"wp:attachment":[{"href":"https:\/\/fmp-components.com\/pt\/wp-json\/wp\/v2\/media?parent=963"}],"wp:term":[{"taxonomy":"product_brand","embeddable":true,"href":"https:\/\/fmp-components.com\/pt\/wp-json\/wp\/v2\/product_brand?post=963"},{"taxonomy":"product_cat","embeddable":true,"href":"https:\/\/fmp-components.com\/pt\/wp-json\/wp\/v2\/product_cat?post=963"},{"taxonomy":"product_tag","embeddable":true,"href":"https:\/\/fmp-components.com\/pt\/wp-json\/wp\/v2\/product_tag?post=963"}],"curies":[{"name":"wp","href":"https:\/\/api.w.org\/{rel}","templated":true}]}}