{"id":960,"date":"2024-12-19T03:40:23","date_gmt":"2024-12-19T03:40:23","guid":{"rendered":"https:\/\/fmp-components.com\/product\/10040-professional-small-piston-hydraulic-cylinders-for-agriculture\/"},"modified":"2024-12-19T08:39:23","modified_gmt":"2024-12-19T08:39:23","slug":"10040-professional-small-piston-hydraulic-cylinders-for-agriculture","status":"publish","type":"product","link":"https:\/\/fmp-components.com\/pt\/product\/10040-professional-small-piston-hydraulic-cylinders-for-agriculture\/","title":{"rendered":"10040 Cilindros Hidr\u00e1ulicos Profissionais de Pist\u00e3o Pequeno para Agricultura"},"content":{"rendered":"<p>Os Cilindros Hidr\u00e1ulicos Profissionais de Pist\u00e3o Pequeno 10040 s\u00e3o projetados para aplica\u00e7\u00f5es agr\u00edcolas, oferecendo desempenho confi\u00e1vel e durabilidade. Projetados para levantar, empurrar e puxar cargas pesadas com efici\u00eancia, estes cilindros hidr\u00e1ulicos s\u00e3o ideais para diversos equipamentos agr\u00edcolas, incluindo tratores, colheitadeiras e outras m\u00e1quinas.<\/p>\n<h4>Principais caracter\u00edsticas:<\/h4>\n<ul>\n<li><strong>Design compacto<\/strong>: O pequeno tamanho do pist\u00e3o permite f\u00e1cil integra\u00e7\u00e3o em espa\u00e7os apertados, mantendo ao mesmo tempo capacidades de eleva\u00e7\u00e3o robustas.<\/li>\n<li><strong>Alta Efici\u00eancia<\/strong>: Projetado para otimizar o fluxo de fluido hidr\u00e1ulico, garantindo uma opera\u00e7\u00e3o suave e eficiente.<\/li>\n<li><strong>Constru\u00e7\u00e3o dur\u00e1vel<\/strong>: Feito de materiais de alta qualidade que resistem ao desgaste, garantindo longevidade mesmo em ambientes exigentes.<\/li>\n<li><strong>Aplica\u00e7\u00f5es Vers\u00e1teis<\/strong>: Adequado para uma ampla gama de tarefas agr\u00edcolas, desde eleva\u00e7\u00e3o de implementos at\u00e9 alimenta\u00e7\u00e3o de sistemas hidr\u00e1ulicos.<\/li>\n<li><strong>F\u00e1cil instala\u00e7\u00e3o<\/strong>: Design f\u00e1cil de usar com op\u00e7\u00f5es de montagem simples para uma configura\u00e7\u00e3o sem complica\u00e7\u00f5es.<\/li>\n<\/ul>\n<p><img decoding=\"async\" src=\"https:\/\/hzpt.com\/wp-content\/uploads\/2023\/12\/random-1.webp?v=1694163707\" alt=\"\" title=\"\"><\/p>\n<h4>Benef\u00edcios:<\/h4>\n<ul>\n<li><strong>Aumento da produtividade<\/strong>: Aumentar a efici\u00eancia operacional em tarefas agr\u00edcolas.<\/li>\n<li><strong>Custo-benef\u00edcio<\/strong>: Reduz a necessidade de manuten\u00e7\u00e3o extensa devido ao seu design dur\u00e1vel.<\/li>\n<li><strong>Recursos de seguran\u00e7a<\/strong>: Incorpora mecanismos de seguran\u00e7a para evitar sobrecarga e garantir uma opera\u00e7\u00e3o segura.<\/li>\n<\/ul>\n<p>Esses cilindros hidr\u00e1ulicos s\u00e3o um componente essencial para pr\u00e1ticas agr\u00edcolas modernas, proporcionando o desempenho e a confiabilidade necess\u00e1rios para opera\u00e7\u00f5es agr\u00edcolas bem-sucedidas.<\/p>\n<h2>Vantagens do Cilindro Tipo T Soldado<\/h2>\n<ul>\n<li style=\"list-style-type: none;\">\n<ul>\n<li><strong>For\u00e7a aumentada:<\/strong> Os cilindros do tipo T soldado s\u00e3o conhecidos por sua alta resist\u00eancia, tornando-os adequados para aplica\u00e7\u00f5es que exigem levantamento de peso. O processo de soldagem utilizado durante a fabrica\u00e7\u00e3o desses cilindros garante que eles estejam livres de pontos fracos e possam suportar altas press\u00f5es e tens\u00f5es.<\/li>\n<\/ul>\n<\/li>\n<\/ul>\n<p>Quando a press\u00e3o \u00e9 exercida sobre o cilindro, ela se distribui uniformemente por toda a superf\u00edcie, tornando-o resistente \u00e0 deforma\u00e7\u00e3o. Essa caracter\u00edstica garante que o cilindro mantenha sua forma e integridade estrutural mesmo em condi\u00e7\u00f5es extremas.<\/p>\n<ul>\n<li style=\"list-style-type: none;\">\n<ul>\n<li><strong>Preven\u00e7\u00e3o de vazamentos:<\/strong> Os cilindros do tipo T soldado s\u00e3o projetados para evitar vazamentos. O processo de soldagem utilizado durante a fabrica\u00e7\u00e3o garante que o cilindro fique completamente vedado e livre de poss\u00edveis vazamentos. Essa caracter\u00edstica os torna adequados para uso em aplica\u00e7\u00f5es onde vazamentos podem causar danos ou ferimentos graves.<\/li>\n<\/ul>\n<\/li>\n<\/ul>\n<p>As juntas soldadas s\u00e3o lisas, sem fendas ou ranhuras onde detritos ou sujeira podem se acumular, reduzindo o risco de corros\u00e3o e danos ao cilindro.<\/p>\n<ul>\n<li style=\"list-style-type: none;\">\n<ul>\n<li><strong>Personaliz\u00e1vel:<\/strong> Cilindros do tipo T soldado podem ser personalizados para atender a aplica\u00e7\u00f5es espec\u00edficas. Os cilindros est\u00e3o dispon\u00edveis em diferentes tamanhos e formatos e podem ser fabricados para atender aos requisitos espec\u00edficos da aplica\u00e7\u00e3o.<\/li>\n<\/ul>\n<\/li>\n<\/ul>\n<p>O processo de personaliza\u00e7\u00e3o permite que o cilindro seja otimizado para desempenho, garantindo sua adequa\u00e7\u00e3o \u00e0 aplica\u00e7\u00e3o pretendida. Essa caracter\u00edstica torna os cilindros do tipo T soldado ideais para uso em diversas aplica\u00e7\u00f5es industriais, incluindo constru\u00e7\u00e3o, minera\u00e7\u00e3o e movimenta\u00e7\u00e3o de materiais.<\/p>\n<ul>\n<li style=\"list-style-type: none;\">\n<ul>\n<li><strong>Custo-benef\u00edcio:<\/strong> Cilindros do tipo T soldado s\u00e3o mais econ\u00f4micos em compara\u00e7\u00e3o com outros tipos de cilindros. O processo de fabrica\u00e7\u00e3o usado para fabricar esses cilindros \u00e9 simples, tornando-os mais baratos do que outros tipos de cilindros.<\/li>\n<\/ul>\n<\/li>\n<\/ul>\n<p>Al\u00e9m disso, a alta resist\u00eancia e durabilidade dos cilindros tipo T soldado reduzem a necessidade de reparos e substitui\u00e7\u00f5es frequentes, economizando nos custos de manuten\u00e7\u00e3o. Essa caracter\u00edstica os torna uma escolha popular para muitos setores, especialmente aqueles com or\u00e7amento limitado.<\/p>\n<ul>\n<li style=\"list-style-type: none;\">\n<ul>\n<li><strong>Maior efici\u00eancia:<\/strong> Cilindros do tipo T soldado s\u00e3o altamente eficientes e eficazes. O design do cilindro garante que a for\u00e7a aplicada seja transferida diretamente para a carga, reduzindo a perda de energia e aumentando a efici\u00eancia.<\/li>\n<\/ul>\n<\/li>\n<\/ul>\n<p>As juntas soldadas s\u00e3o fortes e r\u00edgidas, minimizando a deflex\u00e3o e garantindo que o cilindro mantenha sua forma e integridade estrutural mesmo sob condi\u00e7\u00f5es extremas. Essa caracter\u00edstica torna os cilindros do tipo T soldado ideais para uso em aplica\u00e7\u00f5es que exigem alta efici\u00eancia e confiabilidade.<\/p>\n<p><img decoding=\"async\" class=\"aligncenter\" src=\"https:\/\/hzpt.com\/wp-content\/uploads\/2023\/12\/random-4.webp\" alt=\"\" title=\"\"><\/p>\n<h2>Aplica\u00e7\u00e3o de Cilindro Tipo T Soldado<\/h2>\n<ol>\n<li>\n<h3>Ind\u00fastria automotiva<\/h3>\n<p>Cilindros tipo T\u00ea soldados s\u00e3o amplamente utilizados na ind\u00fastria automotiva. S\u00e3o utilizados em portas de autom\u00f3veis, elevadores de cap\u00f4 e porta-malas, tetos convers\u00edveis e sistemas de dire\u00e7\u00e3o hidr\u00e1ulica. Esses cilindros s\u00e3o preferidos devido \u00e0 sua capacidade de fornecer alta pot\u00eancia com baixa necessidade de espa\u00e7o. O projeto do cilindro tipo T\u00ea \u00e9 adequado para aplica\u00e7\u00f5es em que a for\u00e7a precisa ser transferida em duas dire\u00e7\u00f5es diferentes.<\/p>\n<p>Al\u00e9m disso, a constru\u00e7\u00e3o soldada desses cilindros permite que operem em altas temperaturas e press\u00f5es sem vazamentos, o que os torna adequados para uso em motores, transmiss\u00f5es e sistemas de freios.<\/li>\n<li>\n<h3>Ind\u00fastria de manufatura<\/h3>\n<p>Cilindros tipo T\u00ea soldados tamb\u00e9m s\u00e3o utilizados na ind\u00fastria de manufatura. S\u00e3o utilizados em prensas hidr\u00e1ulicas, m\u00e1quinas de forjamento e m\u00e1quinas de corte de metal. A alta pot\u00eancia de sa\u00edda desses cilindros os torna ideais para aplica\u00e7\u00f5es que exigem muita for\u00e7a em um espa\u00e7o pequeno.<\/p>\n<p>O design do cilindro tipo T tamb\u00e9m \u00e9 adequado para aplica\u00e7\u00f5es em que a for\u00e7a precisa ser transferida em duas dire\u00e7\u00f5es diferentes. Por exemplo, em uma prensa hidr\u00e1ulica, o cilindro tipo T pode ser usado para aplicar for\u00e7a tanto vertical quanto horizontalmente, permitindo processos de fabrica\u00e7\u00e3o mais complexos.<\/li>\n<li>\n<h3>Ind\u00fastria aeroespacial<\/h3>\n<p>Cilindros tipo T\u00ea Soldado s\u00e3o utilizados na ind\u00fastria aeroespacial para uma variedade de aplica\u00e7\u00f5es. S\u00e3o utilizados em sistemas de trem de pouso, portas de carga e sistemas de controle de voo. A alta pot\u00eancia e o design compacto desses cilindros os tornam ideais para uso no espa\u00e7o limitado dispon\u00edvel em uma aeronave.<\/p>\n<p>A constru\u00e7\u00e3o soldada desses cilindros tamb\u00e9m os torna resistentes \u00e0s altas press\u00f5es e temperaturas experimentadas durante o voo. Al\u00e9m disso, o design do cilindro tipo T permite que a for\u00e7a seja transferida em duas dire\u00e7\u00f5es diferentes, tornando-o ideal para aplica\u00e7\u00f5es em que a for\u00e7a precisa ser aplicada em \u00e2ngulo.<\/li>\n<li>\n<h3>Ind\u00fastria da Constru\u00e7\u00e3o<\/h3>\n<p>Cilindros tipo T\u00ea Soldado s\u00e3o utilizados na ind\u00fastria da constru\u00e7\u00e3o para aplica\u00e7\u00f5es de eleva\u00e7\u00e3o e movimenta\u00e7\u00e3o de cargas pesadas. S\u00e3o utilizados em guindastes, escavadeiras e retroescavadeiras. A alta pot\u00eancia de sa\u00edda e o design compacto desses cilindros os tornam ideais para uso em espa\u00e7os limitados em canteiros de obras.<\/p>\n<p>O design do cilindro tipo T permite que a for\u00e7a seja transferida em duas dire\u00e7\u00f5es diferentes, tornando-o ideal para aplica\u00e7\u00f5es onde a for\u00e7a precisa ser aplicada em \u00e2ngulo. Al\u00e9m disso, a constru\u00e7\u00e3o soldada desses cilindros permite que operem em altas press\u00f5es e temperaturas sem vazamentos, tornando-os adequados para uso em ambientes externos adversos.<\/li>\n<\/ol>\n<h3>Sobre a FMP<\/h3>\n<p>A FMP \u00e9 l\u00edder na fabrica\u00e7\u00e3o e fornecimento de Cilindros Hidr\u00e1ulicos, com mais de 30 anos de experi\u00eancia no setor. Nossa unidade industrial est\u00e1 localizada na It\u00e1lia e contamos com mais de 100 equipamentos para garantir produtos de alta qualidade e entrega pontual aos nossos clientes.<\/p>\n<h4>Nossos produtos e vantagens da empresa<\/h4>\n<p>1. Ampla gama de cilindros hidr\u00e1ulicos<\/p>\n<p>Nossos cilindros hidr\u00e1ulicos incluem cilindros de brinco, cilindros hidr\u00e1ulicos telesc\u00f3picos autom\u00e1ticos bidirecionais e muitos outros tipos. Cada cilindro hidr\u00e1ulico passa por rigorosos processos e inspe\u00e7\u00f5es para garantir a qualidade.<\/p>\n<p><img decoding=\"async\" src=\"https:\/\/fmp-components.com\/wp-content\/uploads\/2024\/12\/fmp-factory-4.webp\" alt=\"F\u00e1brica de FMP\" width=\"800\" title=\"\"><\/p>\n<p>2. Servi\u00e7o de Design<\/p>\n<p>Nossa equipe de design possui vasta experi\u00eancia em projeto e desenvolvimento de produtos de eixo universal. Somos capazes de atender \u00e0s necessidades dos clientes em rela\u00e7\u00e3o a novos produtos ou melhorias adicionais.<\/p>\n<p>3. Servi\u00e7o de produto abrangente<\/p>\n<p>Oferecemos um servi\u00e7o completo de produtos, desde a mat\u00e9ria-prima at\u00e9 o corte, processamento bruto, testes, limpeza, montagem, embalagem e transporte. Isso garante que nossos clientes recebam um produto confi\u00e1vel e com garantia de qualidade.<\/p>\n<p>4. Processo de Amostra<\/p>\n<p>Podemos desenvolver amostras de acordo com suas necessidades e modific\u00e1-las constantemente para atender \u00e0s suas necessidades. Isso lhe d\u00e1 a oportunidade de avaliar completamente o produto antes de efetuar a compra.<\/p>\n<p>5. Capacidade de P&amp;D<\/p>\n<p>Nossa empresa se dedica \u00e0 melhoria cont\u00ednua e \u00e0 inova\u00e7\u00e3o. Quando surgem novas necessidades no mercado, n\u00f3s as estudamos e desenvolvemos novos modelos para atender \u00e0s necessidades dos nossos clientes.<\/p>\n<p>A parceria com a FMP significa trabalhar com um fornecedor confi\u00e1vel e focado em qualidade. Temos o compromisso de oferecer aos nossos clientes os melhores produtos e servi\u00e7os poss\u00edveis para ajud\u00e1-los a prosperar em seus neg\u00f3cios.<\/p>\n<p>Autor: CX<\/p>","protected":false},"excerpt":{"rendered":"<p>The 10040 Professional Small Piston Hydraulic Cylinders are engineered for agricultural applications, offering reliable performance and durability. These hydraulic cylinders are designed to efficiently lift, push, and pull heavy loads, making them ideal for various farming equipment, including tractors, harvesters, and other machinery. Key Features: Compact Design: The small piston size allows for easy integration [&hellip;]<\/p>","protected":false},"featured_media":1133,"comment_status":"closed","ping_status":"closed","template":"","meta":{"_et_pb_use_builder":"","_et_pb_old_content":"","_et_gb_content_width":""},"product_brand":[],"product_cat":[31],"product_tag":[34,35],"class_list":{"0":"post-960","1":"product","2":"type-product","3":"status-publish","4":"has-post-thumbnail","6":"product_cat-welded-tee-type-cylinder","7":"product_tag-hydraulic-cylinder","8":"product_tag-welded-tee-type-cylinder","10":"first","11":"instock","12":"product-type-simple"},"_links":{"self":[{"href":"https:\/\/fmp-components.com\/pt\/wp-json\/wp\/v2\/product\/960","targetHints":{"allow":["GET"]}}],"collection":[{"href":"https:\/\/fmp-components.com\/pt\/wp-json\/wp\/v2\/product"}],"about":[{"href":"https:\/\/fmp-components.com\/pt\/wp-json\/wp\/v2\/types\/product"}],"replies":[{"embeddable":true,"href":"https:\/\/fmp-components.com\/pt\/wp-json\/wp\/v2\/comments?post=960"}],"wp:featuredmedia":[{"embeddable":true,"href":"https:\/\/fmp-components.com\/pt\/wp-json\/wp\/v2\/media\/1133"}],"wp:attachment":[{"href":"https:\/\/fmp-components.com\/pt\/wp-json\/wp\/v2\/media?parent=960"}],"wp:term":[{"taxonomy":"product_brand","embeddable":true,"href":"https:\/\/fmp-components.com\/pt\/wp-json\/wp\/v2\/product_brand?post=960"},{"taxonomy":"product_cat","embeddable":true,"href":"https:\/\/fmp-components.com\/pt\/wp-json\/wp\/v2\/product_cat?post=960"},{"taxonomy":"product_tag","embeddable":true,"href":"https:\/\/fmp-components.com\/pt\/wp-json\/wp\/v2\/product_tag?post=960"}],"curies":[{"name":"wp","href":"https:\/\/api.w.org\/{rel}","templated":true}]}}