{"id":950,"date":"2024-12-19T03:39:43","date_gmt":"2024-12-19T03:39:43","guid":{"rendered":"https:\/\/fmp-components.com\/product\/10030-high-quality-tractor-cylinders-hydraulic-double-acting\/"},"modified":"2024-12-26T08:58:58","modified_gmt":"2024-12-26T08:58:58","slug":"10030-high-quality-tractor-cylinders-hydraulic-double-acting","status":"publish","type":"product","link":"https:\/\/fmp-components.com\/pt\/product\/10030-high-quality-tractor-cylinders-hydraulic-double-acting\/","title":{"rendered":"10030 Cilindros hidr\u00e1ulicos de dupla a\u00e7\u00e3o de alta qualidade para tratores"},"content":{"rendered":"<p>Os Cilindros de Trator de Alta Qualidade 10030 s\u00e3o projetados para desempenho superior em aplica\u00e7\u00f5es agr\u00edcolas, proporcionando a\u00e7\u00e3o hidr\u00e1ulica confi\u00e1vel e eficiente para tratores. Este cilindro hidr\u00e1ulico de dupla a\u00e7\u00e3o foi projetado para aprimorar a funcionalidade e a efic\u00e1cia do seu equipamento agr\u00edcola.<\/p>\n<h4>Principais caracter\u00edsticas:<\/h4>\n<ul>\n<li><strong>Mecanismo de dupla a\u00e7\u00e3o<\/strong>: Permite uma opera\u00e7\u00e3o potente tanto na extens\u00e3o quanto na retra\u00e7\u00e3o, permitindo controle preciso durante diversas tarefas.<\/li>\n<li><strong>Constru\u00e7\u00e3o de alta qualidade<\/strong>: Fabricado com materiais premium para garantir durabilidade e confiabilidade sob cargas pesadas e condi\u00e7\u00f5es desafiadoras.<\/li>\n<li><strong>Alta capacidade de carga<\/strong>: Projetado para lidar com for\u00e7as substanciais, tornando-o ideal para aplica\u00e7\u00f5es agr\u00edcolas exigentes.<\/li>\n<li><strong>Acabamento resistente \u00e0 corros\u00e3o<\/strong>: Revestido para proteger contra ferrugem e corros\u00e3o, garantindo desempenho duradouro em ambientes externos.<\/li>\n<li><strong>F\u00e1cil instala\u00e7\u00e3o<\/strong>: Projetado para integra\u00e7\u00e3o direta em sistemas de tratores existentes, minimizando o tempo de configura\u00e7\u00e3o e aumentando a produtividade.<\/li>\n<\/ul>\n<p><img decoding=\"async\" src=\"https:\/\/hzpt.com\/wp-content\/uploads\/2023\/12\/random-2.webp\" alt=\"\" title=\"\"><\/p>\n<h4>Benef\u00edcios:<\/h4>\n<ul>\n<li><strong>Efici\u00eancia aumentada<\/strong>: Otimiza a opera\u00e7\u00e3o dos tratores, facilitando a\u00e7\u00f5es suaves de eleva\u00e7\u00e3o e abaixamento para maior produtividade.<\/li>\n<li><strong>Aplica\u00e7\u00f5es Vers\u00e1teis<\/strong>: Adequado para diversas tarefas agr\u00edcolas, tornando-o uma escolha vers\u00e1til para agricultores e operadores.<\/li>\n<li><strong>Manuten\u00e7\u00e3o reduzida<\/strong>: O design dur\u00e1vel minimiza o desgaste, resultando em menores custos de manuten\u00e7\u00e3o e maior tempo de atividade.<\/li>\n<\/ul>\n<p>Os Cilindros Hidr\u00e1ulicos de Dupla A\u00e7\u00e3o 10030 de Alta Qualidade para Tratores s\u00e3o um componente vital para m\u00e1quinas agr\u00edcolas modernas, garantindo desempenho e efici\u00eancia confi\u00e1veis. Sua constru\u00e7\u00e3o robusta e funcionalidade confi\u00e1vel fazem dele um excelente investimento para qualquer opera\u00e7\u00e3o agr\u00edcola.<\/p>\n<p><img decoding=\"async\" src=\"https:\/\/hzpt.com\/wp-content\/uploads\/2023\/12\/random-4.webp\" alt=\"\" title=\"\"><\/p>\n<h2>Vantagens do Cilindro Tipo T Soldado<\/h2>\n<ul>\n<li style=\"list-style-type: none;\">\n<ul>\n<li><strong>For\u00e7a aumentada:<\/strong> Os cilindros do tipo T soldado s\u00e3o conhecidos por sua alta resist\u00eancia, tornando-os adequados para aplica\u00e7\u00f5es que exigem levantamento de peso. O processo de soldagem utilizado durante a fabrica\u00e7\u00e3o desses cilindros garante que eles estejam livres de pontos fracos e possam suportar altas press\u00f5es e tens\u00f5es.<\/li>\n<\/ul>\n<\/li>\n<\/ul>\n<p>Quando a press\u00e3o \u00e9 exercida sobre o cilindro, ela se distribui uniformemente por toda a superf\u00edcie, tornando-o resistente \u00e0 deforma\u00e7\u00e3o. Essa caracter\u00edstica garante que o cilindro mantenha sua forma e integridade estrutural mesmo em condi\u00e7\u00f5es extremas.<\/p>\n<ul>\n<li style=\"list-style-type: none;\">\n<ul>\n<li><strong>Preven\u00e7\u00e3o de vazamentos:<\/strong> Os cilindros do tipo T soldado s\u00e3o projetados para evitar vazamentos. O processo de soldagem utilizado durante a fabrica\u00e7\u00e3o garante que o cilindro fique completamente vedado e livre de poss\u00edveis vazamentos. Essa caracter\u00edstica os torna adequados para uso em aplica\u00e7\u00f5es onde vazamentos podem causar danos ou ferimentos graves.<\/li>\n<\/ul>\n<\/li>\n<\/ul>\n<p>As juntas soldadas s\u00e3o lisas, sem fendas ou ranhuras onde detritos ou sujeira podem se acumular, reduzindo o risco de corros\u00e3o e danos ao cilindro.<\/p>\n<ul>\n<li style=\"list-style-type: none;\">\n<ul>\n<li><strong>Personaliz\u00e1vel:<\/strong> Cilindros do tipo T soldado podem ser personalizados para atender a aplica\u00e7\u00f5es espec\u00edficas. Os cilindros est\u00e3o dispon\u00edveis em diferentes tamanhos e formatos e podem ser fabricados para atender aos requisitos espec\u00edficos da aplica\u00e7\u00e3o.<\/li>\n<\/ul>\n<\/li>\n<\/ul>\n<p>O processo de personaliza\u00e7\u00e3o permite que o cilindro seja otimizado para desempenho, garantindo sua adequa\u00e7\u00e3o \u00e0 aplica\u00e7\u00e3o pretendida. Essa caracter\u00edstica torna os cilindros do tipo T soldado ideais para uso em diversas aplica\u00e7\u00f5es industriais, incluindo constru\u00e7\u00e3o, minera\u00e7\u00e3o e movimenta\u00e7\u00e3o de materiais.<\/p>\n<ul>\n<li style=\"list-style-type: none;\">\n<ul>\n<li><strong>Custo-benef\u00edcio:<\/strong> Cilindros do tipo T soldado s\u00e3o mais econ\u00f4micos em compara\u00e7\u00e3o com outros tipos de cilindros. O processo de fabrica\u00e7\u00e3o usado para fabricar esses cilindros \u00e9 simples, tornando-os mais baratos do que outros tipos de cilindros.<\/li>\n<\/ul>\n<\/li>\n<\/ul>\n<p>Al\u00e9m disso, a alta resist\u00eancia e durabilidade dos cilindros tipo T soldado reduzem a necessidade de reparos e substitui\u00e7\u00f5es frequentes, economizando nos custos de manuten\u00e7\u00e3o. Essa caracter\u00edstica os torna uma escolha popular para muitos setores, especialmente aqueles com or\u00e7amento limitado.<\/p>\n<ul>\n<li style=\"list-style-type: none;\">\n<ul>\n<li><strong>Maior efici\u00eancia:<\/strong> Cilindros do tipo T soldado s\u00e3o altamente eficientes e eficazes. O design do cilindro garante que a for\u00e7a aplicada seja transferida diretamente para a carga, reduzindo a perda de energia e aumentando a efici\u00eancia.<\/li>\n<\/ul>\n<\/li>\n<\/ul>\n<p>As juntas soldadas s\u00e3o fortes e r\u00edgidas, minimizando a deflex\u00e3o e garantindo que o cilindro mantenha sua forma e integridade estrutural mesmo sob condi\u00e7\u00f5es extremas. Essa caracter\u00edstica torna os cilindros do tipo T soldado ideais para uso em aplica\u00e7\u00f5es que exigem alta efici\u00eancia e confiabilidade.<\/p>\n<h2>Aplica\u00e7\u00e3o de Cilindro Tipo T Soldado<\/h2>\n<ul>\n<li>\n<h3>M\u00e1quinas e Equipamentos Industriais<\/h3>\n<p>O cilindro tipo T\u00ea soldado \u00e9 amplamente utilizado em m\u00e1quinas e equipamentos industriais, especialmente em sistemas hidr\u00e1ulicos. O cilindro consiste em um pist\u00e3o e um tubo cil\u00edndrico, soldados entre si para formar uma \u00fanica unidade. Este projeto oferece diversas vantagens em rela\u00e7\u00e3o a outros tipos de cilindros, como maior durabilidade, maior resist\u00eancia e maior precis\u00e3o.<\/p>\n<p>Uma das aplica\u00e7\u00f5es mais importantes do Cilindro T\u00ea Soldado em m\u00e1quinas industriais \u00e9 sua capacidade de fornecer for\u00e7a consistente e precisa. Isso \u00e9 essencial para muitos processos de fabrica\u00e7\u00e3o, onde um controle preciso \u00e9 necess\u00e1rio para garantir a qualidade do produto final. O Cilindro T\u00ea Soldado tamb\u00e9m pode ser usado para regular o fluxo de fluidos em sistemas hidr\u00e1ulicos, permitindo maior efici\u00eancia e confiabilidade em uma variedade de aplica\u00e7\u00f5es industriais.<\/li>\n<li>\n<h3>Equipamentos Agr\u00edcolas<\/h3>\n<p>O Cilindro T\u00ea Soldado tamb\u00e9m \u00e9 comumente utilizado em equipamentos agr\u00edcolas, como tratores e colheitadeiras. Essas m\u00e1quinas exigem sistemas hidr\u00e1ulicos potentes e confi\u00e1veis para operar com efici\u00eancia, e o Cilindro T\u00ea Soldado \u00e9 a escolha ideal para essa finalidade.<\/p>\n<p>A constru\u00e7\u00e3o robusta e a alta resist\u00eancia do cilindro o tornam altamente resistente ao desgaste, mesmo em condi\u00e7\u00f5es operacionais adversas. Isso o torna a escolha ideal para uso em equipamentos agr\u00edcolas, onde a durabilidade \u00e9 um fator crucial. O Cilindro Tipo T Soldado tamb\u00e9m pode ser usado para fornecer o controle preciso necess\u00e1rio para muitos processos agr\u00edcolas, como plantio, colheita e irriga\u00e7\u00e3o.<\/li>\n<li>\n<h3>Equipamentos de constru\u00e7\u00e3o<\/h3>\n<p>O cilindro tipo T\u00ea soldado tamb\u00e9m \u00e9 amplamente utilizado em equipamentos de constru\u00e7\u00e3o, como escavadeiras, retroescavadeiras e tratores de esteira. Essas m\u00e1quinas exigem sistemas hidr\u00e1ulicos potentes e confi\u00e1veis para executar tarefas pesadas, como escavar, levantar e empurrar cargas pesadas.<\/p>\n<p>A alta resist\u00eancia e durabilidade do Cilindro T\u00ea Soldado o tornam a escolha ideal para uso em equipamentos de constru\u00e7\u00e3o. Sua capacidade de fornecer controle preciso e for\u00e7a consistente \u00e9 essencial para diversos processos de constru\u00e7\u00e3o, como escava\u00e7\u00e3o, nivelamento e pavimenta\u00e7\u00e3o. O Cilindro T\u00ea Soldado tamb\u00e9m pode ser usado para regular o fluxo de fluidos em sistemas hidr\u00e1ulicos, melhorando a efici\u00eancia e a confiabilidade dos equipamentos de constru\u00e7\u00e3o em diversas aplica\u00e7\u00f5es.<\/li>\n<\/ul>\n<h3>Sobre a FMP<\/h3>\n<p>A FMP possui mais de 30 anos de experi\u00eancia na produ\u00e7\u00e3o de Cilindros Hidr\u00e1ulicos de alta qualidade, que podem ser personalizados de acordo com suas necessidades. Nossa unidade industrial est\u00e1 localizada na It\u00e1lia e contamos com mais de 100 equipamentos, incluindo m\u00e1quinas autom\u00e1ticas de solda com prote\u00e7\u00e3o a g\u00e1s, mandriladoras de furos profundos, tornos CNC, retificadoras cil\u00edndricas, m\u00e1quinas de limpeza autom\u00e1tica, m\u00e1quinas de instala\u00e7\u00e3o autom\u00e1tica, bancadas de teste de desempenho de cilindros hidr\u00e1ulicos autom\u00e1ticos e linhas de pintura autom\u00e1ticas.<\/p>\n<p>Nossos Cilindros Hidr\u00e1ulicos s\u00e3o fabricados com materiais de alta qualidade e passam por rigorosos processos de processamento e inspe\u00e7\u00e3o para garantir sua alta qualidade. Oferecemos uma ampla gama de cilindros hidr\u00e1ulicos, incluindo Cilindros Hidr\u00e1ulicos com Brinco, Cilindros Hidr\u00e1ulicos Telesc\u00f3picos Autom\u00e1ticos Bidirecionais e muitos outros.<\/p>\n<h4>Vantagens de escolher Cilindros Hidr\u00e1ulicos FMP:<\/h4>\n<ul>\n<li><strong>Servi\u00e7o de Design:<\/strong> Nossa experiente equipe de design pode fornecer servi\u00e7os de design e desenvolvimento de produtos de eixo universal, e podemos ajudar voc\u00ea a desenvolver novos produtos ou melhorar os existentes para atender \u00e0s suas necessidades.<\/li>\n<li><strong>Servi\u00e7o de produto:<\/strong> Nossos produtos passam por um processo rigoroso, incluindo sele\u00e7\u00e3o de mat\u00e9ria-prima, corte, processamento bruto, testes, limpeza, montagem, embalagem e transporte para garantir que entreguemos produtos de alta qualidade aos nossos clientes.<\/li>\n<li><strong>Processo de amostra:<\/strong> Podemos desenvolver amostras de acordo com suas necessidades e modific\u00e1-las constantemente para atend\u00ea-las.<\/li>\n<li><strong>P&amp;D:<\/strong> Acompanhamos as \u00faltimas tend\u00eancias do mercado e as necessidades dos clientes e desenvolvemos novos modelos para atender \u00e0s novas demandas do mercado.<\/li>\n<li><strong>Produtos de alta qualidade:<\/strong> Nossos Cilindros Hidr\u00e1ulicos s\u00e3o feitos de materiais de alta qualidade e passam por rigorosos processamentos e inspe\u00e7\u00f5es para garantir sua boa qualidade, assegurando que atendam \u00e0s suas necessidades e superem suas expectativas.<\/li>\n<\/ul>\n<p>Na FMP, temos o compromisso de fornecer aos nossos clientes Cilindros Hidr\u00e1ulicos de alta qualidade que atendam \u00e0s suas necessidades e superem suas expectativas. Entre em contato conosco hoje mesmo para saber como podemos ajudar.<\/p>\n<p><img decoding=\"async\" src=\"https:\/\/fmp-components.com\/wp-content\/uploads\/2024\/12\/fmp-factory-4.webp\" alt=\"F\u00e1brica de FMP\" width=\"800\" title=\"\"><\/p>\n<h2>Perguntas frequentes<\/h2>\n<p><b>P1: Qual \u00e9 a vida \u00fatil dos cilindros hidr\u00e1ulicos FMP?<\/b><\/p>\n<p>R1: A vida \u00fatil depende do uso e da manuten\u00e7\u00e3o. Com os devidos cuidados, podem durar v\u00e1rios anos.<\/p>\n<p><b>P2: Com que frequ\u00eancia devo trocar o \u00f3leo hidr\u00e1ulico?<\/b><\/p>\n<p>R2: Recomenda-se substituir o \u00f3leo hidr\u00e1ulico a cada 1000 horas de opera\u00e7\u00e3o ou conforme as instru\u00e7\u00f5es do fabricante.<\/p>\n<p><b>Q3: Como posso medir meu cilindro hidr\u00e1ulico?<\/b><\/p>\n<p>R3: Voc\u00ea pode medir o di\u00e2metro do cilindro, o di\u00e2metro da haste e o comprimento do curso para determinar o tamanho.<\/p>\n<p><b>Q4: Que tipo de manuten\u00e7\u00e3o o cilindro hidr\u00e1ulico precisa?<\/b><\/p>\n<p>R4: A limpeza e a lubrifica\u00e7\u00e3o regulares podem ajudar a manter o desempenho e a longevidade do cilindro.<\/p>\n<p><b>Q5: Onde os cilindros hidr\u00e1ulicos FMP s\u00e3o fabricados?<\/b><\/p>\n<p>A5: Nossos cilindros hidr\u00e1ulicos s\u00e3o fabricados em nossas instala\u00e7\u00f5es de \u00faltima gera\u00e7\u00e3o na It\u00e1lia<\/p>\n<p>Autor: CX<\/p>","protected":false},"excerpt":{"rendered":"<p>The 10030 High Quality Tractor Cylinders are engineered for superior performance in agricultural applications, providing reliable and efficient hydraulic action for tractors. This double-acting hydraulic cylinder is designed to enhance the functionality and effectiveness of your farming equipment. Key Features: Double Acting Mechanism: Enables powerful operation in both extension and retraction, allowing for precise control [&hellip;]<\/p>","protected":false},"featured_media":1132,"comment_status":"closed","ping_status":"closed","template":"","meta":{"_et_pb_use_builder":"","_et_pb_old_content":"","_et_gb_content_width":""},"product_brand":[],"product_cat":[31],"product_tag":[34,35],"class_list":{"0":"post-950","1":"product","2":"type-product","3":"status-publish","4":"has-post-thumbnail","6":"product_cat-welded-tee-type-cylinder","7":"product_tag-hydraulic-cylinder","8":"product_tag-welded-tee-type-cylinder","10":"first","11":"instock","12":"product-type-simple"},"_links":{"self":[{"href":"https:\/\/fmp-components.com\/pt\/wp-json\/wp\/v2\/product\/950","targetHints":{"allow":["GET"]}}],"collection":[{"href":"https:\/\/fmp-components.com\/pt\/wp-json\/wp\/v2\/product"}],"about":[{"href":"https:\/\/fmp-components.com\/pt\/wp-json\/wp\/v2\/types\/product"}],"replies":[{"embeddable":true,"href":"https:\/\/fmp-components.com\/pt\/wp-json\/wp\/v2\/comments?post=950"}],"wp:featuredmedia":[{"embeddable":true,"href":"https:\/\/fmp-components.com\/pt\/wp-json\/wp\/v2\/media\/1132"}],"wp:attachment":[{"href":"https:\/\/fmp-components.com\/pt\/wp-json\/wp\/v2\/media?parent=950"}],"wp:term":[{"taxonomy":"product_brand","embeddable":true,"href":"https:\/\/fmp-components.com\/pt\/wp-json\/wp\/v2\/product_brand?post=950"},{"taxonomy":"product_cat","embeddable":true,"href":"https:\/\/fmp-components.com\/pt\/wp-json\/wp\/v2\/product_cat?post=950"},{"taxonomy":"product_tag","embeddable":true,"href":"https:\/\/fmp-components.com\/pt\/wp-json\/wp\/v2\/product_tag?post=950"}],"curies":[{"name":"wp","href":"https:\/\/api.w.org\/{rel}","templated":true}]}}