{"id":949,"date":"2024-12-19T03:39:43","date_gmt":"2024-12-19T03:39:43","guid":{"rendered":"https:\/\/fmp-components.com\/product\/10029-customized-mini-welded-hydraulic-cylinders-for-agricultural-machinery\/"},"modified":"2024-12-19T08:44:05","modified_gmt":"2024-12-19T08:44:05","slug":"10029-customized-mini-welded-hydraulic-cylinders-for-agricultural-machinery","status":"publish","type":"product","link":"https:\/\/fmp-components.com\/pt\/product\/10029-customized-mini-welded-hydraulic-cylinders-for-agricultural-machinery\/","title":{"rendered":"10029 Mini Cilindros Hidr\u00e1ulicos Soldados Personalizados para M\u00e1quinas Agr\u00edcolas"},"content":{"rendered":"<p>Os Mini Cilindros Hidr\u00e1ulicos Soldados Personalizados 10029 s\u00e3o projetados especificamente para m\u00e1quinas agr\u00edcolas, proporcionando uma solu\u00e7\u00e3o compacta e potente para diversas aplica\u00e7\u00f5es agr\u00edcolas. Esses cilindros hidr\u00e1ulicos oferecem desempenho e durabilidade excepcionais, tornando-os ideais para uso em espa\u00e7os apertados e ambientes exigentes.<\/p>\n<h4>Principais caracter\u00edsticas:<\/h4>\n<ul>\n<li><strong>Design personalizado<\/strong>: Adaptado para atender a requisitos espec\u00edficos, garantindo compatibilidade com uma ampla gama de equipamentos agr\u00edcolas.<\/li>\n<li><strong>Tamanho miniatura<\/strong>: O design compacto permite a instala\u00e7\u00e3o em espa\u00e7os limitados sem sacrificar a pot\u00eancia ou o desempenho.<\/li>\n<li><strong>Constru\u00e7\u00e3o soldada<\/strong>: Constru\u00eddo com um design soldado robusto para maior resist\u00eancia e confiabilidade, adequado para uso pesado.<\/li>\n<li><strong>Revestimento resistente \u00e0 corros\u00e3o<\/strong>: Tratado com acabamentos protetores para evitar ferrugem e corros\u00e3o, garantindo longevidade em condi\u00e7\u00f5es externas.<\/li>\n<li><strong>F\u00e1cil integra\u00e7\u00e3o<\/strong>: Projetado para instala\u00e7\u00e3o simples em diversas m\u00e1quinas agr\u00edcolas, facilitando configura\u00e7\u00e3o r\u00e1pida e tempo de inatividade m\u00ednimo.<\/li>\n<\/ul>\n<p><img decoding=\"async\" src=\"https:\/\/hzpt.com\/wp-content\/uploads\/2023\/12\/random-2.webp\" alt=\"\" title=\"\"><\/p>\n<h4>Benef\u00edcios:<\/h4>\n<ul>\n<li><strong>Efici\u00eancia aprimorada<\/strong>: Otimiza o desempenho de m\u00e1quinas agr\u00edcolas, proporcionando a\u00e7\u00e3o hidr\u00e1ulica suave e potente.<\/li>\n<li><strong>Aplica\u00e7\u00f5es Vers\u00e1teis<\/strong>: Ideal para uma variedade de tarefas, incluindo levantar, empurrar e puxar em opera\u00e7\u00f5es agr\u00edcolas.<\/li>\n<li><strong>Manuten\u00e7\u00e3o reduzida<\/strong>: A constru\u00e7\u00e3o dur\u00e1vel minimiza o desgaste, resultando em menores custos de manuten\u00e7\u00e3o ao longo do tempo.<\/li>\n<\/ul>\n<p>Os Mini Cilindros Hidr\u00e1ulicos Soldados Personalizados 10029 s\u00e3o um componente essencial para m\u00e1quinas agr\u00edcolas modernas, proporcionando desempenho e efici\u00eancia confi\u00e1veis \u200b\u200bem um pacote compacto. Seu design robusto e op\u00e7\u00f5es de personaliza\u00e7\u00e3o os tornam um complemento valioso para qualquer opera\u00e7\u00e3o agr\u00edcola.<\/p>\n<p>&nbsp;<\/p>\n<p><img decoding=\"async\" class=\"aligncenter\" src=\"https:\/\/hzpt.com\/wp-content\/uploads\/2023\/12\/random-3.webp\" alt=\"\" title=\"\"><\/p>\n<p><!-- Add 5 Q&A here --><\/p>\n<h2>Vantagens do Cilindro Tipo T Soldado<\/h2>\n<ul>\n<li style=\"list-style-type: none;\">\n<ul>\n<li><strong>For\u00e7a aumentada:<\/strong> Os cilindros do tipo T soldado s\u00e3o conhecidos por sua alta resist\u00eancia, tornando-os adequados para aplica\u00e7\u00f5es que exigem levantamento de peso. O processo de soldagem utilizado durante a fabrica\u00e7\u00e3o desses cilindros garante que eles estejam livres de pontos fracos e possam suportar altas press\u00f5es e tens\u00f5es.<\/li>\n<\/ul>\n<\/li>\n<\/ul>\n<p>Quando a press\u00e3o \u00e9 exercida sobre o cilindro, ela se distribui uniformemente por toda a superf\u00edcie, tornando-o resistente \u00e0 deforma\u00e7\u00e3o. Essa caracter\u00edstica garante que o cilindro mantenha sua forma e integridade estrutural mesmo em condi\u00e7\u00f5es extremas.<\/p>\n<ul>\n<li style=\"list-style-type: none;\">\n<ul>\n<li><strong>Preven\u00e7\u00e3o de vazamentos:<\/strong> Os cilindros do tipo T soldado s\u00e3o projetados para evitar vazamentos. O processo de soldagem utilizado durante a fabrica\u00e7\u00e3o garante que o cilindro fique completamente vedado e livre de poss\u00edveis vazamentos. Essa caracter\u00edstica os torna adequados para uso em aplica\u00e7\u00f5es onde vazamentos podem causar danos ou ferimentos graves.<\/li>\n<\/ul>\n<\/li>\n<\/ul>\n<p>As juntas soldadas s\u00e3o lisas, sem fendas ou ranhuras onde detritos ou sujeira podem se acumular, reduzindo o risco de corros\u00e3o e danos ao cilindro.<\/p>\n<ul>\n<li style=\"list-style-type: none;\">\n<ul>\n<li><strong>Personaliz\u00e1vel:<\/strong> Cilindros do tipo T soldado podem ser personalizados para atender a aplica\u00e7\u00f5es espec\u00edficas. Os cilindros est\u00e3o dispon\u00edveis em diferentes tamanhos e formatos e podem ser fabricados para atender aos requisitos espec\u00edficos da aplica\u00e7\u00e3o.<\/li>\n<\/ul>\n<\/li>\n<\/ul>\n<p>O processo de personaliza\u00e7\u00e3o permite que o cilindro seja otimizado para desempenho, garantindo sua adequa\u00e7\u00e3o \u00e0 aplica\u00e7\u00e3o pretendida. Essa caracter\u00edstica torna os cilindros do tipo T soldado ideais para uso em diversas aplica\u00e7\u00f5es industriais, incluindo constru\u00e7\u00e3o, minera\u00e7\u00e3o e movimenta\u00e7\u00e3o de materiais.<\/p>\n<ul>\n<li style=\"list-style-type: none;\">\n<ul>\n<li><strong>Custo-benef\u00edcio:<\/strong> Cilindros do tipo T soldado s\u00e3o mais econ\u00f4micos em compara\u00e7\u00e3o com outros tipos de cilindros. O processo de fabrica\u00e7\u00e3o usado para fabricar esses cilindros \u00e9 simples, tornando-os mais baratos do que outros tipos de cilindros.<\/li>\n<\/ul>\n<\/li>\n<\/ul>\n<p>Al\u00e9m disso, a alta resist\u00eancia e durabilidade dos cilindros tipo T soldado reduzem a necessidade de reparos e substitui\u00e7\u00f5es frequentes, economizando nos custos de manuten\u00e7\u00e3o. Essa caracter\u00edstica os torna uma escolha popular para muitos setores, especialmente aqueles com or\u00e7amento limitado.<\/p>\n<ul>\n<li style=\"list-style-type: none;\">\n<ul>\n<li><strong>Maior efici\u00eancia:<\/strong> Cilindros do tipo T soldado s\u00e3o altamente eficientes e eficazes. O design do cilindro garante que a for\u00e7a aplicada seja transferida diretamente para a carga, reduzindo a perda de energia e aumentando a efici\u00eancia.<\/li>\n<\/ul>\n<\/li>\n<\/ul>\n<p>As juntas soldadas s\u00e3o fortes e r\u00edgidas, minimizando a deflex\u00e3o e garantindo que o cilindro mantenha sua forma e integridade estrutural mesmo sob condi\u00e7\u00f5es extremas. Essa caracter\u00edstica torna os cilindros do tipo T soldado ideais para uso em aplica\u00e7\u00f5es que exigem alta efici\u00eancia e confiabilidade.<\/p>\n<h2>Aplica\u00e7\u00e3o de Cilindro Tipo T Soldado<\/h2>\n<ul>\n<li>\n<h3>M\u00e1quinas e Equipamentos Industriais<\/h3>\n<p>O cilindro tipo T\u00ea soldado \u00e9 amplamente utilizado em m\u00e1quinas e equipamentos industriais, especialmente em sistemas hidr\u00e1ulicos. O cilindro consiste em um pist\u00e3o e um tubo cil\u00edndrico, soldados entre si para formar uma \u00fanica unidade. Este projeto oferece diversas vantagens em rela\u00e7\u00e3o a outros tipos de cilindros, como maior durabilidade, maior resist\u00eancia e maior precis\u00e3o.<\/p>\n<p>Uma das aplica\u00e7\u00f5es mais importantes do Cilindro T\u00ea Soldado em m\u00e1quinas industriais \u00e9 sua capacidade de fornecer for\u00e7a consistente e precisa. Isso \u00e9 essencial para muitos processos de fabrica\u00e7\u00e3o, onde um controle preciso \u00e9 necess\u00e1rio para garantir a qualidade do produto final. O Cilindro T\u00ea Soldado tamb\u00e9m pode ser usado para regular o fluxo de fluidos em sistemas hidr\u00e1ulicos, permitindo maior efici\u00eancia e confiabilidade em uma variedade de aplica\u00e7\u00f5es industriais.<\/li>\n<li>\n<h3>Equipamentos Agr\u00edcolas<\/h3>\n<p>O Cilindro T\u00ea Soldado tamb\u00e9m \u00e9 comumente utilizado em equipamentos agr\u00edcolas, como tratores e colheitadeiras. Essas m\u00e1quinas exigem sistemas hidr\u00e1ulicos potentes e confi\u00e1veis para operar com efici\u00eancia, e o Cilindro T\u00ea Soldado \u00e9 a escolha ideal para essa finalidade.<\/p>\n<p>A constru\u00e7\u00e3o robusta e a alta resist\u00eancia do cilindro o tornam altamente resistente ao desgaste, mesmo em condi\u00e7\u00f5es operacionais adversas. Isso o torna a escolha ideal para uso em equipamentos agr\u00edcolas, onde a durabilidade \u00e9 um fator crucial. O Cilindro Tipo T Soldado tamb\u00e9m pode ser usado para fornecer o controle preciso necess\u00e1rio para muitos processos agr\u00edcolas, como plantio, colheita e irriga\u00e7\u00e3o.<\/li>\n<li>\n<h3>Equipamentos de constru\u00e7\u00e3o<\/h3>\n<p>O cilindro tipo T\u00ea soldado tamb\u00e9m \u00e9 amplamente utilizado em equipamentos de constru\u00e7\u00e3o, como escavadeiras, retroescavadeiras e tratores de esteira. Essas m\u00e1quinas exigem sistemas hidr\u00e1ulicos potentes e confi\u00e1veis para executar tarefas pesadas, como escavar, levantar e empurrar cargas pesadas.<\/p>\n<p>A alta resist\u00eancia e durabilidade do Cilindro T\u00ea Soldado o tornam a escolha ideal para uso em equipamentos de constru\u00e7\u00e3o. Sua capacidade de fornecer controle preciso e for\u00e7a consistente \u00e9 essencial para diversos processos de constru\u00e7\u00e3o, como escava\u00e7\u00e3o, nivelamento e pavimenta\u00e7\u00e3o. O Cilindro T\u00ea Soldado tamb\u00e9m pode ser usado para regular o fluxo de fluidos em sistemas hidr\u00e1ulicos, melhorando a efici\u00eancia e a confiabilidade dos equipamentos de constru\u00e7\u00e3o em diversas aplica\u00e7\u00f5es.<\/li>\n<\/ul>\n<h3>Sobre a FMP<\/h3>\n<p>A FMP \u00e9 uma fabricante e fornecedora l\u00edder de Cilindros Hidr\u00e1ulicos, com mais de 30 anos de experi\u00eancia no setor. Localizada na It\u00e1lia, nossa \u00e1rea industrial de \u00faltima gera\u00e7\u00e3o abriga mais de 100 equipamentos de \u00faltima gera\u00e7\u00e3o, incluindo m\u00e1quinas autom\u00e1ticas de solda com prote\u00e7\u00e3o a g\u00e1s, m\u00e1quinas de fura\u00e7\u00e3o profunda, tornos CNC, retificadoras cil\u00edndricas, m\u00e1quinas de limpeza autom\u00e1tica, m\u00e1quinas de instala\u00e7\u00e3o autom\u00e1tica, bancadas de teste de desempenho de cilindros hidr\u00e1ulicos autom\u00e1ticos e linhas de pintura autom\u00e1ticas.<\/p>\n<p>Nossos Cilindros Hidr\u00e1ulicos s\u00e3o meticulosamente processados \u200b\u200be inspecionados para garantir qualidade excepcional aos nossos clientes. Oferecemos uma ampla gama de produtos, incluindo Cilindros Hidr\u00e1ulicos com Brinco, Cilindros Hidr\u00e1ulicos Telesc\u00f3picos Autom\u00e1ticos Bidirecionais e muito mais. Aqui est\u00e3o cinco vantagens principais que nos diferenciam:<\/p>\n<p>1) Servi\u00e7o de Design: Nossa experiente equipe de design se destaca no design e desenvolvimento de produtos de eixo universal. Seja para novos produtos ou melhorias em produtos existentes, estamos aqui para apoi\u00e1-lo em cada etapa do processo.<\/p>\n<p>2) Servi\u00e7o de Produto: Nosso servi\u00e7o abrangente de produto abrange todo o processo de produ\u00e7\u00e3o, desde a mat\u00e9ria-prima at\u00e9 o corte, processamento bruto, testes, limpeza, montagem, embalagem e transporte. Com nossa meticulosa aten\u00e7\u00e3o aos detalhes, voc\u00ea pode confiar que nossos produtos atendem aos mais altos padr\u00f5es de qualidade.<\/p>\n<p>3) Processo de Amostragem: Entendemos a import\u00e2ncia de solu\u00e7\u00f5es personalizadas. Nossa equipe pode desenvolver amostras de acordo com suas necessidades espec\u00edficas e modific\u00e1-las continuamente at\u00e9 que atendam perfeitamente \u00e0s suas necessidades. Sua satisfa\u00e7\u00e3o \u00e9 nossa prioridade.<\/p>\n<p>4) P&amp;D: Na FMP, nos mantemos \u00e0 frente das tend\u00eancias do mercado e buscamos constantemente a inova\u00e7\u00e3o. Quando surgem novas demandas do mercado, as estudamos proativamente e desenvolvemos novos modelos para garantir que nossos produtos permane\u00e7am na vanguarda do setor.<\/p>\n<p>5) Personaliza\u00e7\u00e3o: Somos especializados na produ\u00e7\u00e3o e venda de diversos tipos de Cilindros Hidr\u00e1ulicos e aceitamos encomendas personalizadas. Nossa equipe se dedica a adaptar nossos produtos \u00e0s suas necessidades espec\u00edficas, fornecendo solu\u00e7\u00f5es confi\u00e1veis \u200b\u200be dur\u00e1veis.<\/p>\n<p>A parceria com a FMP significa escolher um fornecedor confi\u00e1vel que prioriza qualidade, inova\u00e7\u00e3o e satisfa\u00e7\u00e3o do cliente. Convidamos voc\u00ea a explorar nossa linha de Cilindros Hidr\u00e1ulicos e vivenciar a diferen\u00e7a que nossos produtos e servi\u00e7os podem fazer para o seu neg\u00f3cio.<\/p>\n<p><img decoding=\"async\" src=\"https:\/\/fmp-components.com\/wp-content\/uploads\/2024\/12\/fmp-factory-4.webp\" alt=\"F\u00e1brica de FMP\" width=\"800\" title=\"\"><br \/>\nAutor: CX<\/p>","protected":false},"excerpt":{"rendered":"<p>The 10029 Customized Mini Welded Hydraulic Cylinders are specifically designed for agricultural machinery, providing a compact and powerful solution for various farming applications. These hydraulic cylinders offer exceptional performance and durability, making them ideal for use in tight spaces and demanding environments. Key Features: Customized Design: Tailored to meet specific requirements, ensuring compatibility with a [&hellip;]<\/p>","protected":false},"featured_media":1133,"comment_status":"closed","ping_status":"closed","template":"","meta":{"_et_pb_use_builder":"","_et_pb_old_content":"","_et_gb_content_width":""},"product_brand":[],"product_cat":[31],"product_tag":[34,35],"class_list":{"0":"post-949","1":"product","2":"type-product","3":"status-publish","4":"has-post-thumbnail","6":"product_cat-welded-tee-type-cylinder","7":"product_tag-hydraulic-cylinder","8":"product_tag-welded-tee-type-cylinder","10":"first","11":"instock","12":"product-type-simple"},"_links":{"self":[{"href":"https:\/\/fmp-components.com\/pt\/wp-json\/wp\/v2\/product\/949","targetHints":{"allow":["GET"]}}],"collection":[{"href":"https:\/\/fmp-components.com\/pt\/wp-json\/wp\/v2\/product"}],"about":[{"href":"https:\/\/fmp-components.com\/pt\/wp-json\/wp\/v2\/types\/product"}],"replies":[{"embeddable":true,"href":"https:\/\/fmp-components.com\/pt\/wp-json\/wp\/v2\/comments?post=949"}],"wp:featuredmedia":[{"embeddable":true,"href":"https:\/\/fmp-components.com\/pt\/wp-json\/wp\/v2\/media\/1133"}],"wp:attachment":[{"href":"https:\/\/fmp-components.com\/pt\/wp-json\/wp\/v2\/media?parent=949"}],"wp:term":[{"taxonomy":"product_brand","embeddable":true,"href":"https:\/\/fmp-components.com\/pt\/wp-json\/wp\/v2\/product_brand?post=949"},{"taxonomy":"product_cat","embeddable":true,"href":"https:\/\/fmp-components.com\/pt\/wp-json\/wp\/v2\/product_cat?post=949"},{"taxonomy":"product_tag","embeddable":true,"href":"https:\/\/fmp-components.com\/pt\/wp-json\/wp\/v2\/product_tag?post=949"}],"curies":[{"name":"wp","href":"https:\/\/api.w.org\/{rel}","templated":true}]}}